{"id":8257,"date":"2021-03-23T11:56:59","date_gmt":"2021-03-23T11:56:59","guid":{"rendered":"https:\/\/www.naturesgiftforlife.com\/?post_type=product&#038;p=8257"},"modified":"2023-08-23T16:22:40","modified_gmt":"2023-08-23T16:22:40","slug":"super-anti-aging-plus","status":"publish","type":"product","link":"https:\/\/www.naturesgiftforlife.com\/fr\/shop\/super-anti-aging-plus\/","title":{"rendered":"Super Anti-\u00e2ge Plus"},"content":{"rendered":"<div data-elementor-type=\"wp-post\" data-elementor-id=\"8257\" class=\"elementor elementor-8257\">\n\t\t\t\t\t\t<section class=\"elementor-section elementor-top-section elementor-element elementor-element-de5142e elementor-section-boxed elementor-section-height-default elementor-section-height-default\" data-id=\"de5142e\" data-element_type=\"section\" data-e-type=\"section\">\n\t\t\t\t\t\t<div class=\"elementor-container elementor-column-gap-default\">\n\t\t\t\t\t<div class=\"elementor-column elementor-col-100 elementor-top-column elementor-element elementor-element-a2faf67\" data-id=\"a2faf67\" data-element_type=\"column\" data-e-type=\"column\">\n\t\t\t<div class=\"elementor-widget-wrap elementor-element-populated\">\n\t\t\t\t\t\t<div class=\"elementor-element elementor-element-5529e2b elementor-widget elementor-widget-html\" data-id=\"5529e2b\" data-element_type=\"widget\" data-e-type=\"widget\" data-widget_type=\"html.default\">\n\t\t\t\t<div class=\"elementor-widget-container\">\n\t\t\t\t\t<a name=\"more\"><\/a>\t\t\t\t<\/div>\n\t\t\t\t<\/div>\n\t\t\t\t<div class=\"elementor-element elementor-element-fb4c6e4 elementor-invisible elementor-widget elementor-widget-toggle\" data-id=\"fb4c6e4\" data-element_type=\"widget\" data-e-type=\"widget\" data-settings=\"{&quot;_animation&quot;:&quot;flash&quot;}\" data-widget_type=\"toggle.default\">\n\t\t\t\t<div class=\"elementor-widget-container\">\n\t\t\t\t\t\t\t<div class=\"elementor-toggle\">\n\t\t\t\t\t\t\t<div class=\"elementor-toggle-item\">\n\t\t\t\t\t<div id=\"elementor-tab-title-2631\" class=\"elementor-tab-title\" data-tab=\"1\" role=\"button\" aria-controls=\"elementor-tab-content-2631\" aria-expanded=\"false\">\n\t\t\t\t\t\t\t\t\t\t\t\t<span class=\"elementor-toggle-icon elementor-toggle-icon-left\" aria-hidden=\"true\">\n\t\t\t\t\t\t\t\t\t\t\t\t\t\t\t<span class=\"elementor-toggle-icon-closed\"><i class=\"far fa-caret-square-right\"><\/i><\/span>\n\t\t\t\t\t\t\t\t<span class=\"elementor-toggle-icon-opened\"><i class=\"elementor-toggle-icon-opened fas fa-caret-square-up\"><\/i><\/span>\n\t\t\t\t\t\t\t\t\t\t\t\t\t<\/span>\n\t\t\t\t\t\t\t\t\t\t\t\t<a class=\"elementor-toggle-title\" tabindex=\"0\">Description d\u00e9taill\u00e9e du produit \/ Faits suppl\u00e9mentaires<\/a>\n\t\t\t\t\t<\/div>\n\n\t\t\t\t\t<div id=\"elementor-tab-content-2631\" class=\"elementor-tab-content elementor-clearfix\" data-tab=\"1\" role=\"region\" aria-labelledby=\"elementor-tab-title-2631\"><p><span style=\"color: #000000;\"><strong>Avantages Super Anti-\u00c2ge Plus\u00a0: <\/strong><\/span><\/p><ul><li><span style=\"color: #000000;\">Super anti-aging plus aide \u00e0 renforcer et \u00e0 r\u00e9parer le tissu conjonctif et offre d&#039;excellents bienfaits anti-inflammatoires.<\/span><\/li><li><span style=\"color: #000000;\">Super anti-aging plus aide \u00e0 neutraliser trois types de radicaux libres.<\/span><\/li><li><span style=\"color: #000000;\">Super anti-\u00e2ge plus prot\u00e8ge votre c\u0153ur et votre syst\u00e8me cardiovasculaire.<\/span><\/li><li><span style=\"color: #000000;\">Super anti vieillissement plus aide \u00e0 pr\u00e9venir certains types de pathologies.<\/span><\/li><li><span style=\"color: #000000;\">Super anti-vieillissement et renversement des d\u00e9clins physiques et mentaux li\u00e9s \u00e0 l&#039;\u00e2ge.<\/span><\/li><li><span style=\"color: #000000;\">Super anti-\u00e2ge plus peut booster <a href=\"https:\/\/www.naturesgiftforlife.com\/fr\/shop\/hypertension-tea\/\">immunitaire<\/a> r\u00e9ponse.<\/span><\/li><li><span style=\"color: #000000;\">Super anti-\u00e2ge plus peut aider \u00e0 pr\u00e9venir les caillots sanguins.<\/span><\/li><li><span style=\"color: #000000;\">Super anti-vieillissement plus peut favoriser des yeux sains.<\/span><\/li><li><span style=\"color: #000000;\">Super anti-vieillissement plus peut favoriser une peau saine.<\/span><\/li><li><span style=\"color: #000000;\">Super anti-\u00e2ge plus mai <a href=\"https:\/\/www.naturesgiftforlife.com\/fr\/elementor-11047\/\">d\u00e9sintoxiquer<\/a> canc\u00e9rig\u00e8nes potentiels tels que les toxines environnementales.<\/span><\/li><\/ul><p style=\"text-align: center;\"><a class=\"buy\" href=\"#buy\"><strong>ALLER ACHETER MAINTENANT<\/strong><\/a><\/p><p><span style=\"color: #000000;\"><strong>Qui devrait prendre des antioxydants<\/strong>?<\/span><\/p><p><span style=\"color: #000000;\">Toutes les personnes! Les modes de vie que nous menons, les toxines auxquelles nous sommes expos\u00e9s et les types de r\u00e9gimes que nous mangeons exigent absolument que nous nous prot\u00e9gions en utilisant tous les outils dont nous disposons.<\/span><\/p><p><span style=\"color: #000000;\">L&#039;une des populations les plus \u00e0 risque sont les personnes \u00e2g\u00e9es, principalement parce qu&#039;elles ont r\u00e9duit leur apport alimentaire, sont des consommateurs fr\u00e9quents d&#039;aspirine et de drogues, sont parfois de gros buveurs, des fumeurs et peuvent avoir un syst\u00e8me immunitaire affaibli. Comment pouvons-nous aider \u00e0 pr\u00e9venir les probl\u00e8mes de sant\u00e9 li\u00e9s \u00e0 l&#039;\u00e2ge? Le plus t\u00f4t <a href=\"https:\/\/www.rmbibow.com\/\" target=\"_blank\" rel=\"noopener\">sympt\u00f4mes<\/a> de chaque maladie surviendra g\u00e9n\u00e9ralement de nombreuses ann\u00e9es avant que la pathologie r\u00e9elle ne soit diagnostiqu\u00e9e. Les maladies cardiovasculaires, par exemple, mettent de nombreuses ann\u00e9es \u00e0 se d\u00e9velopper au point de bloquer les art\u00e8res. Ainsi, la prise de NG4L Super Anti Aging Plus ne profiterait qu&#039;\u00e0 ce groupe et \u00e0 d&#039;autres \u00e0 long terme, surtout si elle est prise en conjonction avec une alimentation saine. <\/span><\/p><p><span style=\"color: #000000;\">Lorsque vous prenez des suppl\u00e9ments comme NG4L Super Anti Aging Plus avec des aliments, cela ne fait que rendre le repas plus nutritif et aide \u00e0 nourrir chaque cellule du corps et \u00e0 prot\u00e9ger contre les dommages. Au niveau cellulaire, les antioxydants servent \u00e0 d\u00e9sactiver certaines mol\u00e9cules appel\u00e9es radicaux libres qui peuvent causer ces dommages. Les radicaux libres sont les sous-produits naturels de nombreux processus corporels \u00e0 l&#039;int\u00e9rieur et entre les cellules. Chez l&#039;homme, les radicaux libres peuvent \u00eatre trouv\u00e9s sous diff\u00e9rentes formes, mais la mol\u00e9cule d&#039;oxyg\u00e8ne instable peut \u00eatre l&#039;un des plus gros fournisseurs. La mol\u00e9cule d&#039;oxyg\u00e8ne veut \u00eatre oxyd\u00e9e, et ce processus d&#039;oxydation s&#039;il est accablant peut parfois finir par \u00eatre canc\u00e9rig\u00e8ne. Les radicaux libres sont \u00e9galement cr\u00e9\u00e9s par l&#039;exposition \u00e0 divers facteurs environnementaux, \u00e0 la fum\u00e9e de tabac, aux radiations et aux produits chimiques.<\/span><\/p><p style=\"text-align: center;\"><span style=\"color: #000000;\"><strong> <a class=\"buy\" href=\"#buy\">ALLER ACHETER MAINTENANT<\/a><\/strong><\/span><span style=\"color: #000000;\"><strong>\u00a0<\/strong><\/span><\/p><p><span style=\"color: #000000;\">La prise de Super Super anti-\u00e2ge plus peut aider \u00e0 pr\u00e9venir des pathologies telles que les maladies cardiovasculaires ; la prise de suppl\u00e9ments antioxydants peut emp\u00eacher le d\u00e9veloppement de blocages art\u00e9riels caus\u00e9s par l&#039;oxydation du cholest\u00e9rol. Et prendre un m\u00e9lange sp\u00e9cial d&#039;antioxydants qui sont connus collectivement pour avoir un effet positif sur le corps, ne peut qu&#039;agir en votre faveur au fil du temps. <\/span><\/p><p><span style=\"color: #000000;\">Research has suggested that diets high in the major antioxidants such as carotenoids (the orange pigment in carrots, also a precursor to vitamin A), and vitamin C along with synergistic nutrients like zinc, copper, manganese and selenium assists the body\u2019s ability to stay healthy and fight the ravages of time! Taking extra vitamin C has been found to prevent the formation of N-nitroso amine compounds, which are cancer-causing substances that are derived from nitrates and nitrites found in preserved meats and in some drinking water. Together as a group antioxidants are thought to be effective in helping to prevent cancer, heart disease, stroke and a number of a hundred different pathologies. So what are you waiting for, if you start now our Super Antioxidant may help to protect you for years to come!<\/span><\/p><table><tbody><tr><td colspan=\"3\" width=\"638\"><p><strong>Faits sur les suppl\u00e9ments<\/strong><\/p><\/td><\/tr><tr><td colspan=\"3\" width=\"638\"><p><strong>Portion<\/strong>: Une (1) CAPSULE<\/p><\/td><\/tr><tr><td width=\"347\"><p><strong>\u00a0<\/strong><\/p><\/td><td width=\"142\"><p><strong>Quantit\u00e9 par portion<\/strong><\/p><\/td><td width=\"149\"><p><strong>Valeur quotidienne %<\/strong><\/p><\/td><\/tr><tr><td width=\"347\"><p>Vitamine A (sous forme de b\u00eata-carot\u00e8ne)<\/p><\/td><td width=\"142\"><p>3 UI<\/p><\/td><td width=\"149\"><p>&lt;1%<\/p><\/td><\/tr><tr><td width=\"347\"><p>Vitamine C (sous forme d&#039;acide ascorbique)<\/p><\/td><td width=\"142\"><p>263 mg<\/p><\/td><td width=\"149\"><p>438%<\/p><\/td><\/tr><tr><td width=\"347\"><p>Vitamine E (sous forme d&#039;ac\u00e9tate de dl-alpha tocoph\u00e9ryle)<\/p><\/td><td width=\"142\"><p>400 UI<\/p><\/td><td width=\"149\"><p>1333%<\/p><\/td><\/tr><tr><td width=\"347\"><p>Zinc (sous forme d&#039;oxyde de zinc)<\/p><\/td><td width=\"142\"><p>1,7 mg<\/p><\/td><td width=\"149\"><p>50%<\/p><\/td><\/tr><tr><td width=\"347\"><p>S\u00e9l\u00e9nium (sous forme de s\u00e9l\u00e9nite de sodium)<\/p><\/td><td width=\"142\"><p>15. mcg<\/p><\/td><td width=\"149\"><p>21%<\/p><\/td><\/tr><tr><td width=\"347\"><p>Cuivre (sous forme de ch\u00e9late de cuivre)<\/p><\/td><td width=\"142\"><p>1 mg<\/p><\/td><td width=\"149\"><p>50%<\/p><\/td><\/tr><tr><td width=\"347\"><p>Mangan\u00e8se (sous forme de gluconate de mangan\u00e8se)<\/p><\/td><td width=\"142\"><p>2,5 mg<\/p><\/td><td width=\"149\"><p>125%<\/p><\/td><\/tr><tr><td colspan=\"3\" width=\"638\"><p><strong>Autres ingr\u00e9dients:<\/strong> G\u00e9latine, silice, st\u00e9arate de magn\u00e9sium, phosphate dicalcique<\/p><\/td><\/tr><\/tbody><\/table><p><span style=\"color: #000000;\">Mode d&#039;emploi : Adultes, prendre une (1) capsule par jour comme compl\u00e9ment alimentaire<\/span><\/p><\/div>\n\t\t\t\t<\/div>\n\t\t\t\t\t\t\t<div class=\"elementor-toggle-item\">\n\t\t\t\t\t<div id=\"elementor-tab-title-2632\" class=\"elementor-tab-title\" data-tab=\"2\" role=\"button\" aria-controls=\"elementor-tab-content-2632\" aria-expanded=\"false\">\n\t\t\t\t\t\t\t\t\t\t\t\t<span class=\"elementor-toggle-icon elementor-toggle-icon-left\" aria-hidden=\"true\">\n\t\t\t\t\t\t\t\t\t\t\t\t\t\t\t<span class=\"elementor-toggle-icon-closed\"><i class=\"far fa-caret-square-right\"><\/i><\/span>\n\t\t\t\t\t\t\t\t<span class=\"elementor-toggle-icon-opened\"><i class=\"elementor-toggle-icon-opened fas fa-caret-square-up\"><\/i><\/span>\n\t\t\t\t\t\t\t\t\t\t\t\t\t<\/span>\n\t\t\t\t\t\t\t\t\t\t\t\t<a class=\"elementor-toggle-title\" tabindex=\"0\">..<\/a>\n\t\t\t\t\t<\/div>\n\n\t\t\t\t\t<div id=\"elementor-tab-content-2632\" class=\"elementor-tab-content elementor-clearfix\" data-tab=\"2\" role=\"region\" aria-labelledby=\"elementor-tab-title-2632\"><\/div>\n\t\t\t\t<\/div>\n\t\t\t\t\t\t\t\t<\/div>\n\t\t\t\t\t\t<\/div>\n\t\t\t\t<\/div>\n\t\t\t\t\t<\/div>\n\t\t<\/div>\n\t\t\t\t\t<\/div>\n\t\t<\/section>\n\t\t\t\t<\/div>","protected":false},"excerpt":{"rendered":"<p><strong><span style=\"font-family: go;\"><a name=\"buy\"><\/a><\/span><\/strong><\/p>\n<ul>\n<li><strong><span style=\"font-family: go;\">Ils aident \u00e0 renforcer et \u00e0 r\u00e9parer le tissu conjonctif et offrent d&#039;excellents avantages anti-inflammatoires.<\/span><\/strong><\/li>\n<li><strong><span style=\"font-family: go;\">Ils aident \u00e0 neutraliser trois types de radicaux libres.<\/span><\/strong><\/li>\n<li><strong><span style=\"font-family: go;\">Ils prot\u00e8gent votre c\u0153ur et votre syst\u00e8me cardiovasculaire.<\/span><\/strong><\/li>\n<li><strong><span style=\"font-family: go;\">Ils aident \u00e0 pr\u00e9venir certains types de pathologies.<\/span><\/strong><\/li>\n<li><strong><span style=\"font-family: go;\">Ils inversent les d\u00e9clins physiques et mentaux li\u00e9s \u00e0 l&#039;\u00e2ge.<\/span><\/strong><\/li>\n<\/ul>\n<p><strong>\u00a0\u00a0\u00a0\u00a0\u00a0 &gt;&gt;&gt;<span style=\"font-family: go; font-size: 14pt;\"><a href=\"#more\"><span style=\"color: #0000ff;\">Lire la suite<\/span><\/a><\/span><\/strong><\/p>","protected":false},"featured_media":8453,"comment_status":"open","ping_status":"closed","template":"","meta":{"nf_dc_page":"","_bbp_topic_count":0,"_bbp_reply_count":0,"_bbp_total_topic_count":0,"_bbp_total_reply_count":0,"_bbp_voice_count":0,"_bbp_anonymous_reply_count":0,"_bbp_topic_count_hidden":0,"_bbp_reply_count_hidden":0,"_bbp_forum_subforum_count":0},"product_brand":[],"product_cat":[33,22],"product_tag":[],"class_list":{"0":"post-8257","1":"product","2":"type-product","3":"status-publish","4":"has-post-thumbnail","6":"product_cat-all-products","7":"product_cat-anti-oxidants","9":"first","10":"instock","11":"featured","12":"shipping-taxable","13":"purchasable","14":"product-type-simple"},"bundled_by":[],"bundle_stock_status":"instock","bundle_stock_quantity":1,"bundle_virtual":false,"bundle_layout":"","bundle_add_to_cart_form_location":"","bundle_editable_in_cart":false,"bundle_sold_individually_context":"","bundle_item_grouping":"","bundle_min_size":"","bundle_max_size":"","bundled_items":[],"bundle_sell_ids":[],"_links":{"self":[{"href":"https:\/\/www.naturesgiftforlife.com\/fr\/wp-json\/wp\/v2\/product\/8257","targetHints":{"allow":["GET"]}}],"collection":[{"href":"https:\/\/www.naturesgiftforlife.com\/fr\/wp-json\/wp\/v2\/product"}],"about":[{"href":"https:\/\/www.naturesgiftforlife.com\/fr\/wp-json\/wp\/v2\/types\/product"}],"replies":[{"embeddable":true,"href":"https:\/\/www.naturesgiftforlife.com\/fr\/wp-json\/wp\/v2\/comments?post=8257"}],"version-history":[{"count":0,"href":"https:\/\/www.naturesgiftforlife.com\/fr\/wp-json\/wp\/v2\/product\/8257\/revisions"}],"wp:featuredmedia":[{"embeddable":true,"href":"https:\/\/www.naturesgiftforlife.com\/fr\/wp-json\/wp\/v2\/media\/8453"}],"wp:attachment":[{"href":"https:\/\/www.naturesgiftforlife.com\/fr\/wp-json\/wp\/v2\/media?parent=8257"}],"wp:term":[{"taxonomy":"product_brand","embeddable":true,"href":"https:\/\/www.naturesgiftforlife.com\/fr\/wp-json\/wp\/v2\/product_brand?post=8257"},{"taxonomy":"product_cat","embeddable":true,"href":"https:\/\/www.naturesgiftforlife.com\/fr\/wp-json\/wp\/v2\/product_cat?post=8257"},{"taxonomy":"product_tag","embeddable":true,"href":"https:\/\/www.naturesgiftforlife.com\/fr\/wp-json\/wp\/v2\/product_tag?post=8257"}],"curies":[{"name":"wp","href":"https:\/\/api.w.org\/{rel}","templated":true}]}}