{"id":8240,"date":"2021-03-23T09:12:05","date_gmt":"2021-03-23T09:12:05","guid":{"rendered":"https:\/\/www.naturesgiftforlife.com\/?post_type=product&#038;p=8240"},"modified":"2023-08-23T16:25:07","modified_gmt":"2023-08-23T16:25:07","slug":"ultra-colon-flush","status":"publish","type":"product","link":"https:\/\/www.naturesgiftforlife.com\/fr\/shop\/ultra-colon-flush\/","title":{"rendered":"Ultra Colon Flush"},"content":{"rendered":"<div data-elementor-type=\"wp-post\" data-elementor-id=\"8240\" class=\"elementor elementor-8240\">\n\t\t\t\t\t\t<section class=\"elementor-section elementor-top-section elementor-element elementor-element-e9d4109 elementor-section-boxed elementor-section-height-default elementor-section-height-default\" data-id=\"e9d4109\" data-element_type=\"section\" data-e-type=\"section\">\n\t\t\t\t\t\t<div class=\"elementor-container elementor-column-gap-default\">\n\t\t\t\t\t<div class=\"elementor-column elementor-col-100 elementor-top-column elementor-element elementor-element-54bbe13\" data-id=\"54bbe13\" data-element_type=\"column\" data-e-type=\"column\">\n\t\t\t<div class=\"elementor-widget-wrap elementor-element-populated\">\n\t\t\t\t\t\t<div class=\"elementor-element elementor-element-b380da8 elementor-widget elementor-widget-html\" data-id=\"b380da8\" data-element_type=\"widget\" data-e-type=\"widget\" data-widget_type=\"html.default\">\n\t\t\t\t<div class=\"elementor-widget-container\">\n\t\t\t\t\t<a name=\"more\"><\/a>\t\t\t\t<\/div>\n\t\t\t\t<\/div>\n\t\t\t\t<div class=\"elementor-element elementor-element-38860dc elementor-invisible elementor-widget elementor-widget-toggle\" data-id=\"38860dc\" data-element_type=\"widget\" data-e-type=\"widget\" data-settings=\"{&quot;_animation&quot;:&quot;flash&quot;}\" data-widget_type=\"toggle.default\">\n\t\t\t\t<div class=\"elementor-widget-container\">\n\t\t\t\t\t\t\t<div class=\"elementor-toggle\">\n\t\t\t\t\t\t\t<div class=\"elementor-toggle-item\">\n\t\t\t\t\t<div id=\"elementor-tab-title-5921\" class=\"elementor-tab-title\" data-tab=\"1\" role=\"button\" aria-controls=\"elementor-tab-content-5921\" aria-expanded=\"false\">\n\t\t\t\t\t\t\t\t\t\t\t\t<span class=\"elementor-toggle-icon elementor-toggle-icon-left\" aria-hidden=\"true\">\n\t\t\t\t\t\t\t\t\t\t\t\t\t\t\t<span class=\"elementor-toggle-icon-closed\"><i class=\"far fa-caret-square-right\"><\/i><\/span>\n\t\t\t\t\t\t\t\t<span class=\"elementor-toggle-icon-opened\"><i class=\"elementor-toggle-icon-opened fas fa-caret-square-up\"><\/i><\/span>\n\t\t\t\t\t\t\t\t\t\t\t\t\t<\/span>\n\t\t\t\t\t\t\t\t\t\t\t\t<a class=\"elementor-toggle-title\" tabindex=\"0\">Description d\u00e9taill\u00e9e du produit \/ faits sur les suppl\u00e9ments<\/a>\n\t\t\t\t\t<\/div>\n\n\t\t\t\t\t<div id=\"elementor-tab-content-5921\" class=\"elementor-tab-content elementor-clearfix\" data-tab=\"1\" role=\"region\" aria-labelledby=\"elementor-tab-title-5921\"><p style=\"text-align: center;\"><span style=\"color: #000000;\"><strong><em>Sentez-vous l\u00e9ger et mieux \u00e0 l&#039;int\u00e9rieur<\/em><\/strong><\/span><\/p><p><span style=\"color: #000000;\"><strong>Avantages <\/strong><\/span><\/p><ul><li><span style=\"color: #000000;\">Prot\u00e8ge contre le syndrome m\u00e9tabolique et r\u00e9duit la quantit\u00e9 de cholest\u00e9rol absorb\u00e9e par l&#039;intestin<\/span><\/li><li><span style=\"color: #000000;\">R\u00e9gule la s\u00e9cr\u00e9tion d&#039;hormones pancr\u00e9atiques qui r\u00e9gulent la glyc\u00e9mie, l&#039;insuline et le glucagon, stimulant les m\u00e9canismes pour r\u00e9parer la paroi intestinale<\/span><\/li><li><span style=\"color: #000000;\">Il est riche en compos\u00e9s phytochimiques appel\u00e9s anthraquinones qui r\u00e9agissent avec les bact\u00e9ries dans les intestins pour stimuler les intestins. Il provoque des contractions musculaires dans les intestins, ce qui permet aux selles de se d\u00e9placer plus facilement dans les intestins pour d\u00e9clencher l&#039;apparition d&#039;une selle<\/span><\/li><li><span style=\"color: #000000;\">Rend le m\u00e9tabolisme plus efficace<\/span><\/li><li><span style=\"color: #000000;\">Il rince le tube digestif tout en gardant et en r\u00e9tablissant la normale intacte<\/span><\/li><li><span style=\"color: #000000;\">Favorise les r\u00e9gularit\u00e9s et pr\u00e9vient la constipation<\/span><\/li><li><span style=\"color: #000000;\">Aide \u00e0 construire les niveaux d&#039;\u00e9nergie du corps<\/span><\/li><li><span style=\"color: #000000;\">Diminue le risque de cancer du c\u00f4lon et augmente la fertilit\u00e9<\/span><\/li><li><span style=\"color: #000000;\">Renforce le syst\u00e8me immunitaire<\/span><\/li><li><span style=\"color: #000000;\">Donne au corps son vrai teint<\/span><\/li><li><span style=\"color: #000000;\">Aide \u00e0 ombrager l&#039;exc\u00e8s de poids.<\/span><\/li><\/ul><p>\u00a0<\/p><p style=\"text-align: center;\"><a class=\"buy\" href=\"#buy\"><strong>ALLER ACHETER MAINTENANT<\/strong><\/a><\/p><p><span style=\"color: #000000;\">Having a healthy digestive tract is important for overall health and well-being. But with today&#8217;s choice of processed foods and stress, it can be hard to take the time to eat a healthy and balanced diet which often leaves the colon accumulating waste; When there is too much waste in the colon the toxins that needs to be eliminated most at times gets absorbed back into the system. Cumulated waste in the colon is equally a perfect breathing ground for bad bacterial, yeast, viruses or fungi. The food that gets blocked in the colon are acid forming often from protein diets that lack enough fiber and after a while this becomes one of our major health concerns.<\/span><\/p><p><span style=\"color: #000000;\"><strong>LA DESCRIPTION <\/strong><\/span><\/p><p><span style=\"color: #000000;\">Ng4l Ultra Colon Flush contient des ingr\u00e9dients digestibles sp\u00e9ciaux tels que Cascara sagrada, Crampbark Senna, Fenouil, Bayberry, Marshmallow et d&#039;autres qui agissent ensemble pour \u00e9liminer les d\u00e9chets, am\u00e9liorer la digestion, soulager l&#039;inflammation dans le tube digestif et fournir une meilleure absorption des nutriments sans effets secondaires ind\u00e9sirables. , car tous ses ingr\u00e9dients sont \u00e0 base naturelle. Ng4l ultra colon flush donne \u00e0 votre syst\u00e8me digestif un nettoyage rapide et puissant qui aide \u00e0 \u00e9liminer les mati\u00e8res nocives qui peuvent obstruer votre tube digestif et vous faire sentir fatigu\u00e9 et paresseux. Le r\u00e9sultat est un regain d&#039;\u00e9nergie, une d\u00e9toxification et une sensation mille fois meilleure que vous ne le faites actuellement.<\/span><\/p><p style=\"text-align: center;\"><a class=\"buy\" href=\"#buy\"><strong>ALLER ACHETER MAINTENANT<\/strong><\/a><\/p><p><span style=\"color: #000000;\"><strong>PR\u00c9SENTATION<\/strong>: Flacon de 90 g\u00e9lules<\/span><\/p><table width=\"604\"><tbody><tr><td colspan=\"3\" width=\"604\"><p><span style=\"color: #000000;\"><strong>Serving size 2\u00a0\u00a0\u00a0\u00a0\u00a0 serving per container 45<\/strong><\/span><\/p><\/td><\/tr><tr><td width=\"302\"><p><span style=\"color: #000000;\"><strong>Ingr\u00e9dient<\/strong><\/span><\/p><\/td><td width=\"161\"><p><span style=\"color: #000000;\"><strong>Quantit\u00e9 par portion<\/strong><\/span><\/p><\/td><td width=\"141\"><p><span style=\"color: #000000;\"><strong>Valeur quotidienne<\/strong><\/span><\/p><\/td><\/tr><tr><td width=\"302\"><p><span style=\"color: #000000;\">Cascara sagrada (Rhamus purshiana) (\u00e9corce)<\/span><\/p><\/td><td width=\"161\"><p><span style=\"color: #000000;\">250 mg<\/span><\/p><\/td><td width=\"141\"><p><span style=\"color: #000000;\">*<\/span><\/p><\/td><\/tr><tr><td width=\"302\"><p><span style=\"color: #000000;\">Crampbark (Virburnum opulus) (\u00e9corce)<\/span><\/p><\/td><td width=\"161\"><p><span style=\"color: #000000;\">200 mg<\/span><\/p><\/td><td width=\"141\"><p><span style=\"color: #000000;\">*<\/span><\/p><\/td><\/tr><tr><td width=\"302\"><p><span style=\"color: #000000;\">S\u00e9n\u00e9 (Cassia acutifolia) (feuille)<\/span><\/p><\/td><td width=\"161\"><p><span style=\"color: #000000;\">200 mg<\/span><\/p><\/td><td width=\"141\"><p><span style=\"color: #000000;\">*<\/span><\/p><\/td><\/tr><tr><td width=\"302\"><p><span style=\"color: #000000;\">Fenouil (Foeniculum vulgare) (graine)<\/span><\/p><\/td><td width=\"161\"><p><span style=\"color: #000000;\">100 mg<\/span><\/p><\/td><td width=\"141\"><p><span style=\"color: #000000;\">*<\/span><\/p><\/td><\/tr><tr><td width=\"302\"><p><span style=\"color: #000000;\">Bayberry (Myrica cerifera) (\u00e9corce)<\/span><\/p><\/td><td width=\"161\"><p><span style=\"color: #000000;\">100 mg<\/span><\/p><\/td><td width=\"141\"><p><span style=\"color: #000000;\">*<\/span><\/p><\/td><\/tr><tr><td width=\"302\"><p><span style=\"color: #000000;\">Guimauve (Althea officinalis) (racine)<\/span><\/p><\/td><td width=\"161\"><p><span style=\"color: #000000;\">50 mg<\/span><\/p><\/td><td width=\"141\"><p>\u00a0<\/p><\/td><\/tr><tr><td colspan=\"3\" width=\"604\"><p><span style=\"color: #000000;\"><strong>Autres ingr\u00e9dients<\/strong>: maltodextrine, g\u00e9latine, dioxyde de silicium et st\u00e9arate de magn\u00e9sium.<\/span><\/p><\/td><\/tr><\/tbody><\/table><p style=\"text-align: center;\"><span style=\"color: #000000;\"><strong> <a class=\"buy\" href=\"#buy\">ALLER ACHETER MAINTENANT<\/a><\/strong><\/span><\/p><p><span style=\"color: #000000;\"><strong>AVANTAGES <\/strong><\/span><\/p><p><span style=\"color: #000000;\"><strong>Laxatif \/ Constipation <\/strong><\/span><\/p><p><span style=\"color: #000000;\">Ses ingr\u00e9dients ont des effets laxatifs riches en compos\u00e9s phytochimiques appel\u00e9s anthraquinones qui r\u00e9agissent avec les bact\u00e9ries dans les intestins pour stimuler les intestins. Il provoque des contractions musculaires dans les intestins, ce qui permet aux selles de se d\u00e9placer plus facilement dans les intestins pour d\u00e9clencher l&#039;apparition d&#039;une selle. Les anthraquinones inhibent \u00e9galement la r\u00e9absorption des \u00e9lectrolytes et de l&#039;eau du c\u00f4lon, produisant une selle plus douce et plus rapide. Il est important de boire beaucoup d&#039;eau pour rester hydrat\u00e9 pendant l&#039;utilisation de ce produit.<\/span><\/p><p><span style=\"color: #000000;\"><strong>Sant\u00e9 digestive<\/strong><\/span><\/p><p><span style=\"color: #000000;\">La Cascara Sagrada et l&#039;ingr\u00e9dient actif de l&#039;ultra colon flush est class\u00e9e comme \u00abherbe am\u00e8re\u00bb et tonique pour le syst\u00e8me digestif. Les amers aux herbes provoquent le \u00abr\u00e9flexe amer\u00bb qui d\u00e9clenche une cascade d&#039;actions dans le corps pour pr\u00e9parer le syst\u00e8me digestif \u00e0 la nourriture.<\/span><\/p><p><span style=\"color: #000000;\"><strong>Antiparasitaire \/ Antimicrobien<\/strong><\/span><\/p><p><span style=\"color: #000000;\">Ng4l ultra colon flush a des propri\u00e9t\u00e9s antifongiques et antimicrobiennes, qui favorise l&#039;\u00e9limination des parasites; cependant il s&#039;est \u00e9galement av\u00e9r\u00e9 efficace contre une gamme de mauvaises bact\u00e9ries comprenant ; Helicobacter pylori, E coli et plusieurs souches de Staphylococcus aureus. Il a \u00e9galement d\u00e9montr\u00e9 une action antifongique contre Candida.<\/span><\/p><p><span style=\"color: #000000;\"><strong>D\u00e9sintoxication<\/strong><\/span><\/p><p><span style=\"color: #000000;\">Comme Ng4l ultra colon flush aide \u00e0 nettoyer le c\u00f4lon des toxines et des d\u00e9chets nocifs, son composant mucilagineux agit comme un agent gonflant qui nettoie les intestins. Les composants actifs de Cascara Sagrada, Crampbark, Senna, Bayberry et fenouil stimulent la muqueuse intestinale et soulagent un c\u00f4lon paresseux. Ces ingr\u00e9dients sont essentiels pour un programme efficace de nettoyage du c\u00f4lon.<\/span><\/p><p><span style=\"color: #000000;\"><strong>INDICATION <\/strong><\/span><\/p><p><span style=\"color: #000000;\"><a style=\"color: #000000;\" href=\"https:\/\/medlineplus.gov\/irritablebowelsyndrome.html\" target=\"_blank\" rel=\"noopener\">Syndrome de l&#039;intestin irritable<\/a>, <a style=\"color: #000000;\" href=\"https:\/\/medlineplus.gov\/diverticulosisanddiverticulitis.html\" target=\"_blank\" rel=\"noopener\">Diverticulite<\/a>, <a style=\"color: #000000;\" href=\"https:\/\/medlineplus.gov\/ulcerativecolitis.html\" target=\"_blank\" rel=\"noopener\">Rectocolite h\u00e9morragique<\/a>, <a style=\"color: #000000;\" href=\"https:\/\/medlineplus.gov\/colonicpolyps.html\" target=\"_blank\" rel=\"noopener\">Polypes coliques<\/a>, p\u00e9rianal, abc\u00e8s, constipation, maladie de Crohn, intestins douloureux et enfl\u00e9s, alcoolisme, allergies, arthrite, mauvaise haleine, ballonnements, langue enduite, colite, constipation, dommages caus\u00e9s par la nicotine ou d&#039;autres facteurs environnementaux, fatigue, maux de t\u00eate, hypercholest\u00e9rol\u00e9mie, hypertension.<\/span><\/p><p>\u00a0<\/p><p>\u00a0<\/p><\/div>\n\t\t\t\t<\/div>\n\t\t\t\t\t\t\t<div class=\"elementor-toggle-item\">\n\t\t\t\t\t<div id=\"elementor-tab-title-5922\" class=\"elementor-tab-title\" data-tab=\"2\" role=\"button\" aria-controls=\"elementor-tab-content-5922\" aria-expanded=\"false\">\n\t\t\t\t\t\t\t\t\t\t\t\t<span class=\"elementor-toggle-icon elementor-toggle-icon-left\" aria-hidden=\"true\">\n\t\t\t\t\t\t\t\t\t\t\t\t\t\t\t<span class=\"elementor-toggle-icon-closed\"><i class=\"far fa-caret-square-right\"><\/i><\/span>\n\t\t\t\t\t\t\t\t<span class=\"elementor-toggle-icon-opened\"><i class=\"elementor-toggle-icon-opened fas fa-caret-square-up\"><\/i><\/span>\n\t\t\t\t\t\t\t\t\t\t\t\t\t<\/span>\n\t\t\t\t\t\t\t\t\t\t\t\t<a class=\"elementor-toggle-title\" tabindex=\"0\">..<\/a>\n\t\t\t\t\t<\/div>\n\n\t\t\t\t\t<div id=\"elementor-tab-content-5922\" class=\"elementor-tab-content elementor-clearfix\" data-tab=\"2\" role=\"region\" aria-labelledby=\"elementor-tab-title-5922\"><\/div>\n\t\t\t\t<\/div>\n\t\t\t\t\t\t\t\t<\/div>\n\t\t\t\t\t\t<\/div>\n\t\t\t\t<\/div>\n\t\t\t\t\t<\/div>\n\t\t<\/div>\n\t\t\t\t\t<\/div>\n\t\t<\/section>\n\t\t\t\t<\/div>","protected":false},"excerpt":{"rendered":"<p><span style=\"font-family: go;\"><a name=\"buy\"><\/a><\/span><\/p>\n<ul>\n<li><span style=\"font-family: go;\"><strong>Nettoie et fortifie le c\u00f4lon, en particulier pendant et apr\u00e8s tout traitement anticanc\u00e9reux<\/strong><\/span><\/li>\n<li><span style=\"font-family: go;\"><strong>Soutient le pancr\u00e9as dans sa production d&#039;enzymes et d&#039;hormones pour le m\u00e9tabolisme<\/strong><\/span><\/li>\n<li><span style=\"font-family: go;\"><strong>Soutient la digestion optimale des aliments et l&#039;absorption des nutriments<\/strong><\/span><\/li>\n<li><span style=\"font-family: go;\"><strong>Contient de puissants antioxydants essentiels \u00e0 la pr\u00e9vention des maladies d\u00e9g\u00e9n\u00e9ratives pancr\u00e9atiques<\/strong><\/span><\/li>\n<\/ul>\n<p><strong>\u00a0\u00a0\u00a0\u00a0\u00a0 &gt;&gt;&gt;<span style=\"font-family: go; font-size: 14pt;\"><a href=\"#more\"><span style=\"color: #0000ff;\">Lire la suite<\/span><\/a><\/span><\/strong><\/p>","protected":false},"featured_media":8242,"comment_status":"open","ping_status":"closed","template":"","meta":{"nf_dc_page":"","_bbp_topic_count":0,"_bbp_reply_count":0,"_bbp_total_topic_count":0,"_bbp_total_reply_count":0,"_bbp_voice_count":0,"_bbp_anonymous_reply_count":0,"_bbp_topic_count_hidden":0,"_bbp_reply_count_hidden":0,"_bbp_forum_subforum_count":0},"product_brand":[],"product_cat":[33,23],"product_tag":[],"class_list":{"0":"post-8240","1":"product","2":"type-product","3":"status-publish","4":"has-post-thumbnail","6":"product_cat-all-products","7":"product_cat-diet","9":"first","10":"instock","11":"featured","12":"shipping-taxable","13":"purchasable","14":"product-type-simple"},"bundled_by":[],"bundle_stock_status":"instock","bundle_stock_quantity":1,"bundle_virtual":false,"bundle_layout":"","bundle_add_to_cart_form_location":"","bundle_editable_in_cart":false,"bundle_sold_individually_context":"","bundle_item_grouping":"","bundle_min_size":"","bundle_max_size":"","bundled_items":[],"bundle_sell_ids":[],"_links":{"self":[{"href":"https:\/\/www.naturesgiftforlife.com\/fr\/wp-json\/wp\/v2\/product\/8240","targetHints":{"allow":["GET"]}}],"collection":[{"href":"https:\/\/www.naturesgiftforlife.com\/fr\/wp-json\/wp\/v2\/product"}],"about":[{"href":"https:\/\/www.naturesgiftforlife.com\/fr\/wp-json\/wp\/v2\/types\/product"}],"replies":[{"embeddable":true,"href":"https:\/\/www.naturesgiftforlife.com\/fr\/wp-json\/wp\/v2\/comments?post=8240"}],"version-history":[{"count":0,"href":"https:\/\/www.naturesgiftforlife.com\/fr\/wp-json\/wp\/v2\/product\/8240\/revisions"}],"wp:featuredmedia":[{"embeddable":true,"href":"https:\/\/www.naturesgiftforlife.com\/fr\/wp-json\/wp\/v2\/media\/8242"}],"wp:attachment":[{"href":"https:\/\/www.naturesgiftforlife.com\/fr\/wp-json\/wp\/v2\/media?parent=8240"}],"wp:term":[{"taxonomy":"product_brand","embeddable":true,"href":"https:\/\/www.naturesgiftforlife.com\/fr\/wp-json\/wp\/v2\/product_brand?post=8240"},{"taxonomy":"product_cat","embeddable":true,"href":"https:\/\/www.naturesgiftforlife.com\/fr\/wp-json\/wp\/v2\/product_cat?post=8240"},{"taxonomy":"product_tag","embeddable":true,"href":"https:\/\/www.naturesgiftforlife.com\/fr\/wp-json\/wp\/v2\/product_tag?post=8240"}],"curies":[{"name":"wp","href":"https:\/\/api.w.org\/{rel}","templated":true}]}}