{"id":8187,"date":"2021-03-19T14:08:28","date_gmt":"2021-03-19T14:08:28","guid":{"rendered":"https:\/\/www.naturesgiftforlife.com\/?post_type=product&#038;p=8187"},"modified":"2023-08-23T16:26:25","modified_gmt":"2023-08-23T16:26:25","slug":"l-tyrosine","status":"publish","type":"product","link":"https:\/\/www.naturesgiftforlife.com\/fr\/shop\/l-tyrosine\/","title":{"rendered":"L-tyrosine"},"content":{"rendered":"<div data-elementor-type=\"wp-post\" data-elementor-id=\"8187\" class=\"elementor elementor-8187\">\n\t\t\t\t\t\t<section class=\"elementor-section elementor-top-section elementor-element elementor-element-9a076d0 elementor-section-boxed elementor-section-height-default elementor-section-height-default\" data-id=\"9a076d0\" data-element_type=\"section\" data-e-type=\"section\">\n\t\t\t\t\t\t<div class=\"elementor-container elementor-column-gap-default\">\n\t\t\t\t\t<div class=\"elementor-column elementor-col-100 elementor-top-column elementor-element elementor-element-2a0e166\" data-id=\"2a0e166\" data-element_type=\"column\" data-e-type=\"column\">\n\t\t\t<div class=\"elementor-widget-wrap elementor-element-populated\">\n\t\t\t\t\t\t<div class=\"elementor-element elementor-element-037b335 elementor-widget elementor-widget-html\" data-id=\"037b335\" data-element_type=\"widget\" data-e-type=\"widget\" data-widget_type=\"html.default\">\n\t\t\t\t<div class=\"elementor-widget-container\">\n\t\t\t\t\t<a name=\"more\"><\/a>\t\t\t\t<\/div>\n\t\t\t\t<\/div>\n\t\t\t\t<div class=\"elementor-element elementor-element-cb53ba1 elementor-invisible elementor-widget elementor-widget-toggle\" data-id=\"cb53ba1\" data-element_type=\"widget\" data-e-type=\"widget\" data-settings=\"{&quot;_animation&quot;:&quot;flash&quot;}\" data-widget_type=\"toggle.default\">\n\t\t\t\t<div class=\"elementor-widget-container\">\n\t\t\t\t\t\t\t<div class=\"elementor-toggle\">\n\t\t\t\t\t\t\t<div class=\"elementor-toggle-item\">\n\t\t\t\t\t<div id=\"elementor-tab-title-2131\" class=\"elementor-tab-title\" data-tab=\"1\" role=\"button\" aria-controls=\"elementor-tab-content-2131\" aria-expanded=\"false\">\n\t\t\t\t\t\t\t\t\t\t\t\t<span class=\"elementor-toggle-icon elementor-toggle-icon-left\" aria-hidden=\"true\">\n\t\t\t\t\t\t\t\t\t\t\t\t\t\t\t<span class=\"elementor-toggle-icon-closed\"><i class=\"far fa-caret-square-right\"><\/i><\/span>\n\t\t\t\t\t\t\t\t<span class=\"elementor-toggle-icon-opened\"><i class=\"elementor-toggle-icon-opened fas fa-caret-square-up\"><\/i><\/span>\n\t\t\t\t\t\t\t\t\t\t\t\t\t<\/span>\n\t\t\t\t\t\t\t\t\t\t\t\t<a class=\"elementor-toggle-title\" tabindex=\"0\">Description d\u00e9taill\u00e9e du produit \/ faits sur les suppl\u00e9ments<\/a>\n\t\t\t\t\t<\/div>\n\n\t\t\t\t\t<div id=\"elementor-tab-content-2131\" class=\"elementor-tab-content elementor-clearfix\" data-tab=\"1\" role=\"region\" aria-labelledby=\"elementor-tab-title-2131\"><p><span style=\"color: #000000;\"><strong><a href=\"https:\/\/www.rmbibow.com\/book-makeup-session\/\" target=\"_blank\" rel=\"noopener\">L TYROSINE<\/a> AVANTAGES<\/strong><\/span><\/p><ul><li><span style=\"color: #000000;\">Pr\u00e9venir une baisse des performances des fonctions cognitives en particulier pendant les moments de stress\u00a0;<\/span><\/li><li><span style=\"color: #000000;\">Helps determine the body\u2019s metabolic rate an adequate supply of tyrosine is crucial for maintaining a healthy <a href=\"http:\/\/www.cnn.com\" target=\"_blank\" rel=\"noopener\">m\u00e9tabolisme<\/a> et la conversion des aliments en \u00e9nergie\u00a0;<\/span><\/li><li><span style=\"color: #000000;\">En raison de sa structure ph\u00e9nolique, la tyrosine est un puissant <a href=\"https:\/\/www.naturesgiftforlife.com\/fr\/shop\/artemisia-tea\/\">antioxydant<\/a>, pi\u00e9geant et neutralisant de nombreux radicaux libres et inhibant la peroxydation lipidique ;<\/span><\/li><li><span style=\"color: #000000;\">Aide \u00e0 am\u00e9liorer la vigilance mentale;<\/span><\/li><li><span style=\"color: #000000;\">En am\u00e9liorant le taux de synth\u00e8se des neurotransmetteurs, la tyrosine stimule la <a href=\"https:\/\/www.naturesgiftforlife.com\/fr\/shop\/hypertension-tea\/\">nerveux<\/a> syst\u00e8me et agit comme un antid\u00e9presseur;<\/span><\/li><li><span style=\"color: #000000;\">Pour un bon \u00e9tat d&#039;esprit (humeur);<\/span><\/li><li><span style=\"color: #000000;\">Aide \u00e0 fournir de l&#039;endurance;<\/span><\/li><li><span style=\"color: #000000;\">La L-tyrosine est essentielle \u00e0 la production d&#039;hormones thyro\u00efdiennes (T3, T4).<\/span><\/li><\/ul><p style=\"text-align: center;\"><span style=\"color: #000000;\"><strong><a class=\"buy\" href=\"#buy\">ALLER ACHETER MAINTENANT<\/a><\/strong><\/span><\/p><p><span style=\"color: #000000;\">L-tyrosine is a conditionally essential amino acid because under normal conditions the body synthesizes sufficient quantities from phenylalanine. For those with phenylketonuria, however, a severe deficiency in the enzyme phenylalanine hydroxylase prevents conversion of phenylalanine to tyrosine, making tyrosine an essential amino acid for this population. Tyrosine is incorporated into proteins of all life forms and is a precursor of the neurotransmitters, adrenaline, noradrenaline, dopamine and melanin.\u00a0Adrenaline and noradrenaline act on receptors in the <a href=\"https:\/\/www.naturesgiftforlife.com\/fr\/shop\/anti-diabetes-tea\/\">cardiovasculaire<\/a> system.\u00a0Dopamine is involved in the transmission of nerve impulses.\u00a0In the brain, dopamine is intensively released when you stay focused on a task.\u00a0Melanin is responsible for the pigmentation of the skin, hair and eyes. Food sources of tyrosine include fish, soy products, poultry, eggs, dairy products, lima beans, almonds, peanuts, sesame seeds, pumpkin seeds, wheat germ, oats, avocados, and bananas.<\/span><\/p><p style=\"text-align: center;\"><a class=\"buy\" href=\"#buy\"><strong>ALLER ACHETER MAINTENANT<\/strong><\/a><\/p><p><span style=\"color: #000000;\">Cet acide amin\u00e9 est un \u00e9l\u00e9ment de base pour la synth\u00e8se des hormones thyro\u00efdiennes et est particuli\u00e8rement important pour le m\u00e9tabolisme \u00e9nerg\u00e9tique. Plus les hormones thyro\u00efdiennes sont secou\u00e9es, plus le m\u00e9tabolisme augmentera. Cela s&#039;applique \u00e0 tous les organes, \u00e0 l&#039;exception du cerveau, des testicules et de la rate.<\/span><\/p><p><span style=\"color: #000000;\"><strong>PHARMACOCIN\u00c9TIQUE<\/strong><\/span><\/p><p><span style=\"color: #000000;\">La Ng4l L-tyrosine est absorb\u00e9e par l&#039;intestin gr\u00eale et transport\u00e9e vers le foie via la circulation porte. La L-tyrosine non utilis\u00e9e par le foie entre dans la circulation syst\u00e9mique et est distribu\u00e9e dans divers tissus corporels o\u00f9 elle est utilis\u00e9e dans trois voies m\u00e9taboliques diff\u00e9rentes:<\/span><\/p><ol><li><span style=\"color: #000000;\">Absorb\u00e9 dans les tissus et incorpor\u00e9 dans les prot\u00e9ines et les peptides;<\/span><\/li><li><span style=\"color: #000000;\">Utilis\u00e9 comme pr\u00e9curseurs en plus petites quantit\u00e9s pour la synth\u00e8se de la thyroxine, de la m\u00e9lanine et des neurotransmetteurs; ou;<\/span><\/li><li><span style=\"color: #000000;\">D\u00e9samin\u00e9 pour former le substrat de glucon\u00e9ogen\u00e8se, l&#039;acide p-hydroxy ph\u00e9nylpyruvique. Dans ce dernier processus, l&#039;enzyme catalysant cette r\u00e9action (tyrosine transaminase) pr\u00e9sente une variation diurne marqu\u00e9e des concentrations h\u00e9patiques, provoquant un degr\u00e9 similaire de variation diurne des taux plasmatiques de tyrosine chez les humains normaux.<\/span><\/li><\/ol><p style=\"text-align: center;\"><a class=\"buy\" href=\"#buy\"><strong>ALLER ACHETER MAINTENANT<\/strong><\/a><\/p><p><span style=\"color: #000000;\"><strong>PR\u00c9SENTATION<\/strong>: Flacon de 90 g\u00e9lules<\/span><\/p><table><tbody><tr><td width=\"201\"><p><span style=\"color: #000000;\"><strong>Ingr\u00e9dients <\/strong><\/span><\/p><\/td><td width=\"201\"><p><span style=\"color: #000000;\"><strong>Quantit\u00e9 par portion<\/strong><\/span><\/p><\/td><td width=\"201\"><p><span style=\"color: #000000;\"><strong>%daily value<\/strong><\/span><\/p><\/td><\/tr><tr><td width=\"201\"><p><span style=\"color: #000000;\">L-Tyrosine (forme libre)<\/span><\/p><\/td><td width=\"201\"><p><span style=\"color: #000000;\">500 mg<\/span><\/p><\/td><td width=\"201\"><p><span style=\"color: #000000;\">*<\/span><\/p><\/td><\/tr><tr><td colspan=\"3\" width=\"604\"><p><span style=\"color: #000000;\"><strong>Autre ingr\u00e9dient<\/strong>: cellulose microcristalline, acide st\u00e9arique v\u00e9g\u00e9tal; st\u00e9arate de magn\u00e9sium v\u00e9g\u00e9tal, croscarmellose sodique et gla\u00e7age pharmaceutique.<\/span><\/p><\/td><\/tr><\/tbody><\/table><p><span style=\"color: #000000;\"><strong>DOSAGE<\/strong><strong>:<\/strong> Adultes, 500mg-2g par jour avant les repas avec un grand verre d&#039;eau.\u00a0\u00a0\u00a0<\/span><\/p><p><span style=\"color: #000000;\"><strong>INDICATION<\/strong><\/span><\/p><p><span style=\"color: #000000;\">Depression or attention deficit disorder (ADD or ADHD, hypertension, stress, cognitive function and memory, Parkinson\u2019s disease, phenylketonuria (PKU), and narcolepsy, chronic fatigue syndrome, alcoholism, improving alertness following the loss of sleep.<\/span><\/p><p style=\"text-align: center;\"><a class=\"buy\" href=\"#buy\"><strong>ALLER ACHETER MAINTENANT<\/strong><\/a><\/p><p><span style=\"color: #000000;\"><strong>L-TYROSINE ET STRESS<\/strong><\/span><\/p><p><span style=\"color: #000000;\">La L-Tyrosine est le pr\u00e9curseur des cat\u00e9cholamines ; des alt\u00e9rations de la disponibilit\u00e9 de la L-tyrosine dans le cerveau peuvent influencer la synth\u00e8se de la dopamine et de la noradr\u00e9naline chez l&#039;homme. Chez les animaux, le stress augmente la lib\u00e9ration de cat\u00e9cholamines, ce qui peut entra\u00eener l&#039;\u00e9puisement de leurs niveaux, un effet qui peut \u00eatre corrig\u00e9 en donnant de la L-tyrosine. La L-Tyrosine ne semble pas augmenter la lib\u00e9ration de cat\u00e9cholamines lorsque les neurones s&#039;activent \u00e0 leur vitesse de base, mais elle le fait lorsque les vitesses d&#039;activation sont augment\u00e9es par le stress.<\/span><\/p><\/div>\n\t\t\t\t<\/div>\n\t\t\t\t\t\t\t<div class=\"elementor-toggle-item\">\n\t\t\t\t\t<div id=\"elementor-tab-title-2132\" class=\"elementor-tab-title\" data-tab=\"2\" role=\"button\" aria-controls=\"elementor-tab-content-2132\" aria-expanded=\"false\">\n\t\t\t\t\t\t\t\t\t\t\t\t<span class=\"elementor-toggle-icon elementor-toggle-icon-left\" aria-hidden=\"true\">\n\t\t\t\t\t\t\t\t\t\t\t\t\t\t\t<span class=\"elementor-toggle-icon-closed\"><i class=\"far fa-caret-square-right\"><\/i><\/span>\n\t\t\t\t\t\t\t\t<span class=\"elementor-toggle-icon-opened\"><i class=\"elementor-toggle-icon-opened fas fa-caret-square-up\"><\/i><\/span>\n\t\t\t\t\t\t\t\t\t\t\t\t\t<\/span>\n\t\t\t\t\t\t\t\t\t\t\t\t<a class=\"elementor-toggle-title\" tabindex=\"0\">..<\/a>\n\t\t\t\t\t<\/div>\n\n\t\t\t\t\t<div id=\"elementor-tab-content-2132\" class=\"elementor-tab-content elementor-clearfix\" data-tab=\"2\" role=\"region\" aria-labelledby=\"elementor-tab-title-2132\"><\/div>\n\t\t\t\t<\/div>\n\t\t\t\t\t\t\t\t<\/div>\n\t\t\t\t\t\t<\/div>\n\t\t\t\t<\/div>\n\t\t\t\t\t<\/div>\n\t\t<\/div>\n\t\t\t\t\t<\/div>\n\t\t<\/section>\n\t\t\t\t<\/div>","protected":false},"excerpt":{"rendered":"<p><span style=\"font-family: go;\"><a name=\"buy\"><\/a><\/span><\/p>\n<ul>\n<li><strong><span style=\"font-family: go;\">Pr\u00e9venir une baisse des performances des fonctions cognitives en particulier pendant les moments de stress<\/span><\/strong><\/li>\n<li><strong><span style=\"font-family: go;\">Aide \u00e0 d\u00e9terminer le taux m\u00e9tabolique du corps un approvisionnement ad\u00e9quat en tyrosine est essentiel pour maintenir un m\u00e9tabolisme sain et convertir les aliments en \u00e9nergie<\/span><\/strong><\/li>\n<li><strong><span style=\"font-family: go;\">En raison de sa structure ph\u00e9nolique, la tyrosine est un puissant antioxydant, pi\u00e9geant et neutralisant de nombreux radicaux libres et inhibant la peroxydation lipidique.<\/span><\/strong><\/li>\n<\/ul>\n<p><strong>\u00a0\u00a0\u00a0\u00a0\u00a0\u00a0 &gt;&gt;&gt;<span style=\"font-family: go; font-size: 14pt;\"><a href=\"#more\"><span style=\"color: #0000ff;\">Lire la suite<\/span><\/a><\/span><\/strong><\/p>","protected":false},"featured_media":8189,"comment_status":"open","ping_status":"closed","template":"","meta":{"nf_dc_page":"","_bbp_topic_count":0,"_bbp_reply_count":0,"_bbp_total_topic_count":0,"_bbp_total_reply_count":0,"_bbp_voice_count":0,"_bbp_anonymous_reply_count":0,"_bbp_topic_count_hidden":0,"_bbp_reply_count_hidden":0,"_bbp_forum_subforum_count":0},"product_brand":[],"product_cat":[33],"product_tag":[],"class_list":{"0":"post-8187","1":"product","2":"type-product","3":"status-publish","4":"has-post-thumbnail","6":"product_cat-all-products","8":"first","9":"instock","10":"featured","11":"shipping-taxable","12":"purchasable","13":"product-type-simple"},"bundled_by":[],"bundle_stock_status":"instock","bundle_stock_quantity":null,"bundle_virtual":false,"bundle_layout":"","bundle_add_to_cart_form_location":"","bundle_editable_in_cart":false,"bundle_sold_individually_context":"","bundle_item_grouping":"","bundle_min_size":"","bundle_max_size":"","bundled_items":[],"bundle_sell_ids":[],"_links":{"self":[{"href":"https:\/\/www.naturesgiftforlife.com\/fr\/wp-json\/wp\/v2\/product\/8187","targetHints":{"allow":["GET"]}}],"collection":[{"href":"https:\/\/www.naturesgiftforlife.com\/fr\/wp-json\/wp\/v2\/product"}],"about":[{"href":"https:\/\/www.naturesgiftforlife.com\/fr\/wp-json\/wp\/v2\/types\/product"}],"replies":[{"embeddable":true,"href":"https:\/\/www.naturesgiftforlife.com\/fr\/wp-json\/wp\/v2\/comments?post=8187"}],"version-history":[{"count":0,"href":"https:\/\/www.naturesgiftforlife.com\/fr\/wp-json\/wp\/v2\/product\/8187\/revisions"}],"wp:featuredmedia":[{"embeddable":true,"href":"https:\/\/www.naturesgiftforlife.com\/fr\/wp-json\/wp\/v2\/media\/8189"}],"wp:attachment":[{"href":"https:\/\/www.naturesgiftforlife.com\/fr\/wp-json\/wp\/v2\/media?parent=8187"}],"wp:term":[{"taxonomy":"product_brand","embeddable":true,"href":"https:\/\/www.naturesgiftforlife.com\/fr\/wp-json\/wp\/v2\/product_brand?post=8187"},{"taxonomy":"product_cat","embeddable":true,"href":"https:\/\/www.naturesgiftforlife.com\/fr\/wp-json\/wp\/v2\/product_cat?post=8187"},{"taxonomy":"product_tag","embeddable":true,"href":"https:\/\/www.naturesgiftforlife.com\/fr\/wp-json\/wp\/v2\/product_tag?post=8187"}],"curies":[{"name":"wp","href":"https:\/\/api.w.org\/{rel}","templated":true}]}}