{"id":8136,"date":"2021-03-19T08:34:57","date_gmt":"2021-03-19T08:34:57","guid":{"rendered":"https:\/\/www.naturesgiftforlife.com\/?post_type=product&#038;p=8136"},"modified":"2025-11-24T15:07:22","modified_gmt":"2025-11-24T15:07:22","slug":"qina-immune-booster","status":"publish","type":"product","link":"https:\/\/www.naturesgiftforlife.com\/fr\/shop\/qina-immune-booster\/","title":{"rendered":"Booster immunitaire Qina"},"content":{"rendered":"<div data-elementor-type=\"wp-post\" data-elementor-id=\"8136\" class=\"elementor elementor-8136\">\n\t\t\t\t\t\t<section class=\"elementor-section elementor-top-section elementor-element elementor-element-09172b4 elementor-section-boxed elementor-section-height-default elementor-section-height-default\" data-id=\"09172b4\" data-element_type=\"section\" data-e-type=\"section\">\n\t\t\t\t\t\t<div class=\"elementor-container elementor-column-gap-default\">\n\t\t\t\t\t<div class=\"elementor-column elementor-col-100 elementor-top-column elementor-element elementor-element-95b4eb8\" data-id=\"95b4eb8\" data-element_type=\"column\" data-e-type=\"column\">\n\t\t\t<div class=\"elementor-widget-wrap elementor-element-populated\">\n\t\t\t\t\t\t<div class=\"elementor-element elementor-element-2d5651b elementor-widget elementor-widget-html\" data-id=\"2d5651b\" data-element_type=\"widget\" data-e-type=\"widget\" data-widget_type=\"html.default\">\n\t\t\t\t<div class=\"elementor-widget-container\">\n\t\t\t\t\t<a name=\"more\"><\/a>\t\t\t\t<\/div>\n\t\t\t\t<\/div>\n\t\t\t\t<div class=\"elementor-element elementor-element-59d9da5 elementor-invisible elementor-widget elementor-widget-toggle\" data-id=\"59d9da5\" data-element_type=\"widget\" data-e-type=\"widget\" data-settings=\"{&quot;_animation&quot;:&quot;flash&quot;}\" data-widget_type=\"toggle.default\">\n\t\t\t\t<div class=\"elementor-widget-container\">\n\t\t\t\t\t\t\t<div class=\"elementor-toggle\">\n\t\t\t\t\t\t\t<div class=\"elementor-toggle-item\">\n\t\t\t\t\t<h2 id=\"elementor-tab-title-9421\" class=\"elementor-tab-title\" data-tab=\"1\" role=\"button\" aria-controls=\"elementor-tab-content-9421\" aria-expanded=\"false\">\n\t\t\t\t\t\t\t\t\t\t\t\t<span class=\"elementor-toggle-icon elementor-toggle-icon-left\" aria-hidden=\"true\">\n\t\t\t\t\t\t\t\t\t\t\t\t\t\t\t<span class=\"elementor-toggle-icon-closed\"><i class=\"far fa-caret-square-right\"><\/i><\/span>\n\t\t\t\t\t\t\t\t<span class=\"elementor-toggle-icon-opened\"><i class=\"elementor-toggle-icon-opened fas fa-caret-square-up\"><\/i><\/span>\n\t\t\t\t\t\t\t\t\t\t\t\t\t<\/span>\n\t\t\t\t\t\t\t\t\t\t\t\t<a class=\"elementor-toggle-title\" tabindex=\"0\">Description d\u00e9taill\u00e9e du produit \/ faits sur les suppl\u00e9ments<\/a>\n\t\t\t\t\t<\/h2>\n\n\t\t\t\t\t<div id=\"elementor-tab-content-9421\" class=\"elementor-tab-content elementor-clearfix\" data-tab=\"1\" role=\"region\" aria-labelledby=\"elementor-tab-title-9421\"><p style=\"text-align: center;\"><span style=\"color: #000000; font-family: Arial, Helvetica, sans-serif;\"><strong>BOOSTER IMMUNITAIRE QINA<\/strong><\/span><\/p><p><span style=\"color: #000000; font-family: Arial, Helvetica, sans-serif;\"><strong>Avantages du booster immunitaire<\/strong><\/span><\/p><ul><li><span style=\"color: #000000; font-family: Arial, Helvetica, sans-serif;\">Le booster immunitaire Qina renforce le syst\u00e8me immunitaire<\/span><\/li><li><span style=\"color: #000000; font-family: Arial, Helvetica, sans-serif;\">Qina immune booster improves the body&#8217;s ability to cope with external aggression<\/span><\/li><li><span style=\"color: #000000; font-family: Arial, Helvetica, sans-serif;\"><a href=\"https:\/\/livehealthylivehappy.com\/\" target=\"_blank\" rel=\"noopener\">Booster immunitaire Qina<\/a> augmente l&#039;activit\u00e9 des macrophages et acc\u00e9l\u00e8re la r\u00e9cup\u00e9ration<\/span><\/li><li><span style=\"color: #000000; font-family: Arial, Helvetica, sans-serif;\">Le booster immunitaire Qina pr\u00e9vient les maladies et restaure la sant\u00e9<\/span><\/li><\/ul><p style=\"text-align: center;\"><a class=\"buy\" href=\"#buy\"><strong>ALLER ACHETER MAINTENANT<\/strong><\/a><\/p><p><strong><span style=\"color: #000000; font-family: Arial, Helvetica, sans-serif;\">Booster immunitaire Qina<\/span><\/strong><\/p><p><span style=\"color: #000000; font-family: Arial, Helvetica, sans-serif;\">UNE <a href=\"https:\/\/www.rmbibow.com\/\" target=\"_blank\" rel=\"noopener\">Naturellement<\/a> Quotient immunitaire am\u00e9lior\u00e9 Boostez le syst\u00e8me immunitaire en activant les m\u00e9canismes de modulation \u00e9lectrique naturelle des d\u00e9fenses naturelles.<\/span><\/p><p><span style=\"color: #000000; font-family: Arial, Helvetica, sans-serif;\">Le syst\u00e8me immunitaire est un syst\u00e8me biologique dont le r\u00f4le principal est de prot\u00e9ger notre organisme contre les agressions. Exog\u00e8ne et endog\u00e8ne. Ces Attaques peuvent \u00eatre de l&#039;ordre des microbes tels que virus, bact\u00e9ries, champignons, parasites ou de l&#039;ordre de <a href=\"https:\/\/www.naturesgiftforlife.com\/fr\/cancer\/\">cancer<\/a> cellules ou corps \u00e9trangers (\u00e0 la fois un simple \u00e9clat et des organes greff\u00e9s par exemple). Ce syst\u00e8me complexe et extr\u00eamement sophistiqu\u00e9 fait partie int\u00e9grante de notre sant\u00e9. Sans syst\u00e8me immunitaire, nous ne serions pas capables de survivre au monde ext\u00e9rieur qui, \u00e0 notre insu, assaille chaque jour notre corps.<\/span><\/p><p style=\"text-align: center;\"><span style=\"color: #000000; font-family: Arial, Helvetica, sans-serif;\"><a class=\"buy\" href=\"#buy\"><strong>ALLER ACHETER MAINTENANT<\/strong><\/a><\/span><\/p><p><span style=\"color: #000000; font-family: Arial, Helvetica, sans-serif;\">Le syst\u00e8me immunitaire est un syst\u00e8me tr\u00e8s complexe compos\u00e9 de barri\u00e8res physiques telles que la peau et les muqueuses et d&#039;une multitude d&#039;autres \u00e9l\u00e9ments tels que les amygdales, le thymus, la moelle osseuse, la rate, les ganglions lymphatiques et le syst\u00e8me immunitaire. Lorsque le syst\u00e8me immunitaire est affaibli, le corps est expos\u00e9 \u00e0 des virus et des bact\u00e9ries qui peuvent nous rendre malades. C&#039;est pourquoi, par exemple, les personnes gravement br\u00fbl\u00e9es sont plus sensibles aux infections, car une fois br\u00fbl\u00e9es, la peau ne peut plus jouer son r\u00f4le de barri\u00e8re protectrice. De m\u00eame, la chimioth\u00e9rapie utilis\u00e9e dans le traitement du cancer pour d\u00e9truire les cellules canc\u00e9reuses affaiblit consid\u00e9rablement notre syst\u00e8me immunitaire, car elle ne fait pas la diff\u00e9rence entre les cellules saines, qui sont produites pour remplacer les cellules mortes, et les cellules canc\u00e9reuses.<\/span><\/p><p><span style=\"color: #000000; font-family: Arial, Helvetica, sans-serif;\">Les dommages caus\u00e9s par <a href=\"https:\/\/www.naturesgiftforlife.com\/fr\/shop\/cancer\/goji-juice-cancer\/\">chimioth\u00e9rapie<\/a> peut entra\u00eener une baisse du nombre de globules blancs et donc une diminution de l&#039;efficacit\u00e9 de combat de notre syst\u00e8me de d\u00e9fense, offrant une opportunit\u00e9 aux ennemis tels que les boutons de fi\u00e8vre, la bouche <a href=\"https:\/\/www.naturesgiftforlife.com\/fr\/allergies\/\">champignon<\/a> et la grippe pour attaquer. Cette vuln\u00e9rabilit\u00e9, loin d&#039;\u00eatre anodine, peut parfois \u00eatre fatale pour le patient, d&#039;o\u00f9 l&#039;importance d&#039;appliquer des m\u00e9thodes pr\u00e9ventives d&#039;une part pour limiter les invasions microbiennes, et d&#039;autre part pour renforcer les d\u00e9fenses naturelles. L&#039;hygi\u00e8ne et la vaccination sont les mesures essentielles \u00e0 respecter. Cependant, la vaccination n&#039;am\u00e9liore sp\u00e9cifiquement notre syst\u00e8me immunitaire; en d&#039;autres termes, il ne fait que rendre notre syst\u00e8me immunitaire capable de faire face \u00e0 des pathologies sp\u00e9cifiques mais n&#039;augmente pas sa capacit\u00e9 g\u00e9n\u00e9rale \u00e0 repousser les agressions microbiennes. Il convient \u00e9galement de souligner que la plupart des maladies graves n&#039;ont pas de vaccins.<\/span><\/p><p style=\"text-align: center;\"><a class=\"buy\" href=\"#buy\"><strong>ALLER ACHETER MAINTENANT<\/strong><\/a><\/p><p><span style=\"color: #000000; font-family: Arial, Helvetica, sans-serif;\">In general, infections are more frequent and more difficult to treat in individuals whose immune system is weakened by poor hygiene. For example, a person who smokes and is sedentary will get the same flu as an active, non-smoking person, except that it will take twice as long to recover. In addition, the infection will generally be more severe and more painful for the person in poorer health. The advantage today is that there are ways to boost the immune system and improve the body&#8217;s overall ability to cope with the various aggressions in its environment. Of course, a healthy lifestyle remains essential; but for those who already have a weakened immune system, the ideal is to find ways to activate, stimulate and modulate the capacities of their immune system. One of the most recognized formulas to combine these effects is the NG4L Qina Immune Booster.<\/span><\/p><p><span style=\"color: #000000; font-family: Arial, Helvetica, sans-serif;\"><strong>LA DESCRIPTION:<\/strong> NG4L Qina Immune Booster est un m\u00e9dicament qui utilise la science de la physique vibratoire pour stimuler les cellules du syst\u00e8me immunitaire appel\u00e9es macrophages. Il ne contient aucun composant nutritionnel ni antioxydant. Sa fonction principale est la modulation immunitaire via des voies \u00e9lectriques qui stimulent la fonction immunitaire. Pour des raisons connues et inconnues, les macrophages peuvent devenir paresseux en raison d&#039;une invasion pathologique ou d&#039;un mode de vie m\u00e9diocre.<\/span><\/p><p style=\"text-align: center;\"><a class=\"buy\" href=\"#buy\"><strong>ALLER ACHETER MAINTENANT<\/strong><\/a><\/p><p><span style=\"color: #000000; font-family: Arial, Helvetica, sans-serif;\">\u00a0Il a \u00e9t\u00e9 d\u00e9montr\u00e9 que le booster immunitaire NG4L Qina augmente la multiplication et l&#039;activit\u00e9 des macrophages dans les 24 heures suivant sa prise. Utilisant les principes de l&#039;\u00e9lectro et de la physique quantique, le booster immunitaire NG4L Qina est \u00e0 la pointe de la technologie m\u00e9dicale. Il s&#039;agit d&#039;un compos\u00e9 immunomodulateur, exempt de toxicit\u00e9 et\/ou d&#039;effets collat\u00e9raux. Il favorise la modulation immunitaire en modifiant la r\u00e9ponse biologique des macrophages et la lib\u00e9ration physiologique du cytoplasme. Utilisant les principes de la physique vibratoire mol\u00e9culaire, le booster immunitaire NG4L Qina incite l&#039;organisme \u00e0 utiliser ses propres ressources en mobilisant les d\u00e9fenses naturelles de l&#039;organisme affaibli.<\/span><\/p><p><span style=\"color: #000000; font-family: Arial, Helvetica, sans-serif;\"><strong>PR\u00c9SENTATION:<\/strong> bottle of &#8230; ounces or &#8230; ml<\/span><\/p><p><span style=\"color: #000000; font-family: Arial, Helvetica, sans-serif;\"><strong>MODE D&#039;ACTION:<\/strong> Le booster immunitaire NG4L Qina n&#039;utilise pas de produits chimiques pour stimuler une cellule, mais plut\u00f4t la fr\u00e9quence \u00e9lectrique respective \u00e0 laquelle cette cellule r\u00e9pond. C&#039;est un fait scientifique connu que toutes les cellules, y compris les bact\u00e9ries et les virus, peuvent \u00eatre stimul\u00e9es ou neutralis\u00e9es en utilisant une fr\u00e9quence d&#039;\u00e9nergie sp\u00e9cifique. Lorsque nous parlons d&#039;\u00e9nergie dans ce cas, nous parlons de fr\u00e9quence d&#039;\u00e9nergie. Tout est fr\u00e9quence ; le son est une fr\u00e9quence \u00e9nerg\u00e9tique que nous pouvons entendre, la lumi\u00e8re en est une autre assez visible. Il existe une large gamme de fr\u00e9quences que nous ne pouvons ni voir ni entendre.<\/span><\/p><p><span style=\"color: #000000; font-family: Arial, Helvetica, sans-serif;\">Consider, for example, that you are a lazy macrophage and I need to get you out of your house to work, since other people depend on you for their existence. Because of your behavior, they are all equally lax. I can get you out of your house in two ways: by activating your fire alarm. To do this I need to light a fire, so I need fuel. Then I mix fuel with wood, a spark and the fire is lit. This triggers the fire alarm and you jump out of the house. Imagine for a moment that I know how to set off the fire alarm without having to create one. Then I could skip the whole chemical process if I knew exactly what electrical frequency to use. That&#8217;s exactly what NG4L Qina immune booster does.<\/span><\/p><p style=\"text-align: center;\"><span style=\"color: #000000; font-family: Arial, Helvetica, sans-serif;\"><a class=\"buy\" href=\"#buy\"><strong>ALLER ACHETER MAINTENANT<\/strong><\/a><\/span><\/p><p><span style=\"color: #000000; font-family: Arial, Helvetica, sans-serif;\">D&#039;un point de vue biologique, le produit chimique qui p\u00e9n\u00e8tre dans un macrophage et l&#039;active est normalement une attaque pathog\u00e8ne, mais en raison de la lenteur des macrophages, ils sont g\u00e9n\u00e9ralement infect\u00e9s avant de pouvoir agir. Les macrophages activ\u00e9s commencent \u00e0 communiquer avec d&#039;autres cellules du syst\u00e8me immunitaire, leur permettant non seulement d&#039;augmenter leur fonction, mais aussi leur production.<\/span><\/p><p><span style=\"color: #000000; font-family: Arial, Helvetica, sans-serif;\">Cette analogie explique facilement pourquoi les essais cliniques ont montr\u00e9 qu&#039;en 24 heures, NG4L Qina agit sur les cellules cl\u00e9s du syst\u00e8me immunitaire appel\u00e9es macrophages et augmente \u00e0 la fois leur production et leur fonctionnalit\u00e9. Ces cellules sont capables de reconna\u00eetre tout \u00e9l\u00e9ment \u00e9tranger et commencent \u00e0 \u00e9changer des informations avec d&#039;autres cellules. Le r\u00e9sultat est une augmentation du nombre de lymphocytes T et B, ainsi que de cytokines, qui sont des indicateurs cl\u00e9s d&#039;un syst\u00e8me immunitaire am\u00e9lior\u00e9.<\/span><\/p><p><span style=\"color: #000000; font-family: Arial, Helvetica, sans-serif;\">NG4L Qina produces a decrease in viral load and maintains this response when used. Studies have shown that Qina can influence the decrease in the production of tumor necrosis factor &#8211; \u03b1 by macrophages. It is known that this cytokine plays a role in important in viral replication.<\/span><\/p><p style=\"text-align: center;\"><span style=\"color: #000000; font-family: Arial, Helvetica, sans-serif;\"><strong><a class=\"buy\" href=\"#buy\">ALLER ACHETER MAINTENANT<\/a><\/strong><\/span><\/p><p><span style=\"color: #000000; font-family: Arial, Helvetica, sans-serif;\"><strong>AVANTAGE:<\/strong><\/span><\/p><ul><li><span style=\"color: #000000; font-family: Arial, Helvetica, sans-serif;\"><em>La formule naturelle NG4L Qina a une action \u00e0 la fois pr\u00e9ventive et curative ;<\/em><\/span><\/li><li><span style=\"color: #000000; font-family: Arial, Helvetica, sans-serif;\"><em>It represents a\u00a0simple, effective and safe way\u00a0to\u00a0improve the resistance capacities of all the family against various infections;<\/em><\/span><\/li><li><span style=\"color: #000000; font-family: Arial, Helvetica, sans-serif;\"><em>Permet de r\u00e9aliser des \u00e9conomies consid\u00e9rables sur les soins de sant\u00e9 en r\u00e9duisant consid\u00e9rablement les motifs de consultations.<\/em><\/span><\/li><\/ul><p><span style=\"color: #000000; font-family: Arial, Helvetica, sans-serif;\"><strong>Mode d&#039;emploi:<\/strong>\u00a0La posologie usuelle recommand\u00e9e est de 10 \u00e0 20 gouttes 2 \u00e0 3 fois par jour, dilu\u00e9es dans un peu d&#039;eau. Chez les enfants de plus de 30 mois, la posologie peut \u00eatre r\u00e9duite de moiti\u00e9.<\/span><\/p><\/div>\n\t\t\t\t<\/div>\n\t\t\t\t\t\t\t<div class=\"elementor-toggle-item\">\n\t\t\t\t\t<h2 id=\"elementor-tab-title-9422\" class=\"elementor-tab-title\" data-tab=\"2\" role=\"button\" aria-controls=\"elementor-tab-content-9422\" aria-expanded=\"false\">\n\t\t\t\t\t\t\t\t\t\t\t\t<span class=\"elementor-toggle-icon elementor-toggle-icon-left\" aria-hidden=\"true\">\n\t\t\t\t\t\t\t\t\t\t\t\t\t\t\t<span class=\"elementor-toggle-icon-closed\"><i class=\"far fa-caret-square-right\"><\/i><\/span>\n\t\t\t\t\t\t\t\t<span class=\"elementor-toggle-icon-opened\"><i class=\"elementor-toggle-icon-opened fas fa-caret-square-up\"><\/i><\/span>\n\t\t\t\t\t\t\t\t\t\t\t\t\t<\/span>\n\t\t\t\t\t\t\t\t\t\t\t\t<a class=\"elementor-toggle-title\" tabindex=\"0\">..<\/a>\n\t\t\t\t\t<\/h2>\n\n\t\t\t\t\t<div id=\"elementor-tab-content-9422\" class=\"elementor-tab-content elementor-clearfix\" data-tab=\"2\" role=\"region\" aria-labelledby=\"elementor-tab-title-9422\"><\/div>\n\t\t\t\t<\/div>\n\t\t\t\t\t\t\t\t<\/div>\n\t\t\t\t\t\t<\/div>\n\t\t\t\t<\/div>\n\t\t\t\t\t<\/div>\n\t\t<\/div>\n\t\t\t\t\t<\/div>\n\t\t<\/section>\n\t\t\t\t<\/div>","protected":false},"excerpt":{"rendered":"<p><strong><span style=\"font-family: go;\"><a name=\"buy\"><\/a><\/span><\/strong><\/p>\n<ul>\n<li style=\"list-style-type: none;\">\n<ul>\n<li><strong><span style=\"font-family: go;\">Renforce le syst\u00e8me immunitaire<\/span><\/strong><\/li>\n<li><strong><span style=\"font-family: go;\">Am\u00e9liore la capacit\u00e9 du corps \u00e0 faire face aux agressions ext\u00e9rieures<\/span><\/strong><\/li>\n<li><strong><span style=\"font-family: go;\">Augmente l&#039;activit\u00e9 des macrophages et acc\u00e9l\u00e8re la r\u00e9cup\u00e9ration<\/span><\/strong><\/li>\n<li><strong><span style=\"font-family: go;\">Emp\u00eache la maladie et r\u00e9tablit la sant\u00e9<\/span><\/strong><\/li>\n<\/ul>\n<\/li>\n<\/ul>\n<p><strong>\u00a0\u00a0\u00a0\u00a0\u00a0\u00a0\u00a0\u00a0\u00a0\u00a0\u00a0\u00a0\u00a0\u00a0\u00a0 &gt;&gt;&gt;<span style=\"font-family: go; font-size: 14pt;\"><a href=\"#more\"><span style=\"color: #0000ff;\">Lire la suite<\/span><\/a><\/span><\/strong><\/p>","protected":false},"featured_media":3064,"comment_status":"open","ping_status":"closed","template":"","meta":{"nf_dc_page":"","_bbp_topic_count":0,"_bbp_reply_count":0,"_bbp_total_topic_count":0,"_bbp_total_reply_count":0,"_bbp_voice_count":0,"_bbp_anonymous_reply_count":0,"_bbp_topic_count_hidden":0,"_bbp_reply_count_hidden":0,"_bbp_forum_subforum_count":0},"product_brand":[],"product_cat":[33],"product_tag":[],"class_list":{"0":"post-8136","1":"product","2":"type-product","3":"status-publish","4":"has-post-thumbnail","6":"product_cat-all-products","8":"first","9":"outofstock","10":"featured","11":"shipping-taxable","12":"purchasable","13":"product-type-simple"},"bundled_by":["3060"],"bundle_stock_status":"outofstock","bundle_stock_quantity":0,"bundle_virtual":false,"bundle_layout":"","bundle_add_to_cart_form_location":"","bundle_editable_in_cart":false,"bundle_sold_individually_context":"","bundle_item_grouping":"","bundle_min_size":"","bundle_max_size":"","bundled_items":[],"bundle_sell_ids":[],"_links":{"self":[{"href":"https:\/\/www.naturesgiftforlife.com\/fr\/wp-json\/wp\/v2\/product\/8136","targetHints":{"allow":["GET"]}}],"collection":[{"href":"https:\/\/www.naturesgiftforlife.com\/fr\/wp-json\/wp\/v2\/product"}],"about":[{"href":"https:\/\/www.naturesgiftforlife.com\/fr\/wp-json\/wp\/v2\/types\/product"}],"replies":[{"embeddable":true,"href":"https:\/\/www.naturesgiftforlife.com\/fr\/wp-json\/wp\/v2\/comments?post=8136"}],"version-history":[{"count":0,"href":"https:\/\/www.naturesgiftforlife.com\/fr\/wp-json\/wp\/v2\/product\/8136\/revisions"}],"wp:featuredmedia":[{"embeddable":true,"href":"https:\/\/www.naturesgiftforlife.com\/fr\/wp-json\/wp\/v2\/media\/3064"}],"wp:attachment":[{"href":"https:\/\/www.naturesgiftforlife.com\/fr\/wp-json\/wp\/v2\/media?parent=8136"}],"wp:term":[{"taxonomy":"product_brand","embeddable":true,"href":"https:\/\/www.naturesgiftforlife.com\/fr\/wp-json\/wp\/v2\/product_brand?post=8136"},{"taxonomy":"product_cat","embeddable":true,"href":"https:\/\/www.naturesgiftforlife.com\/fr\/wp-json\/wp\/v2\/product_cat?post=8136"},{"taxonomy":"product_tag","embeddable":true,"href":"https:\/\/www.naturesgiftforlife.com\/fr\/wp-json\/wp\/v2\/product_tag?post=8136"}],"curies":[{"name":"wp","href":"https:\/\/api.w.org\/{rel}","templated":true}]}}