{"id":8120,"date":"2021-03-18T13:52:08","date_gmt":"2021-03-18T13:52:08","guid":{"rendered":"https:\/\/www.naturesgiftforlife.com\/?post_type=product&#038;p=8120"},"modified":"2023-08-23T16:31:14","modified_gmt":"2023-08-23T16:31:14","slug":"diabetes-and-syndrome-x","status":"publish","type":"product","link":"https:\/\/www.naturesgiftforlife.com\/fr\/shop\/diabetes-and-syndrome-x\/","title":{"rendered":"Diab\u00e8te et syndrome X"},"content":{"rendered":"<div data-elementor-type=\"wp-post\" data-elementor-id=\"8120\" class=\"elementor elementor-8120\">\n\t\t\t\t\t\t<section class=\"elementor-section elementor-top-section elementor-element elementor-element-65324e2 elementor-section-boxed elementor-section-height-default elementor-section-height-default\" data-id=\"65324e2\" data-element_type=\"section\" data-e-type=\"section\">\n\t\t\t\t\t\t<div class=\"elementor-container elementor-column-gap-default\">\n\t\t\t\t\t<div class=\"elementor-column elementor-col-100 elementor-top-column elementor-element elementor-element-71f1aa5\" data-id=\"71f1aa5\" data-element_type=\"column\" data-e-type=\"column\">\n\t\t\t<div class=\"elementor-widget-wrap elementor-element-populated\">\n\t\t\t\t\t\t<div class=\"elementor-element elementor-element-dacbc19 elementor-widget elementor-widget-html\" data-id=\"dacbc19\" data-element_type=\"widget\" data-e-type=\"widget\" data-widget_type=\"html.default\">\n\t\t\t\t<div class=\"elementor-widget-container\">\n\t\t\t\t\t<a name=\"more\"><\/a>\t\t\t\t<\/div>\n\t\t\t\t<\/div>\n\t\t\t\t<div class=\"elementor-element elementor-element-820e425 elementor-invisible elementor-widget elementor-widget-toggle\" data-id=\"820e425\" data-element_type=\"widget\" data-e-type=\"widget\" data-settings=\"{&quot;_animation&quot;:&quot;flash&quot;}\" data-widget_type=\"toggle.default\">\n\t\t\t\t<div class=\"elementor-widget-container\">\n\t\t\t\t\t\t\t<div class=\"elementor-toggle\">\n\t\t\t\t\t\t\t<div class=\"elementor-toggle-item\">\n\t\t\t\t\t<div id=\"elementor-tab-title-1361\" class=\"elementor-tab-title\" data-tab=\"1\" role=\"button\" aria-controls=\"elementor-tab-content-1361\" aria-expanded=\"false\">\n\t\t\t\t\t\t\t\t\t\t\t\t<span class=\"elementor-toggle-icon elementor-toggle-icon-left\" aria-hidden=\"true\">\n\t\t\t\t\t\t\t\t\t\t\t\t\t\t\t<span class=\"elementor-toggle-icon-closed\"><i class=\"far fa-caret-square-right\"><\/i><\/span>\n\t\t\t\t\t\t\t\t<span class=\"elementor-toggle-icon-opened\"><i class=\"elementor-toggle-icon-opened fas fa-caret-square-up\"><\/i><\/span>\n\t\t\t\t\t\t\t\t\t\t\t\t\t<\/span>\n\t\t\t\t\t\t\t\t\t\t\t\t<a class=\"elementor-toggle-title\" tabindex=\"0\">Description d\u00e9taill\u00e9e du produit \/ faits sur les suppl\u00e9ments<\/a>\n\t\t\t\t\t<\/div>\n\n\t\t\t\t\t<div id=\"elementor-tab-content-1361\" class=\"elementor-tab-content elementor-clearfix\" data-tab=\"1\" role=\"region\" aria-labelledby=\"elementor-tab-title-1361\"><p style=\"text-align: center;\"><span style=\"font-size: 12pt; color: #000000;\"><strong><em>NG4L Diab\u00e8te et <a href=\"https:\/\/www.rmbibow.com\/\" target=\"_blank\" rel=\"noopener\">Syndrome<\/a> X un compl\u00e9ment naturel mis en place pour la prise en charge du syndrome x<\/em><\/strong><\/span><\/p><p><span style=\"color: #000000;\"><strong>Avantages:<\/strong><\/span><\/p><ul><li><span style=\"color: #000000;\">Aide \u00e0 rester en bonne sant\u00e9 <a href=\"https:\/\/livehealthylivehappy.com\/category\/diabetes\/\" target=\"_blank\" rel=\"noopener\">glyc\u00e9mie<\/a><\/span><\/li><li><span style=\"color: #000000;\">Aide \u00e0 maintenir le m\u00e9tabolisme du sucre<\/span><\/li><li><span style=\"color: #000000;\">Abaisse<a href=\"https:\/\/www.naturesgiftforlife.com\/fr\/shop\/uvlrx-therapy-session\/\"> du sang<\/a> pression<\/span><\/li><li><span style=\"color: #000000;\">R\u00e9duit les risques de maladies cardiovasculaires, de maladies cardiaques et d&#039;accidents vasculaires c\u00e9r\u00e9braux.<\/span><\/li><li><span style=\"color: #000000;\">Pr\u00e9vient les complications du diab\u00e8te (r\u00e9tinopathie diab\u00e9tique, neuropathie)<\/span><\/li><li><span style=\"color: #000000;\">Abaisse les triglyc\u00e9rides.<\/span><\/li><li><span style=\"color: #000000;\">Aide \u00e0 acc\u00e9l\u00e9rer l&#039;excr\u00e9tion de l&#039;exc\u00e8s de sucre non n\u00e9cessaire au m\u00e9tabolisme \u00e9nerg\u00e9tique.<\/span><\/li><li><span style=\"color: #000000;\">Aide \u00e0 limiter la lib\u00e9ration du sucre stock\u00e9 des graisses<\/span><\/li><li><span style=\"color: #000000;\">Poss\u00e8de une propri\u00e9t\u00e9 antioxydante qui prot\u00e8ge contre le stress oxydatif et soutient la fonction immunitaire.<\/span><\/li><li><span style=\"color: #000000;\">Fournit une forme stable de L-cyst\u00e9ine et un pr\u00e9curseur efficace du glutathion<\/span><\/li><li><span style=\"color: #000000;\">Produit puissant pour les patients insulinod\u00e9pendants.<\/span><\/li><\/ul><p style=\"text-align: center;\"><span style=\"color: #000000;\"><strong><u><a class=\"buy\" href=\"#buy\">ALLER ACHETER MAINTENANT<\/a><\/u><\/strong><\/span><\/p><p><span style=\"color: #000000;\"><strong><u>introduction<\/u><\/strong><\/span><\/p><p><span style=\"color: #000000;\">Blood Sugar is metabolized by the body in very complex ways. In an ideal state, the body uses the sugars derived from food only as required for metabolism, ensuring there is sufficient glucose in the blood at all times for our energy requirements, but that is it not present in excess. The excess sugar from our food is stored in fat for use later when we don&#8217;t have sufficient foods available for our immediate energy requirements.<\/span><\/p><p><span style=\"color: #000000;\">Le syndrome x, \u00e9galement connu sous le nom de syndrome de r\u00e9sistance \u00e0 l&#039;insuline, ou syndrome m\u00e9tabolique, affecte plus de 150 millions de personnes dans le monde et sa pr\u00e9valence augmente avec l&#039;\u00e2ge. Le syndrome x fait r\u00e9f\u00e9rence aux conditions provoqu\u00e9es par des r\u00e9gimes alimentaires riches en glucides raffin\u00e9s.<\/span><\/p><p><span style=\"color: #000000;\">\u00a0At the cell level this means that the insulin receptors that allow the transport of blood sugar into the cell are blocked from accepting insulin and so the blood sugar can&#8217;t get through, leading to both high blood glucose and high insulin levels as the pancreas tries to overcome this resistance by producing extra insulin.<\/span><\/p><p><span style=\"color: #000000;\">Having syndrome x increases one&#8217;s odds of developing diabetes, cancer or heart disease. The easiest way to diagnose insulin resistance is with a glucose tolerance test.<\/span><\/p><p style=\"text-align: center;\"><a class=\"buy\" href=\"#buy\"><strong>ALLER ACHETER MAINTENANT<\/strong><\/a><\/p><p><span style=\"color: #000000;\">Syndrome X is a cluster of diabetes-like symptoms which includes : elevated cholesterol or triglycerides; abdominal obesity; high blood pressure, tiredness and a fuzzy mind, elevated blood sugar, and high insulin levels. These predispose to faster aging, heart disease, cancer, Alzheimer&#8217;s and other age related diseases. <\/span><br \/><span style=\"color: #000000;\">\u00a0<\/span><br \/><span style=\"color: #000000;\">Pour comprendre comment <strong><em>NG4L Diab\u00e8te et Syndrome X<\/em><\/strong> fonctionne pour maintenir une glyc\u00e9mie normale, il est important d&#039;examiner les \u00e9tapes par lesquelles passe le corps pour m\u00e9taboliser la glyc\u00e9mie\u00a0:<\/span><\/p><ul><li><span style=\"color: #000000;\">Les aliments sont dig\u00e9r\u00e9s dans l&#039;estomac et les intestins. Les amidons et les glucides, qui sont des mol\u00e9cules de sucre \u00e0 longue cha\u00eene, sont d\u00e9compos\u00e9s en sucres plus simples qui peuvent \u00eatre absorb\u00e9s dans la circulation sanguine. C&#039;est de l\u00e0 que proviennent la majorit\u00e9 de nos sucres alimentaires. En outre, des quantit\u00e9s moindres sont lib\u00e9r\u00e9es des graisses que nous mangeons, \u00e9galement d\u00e9compos\u00e9es en sucres plus simples et absorb\u00e9es dans la circulation sanguine.<\/span><\/li><\/ul><p style=\"text-align: center;\"><a class=\"buy\" href=\"#buy\"><strong>ALLER ACHETER MAINTENANT<\/strong><\/a><\/p><ul><li><span style=\"color: #000000;\">En r\u00e9ponse \u00e0 cette augmentation de la glyc\u00e9mie apr\u00e8s un repas, le corps produit quelques enzymes, principalement de l&#039;insuline et de la glucokinase h\u00e9patique, qui agissent comme des d\u00e9clencheurs pour permettre \u00e0 la glyc\u00e9mie d&#039;entrer dans les cellules o\u00f9 elle peut \u00eatre utilis\u00e9e pour produire de l&#039;\u00e9nergie. Ces enzymes, en particulier l&#039;insuline, s&#039;adaptent aux r\u00e9cepteurs \u00e0 la surface des cellules et agissent pour ouvrir un passage dans la cellule pour permettre l&#039;entr\u00e9e du sucre. Comme une cl\u00e9 ouvrant une porte verrouill\u00e9e dans la cellule, permettant l&#039;entr\u00e9e des sucres \u00e0 utiliser dans la cellule.<\/span><\/li><li><span style=\"color: #000000;\">Tout sucre en exc\u00e8s de ce qui est n\u00e9cessaire \u00e0 ce moment-l\u00e0 est converti par d&#039;autres enzymes en compos\u00e9s qui sont stock\u00e9s dans les graisses dans le corps. Plus tard, lorsqu&#039;il n&#039;y a pas de sources alimentaires de sucre \u00e0 utiliser par le corps, ces r\u00e9serves de graisse lib\u00e8rent les sucres dans la circulation sanguine pour une utilisation selon les besoins.<\/span><\/li><\/ul><p><span style=\"color: #000000;\">Malheureusement, dans le syndrome m\u00e9tabolique, il y a plusieurs points o\u00f9 ce m\u00e9canisme normal de sucre dans le sang se d\u00e9r\u00e8gle. Dans le diab\u00e8te de type 2 et dans le syndrome m\u00e9tabolique (\u00e9galement connu sous le nom de syndrome X), plusieurs des m\u00e9canismes \u00e9chouent g\u00e9n\u00e9ralement. C&#039;est ici que <strong><em>NG4L Diab\u00e8te et Syndrome X<\/em><\/strong> entre en jeu. Il existe au moins cinq m\u00e9canismes diff\u00e9rents par lesquels <strong><em>NG4L Diab\u00e8te et Syndrome X <\/em><\/strong>agit en aidant le corps \u00e0 maintenir une glyc\u00e9mie normale et saine :<\/span><\/p><p style=\"text-align: center;\"><a class=\"buy\" href=\"#buy\"><strong>ALLER ACHETER MAINTENANT<\/strong><\/a><\/p><ul><li><span style=\"color: #000000;\">La premi\u00e8re fa\u00e7on <strong><em>NG4L Diab\u00e8te et Syndrome X<\/em><\/strong> aide est de modifier la fa\u00e7on dont le corps dig\u00e8re les aliments que nous mangeons. Comme indiqu\u00e9 pr\u00e9c\u00e9demment, la majeure partie de notre glyc\u00e9mie provient des amidons et des glucides que nous mangeons. Ceux-ci sont dig\u00e9r\u00e9s dans les intestins par des enzymes appel\u00e9es alphaglucosidases. (Alpha-glucoside est le terme technique pour les amidons. Les alpha-glucoside-ases sont les enzymes qui dig\u00e8rent ces amidons) <strong><em>NG4L Diab\u00e8te et Syndrome X<\/em><\/strong> contient un extrait de l&#039;\u00e9corce de racine d&#039;un arbre rare d&#039;Inde nomm\u00e9 <em>Salacia oblonga<\/em>. Salacia contient un inhibiteur naturel de l&#039;alphaglucosidase qui limite la digestion des amidons dans l&#039;intestin. Lorsque les amidons ne sont pas dig\u00e9r\u00e9s, les sucres n&#039;entrent jamais dans la circulation sanguine en premier lieu, mais sont plut\u00f4t transmis inchang\u00e9s. Ce m\u00e9canisme est le m\u00eame que celui que l&#039;on retrouve dans plusieurs antidiab\u00e9tiques oraux comme l&#039;acarbose (Precose tm). La recherche a indiqu\u00e9 que le salacia naturel est environ 200 fois plus efficace que l&#039;acarbose. <\/span><p><span style=\"color: #000000;\">Il y a un autre compos\u00e9 dans <strong><em>NG4L Diab\u00e8te et Syndrome X<\/em><\/strong> du champignon m\u00e9dicinal <em>Grifola frondosa<\/em> (Maitake) qui est \u00e9galement un inhibiteur de l&#039;alphaglucosidase. Celui-ci permet de limiter la quantit\u00e9 de sucres lib\u00e9r\u00e9s par les glucides que nous consommons. Ensemble, ces deux inhibiteurs de l&#039;alphaglucosidase r\u00e9duisent consid\u00e9rablement la quantit\u00e9 de sucre qui p\u00e9n\u00e8tre dans la circulation sanguine en premier lieu. Quand il y a moins de sucre absorb\u00e9 par notre alimentation, le corps a moins de choses \u00e0 essayer de garder sous contr\u00f4le.<\/span><\/p><\/li><\/ul><p style=\"text-align: center;\"><strong><a class=\"buy\" href=\"#buy\">ALLER ACHETER MAINTENANT<\/a><\/strong><\/p><p><span style=\"color: #000000;\"><strong>M\u00e9canisme d&#039;action # 1 : Ces deux inhibiteurs de l&#039;alphaglucosidase affectent le m\u00e9tabolisme du sucre dans le sang en limitant l&#039;absorption du glucose d&#039;origine alimentaire dans les deux heures suivant le repas.<\/strong> <\/span><br \/><span style=\"color: #000000;\">\u00a0<\/span><\/p><p><span style=\"color: #000000;\">Le deuxi\u00e8me m\u00e9canisme vient du champignon m\u00e9dicinal bien connu <em>Cordyceps sinensis. <\/em>Ce champignon contient des compos\u00e9s qui affectent le m\u00e9tabolisme du sucre dans le sang de deux mani\u00e8res diff\u00e9rentes :<\/span><br \/><span style=\"color: #000000;\">\u00a0 a) Augmente la production de l&#039;enzyme glucokinase h\u00e9patique, qui est un m\u00e9canisme secondaire par lequel le corps m\u00e9tabolise la glyc\u00e9mie. <\/span><br \/><span style=\"color: #000000;\">\u00a0 b) Augmente la sensibilit\u00e9 des r\u00e9cepteurs de l&#039;insuline \u00e0 la surface des cellules, de sorte que toute insuline pr\u00e9sente soit utilis\u00e9e plus efficacement.<\/span><\/p><p><span style=\"color: #000000;\"><strong>M\u00e9canisme d&#039;action #2 : Cordyceps affecte positivement le m\u00e9tabolisme de la glyc\u00e9mie tout au long de la journ\u00e9e en augmentant la sensibilit\u00e9 \u00e0 l&#039;insuline.<\/strong><\/span><\/p><p style=\"text-align: center;\"><span style=\"color: #000000;\"> <a class=\"buy\" href=\"#buy\"><strong>ALLER ACHETER MAINTENANT<\/strong><\/a><\/span><\/p><ul><li><span style=\"color: #000000;\">The third mechanism is from\u00a0a special extract of Cinnamon, containing a group of bioactive compounds called MHCP (Methyl-Hydroxy-Chalcone-Polymer). We derive this from two types of cinnamon, both <em>Cinnamomum zylanicum<\/em> (Vraie Cannelle de Madagascar) et <em>Cinnamomum cassia<\/em> (appel\u00e9 Bastard Cinnamon de l&#039;Inde).<strong><em> NG4L Diab\u00e8te et Syndrome X<\/em><\/strong> est le seul produit sur le march\u00e9 contenant ces deux cannelles. <\/span><p><span style=\"color: #000000;\"><strong>Mechanism of Action #3: Cinnamon affects blood sugar metabolism by limiting the release of stored sugar from fat. Cinnamon&#8217;s MHCP compounds inhibit the enzymes which trigger the release of glucose between meals and while sleeping.<br \/><\/strong><\/span><\/p><\/li><li><span style=\"color: #000000;\">La quatri\u00e8me fa\u00e7on dont <strong><em>NG4L Diab\u00e8te et Syndrome X<\/em><\/strong> affecte le m\u00e9tabolisme du sucre dans le sang est du champignon m\u00e9dicinal Coprinus Comatus. Il a \u00e9t\u00e9 d\u00e9montr\u00e9 que ce champignon r\u00e9duit l&#039;exc\u00e8s de sucre dans le sang par un m\u00e9canisme qui n&#039;est que partiellement compris, probablement par une excr\u00e9tion accrue par les reins.<\/span><p><span style=\"color: #000000;\"><strong>M\u00e9canisme d&#039;action #4\u00a0: Coprinus affecte le m\u00e9tabolisme de la glyc\u00e9mie en acc\u00e9l\u00e9rant l&#039;excr\u00e9tion de l&#039;exc\u00e8s de sucre non requis pour le m\u00e9tabolisme \u00e9nerg\u00e9tique.<\/strong> <\/span><\/p><\/li><\/ul><p><span style=\"color: #000000;\">La cinqui\u00e8me fa\u00e7on que <em>NG4L Diab\u00e8te et Syndrome X<\/em> affecte la glyc\u00e9mie se fait par l&#039;action catalytique du chrome et de la biotine. Ces deux \u00e9l\u00e9ments sont n\u00e9cessaires au m\u00e9tabolisme normal de la glyc\u00e9mie et sont encore plus importants chez les personnes atteintes de diab\u00e8te de type 2. Le type de chrome utilis\u00e9 dans <em>NG4L Diab\u00e8te et Syndrome X<\/em>\u00a0est le polynicotinate de chrome, qui est le type le plus absorbable. Chaque comprim\u00e9 de <em>NG4L Diab\u00e8te et Syndrome X<\/em> contient 200 \u00b5g de chrome \u00e9l\u00e9mentaire, pour un total de 800 \u00b5g par jour. C&#039;est la dose optimale pour le contr\u00f4le de la glyc\u00e9mie.<\/span><\/p><p style=\"text-align: center;\"><a class=\"buy\" href=\"#buy\"><strong>ALLER ACHETER MAINTENANT<\/strong><\/a><\/p><p><span style=\"color: #000000;\">La biotine est \u00e9galement impliqu\u00e9e dans la d\u00e9gradation de l&#039;exc\u00e8s de sucre dans le sang. Alors que nous obtenons normalement de la biotine dans notre alimentation, la quantit\u00e9 normalement consomm\u00e9e est insuffisante pour affecter la glyc\u00e9mie chez les diab\u00e9tiques de type 2. <strong><em>NG4L Diab\u00e8te et Syndrome X<\/em><\/strong> contient 8 mg de biotine par comprim\u00e9, ce qui est plusieurs fois la quantit\u00e9 trouv\u00e9e dans notre alimentation normale.<\/span><\/p><p><span style=\"color: #000000;\"><strong>PR\u00c9SENTATION: <\/strong>Bo\u00eete de 120 g\u00e9lules de 750 mg<\/span><\/p><table width=\"623\"><tbody><tr><td colspan=\"3\" width=\"623\"><p><span style=\"color: #000000;\"><strong>Faits sur les suppl\u00e9ments<\/strong><\/span><\/p><p><span style=\"color: #000000;\">Portion : Deux (2) Capsules<\/span><\/p><p><span style=\"color: #000000;\">Portion par conteneur 60<\/span><\/p><\/td><\/tr><tr><td width=\"252\"><p><span style=\"color: #000000;\"><strong>Ingr\u00e9dients actifs <\/strong><\/span><\/p><\/td><td width=\"207\"><p><span style=\"color: #000000;\"><strong>Quantit\u00e9 par portion\u00a0 <\/strong><\/span><\/p><\/td><td width=\"164\"><p><span style=\"color: #000000;\"><strong>% Valeurs journali\u00e8res <\/strong><\/span><\/p><\/td><\/tr><tr><td colspan=\"3\" width=\"623\"><p><span style=\"color: #000000;\">M\u00e9lange exclusif\u2026\u2026\u2026\u2026\u2026\u2026\u2026\u2026\u2026\u2026\u2026\u2026\u2026\u2026\u2026750mg<\/span><\/p><\/td><\/tr><tr><td colspan=\"3\" width=\"623\"><p><span style=\"color: #000000;\">Spectre complet Cordyceps sinensis Hybnd. Gntola, extrait de Grifolia frondosa (inhibiteur d&#039;alphaglucosidase A). Extrait de Salacia oblongs (Ajphaglucosidase inhibiteur B) Extrait de Coprinus comatus, Chrome, ch\u00e9late de nicotinate glycinate. Extrait de cannelle de Madagascar et Biotine.<\/span><\/p><\/td><\/tr><tr><td colspan=\"3\" width=\"623\"><p><span style=\"color: #000000;\">*Pourcentage de valeur papa bas\u00e9 sur un r\u00e9gime de 2 000 calories<\/span><\/p><p><span style=\"color: #000000;\">*Valeur quotidienne non \u00e9tablie<\/span><\/p><\/td><\/tr><tr><td colspan=\"3\" width=\"623\"><p><span style=\"color: #000000;\">D&#039;autres ingr\u00e9dients : Capsule v\u00e9g\u00e9tale<\/span><\/p><\/td><\/tr><\/tbody><\/table><p><span style=\"color: #000000;\"><strong>M\u00e9canisme d&#039;action #5 : Le chrome et la biotine affectent le m\u00e9tabolisme du sucre dans le sang de mani\u00e8re catalytique.<\/strong><\/span><\/p><h2><span style=\"font-size: 12pt; color: #000000;\">Avec cinq m\u00e9canismes d&#039;action, NG4L Diab\u00e8te et Syndrome X montre une bonne efficacit\u00e9 chez plus de 80% de personnes qui l&#039;utilisent\u00a0!<\/span><\/h2><p><span style=\"color: #000000;\"><strong><u>DOSE:<\/u><\/strong> 1 comprim\u00e9 2x\/jour.<\/span><\/p><p><span style=\"color: #000000;\"><strong>\u00a0<\/strong><\/span><\/p><\/div>\n\t\t\t\t<\/div>\n\t\t\t\t\t\t\t<div class=\"elementor-toggle-item\">\n\t\t\t\t\t<div id=\"elementor-tab-title-1362\" class=\"elementor-tab-title\" data-tab=\"2\" role=\"button\" aria-controls=\"elementor-tab-content-1362\" aria-expanded=\"false\">\n\t\t\t\t\t\t\t\t\t\t\t\t<span class=\"elementor-toggle-icon elementor-toggle-icon-left\" aria-hidden=\"true\">\n\t\t\t\t\t\t\t\t\t\t\t\t\t\t\t<span class=\"elementor-toggle-icon-closed\"><i class=\"far fa-caret-square-right\"><\/i><\/span>\n\t\t\t\t\t\t\t\t<span class=\"elementor-toggle-icon-opened\"><i class=\"elementor-toggle-icon-opened fas fa-caret-square-up\"><\/i><\/span>\n\t\t\t\t\t\t\t\t\t\t\t\t\t<\/span>\n\t\t\t\t\t\t\t\t\t\t\t\t<a class=\"elementor-toggle-title\" tabindex=\"0\">..<\/a>\n\t\t\t\t\t<\/div>\n\n\t\t\t\t\t<div id=\"elementor-tab-content-1362\" class=\"elementor-tab-content elementor-clearfix\" data-tab=\"2\" role=\"region\" aria-labelledby=\"elementor-tab-title-1362\"><\/div>\n\t\t\t\t<\/div>\n\t\t\t\t\t\t\t\t<\/div>\n\t\t\t\t\t\t<\/div>\n\t\t\t\t<\/div>\n\t\t\t\t\t<\/div>\n\t\t<\/div>\n\t\t\t\t\t<\/div>\n\t\t<\/section>\n\t\t\t\t<\/div>","protected":false},"excerpt":{"rendered":"<p><strong><span style=\"font-family: go;\"><a name=\"buy\"><\/a><\/span><\/strong><\/p>\n<ul>\n<li><strong><span style=\"font-family: go;\">Aide \u00e0 maintenir une glyc\u00e9mie saine<\/span><\/strong><\/li>\n<li><strong><span style=\"font-family: go;\">Aide \u00e0 maintenir le m\u00e9tabolisme du sucre<\/span><\/strong><\/li>\n<li><strong><span style=\"font-family: go;\">Abaisse la tension art\u00e9rielle<\/span><\/strong><\/li>\n<li><strong><span style=\"font-family: go;\">R\u00e9duit les risques de maladies cardiovasculaires, de maladies cardiaques et <\/span><\/strong><\/li>\n<\/ul>\n<p><strong>\u00a0\u00a0\u00a0\u00a0\u00a0 &gt;&gt;&gt;<span style=\"font-family: go; font-size: 14pt;\"><a href=\"#more\"><span style=\"color: #0000ff;\">Lire la suite<\/span><\/a><\/span><\/strong><\/p>","protected":false},"featured_media":3256,"comment_status":"open","ping_status":"closed","template":"","meta":{"nf_dc_page":"","_bbp_topic_count":0,"_bbp_reply_count":0,"_bbp_total_topic_count":0,"_bbp_total_reply_count":0,"_bbp_voice_count":0,"_bbp_anonymous_reply_count":0,"_bbp_topic_count_hidden":0,"_bbp_reply_count_hidden":0,"_bbp_forum_subforum_count":0},"product_brand":[],"product_cat":[33],"product_tag":[],"class_list":{"0":"post-8120","1":"product","2":"type-product","3":"status-publish","4":"has-post-thumbnail","6":"product_cat-all-products","8":"first","9":"instock","10":"featured","11":"shipping-taxable","12":"purchasable","13":"product-type-simple"},"bundled_by":["3253"],"bundle_stock_status":"instock","bundle_stock_quantity":2,"bundle_virtual":false,"bundle_layout":"","bundle_add_to_cart_form_location":"","bundle_editable_in_cart":false,"bundle_sold_individually_context":"","bundle_item_grouping":"","bundle_min_size":"","bundle_max_size":"","bundled_items":[],"bundle_sell_ids":[],"_links":{"self":[{"href":"https:\/\/www.naturesgiftforlife.com\/fr\/wp-json\/wp\/v2\/product\/8120","targetHints":{"allow":["GET"]}}],"collection":[{"href":"https:\/\/www.naturesgiftforlife.com\/fr\/wp-json\/wp\/v2\/product"}],"about":[{"href":"https:\/\/www.naturesgiftforlife.com\/fr\/wp-json\/wp\/v2\/types\/product"}],"replies":[{"embeddable":true,"href":"https:\/\/www.naturesgiftforlife.com\/fr\/wp-json\/wp\/v2\/comments?post=8120"}],"version-history":[{"count":0,"href":"https:\/\/www.naturesgiftforlife.com\/fr\/wp-json\/wp\/v2\/product\/8120\/revisions"}],"wp:featuredmedia":[{"embeddable":true,"href":"https:\/\/www.naturesgiftforlife.com\/fr\/wp-json\/wp\/v2\/media\/3256"}],"wp:attachment":[{"href":"https:\/\/www.naturesgiftforlife.com\/fr\/wp-json\/wp\/v2\/media?parent=8120"}],"wp:term":[{"taxonomy":"product_brand","embeddable":true,"href":"https:\/\/www.naturesgiftforlife.com\/fr\/wp-json\/wp\/v2\/product_brand?post=8120"},{"taxonomy":"product_cat","embeddable":true,"href":"https:\/\/www.naturesgiftforlife.com\/fr\/wp-json\/wp\/v2\/product_cat?post=8120"},{"taxonomy":"product_tag","embeddable":true,"href":"https:\/\/www.naturesgiftforlife.com\/fr\/wp-json\/wp\/v2\/product_tag?post=8120"}],"curies":[{"name":"wp","href":"https:\/\/api.w.org\/{rel}","templated":true}]}}