{"id":5965,"date":"2021-02-17T10:41:19","date_gmt":"2021-02-17T10:41:19","guid":{"rendered":"https:\/\/www.naturesgiftforlife.com\/?post_type=product&#038;p=5965"},"modified":"2023-08-23T16:33:34","modified_gmt":"2023-08-23T16:33:34","slug":"acai-juice-blend","status":"publish","type":"product","link":"https:\/\/www.naturesgiftforlife.com\/fr\/shop\/acai-juice-blend\/","title":{"rendered":"M\u00e9lange de jus d&#039;a\u00e7a\u00ef"},"content":{"rendered":"<p><a name=\"more\"><\/a><br \/>\n[WPSM_AC id=6996]<\/p>\n","protected":false},"excerpt":{"rendered":"<p><strong><span style=\"font-family: go;\"><a name=\"buy\"><\/a><\/span><\/strong><\/p>\n<ul>\n<li>M\u00e9lange de jus d&#039;a\u00e7a\u00ef<\/li>\n<li><span style=\"font-family: go;\"><strong>Aide \u00e0 construire un corps fort en fournissant des prot\u00e9ines<\/strong><\/span><\/li>\n<li><span style=\"font-family: go;\"><strong>Renforce les os<\/strong><\/span><\/li>\n<li><span style=\"font-family: go;\"><strong>Contractions musculaires et r\u00e9g\u00e9n\u00e9ration<\/strong><\/span><\/li>\n<li><span style=\"font-family: go;\"><strong>Augmente l&#039;\u00e9nergie et l&#039;endurance<\/strong><\/span><\/li>\n<li><span style=\"font-family: go;\"><strong>Soulagement du stress<\/strong><\/span><\/li>\n<li><span style=\"font-family: go;\"><strong>Am\u00e9liore la sant\u00e9 sexuelle<\/strong><strong>.<\/strong><\/span><\/li>\n<\/ul>\n<p><strong>\u00a0\u00a0\u00a0\u00a0\u00a0 &gt;&gt;&gt;<span style=\"font-family: go; font-size: 14pt;\"><a href=\"#more\"><span style=\"color: #0000ff;\">Lire la suite<\/span><\/a><\/span><\/strong><\/p>","protected":false},"featured_media":3192,"comment_status":"open","ping_status":"closed","template":"","meta":{"nf_dc_page":"","_bbp_topic_count":0,"_bbp_reply_count":0,"_bbp_total_topic_count":0,"_bbp_total_reply_count":0,"_bbp_voice_count":0,"_bbp_anonymous_reply_count":0,"_bbp_topic_count_hidden":0,"_bbp_reply_count_hidden":0,"_bbp_forum_subforum_count":0},"product_brand":[],"product_cat":[33],"product_tag":[],"class_list":{"0":"post-5965","1":"product","2":"type-product","3":"status-publish","4":"has-post-thumbnail","6":"product_cat-all-products","8":"first","9":"instock","10":"featured","11":"shipping-taxable","12":"purchasable","13":"product-type-simple"},"bundled_by":["3188"],"bundle_stock_status":"instock","bundle_stock_quantity":2,"bundle_virtual":false,"bundle_layout":"","bundle_add_to_cart_form_location":"","bundle_editable_in_cart":false,"bundle_sold_individually_context":"","bundle_item_grouping":"","bundle_min_size":"","bundle_max_size":"","bundled_items":[],"bundle_sell_ids":[],"_links":{"self":[{"href":"https:\/\/www.naturesgiftforlife.com\/fr\/wp-json\/wp\/v2\/product\/5965","targetHints":{"allow":["GET"]}}],"collection":[{"href":"https:\/\/www.naturesgiftforlife.com\/fr\/wp-json\/wp\/v2\/product"}],"about":[{"href":"https:\/\/www.naturesgiftforlife.com\/fr\/wp-json\/wp\/v2\/types\/product"}],"replies":[{"embeddable":true,"href":"https:\/\/www.naturesgiftforlife.com\/fr\/wp-json\/wp\/v2\/comments?post=5965"}],"version-history":[{"count":0,"href":"https:\/\/www.naturesgiftforlife.com\/fr\/wp-json\/wp\/v2\/product\/5965\/revisions"}],"wp:featuredmedia":[{"embeddable":true,"href":"https:\/\/www.naturesgiftforlife.com\/fr\/wp-json\/wp\/v2\/media\/3192"}],"wp:attachment":[{"href":"https:\/\/www.naturesgiftforlife.com\/fr\/wp-json\/wp\/v2\/media?parent=5965"}],"wp:term":[{"taxonomy":"product_brand","embeddable":true,"href":"https:\/\/www.naturesgiftforlife.com\/fr\/wp-json\/wp\/v2\/product_brand?post=5965"},{"taxonomy":"product_cat","embeddable":true,"href":"https:\/\/www.naturesgiftforlife.com\/fr\/wp-json\/wp\/v2\/product_cat?post=5965"},{"taxonomy":"product_tag","embeddable":true,"href":"https:\/\/www.naturesgiftforlife.com\/fr\/wp-json\/wp\/v2\/product_tag?post=5965"}],"curies":[{"name":"wp","href":"https:\/\/api.w.org\/{rel}","templated":true}]}}