{"id":590,"date":"2020-08-18T15:36:06","date_gmt":"2020-08-18T15:36:06","guid":{"rendered":"https:\/\/test.projectilecm.com\/?post_type=product&#038;p=590"},"modified":"2025-11-27T12:43:44","modified_gmt":"2025-11-27T12:43:44","slug":"anti-stress-with-zinc","status":"publish","type":"product","link":"https:\/\/www.naturesgiftforlife.com\/fr\/shop\/anti-stress-with-zinc\/","title":{"rendered":"Anti-Stress with Zinc"},"content":{"rendered":"<div data-elementor-type=\"wp-post\" data-elementor-id=\"590\" class=\"elementor elementor-590\">\n\t\t\t\t\t\t<section class=\"elementor-section elementor-top-section elementor-element elementor-element-d700d47 elementor-section-boxed elementor-section-height-default elementor-section-height-default\" data-id=\"d700d47\" data-element_type=\"section\" data-e-type=\"section\">\n\t\t\t\t\t\t<div class=\"elementor-container elementor-column-gap-default\">\n\t\t\t\t\t<div class=\"elementor-column elementor-col-100 elementor-top-column elementor-element elementor-element-c2640ce\" data-id=\"c2640ce\" data-element_type=\"column\" data-e-type=\"column\">\n\t\t\t<div class=\"elementor-widget-wrap elementor-element-populated\">\n\t\t\t\t\t\t<div class=\"elementor-element elementor-element-9ae0c51 elementor-widget elementor-widget-html\" data-id=\"9ae0c51\" data-element_type=\"widget\" data-e-type=\"widget\" data-widget_type=\"html.default\">\n\t\t\t\t<div class=\"elementor-widget-container\">\n\t\t\t\t\t<a name=\"more\"><\/a>\t\t\t\t<\/div>\n\t\t\t\t<\/div>\n\t\t\t\t<div class=\"elementor-element elementor-element-fd614b4 elementor-invisible elementor-widget elementor-widget-toggle\" data-id=\"fd614b4\" data-element_type=\"widget\" data-e-type=\"widget\" data-settings=\"{&quot;_animation&quot;:&quot;flash&quot;}\" data-widget_type=\"toggle.default\">\n\t\t\t\t<div class=\"elementor-widget-container\">\n\t\t\t\t\t\t\t<div class=\"elementor-toggle\">\n\t\t\t\t\t\t\t<div class=\"elementor-toggle-item\">\n\t\t\t\t\t<div id=\"elementor-tab-title-2651\" class=\"elementor-tab-title\" data-tab=\"1\" role=\"button\" aria-controls=\"elementor-tab-content-2651\" aria-expanded=\"false\">\n\t\t\t\t\t\t\t\t\t\t\t\t<span class=\"elementor-toggle-icon elementor-toggle-icon-left\" aria-hidden=\"true\">\n\t\t\t\t\t\t\t\t\t\t\t\t\t\t\t<span class=\"elementor-toggle-icon-closed\"><i class=\"far fa-caret-square-right\"><\/i><\/span>\n\t\t\t\t\t\t\t\t<span class=\"elementor-toggle-icon-opened\"><i class=\"elementor-toggle-icon-opened fas fa-caret-square-up\"><\/i><\/span>\n\t\t\t\t\t\t\t\t\t\t\t\t\t<\/span>\n\t\t\t\t\t\t\t\t\t\t\t\t<a class=\"elementor-toggle-title\" tabindex=\"0\">Description d\u00e9taill\u00e9e du produit \/ faits sur les suppl\u00e9ments<\/a>\n\t\t\t\t\t<\/div>\n\n\t\t\t\t\t<div id=\"elementor-tab-content-2651\" class=\"elementor-tab-content elementor-clearfix\" data-tab=\"1\" role=\"region\" aria-labelledby=\"elementor-tab-title-2651\"><h2 style=\"text-align: center;\"><span style=\"color: #000000; font-size: 12pt;\">Favorise le m\u00e9tabolisme \u00e9nerg\u00e9tique et la sant\u00e9 du syst\u00e8me nerveux<\/span><\/h2><p><span style=\"color: #000000;\"><strong>Avantages:<\/strong><\/span><\/p><ul><li><span style=\"color: #000000;\">L&#039;anti stress au zinc aide \u00e0 faire face au stress (psychologique et physique), et vous aide \u00e0 vous d\u00e9tendre et \u00e0 augmenter votre qualit\u00e9 de vie.<\/span><\/li><li><span style=\"color: #000000;\">Il vous fournit la teneur en nutriments qui vous aidera \u00e0 faire face aux assauts quotidiens de la n\u00e9gativit\u00e9 qui vous fait r\u00e9agir au stress comme vous le faites.<\/span><\/li><\/ul><p style=\"text-align: center;\"><a class=\"buy\" href=\"#buy\"><strong>ALLER ACHETER MAINTENANT<\/strong><\/a><\/p><p><span style=\"color: #000000;\"><strong>Pr\u00e9sentation du produit<\/strong><\/span><\/p><p><span style=\"color: #000000;\">We all experience stress on a daily basis. It is everywhere! We experience it driving in heavy traffic, dealing with a boss who is less than supportive or just the everyday family situations that come up. What most people don\u2019t understand is that stress is stress (emotional or physical) no matter where it comes from. It is all the same! And all this stress affects the body the same way from a physiological point of view, no matter what the source. So, for over all long-term health it is very important that we get it under control and learn how to deal with it, because of the damage it will eventually do to our bodies.<\/span><\/p><p><span style=\"color: #000000;\">When you work out in the gym&#8230;that is stress, when you are constantly being emotionally bombarded&#8230; that is stress, when you eat the wrong foods&#8230;that is stress and the list goes on. The cumulative physiological effect that all this stress has on the body creates \u2018free radicals\u2019 (which is not good), they damage blood vessels &amp; our cells, which reduce the amount of oxygen that is available to the body. This destroys sleep patterns, causes digestive problems, organ damage and worst of all destroys the vital nutrients that our bodies need to stay healthy.<\/span><\/p><p style=\"text-align: center;\"><a class=\"buy\" href=\"#buy\"><strong>ALLER ACHETER MAINTENANT<\/strong><\/a><\/p><p><span style=\"color: #000000;\">So, what do we do? Well, you can start by taking NG4L\u2019s Anti-stress product; it will provide you with the nutrient content that will help you to cope with the daily onslaught of negativity that makes you react to stress the way you do. Really, dealing with stress begins in the head; the rest is all part of the how your body deals with the trauma. Having the additional support from a <a href=\"https:\/\/www.naturesgiftforlife.com\/fr\/shop\/hericium-erinaceus\/\">nutritif<\/a> diet and supplements, to help provide a solid foundation from which to work to keep you healthy is the only way to go today. When you think about it, your body works fine if it is not over worked, and you only eat a moderately healthy diet. But the trouble starts when you let things get to you, the body can\u2019t keep up with the \u2018drain\u2019 of energy and the need for more of what keeps us healthy. It is a lot like a racecar, you can\u2019t expect it to function at optimal levels if you don\u2019t give it the proper fuel. The body is the same way, it requires nutrients at all levels to be able to deal with situations that are out of realm of what the system is used to handling.<\/span><\/p><p style=\"text-align: center;\"><a class=\"buy\" href=\"#buy\"><strong>ALLER ACHETER MAINTENANT<\/strong><\/a><\/p><p><span style=\"color: #000000;\"><strong>Ce que nous devons faire, c&#039;est<\/strong>:<\/span><br \/><span style=\"color: #000000;\">Identifiez le stress \u00e0 court terme dans votre vie.<\/span><\/p><ul><li><span style=\"color: #000000;\">G\u00e9rez votre surcharge de travail et votre stress au travail.<\/span><\/li><li><span style=\"color: #000000;\">Planifiez \u00e0 l&#039;avance pour r\u00e9duire le stress li\u00e9 \u00e0 la performance.<\/span><br \/><span style=\"color: #000000;\">Apprenez \u00e0 respirer et \u00e0 vous d\u00e9tendre.<\/span><\/li><li><span style=\"color: #000000;\">Ayez une alimentation nutritive.<\/span><\/li><li><span style=\"color: #000000;\">Et prenez le bon type de <a href=\"https:\/\/www.naturesgiftforlife.com\/fr\/shop\/super-anti-aging-plus\/\">suppl\u00e9ments<\/a>.<\/span><\/li><\/ul><p><span style=\"color: #000000; font-size: 12pt;\"><strong>NG4L offers \u2018Anti Stress\u2019 to help you deal with the everyday issues that come up and cause your system to get run down, dealing and coping with stress at every level will make your life more enjoyable!<\/strong><\/span><\/p><p><span style=\"color: #000000;\"><strong>Les directions: <\/strong>Les adultes prennent un comprim\u00e9 3 fois par jour, de pr\u00e9f\u00e9rence apr\u00e8s chaque repas, comme compl\u00e9ment alimentaire<\/span><\/p><p><span style=\"color: #000000;\"><strong>PR\u00c9SENTATION<\/strong>: 60 comprim\u00e9s<\/span><\/p><table style=\"height: 881px;\" width=\"414\"><tbody><tr><td width=\"474\"><p><span style=\"color: #000000;\"><strong>Portion: <\/strong>: <strong>1 dose par paquet : 60<\/strong><\/span><\/p><\/td><td colspan=\"2\" width=\"266\">\u00a0<\/td><\/tr><tr><td width=\"207\"><p><span style=\"color: #000000;\"><strong>Ingr\u00e9dients <\/strong><\/span><\/p><\/td><td width=\"133\"><p><span style=\"color: #000000;\"><strong>Quantit\u00e9 par dose <\/strong><\/span><\/p><\/td><td width=\"133\"><p><span style=\"color: #000000;\"><strong>Dose quotidienne %<\/strong><\/span><\/p><\/td><\/tr><tr><td width=\"207\"><p><span style=\"color: #000000;\">Thiamine (chlorhydrate de thiamine)<\/span><\/p><\/td><td width=\"133\"><p><span style=\"color: #000000;\">4,5 mg<\/span><\/p><\/td><td width=\"133\"><p><span style=\"color: #000000;\">300 %<\/span><\/p><\/td><\/tr><tr><td width=\"207\"><p><span style=\"color: #000000;\"><a href=\"https:\/\/www.rmbibow.com\/makeup\/lips\/\" target=\"_blank\" rel=\"noopener\">Vitamine<\/a> B2 (riboflavine)<\/span><\/p><\/td><td width=\"133\"><p><span style=\"color: #000000;\">60 mg<\/span><\/p><\/td><td width=\"133\"><p><span style=\"color: #000000;\">300 %<\/span><\/p><\/td><\/tr><tr><td width=\"207\"><p><span style=\"color: #000000;\">Vitamine B3 (niacine)<\/span><\/p><\/td><td width=\"133\"><p><span style=\"color: #000000;\">0,6 g;<\/span><\/p><\/td><td width=\"133\"><p><span style=\"color: #000000;\">300 %<\/span><\/p><\/td><\/tr><tr><td width=\"207\"><p><span style=\"color: #000000;\">Vitamine B12 (cyanocobalamine)<\/span><\/p><\/td><td width=\"133\"><p><span style=\"color: #000000;\">18 mcg<\/span><\/p><\/td><td width=\"133\"><p><span style=\"color: #000000;\">300 %,<\/span><\/p><\/td><\/tr><tr><td width=\"207\"><p><span style=\"color: #000000;\">Vitamine B5 (acide pantoth\u00e9nique)<\/span><\/p><\/td><td width=\"133\"><p><span style=\"color: #000000;\">30 mg<\/span><\/p><\/td><td width=\"133\"><p><span style=\"color: #000000;\">300 %,<\/span><\/p><\/td><\/tr><tr><td width=\"207\"><p><span style=\"color: #000000;\">Calcium (phosphate dicalcique)<\/span><\/p><\/td><td width=\"133\"><p><span style=\"color: #000000;\">62mg<\/span><\/p><\/td><td width=\"133\"><p><span style=\"color: #000000;\">6%<\/span><\/p><\/td><\/tr><tr><td width=\"207\"><p><span style=\"color: #000000;\">Phosphore (phosphate dicalcique)<\/span><\/p><\/td><td width=\"133\"><p><span style=\"color: #000000;\">48mg<\/span><\/p><\/td><td width=\"133\"><p><span style=\"color: #000000;\">5%<\/span><\/p><\/td><\/tr><tr><td width=\"207\"><p><span style=\"color: #000000;\">Zinc (oxyde de zinc)<\/span><\/p><\/td><td width=\"133\"><p><span style=\"color: #000000;\">25 mg<\/span><\/p><\/td><td width=\"133\"><p><span style=\"color: #000000;\">167%,<\/span><\/p><\/td><\/tr><tr><td width=\"207\"><p><span style=\"color: #000000;\">Cuivre (ch\u00e9late d&#039;acides amin\u00e9s de cuivre)<\/span><\/p><\/td><td width=\"133\"><p><span style=\"color: #000000;\">3mg<\/span><\/p><\/td><td width=\"133\"><p><span style=\"color: #000000;\">150%,<\/span><\/p><\/td><\/tr><tr><td width=\"474\"><p><span style=\"color: #000000;\">Autres ingr\u00e9dients : diphosphate de calcium, croscarmellose sodique, cellulose<\/span><br \/><span style=\"color: #000000;\">microcristallin, acide st\u00e9arique, st\u00e9arate de magn\u00e9sium<\/span><\/p><\/td><td>\u00a0<\/td><td>\u00a0<\/td><\/tr><\/tbody><\/table><p style=\"text-align: center;\"><a class=\"buy\" href=\"#buy\"><strong>ALLER ACHETER MAINTENANT<\/strong><\/a><\/p><table><tbody><tr><td width=\"515\"><table width=\"100%\"><tbody><tr><td><p><span style=\"color: #000000;\"><strong>Applications<\/strong>:\u00a0 Alzheimer\u2019s disease, alcoholism, anemia, canker sores, diarrhea, mental illnesses, stress, beriberi, shingles, infections, Wernicke-Korsakoff syndrome, arteriosclerosis, carpal tunnel, cataracts, hypoglycemia, immune system disorders, mental disorders, muscle diseases, morning sickness, obesity, sickle cell anemia, stress, depression, trembling, migraine headaches, acne, alcohol withdrawal, bursitis, cancer prevention, cataract, diabetes, epilepsy, high blood pressure, high cholesterol level, leg cramp, poor circulation, intermittent claudation, post partum support, Raynaud\u2019s disease, painful menstruation, poor memory, anxiety, allergies, rheumatoid arthritis, menopausal symptoms, premature aging, respiratory infection, hair loss, diabetic neuropathy, kidney disease asthma, insomnia, Parkinson\u2019s diseases, morning sickness, pregnancy, PMS, lactation, eczema, fatigue, male infertility, HIV support, Lou Gehrig\u2019s disease, multiple sclerosis, restless leg syndrome, tinnitus, osteoporosis, periodontal disease, hepatitis, neuritis.<\/span><\/p><\/td><\/tr><\/tbody><\/table><p><span style=\"color: #000000;\">\u00a0<\/span><\/p><\/td><\/tr><\/tbody><\/table><\/div>\n\t\t\t\t<\/div>\n\t\t\t\t\t\t\t<div class=\"elementor-toggle-item\">\n\t\t\t\t\t<div id=\"elementor-tab-title-2652\" class=\"elementor-tab-title\" data-tab=\"2\" role=\"button\" aria-controls=\"elementor-tab-content-2652\" aria-expanded=\"false\">\n\t\t\t\t\t\t\t\t\t\t\t\t<span class=\"elementor-toggle-icon elementor-toggle-icon-left\" aria-hidden=\"true\">\n\t\t\t\t\t\t\t\t\t\t\t\t\t\t\t<span class=\"elementor-toggle-icon-closed\"><i class=\"far fa-caret-square-right\"><\/i><\/span>\n\t\t\t\t\t\t\t\t<span class=\"elementor-toggle-icon-opened\"><i class=\"elementor-toggle-icon-opened fas fa-caret-square-up\"><\/i><\/span>\n\t\t\t\t\t\t\t\t\t\t\t\t\t<\/span>\n\t\t\t\t\t\t\t\t\t\t\t\t<a class=\"elementor-toggle-title\" tabindex=\"0\">..<\/a>\n\t\t\t\t\t<\/div>\n\n\t\t\t\t\t<div id=\"elementor-tab-content-2652\" class=\"elementor-tab-content elementor-clearfix\" data-tab=\"2\" role=\"region\" aria-labelledby=\"elementor-tab-title-2652\"><\/div>\n\t\t\t\t<\/div>\n\t\t\t\t\t\t\t\t<\/div>\n\t\t\t\t\t\t<\/div>\n\t\t\t\t<\/div>\n\t\t\t\t\t<\/div>\n\t\t<\/div>\n\t\t\t\t\t<\/div>\n\t\t<\/section>\n\t\t\t\t<\/div>","protected":false},"excerpt":{"rendered":"<p><a name=\"buy\"><\/a><\/p>\n<ul>\n<li><strong><span style=\"font-family: go;\">Helps cope with stress and helps you relax and increase your quality of life<\/span><\/strong><\/li>\n<li><strong><span style=\"font-family: go;\">Il vous fournit la teneur en nutriments qui vous aidera \u00e0 faire face aux assauts quotidiens de la n\u00e9gativit\u00e9 qui vous fait r\u00e9agir au stress comme vous le faites.<\/span><\/strong><\/li>\n<\/ul>\n<p><strong>\u00a0\u00a0\u00a0\u00a0\u00a0 &gt;&gt;&gt;<span style=\"font-family: go; font-size: 14pt;\"><a href=\"#more\"><span style=\"color: #0000ff;\">Lire la suite<\/span><\/a><\/span><\/strong><\/p>","protected":false},"featured_media":1214,"comment_status":"open","ping_status":"closed","template":"","meta":{"nf_dc_page":"","_bbp_topic_count":0,"_bbp_reply_count":0,"_bbp_total_topic_count":0,"_bbp_total_reply_count":0,"_bbp_voice_count":0,"_bbp_anonymous_reply_count":0,"_bbp_topic_count_hidden":0,"_bbp_reply_count_hidden":0,"_bbp_forum_subforum_count":0},"product_brand":[],"product_cat":[33,21],"product_tag":[],"class_list":{"0":"post-590","1":"product","2":"type-product","3":"status-publish","4":"has-post-thumbnail","6":"product_cat-all-products","7":"product_cat-multi-vitamins-2","9":"first","10":"outofstock","11":"shipping-taxable","12":"purchasable","13":"product-type-simple"},"bundled_by":["2769"],"bundle_stock_status":"outofstock","bundle_stock_quantity":0,"bundle_virtual":false,"bundle_layout":"","bundle_add_to_cart_form_location":"","bundle_editable_in_cart":false,"bundle_sold_individually_context":"","bundle_item_grouping":"","bundle_min_size":"","bundle_max_size":"","bundled_items":[],"bundle_sell_ids":[],"_links":{"self":[{"href":"https:\/\/www.naturesgiftforlife.com\/fr\/wp-json\/wp\/v2\/product\/590","targetHints":{"allow":["GET"]}}],"collection":[{"href":"https:\/\/www.naturesgiftforlife.com\/fr\/wp-json\/wp\/v2\/product"}],"about":[{"href":"https:\/\/www.naturesgiftforlife.com\/fr\/wp-json\/wp\/v2\/types\/product"}],"replies":[{"embeddable":true,"href":"https:\/\/www.naturesgiftforlife.com\/fr\/wp-json\/wp\/v2\/comments?post=590"}],"version-history":[{"count":0,"href":"https:\/\/www.naturesgiftforlife.com\/fr\/wp-json\/wp\/v2\/product\/590\/revisions"}],"wp:featuredmedia":[{"embeddable":true,"href":"https:\/\/www.naturesgiftforlife.com\/fr\/wp-json\/wp\/v2\/media\/1214"}],"wp:attachment":[{"href":"https:\/\/www.naturesgiftforlife.com\/fr\/wp-json\/wp\/v2\/media?parent=590"}],"wp:term":[{"taxonomy":"product_brand","embeddable":true,"href":"https:\/\/www.naturesgiftforlife.com\/fr\/wp-json\/wp\/v2\/product_brand?post=590"},{"taxonomy":"product_cat","embeddable":true,"href":"https:\/\/www.naturesgiftforlife.com\/fr\/wp-json\/wp\/v2\/product_cat?post=590"},{"taxonomy":"product_tag","embeddable":true,"href":"https:\/\/www.naturesgiftforlife.com\/fr\/wp-json\/wp\/v2\/product_tag?post=590"}],"curies":[{"name":"wp","href":"https:\/\/api.w.org\/{rel}","templated":true}]}}