{"id":5860,"date":"2021-01-20T16:01:20","date_gmt":"2021-01-20T16:01:20","guid":{"rendered":"https:\/\/www.naturesgiftforlife.com\/?post_type=product&#038;p=5860"},"modified":"2025-04-19T13:49:42","modified_gmt":"2025-04-19T13:49:42","slug":"hoodia-with-green-tea","status":"publish","type":"product","link":"https:\/\/www.naturesgiftforlife.com\/fr\/shop\/hoodia-with-green-tea\/","title":{"rendered":"Hoodia au th\u00e9 vert"},"content":{"rendered":"\t\t<div data-elementor-type=\"wp-post\" data-elementor-id=\"5860\" class=\"elementor elementor-5860\">\n\t\t\t\t\t\t<section class=\"elementor-section elementor-top-section elementor-element elementor-element-023e101 elementor-section-boxed elementor-section-height-default elementor-section-height-default\" data-id=\"023e101\" data-element_type=\"section\" data-e-type=\"section\">\n\t\t\t\t\t\t<div class=\"elementor-container elementor-column-gap-default\">\n\t\t\t\t\t<div class=\"elementor-column elementor-col-100 elementor-top-column elementor-element elementor-element-e838fac\" data-id=\"e838fac\" data-element_type=\"column\" data-e-type=\"column\">\n\t\t\t<div class=\"elementor-widget-wrap elementor-element-populated\">\n\t\t\t\t\t\t<div class=\"elementor-element elementor-element-9eb671d elementor-invisible elementor-widget elementor-widget-toggle\" data-id=\"9eb671d\" data-element_type=\"widget\" data-e-type=\"widget\" data-settings=\"{&quot;_animation&quot;:&quot;flash&quot;}\" data-widget_type=\"toggle.default\">\n\t\t\t\t<div class=\"elementor-widget-container\">\n\t\t\t\t\t\t\t<div class=\"elementor-toggle\">\n\t\t\t\t\t\t\t<div class=\"elementor-toggle-item\">\n\t\t\t\t\t<h2 id=\"elementor-tab-title-1661\" class=\"elementor-tab-title\" data-tab=\"1\" role=\"button\" aria-controls=\"elementor-tab-content-1661\" aria-expanded=\"false\">\n\t\t\t\t\t\t\t\t\t\t\t\t<span class=\"elementor-toggle-icon elementor-toggle-icon-left\" aria-hidden=\"true\">\n\t\t\t\t\t\t\t\t\t\t\t\t\t\t\t<span class=\"elementor-toggle-icon-closed\"><i class=\"far fa-caret-square-right\"><\/i><\/span>\n\t\t\t\t\t\t\t\t<span class=\"elementor-toggle-icon-opened\"><i class=\"elementor-toggle-icon-opened fas fa-caret-square-up\"><\/i><\/span>\n\t\t\t\t\t\t\t\t\t\t\t\t\t<\/span>\n\t\t\t\t\t\t\t\t\t\t\t\t<a class=\"elementor-toggle-title\" tabindex=\"0\">Detailed Product Description \/ Supplement Facts<\/a>\n\t\t\t\t\t<\/h2>\n\n\t\t\t\t\t<div id=\"elementor-tab-content-1661\" class=\"elementor-tab-content elementor-clearfix\" data-tab=\"1\" role=\"region\" aria-labelledby=\"elementor-tab-title-1661\"><p><span style=\"color: #333333; font-family: Arial, Helvetica, sans-serif;\"><strong>Hoodia With Green Tea Benefits: <\/strong><\/span><\/p><ul><li><span style=\"color: #333333; font-family: Arial, Helvetica, sans-serif;\">Hoodia with green tea suppresses appetite<\/span><\/li><li><span style=\"color: #333333; font-family: Arial, Helvetica, sans-serif;\">Hoodia with green tea increases metabolism.<\/span><\/li><li><span style=\"color: #333333; font-family: Arial, Helvetica, sans-serif;\">Hoodia with green tea ability to increase metabolism<\/span><\/li><li><span style=\"color: #333333; font-family: Arial, Helvetica, sans-serif;\">Hoodia with green tea increases fat oxidation<\/span><\/li><li><span style=\"color: #333333; font-family: Arial, Helvetica, sans-serif;\">Hoodia with green tea contains amino acid, L- Theanine, which has a vaso-relaxing effect as a calming agent<\/span><\/li><\/ul><p style=\"text-align: center;\"><a class=\"buy\" href=\"#buy\"><strong>GO TO BUY NOW<\/strong><\/a><\/p><p><a href=\"https:\/\/www.naturesgiftforlife.com\/top-seller\/\"><span style=\"color: #333333; font-family: Arial, Helvetica, sans-serif;\"><strong>Hoodia with green tea<\/strong><\/span><\/a><\/p><p><span style=\"color: #333333; font-family: Arial, Helvetica, sans-serif;\"><strong>Weight loss is a major issue in our society, <\/strong>not only because of the societal pressures to be thin, but because it is common knowledge that carrying around more weight than your frame and internal organs can handle\u2026 just isn\u2019t healthy! So, you have gained a few pounds, if it isn\u2019t because of the holidays it is always something else. It\u2019s just a fact that we all form bad habits over time, they really just sort of sneak up on us don\u2019t they? Then, before you know it, they are part of our daily routine.<\/span><\/p><p><span style=\"color: #333333; font-family: Arial, Helvetica, sans-serif;\"><strong>Hoodia With Green Tea<\/strong><\/span><\/p><p><span style=\"color: #333333; font-family: Arial, Helvetica, sans-serif;\">The marketing companies just love this; they know that you are self-conscious, and that you are going to be trying to find a way to get that quick fix weight loss result, pretty much at any cost. Well if you look around you, you will begin to see what remains of the fad dieters, and their many attempts to get rid of that \u2018unsightly poundage\u2019. Ninety percent of these poor souls fail at their attempt to become what magazines have classified as the only way to be, thin as a rail. Why is this? And is there any hope? Those poor folks that cycle up and down in weight, end up doing more damage to themselves over time than you can imagine. And typically, if they do lose any weight, they end up gaining it all back in a relatively short period of time. <\/span><\/p><p style=\"text-align: center;\"><a class=\"buy\" href=\"#buy\"><strong>GO TO BUY NOW<\/strong><\/a><\/p><p><span style=\"color: #333333; font-family: Arial, Helvetica, sans-serif;\">The reason why people fail is two-fold. Two things cause weight gain, category one is psychological and the other is physiological. We will only deal with the latter here, but if the second issue is brought under control, then in many cases the first is much easier to deal with. The physiological reasons for weight gain are many, but if you narrow this category down to just one cause that stands out, it would be that the body isn\u2019t getting what it needs to make you feel full, there is a deficit. Hunger cycles are a complicated series of chemical events that begins with the diet, and in some cases, genetics. But for simplicity\u2019s sake, we will just say that if the body doesn\u2019t get what it needs from the diet, then it can\u2019t produce the systemic <a href=\"https:\/\/www.rmbibow.com\/\" target=\"_blank\" rel=\"noopener\">chemicals<\/a> that it needs to for you to function the way you were meant to.<\/span><\/p><p style=\"text-align: center;\"><a class=\"buy\" href=\"#buy\"><strong>GO TO BUY NOW<\/strong><\/a><\/p><p><span style=\"color: #333333; font-family: Arial, Helvetica, sans-serif;\">So, where does this process start, and how do we get it back under control? Well, to begin with, when you eat a meal your body begins to change. Heart rate goes up and so does your metabolism (depending on what you eat). And if you are eating \u2018nourishing\u2019 foods, those foods that the body needs to make <a href=\"https:\/\/livehealthylivehappy.com\/\" target=\"_blank\" rel=\"noopener\">hormones<\/a> and to maintain overall health, you are well on your way to shedding that weight you so badly want to get rid of. There is one chemical process that is instrumental in helping you to lose weight, just because it controls the area where it all begins. Read on\u2026we\u2019re getting close to the answer!<\/span><\/p><p><span style=\"color: #333333; font-family: Arial, Helvetica, sans-serif;\">Most people eat because they don\u2019t feel full, they are hungry, and the opposite of this are the folks that eat way too much, too fast! The first issue is one that occurs because they have eaten so much (volume and empty calories) in the past that their stomachs are stretched out of shape, in some cases permanently. Please keep in mind, these empty calories provide absolutely no appreciable nutrient content to support the body. And the hormones that are typically released due to the physical stretching of the stomach, and are made from the nutrients we ingest, are not released. The second is that some people eat so fast that their bodies don\u2019t have time to react to the onslaught of food. And by the time it does, and they start to feel full, they have already eaten way more than they should have.<\/span><\/p><p style=\"text-align: center;\"><a class=\"buy\" href=\"#buy\"><strong>GO TO BUY NOW<\/strong><\/a><\/p><p><span style=\"color: #333333; font-family: Arial, Helvetica, sans-serif;\">What controls this whole process? One of the answers, among other things, is a chemical that the body makes that affects the central nervous system (CNS) called Cholecystokynin (CCK). It has a direct effect on appetite, but may also be active peripherally on appetite regulation by way of the vagal afferent nerves. CCK is a peptide hormone, well known for its strong appetite regulatory properties. It controls bile secretion, stomach and intestinal movements, as well as many more functions. Recent research, published in the American Journal of Clinical Nutrition, indicates that it is not only the physical aspect or volume of food that causes this hormone to be released; but now it appears that increased fiber and fat content in a meal boosts feelings of fullness and increases CCK levels, leading to satiety. Previous research has shown that the hormone cholecystokynin is released from the small intestine when just a fat-containing food is eaten. It\u2019s thought that this hormone may be the chemical messenger that acts in response to fat, to notify the brain that the body is getting full. Now it appears there are several triggers for the release of this wonderful hormone!<\/span><\/p><p><span style=\"color: #333333; font-family: Arial, Helvetica, sans-serif;\">This may be one of the keys to the kingdom! And now it has been shown that we can control how and when the body will release CCK. Now there is a product called Hoodia Plus, this wondrous new product contains an ingredient that helps the body to release CCK and promote the feelings of being full, or even better\u2026not being hungry! Hoodia Plus contains an herb, or to be more accurate, a combination of herbs. One is called Hoodia Gordonii (Hoodia), which is a plant that is native to the semi-desert areas of South Africa and Namibia. The most recent research on the herb shows that it also has a direct effect in suppressing hunger and thirst by mimicking the effect that glucose has on nerve cells in the brain, curbing the appetite. <\/span><\/p><p style=\"text-align: center;\"><a class=\"buy\" href=\"#buy\"><strong>GO TO BUY NOW<\/strong><\/a><\/p><p><span style=\"color: #333333; font-family: Arial, Helvetica, sans-serif;\">Hoodia is a steroidal trisaccharide called 3-O- [-beta-D-thevetopyranosyl- (1\u2014&gt;4)-beta-D-cymaropyranosyl- (1\u2014&gt;4)-beta-D-cymaropyranosyl]-12beta-O-tigloyloxy-14-hydroxy-14beta-pregn-5-en-20-one. That\u2019s quite a mouthful, but it is really Mother Nature at her best. It isn\u2019t as important that you know this, so long as you know how it will make you feel! <\/span><\/p><p><span style=\"color: #333333; font-family: Arial, Helvetica, sans-serif;\">The U.S., and for that matter, many other countries around the world, are experiencing an epidemic in weight gain. Something has to be done right now! This is why NG4L has gone the extra mile and added Green Tea to the mix. Recent research has shown that Green Tea has many powerful benefits, including the ability to increase metabolism. This benefit is theorized to be caused by two plant chemicals, one is well known \u2018caffeine\u2019, which increases the body\u2019s ability to utilize fatty acids; and the other is a polyphenol called epigallocatechin gallate (EGCG). The weight loss effect of EGCG contained in Green Tea is due solely to its ability to increase fat oxidation. And since Green Tea contains caffeine and prolongs the action of noradrenalin, you would think that it would have a stimulatory effect. However, Dulloo et al. noted that Green Tea caused no significant differences in heart rate, nor did it have a stimulatory effect. The most logical explanation for this is that the stimulatory effect of increased noradrenalin action is being countered by other mechanisms. For example, Green Tea contains the amino acid, L- Theanine, which has a vaso-relaxing effect as a calming agent. And anything that assists the body in its ability to relax also has a direct effect on its ability to lose weight, if for no other reason than to prevent nervous eating habits!<\/span><\/p><p><span style=\"color: #333333; font-family: Arial, Helvetica, sans-serif;\">Hoodia Plus is a powerful combination product that works with the body to allow it to do what nature intended it to do in maintaining an ideal body profile. It is a non-stimulant product so it does not make you jittery. If you use Hoodia Plus as part of an overall weight loss program, you have just gained a powerful ally in the fight against your worst nightmare!<\/span><\/p><table><tbody><tr><td colspan=\"3\" width=\"638\"><p><span style=\"color: #000000;\"><strong>Supplement Facts<\/strong><\/span><\/p><\/td><\/tr><tr><td colspan=\"3\" width=\"638\"><p><span style=\"color: #000000;\"><strong>Serving Size: Two(20 vegetable capsules<\/strong><\/span><\/p><\/td><\/tr><tr><td width=\"319\">\u00a0<\/td><td width=\"180\"><p><strong><span style=\"color: #000000;\">Amount per serving<\/span> <\/strong><\/p><\/td><td width=\"140\"><p><span style=\"color: #000000;\"><strong>% Daily Value<\/strong><\/span><\/p><\/td><\/tr><tr><td width=\"319\"><p><span style=\"color: #000000;\">Proprietary blend<\/span><\/p><\/td><td width=\"180\"><p><span style=\"color: #000000;\">600mg<\/span><\/p><\/td><td width=\"140\"><p>*<\/p><\/td><\/tr><tr><td rowspan=\"3\" width=\"319\"><p><span style=\"color: #000000;\">South African Hoodia<\/span><\/p><p><span style=\"color: #000000;\">Gordonii succulent complex (from 20:1 extract)(aerial),<\/span> <span style=\"color: #000000;\">Green Tea Extract (50% polyphenols)<\/span><\/p><\/td><td colspan=\"2\" width=\"319\">\u00a0<\/td><\/tr><tr><td colspan=\"2\" width=\"319\">\u00a0<\/td><\/tr><tr><td colspan=\"2\" width=\"319\">\u00a0<\/td><\/tr><tr><td colspan=\"3\" width=\"638\"><p><span style=\"color: #000000;\">Daily value not established<\/span><\/p><\/td><\/tr><tr><td colspan=\"3\" width=\"638\"><p><span style=\"color: #000000;\">Other ingredients: Magnesium stearate, maltodextrin, hydroxypropyl methylcellulose<\/span><\/p><\/td><\/tr><\/tbody><\/table><\/div>\n\t\t\t\t<\/div>\n\t\t\t\t\t\t\t<div class=\"elementor-toggle-item\">\n\t\t\t\t\t<h2 id=\"elementor-tab-title-1662\" class=\"elementor-tab-title\" data-tab=\"2\" role=\"button\" aria-controls=\"elementor-tab-content-1662\" aria-expanded=\"false\">\n\t\t\t\t\t\t\t\t\t\t\t\t<span class=\"elementor-toggle-icon elementor-toggle-icon-left\" aria-hidden=\"true\">\n\t\t\t\t\t\t\t\t\t\t\t\t\t\t\t<span class=\"elementor-toggle-icon-closed\"><i class=\"far fa-caret-square-right\"><\/i><\/span>\n\t\t\t\t\t\t\t\t<span class=\"elementor-toggle-icon-opened\"><i class=\"elementor-toggle-icon-opened fas fa-caret-square-up\"><\/i><\/span>\n\t\t\t\t\t\t\t\t\t\t\t\t\t<\/span>\n\t\t\t\t\t\t\t\t\t\t\t\t<a class=\"elementor-toggle-title\" tabindex=\"0\">..<\/a>\n\t\t\t\t\t<\/h2>\n\n\t\t\t\t\t<div id=\"elementor-tab-content-1662\" class=\"elementor-tab-content elementor-clearfix\" data-tab=\"2\" role=\"region\" aria-labelledby=\"elementor-tab-title-1662\"><\/div>\n\t\t\t\t<\/div>\n\t\t\t\t\t\t\t\t<\/div>\n\t\t\t\t\t\t<\/div>\n\t\t\t\t<\/div>\n\t\t\t\t\t<\/div>\n\t\t<\/div>\n\t\t\t\t\t<\/div>\n\t\t<\/section>\n\t\t\t\t<\/div>\n\t\t","protected":false},"excerpt":{"rendered":"<p><a name=\"buy\"><\/a><\/p>\n<ul>\n<li><strong><span style=\"font-family: go;\">Supprime l&#039;app\u00e9tit<\/span><\/strong><\/li>\n<li><strong><span style=\"font-family: go;\">Augmente \u00e9galement le m\u00e9tabolisme.<\/span><\/strong><\/li>\n<li><strong><span style=\"font-family: go;\">Capacit\u00e9 \u00e0 augmenter le m\u00e9tabolisme<\/span><\/strong><\/li>\n<li><strong><span style=\"font-family: go;\">Hoodia augmente l&#039;oxydation des graisses<\/span><\/strong><\/li>\n<li><strong><span style=\"font-family: go;\">Contient un acide amin\u00e9, la L-th\u00e9anine, qui a un effet vaso-relaxant en tant qu&#039;agent calmant<\/span><\/strong><\/li>\n<\/ul>\n<p><strong>\u00a0\u00a0\u00a0\u00a0\u00a0 &gt;&gt;&gt;<span style=\"font-family: go; font-size: 14pt;\"><a href=\"#more\"><span style=\"color: #0000ff;\">Lire la suite<\/span><\/a><\/span><\/strong><\/p>","protected":false},"featured_media":1297,"comment_status":"open","ping_status":"closed","template":"","meta":{"nf_dc_page":"","_bbp_topic_count":0,"_bbp_reply_count":0,"_bbp_total_topic_count":0,"_bbp_total_reply_count":0,"_bbp_voice_count":0,"_bbp_anonymous_reply_count":0,"_bbp_topic_count_hidden":0,"_bbp_reply_count_hidden":0,"_bbp_forum_subforum_count":0},"product_brand":[],"product_cat":[33,23],"product_tag":[],"class_list":{"0":"post-5860","1":"product","2":"type-product","3":"status-publish","4":"has-post-thumbnail","6":"product_cat-all-products","7":"product_cat-diet","9":"first","10":"outofstock","11":"shipping-taxable","12":"purchasable","13":"product-type-simple"},"bundled_by":[],"bundle_stock_status":"outofstock","bundle_stock_quantity":0,"bundle_virtual":false,"bundle_layout":"","bundle_add_to_cart_form_location":"","bundle_editable_in_cart":false,"bundle_sold_individually_context":"","bundle_item_grouping":"","bundle_min_size":"","bundle_max_size":"","bundled_items":[],"bundle_sell_ids":[],"_links":{"self":[{"href":"https:\/\/www.naturesgiftforlife.com\/fr\/wp-json\/wp\/v2\/product\/5860","targetHints":{"allow":["GET"]}}],"collection":[{"href":"https:\/\/www.naturesgiftforlife.com\/fr\/wp-json\/wp\/v2\/product"}],"about":[{"href":"https:\/\/www.naturesgiftforlife.com\/fr\/wp-json\/wp\/v2\/types\/product"}],"replies":[{"embeddable":true,"href":"https:\/\/www.naturesgiftforlife.com\/fr\/wp-json\/wp\/v2\/comments?post=5860"}],"version-history":[{"count":0,"href":"https:\/\/www.naturesgiftforlife.com\/fr\/wp-json\/wp\/v2\/product\/5860\/revisions"}],"wp:featuredmedia":[{"embeddable":true,"href":"https:\/\/www.naturesgiftforlife.com\/fr\/wp-json\/wp\/v2\/media\/1297"}],"wp:attachment":[{"href":"https:\/\/www.naturesgiftforlife.com\/fr\/wp-json\/wp\/v2\/media?parent=5860"}],"wp:term":[{"taxonomy":"product_brand","embeddable":true,"href":"https:\/\/www.naturesgiftforlife.com\/fr\/wp-json\/wp\/v2\/product_brand?post=5860"},{"taxonomy":"product_cat","embeddable":true,"href":"https:\/\/www.naturesgiftforlife.com\/fr\/wp-json\/wp\/v2\/product_cat?post=5860"},{"taxonomy":"product_tag","embeddable":true,"href":"https:\/\/www.naturesgiftforlife.com\/fr\/wp-json\/wp\/v2\/product_tag?post=5860"}],"curies":[{"name":"wp","href":"https:\/\/api.w.org\/{rel}","templated":true}]}}