{"id":5831,"date":"2021-01-20T09:50:04","date_gmt":"2021-01-20T09:50:04","guid":{"rendered":"https:\/\/www.naturesgiftforlife.com\/?post_type=product&#038;p=5831"},"modified":"2023-08-23T15:41:10","modified_gmt":"2023-08-23T15:41:10","slug":"advanced-water-relief","status":"publish","type":"product","link":"https:\/\/www.naturesgiftforlife.com\/fr\/shop\/advanced-water-relief\/","title":{"rendered":"Soulagement avanc\u00e9 de l&#039;eau"},"content":{"rendered":"<div data-elementor-type=\"wp-post\" data-elementor-id=\"5831\" class=\"elementor elementor-5831\">\n\t\t\t\t\t\t<section class=\"elementor-section elementor-top-section elementor-element elementor-element-71b2770 elementor-section-boxed elementor-section-height-default elementor-section-height-default\" data-id=\"71b2770\" data-element_type=\"section\" data-e-type=\"section\">\n\t\t\t\t\t\t<div class=\"elementor-container elementor-column-gap-default\">\n\t\t\t\t\t<div class=\"elementor-column elementor-col-100 elementor-top-column elementor-element elementor-element-0b9ed12\" data-id=\"0b9ed12\" data-element_type=\"column\" data-e-type=\"column\">\n\t\t\t<div class=\"elementor-widget-wrap elementor-element-populated\">\n\t\t\t\t\t\t<div class=\"elementor-element elementor-element-19c9528 elementor-widget elementor-widget-html\" data-id=\"19c9528\" data-element_type=\"widget\" data-e-type=\"widget\" data-widget_type=\"html.default\">\n\t\t\t\t<div class=\"elementor-widget-container\">\n\t\t\t\t\t<a name=\"more\"><\/a>\t\t\t\t<\/div>\n\t\t\t\t<\/div>\n\t\t\t\t<div class=\"elementor-element elementor-element-b4888d4 elementor-invisible elementor-widget elementor-widget-toggle\" data-id=\"b4888d4\" data-element_type=\"widget\" data-e-type=\"widget\" data-settings=\"{&quot;_animation&quot;:&quot;flash&quot;}\" data-widget_type=\"toggle.default\">\n\t\t\t\t<div class=\"elementor-widget-container\">\n\t\t\t\t\t\t\t<div class=\"elementor-toggle\">\n\t\t\t\t\t\t\t<div class=\"elementor-toggle-item\">\n\t\t\t\t\t<h2 id=\"elementor-tab-title-1891\" class=\"elementor-tab-title\" data-tab=\"1\" role=\"button\" aria-controls=\"elementor-tab-content-1891\" aria-expanded=\"false\">\n\t\t\t\t\t\t\t\t\t\t\t\t<span class=\"elementor-toggle-icon elementor-toggle-icon-left\" aria-hidden=\"true\">\n\t\t\t\t\t\t\t\t\t\t\t\t\t\t\t<span class=\"elementor-toggle-icon-closed\"><i class=\"far fa-caret-square-right\"><\/i><\/span>\n\t\t\t\t\t\t\t\t<span class=\"elementor-toggle-icon-opened\"><i class=\"elementor-toggle-icon-opened fas fa-caret-square-up\"><\/i><\/span>\n\t\t\t\t\t\t\t\t\t\t\t\t\t<\/span>\n\t\t\t\t\t\t\t\t\t\t\t\t<a class=\"elementor-toggle-title\" tabindex=\"0\">Description d\u00e9taill\u00e9e du produit \/ faits sur les suppl\u00e9ments<\/a>\n\t\t\t\t\t<\/h2>\n\n\t\t\t\t\t<div id=\"elementor-tab-content-1891\" class=\"elementor-tab-content elementor-clearfix\" data-tab=\"1\" role=\"region\" aria-labelledby=\"elementor-tab-title-1891\"><p style=\"text-align: center;\"><span style=\"color: #000000;\"><strong><em>GARDEZ VOTRE NIVEAU DE LIQUIDE \u00c9QUILIBR\u00c9<\/em><\/strong><\/span><\/p><p><span style=\"color: #000000;\"><strong><a href=\"https:\/\/neilpatel.com\/ubersuggest\/\" target=\"_blank\" rel=\"noopener\">Soulagement avanc\u00e9 de l&#039;eau<\/a> Avantages :<\/strong><\/span><\/p><ul><li><span style=\"color: #000000;\">Il aide \u00e0 laver et d\u00e9sencombrer les reins et le syst\u00e8me urinaire, \u00e9liminant ainsi l&#039;apparition de cystite et de r\u00e9tention d&#039;eau ;<\/span><\/li><li><span style=\"color: #000000;\">Have tannins that have astringent effects, helping to shrink and tighten the body&#8217;s mucous membranes. This in turn helps to reduce inflammation and fight infections;<\/span><\/li><li><span style=\"color: #000000;\">Le soulagement avanc\u00e9 de l&#039;eau soutient un \u00e9quilibre sain des fluides corporels avec un m\u00e9lange savamment formul\u00e9 ;<\/span><\/li><li><span style=\"color: #000000;\">Maintenir activement le tonus musculaire;<\/span><\/li><li><span style=\"color: #000000;\">Aide \u00e0 abaisser le taux de sucre dans le sang;<\/span><\/li><li><span style=\"color: #000000;\">R\u00e9duire <a href=\"https:\/\/www.rmbibow.com\/\" target=\"_blank\" rel=\"noopener\">ballonnement<\/a>;<\/span><\/li><li><span style=\"color: #000000;\">Ses actions antiseptiques et astringentes aident \u00e0 \u00e9liminer les bact\u00e9ries en favorisant la miction ;<\/span><\/li><li><span style=\"color: #000000;\">Improves the body&#8217;s energy level;<\/span><\/li><li><span style=\"color: #000000;\">Augmente la concentration;<\/span><\/li><li><span style=\"color: #000000;\">Poss\u00e8de des propri\u00e9t\u00e9s antioxydantes.<\/span><\/li><\/ul><p style=\"text-align: center;\"><a class=\"buy\" href=\"#buy\"><strong>ALLER ACHETER MAINTENANT<\/strong><\/a><\/p><p><span style=\"color: #000000;\"><strong>DESCRIPTION AVANC\u00c9E DES D\u00c9CHARGES D&#039;EAU<\/strong><\/span><\/p><p><span style=\"color: #000000;\"><a href=\"https:\/\/livehealthylivehappy.com\/\" target=\"_blank\" rel=\"noopener\">Ng4l<\/a> Advanced water relief\u00a0is a natural product composed of six ingredients that naturally promote water balance in the body, by decreasing sodium reabsorption at different sites in the nephron, thus increasing urinary sodium and water loss. It contains tannins that have astringent effects, helping to shrink and tighten the body&#8217;s mucous membranes.\u00a0Ng4l Advanced water relief\u00a0has no artificial flavors, no added colorings.<\/span><\/p><table><tbody><tr><td colspan=\"3\" width=\"493\"><p><span style=\"color: #000000;\"><strong>Faits sur les suppl\u00e9ments<\/strong><\/span><\/p><\/td><\/tr><tr><td colspan=\"3\" width=\"493\"><p><span style=\"color: #000000;\">Portion : deux (2) capsules<\/span><\/p><p><span style=\"color: #000000;\">Portion par contenant :45<\/span><\/p><\/td><\/tr><tr><td width=\"274\">\u00a0<\/td><td width=\"117\"><p><span style=\"color: #000000;\"><strong>Montant par portion%<\/strong><\/span><\/p><\/td><td width=\"102\"><p><span style=\"color: #000000;\"><strong>Valeur quotidienne<\/strong><\/span><\/p><\/td><\/tr><tr><td width=\"274\"><p><span style=\"color: #000000;\">Soie de ma\u00efs (Zea mays) (fleur)<\/span><\/p><\/td><td width=\"117\"><p><span style=\"color: #000000;\">225mg<\/span><\/p><\/td><td width=\"102\"><p><span style=\"color: #000000;\">75%<\/span><\/p><\/td><\/tr><tr><td width=\"274\"><p><span style=\"color: #000000;\">Reine des pr\u00e9s (Eupatorium purp)<\/span><\/p><\/td><td width=\"117\"><p><span style=\"color: #000000;\">200 mg<\/span><\/p><\/td><td width=\"102\"><p><span style=\"color: #000000;\">*<\/span><\/p><\/td><\/tr><tr><td width=\"274\"><p><span style=\"color: #000000;\">Uva Ursi(Arctostaphylos uva-ursi)(feuille)<\/span><\/p><\/td><td width=\"117\"><p><span style=\"color: #000000;\">175 mg<\/span><\/p><\/td><td width=\"102\"><p><span style=\"color: #000000;\">*<\/span><\/p><\/td><\/tr><tr><td width=\"274\"><p><span style=\"color: #000000;\">Gen\u00e9vrier(Juniperus spp)(baie)<\/span><\/p><p><span style=\"color: #000000;\">Couperets (Galium aparine) (entiers)<\/span><\/p><p><span style=\"color: #000000;\">C\u00e9leri (Apium graveolens) (graine)<\/span><\/p><\/td><td width=\"117\"><p><span style=\"color: #000000;\">150 mg<\/span><\/p><p><span style=\"color: #000000;\">100 mg<\/span><\/p><p><span style=\"color: #000000;\">50 mg<\/span><\/p><\/td><td width=\"102\"><p><span style=\"color: #000000;\">*<\/span><\/p><\/td><\/tr><tr><td colspan=\"3\" width=\"493\"><p><span style=\"color: #000000;\">*Valeur quotidienne non \u00e9tablie<\/span><\/p><\/td><\/tr><tr><td colspan=\"3\" width=\"493\"><p><span style=\"color: #000000;\"><strong>Autres ingr\u00e9dients: <\/strong>G\u00e9latine et poudre de riz. Contient : Sans colorant artificiel, ar\u00f4me artificiel, conservateurs, levure, ma\u00efs, d\u00e9riv\u00e9s du lait, sucre, gluten, sel, sodium, lactose, amidon<\/span><\/p><\/td><\/tr><\/tbody><\/table><p><span style=\"color: #000000;\">\u00a0<strong>LES INDICATIONS<\/strong><\/span><\/p><p><span style=\"color: #000000;\">R\u00e9tention d&#039;eau, insuffisance r\u00e9nale, diab\u00e8te, inflammation du syst\u00e8me urinaire, inflammation de la prostate, maladies des voies urinaires, infections gastro-intestinales, calculs v\u00e9sicaux et r\u00e9naux, infections de la vessie, hypertension art\u00e9rielle, allergies, fatigue, taux de cholest\u00e9rol \u00e9lev\u00e9, insuffisance cardiaque.<\/span><\/p><\/div>\n\t\t\t\t<\/div>\n\t\t\t\t\t\t\t<div class=\"elementor-toggle-item\">\n\t\t\t\t\t<h2 id=\"elementor-tab-title-1892\" class=\"elementor-tab-title\" data-tab=\"2\" role=\"button\" aria-controls=\"elementor-tab-content-1892\" aria-expanded=\"false\">\n\t\t\t\t\t\t\t\t\t\t\t\t<span class=\"elementor-toggle-icon elementor-toggle-icon-left\" aria-hidden=\"true\">\n\t\t\t\t\t\t\t\t\t\t\t\t\t\t\t<span class=\"elementor-toggle-icon-closed\"><i class=\"far fa-caret-square-right\"><\/i><\/span>\n\t\t\t\t\t\t\t\t<span class=\"elementor-toggle-icon-opened\"><i class=\"elementor-toggle-icon-opened fas fa-caret-square-up\"><\/i><\/span>\n\t\t\t\t\t\t\t\t\t\t\t\t\t<\/span>\n\t\t\t\t\t\t\t\t\t\t\t\t<a class=\"elementor-toggle-title\" tabindex=\"0\">..<\/a>\n\t\t\t\t\t<\/h2>\n\n\t\t\t\t\t<div id=\"elementor-tab-content-1892\" class=\"elementor-tab-content elementor-clearfix\" data-tab=\"2\" role=\"region\" aria-labelledby=\"elementor-tab-title-1892\"><\/div>\n\t\t\t\t<\/div>\n\t\t\t\t\t\t\t\t<\/div>\n\t\t\t\t\t\t<\/div>\n\t\t\t\t<\/div>\n\t\t\t\t\t<\/div>\n\t\t<\/div>\n\t\t\t\t\t<\/div>\n\t\t<\/section>\n\t\t\t\t<\/div>","protected":false},"excerpt":{"rendered":"<p><a name=\"buy\"><\/a><\/p>\n<ul>\n<li><strong><span style=\"font-family: go;\">Il aide \u00e0 laver et d\u00e9sencombrer les reins et le syst\u00e8me urinaire<\/span><\/strong><\/li>\n<li><strong><span style=\"font-family: go;\">Contient des tanins qui ont des effets astringents, aidant \u00e0 r\u00e9tr\u00e9cir et \u00e0 resserrer les muqueuses du corps<\/span><\/strong><\/li>\n<li><strong><span style=\"font-family: go;\">Aide \u00e0 abaisser le taux de sucre dans le sang<\/span><\/strong><\/li>\n<li><strong><span style=\"font-family: go;\">Augmente la concentration<\/span><\/strong><\/li>\n<\/ul>\n<p><strong>\u00a0\u00a0\u00a0\u00a0\u00a0 &gt;&gt;&gt;<span style=\"font-family: go; font-size: 14pt;\"><a href=\"#more\"><span style=\"color: #0000ff;\">Lire la suite<\/span><\/a><\/span><\/strong><\/p>","protected":false},"featured_media":5833,"comment_status":"open","ping_status":"closed","template":"","meta":{"nf_dc_page":"","_bbp_topic_count":0,"_bbp_reply_count":0,"_bbp_total_topic_count":0,"_bbp_total_reply_count":0,"_bbp_voice_count":0,"_bbp_anonymous_reply_count":0,"_bbp_topic_count_hidden":0,"_bbp_reply_count_hidden":0,"_bbp_forum_subforum_count":0},"product_brand":[],"product_cat":[33],"product_tag":[],"class_list":{"0":"post-5831","1":"product","2":"type-product","3":"status-publish","4":"has-post-thumbnail","6":"product_cat-all-products","8":"first","9":"instock","10":"shipping-taxable","11":"purchasable","12":"product-type-simple"},"bundled_by":[],"bundle_stock_status":"instock","bundle_stock_quantity":1,"bundle_virtual":false,"bundle_layout":"","bundle_add_to_cart_form_location":"","bundle_editable_in_cart":false,"bundle_sold_individually_context":"","bundle_item_grouping":"","bundle_min_size":"","bundle_max_size":"","bundled_items":[],"bundle_sell_ids":[],"_links":{"self":[{"href":"https:\/\/www.naturesgiftforlife.com\/fr\/wp-json\/wp\/v2\/product\/5831","targetHints":{"allow":["GET"]}}],"collection":[{"href":"https:\/\/www.naturesgiftforlife.com\/fr\/wp-json\/wp\/v2\/product"}],"about":[{"href":"https:\/\/www.naturesgiftforlife.com\/fr\/wp-json\/wp\/v2\/types\/product"}],"replies":[{"embeddable":true,"href":"https:\/\/www.naturesgiftforlife.com\/fr\/wp-json\/wp\/v2\/comments?post=5831"}],"version-history":[{"count":0,"href":"https:\/\/www.naturesgiftforlife.com\/fr\/wp-json\/wp\/v2\/product\/5831\/revisions"}],"wp:featuredmedia":[{"embeddable":true,"href":"https:\/\/www.naturesgiftforlife.com\/fr\/wp-json\/wp\/v2\/media\/5833"}],"wp:attachment":[{"href":"https:\/\/www.naturesgiftforlife.com\/fr\/wp-json\/wp\/v2\/media?parent=5831"}],"wp:term":[{"taxonomy":"product_brand","embeddable":true,"href":"https:\/\/www.naturesgiftforlife.com\/fr\/wp-json\/wp\/v2\/product_brand?post=5831"},{"taxonomy":"product_cat","embeddable":true,"href":"https:\/\/www.naturesgiftforlife.com\/fr\/wp-json\/wp\/v2\/product_cat?post=5831"},{"taxonomy":"product_tag","embeddable":true,"href":"https:\/\/www.naturesgiftforlife.com\/fr\/wp-json\/wp\/v2\/product_tag?post=5831"}],"curies":[{"name":"wp","href":"https:\/\/api.w.org\/{rel}","templated":true}]}}