{"id":5744,"date":"2021-01-15T12:27:43","date_gmt":"2021-01-15T12:27:43","guid":{"rendered":"https:\/\/www.naturesgiftforlife.com\/?post_type=product&#038;p=5744"},"modified":"2023-08-23T15:42:17","modified_gmt":"2023-08-23T15:42:17","slug":"natto-fibro","status":"publish","type":"product","link":"https:\/\/www.naturesgiftforlife.com\/fr\/shop\/natto-fibro\/","title":{"rendered":"Natto Fibro"},"content":{"rendered":"<div data-elementor-type=\"wp-post\" data-elementor-id=\"5744\" class=\"elementor elementor-5744\">\n\t\t\t\t\t\t<section class=\"elementor-section elementor-top-section elementor-element elementor-element-454d1d0 elementor-section-boxed elementor-section-height-default elementor-section-height-default\" data-id=\"454d1d0\" data-element_type=\"section\" data-e-type=\"section\">\n\t\t\t\t\t\t<div class=\"elementor-container elementor-column-gap-default\">\n\t\t\t\t\t<div class=\"elementor-column elementor-col-100 elementor-top-column elementor-element elementor-element-a3be3e4\" data-id=\"a3be3e4\" data-element_type=\"column\" data-e-type=\"column\">\n\t\t\t<div class=\"elementor-widget-wrap elementor-element-populated\">\n\t\t\t\t\t\t<div class=\"elementor-element elementor-element-dfc1e43 elementor-widget elementor-widget-html\" data-id=\"dfc1e43\" data-element_type=\"widget\" data-e-type=\"widget\" data-widget_type=\"html.default\">\n\t\t\t\t<div class=\"elementor-widget-container\">\n\t\t\t\t\t<a name=\"more\"><\/a>\t\t\t\t<\/div>\n\t\t\t\t<\/div>\n\t\t\t\t<div class=\"elementor-element elementor-element-11d93e0 elementor-invisible elementor-widget elementor-widget-toggle\" data-id=\"11d93e0\" data-element_type=\"widget\" data-e-type=\"widget\" data-settings=\"{&quot;_animation&quot;:&quot;flash&quot;}\" data-widget_type=\"toggle.default\">\n\t\t\t\t<div class=\"elementor-widget-container\">\n\t\t\t\t\t\t\t<div class=\"elementor-toggle\">\n\t\t\t\t\t\t\t<div class=\"elementor-toggle-item\">\n\t\t\t\t\t<div id=\"elementor-tab-title-1871\" class=\"elementor-tab-title\" data-tab=\"1\" role=\"button\" aria-controls=\"elementor-tab-content-1871\" aria-expanded=\"false\">\n\t\t\t\t\t\t\t\t\t\t\t\t<span class=\"elementor-toggle-icon elementor-toggle-icon-left\" aria-hidden=\"true\">\n\t\t\t\t\t\t\t\t\t\t\t\t\t\t\t<span class=\"elementor-toggle-icon-closed\"><i class=\"far fa-caret-square-right\"><\/i><\/span>\n\t\t\t\t\t\t\t\t<span class=\"elementor-toggle-icon-opened\"><i class=\"elementor-toggle-icon-opened fas fa-caret-square-up\"><\/i><\/span>\n\t\t\t\t\t\t\t\t\t\t\t\t\t<\/span>\n\t\t\t\t\t\t\t\t\t\t\t\t<a class=\"elementor-toggle-title\" tabindex=\"0\">Description d\u00e9taill\u00e9e du produit \/ Faits suppl\u00e9mentaires<\/a>\n\t\t\t\t\t<\/div>\n\n\t\t\t\t\t<div id=\"elementor-tab-content-1871\" class=\"elementor-tab-content elementor-clearfix\" data-tab=\"1\" role=\"region\" aria-labelledby=\"elementor-tab-title-1871\"><p style=\"text-align: center;\"><a href=\"https:\/\/livehealthylivehappy.com\/category\/weight-management\/\" target=\"_blank\" rel=\"noopener\"><span style=\"color: #000000;\"><strong><em>NATTO FIBRO<\/em><\/strong><\/span><\/a><\/p><p style=\"text-align: center;\"><span style=\"color: #000000;\"><strong><em>Enzyme du syst\u00e8me cardiovasculaire<\/em><\/strong><\/span><\/p><p><span style=\"color: #000000;\"><strong>Avantages<\/strong><\/span><\/p><ul><li><span style=\"color: #000000;\">Natto fibro aide \u00e0 pr\u00e9venir la formation de caillots et aide \u00e0 la dissolution naturelle des caillots existants ;<\/span><\/li><li><span style=\"color: #000000;\">Natto fibro se dissout <a href=\"https:\/\/www.rmbibow.com\/makeup\/accessories\/sharpeners\/\" target=\"_blank\" rel=\"noopener\">fibrine<\/a> and improves the system&#8217;s natural ability to keep blood vessels clean;<\/span><\/li><li><span style=\"color: #000000;\">Natto fibro increases the body&#8217;s natural production of plasmin and other components involved in the dissolution of blood clots, such as urokinase ;<\/span><\/li><li><span style=\"color: #000000;\">Natto fibro aide \u00e0 pr\u00e9venir l&#039;angine de poitrine, les accidents vasculaires c\u00e9r\u00e9braux, les varices, les spasmes musculaires et la douleur ;<\/span><\/li><li><span style=\"color: #000000;\">Aide \u00e0 pr\u00e9venir les crises cardiaques et les accidents vasculaires c\u00e9r\u00e9braux;<\/span><\/li><li><span style=\"color: #000000;\">Aide \u00e0 normaliser la pression art\u00e9rielle;<\/span><\/li><li><span style=\"color: #000000;\">Utile pour stabiliser et aider le tractus gastro-intestinal.<\/span><\/li><\/ul><p style=\"text-align: center;\"><a class=\"buy\" href=\"#buy\"><strong>ALLER ACHETER MAINTENANT<\/strong><\/a><\/p><p><span style=\"color: #000000;\">There is a popular saying that you only realize how important something is when you lose it. This is more true when it is something that is intimately linked to our life, to our well-being. Especially when it comes to health, very few people integrate the importance of preventing disorders related to the functioning of the body. In this regard, maintaining cardiovascular health, for both women and men, seems to be one of the greatest concerns. Every tissue in our body relies on our heart to circulate blood through some 60,000 miles of blood vessels. This complex network requires a holistic approach. Most of the time, cardiovascular disease when it is really declared, has very little chance of complete recovery without sequelae; hence the importance of taking preventive measures into account.\u00a0 For this, systemic enzymes can effectively assist the body at various levels.\u00a0 Systemic enzymes belong to a special class of enzymes that act on every system in your body to support your overall health.<\/span><\/p><p style=\"text-align: center;\"><a class=\"buy\" href=\"#buy\"><strong>ALLER ACHETER MAINTENANT<\/strong><\/a><\/p><p><span style=\"color: #000000;\">Derived from &#8220;natto&#8221;, fermented soybeans, nattokinase supports your body&#8217;s blood elimination mechanisms to maintain good cardiovascular health. The legend surrounding the discovery of &#8220;natto&#8221; began thousands of years ago with Yoshiie Minamoto, a famous Japanese warrior, who was forced to take soybeans cooked in straw with him on his travels. The sticky soybeans were later unpacked and considered a waste. But when the horses, well known for being a picky eater, preferred this soy food, people began to eat &#8220;natto&#8221; and discover its health benefits. Numerous studies were done to explain the therapeutic effects of this food and it was established that the substance that confers its cardiovascular health benefits is nattokinase.<\/span><\/p><p><span style=\"color: #000000;\"><strong>LA DESCRIPTION: <\/strong>NG4L Natto &#8211; Fibro is a natural formula of pharmaceutical form, whose only active ingredient is nattokinase. This enzyme has been extracted and purified from a Japanese food called natto. It is a fermented soy food that has been consumed in Japan for many years. It is produced by fermentation by adding the saprophytic (beneficial) bacterium Bacillus natto to boiled soybeans. The enzyme nattokinase is produced when the bacterium acts on the soybean. While other soyfoods contain enzymes, only the preparation of &#8220;natto&#8221; contains the specific enzyme nattokinase. The enzyme thus obtained has the ability to dissolve existing blood clots by dissolving the fibrin that binds the blood platelets together.<\/span><\/p><p><span style=\"color: #000000;\">En d&#039;autres termes, il peut emp\u00eacher le sang de coaguler et il dissout le thrombus existant. La plasmine est la seule enzyme produite par notre corps qui dissout la fibrine et la nattokinase agit de mani\u00e8re tr\u00e8s similaire \u00e0 la fibrine. En vieillissant, notre production de plasmine diminue, entra\u00eenant un risque accru de dommages cardiovasculaires dus \u00e0 la formation de caillots dans le lit vasculaire. NG4L Natto -Fibro est donc le compl\u00e9ment id\u00e9al de substitution.<\/span><\/p><p style=\"text-align: center;\"><a class=\"buy\" href=\"#buy\"><strong>ALLER ACHETER MAINTENANT<\/strong><\/a><\/p><p><span style=\"color: #000000;\"><strong>PR\u00c9SENTATION:<\/strong> Bo\u00eete de 90 g\u00e9lules<\/span><\/p><table width=\"563\"><tbody><tr><td colspan=\"3\" width=\"563\"><p><span style=\"color: #000000;\"><em>Portion : 1Dose par bo\u00eete : 90<\/em><\/span><\/p><\/td><\/tr><tr><td width=\"133\"><p><span style=\"color: #000000;\"><em>Ingr\u00e9dients<\/em><\/span><\/p><\/td><td width=\"195\"><p><span style=\"color: #000000;\"><em>Dose par portion<\/em><\/span><\/p><\/td><td width=\"235\"><p><span style=\"color: #000000;\"><em>% valeurs quotidiennes<\/em><\/span><\/p><\/td><\/tr><tr><td width=\"133\"><p><span style=\"color: #000000;\"><em>Nattokinase<\/em><\/span><\/p><\/td><td width=\"195\"><p><span style=\"color: #000000;\"><em>100 mg (2000 UF)<\/em><\/span><\/p><\/td><td width=\"235\"><p><span style=\"color: #000000;\"><em>*<\/em><\/span><\/p><\/td><\/tr><tr><td colspan=\"3\" width=\"563\"><p><span style=\"color: #000000;\"><em>Autres ingr\u00e9dients : cellulose microcristalline, st\u00e9arate de magn\u00e9sium et dioxyde de silicium.<\/em><\/span><\/p><p><span style=\"color: #000000;\"><em>\u00a0\u00a0* valeurs journali\u00e8res non \u00e9tablies.\u00a0\u00a0\u00a0\u00a0\u00a0\u00a0\u00a0\u00a0\u00a0\u00a0\u00a0\u00a0\u00a0\u00a0\u00a0\u00a0\u00a0\u00a0\u00a0\u00a0\u00a0\u00a0\u00a0\u00a0\u00a0\u00a0\u00a0\u00a0\u00a0\u00a0\u00a0\u00a0\u00a0\u00a0\u00a0\u00a0\u00a0\u00a0\u00a0\u00a0\u00a0\u00a0\u00a0\u00a0\u00a0\u00a0\u00a0\u00a0\u00a0\u00a0\u00a0\u00a0\u00a0<\/em><\/span><\/p><\/td><\/tr><\/tbody><\/table><p><span style=\"color: #000000;\"><strong>Mode d&#039;action:<\/strong> NG4L Natto &#8211; Fibro has an effect similar to plasmin. It dissolves clots by breaking down fibrin proteins and increasing the concentration of tissue plasminogen activators. By dissolving clots on vessel walls, NG4L Natto &#8211; Fibro helps maintain the integrity of blood vessels.<\/span><\/p><p><span style=\"color: #000000;\"><strong>AVANTAGES<\/strong><\/span><\/p><p><span style=\"color: #000000;\">NG4L Natto &#8211; Fibro has the advantage of not containing sugar, yeast, gluten, corn, soy, milk, preservatives or artificial flavors.<\/span><\/p><p><span style=\"color: #000000;\"><strong>APPLICATIONS<\/strong><\/span><\/p><p><span style=\"color: #000000;\"><strong>Hypertension:<\/strong> It has been shown by research that nattokinase reduces blood pressure and many studies have confirmed this. Indeed, studies indicate that nattokinase is able to lower the body&#8217;s blood pressure through the inhibition of converting enzyme. Blocking of the converting enzyme (Kininase 2) by inhibition is a specific phenomenon that does not affect other proteases. It prevents the converting enzyme from acting on its natural targets, in particular angiotensin-1 and bradykinin. Inhibition of the converting enzyme prevents the conversion of angiotensin-1 into angiotensin-2. The decrease in production of the very powerful vasoconstrictor angiotensin 2 then makes it possible not only to correct hypertension, but also to prevent it. This explains why NG4L Natto &#8211; Fibro is effective in both the preventive and curative management of hypertension.<\/span><\/p><p style=\"text-align: center;\"><a class=\"buy\" href=\"#buy\"><strong>ALLER ACHETER MAINTENANT<\/strong><\/a><\/p><p><span style=\"color: #000000;\"><strong>Embolies et thrombophl\u00e9bites :<\/strong> The formation of clots in the arteries is the third cause of death and the leading cause of disability in adults. The ability of the blood to clot is essential for survival. However, when clots form in arteries that are reduced in diameter by plaque (thrombosis) or when they move into other vessels (embolism) the consequences can be catastrophic. Some vascular accidents are serious and irreversible! Fibrinolysis is a biological process that dissolves blood clots and prevents the formation of thrombosis. Fibrinolysis &#8220;clears&#8221; the bloodstream of blood clots fibrin waste and facilitates the permeability of vessels blocked by fibrin clots. It helps maintain the fluidity of blood flow in the vascular network and helps prevent heart attacks, pulmonary embolisms or strokes.<\/span><\/p><p><span style=\"color: #000000;\">(STROKE). Thanks to its fibrinolytic properties, NG4L Natto &#8211; Fibro destroys blood clots, emulsifies arterial plaque and prevents clot formation by making the blood flow more fluid.<\/span><\/p><p><span style=\"color: #000000;\"><strong>Hypercholest\u00e9rol\u00e9mie\u00a0:<\/strong> Nattokinase reduces bad cholesterol by promoting its elimination by the liver. Therefore, NG4L Natto &#8211; Fibro is a product of choice for people who suffer from circulatory disorders associated with excess cholesterol such as Raynaud&#8217;s disease and intermittent claudication.<\/span><\/p><p style=\"text-align: center;\"><a class=\"buy\" href=\"#buy\"><strong>ALLER ACHETER MAINTENANT<\/strong><\/a><\/p><p><span style=\"color: #000000;\">Atherosclerosis and arteriosclerosis. Atherosclerosis refers to the degeneration of the arteries; it is the natural aging process of the arteries, resulting in stiffness of the vessels. When it occurs early, arteriosclerosis is associated in many cases with fatty deposits called atheromas on the walls of the arteries; this is called atherosclerosis. Arteriosclerosis and atherosclerosis are at the root of the main cardiovascular disorders. NG4L Natto &#8211; Fibro through nattokinase, clears the vessel walls of atheromatous plaques and makes the blood circulation more fluid, thus preventing the cardiovascular disorders associated with these situations.<\/span><\/p><p><span style=\"color: #000000;\"><strong>Inflammation:<\/strong> La nattokinase peut r\u00e9duire consid\u00e9rablement le niveau de prot\u00e9ine C-r\u00e9active, un marqueur inflammatoire li\u00e9 \u00e0 l&#039;infarctus. Des niveaux \u00e9lev\u00e9s de prot\u00e9ine C r\u00e9active indiquent \u00e9galement un risque accru d&#039;arthrose ou de diab\u00e8te. La prise de nattokinase aide \u00e0 normaliser la prot\u00e9ine C-r\u00e9active chez 80% des patients.<\/span><\/p><p><span style=\"color: #000000;\"><strong>LES INDICATIONS:<\/strong> prevention of thrombophlebitis, angina pectoris, arteriosclerosis, atherosclerosis, hypercholesterolemia, hypertension, Raynaud&#8217;s disease, intermittent claudication.<\/span><\/p><p style=\"text-align: center;\"><strong><a class=\"buy\" href=\"#buy\">ALLER ACHETER MAINTENANT<\/a><\/strong><\/p><p><span style=\"color: #000000;\"><strong>DOSAGE:<\/strong> Comme compl\u00e9ment alimentaire, prendre une (1) capsule deux (2) \u00e0 trois (3) fois par jour, de pr\u00e9f\u00e9rence sans repas.<\/span><\/p><p><span style=\"color: #000000;\">In all cases, comply with the health care professional&#8217;s prescription.<\/span><\/p><p><span style=\"color: #000000;\"><strong>Les personnes qui utilisent cet associ\u00e9 de produit:<\/strong><\/span><\/p><p><span style=\"color: #000000;\"><strong>Maladies cardiovasculaires:<\/strong> NG4L Coenzyme Q10, NG4L Omega 3, NG4L Th\u00e9 contre l&#039;hypertension, NG4L Ail<\/span><\/p><p><span style=\"color: #000000;\">Hypercholesterolemia, Raynaud&#8217;s disease and intermittent claudication: NG4L Red Yeast Policosanol, NG4L Ginkgo, NG4L Grapeseed Extract, NG4L Leg VEin.<\/span><\/p><p><span style=\"color: #000000;\"><strong>SUBSTITUTS:<\/strong> NG4L Natto Heart, NG4L Heart Relief Pr\u00e9cautions et contre-indications<\/span><\/p><p><span style=\"color: #000000;\">NG4L Natto &#8211; Fibro <strong><em>ne doit pas \u00eatre associ\u00e9 \u00e0 d&#039;autres anticoagulants<\/em><\/strong> produits ou v\u00e9g\u00e9taux, sauf avis m\u00e9dical.<\/span><\/p><p><span style=\"color: #000000;\">NG4L Natto Fibro est contre-indiqu\u00e9 chez les h\u00e9mophiles et en cas de saignement. Femmes enceintes et allaitantes, demandez conseil \u00e0 votre m\u00e9decin.<\/span><\/p><\/div>\n\t\t\t\t<\/div>\n\t\t\t\t\t\t\t<div class=\"elementor-toggle-item\">\n\t\t\t\t\t<div id=\"elementor-tab-title-1872\" class=\"elementor-tab-title\" data-tab=\"2\" role=\"button\" aria-controls=\"elementor-tab-content-1872\" aria-expanded=\"false\">\n\t\t\t\t\t\t\t\t\t\t\t\t<span class=\"elementor-toggle-icon elementor-toggle-icon-left\" aria-hidden=\"true\">\n\t\t\t\t\t\t\t\t\t\t\t\t\t\t\t<span class=\"elementor-toggle-icon-closed\"><i class=\"far fa-caret-square-right\"><\/i><\/span>\n\t\t\t\t\t\t\t\t<span class=\"elementor-toggle-icon-opened\"><i class=\"elementor-toggle-icon-opened fas fa-caret-square-up\"><\/i><\/span>\n\t\t\t\t\t\t\t\t\t\t\t\t\t<\/span>\n\t\t\t\t\t\t\t\t\t\t\t\t<a class=\"elementor-toggle-title\" tabindex=\"0\">..<\/a>\n\t\t\t\t\t<\/div>\n\n\t\t\t\t\t<div id=\"elementor-tab-content-1872\" class=\"elementor-tab-content elementor-clearfix\" data-tab=\"2\" role=\"region\" aria-labelledby=\"elementor-tab-title-1872\"><\/div>\n\t\t\t\t<\/div>\n\t\t\t\t\t\t\t\t<\/div>\n\t\t\t\t\t\t<\/div>\n\t\t\t\t<\/div>\n\t\t\t\t\t<\/div>\n\t\t<\/div>\n\t\t\t\t\t<\/div>\n\t\t<\/section>\n\t\t\t\t<\/div>","protected":false},"excerpt":{"rendered":"<p><a name=\"buy\"><\/a>Natto-Fibro<\/p>\n<ul>\n<li><strong><span style=\"font-family: go;\">Aide \u00e0 pr\u00e9venir la formation de caillots et aide \u00e0 la dissolution naturelle des caillots existants<br \/>\n<\/span><\/strong><\/li>\n<li><strong><span style=\"font-family: go;\">Dissout la fibrine et am\u00e9liore la capacit\u00e9 naturelle du syst\u00e8me \u00e0 garder les vaisseaux sanguins propres;<\/span><\/strong><\/li>\n<li><strong><span style=\"font-family: go;\">Augmente la production naturelle du corps de plasmine et d&#039;autres composants impliqu\u00e9s dans la dissolution des caillots sanguins, tels que l&#039;urokinase;<\/span><\/strong><\/li>\n<li><strong><span style=\"font-family: go;\">Aide \u00e0 pr\u00e9venir les crises cardiaques et les accidents vasculaires c\u00e9r\u00e9braux;<\/span><\/strong><\/li>\n<li><strong><span style=\"font-family: go;\">Aide \u00e0 normaliser la pression art\u00e9rielle;<\/span><\/strong><\/li>\n<\/ul>\n<p><strong>\u00a0\u00a0\u00a0\u00a0\u00a0 &gt;&gt;&gt;<span style=\"font-family: go; font-size: 14pt;\"><a href=\"#more\"><span style=\"color: #0000ff;\">Lire la suite<\/span><\/a><\/span><\/strong><\/p>","protected":false},"featured_media":5746,"comment_status":"open","ping_status":"closed","template":"","meta":{"nf_dc_page":"","_bbp_topic_count":0,"_bbp_reply_count":0,"_bbp_total_topic_count":0,"_bbp_total_reply_count":0,"_bbp_voice_count":0,"_bbp_anonymous_reply_count":0,"_bbp_topic_count_hidden":0,"_bbp_reply_count_hidden":0,"_bbp_forum_subforum_count":0},"product_brand":[],"product_cat":[33,32],"product_tag":[],"class_list":{"0":"post-5744","1":"product","2":"type-product","3":"status-publish","4":"has-post-thumbnail","6":"product_cat-all-products","7":"product_cat-special-products","9":"first","10":"instock","11":"shipping-taxable","12":"purchasable","13":"product-type-simple"},"bundled_by":[],"bundle_stock_status":"instock","bundle_stock_quantity":1,"bundle_virtual":false,"bundle_layout":"","bundle_add_to_cart_form_location":"","bundle_editable_in_cart":false,"bundle_sold_individually_context":"","bundle_item_grouping":"","bundle_min_size":"","bundle_max_size":"","bundled_items":[],"bundle_sell_ids":[],"_links":{"self":[{"href":"https:\/\/www.naturesgiftforlife.com\/fr\/wp-json\/wp\/v2\/product\/5744","targetHints":{"allow":["GET"]}}],"collection":[{"href":"https:\/\/www.naturesgiftforlife.com\/fr\/wp-json\/wp\/v2\/product"}],"about":[{"href":"https:\/\/www.naturesgiftforlife.com\/fr\/wp-json\/wp\/v2\/types\/product"}],"replies":[{"embeddable":true,"href":"https:\/\/www.naturesgiftforlife.com\/fr\/wp-json\/wp\/v2\/comments?post=5744"}],"version-history":[{"count":0,"href":"https:\/\/www.naturesgiftforlife.com\/fr\/wp-json\/wp\/v2\/product\/5744\/revisions"}],"wp:featuredmedia":[{"embeddable":true,"href":"https:\/\/www.naturesgiftforlife.com\/fr\/wp-json\/wp\/v2\/media\/5746"}],"wp:attachment":[{"href":"https:\/\/www.naturesgiftforlife.com\/fr\/wp-json\/wp\/v2\/media?parent=5744"}],"wp:term":[{"taxonomy":"product_brand","embeddable":true,"href":"https:\/\/www.naturesgiftforlife.com\/fr\/wp-json\/wp\/v2\/product_brand?post=5744"},{"taxonomy":"product_cat","embeddable":true,"href":"https:\/\/www.naturesgiftforlife.com\/fr\/wp-json\/wp\/v2\/product_cat?post=5744"},{"taxonomy":"product_tag","embeddable":true,"href":"https:\/\/www.naturesgiftforlife.com\/fr\/wp-json\/wp\/v2\/product_tag?post=5744"}],"curies":[{"name":"wp","href":"https:\/\/api.w.org\/{rel}","templated":true}]}}