{"id":5689,"date":"2021-01-13T10:12:18","date_gmt":"2021-01-13T10:12:18","guid":{"rendered":"http:\/\/www.livehealthylivehappy.com\/new\/?post_type=product&#038;p=5689"},"modified":"2023-08-25T08:45:12","modified_gmt":"2023-08-25T08:45:12","slug":"hair-skin-nail-formula","status":"publish","type":"product","link":"https:\/\/www.naturesgiftforlife.com\/fr\/shop\/hair-skin-nail-formula\/","title":{"rendered":"Formule pour les ongles de la peau des cheveux"},"content":{"rendered":"<div data-elementor-type=\"wp-post\" data-elementor-id=\"5689\" class=\"elementor elementor-5689\">\n\t\t\t\t\t\t<section class=\"elementor-section elementor-top-section elementor-element elementor-element-3b206e9 elementor-section-boxed elementor-section-height-default elementor-section-height-default\" data-id=\"3b206e9\" data-element_type=\"section\" data-e-type=\"section\">\n\t\t\t\t\t\t<div class=\"elementor-container elementor-column-gap-default\">\n\t\t\t\t\t<div class=\"elementor-column elementor-col-100 elementor-top-column elementor-element elementor-element-a2fa089\" data-id=\"a2fa089\" data-element_type=\"column\" data-e-type=\"column\">\n\t\t\t<div class=\"elementor-widget-wrap elementor-element-populated\">\n\t\t\t\t\t\t<div class=\"elementor-element elementor-element-df58e0f elementor-widget elementor-widget-html\" data-id=\"df58e0f\" data-element_type=\"widget\" data-e-type=\"widget\" data-widget_type=\"html.default\">\n\t\t\t\t<div class=\"elementor-widget-container\">\n\t\t\t\t\t<a name=\"more\"><\/a>\t\t\t\t<\/div>\n\t\t\t\t<\/div>\n\t\t\t\t<div class=\"elementor-element elementor-element-a8c4ce9 elementor-invisible elementor-widget elementor-widget-toggle\" data-id=\"a8c4ce9\" data-element_type=\"widget\" data-e-type=\"widget\" data-settings=\"{&quot;_animation&quot;:&quot;flash&quot;}\" data-widget_type=\"toggle.default\">\n\t\t\t\t<div class=\"elementor-widget-container\">\n\t\t\t\t\t\t\t<div class=\"elementor-toggle\">\n\t\t\t\t\t\t\t<div class=\"elementor-toggle-item\">\n\t\t\t\t\t<h2 id=\"elementor-tab-title-1761\" class=\"elementor-tab-title\" data-tab=\"1\" role=\"button\" aria-controls=\"elementor-tab-content-1761\" aria-expanded=\"false\">\n\t\t\t\t\t\t\t\t\t\t\t\t<span class=\"elementor-toggle-icon elementor-toggle-icon-left\" aria-hidden=\"true\">\n\t\t\t\t\t\t\t\t\t\t\t\t\t\t\t<span class=\"elementor-toggle-icon-closed\"><i class=\"far fa-caret-square-right\"><\/i><\/span>\n\t\t\t\t\t\t\t\t<span class=\"elementor-toggle-icon-opened\"><i class=\"elementor-toggle-icon-opened fas fa-caret-square-up\"><\/i><\/span>\n\t\t\t\t\t\t\t\t\t\t\t\t\t<\/span>\n\t\t\t\t\t\t\t\t\t\t\t\t<a class=\"elementor-toggle-title\" tabindex=\"0\">Description d\u00e9taill\u00e9e du produit \/ faits sur les suppl\u00e9ments<\/a>\n\t\t\t\t\t<\/h2>\n\n\t\t\t\t\t<div id=\"elementor-tab-content-1761\" class=\"elementor-tab-content elementor-clearfix\" data-tab=\"1\" role=\"region\" aria-labelledby=\"elementor-tab-title-1761\"><p style=\"text-align: center;\"><strong><span style=\"color: #000000;\"><em><a href=\"https:\/\/www.naturesgiftforlife.com\/fr\/shop\/prostate-plus-x\/\">CHEVEUX PEAU ONGLE<\/a> FORMULE<\/em><\/span><\/strong><\/p><p style=\"text-align: center;\"><strong><span style=\"color: #000000;\"><em>La vitamine parfaite pour les cheveux, la peau et les ongles<\/em><\/span><\/strong><\/p><p><span style=\"color: #000000;\"><strong>Avantages de la formule des ongles pour la peau des cheveux<\/strong><\/span><\/p><ul><li><p><span style=\"color: #000000;\">La formule des ongles pour la peau des cheveux augmente le taux de croissance des cheveux<\/span><\/p><\/li><li><p><span style=\"color: #000000;\">La formule des ongles pour la peau des cheveux rend les ongles plus forts<\/span><\/p><\/li><li><p><span style=\"color: #000000;\">La formule des ongles et de la peau des cheveux rend la peau plus douce et plus saine<\/span><\/p><\/li><li><p><span style=\"color: #000000;\">Formule cheveux peau ongles 100% garantie<\/span><\/p><\/li><\/ul><p style=\"text-align: center;\"><a class=\"buy\" href=\"#buy\"><strong>ALLER ACHETER MAINTENANT<\/strong><\/a><\/p><p><span style=\"color: #000000;\">As a woman, your body&#8217;s nutritional needs change throughout every phase of your life requiring extra care and nutritional support. Even with the best intentions, some women can and do fall short on getting the proper level of nutrients needed to live a healthier life. That&#8217;s why health conscious women turn to NG4L\u201ds uniquely formulated Hair, <a href=\"https:\/\/www.rmbibow.com\/skincare\/face\/\" target=\"_blank\" rel=\"noopener\">Peau<\/a> Ongle <a href=\"https:\/\/www.rmbibow.com\/\" target=\"_blank\" rel=\"noopener\">Formule<\/a>.<\/span><\/p><p><span style=\"color: #000000;\">Beauty is more than skin deep.\u00a0In fact, it starts from the inside. That&#8217;s why paying attention to the nutrients that you take in is equally as important as the special daily treatment you give your skin.\u00a0NG4L\u2019s Hair skin Nail Formula provides high quality nutrients like biotin and gelatin that are commonly found in hair and skin products.<\/span><\/p><p><span style=\"color: #000000;\">Bien que la biotine soit l&#039;une des vitamines B les moins connues, elle joue un r\u00f4le essentiel dans un certain nombre de processus corporels importants. Tirant son nom du mot grec <em>biographie,<\/em> meaning &#8220;life,&#8221; this nutrient assists the body in metabolizing protein, fats, and <a href=\"https:\/\/livehealthylivehappy.com\/\" target=\"_blank\" rel=\"noopener\">les glucides<\/a> de la nourriture. Il joue un r\u00f4le particulier en permettant \u00e0 l&#039;organisme d&#039;utiliser le sucre dans le sang (glucose), une source majeure de <a href=\"http:\/\/www.dankvapeshop.net\" target=\"_blank\" rel=\"noopener\">\u00e9nergie<\/a> pour les fluides corporels. La biotine aide \u00e9galement \u00e0 produire certaines enzymes.<\/span><\/p><p style=\"text-align: center;\"><a class=\"buy\" href=\"#buy\"><strong>ALLER ACHETER MAINTENANT<\/strong><\/a><\/p><p><span style=\"color: #000000;\">Biotin, is found in so many foods, including rice, barley, oatmeal, whole wheat, soy products, and cauliflower. But when low levels do occur, problems such as brittle nails and lackluster hair can develop. Biotin supplements may help in such cases. Interestingly, one notable cause of low biotin levels has been linked to the consumption of a particular food&#8211;raw egg whites&#8211;over time.<\/span><\/p><table width=\"667\"><tbody><tr><td colspan=\"2\" width=\"667\"><p><span style=\"color: #000000;\"><strong>Faits suppl\u00e9mentaires<\/strong><\/span><\/p><\/td><\/tr><tr><td width=\"332\"><p><span style=\"color: #000000;\">Portion: Trois (3) comprim\u00e9s Portion par contenant: 20<\/span><\/p><\/td><td width=\"335\">\u00a0<\/td><\/tr><tr><td width=\"332\"><p><span style=\"color: #000000;\"><strong>Montant par portion % Valeur quotidienne<\/strong><\/span><\/p><\/td><td width=\"335\"><p><span style=\"color: #000000;\"><strong>Montant par portion % Valeur quotidienne<\/strong><\/span><\/p><\/td><\/tr><tr><td width=\"332\"><p><span style=\"color: #000000;\">Vitamine A (sous forme de palmitate de r\u00e9tinyle) 5000 UI 100%<\/span><\/p><\/td><td width=\"335\"><p><span style=\"color: #000000;\">Phosphore (sous forme de phosphate dicalcique 150 mg 6 67%<\/span><\/p><\/td><\/tr><tr><td width=\"332\"><p><span style=\"color: #000000;\">Vitamine C (sous forme d&#039;acide ascorbique) 120 mg 200%<\/span><\/p><\/td><td width=\"335\"><p><span style=\"color: #000000;\">Iode (sous forme d&#039;iode de potassium) 112,5 mcg 75%<\/span><\/p><\/td><\/tr><tr><td width=\"332\"><p><span style=\"color: #000000;\">Calcium (sous forme de carbonate de calcium) 642 mg 64%<\/span><\/p><\/td><td width=\"335\"><p><span style=\"color: #000000;\">Magn\u00e9sium (sous forme d&#039;oxyde de magn\u00e9sium) 100 mg 25%<\/span><\/p><\/td><\/tr><tr><td width=\"332\"><p><span style=\"color: #000000;\">Fer (sous forme de gluconate ferreux) 3 mg 17%<\/span><\/p><\/td><td width=\"335\"><p><span style=\"color: #000000;\">Zinc (sous forme de gluconate de zinc) 7,5 mg 50%<\/span><\/p><\/td><\/tr><tr><td width=\"332\"><p><span style=\"color: #000000;\">Vitamine D-3 (sous forme de chol\u00e9calcif\u00e9rol) 100 UI 25%<\/span><\/p><\/td><td width=\"335\"><p><span style=\"color: #000000;\">S\u00e9l\u00e9nium (sous forme de ch\u00e9late d&#039;acides amin\u00e9s de s\u00e9l\u00e9nium) 12,5 mcg 18%<\/span><\/p><\/td><\/tr><tr><td width=\"332\"><p><span style=\"color: #000000;\">Vitamine E (sous forme de d-alpha tocoph\u00e9rols) 15 UI 50%<\/span><\/p><\/td><td width=\"335\"><p><span style=\"color: #000000;\">Mangan\u00e8se (sous forme de gluconate de mangan\u00e8se) 5 mg 250%<\/span><\/p><\/td><\/tr><tr><td width=\"332\"><p><span style=\"color: #000000;\">Vitamine B-1 (sous forme de chlorhydrate de thiamine) 5 mg 333%<\/span><\/p><\/td><td width=\"335\"><p><span style=\"color: #000000;\">Chlore (sous forme de bitartrate de chlore) 75 mg,<\/span><\/p><\/td><\/tr><tr><td width=\"332\"><p><span style=\"color: #000000;\">Vitamine B-2 (sous forme de riboflavine) 5 mg 294%<\/span><\/p><\/td><td width=\"335\"><p><span style=\"color: #000000;\">Inositol 30 mg``<\/span><\/p><\/td><\/tr><tr><td width=\"332\"><p><span style=\"color: #000000;\">Vitamine B-3 (sous forme de niacinamide) 25 mg 125%<\/span><\/p><\/td><td width=\"335\"><p><span style=\"color: #000000;\">Para &#8211; Amino Benzic Acid 25 mg ,,<\/span><\/p><\/td><\/tr><tr><td width=\"332\"><p><span style=\"color: #000000;\">Vitamine B-6 (sous forme de chlorhydrate de pyridoxine) 5 mcg 50%<\/span><\/p><\/td><td width=\"335\"><p><span style=\"color: #000000;\">B\u00e9ta\u00efne Hcl 25 mg``<\/span><\/p><\/td><\/tr><tr><td width=\"332\"><p><span style=\"color: #000000;\">Acide folique 200 mcg 50%<\/span><\/p><\/td><td width=\"335\"><p><span style=\"color: #000000;\">Bioflavono\u00efdes d&#039;agrumes 25 mg``<\/span><\/p><\/td><\/tr><tr><td width=\"332\"><p><span style=\"color: #000000;\">Vitamine B-12 (sous forme de cyanocobalamine) 8 mcg 133%<\/span><\/p><\/td><td width=\"335\"><p><span style=\"color: #000000;\">Rutine 12,5 mg ,,<\/span><\/p><\/td><\/tr><tr><td width=\"332\"><p><span style=\"color: #000000;\">Biotine 3 mg 1000%<\/span><\/p><\/td><td width=\"335\">\u00a0<\/td><\/tr><tr><td width=\"332\"><p><span style=\"color: #000000;\">Acide pantoth\u00e9nique (sous forme de pantoth\u00e9nate de calcium) 15 mg 150%<\/span><\/p><\/td><td width=\"335\"><p><span style=\"color: #000000;\">** Valeur quotidienne non \u00e9tablie<\/span><\/p><\/td><\/tr><tr><td colspan=\"2\" width=\"667\"><p><span style=\"color: #000000;\">Autres ingr\u00e9dients : Cellulose microcristalline, croscarmellose sodique, acide st\u00e9arique, st\u00e9arate de magn\u00e9sium.<\/span><\/p><\/td><\/tr><\/tbody><\/table><p><span style=\"color: #000000;\"><em>\u00a0<\/em><\/span><\/p><p><span style=\"color: #000000;\"><strong>Directions de la formule des ongles de la peau des cheveux\u00a0:<\/strong> <\/span><\/p><p><span style=\"color: #000000;\">Prendre un (1) comprim\u00e9 \u00e0 chaque repas (toujours avec de la nourriture), s&#039;il est pris avec d&#039;autres produits multivitamin\u00e9s\/min\u00e9raux pendant la journ\u00e9e, r\u00e9duisez leur fr\u00e9quence de prise ou prenez comme sugg\u00e9r\u00e9 par un praticien.<\/span><\/p><\/div>\n\t\t\t\t<\/div>\n\t\t\t\t\t\t\t<div class=\"elementor-toggle-item\">\n\t\t\t\t\t<h2 id=\"elementor-tab-title-1762\" class=\"elementor-tab-title\" data-tab=\"2\" role=\"button\" aria-controls=\"elementor-tab-content-1762\" aria-expanded=\"false\">\n\t\t\t\t\t\t\t\t\t\t\t\t<span class=\"elementor-toggle-icon elementor-toggle-icon-left\" aria-hidden=\"true\">\n\t\t\t\t\t\t\t\t\t\t\t\t\t\t\t<span class=\"elementor-toggle-icon-closed\"><i class=\"far fa-caret-square-right\"><\/i><\/span>\n\t\t\t\t\t\t\t\t<span class=\"elementor-toggle-icon-opened\"><i class=\"elementor-toggle-icon-opened fas fa-caret-square-up\"><\/i><\/span>\n\t\t\t\t\t\t\t\t\t\t\t\t\t<\/span>\n\t\t\t\t\t\t\t\t\t\t\t\t<a class=\"elementor-toggle-title\" tabindex=\"0\">..<\/a>\n\t\t\t\t\t<\/h2>\n\n\t\t\t\t\t<div id=\"elementor-tab-content-1762\" class=\"elementor-tab-content elementor-clearfix\" data-tab=\"2\" role=\"region\" aria-labelledby=\"elementor-tab-title-1762\"><\/div>\n\t\t\t\t<\/div>\n\t\t\t\t\t\t\t\t<\/div>\n\t\t\t\t\t\t<\/div>\n\t\t\t\t<\/div>\n\t\t\t\t\t<\/div>\n\t\t<\/div>\n\t\t\t\t\t<\/div>\n\t\t<\/section>\n\t\t\t\t<\/div>","protected":false},"excerpt":{"rendered":"<p><a name=\"buy\"><\/a><\/p>\n<ul>\n<li><strong><span style=\"font-family: go;\">Augmente le taux de croissance des cheveux<\/span><\/strong><\/li>\n<li><strong><span style=\"font-family: go;\">Rend les ongles plus forts<\/span><\/strong><\/li>\n<li><strong><span style=\"font-family: go;\">Rend la peau plus douce et plus saine<\/span><\/strong><\/li>\n<li><a href=\"#more\">Lire la suite<\/a><\/li>\n<\/ul>","protected":false},"featured_media":1173,"comment_status":"open","ping_status":"closed","template":"","meta":{"nf_dc_page":"","_bbp_topic_count":0,"_bbp_reply_count":0,"_bbp_total_topic_count":0,"_bbp_total_reply_count":0,"_bbp_voice_count":0,"_bbp_anonymous_reply_count":0,"_bbp_topic_count_hidden":0,"_bbp_reply_count_hidden":0,"_bbp_forum_subforum_count":0},"product_brand":[],"product_cat":[33,21],"product_tag":[],"class_list":{"0":"post-5689","1":"product","2":"type-product","3":"status-publish","4":"has-post-thumbnail","6":"product_cat-all-products","7":"product_cat-multi-vitamins-2","9":"first","10":"instock","11":"shipping-taxable","12":"purchasable","13":"product-type-simple"},"bundled_by":[],"bundle_stock_status":"instock","bundle_stock_quantity":2,"bundle_virtual":false,"bundle_layout":"","bundle_add_to_cart_form_location":"","bundle_editable_in_cart":false,"bundle_sold_individually_context":"","bundle_item_grouping":"","bundle_min_size":"","bundle_max_size":"","bundled_items":[],"bundle_sell_ids":[],"_links":{"self":[{"href":"https:\/\/www.naturesgiftforlife.com\/fr\/wp-json\/wp\/v2\/product\/5689","targetHints":{"allow":["GET"]}}],"collection":[{"href":"https:\/\/www.naturesgiftforlife.com\/fr\/wp-json\/wp\/v2\/product"}],"about":[{"href":"https:\/\/www.naturesgiftforlife.com\/fr\/wp-json\/wp\/v2\/types\/product"}],"replies":[{"embeddable":true,"href":"https:\/\/www.naturesgiftforlife.com\/fr\/wp-json\/wp\/v2\/comments?post=5689"}],"version-history":[{"count":0,"href":"https:\/\/www.naturesgiftforlife.com\/fr\/wp-json\/wp\/v2\/product\/5689\/revisions"}],"wp:featuredmedia":[{"embeddable":true,"href":"https:\/\/www.naturesgiftforlife.com\/fr\/wp-json\/wp\/v2\/media\/1173"}],"wp:attachment":[{"href":"https:\/\/www.naturesgiftforlife.com\/fr\/wp-json\/wp\/v2\/media?parent=5689"}],"wp:term":[{"taxonomy":"product_brand","embeddable":true,"href":"https:\/\/www.naturesgiftforlife.com\/fr\/wp-json\/wp\/v2\/product_brand?post=5689"},{"taxonomy":"product_cat","embeddable":true,"href":"https:\/\/www.naturesgiftforlife.com\/fr\/wp-json\/wp\/v2\/product_cat?post=5689"},{"taxonomy":"product_tag","embeddable":true,"href":"https:\/\/www.naturesgiftforlife.com\/fr\/wp-json\/wp\/v2\/product_tag?post=5689"}],"curies":[{"name":"wp","href":"https:\/\/api.w.org\/{rel}","templated":true}]}}