{"id":5471,"date":"2020-12-16T11:53:26","date_gmt":"2020-12-16T11:53:26","guid":{"rendered":"http:\/\/www.livehealthylivehappy.com\/new\/?post_type=product&#038;p=5471"},"modified":"2023-08-23T16:00:19","modified_gmt":"2023-08-23T16:00:19","slug":"gout-pain-free","status":"publish","type":"product","link":"https:\/\/www.naturesgiftforlife.com\/fr\/shop\/gout-pain-free\/","title":{"rendered":"Formule sans douleur pour la goutte"},"content":{"rendered":"<div data-elementor-type=\"wp-post\" data-elementor-id=\"5471\" class=\"elementor elementor-5471\">\n\t\t\t\t\t\t<section class=\"elementor-section elementor-top-section elementor-element elementor-element-f8918cb elementor-section-boxed elementor-section-height-default elementor-section-height-default\" data-id=\"f8918cb\" data-element_type=\"section\" data-e-type=\"section\">\n\t\t\t\t\t\t<div class=\"elementor-container elementor-column-gap-default\">\n\t\t\t\t\t<div class=\"elementor-column elementor-col-100 elementor-top-column elementor-element elementor-element-9aa12d5\" data-id=\"9aa12d5\" data-element_type=\"column\" data-e-type=\"column\">\n\t\t\t<div class=\"elementor-widget-wrap elementor-element-populated\">\n\t\t\t\t\t\t<div class=\"elementor-element elementor-element-03f4bcf elementor-widget elementor-widget-html\" data-id=\"03f4bcf\" data-element_type=\"widget\" data-e-type=\"widget\" data-widget_type=\"html.default\">\n\t\t\t\t<div class=\"elementor-widget-container\">\n\t\t\t\t\t<a name=\"more\"><\/a>\t\t\t\t<\/div>\n\t\t\t\t<\/div>\n\t\t\t\t<div class=\"elementor-element elementor-element-b9c56a4 elementor-invisible elementor-widget elementor-widget-toggle\" data-id=\"b9c56a4\" data-element_type=\"widget\" data-e-type=\"widget\" data-settings=\"{&quot;_animation&quot;:&quot;flash&quot;}\" data-widget_type=\"toggle.default\">\n\t\t\t\t<div class=\"elementor-widget-container\">\n\t\t\t\t\t\t\t<div class=\"elementor-toggle\">\n\t\t\t\t\t\t\t<div class=\"elementor-toggle-item\">\n\t\t\t\t\t<h2 id=\"elementor-tab-title-1941\" class=\"elementor-tab-title\" data-tab=\"1\" role=\"button\" aria-controls=\"elementor-tab-content-1941\" aria-expanded=\"false\">\n\t\t\t\t\t\t\t\t\t\t\t\t<span class=\"elementor-toggle-icon elementor-toggle-icon-left\" aria-hidden=\"true\">\n\t\t\t\t\t\t\t\t\t\t\t\t\t\t\t<span class=\"elementor-toggle-icon-closed\"><i class=\"far fa-caret-square-right\"><\/i><\/span>\n\t\t\t\t\t\t\t\t<span class=\"elementor-toggle-icon-opened\"><i class=\"elementor-toggle-icon-opened fas fa-caret-square-up\"><\/i><\/span>\n\t\t\t\t\t\t\t\t\t\t\t\t\t<\/span>\n\t\t\t\t\t\t\t\t\t\t\t\t<a class=\"elementor-toggle-title\" tabindex=\"0\">Description d\u00e9taill\u00e9e du produit \/ faits sur les suppl\u00e9ments<\/a>\n\t\t\t\t\t<\/h2>\n\n\t\t\t\t\t<div id=\"elementor-tab-content-1941\" class=\"elementor-tab-content elementor-clearfix\" data-tab=\"1\" role=\"region\" aria-labelledby=\"elementor-tab-title-1941\"><p style=\"text-align: center;\"><span style=\"color: #000000; font-family: Arial, Helvetica, sans-serif;\"><strong><em>FORMULE SANS DOULEUR DE GOUTTE<\/em><\/strong><\/span><\/p><p style=\"text-align: center;\"><span style=\"color: #000000; font-family: Arial, Helvetica, sans-serif;\"><strong><em>Une solution naturelle pour \u00e9liminer l&#039;exc\u00e8s d&#039;acide urique<\/em><\/strong><\/span><\/p><p><span style=\"color: #000000; font-family: Arial, Helvetica, sans-serif;\"><strong>Avantages <\/strong><\/span><\/p><ul><li><span style=\"color: #000000; font-family: Arial, Helvetica, sans-serif;\">La formule sans douleur de la goutte a de fortes propri\u00e9t\u00e9s anti-inflammatoires.<\/span><\/li><li><span style=\"color: #000000; font-family: Arial, Helvetica, sans-serif;\">La goutte sans douleur a des propri\u00e9t\u00e9s antioxydantes qui aident \u00e0 r\u00e9duire les \u00e9pisodes de crises de goutte et \u00e0 favoriser la sant\u00e9 <a href=\"https:\/\/www.naturesgiftforlife.com\/fr\/arthritis\/\">les articulations<\/a>;<\/span><\/li><li><span style=\"color: #000000; font-family: Arial, Helvetica, sans-serif;\">La formule sans douleur de la goutte r\u00e9duit consid\u00e9rablement l&#039;accumulation d&#039;acide urique dans le corps;<\/span><\/li><li><span style=\"color: #000000; font-family: Arial, Helvetica, sans-serif;\"><a href=\"https:\/\/www.naturesgiftforlife.com\/fr\/chronic-pain\/\">Goutte sans douleur<\/a> aide les reins \u00e0 \u00e9liminer naturellement l&#039;exc\u00e8s d&#039;acide urique;<\/span><\/li><li><span style=\"color: #000000; font-family: Arial, Helvetica, sans-serif;\">R\u00e9duit l&#039;enflure autour des articulations;<\/span><\/li><li><span style=\"color: #000000; font-family: Arial, Helvetica, sans-serif;\">Am\u00e9liore la circulation sanguine r\u00e9duisant ainsi le d\u00e9p\u00f4t de cristaux d&#039;acide urique dans les articulations;<\/span><\/li><li><span style=\"color: #000000; font-family: Arial, Helvetica, sans-serif;\">Am\u00e9liore la flexibilit\u00e9 des articulations\u00a0;<\/span><\/li><li><span style=\"color: #000000; font-family: Arial, Helvetica, sans-serif;\">A un effet diur\u00e9tique.<\/span><\/li><\/ul><p style=\"text-align: center;\"><span style=\"font-family: Arial, Helvetica, sans-serif;\"><a class=\"buy\" href=\"#buy\"><strong>ALLER ACHETER MAINTENANT<\/strong><\/a><\/span><\/p><p><span style=\"color: #000000; font-family: Arial, Helvetica, sans-serif;\"><a href=\"https:\/\/www.rmbibow.com\/skincare\/body\/natural-healant-oil\/\" target=\"_blank\" rel=\"noopener\">Goutte<\/a> est une condition caract\u00e9ris\u00e9e par des niveaux anormalement \u00e9lev\u00e9s d&#039;acide urique dans le sang, des attaques r\u00e9currentes d&#039;inflammation articulaire (<a href=\"https:\/\/www.naturesgiftforlife.com\/fr\/arthritis\/\">arthrite<\/a>), les d\u00e9p\u00f4ts de dur <a href=\"https:\/\/livehealthylivehappy.com\/\" target=\"_blank\" rel=\"noopener\">grumeaux<\/a> d&#039;acide urique dans et autour des articulations, et une diminution de la fonction r\u00e9nale et des calculs r\u00e9naux.<\/span><\/p><p><span style=\"color: #000000; font-family: Arial, Helvetica, sans-serif;\">L&#039;inflammation se produit lorsque trop de d\u00e9p\u00f4ts d&#039;acide urique se cristallisent dans les articulations. Les sympt\u00f4mes de la goutte comprennent une douleur intense, une rougeur et un gonflement des articulations, souvent le gros orteil, une d\u00e9formation physique. Si elle n&#039;est pas trait\u00e9e, la goutte peut entra\u00eener une aggravation de la douleur et des complications pour la sant\u00e9, notamment des l\u00e9sions des tissus articulaires et une \u00e9ventuelle invalidit\u00e9 articulaire.<\/span><\/p><p><span style=\"color: #000000; font-family: Arial, Helvetica, sans-serif;\">L&#039;accumulation d&#039;acide urique dans le sang peut \u00eatre caus\u00e9e par certaines conditions, telles que;<\/span><\/p><ul><li><span style=\"color: #000000; font-family: Arial, Helvetica, sans-serif;\">Troubles sanguins et m\u00e9taboliques ou d\u00e9shydratation. (Manger trop d&#039;aliments riches en purines, comme la viande rouge, les abats et certains poissons, la consommation d&#039;alcool, l&#039;\u00e2ge, etc.)<\/span><\/li><li><span style=\"color: #000000; font-family: Arial, Helvetica, sans-serif;\">Un probl\u00e8me r\u00e9nal ou thyro\u00efdien, ou une maladie h\u00e9r\u00e9ditaire, peut rendre plus difficile pour le corps d&#039;\u00e9liminer l&#039;exc\u00e8s d&#039;acide urique.<\/span><\/li><\/ul><p><span style=\"color: #000000; font-family: Arial, Helvetica, sans-serif;\">Bien que les sympt\u00f4mes de la goutte puissent aller et venir, il existe une approche naturelle et efficace pour g\u00e9rer les sympt\u00f4mes et r\u00e9duire la fr\u00e9quence et la gravit\u00e9 des pouss\u00e9es.<\/span><\/p><p style=\"text-align: center;\"><span style=\"color: #000000; font-family: Arial, Helvetica, sans-serif;\"><a class=\"buy\" href=\"#buy\"><strong>ALLER ACHETER MAINTENANT<\/strong><\/a><\/span><\/p><p><span style=\"color: #000000; font-family: Arial, Helvetica, sans-serif;\"><strong><em>FORMULE SANS DOULEUR DE GOUTTE <\/em>LA DESCRIPTION <\/strong><\/span><\/p><p><span style=\"color: #000000; font-family: Arial, Helvetica, sans-serif;\">Ng4l Gout Pain Free Formula est un rem\u00e8de \u00e0 base de plantes avanc\u00e9 sp\u00e9cialement formul\u00e9 avec des ingr\u00e9dients soulageant la goutte tels que l&#039;extrait de cerise noire, la cerise sauvage, l&#039;achill\u00e9e millefeuille, la griffe du diable, le saule blanc. Soulagement rapide et efficace des sympt\u00f4mes tels que la douleur, l&#039;enflure et l&#039;inflammation associ\u00e9s \u00e0 la goutte.<\/span><\/p><p><span style=\"color: #000000; font-family: Arial, Helvetica, sans-serif;\"><strong>PR\u00c9SENTATION: <\/strong>Flacon de 90 g\u00e9lules.<\/span><\/p><table width=\"604\"><tbody><tr><td colspan=\"3\" width=\"604\"><p><span style=\"color: #000000; font-family: Arial, Helvetica, sans-serif;\"><strong>Faits sur les suppl\u00e9ments<\/strong><\/span><\/p><p><span style=\"color: #000000; font-family: Arial, Helvetica, sans-serif;\">Serving size: 2\u00a0\u00a0\u00a0\u00a0\u00a0\u00a0\u00a0\u00a0\u00a0\u00a0\u00a0\u00a0\u00a0\u00a0\u00a0\u00a0\u00a0\u00a0\u00a0\u00a0\u00a0\u00a0\u00a0\u00a0\u00a0\u00a0\u00a0\u00a0\u00a0\u00a0\u00a0\u00a0\u00a0\u00a0\u00a0\u00a0\u00a0\u00a0\u00a0\u00a0\u00a0\u00a0\u00a0\u00a0\u00a0\u00a0\u00a0\u00a0\u00a0\u00a0\u00a0 Serving per container 45<\/span><\/p><\/td><\/tr><tr><td width=\"302\"><p><span style=\"color: #000000; font-family: Arial, Helvetica, sans-serif;\"><strong>Ingr\u00e9dient<\/strong><\/span><\/p><\/td><td width=\"170\"><p><span style=\"color: #000000; font-family: Arial, Helvetica, sans-serif;\"><strong>Quantit\u00e9 par portion<\/strong><\/span><\/p><\/td><td width=\"132\"><p><span style=\"color: #000000; font-family: Arial, Helvetica, sans-serif;\"><strong>Valeur quotidienne<\/strong><\/span><\/p><\/td><\/tr><tr><td width=\"302\"><p><span style=\"color: #000000; font-family: Arial, Helvetica, sans-serif;\">Extrait de cerise noire (Prunus serotina)<\/span><\/p><\/td><td width=\"170\"><p><span style=\"color: #000000; font-family: Arial, Helvetica, sans-serif;\">300mg<\/span><\/p><\/td><td width=\"132\"><p><span style=\"color: #000000; font-family: Arial, Helvetica, sans-serif;\">*<\/span><\/p><\/td><\/tr><tr><td width=\"302\"><p><span style=\"color: #000000; font-family: Arial, Helvetica, sans-serif;\">Merisier (Prunus virginiana)(retour)<\/span><\/p><\/td><td width=\"170\"><p><span style=\"color: #000000; font-family: Arial, Helvetica, sans-serif;\">250 mg<\/span><\/p><\/td><td width=\"132\"><p><span style=\"color: #000000; font-family: Arial, Helvetica, sans-serif;\">*<\/span><\/p><\/td><\/tr><tr><td width=\"302\"><p><span style=\"color: #000000; font-family: Arial, Helvetica, sans-serif;\">Achill\u00e9e millefeuille (Achillea millefolium) (fleur)<\/span><\/p><\/td><td width=\"170\"><p><span style=\"color: #000000; font-family: Arial, Helvetica, sans-serif;\">200 mg<\/span><\/p><\/td><td width=\"132\"><p><span style=\"color: #000000; font-family: Arial, Helvetica, sans-serif;\">*<\/span><\/p><\/td><\/tr><tr><td width=\"302\"><p><span style=\"color: #000000; font-family: Arial, Helvetica, sans-serif;\">Griffe du diable (Harpagophytum procumbens)<\/span><\/p><\/td><td width=\"170\"><p><span style=\"color: #000000; font-family: Arial, Helvetica, sans-serif;\">150 mg<\/span><\/p><\/td><td width=\"132\"><p><span style=\"color: #000000; font-family: Arial, Helvetica, sans-serif;\">*<\/span><\/p><\/td><\/tr><tr><td width=\"302\"><p><span style=\"color: #000000; font-family: Arial, Helvetica, sans-serif;\">Saule blanc (Salix alba)(retour)<\/span><\/p><\/td><td width=\"170\"><p><span style=\"color: #000000; font-family: Arial, Helvetica, sans-serif;\">125 mg<\/span><\/p><\/td><td width=\"132\"><p><span style=\"color: #000000; font-family: Arial, Helvetica, sans-serif;\">*<\/span><\/p><\/td><\/tr><tr><td colspan=\"3\" width=\"604\"><p><span style=\"color: #000000; font-family: Arial, Helvetica, sans-serif;\"><strong>Autres ingr\u00e9dients<\/strong>: g\u00e9latine et poudre de riz, contient : Sans ar\u00f4me artificiel, conservateurs, levure, ma\u00efs, d\u00e9riv\u00e9s du lait, sucre, gluten, sel, sodium, lactose, amidon<\/span><\/p><\/td><\/tr><\/tbody><\/table><p style=\"text-align: center;\"><span style=\"font-family: Arial, Helvetica, sans-serif;\"><a class=\"buy\" href=\"#buy\"><strong>ALLER ACHETER MAINTENANT<\/strong><\/a><\/span><\/p><p><span style=\"color: #000000; font-family: Arial, Helvetica, sans-serif;\"><strong>INDICATION: <\/strong><\/span><\/p><p><span style=\"color: #000000; font-family: Arial, Helvetica, sans-serif;\">Hyperuric\u00e9mie, arthrite, insuffisance r\u00e9nale, g\u00e9n\u00e9tique (tendances h\u00e9r\u00e9ditaires), hypothyro\u00efdie, immunosuppresseur, ob\u00e9sit\u00e9, syndrome de lyse tumorale, psoriasis, consommation excessive d&#039;alcool, calculs r\u00e9naux, maladie cardiaque, diab\u00e8te, d\u00e9pression, etc.<\/span><\/p><p><span style=\"color: #000000; font-family: Arial, Helvetica, sans-serif;\"><strong>POSOLOGIE<\/strong>: Adultes : Prendre 1 capsule 3 fois par jour avec de la nourriture &#039;&#039;AVEC BEAUCOUP D&#039;EAU&#039;&#039;.<\/span><\/p><\/div>\n\t\t\t\t<\/div>\n\t\t\t\t\t\t\t<div class=\"elementor-toggle-item\">\n\t\t\t\t\t<h2 id=\"elementor-tab-title-1942\" class=\"elementor-tab-title\" data-tab=\"2\" role=\"button\" aria-controls=\"elementor-tab-content-1942\" aria-expanded=\"false\">\n\t\t\t\t\t\t\t\t\t\t\t\t<span class=\"elementor-toggle-icon elementor-toggle-icon-left\" aria-hidden=\"true\">\n\t\t\t\t\t\t\t\t\t\t\t\t\t\t\t<span class=\"elementor-toggle-icon-closed\"><i class=\"far fa-caret-square-right\"><\/i><\/span>\n\t\t\t\t\t\t\t\t<span class=\"elementor-toggle-icon-opened\"><i class=\"elementor-toggle-icon-opened fas fa-caret-square-up\"><\/i><\/span>\n\t\t\t\t\t\t\t\t\t\t\t\t\t<\/span>\n\t\t\t\t\t\t\t\t\t\t\t\t<a class=\"elementor-toggle-title\" tabindex=\"0\">..<\/a>\n\t\t\t\t\t<\/h2>\n\n\t\t\t\t\t<div id=\"elementor-tab-content-1942\" class=\"elementor-tab-content elementor-clearfix\" data-tab=\"2\" role=\"region\" aria-labelledby=\"elementor-tab-title-1942\"><\/div>\n\t\t\t\t<\/div>\n\t\t\t\t\t\t\t\t<\/div>\n\t\t\t\t\t\t<\/div>\n\t\t\t\t<\/div>\n\t\t\t\t\t<\/div>\n\t\t<\/div>\n\t\t\t\t\t<\/div>\n\t\t<\/section>\n\t\t\t\t<\/div>","protected":false},"excerpt":{"rendered":"<p><a name=\"buy\"><\/a><\/p>\n<ul>\n<li><strong><span style=\"font-family: go;\">Poss\u00e8de de fortes propri\u00e9t\u00e9s anti-inflammatoires<\/span><\/strong><\/li>\n<li><strong><span style=\"font-family: go;\">Ses propri\u00e9t\u00e9s antioxydantes aident \u00e0 r\u00e9duire les \u00e9pisodes d&#039;attaques de goutte et favorisent la sant\u00e9 des articulations<\/span><\/strong><\/li>\n<li><strong><span style=\"font-family: go;\">R\u00e9duit consid\u00e9rablement l&#039;accumulation d&#039;acide urique dans le corps<\/span><\/strong><\/li>\n<li><strong><span style=\"font-family: go;\">Aide les reins \u00e0 \u00e9liminer naturellement l&#039;exc\u00e8s d&#039;acide urique<\/span><\/strong><\/li>\n<li><a href=\"#more\"><strong>Lire la suite<\/strong><\/a><\/li>\n<\/ul>","protected":false},"featured_media":5473,"comment_status":"open","ping_status":"closed","template":"","meta":{"nf_dc_page":"","_bbp_topic_count":0,"_bbp_reply_count":0,"_bbp_total_topic_count":0,"_bbp_total_reply_count":0,"_bbp_voice_count":0,"_bbp_anonymous_reply_count":0,"_bbp_topic_count_hidden":0,"_bbp_reply_count_hidden":0,"_bbp_forum_subforum_count":0},"product_brand":[],"product_cat":[33],"product_tag":[],"class_list":{"0":"post-5471","1":"product","2":"type-product","3":"status-publish","4":"has-post-thumbnail","6":"product_cat-all-products","8":"first","9":"instock","10":"shipping-taxable","11":"purchasable","12":"product-type-simple"},"bundled_by":[],"bundle_stock_status":"instock","bundle_stock_quantity":1,"bundle_virtual":false,"bundle_layout":"","bundle_add_to_cart_form_location":"","bundle_editable_in_cart":false,"bundle_sold_individually_context":"","bundle_item_grouping":"","bundle_min_size":"","bundle_max_size":"","bundled_items":[],"bundle_sell_ids":[],"_links":{"self":[{"href":"https:\/\/www.naturesgiftforlife.com\/fr\/wp-json\/wp\/v2\/product\/5471","targetHints":{"allow":["GET"]}}],"collection":[{"href":"https:\/\/www.naturesgiftforlife.com\/fr\/wp-json\/wp\/v2\/product"}],"about":[{"href":"https:\/\/www.naturesgiftforlife.com\/fr\/wp-json\/wp\/v2\/types\/product"}],"replies":[{"embeddable":true,"href":"https:\/\/www.naturesgiftforlife.com\/fr\/wp-json\/wp\/v2\/comments?post=5471"}],"version-history":[{"count":0,"href":"https:\/\/www.naturesgiftforlife.com\/fr\/wp-json\/wp\/v2\/product\/5471\/revisions"}],"wp:featuredmedia":[{"embeddable":true,"href":"https:\/\/www.naturesgiftforlife.com\/fr\/wp-json\/wp\/v2\/media\/5473"}],"wp:attachment":[{"href":"https:\/\/www.naturesgiftforlife.com\/fr\/wp-json\/wp\/v2\/media?parent=5471"}],"wp:term":[{"taxonomy":"product_brand","embeddable":true,"href":"https:\/\/www.naturesgiftforlife.com\/fr\/wp-json\/wp\/v2\/product_brand?post=5471"},{"taxonomy":"product_cat","embeddable":true,"href":"https:\/\/www.naturesgiftforlife.com\/fr\/wp-json\/wp\/v2\/product_cat?post=5471"},{"taxonomy":"product_tag","embeddable":true,"href":"https:\/\/www.naturesgiftforlife.com\/fr\/wp-json\/wp\/v2\/product_tag?post=5471"}],"curies":[{"name":"wp","href":"https:\/\/api.w.org\/{rel}","templated":true}]}}