{"id":5455,"date":"2020-12-16T10:22:47","date_gmt":"2020-12-16T10:22:47","guid":{"rendered":"http:\/\/www.livehealthylivehappy.com\/new\/?post_type=product&#038;p=5455"},"modified":"2023-08-23T16:03:18","modified_gmt":"2023-08-23T16:03:18","slug":"candida-cleanse","status":"publish","type":"product","link":"https:\/\/www.naturesgiftforlife.com\/fr\/shop\/candida-cleanse\/","title":{"rendered":"Nettoyer Candida"},"content":{"rendered":"<div data-elementor-type=\"wp-post\" data-elementor-id=\"5455\" class=\"elementor elementor-5455\">\n\t\t\t\t\t\t<section class=\"elementor-section elementor-top-section elementor-element elementor-element-d3c69d6 elementor-section-boxed elementor-section-height-default elementor-section-height-default\" data-id=\"d3c69d6\" data-element_type=\"section\" data-e-type=\"section\">\n\t\t\t\t\t\t<div class=\"elementor-container elementor-column-gap-default\">\n\t\t\t\t\t<div class=\"elementor-column elementor-col-100 elementor-top-column elementor-element elementor-element-e8644f2\" data-id=\"e8644f2\" data-element_type=\"column\" data-e-type=\"column\">\n\t\t\t<div class=\"elementor-widget-wrap elementor-element-populated\">\n\t\t\t\t\t\t<div class=\"elementor-element elementor-element-4d48ce1 elementor-widget elementor-widget-html\" data-id=\"4d48ce1\" data-element_type=\"widget\" data-e-type=\"widget\" data-widget_type=\"html.default\">\n\t\t\t\t<div class=\"elementor-widget-container\">\n\t\t\t\t\t<a name=\"more\"><\/a>\t\t\t\t<\/div>\n\t\t\t\t<\/div>\n\t\t\t\t<div class=\"elementor-element elementor-element-b8d948a elementor-invisible elementor-widget elementor-widget-toggle\" data-id=\"b8d948a\" data-element_type=\"widget\" data-e-type=\"widget\" data-settings=\"{&quot;_animation&quot;:&quot;flash&quot;}\" data-widget_type=\"toggle.default\">\n\t\t\t\t<div class=\"elementor-widget-container\">\n\t\t\t\t\t\t\t<div class=\"elementor-toggle\">\n\t\t\t\t\t\t\t<div class=\"elementor-toggle-item\">\n\t\t\t\t\t<h2 id=\"elementor-tab-title-1931\" class=\"elementor-tab-title\" data-tab=\"1\" role=\"button\" aria-controls=\"elementor-tab-content-1931\" aria-expanded=\"false\">\n\t\t\t\t\t\t\t\t\t\t\t\t<span class=\"elementor-toggle-icon elementor-toggle-icon-left\" aria-hidden=\"true\">\n\t\t\t\t\t\t\t\t\t\t\t\t\t\t\t<span class=\"elementor-toggle-icon-closed\"><i class=\"far fa-caret-square-right\"><\/i><\/span>\n\t\t\t\t\t\t\t\t<span class=\"elementor-toggle-icon-opened\"><i class=\"elementor-toggle-icon-opened fas fa-caret-square-up\"><\/i><\/span>\n\t\t\t\t\t\t\t\t\t\t\t\t\t<\/span>\n\t\t\t\t\t\t\t\t\t\t\t\t<a class=\"elementor-toggle-title\" tabindex=\"0\">Description d\u00e9taill\u00e9e du produit \/ faits sur les suppl\u00e9ments<\/a>\n\t\t\t\t\t<\/h2>\n\n\t\t\t\t\t<div id=\"elementor-tab-content-1931\" class=\"elementor-tab-content elementor-clearfix\" data-tab=\"1\" role=\"region\" aria-labelledby=\"elementor-tab-title-1931\"><p style=\"text-align: center;\"><span style=\"color: #000000;\"><strong>NETTOYAGE CANDIDA<\/strong><\/span><\/p><p><span style=\"color: #000000;\"><strong>\u00a0<\/strong><strong>Avantages de Candida Cleanse<\/strong><\/span><\/p><ul><li><span style=\"color: #000000;\">Aidez le corps \u00e0 se d\u00e9barrasser de l&#039;exc\u00e8s de candida en \u00e9liminant le <a style=\"color: #000000;\" href=\"https:\/\/www.niddk.nih.gov\/health-information\/health-topics\/Anatomy\/your-digestive-system\/Pages\/anatomy.aspx\" target=\"_blank\" rel=\"noopener\">tube digestif<\/a>;<\/span><\/li><li><span style=\"color: #000000;\">Reconstitue la flore intestinale;<\/span><\/li><li><span style=\"color: #000000;\">Aide \u00e0 nettoyer et d\u00e9toxifie le corps;<\/span><\/li><li><span style=\"color: #000000;\">Booster le syst\u00e8me immunitaire pour mieux \u00e9liminer les levures en exc\u00e8s ;<\/span><\/li><li><span style=\"color: #000000;\">Am\u00e9liore le niveau d&#039;\u00e9nergie;<\/span><\/li><li><span style=\"color: #000000;\">\u00c9limine les \u00e9ruptions cutan\u00e9es \u00e0 levures sur la peau;<\/span><\/li><li><span style=\"color: #000000;\">Inhibe et \u00e9limine les bact\u00e9ries et parasites nocifs;<\/span><\/li><li><span style=\"color: #000000;\">Aide \u00e0 traiter le syndrome du c\u00f4lon irritable (IBS);<\/span><\/li><li><span style=\"color: #000000;\">Forme un rev\u00eatement sur tout le c\u00f4lon, emp\u00eachant le d\u00e9p\u00f4t de d\u00e9chets toxiques dans le corps\u00a0;<\/span><\/li><\/ul><p style=\"text-align: center;\"><a class=\"buy\" href=\"#buy\"><strong>ALLER ACHETER MAINTENANT<\/strong><\/a><\/p><p><span style=\"color: #000000;\"><strong>Une m\u00e9thode simple et s\u00fbre pour \u00e9liminer naturellement les infections \u00e0 candida<\/strong><\/span><\/p><p><span style=\"color: #000000;\">UNE <a href=\"https:\/\/www.naturesgiftforlife.com\/fr\/andropause\/\">champignon<\/a>, \u201ccandida\u201d helps with digestion and nutrient absorption when it is at the appropriate levels within the body. When candida is overproduced the symptoms like bad breath, a white coating on the tongue, a weakened immune system, exhaustion, or simply not feeling well, chances are that you may have an overabundance of candida in your system. There are many health issues associated with candida overgrowth. If it is left unchecked in the digestive tract it breaks down the walls of the lining of the intestines and then penetrate the bloodstream. This can release toxins and cause leaky gut syndrome.<\/span><\/p><p><a href=\"https:\/\/livehealthylivehappy.com\/\" target=\"_blank\" rel=\"noopener\"><strong><span style=\"color: #000000;\">Nettoyer Candida<\/span><\/strong><\/a><\/p><p><span style=\"color: #000000;\">Candida albicans est une infection \u00e0 levures qui se trouve dans le tractus intestinal, le vagin et la bouche. Elle peut affecter la peau ainsi que d&#039;autres muqueuses. Lorsque le syst\u00e8me immunitaire fonctionne correctement, le candida albicans n&#039;est g\u00e9n\u00e9ralement pas grave. Cependant, lorsque le syst\u00e8me immunitaire ne fonctionne pas correctement, l&#039;infection \u00e0 candida peut migrer vers d&#039;autres zones du corps. Cela inclut les membranes autour du c\u0153ur et du cerveau et dans le sang.<\/span><\/p><p style=\"text-align: center;\"><a class=\"buy\" href=\"#buy\"><strong>ALLER ACHETER MAINTENANT<\/strong><\/a><\/p><p><span style=\"color: #000000;\">Lorsque l&#039;\u00e9quilibre naturel du pH du corps est perturb\u00e9, le candida peut devenir incontr\u00f4lable et cr\u00e9er des probl\u00e8mes. Un syst\u00e8me immunitaire qui fonctionne correctement et <a style=\"color: #000000;\" href=\"http:\/\/microbemagic.ucc.ie\/about_microbes\/good_bacteria.html\" target=\"_blank\" rel=\"noopener\">bonnes bact\u00e9ries<\/a> sont n\u00e9cessaires pour lutter contre ce type d&#039;infection. Il s&#039;agit d&#039;un probl\u00e8me de sant\u00e9 chronique et les personnes qui en sont atteintes peuvent d\u00e9velopper des allergies, de nouvelles sensibilit\u00e9s ou des intol\u00e9rances \u00e0 diff\u00e9rents aliments. Certains de ces aliments comprennent les \u0153ufs, le gluten, le ma\u00efs et les produits laitiers.<\/span><\/p><p><span style=\"color: #000000;\">Il existe plusieurs causes possibles pour une infection \u00e0 Candida. Cela comprend un r\u00e9gime riche en <a style=\"color: #000000;\" href=\"http:\/\/www.diagnosisdiet.com\/refined-carbohydrate-list\/\" target=\"_blank\" rel=\"noopener\">glucides raffin\u00e9s<\/a><u>,<\/u> le sucre et l&#039;alcool, car toutes ces choses aident la levure \u00e0 se d\u00e9velopper. Certaines des autres choses qui peuvent causer une infection \u00e0 candida comprennent les antibiotiques \u00e0 large spectre, les pilules contraceptives, les corticost\u00e9ro\u00efdes oraux, les traitements contre le cancer, le diab\u00e8te et l&#039;affaiblissement du syst\u00e8me immunitaire.<\/span><\/p><p><span style=\"color: #000000;\">Prendre un nettoyage de candida est extr\u00eamement b\u00e9n\u00e9fique car il aidera \u00e0 se d\u00e9barrasser de la prolif\u00e9ration de levures et vous pourrez alors commencer \u00e0 manger plus sainement pour emp\u00eacher la levure de se d\u00e9velopper \u00e0 nouveau de mani\u00e8re incontr\u00f4lable.<\/span><\/p><p style=\"text-align: center;\"><a class=\"buy\" href=\"#buy\"><strong>ALLER ACHETER MAINTENANT<\/strong><\/a><\/p><p><span style=\"color: #000000;\"><strong>LA DESCRIPTION <\/strong><\/span><\/p><p><span style=\"color: #000000;\">Candida Cleanse est un compl\u00e9ment alimentaire enti\u00e8rement naturel qui aide \u00e0 nettoyer efficacement le tube digestif pour aider \u00e0 am\u00e9liorer la digestion et l&#039;absorption des nutriments pour am\u00e9liorer la sant\u00e9 globale. Il contient des ingr\u00e9dients naturels dans leurs bonnes proportions qui aident \u00e0 \u00e9liminer les infections fongiques ou la prolif\u00e9ration ; ainsi la d\u00e9sintoxication<\/span><\/p><p style=\"text-align: center;\"><span style=\"color: #000000;\"><strong> <a class=\"buy\" href=\"#buy\">ALLER ACHETER MAINTENANT<\/a><\/strong><\/span><\/p><p><span style=\"color: #000000;\"><strong>PR\u00c9SENTATION: <\/strong>flacon de 90 g\u00e9lules<\/span><\/p><table width=\"538\"><tbody><tr><td colspan=\"3\" width=\"538\"><p><span style=\"color: #000000;\"><strong>Serving size 2\u00a0\u00a0\u00a0 serving per container 45<\/strong><\/span><\/p><\/td><\/tr><tr><td width=\"291\"><p><span style=\"color: #000000;\"><strong>Ingr\u00e9dient<\/strong><\/span><\/p><\/td><td width=\"123\"><p><span style=\"color: #000000;\"><strong>Quantit\u00e9 par portion<\/strong><\/span><\/p><\/td><td width=\"124\"><p><span style=\"color: #000000;\"><strong>Valeur quotidienne<\/strong><\/span><\/p><\/td><\/tr><tr><td width=\"291\"><p><span style=\"color: #000000;\">Noyer noir (Juglans nigra) (coque)<\/span><\/p><\/td><td width=\"123\"><p><span style=\"color: #000000;\">200 mg<\/span><\/p><\/td><td width=\"124\"><p><span style=\"color: #000000;\">*<\/span><\/p><\/td><\/tr><tr><td width=\"291\"><p><span style=\"color: #000000;\">Aloe vera (Aloe ferox) (feuille)<\/span><\/p><\/td><td width=\"123\"><p><span style=\"color: #000000;\">200 mg<\/span><\/p><\/td><td width=\"124\"><p><span style=\"color: #000000;\">*<\/span><\/p><\/td><\/tr><tr><td width=\"291\"><p><span style=\"color: #000000;\">lin (linum usitatissimum) (graine)<\/span><\/p><\/td><td width=\"123\"><p><span style=\"color: #000000;\">150 mg<\/span><\/p><\/td><td width=\"124\"><p><span style=\"color: #000000;\">*<\/span><\/p><\/td><\/tr><tr><td width=\"291\"><p><span style=\"color: #000000;\">clou de girofle (Eugenie caryophyllata)(feuille)<\/span><\/p><\/td><td width=\"123\"><p><span style=\"color: #000000;\">150 mg<\/span><\/p><\/td><td width=\"124\"><p><span style=\"color: #000000;\">*<\/span><\/p><\/td><\/tr><tr><td width=\"291\"><p><span style=\"color: #000000;\">papaye (carica papaya) (feuille)<\/span><\/p><\/td><td width=\"123\"><p><span style=\"color: #000000;\">100 mg<\/span><\/p><\/td><td width=\"124\"><p><span style=\"color: #000000;\">*<\/span><\/p><\/td><\/tr><tr><td width=\"291\"><p><span style=\"color: #000000;\">Fenouil (foeniculum vulgare) (graine)<\/span><\/p><\/td><td width=\"123\"><p><span style=\"color: #000000;\">50 mg<\/span><\/p><\/td><td width=\"124\"><p><span style=\"color: #000000;\">*<\/span><\/p><\/td><\/tr><tr><td width=\"291\"><p><span style=\"color: #000000;\">Pau D&#039;acro (tabebuia heptaphylla) (\u00e9corce)<\/span><\/p><\/td><td width=\"123\"><p><span style=\"color: #000000;\">50 mg<\/span><\/p><\/td><td width=\"124\"><p><span style=\"color: #000000;\">*<\/span><\/p><\/td><\/tr><tr><td colspan=\"3\" width=\"538\"><p><span style=\"color: #000000;\"><strong>Autres ingr\u00e9dients<\/strong>: g\u00e9latine et poudre de riz, contient : Sans ar\u00f4me artificiel, conservateurs, levure, ma\u00efs, d\u00e9riv\u00e9s du lait, sucre, gluten, sel, sodium, lactose, amidon<\/span><\/p><\/td><\/tr><\/tbody><\/table><p style=\"text-align: center;\"><span style=\"color: #000000;\"><strong> <a class=\"buy\" href=\"#buy\">ALLER ACHETER MAINTENANT<\/a><\/strong><\/span><\/p><p><span style=\"color: #000000;\"><strong>AVANTAGES DE CANDIDA CLEANSE <\/strong><\/span><\/p><ul><li><span style=\"color: #000000;\"><strong>AIDEZ \u00c0 ENLEVER CANDIDA <\/strong><\/span><\/li><\/ul><p><span style=\"color: #000000;\">It helps to get rid of candida by first starving the yeast, killing it off , repopulating the gut and supporting the body\u2019s ability to detoxify it. It also ensures that the body is able to cope with the physical and emotional effects of candidiasis detoxification.<\/span><\/p><ul><li><span style=\"color: #000000;\"><strong>R\u00c9NOVATION DE LA FLORE INTESTINALE <\/strong><\/span><\/li><\/ul><p><span style=\"color: #000000;\">La prolif\u00e9ration de Candida entra\u00eene la lib\u00e9ration de toxines dans le tube digestif, ce qui a un impact n\u00e9gatif sur la flore digestive, entra\u00eenant une s\u00e9rie de probl\u00e8mes, notamment une mauvaise digestion, des infections, une perte de poids, etc. Candida Cleanse aide \u00e0 arr\u00eater cette prolif\u00e9ration et \u00e0 nettoyer le syst\u00e8me pour un meilleur fonctionnement du syst\u00e8me intestinal.<\/span><\/p><ul><li><span style=\"color: #000000;\"><strong>AIDE \u00c0 NETTOYER ET \u00c0 D\u00c9TOXER <\/strong><\/span><\/li><\/ul><p><span style=\"color: #000000;\">Candida cleanse fonctionne \u00e9galement efficacement pour \u00e9liminer les toxines, les parasites et autres d\u00e9bris accumul\u00e9s ainsi que la croissance excessive des levures. Ce processus de nettoyage et de d\u00e9sintoxication aide \u00e0 am\u00e9liorer la digestion et \u00e0 perdre du poids naturellement, ce qui vous aide \u00e0 vous sentir \u00e9nergique et actif.<\/span><\/p><p style=\"text-align: center;\"><a class=\"buy\" href=\"#buy\"><strong>ALLER ACHETER MAINTENANT<\/strong><\/a><\/p><ul><li><span style=\"color: #000000;\"><strong>FORMULE ENTI\u00c8REMENT NATURELLE<\/strong><\/span><\/li><\/ul><p><span style=\"color: #000000;\">Le tube digestif est tr\u00e8s d\u00e9licat et il est essentiel que le processus de nettoyage soit tr\u00e8s doux pour \u00e9viter tout dommage. Candida Cleanse est fabriqu\u00e9 \u00e0 partir d&#039;ingr\u00e9dients naturels absolument sans danger, garantissant que le produit est exempt d&#039;effets secondaires.<\/span><\/p><p><span style=\"color: #000000;\"><strong>INDICATION <\/strong><\/span><\/p><p><span style=\"color: #000000;\">Candida Infection urinaire \u00e0 levures, Infection g\u00e9nitale \u00e0 levures, Muguet buccal, Candidose cutan\u00e9o-muqueuse (sur la peau), M\u00e9ningite caus\u00e9e par le candida, Candidose intra-abdominale, Ost\u00e9omy\u00e9lite et arthrite fongique caus\u00e9es par un champignon, endocardite fongique, Candid\u00e9mie, etc.<\/span><\/p><\/div>\n\t\t\t\t<\/div>\n\t\t\t\t\t\t\t<div class=\"elementor-toggle-item\">\n\t\t\t\t\t<h2 id=\"elementor-tab-title-1932\" class=\"elementor-tab-title\" data-tab=\"2\" role=\"button\" aria-controls=\"elementor-tab-content-1932\" aria-expanded=\"false\">\n\t\t\t\t\t\t\t\t\t\t\t\t<span class=\"elementor-toggle-icon elementor-toggle-icon-left\" aria-hidden=\"true\">\n\t\t\t\t\t\t\t\t\t\t\t\t\t\t\t<span class=\"elementor-toggle-icon-closed\"><i class=\"far fa-caret-square-right\"><\/i><\/span>\n\t\t\t\t\t\t\t\t<span class=\"elementor-toggle-icon-opened\"><i class=\"elementor-toggle-icon-opened fas fa-caret-square-up\"><\/i><\/span>\n\t\t\t\t\t\t\t\t\t\t\t\t\t<\/span>\n\t\t\t\t\t\t\t\t\t\t\t\t<a class=\"elementor-toggle-title\" tabindex=\"0\">..<\/a>\n\t\t\t\t\t<\/h2>\n\n\t\t\t\t\t<div id=\"elementor-tab-content-1932\" class=\"elementor-tab-content elementor-clearfix\" data-tab=\"2\" role=\"region\" aria-labelledby=\"elementor-tab-title-1932\"><\/div>\n\t\t\t\t<\/div>\n\t\t\t\t\t\t\t\t<\/div>\n\t\t\t\t\t\t<\/div>\n\t\t\t\t<\/div>\n\t\t\t\t\t<\/div>\n\t\t<\/div>\n\t\t\t\t\t<\/div>\n\t\t<\/section>\n\t\t\t\t<\/div>","protected":false},"excerpt":{"rendered":"<p><a name=\"buy\"><\/a><\/p>\n<ul>\n<li><strong><span style=\"font-family: go;\">Aide le corps \u00e0 se d\u00e9barrasser de l&#039;exc\u00e8s de candida en \u00e9vacuant le tube digestif<\/span><\/strong><\/li>\n<li><strong><span style=\"font-family: go;\">Reconstitue la flore intestinale<\/span><\/strong><\/li>\n<li><strong><span style=\"font-family: go;\">Aide \u00e0 nettoyer et d\u00e9toxifie le corps<\/span><\/strong><\/li>\n<li><strong><span style=\"font-family: go;\">Booster le syst\u00e8me immunitaire pour mieux \u00e9liminer les exc\u00e8s de levure<\/span><\/strong><\/li>\n<\/ul>\n<p><strong>\u00a0\u00a0\u00a0\u00a0\u00a0 &gt;&gt;&gt;<span style=\"font-family: go; font-size: 14pt;\"><a href=\"#more\"><span style=\"color: #0000ff;\">Lire la suite<\/span><\/a><\/span><\/strong><\/p>","protected":false},"featured_media":5458,"comment_status":"open","ping_status":"closed","template":"","meta":{"nf_dc_page":"","_bbp_topic_count":0,"_bbp_reply_count":0,"_bbp_total_topic_count":0,"_bbp_total_reply_count":0,"_bbp_voice_count":0,"_bbp_anonymous_reply_count":0,"_bbp_topic_count_hidden":0,"_bbp_reply_count_hidden":0,"_bbp_forum_subforum_count":0},"product_brand":[],"product_cat":[33],"product_tag":[],"class_list":{"0":"post-5455","1":"product","2":"type-product","3":"status-publish","4":"has-post-thumbnail","6":"product_cat-all-products","8":"first","9":"instock","10":"shipping-taxable","11":"purchasable","12":"product-type-simple"},"bundled_by":[],"bundle_stock_status":"instock","bundle_stock_quantity":1,"bundle_virtual":false,"bundle_layout":"","bundle_add_to_cart_form_location":"","bundle_editable_in_cart":false,"bundle_sold_individually_context":"","bundle_item_grouping":"","bundle_min_size":"","bundle_max_size":"","bundled_items":[],"bundle_sell_ids":[],"_links":{"self":[{"href":"https:\/\/www.naturesgiftforlife.com\/fr\/wp-json\/wp\/v2\/product\/5455","targetHints":{"allow":["GET"]}}],"collection":[{"href":"https:\/\/www.naturesgiftforlife.com\/fr\/wp-json\/wp\/v2\/product"}],"about":[{"href":"https:\/\/www.naturesgiftforlife.com\/fr\/wp-json\/wp\/v2\/types\/product"}],"replies":[{"embeddable":true,"href":"https:\/\/www.naturesgiftforlife.com\/fr\/wp-json\/wp\/v2\/comments?post=5455"}],"version-history":[{"count":0,"href":"https:\/\/www.naturesgiftforlife.com\/fr\/wp-json\/wp\/v2\/product\/5455\/revisions"}],"wp:featuredmedia":[{"embeddable":true,"href":"https:\/\/www.naturesgiftforlife.com\/fr\/wp-json\/wp\/v2\/media\/5458"}],"wp:attachment":[{"href":"https:\/\/www.naturesgiftforlife.com\/fr\/wp-json\/wp\/v2\/media?parent=5455"}],"wp:term":[{"taxonomy":"product_brand","embeddable":true,"href":"https:\/\/www.naturesgiftforlife.com\/fr\/wp-json\/wp\/v2\/product_brand?post=5455"},{"taxonomy":"product_cat","embeddable":true,"href":"https:\/\/www.naturesgiftforlife.com\/fr\/wp-json\/wp\/v2\/product_cat?post=5455"},{"taxonomy":"product_tag","embeddable":true,"href":"https:\/\/www.naturesgiftforlife.com\/fr\/wp-json\/wp\/v2\/product_tag?post=5455"}],"curies":[{"name":"wp","href":"https:\/\/api.w.org\/{rel}","templated":true}]}}