{"id":545,"date":"2020-08-17T18:51:42","date_gmt":"2020-08-17T18:51:42","guid":{"rendered":"https:\/\/test.projectilecm.com\/?post_type=product&#038;p=545"},"modified":"2024-09-26T06:21:57","modified_gmt":"2024-09-26T06:21:57","slug":"staminex","status":"publish","type":"product","link":"https:\/\/www.naturesgiftforlife.com\/fr\/shop\/staminex\/","title":{"rendered":"Staminex"},"content":{"rendered":"<div data-elementor-type=\"wp-post\" data-elementor-id=\"545\" class=\"elementor elementor-545\">\n\t\t\t\t\t\t<section class=\"elementor-section elementor-top-section elementor-element elementor-element-ecf4662 elementor-section-boxed elementor-section-height-default elementor-section-height-default\" data-id=\"ecf4662\" data-element_type=\"section\" data-e-type=\"section\">\n\t\t\t\t\t\t<div class=\"elementor-container elementor-column-gap-default\">\n\t\t\t\t\t<div class=\"elementor-column elementor-col-100 elementor-top-column elementor-element elementor-element-96814d1\" data-id=\"96814d1\" data-element_type=\"column\" data-e-type=\"column\">\n\t\t\t<div class=\"elementor-widget-wrap elementor-element-populated\">\n\t\t\t\t\t\t<div class=\"elementor-element elementor-element-98431ca elementor-widget elementor-widget-html\" data-id=\"98431ca\" data-element_type=\"widget\" data-e-type=\"widget\" data-widget_type=\"html.default\">\n\t\t\t\t<div class=\"elementor-widget-container\">\n\t\t\t\t\t<a name=\"more\"><\/a>\t\t\t\t<\/div>\n\t\t\t\t<\/div>\n\t\t\t\t<div class=\"elementor-element elementor-element-705b847 elementor-invisible elementor-widget elementor-widget-toggle\" data-id=\"705b847\" data-element_type=\"widget\" data-e-type=\"widget\" data-settings=\"{&quot;_animation&quot;:&quot;flash&quot;}\" data-widget_type=\"toggle.default\">\n\t\t\t\t<div class=\"elementor-widget-container\">\n\t\t\t\t\t\t\t<div class=\"elementor-toggle\">\n\t\t\t\t\t\t\t<div class=\"elementor-toggle-item\">\n\t\t\t\t\t<div id=\"elementor-tab-title-1171\" class=\"elementor-tab-title\" data-tab=\"1\" role=\"button\" aria-controls=\"elementor-tab-content-1171\" aria-expanded=\"false\">\n\t\t\t\t\t\t\t\t\t\t\t\t<span class=\"elementor-toggle-icon elementor-toggle-icon-left\" aria-hidden=\"true\">\n\t\t\t\t\t\t\t\t\t\t\t\t\t\t\t<span class=\"elementor-toggle-icon-closed\"><i class=\"far fa-caret-square-right\"><\/i><\/span>\n\t\t\t\t\t\t\t\t<span class=\"elementor-toggle-icon-opened\"><i class=\"elementor-toggle-icon-opened fas fa-caret-square-up\"><\/i><\/span>\n\t\t\t\t\t\t\t\t\t\t\t\t\t<\/span>\n\t\t\t\t\t\t\t\t\t\t\t\t<a class=\"elementor-toggle-title\" tabindex=\"0\">Description d\u00e9taill\u00e9e du produit \/ faits sur les suppl\u00e9ments<\/a>\n\t\t\t\t\t<\/div>\n\n\t\t\t\t\t<div id=\"elementor-tab-content-1171\" class=\"elementor-tab-content elementor-clearfix\" data-tab=\"1\" role=\"region\" aria-labelledby=\"elementor-tab-title-1171\"><p><span style=\"color: #000000;\"><strong>Avantages de Staminex<\/strong><\/span><\/p><ul><li><span style=\"color: #000000;\">Augmente le d\u00e9sir sexuel;<\/span><\/li><li><span style=\"color: #000000;\">Augmenter la capacit\u00e9 des hommes \u00e0 avoir et \u00e0 maintenir une bonne <a href=\"https:\/\/livehealthylivehappy.com\/category\/menshealth\/\" target=\"_blank\" rel=\"noopener\">\u00e9rection<\/a> pendant les rapports sexuels;<\/span><\/li><li><span style=\"color: #000000;\">Improves\u00a0clitoral turgescence in women;<\/span><\/li><li><span style=\"color: #000000;\">Combat l&#039;\u00e9jaculation pr\u00e9coce<\/span><\/li><li><span style=\"color: #000000;\">Fournir l&#039;\u00e9nergie n\u00e9cessaire pour soutenir le sexe<\/span><\/li><li><span style=\"color: #000000;\">Am\u00e9liore les performances et l&#039;endurance pendant l&#039;acte sexuel<\/span><\/li><li><span style=\"color: #000000;\">R\u00e9duit le temps de r\u00e9cup\u00e9ration post-co\u00eftale.<\/span><\/li><\/ul><p style=\"text-align: center;\"><strong><a class=\"buy\" href=\"#buy\">ALLER ACHETER MAINTENANT<\/a><\/strong><\/p><p><span style=\"color: #000000;\">La vie de couple repose plus que jamais sur une bonne entente sexuelle. D&#039;apr\u00e8s les sondages, 86% le consid\u00e8rent comme essentiel et central. D&#039;o\u00f9 l&#039;importance de l&#039;\u00e9quilibre sexuel entre les \u00e9poux.<\/span><\/p><p><span style=\"color: #000000;\">C&#039;est un fait \u00e9tabli qu&#039;une bonne relation sexuelle pr\u00e9serve non seulement la sant\u00e9 du couple non seulement la sant\u00e9 du couple, mais la sant\u00e9 g\u00e9n\u00e9rale de la sant\u00e9 des deux conjoints. Le plaisir sexuel agit comme un rem\u00e8de naturel et la libido prolonge la vie. De nombreuses \u00e9tudes le confirment : le d\u00e9sir, cette pulsion de vie<\/span><\/p><p><span style=\"color: #000000;\">Le dynamisme de la vie contribue \u00e0 notre long\u00e9vit\u00e9. Tout simplement parce que le plaisir de faire l&#039;amour nous rend heureux et que l&#039;\u00e9tat de b\u00e9atitude est excellent pour le syst\u00e8me immunitaire. Le plaisir physique, source d&#039;\u00e9nergie, favorise un meilleur \u00e9quilibre hormonal.<\/span><\/p><p><span style=\"color: #000000;\">L&#039;explosion d&#039;endorphines dans le cerveau au moment de l&#039;orgasme cr\u00e9e cette sensation d&#039;euphorie, de bien-\u00eatre : calme, diminution du stress et de l&#039;anxi\u00e9t\u00e9 et sommeil r\u00e9cup\u00e9rateur.<\/span><\/p><p><span style=\"color: #000000;\">\u00a0The hormone that puts us in this state and makes us addicted to each other is oxytocin. Boosted by caresses and kisses, it reaches its maximum in the blood at the time of the orgasm. Well known to trigger childbirth and to develop to develop mother-child attachment, oxytocin also plays a role in the protection, against breast cancer. Released by the stimulation of the nipples during sexual exchanges, it help to eliminate carcinogenic elements from the mammary glands. &#8220;Women whose breasts are regularly caressed during sexual exchanges are better protected from breast cancer.<\/span><\/p><p><span style=\"color: #000000;\">This was revealed in a 1995 study,&#8221; explains Sylvain Mimoun, gynecologist and sex therapist.<\/span><\/p><p><span style=\"color: #000000;\">Faire l&#039;amour stimule la circulation g\u00e9n\u00e9rale et locale. Des relations sexuelles r\u00e9guli\u00e8res diminuent ainsi les risques de ph\u00e9nom\u00e8nes inflammatoires qui font le lit des cancers et des maladies cardiovasculaires. En cas d&#039;abstinence, il est donc conseill\u00e9 de se caresser.<\/span><\/p><p style=\"text-align: center;\"><a class=\"buy\" href=\"#buy\"><strong>ALLER ACHETER MAINTENANT<\/strong><\/a><\/p><p><span style=\"color: #000000;\">On the male side, an American study, carried out on 30,000 men and confirmed by an Australian study, shows that frequent ejaculations reduce the risk of prostate cancer &#8220;explains Fr\u00e9d\u00e9ric Saldmann, cardiologist, nutritionist and author of La Vie et le temps. The statistics are more than precise: from twelve monthly ejaculations onwards the prevention becomes significant and twenty-one ejaculations per month reduce this risk by one third. In fact, the massage of the prostate during intercourse and the emission of semen would contribute to the elimination of carcinogenic cells. And it would also reduce the micro-calcifications that accumulate in the prostate. Again, studies show that in the absence of sexual intercourse, masturbation protects the prostate. Love and passion seem to be two inseparable factors in the life of a couple.<\/span><\/p><p><span style=\"color: #000000;\">Mais que se passe-t-il lorsque le d\u00e9sir n&#039;est plus pr\u00e9sent et qu&#039;un dysfonctionnement sexuel appara\u00eet. Dans de nombreux cas, l&#039;absence de relations sexuelles ou de satisfaction sexuelle entra\u00eene la mort du couple. Cependant, il est possible de rallumer la flamme et d&#039;am\u00e9liorer la sexualit\u00e9 <a href=\"https:\/\/www.naturesgiftforlife.com\/fr\/shop\/steaz-orange-energy-drink\/\">la satisfaction<\/a> du couple.<\/span><\/p><p><span style=\"color: #000000;\">De nombreuses formules pharmaceutiques existent \u00e0 cet effet.<\/span><\/p><p><span style=\"color: #000000;\">Cependant, comme nous l&#039;avons d\u00e9j\u00e0 mentionn\u00e9, il est important de prendre en compte leurs effets sur la sant\u00e9 g\u00e9n\u00e9rale, et pas seulement sur la sant\u00e9 sexuelle. C&#039;est pourquoi les aphrodisiaques naturels sont de plus en plus recommand\u00e9s, car ils am\u00e9liorent la sant\u00e9 et les performances sexuelles tout en pr\u00e9servant la sant\u00e9 g\u00e9n\u00e9rale du couple. N\u00e9anmoins, il est loin d&#039;\u00eatre \u00e9vident de trouver des formules adapt\u00e9es pour l&#039;homme et la femme. Par exemple, le vitex, une des plantes pr\u00e9sentes dans diverses pr\u00e9parations pour am\u00e9liorer la sexualit\u00e9 f\u00e9minine, a cependant un effet inhibiteur sur la libido masculine. Notre formule sp\u00e9ciale NG4L Staminex, est l&#039;une des rares sur le march\u00e9 \u00e0 pouvoir accompagner l&#039;\u00e9panouissement du couple, car elle concerne \u00e0 la fois la sexualit\u00e9 masculine et f\u00e9minine.<\/span><\/p><p style=\"text-align: center;\"><a class=\"buy\" href=\"#buy\"><strong>ALLER ACHETER MAINTENANT<\/strong><\/a><\/p><p><span style=\"color: #000000;\"><strong>\u00a0<\/strong><strong>LA DESCRIPTION:<\/strong> NG4L Staminex est un stimulant sexuel naturel pour favoriser les performances sexuelles, augmenter l&#039;endurance et le plaisir sexuel. Cette formule adapt\u00e9e pour le couple porte \u00e0 son comble le d\u00e9sir et le plaisir sexuel et r\u00e9duit encore le temps de latence chez les hommes permettant au couple de b\u00e9n\u00e9ficier d&#039;une exp\u00e9rience sexuelle br\u00fblante et ainsi favoriser leur d\u00e9veloppement sexuel et leur sant\u00e9 sexuelle.<\/span><\/p><p><span style=\"color: #000000;\"><strong>\u00a0<\/strong><strong>PR\u00c9SENTATION<\/strong>: A bottle containing 2 ounces or 60 ml of liquid solution with a lemon flavor. Amplify your sexual performance to the maximum &#8211; you are going to burn with desire to have couples resting more than ever on a good sexual understanding. According to the surveys 86% deem it essential and central. Hence the importance of the sexual balance between spouses. It is an established fact that a good health preservation not only of the couple but the general health of each spouse. Sexual pleasure acts as a natural remedy for a libido prolonged life. Many studies confirm it: desire this life urge contributes to our longevity the better energy balance but rather happy love because of this happiness. The explosion of endorphins in the brain at the time of orgasm creates a feeling of euphoria then of well-being: calm reduction of stress and anxiety and recuperative sleep.<\/span><\/p><p style=\"text-align: center;\"><a class=\"buy\" href=\"#buy\"><strong>ALLER ACHETER MAINTENANT<\/strong><\/a><\/p><p><span style=\"color: #000000;\">Boosted by caresses and kisses she hits her maximum during orgasm. Known to induce childbirth and developing mother-child attachment oxytocin also plays a role in protection against breast cancer. Released by nipple stimulation during sex she would help to eliminate the carcinogenic elements of the mammary glands. &#8220;Women whose breasts are regularly stroked during sexual interchange are better protected from cancer. This revealed a study from 1995 explains Sylvain Mimoun a gynecologist and sex therapist. Making love boosts general and local circulation. Sexual relations regularly lowers the risk of inflammatory phenomena that cause cancer and cardiovascular disease. In the event of abstinence it is not advisable to quit. &#8220;Duce maculine an American study carried out on 30000 men and confirmed by an Australian Shows Frequent Cumshots Lower Prostate Cancer Risk \u00bb Explains Fr\u00e9d\u00e9ricSaldmann cardiologist nutritionist and author of LaVieetletle.<\/span><\/p><p style=\"text-align: center;\"><a class=\"buy\" href=\"#buy\"><strong>ALLER ACHETER MAINTENANT<\/strong><\/a><\/p><p><span style=\"color: #000000;\">Statistics are more than precise: from twelve monthly ejaculations prevention become significant and twenty-one ejaculations during the period reduce the risk of one-third. Prostate massage performed during the report and the issuance of the term would help eliminate carcinogenic cells. It would also reduce the micro-calcifications that accumulate in the prostate. Again studies emphasize that he does not have sexual intercourse protect the prostate. Love and passion seem to be two inseparable factors in the life of couple. However does it occur when the desire is no longer present and sexual dysfunctions appear? In many cases the absence of the sexual relationship or sexual satisfaction torque. It is nevertheless possible to rekindle the flame and improve it better couple&#8217;s sexual satisfaction. Many pharmaceutical formulations exist in this optics; however as we have mentioned it is important to take into account their on general health and not only on sexual health.<\/span><\/p><p><span style=\"color: #000000;\">Les aphrodisiaques naturels sont de plus en plus recommand\u00e9s car ils am\u00e9liorent la sant\u00e9 et les performances sexuelles en pr\u00e9servant la sant\u00e9 g\u00e9n\u00e9rale du couple. Cependant il est loin d&#039;\u00eatre \u00e9vident de trouver des formules adapt\u00e9es aux hommes et aux femmes. Vitex, par exemple, est une plante que l&#039;on trouve dans diverses pr\u00e9parations pour am\u00e9liorer la sexualit\u00e9 f\u00e9minine, mais elle a un effet inhibiteur sur la libido masculine. Notre formulation sp\u00e9ciale NG4L Staminex est l&#039;une des raret\u00e9s sur le march\u00e9 qui peut \u00e0 elle seule favoriser le d\u00e9veloppement du couple.<\/span><\/p><p style=\"text-align: center;\"><a class=\"buy\" href=\"#buy\"><strong>ALLER ACHETER MAINTENANT<\/strong><\/a><\/p><p><span style=\"color: #000000;\"><strong>\u00a0<\/strong><strong>M\u00c9CANISME D&#039;ACTION<\/strong><\/span><\/p><p><span style=\"color: #000000;\">Au moment de l&#039;acte sexuel, l&#039;\u00e9rection n&#039;est obtenue que lorsque suffisamment de sang afflue dans les art\u00e8res p\u00e9niennes et que le retour veineux est diminu\u00e9 par la compression des veines responsables de l&#039;\u00e9vacuation du sang hors du p\u00e9nis. Coinc\u00e9s alors entre le tissu \u00e9rectile et l&#039;enveloppe externe ces vaisseaux ne peuvent plus remplir leur office et la tige comme une \u00e9ponge se remplit de sang.<\/span><\/p><p><span style=\"color: #000000;\">This phenomenon of dilation and venous compression then keeps the penis erect. The whole of this a specific enzyme cyclical mono-phosphate guanosine (GMPc). Theoretically the venous return is blocked until ejaculation. That&#8217;s when the GMPc is degraded by another enzyme: phosphodiesa 5 (PDE5); muscles smooth contract again and the penis returns to the flaccid state. NG4L Staminex works by improving higher levels of GMPc concentration to allow for a higher erection and more sustainable in humans.<\/span><\/p><p><span style=\"color: #000000;\">On the other hand thanks in part to some of these ingredients such as arginine it improves blood flow and energy production in the genital area. That&#8217;s the way it is that NG4L Staminex causes a turgescence of the clitoris in women which by increasing volume promotes more sensual contacts and a maximum level of excitement. Finally thanks to its aphrodisiac compounds including yohimbine and Catuaba it stimulates the sexual desire and promotes optimal and joint sexual satisfaction.<\/span><\/p><p style=\"text-align: center;\"><a class=\"buy\" href=\"#buy\"><strong>ALLER ACHETER MAINTENANT<\/strong><\/a><\/p><p><span style=\"color: #000000;\"><strong>LES INDICATIONS<\/strong>: NG4L Staminex est recommand\u00e9 pour corriger les insuffisances sexuelles afin d&#039;am\u00e9liorer le d\u00e9sir sexuel et les performances chez l&#039;homme. Cela implique une diminution ou un manque de d\u00e9sir sexuel et de dysfonction sexuelle \u00e9rectile chez les hommes, la frigidit\u00e9 chez les femmes et le manque d&#039;\u00e9nergie pour compl\u00e9ter l&#039;acte sexuel.<\/span><\/p><p><span style=\"color: #000000;\"><strong>NB:<\/strong> Treatment of sexual dysfunction associated with a pathological disorder (diabetes circulatory disorders&#8230;) or psycho-affective disorders requires the intervention of a licensed specialist.<\/span><\/p><p><span style=\"color: #000000;\"><strong>POSOLOGIE: <\/strong>Adulte pour une satisfaction maximale il est recommand\u00e9 d&#039;avaler le contenu du flacon en une seule prise environ 30 minutes avant l&#039;acte sexuel. Bien agiter le flacon avant utilisation.<\/span><\/p><p><span style=\"color: #000000;\">Les personnes qui utilisent cet associ\u00e9 de produit:<\/span><\/p><p><span style=\"color: #000000;\">Expansion sexuelle humaine: NG4L Roots \/ Man Power NG4L Natural Gain NG4L Women Secret V NG4L Ginkgo Max NG4L Korean Ginseng Sexual female: NG4L Women Secret V NG4L Evening Primerose NG4LL Royal Jelly NG4L PMS \/ Menopause.<\/span><\/p><p style=\"text-align: center;\"><a class=\"buy\" href=\"#buy\"><strong>ALLER ACHETER MAINTENANT<\/strong><\/a><\/p><p><strong>\u00a0<\/strong><span style=\"color: #000000;\"><strong>Pr\u00e9caution:<\/strong> NG4L Staminex contains as much caffeine as 2 cups of coffee. You should limit caffeine-based products to avoid the effects of excessive intake of caffeine including nervousness insomnia and occasionally increases in the rate of Heart. You may experience effects associated with the actions of niacin (feeling skin tone) that can last for a few minutes. This is related to the fact that niacin (vitamin B3) increases blood flow to the skin&#8217;s superficial blood vessels. If you are pregnant or breast-feeding consult your doctor before using this product. NG4L Staminex is an adult-only product not until 18 years of age. Put children out of reach. Keep in a cool dry place<\/span><\/p><table width=\"635\"><tbody><tr><td colspan=\"3\" width=\"635\"><p><span style=\"color: #000000;\"><strong>Faits sur les suppl\u00e9ments <\/strong><\/span><\/p><p><span style=\"color: #000000;\">Serving size: 2 ounces (60ml)\u00a0\u00a0\u00a0\u00a0\u00a0\u00a0\u00a0\u00a0\u00a0\u00a0\u00a0\u00a0\u00a0\u00a0\u00a0\u00a0\u00a0\u00a0\u00a0\u00a0\u00a0\u00a0\u00a0\u00a0\u00a0\u00a0\u00a0\u00a0\u00a0\u00a0\u00a0 Dose per box: 1<\/span><\/p><\/td><\/tr><tr><td width=\"318\"><p><strong><span style=\"color: #000000;\">Ingr\u00e9dients<\/span> <\/strong><\/p><\/td><td width=\"159\"><p><strong>\u00a0<span style=\"color: #000000;\">Quantit\u00e9 par portion<\/span> <\/strong><\/p><\/td><td width=\"159\"><p><span style=\"color: #000000;\"><strong>Valeur quotidienne %<\/strong><\/span><\/p><\/td><\/tr><tr><td width=\"318\"><p><span style=\"color: #000000;\">Calories<\/span><\/p><\/td><td width=\"159\"><p><span style=\"color: #000000;\">5<\/span><\/p><\/td><td width=\"159\"><p>*<\/p><\/td><\/tr><tr><td width=\"318\"><p><span style=\"color: #000000;\">Calories provenant des lipides<\/span><\/p><\/td><td width=\"159\"><p><span style=\"color: #000000;\">0<\/span><\/p><\/td><td width=\"159\"><p><span style=\"color: #000000;\">0<\/span><\/p><\/td><\/tr><tr><td width=\"318\"><p><span style=\"color: #000000;\">Niacine<\/span><\/p><\/td><td width=\"159\"><p><span style=\"color: #000000;\">15 mg<\/span><\/p><\/td><td width=\"159\"><p><span style=\"color: #000000;\">75%<\/span><\/p><\/td><\/tr><tr><td width=\"318\"><p><span style=\"color: #000000;\">Sodium<\/span><\/p><\/td><td width=\"159\"><p><span style=\"color: #000000;\">&lt;5 mg<\/span><\/p><\/td><td width=\"159\"><p><span style=\"color: #000000;\">&lt;1%<\/span><\/p><\/td><\/tr><tr><td colspan=\"3\" width=\"635\"><p><span style=\"color: #000000;\">Proprietary Blend &#8212;&#8212;&#8212;&#8212;&#8212;&#8212;&#8212;&#8212;&#8212;715mg +<\/span><\/p><p><span style=\"color: #000000;\">Goat&#8217;s horny grass root (Epimedium sagittatum), Malta cross fruit (Tribulus terrestris), caffeine, DMAE (dimethylaminoethanol), bitartrate (natural grade), erythroxylum catuaba bark, yohimbe bark extract (8% yohimbine alkaloids)<\/span><\/p><p><span style=\"color: #000000;\">Extrait d&#039;\u00e9corce de yohimbe (alcalo\u00efdes yohimbine 8%), GABA (acide gammaamino butyrique), L-Arginine, L-Tyrosine, L-Taurine.<\/span><\/p><p><span style=\"color: #000000;\"><strong>Autres ingr\u00e9dients<\/strong>: eau purifi\u00e9e, ar\u00f4mes naturels et artificiels, sorbate de potassium sucrallose et benzoate de sodium (pour pr\u00e9server la fra\u00eecheur)<\/span><\/p><p><span style=\"color: #000000;\">* Valeurs journali\u00e8res non \u00e9tablies.<\/span><\/p><\/td><\/tr><\/tbody><\/table><\/div>\n\t\t\t\t<\/div>\n\t\t\t\t\t\t\t<div class=\"elementor-toggle-item\">\n\t\t\t\t\t<div id=\"elementor-tab-title-1172\" class=\"elementor-tab-title\" data-tab=\"2\" role=\"button\" aria-controls=\"elementor-tab-content-1172\" aria-expanded=\"false\">\n\t\t\t\t\t\t\t\t\t\t\t\t<span class=\"elementor-toggle-icon elementor-toggle-icon-left\" aria-hidden=\"true\">\n\t\t\t\t\t\t\t\t\t\t\t\t\t\t\t<span class=\"elementor-toggle-icon-closed\"><i class=\"far fa-caret-square-right\"><\/i><\/span>\n\t\t\t\t\t\t\t\t<span class=\"elementor-toggle-icon-opened\"><i class=\"elementor-toggle-icon-opened fas fa-caret-square-up\"><\/i><\/span>\n\t\t\t\t\t\t\t\t\t\t\t\t\t<\/span>\n\t\t\t\t\t\t\t\t\t\t\t\t<a class=\"elementor-toggle-title\" tabindex=\"0\">..<\/a>\n\t\t\t\t\t<\/div>\n\n\t\t\t\t\t<div id=\"elementor-tab-content-1172\" class=\"elementor-tab-content elementor-clearfix\" data-tab=\"2\" role=\"region\" aria-labelledby=\"elementor-tab-title-1172\"><\/div>\n\t\t\t\t<\/div>\n\t\t\t\t\t\t\t\t<\/div>\n\t\t\t\t\t\t<\/div>\n\t\t\t\t<\/div>\n\t\t\t\t\t<\/div>\n\t\t<\/div>\n\t\t\t\t\t<\/div>\n\t\t<\/section>\n\t\t\t\t<\/div>","protected":false},"excerpt":{"rendered":"<p><a name=\"buy\"><\/a><\/p>\n<ul>\n<li><strong><span style=\"font-family: go;\">Augmente le d\u00e9sir sexuel au sein du couple<\/span><\/strong><\/li>\n<li><strong><span style=\"font-family: go;\">Augmente la capacit\u00e9 des hommes \u00e0 avoir et \u00e0 maintenir une bonne \u00e9rection pendant un acte sexuel<\/span><\/strong><\/li>\n<li><strong><span style=\"font-family: go;\">Combattre l&#039;\u00e9jaculation pr\u00e9coce<\/span><\/strong><\/li>\n<\/ul>\n<p><strong>\u00a0\u00a0\u00a0\u00a0\u00a0 &gt;&gt;&gt;<span style=\"font-family: go; font-size: 14pt;\"><a href=\"#more\"><span style=\"color: #0000ff;\">Lire la suite<\/span><\/a><\/span><\/strong><\/p>","protected":false},"featured_media":1664,"comment_status":"open","ping_status":"closed","template":"","meta":{"nf_dc_page":"","_bbp_topic_count":0,"_bbp_reply_count":0,"_bbp_total_topic_count":0,"_bbp_total_reply_count":0,"_bbp_voice_count":0,"_bbp_anonymous_reply_count":0,"_bbp_topic_count_hidden":0,"_bbp_reply_count_hidden":0,"_bbp_forum_subforum_count":0},"product_brand":[],"product_cat":[33],"product_tag":[],"class_list":{"0":"post-545","1":"product","2":"type-product","3":"status-publish","4":"has-post-thumbnail","6":"product_cat-all-products","8":"first","9":"outofstock","10":"shipping-taxable","11":"purchasable","12":"product-type-simple"},"bundled_by":["3010"],"bundle_stock_status":"outofstock","bundle_stock_quantity":0,"bundle_virtual":false,"bundle_layout":"","bundle_add_to_cart_form_location":"","bundle_editable_in_cart":false,"bundle_sold_individually_context":"","bundle_item_grouping":"","bundle_min_size":"","bundle_max_size":"","bundled_items":[],"bundle_sell_ids":[],"_links":{"self":[{"href":"https:\/\/www.naturesgiftforlife.com\/fr\/wp-json\/wp\/v2\/product\/545","targetHints":{"allow":["GET"]}}],"collection":[{"href":"https:\/\/www.naturesgiftforlife.com\/fr\/wp-json\/wp\/v2\/product"}],"about":[{"href":"https:\/\/www.naturesgiftforlife.com\/fr\/wp-json\/wp\/v2\/types\/product"}],"replies":[{"embeddable":true,"href":"https:\/\/www.naturesgiftforlife.com\/fr\/wp-json\/wp\/v2\/comments?post=545"}],"version-history":[{"count":0,"href":"https:\/\/www.naturesgiftforlife.com\/fr\/wp-json\/wp\/v2\/product\/545\/revisions"}],"wp:featuredmedia":[{"embeddable":true,"href":"https:\/\/www.naturesgiftforlife.com\/fr\/wp-json\/wp\/v2\/media\/1664"}],"wp:attachment":[{"href":"https:\/\/www.naturesgiftforlife.com\/fr\/wp-json\/wp\/v2\/media?parent=545"}],"wp:term":[{"taxonomy":"product_brand","embeddable":true,"href":"https:\/\/www.naturesgiftforlife.com\/fr\/wp-json\/wp\/v2\/product_brand?post=545"},{"taxonomy":"product_cat","embeddable":true,"href":"https:\/\/www.naturesgiftforlife.com\/fr\/wp-json\/wp\/v2\/product_cat?post=545"},{"taxonomy":"product_tag","embeddable":true,"href":"https:\/\/www.naturesgiftforlife.com\/fr\/wp-json\/wp\/v2\/product_tag?post=545"}],"curies":[{"name":"wp","href":"https:\/\/api.w.org\/{rel}","templated":true}]}}