{"id":5447,"date":"2020-12-16T09:56:30","date_gmt":"2020-12-16T09:56:30","guid":{"rendered":"http:\/\/www.livehealthylivehappy.com\/new\/?post_type=product&#038;p=5447"},"modified":"2026-01-16T09:00:13","modified_gmt":"2026-01-16T09:00:13","slug":"breathe-free-sinus-clear","status":"publish","type":"product","link":"https:\/\/www.naturesgiftforlife.com\/fr\/shop\/breathe-free-sinus-clear\/","title":{"rendered":"Respirez libre sinus clair"},"content":{"rendered":"<div data-elementor-type=\"wp-post\" data-elementor-id=\"5447\" class=\"elementor elementor-5447\">\n\t\t\t\t\t\t<section class=\"elementor-section elementor-top-section elementor-element elementor-element-0f3894e elementor-section-boxed elementor-section-height-default elementor-section-height-default\" data-id=\"0f3894e\" data-element_type=\"section\" data-e-type=\"section\">\n\t\t\t\t\t\t<div class=\"elementor-container elementor-column-gap-default\">\n\t\t\t\t\t<div class=\"elementor-column elementor-col-100 elementor-top-column elementor-element elementor-element-4bade5d\" data-id=\"4bade5d\" data-element_type=\"column\" data-e-type=\"column\">\n\t\t\t<div class=\"elementor-widget-wrap elementor-element-populated\">\n\t\t\t\t\t\t<div class=\"elementor-element elementor-element-af2864b elementor-widget elementor-widget-html\" data-id=\"af2864b\" data-element_type=\"widget\" data-e-type=\"widget\" data-widget_type=\"html.default\">\n\t\t\t\t<div class=\"elementor-widget-container\">\n\t\t\t\t\t<a name=\"more\"><\/a>\t\t\t\t<\/div>\n\t\t\t\t<\/div>\n\t\t\t\t<div class=\"elementor-element elementor-element-f832011 elementor-invisible elementor-widget elementor-widget-toggle\" data-id=\"f832011\" data-element_type=\"widget\" data-e-type=\"widget\" data-settings=\"{&quot;_animation&quot;:&quot;flash&quot;}\" data-widget_type=\"toggle.default\">\n\t\t\t\t<div class=\"elementor-widget-container\">\n\t\t\t\t\t\t\t<div class=\"elementor-toggle\">\n\t\t\t\t\t\t\t<div class=\"elementor-toggle-item\">\n\t\t\t\t\t<h2 id=\"elementor-tab-title-2601\" class=\"elementor-tab-title\" data-tab=\"1\" role=\"button\" aria-controls=\"elementor-tab-content-2601\" aria-expanded=\"false\">\n\t\t\t\t\t\t\t\t\t\t\t\t<span class=\"elementor-toggle-icon elementor-toggle-icon-left\" aria-hidden=\"true\">\n\t\t\t\t\t\t\t\t\t\t\t\t\t\t\t<span class=\"elementor-toggle-icon-closed\"><i class=\"far fa-caret-square-right\"><\/i><\/span>\n\t\t\t\t\t\t\t\t<span class=\"elementor-toggle-icon-opened\"><i class=\"elementor-toggle-icon-opened fas fa-caret-square-up\"><\/i><\/span>\n\t\t\t\t\t\t\t\t\t\t\t\t\t<\/span>\n\t\t\t\t\t\t\t\t\t\t\t\t<a class=\"elementor-toggle-title\" tabindex=\"0\">Description d\u00e9taill\u00e9e du produit \/ faits sur les suppl\u00e9ments<\/a>\n\t\t\t\t\t<\/h2>\n\n\t\t\t\t\t<div id=\"elementor-tab-content-2601\" class=\"elementor-tab-content elementor-clearfix\" data-tab=\"1\" role=\"region\" aria-labelledby=\"elementor-tab-title-2601\"><p><span style=\"color: #000000;\"><strong>Respirez sans sinus clair<\/strong><\/span><\/p><ul><li><span style=\"color: #000000;\">Respirez sans sinus clair a de fortes propri\u00e9t\u00e9s antioxydantes r\u00e9duit <strong>sinus<\/strong> l&#039;inflammation de la cavit\u00e9 et prot\u00e8ge contre les attaques d&#039;allerg\u00e8nes.<\/span><\/li><li><span style=\"color: #000000;\">Breathe free sinus clear soutient les sinus clairs, s\u00e8che l&#039;exc\u00e8s de mucus et apaise les t\u00eates lourdes;<\/span><\/li><li><span style=\"color: #000000;\">Respirez sans sinus clair maintient des muqueuses saines <a href=\"https:\/\/livehealthylivehappy.com\/category\/womenhealth\/\" target=\"_blank\" rel=\"noopener\">membranes<\/a> et les tissus des sinus\u00a0;<\/span><\/li><li><span style=\"color: #000000;\"><a href=\"https:\/\/www.naturesgiftforlife.com\/fr\/shop\/slim-beautiful-weight-management\/\">Respirez libre sinus clair<\/a> aide \u00e0 pr\u00e9venir la croissance de germes infectieux, emp\u00eachant ainsi d&#039;autres <a href=\"https:\/\/www.rmbibow.com\/makeup\/lips\/\" target=\"_blank\" rel=\"noopener\">inflammatoire<\/a> traiter;<\/span><\/li><li><span style=\"color: #000000;\">d\u00e9gager les voies nasales et sinusales;<\/span><\/li><li><span style=\"color: #000000;\">Maintains normal moisture and mucous levels\u00a0;<\/span><\/li><li><span style=\"color: #000000;\">Augmente les niveaux d&#039;\u00e9nergie dans le corps;<\/span><\/li><li><span style=\"color: #000000;\">R\u00e9duit la pression derri\u00e8re les yeux et les joues qui provoque des maux de t\u00eate ;<\/span><\/li><li><span style=\"color: #000000;\">R\u00e9duit les \u00e9pisodes de fi\u00e8vre et de douleur\u00a0;<\/span><\/li><li><span style=\"color: #000000;\">Aide \u00e0 stimuler l&#039;app\u00e9tit.<\/span><\/li><\/ul><p style=\"text-align: center;\"><strong><a class=\"buy\" href=\"#buy\">ALLER ACHETER MAINTENANT<\/a><\/strong><\/p><p><span style=\"color: #000000;\">Un sinus est un <a style=\"color: #000000;\" href=\"http:\/\/www.aafa.org\/page\/sinusitis-sinus-infection.aspx\" target=\"_blank\" rel=\"noopener\">espace creux<\/a> dans le corps. Il existe de nombreux types de sinus, mais la sinusite affecte les sinus paranasaux, les espaces situ\u00e9s derri\u00e8re le visage qui m\u00e8nent \u00e0 la cavit\u00e9 nasale.<\/span><\/p><p><span style=\"color: #000000;\"><a style=\"color: #000000;\" href=\"https:\/\/www.webmd.com\/allergies\/sinusitis-and-sinus-infection\" target=\"_blank\" rel=\"noopener\">Sinusite<\/a> est un <a style=\"color: #000000;\" href=\"https:\/\/www.webmd.com\/arthritis\/about-inflammation\" target=\"_blank\" rel=\"noopener\">inflammation<\/a> ou gonflement du tissu qui tapisse le <a style=\"color: #000000;\" href=\"https:\/\/www.webmd.com\/allergies\/picture-of-the-sinuses\" target=\"_blank\" rel=\"noopener\">sinus<\/a>. Sain <a style=\"color: #000000;\" href=\"https:\/\/www.webmd.com\/allergies\/video\/sinus-function-breathing\" target=\"_blank\" rel=\"noopener\">sinus<\/a> sont remplis d&#039;air. Mais lorsqu&#039;ils sont bloqu\u00e9s et remplis de liquide, les germes peuvent se d\u00e9velopper et provoquer une infection. Elle peut \u00eatre aigu\u00eb ou chronique et peut \u00eatre caus\u00e9e par des virus, des bact\u00e9ries, des champignons, des allergies ou m\u00eame une r\u00e9action auto-immune.<\/span><\/p><p><span style=\"color: #000000;\">Les sympt\u00f4mes varient en fonction de la dur\u00e9e et de la gravit\u00e9 de l&#039;infection; douleur et pression faciales, nez bouch\u00e9, \u00e9coulement nasal, odorat r\u00e9duit, congestion, toux, fi\u00e8vre, <a style=\"color: #000000;\" href=\"https:\/\/www.medicalnewstoday.com\/articles\/166636.php\" target=\"_blank\" rel=\"noopener\">mauvaise haleine<\/a>, ou haleine naus\u00e9abonde, <a style=\"color: #000000;\" href=\"https:\/\/www.medicalnewstoday.com\/articles\/248002.php\" target=\"_blank\" rel=\"noopener\">fatigue<\/a>, maux de dents, maux de t\u00eate, etc.<\/span><\/p><p style=\"text-align: center;\"><a class=\"buy\" href=\"#buy\"><strong>ALLER ACHETER MAINTENANT<\/strong><\/a><\/p><p><span style=\"color: #000000;\"><strong>DESCRIPTION de Breathe Free Sinus Clear<\/strong><\/span><\/p><p><span style=\"color: #000000;\">Ng4l Breathe Free Sinus Clear est une combinaison unique d&#039;ingr\u00e9dients naturels con\u00e7us pour soutenir le fonctionnement du sinus paranasal, en \u00e9liminant les inflammations, l&#039;exc\u00e8s de mucus et d&#039;autres sympt\u00f4mes g\u00eanants r\u00e9sultant de la sinusite.<\/span><\/p><p><span style=\"color: #000000;\"><strong>PR\u00c9SENTATION<\/strong>: Flacon de 90 g\u00e9lules.<\/span><\/p><table width=\"557\"><tbody><tr><td colspan=\"3\" width=\"557\"><p><span style=\"color: #000000;\"><strong>Portion 2\u00a0\u00a0 <\/strong><\/span><\/p><p><span style=\"color: #000000;\"><strong>Portion par contenant 45<\/strong><\/span><\/p><\/td><\/tr><tr><td width=\"310\"><p><span style=\"color: #000000;\"><strong>Ingr\u00e9dient<\/strong><\/span><\/p><\/td><td width=\"104\"><p><span style=\"color: #000000;\"><strong>Quantit\u00e9 par portion<\/strong><\/span><\/p><\/td><td width=\"143\"><p><span style=\"color: #000000;\"><strong>Valeur quotidienne<\/strong><\/span><\/p><\/td><\/tr><tr><td width=\"310\"><p><span style=\"color: #000000;\">Myrrhe (commmiphora molmol) (gommer\u00e9sine)<\/span><\/p><\/td><td width=\"104\"><p><span style=\"color: #000000;\">300mg<\/span><\/p><\/td><td width=\"143\"><p><span style=\"color: #000000;\">50%<\/span><\/p><\/td><\/tr><tr><td width=\"310\"><p><span style=\"color: #000000;\">Feuille d&#039;ortie (Urtica dioica)(feuille)<\/span><\/p><\/td><td width=\"104\"><p><span style=\"color: #000000;\">250 mg<\/span><\/p><\/td><td width=\"143\"><p><span style=\"color: #000000;\">*<\/span><\/p><\/td><\/tr><tr><td width=\"310\"><p><span style=\"color: #000000;\">Ch\u00eane blanc (Quercus alba)(\u00e9corce)<\/span><\/p><\/td><td width=\"104\"><p><span style=\"color: #000000;\">185mg<\/span><\/p><\/td><td width=\"143\"><p><span style=\"color: #000000;\">*<\/span><\/p><\/td><\/tr><tr><td width=\"310\"><p><span style=\"color: #000000;\">Batberry (Myrica cerifera)(\u00e9corce de racine)<\/span><\/p><\/td><td width=\"104\"><p><span style=\"color: #000000;\">165mg<\/span><\/p><\/td><td width=\"143\"><p><span style=\"color: #000000;\">*<\/span><\/p><\/td><\/tr><tr><td colspan=\"3\" width=\"557\"><p><span style=\"color: #000000;\"><strong>Autres ingr\u00e9dients<\/strong>: g\u00e9latine et poudre de riz, contient : Sans ar\u00f4me artificiel, conservateurs, levure, ma\u00efs, d\u00e9riv\u00e9s du lait, sucre, gluten, sel, sodium, lactose, amidon<\/span><\/p><\/td><\/tr><\/tbody><\/table><p><span style=\"color: #000000;\"><strong>\u00a0<\/strong><\/span><\/p><p><span style=\"color: #000000;\"><strong>INDICATION<\/strong><\/span><\/p><p><span style=\"color: #000000;\">Congestion des sinus, Nez qui coule, Gorge s\u00e8che et t\u00eate lourde, rhinite, allergies, Rhinite, rhinite allergique, Anomalie des voies nasales (septum d\u00e9vi\u00e9), polypes ou tumeurs nasaux, congestion nasale.<\/span><\/p><\/div>\n\t\t\t\t<\/div>\n\t\t\t\t\t\t\t<div class=\"elementor-toggle-item\">\n\t\t\t\t\t<h2 id=\"elementor-tab-title-2602\" class=\"elementor-tab-title\" data-tab=\"2\" role=\"button\" aria-controls=\"elementor-tab-content-2602\" aria-expanded=\"false\">\n\t\t\t\t\t\t\t\t\t\t\t\t<span class=\"elementor-toggle-icon elementor-toggle-icon-left\" aria-hidden=\"true\">\n\t\t\t\t\t\t\t\t\t\t\t\t\t\t\t<span class=\"elementor-toggle-icon-closed\"><i class=\"far fa-caret-square-right\"><\/i><\/span>\n\t\t\t\t\t\t\t\t<span class=\"elementor-toggle-icon-opened\"><i class=\"elementor-toggle-icon-opened fas fa-caret-square-up\"><\/i><\/span>\n\t\t\t\t\t\t\t\t\t\t\t\t\t<\/span>\n\t\t\t\t\t\t\t\t\t\t\t\t<a class=\"elementor-toggle-title\" tabindex=\"0\">..<\/a>\n\t\t\t\t\t<\/h2>\n\n\t\t\t\t\t<div id=\"elementor-tab-content-2602\" class=\"elementor-tab-content elementor-clearfix\" data-tab=\"2\" role=\"region\" aria-labelledby=\"elementor-tab-title-2602\"><\/div>\n\t\t\t\t<\/div>\n\t\t\t\t\t\t\t\t<\/div>\n\t\t\t\t\t\t<\/div>\n\t\t\t\t<\/div>\n\t\t\t\t\t<\/div>\n\t\t<\/div>\n\t\t\t\t\t<\/div>\n\t\t<\/section>\n\t\t\t\t<\/div>","protected":false},"excerpt":{"rendered":"<p><a name=\"buy\"><\/a><\/p>\n<ul>\n<li><strong><span style=\"font-family: go;\">Poss\u00e8de de fortes propri\u00e9t\u00e9s antioxydantes, r\u00e9duit l&#039;inflammation de la cavit\u00e9 sinusale et prot\u00e8ge contre les attaques allerg\u00e8nes.<\/span><\/strong><\/li>\n<li><strong><span style=\"font-family: go;\">Soutient les sinus clairs, s\u00e8che l&#039;exc\u00e8s de mucus et apaise les t\u00eates lourdes<\/span><\/strong><\/li>\n<li><strong><span style=\"font-family: go;\">Maintient les muqueuses et les tissus des sinus sains<\/span><\/strong><\/li>\n<li><a href=\"#more\">Lire la suite<\/a><\/li>\n<\/ul>","protected":false},"featured_media":5450,"comment_status":"open","ping_status":"closed","template":"","meta":{"nf_dc_page":"","_bbp_topic_count":0,"_bbp_reply_count":0,"_bbp_total_topic_count":0,"_bbp_total_reply_count":0,"_bbp_voice_count":0,"_bbp_anonymous_reply_count":0,"_bbp_topic_count_hidden":0,"_bbp_reply_count_hidden":0,"_bbp_forum_subforum_count":0},"product_brand":[],"product_cat":[33],"product_tag":[],"class_list":{"0":"post-5447","1":"product","2":"type-product","3":"status-publish","4":"has-post-thumbnail","6":"product_cat-all-products","8":"first","9":"instock","10":"shipping-taxable","11":"purchasable","12":"product-type-simple"},"bundled_by":[],"bundle_stock_status":"instock","bundle_stock_quantity":1,"bundle_virtual":false,"bundle_layout":"","bundle_add_to_cart_form_location":"","bundle_editable_in_cart":false,"bundle_sold_individually_context":"","bundle_item_grouping":"","bundle_min_size":"","bundle_max_size":"","bundled_items":[],"bundle_sell_ids":[],"_links":{"self":[{"href":"https:\/\/www.naturesgiftforlife.com\/fr\/wp-json\/wp\/v2\/product\/5447","targetHints":{"allow":["GET"]}}],"collection":[{"href":"https:\/\/www.naturesgiftforlife.com\/fr\/wp-json\/wp\/v2\/product"}],"about":[{"href":"https:\/\/www.naturesgiftforlife.com\/fr\/wp-json\/wp\/v2\/types\/product"}],"replies":[{"embeddable":true,"href":"https:\/\/www.naturesgiftforlife.com\/fr\/wp-json\/wp\/v2\/comments?post=5447"}],"version-history":[{"count":0,"href":"https:\/\/www.naturesgiftforlife.com\/fr\/wp-json\/wp\/v2\/product\/5447\/revisions"}],"wp:featuredmedia":[{"embeddable":true,"href":"https:\/\/www.naturesgiftforlife.com\/fr\/wp-json\/wp\/v2\/media\/5450"}],"wp:attachment":[{"href":"https:\/\/www.naturesgiftforlife.com\/fr\/wp-json\/wp\/v2\/media?parent=5447"}],"wp:term":[{"taxonomy":"product_brand","embeddable":true,"href":"https:\/\/www.naturesgiftforlife.com\/fr\/wp-json\/wp\/v2\/product_brand?post=5447"},{"taxonomy":"product_cat","embeddable":true,"href":"https:\/\/www.naturesgiftforlife.com\/fr\/wp-json\/wp\/v2\/product_cat?post=5447"},{"taxonomy":"product_tag","embeddable":true,"href":"https:\/\/www.naturesgiftforlife.com\/fr\/wp-json\/wp\/v2\/product_tag?post=5447"}],"curies":[{"name":"wp","href":"https:\/\/api.w.org\/{rel}","templated":true}]}}