{"id":5424,"date":"2020-12-16T08:05:30","date_gmt":"2020-12-16T08:05:30","guid":{"rendered":"http:\/\/www.livehealthylivehappy.com\/new\/?post_type=product&#038;p=5424"},"modified":"2025-04-02T18:49:37","modified_gmt":"2025-04-02T18:49:37","slug":"shitake","status":"publish","type":"product","link":"https:\/\/www.naturesgiftforlife.com\/fr\/shop\/shitake\/","title":{"rendered":"Shitake"},"content":{"rendered":"<div data-elementor-type=\"wp-post\" data-elementor-id=\"5424\" class=\"elementor elementor-5424\">\n\t\t\t\t\t\t<section class=\"elementor-section elementor-top-section elementor-element elementor-element-48e2495 elementor-section-boxed elementor-section-height-default elementor-section-height-default\" data-id=\"48e2495\" data-element_type=\"section\" data-e-type=\"section\">\n\t\t\t\t\t\t<div class=\"elementor-container elementor-column-gap-default\">\n\t\t\t\t\t<div class=\"elementor-column elementor-col-100 elementor-top-column elementor-element elementor-element-5b50d37\" data-id=\"5b50d37\" data-element_type=\"column\" data-e-type=\"column\">\n\t\t\t<div class=\"elementor-widget-wrap elementor-element-populated\">\n\t\t\t\t\t\t<div class=\"elementor-element elementor-element-9160ef0 elementor-widget elementor-widget-html\" data-id=\"9160ef0\" data-element_type=\"widget\" data-e-type=\"widget\" data-widget_type=\"html.default\">\n\t\t\t\t<div class=\"elementor-widget-container\">\n\t\t\t\t\t<a name=\"more\"><\/a>\t\t\t\t<\/div>\n\t\t\t\t<\/div>\n\t\t\t\t<div class=\"elementor-element elementor-element-34b1dff elementor-invisible elementor-widget elementor-widget-toggle\" data-id=\"34b1dff\" data-element_type=\"widget\" data-e-type=\"widget\" data-settings=\"{&quot;_animation&quot;:&quot;flash&quot;}\" data-widget_type=\"toggle.default\">\n\t\t\t\t<div class=\"elementor-widget-container\">\n\t\t\t\t\t\t\t<div class=\"elementor-toggle\">\n\t\t\t\t\t\t\t<div class=\"elementor-toggle-item\">\n\t\t\t\t\t<div id=\"elementor-tab-title-5521\" class=\"elementor-tab-title\" data-tab=\"1\" role=\"button\" aria-controls=\"elementor-tab-content-5521\" aria-expanded=\"false\">\n\t\t\t\t\t\t\t\t\t\t\t\t<span class=\"elementor-toggle-icon elementor-toggle-icon-left\" aria-hidden=\"true\">\n\t\t\t\t\t\t\t\t\t\t\t\t\t\t\t<span class=\"elementor-toggle-icon-closed\"><i class=\"far fa-caret-square-right\"><\/i><\/span>\n\t\t\t\t\t\t\t\t<span class=\"elementor-toggle-icon-opened\"><i class=\"elementor-toggle-icon-opened fas fa-caret-square-up\"><\/i><\/span>\n\t\t\t\t\t\t\t\t\t\t\t\t\t<\/span>\n\t\t\t\t\t\t\t\t\t\t\t\t<a class=\"elementor-toggle-title\" tabindex=\"0\">Description d\u00e9taill\u00e9e du produit \/ faits sur les suppl\u00e9ments<\/a>\n\t\t\t\t\t<\/div>\n\n\t\t\t\t\t<div id=\"elementor-tab-content-5521\" class=\"elementor-tab-content elementor-clearfix\" data-tab=\"1\" role=\"region\" aria-labelledby=\"elementor-tab-title-5521\"><div class=\"wpsm_panel wpsm_panel-default\"><div id=\"ac_5425_collapse1\" class=\"wpsm_panel-collapse collapse in\" aria-expanded=\"true\"><div class=\"wpsm_panel-body\"><div id=\"h5p_614dfb86df325\"><section id=\"section_0\" class=\"h5p_layout h5p_page h5p_page_PL0\"><div class=\"PL0\"><p class=\"P3\"><strong><span style=\"color: #000000;\">Avantages<\/span><\/strong><\/p><ul class=\"LFO1\"><li><p class=\"P4\"><span class=\"T5\" style=\"color: #000000;\">Shiitake reduces cholesterol by promoting metabolism and excretion of\u00a0cholesterol.<\/span><\/p><\/li><li><p class=\"P6\"><span style=\"color: #000000;\"><span class=\"T7\">Moderates blood sugar\u200b\u200b\u00a0<\/span><span class=\"T8\">niveau.<\/span><\/span><\/p><\/li><li><p class=\"P9\"><span style=\"color: #000000;\">Renforce le syst\u00e8me immunitaire, renfor\u00e7ant ainsi la capacit\u00e9 du corps \u00e0 combattre les infections et les maladies.<\/span><\/p><\/li><li><p class=\"P10\"><span style=\"color: #000000;\">Shiitake r\u00e9duit l&#039;hypertension art\u00e9rielle<\/span><\/p><\/li><li><p class=\"P11\"><span style=\"color: #000000;\">Le Shiitak\u00e9 gu\u00e9rit les maladies du foie et est un tonique r\u00e9nal.<\/span><\/p><\/li><li><p class=\"P12\"><span style=\"color: #000000;\">Le Shiitak\u00e9 diminue les risques de rhume et de grippe<\/span><\/p><\/li><li><p class=\"P13\"><span style=\"color: #000000;\"><span class=\"T14\">Shiitak<\/span><span class=\"T15\">e induit la formation d&#039;interf\u00e9ron (substance chimique que je<\/span><span class=\"T16\">m<\/span><span class=\"T17\">met les cellules aux infections virales)<\/span><\/span><\/p><\/li><li><p class=\"P18\"><span style=\"color: #000000;\">Shiitak\u00e9 r\u00e9duit les tumeurs<\/span><\/p><\/li><li><p class=\"P19\"><span style=\"color: #000000;\">Il existe des \u00e9tudes cliniques qui prouvent que le Shiitak\u00e9 a un effet positif contre le SIDA.<\/span><\/p><\/li><li><p class=\"P20\"><span style=\"color: #000000;\"><span class=\"T21\">Currently\u200b\u200b\u00a0<\/span><span class=\"T22\">Champignons shiitake<\/span><span class=\"T23\">\u200b\u200b\u00a0constitute one of th<\/span><span class=\"T24\">Les principales sources de prot\u00e9ines au Japon, en Chine et dans plusieurs pays du Pacifique. Le shiitake est sain et nutritif et est utilis\u00e9 pour traiter les carences nutritionnelles.<\/span><\/span><\/p><\/li><li><p class=\"P25\"><span style=\"color: #000000;\">Le Shiitak\u00e9 est antibact\u00e9rien et antifongique<\/span><\/p><\/li><li><p class=\"P26\"><span style=\"color: #000000;\">Shiitake est un adaptog\u00e8ne<\/span><\/p><\/li><li><p class=\"P27\"><span style=\"color: #000000;\"><span class=\"T28\">Shiitake aide \u00e0 r\u00e9duire les naus\u00e9es<\/span><span class=\"T29\">, vomissements, inconfort pendant la p\u00e9riode de r<\/span><span class=\"T30\">e<\/span><span class=\"T31\">couverture apr\u00e8s une maladie ou une chimioth\u00e9rapie<\/span><\/span><\/p><\/li><li><p class=\"P32\"><span style=\"color: #000000;\">Le Shiitak\u00e9 am\u00e9liore l&#039;endurance et retarde la fatigue musculaire.\u00a0<\/span><\/p><\/li><li><p class=\"P33\"><span style=\"color: #000000;\"><span class=\"T34\">Shiitake produit un compos\u00e9 absorbant les graisses.\u00a0<\/span><span class=\"T35\"><br \/><\/span><span class=\"T36\">qui aide au contr\u00f4le du poids<\/span><\/span><\/p><\/li><\/ul><p class=\"P40\" style=\"text-align: center;\"><a class=\"buy\" href=\"#buy\"><strong>ALLER ACHETER MAINTENANT<\/strong><\/a><\/p><p class=\"P41\"><span style=\"color: #000000;\">The Shiitake\u200b\u200b\u00a0mushroom is the most widely cultivated specialty mushroom in the world and is both a prized medicine as well as a culinary delight. Because of its traditional use in folk medicine and its availability, it has been the subject of intense research. Shiitake\u200b\u200b\u00a0is highly nutritious. It is regarded as one of the most popular sources of protein in Japan and a major staple in China and the rest\u00a0of Asia. As a food source, Shiitake has the combined attributes of being\u00a0appetizing, nourishing, dietetic and healthful. It\u200b\u200b\u00a0has adequate nutritional\u00a0benefits to serve as a main dish and it complements well the various recipes\u00a0as meat substitute.<\/span><\/p><p class=\"P42\"><span style=\"color: #000000;\"><span class=\"T43\"><br \/><\/span><span class=\"T44\">Shiitake contains all eight essential amino acids in better proportions than the\u00a0ones found in soy beans, meat, milk, or eggs as wel<\/span><span class=\"T45\">l as a good blend of vitamins\u00a0and minerals including vitamins A, B2, B12, C, D Niacin, calcium, phosphorus, potassium, iron,\u200b\u200b\u00a0<\/span><span class=\"T46\">Beta-glucan, Heteroglucan,\u200b\u200b\u00a0<\/span><span class=\"T47\">Polysaccharide (lentinane), eritad\u00e9nine, acides gras largement insatur\u00e9s<\/span><span class=\"T48\">, Polyacelylene, Guanosine 5&#8242; \u2013mon<\/span><span class=\"T49\">ophosphate et d\u00e9riv\u00e9 d&#039;ad\u00e9nine<\/span><span class=\"T50\">. Il donne la prot\u00e9ine 26% en poids sec, les glucides, les fibres et l&#039;ergost\u00e9rol. Il a \u00e9t\u00e9 utilis\u00e9 pour traiter les carences nutritionnelles et les maladies du foie. Shiitake produit un compos\u00e9 absorbant les graisses qui aide \u00e0 perdre du poids. Prima<\/span><span class=\"T51\">ry constituants chimiques de Shiitake comprennent. Il est devenu le deuxi\u00e8me champignon populaire au monde.<\/span><\/span><\/p><p class=\"P55\" style=\"text-align: center;\"><a class=\"buy\" href=\"#buy\"><strong>ALLER ACHETER MAINTENANT<\/strong><\/a><\/p><p class=\"P56\"><span style=\"color: #000000;\">The famous physician from the Chinese Ming Dynasty (A.D. 1368-1644), Wu Ri,\u00a0wrote extensively about this mushroom, noting its ability to increase energy,\u00a0cure colds, and eliminate worms. It is regarded as medicinal mushroom\u00a0possessing powers of boosting &#8220;QI&#8221; within the body&#8217;s blood circulation. The vast research of Shiitake&#8217;s medicinal properties has been completed and it shows its ability to fight tumors, viral infections and enhance the immune system.<\/span><\/p><p class=\"P58\"><strong><span style=\"color: #000000;\">anticanc\u00e9reux<\/span><\/strong><\/p><p class=\"P59\"><span style=\"color: #000000;\">\u200b\u200b\u00a0In the late 1960&#8217;s a Japanese researcher by the name of T. Ikekawa together\u00a0with his colleague after an intense study produced evidence related to a component of\u200b\u200b\u00a0the Shiitake that demonstrated a 94.8% rate of tumor\u00a0inhibition at a\u200b\u200b\u00a0200 mg\/kg\/day dose. Interestingly, the alkaline-eluted\u00a0component gave only a 62.5% tumor inhibition rate at the same dosage.<\/span><\/p><p class=\"P61\"><span style=\"color: #000000;\">Lentinan, the highly purified polysaccharide fraction extracted from Shiitake,\u00a0is an approved drug in Japan and has been used as an agent to prolong\u00a0survival of patients in conventional cancer therapy as well as in AIDS research. Lentinan is commercially available for clinical use. In Japan mushroom extracts have become the leading prescription treatment for cancer. Lentinan is not only effective for cancer treatment, but may also prevent the increase of chromosomal damage induced by anti-cancer drugs with no known side effects. In the scientific articles Chihara stipulates: &#8220;The leading principles of the function of lentinan resides in the fact that it can cure patients by restoring their homeostasis and through enhancement of their intrinsic resistance against diseases.<\/span><\/p><p class=\"P62\" style=\"text-align: center;\"><a class=\"buy\" href=\"#buy\"><strong>ALLER ACHETER MAINTENANT<\/strong><\/a><\/p><p class=\"P66\"><span style=\"color: #000000;\">In the clinical cases when lentinan was given\u200b\u200b\u00a0as part of treatment to patients with gastric cancer, reticular fibers developed in tumor sites. Reticular cells,\u00a0which are spread throughout the body in various tissues, are immune cells that\u00a0have the ability to ingest (phagocytes) bacteria. When lentinan was\u00a0administered, not only was there a proliferation of reticular cells in gastric\u00a0tumor sites, but also many T- lymphocytes (another type of immune defender)\u00a0were drawn to these cancer sites with the result that the cancer cell nests were\u00a0fragmented and\u200b\u200b\u00a0destroyed.\u00a0<\/span><br \/><span style=\"color: #000000;\">Il existe \u00e9galement des cas document\u00e9s d&#039;effets secondaires consid\u00e9rablement r\u00e9duits de la radioth\u00e9rapie et de la chimioth\u00e9rapie chez des patients qui ont pris des champignons m\u00e9dicinaux en m\u00eame temps. Avec le lentinan, il n&#039;y a pas d&#039;effets secondaires connus de nature grave. La nature non cytotoxique des polysaccharides offre un moyen de d\u00e9truire les cellules ind\u00e9sirables sans endommager l&#039;h\u00f4te.<\/span><\/p><p class=\"P72\"><span style=\"color: #000000;\"><strong><span class=\"T73\">Antiviral, antibact\u00e9rien, antifongique<\/span><\/strong><span class=\"T74\"><br \/><\/span><span class=\"T75\">The antiviral effect is believed to be caused by Shiitake&#8217;s ability to produce interferon.\u200b\u200b\u00a0<\/span><span class=\"T76\">What&#8217;<\/span><span class=\"T77\">s more, Shiitake appears to be effective against some of the\u200b\u200b\u00a0<\/span><span class=\"T78\">more serious viruses we face today: HIV and hepatitis B. Test-tube studies in Japan indicate that LEM (short of\u200b\u200b\u00a0<\/span><span class=\"T79\">Lentinules edodes<\/span><span class=\"T80\">\u200b\u200b\u00a0mycelium), an extract of Shiitake mushroom, is more lethal to HIV-<\/span><span class=\"T81\">cellules infect\u00e9es que l&#039;AZT, un m\u00e9dicament bien connu d\u00e9velopp\u00e9 pour retarder la progression du SIDA. Dans d&#039;autres \u00e9tudes en \u00e9prouvette, il a \u00e9t\u00e9 d\u00e9montr\u00e9 que les lignines LEM emp\u00eachent les cellules VIH de se reproduire et d&#039;endommager les cellules T utiles. Ces lignines arr\u00eatent \u00e9galement les dommages cellulaires de sa part<\/span><span class=\"T82\">pes simplex II, deux infections virales qui affectent souvent les personnes vivant avec le VIH<\/span><span class=\"T83\">.<\/span><\/span><\/p><p class=\"P84\">\u00a0<\/p><p class=\"P85\"><span style=\"color: #000000;\">Hepatitis B is a liver disease transmitted through transfusions, the use of unclean needles, or other blood-to-blood contact. In the 1980s, a trial involving 16 clinics in Japan\u200b\u200b\u00a0investigated the impact of LEM on hepatitis B. The studies indicated that LEM may stimulate the body to produce antibodies. Forty individuals with chronic hepatitis B ingested six grams of LEM daily for four months. All of the patients experienced relief of hepatitis B symptoms, and in 15, the virus was inactivated.<\/span><\/p><p class=\"P86\" style=\"text-align: center;\"><a class=\"buy\" href=\"#buy\"><strong>ALLER ACHETER MAINTENANT<\/strong><\/a><\/p><p class=\"P90\"><span style=\"color: #000000;\">Beinfield points out that Shiitake &#8220;can be used as a food as well as a medicine. It treats nutritional deficiencies and improves immunity through diet&#8221;. Because of its appealing flavor and rich\u200b\u200b\u00a0nutritional makeup, vegetarians sometimes use Shiitake mushrooms as a substitute for animal protein.<\/span><\/p><p class=\"P91\"><span style=\"color: #000000;\"><span class=\"T92\">En particulier, les substances des champignons appel\u00e9es terp\u00e9no\u00efdes aident \u00e0 tuer les bact\u00e9ries et les virus et exercent des effets anti-inflammatoires<\/span><span class=\"T93\">,<\/span><\/span><\/p><p class=\"P95\"><strong><span style=\"color: #000000;\">Booster immunitaire<\/span><\/strong><\/p><p class=\"P96\"><span style=\"color: #000000;\">This highly prized\u200b\u200b\u00a0mushroom is recommended for any disease involving depressed\u00a0immune function such as cancer, AIDS, environmental allergies, yeast infections, frequent flu and colds.\u00a0<\/span><\/p><p class=\"P97\"><span style=\"color: #000000;\">The immune-boosting, anti-viral properties of Lentinan are used to help AIDS and heart-bypass patients fight off infections, by stimulating various parts of the body&#8217;s defense system.<\/span><\/p><p class=\"P98\"><span class=\"T99\" style=\"color: #000000;\">Shiitake has Anti-HIV properties by stimulating the production of interferon. It\u00a0provides synergistic (combined and improved) effect with\u00a0azidothymidine (AZT).<\/span><\/p><p class=\"P103\" style=\"text-align: center;\"><a class=\"buy\" href=\"#buy\"><strong>ALLER ACHETER MAINTENANT<\/strong><\/a><\/p><p class=\"P104\"><strong><span style=\"color: #000000;\">Cholest\u00e9rol et sant\u00e9 cardiovasculaire<\/span><\/strong><\/p><p class=\"P105\"><span style=\"color: #000000;\">Researchers have reported that consumption of Shiitake mushrooms lowers blood cholesterol levels by as much as 45 percent. The most dramatic results occurred when high-cholesterol foods were\u200b\u200b\u00a0eaten simultaneously with Shiitake. In two human studies, cholesterol dropped 6 to 15 percent when the amount of Shiitake consumed was nine grams per day or approximately 10 dried medium-sized mushrooms.\u200b\u200b\u00a0<\/span><\/p><p class=\"P106\"><span style=\"color: #000000;\">The ability of Shiitake to accelerate the metabolism and excretion of cholesterol was first reported in 1966 by Kaneda and Tokuda. The Donko and Koshin varieties of Shiitake produced a 45% and 36% reduction in total plasma cholesterol respectively. The active principle is an amino acid named eritadenine.\u200b\u200b\u00a0Eritadenine lowers all lipid components of serum lipoproteins in both animals and man. It exhibits very low toxicity and is effective when administered orally. One hundred twenty-four derivatives of eritadenine have been synthesized and tested. Patents for\u200b\u200b\u00a0consumable products capitalizing on Shiitake hypocholesterolemic effect have been issued. Lowering plasma lipids by a method as simple as consuming a food or beverage is very appealing to the health-conscious public.<\/span><\/p><p class=\"P107\"><span style=\"color: #000000;\">Le Shiitake a \u00e9galement montr\u00e9 sa capacit\u00e9 \u00e0 abaisser l&#039;hypertension art\u00e9rielle chez les animaux de laboratoire.<\/span><\/p><p class=\"P109\"><strong><span style=\"color: #000000;\">Liver protection\u200b\u200b\u00a0<\/span><\/strong><\/p><p class=\"P110\"><span style=\"color: #000000;\">Shiitake renforce la fonction du foie et assure la d\u00e9toxification du foie ;<\/span><\/p><p class=\"P114\" style=\"text-align: center;\"><a class=\"buy\" href=\"#buy\"><strong>ALLER ACHETER MAINTENANT<\/strong><\/a><\/p><p class=\"P115\"><strong><span style=\"color: #000000;\">Autres avantages du champignon Shiitake<\/span><\/strong><\/p><p class=\"P116\"><span style=\"color: #000000;\">Shitake is used medically\u200b\u200b for any and all diseases involving depressed immune function including cancer, AIDS, environmental allergies, yeast infections, and frequent flu and colds.<\/span><\/p><p class=\"P117\"><span style=\"color: #000000;\">De plus, contient des compos\u00e9s efficaces pour abaisser le cholest\u00e9rol et traiter l&#039;hypertension ou l&#039;hypotension. Shiitake produit un compos\u00e9 absorbant les graisses qui aide \u00e0 perdre du poids.<\/span><\/p><p class=\"P118\"><span style=\"color: #000000;\">En Chine et au Japon, les champignons shiitake ont longtemps joui d&#039;une r\u00e9putation de rem\u00e8de contre l&#039;\u00e9puisement, les rhumes, les vers, la mauvaise circulation et les maladies du foie.<\/span><\/p><p class=\"P119\"><span style=\"color: #000000;\"><span class=\"T120\">D&#039;apr\u00e8s Kenneth Jones je<\/span><span class=\"T121\">n\u200b\u200b\u00a0<\/span><span class=\"T122\">Shiitake:\u00a0the Healing Mushroom<\/span><span class=\"T123\">, Shiitake offre des avantages notables pour les ulc\u00e8res, les probl\u00e8mes de foie, les allergies et les maladies auto-immunes.<\/span><\/span><\/p><p class=\"P124\">\u00a0<\/p><div class=\"dxoResponsiveTable\"><table class=\"Table125\"><colgroup><col class=\"TableColumn126\" data-colwidth=\"5.9958\" data-colwidthunits=\"in\" \/><\/colgroup><tbody><tr class=\"TableRow127\"><td class=\"TableCell128\"><p class=\"P129\"><strong><span style=\"color: #000000;\">Faits sur les suppl\u00e9ments<\/span><\/strong><\/p><\/td><\/tr><tr class=\"TableRow130\"><td class=\"TableCell131\"><p class=\"P132\"><span style=\"color: #000000;\">Portion: une (1)<\/span><\/p><\/td><\/tr><tr class=\"TableRow133\"><td class=\"TableCell134\"><p class=\"P135\"><span style=\"color: #000000;\">Montant par portion % Valeur quotidienne<\/span><\/p><\/td><\/tr><tr class=\"TableRow136\"><td class=\"TableCell137\"><p class=\"P138\"><span style=\"color: #000000;\">Shiitake Mushroom Powder\u00a0 \u00a0 \u00a0 \u00a0 \u00a0 \u00a0 \u00a0 \u00a0 500mg<\/span><\/p><\/td><\/tr><tr class=\"TableRow139\"><td class=\"TableCell140\"><p class=\"P141\"><span style=\"color: #000000;\">* Daily\u200b\u200b\u00a0Value not established<\/span><\/p><\/td><\/tr><tr class=\"TableRow142\"><td class=\"TableCell143\"><p class=\"P144\"><span style=\"color: #000000;\">Autres ingr\u00e9dients : G\u00e9latine, St\u00e9arate de magn\u00e9sium<\/span><\/p><\/td><\/tr><\/tbody><\/table><\/div><p class=\"P145\"><span style=\"color: #000000;\"><strong><span class=\"T146\">Les directions:<\/span><\/strong><span class=\"T147\"><strong>\u200b\u200b\u00a0<\/strong>Adultes, prendre une (1) capsule par jour ou selon les recommandations de votre pH<\/span><span class=\"T148\">y<\/span><span class=\"T149\">sician, comme compl\u00e9ment alimentaire.<\/span><\/span><\/p><p class=\"P150\">\u00a0<\/p><p class=\"P151\">\u00a0<\/p><\/div><\/section><\/div><\/div><\/div><\/div><div class=\"wpsm_panel wpsm_panel-default\"><div class=\"wpsm_panel-heading\" role=\"tab\"><h4 class=\"wpsm_panel-title\"><span style=\"color: #000000;\"><a class=\"collapsed\" style=\"color: #000000;\" data-toggle=\"collapse\" data-parent=\"#wpsm_accordion_5425 \" data-target=\"#ac_5425_collapse2\" aria-expanded=\"false\"><span class=\"ac_title_class\">\u00a0Acheter maintenant<\/span><\/a><\/span><\/h4><\/div><\/div><\/div>\n\t\t\t\t<\/div>\n\t\t\t\t\t\t\t<div class=\"elementor-toggle-item\">\n\t\t\t\t\t<div id=\"elementor-tab-title-5522\" class=\"elementor-tab-title\" data-tab=\"2\" role=\"button\" aria-controls=\"elementor-tab-content-5522\" aria-expanded=\"false\">\n\t\t\t\t\t\t\t\t\t\t\t\t<span class=\"elementor-toggle-icon elementor-toggle-icon-left\" aria-hidden=\"true\">\n\t\t\t\t\t\t\t\t\t\t\t\t\t\t\t<span class=\"elementor-toggle-icon-closed\"><i class=\"far fa-caret-square-right\"><\/i><\/span>\n\t\t\t\t\t\t\t\t<span class=\"elementor-toggle-icon-opened\"><i class=\"elementor-toggle-icon-opened fas fa-caret-square-up\"><\/i><\/span>\n\t\t\t\t\t\t\t\t\t\t\t\t\t<\/span>\n\t\t\t\t\t\t\t\t\t\t\t\t<a class=\"elementor-toggle-title\" tabindex=\"0\">..<\/a>\n\t\t\t\t\t<\/div>\n\n\t\t\t\t\t<div id=\"elementor-tab-content-5522\" class=\"elementor-tab-content elementor-clearfix\" data-tab=\"2\" role=\"region\" aria-labelledby=\"elementor-tab-title-5522\"><\/div>\n\t\t\t\t<\/div>\n\t\t\t\t\t\t\t\t<\/div>\n\t\t\t\t\t\t<\/div>\n\t\t\t\t<\/div>\n\t\t\t\t\t<\/div>\n\t\t<\/div>\n\t\t\t\t\t<\/div>\n\t\t<\/section>\n\t\t\t\t<\/div>","protected":false},"excerpt":{"rendered":"<p><a name=\"buy\"><\/a><\/p>\n<ul>\n<li>Shitake<\/li>\n<li><strong><span style=\"font-family: go;\">Renforce le syst\u00e8me immunitaire, renfor\u00e7ant ainsi la capacit\u00e9 du corps \u00e0 combattre les infections et les maladies.<\/span><\/strong><\/li>\n<li><strong><span style=\"font-family: go;\">Shiitake r\u00e9duit l&#039;hypertension art\u00e9rielle<\/span><\/strong><\/li>\n<li><strong><span style=\"font-family: go;\">Shiitake gu\u00e9rit les maladies du foie et est un tonique r\u00e9nal<\/span><\/strong><\/li>\n<\/ul>\n<p><strong>\u00a0\u00a0\u00a0\u00a0\u00a0 &gt;&gt;&gt;<span style=\"font-family: go; font-size: 14pt;\"><a href=\"#more\"><span style=\"color: #0000ff;\">Lire la suite<\/span><\/a><\/span><\/strong><\/p>","protected":false},"featured_media":2824,"comment_status":"open","ping_status":"closed","template":"redux-templates_contained","meta":{"nf_dc_page":"","_bbp_topic_count":0,"_bbp_reply_count":0,"_bbp_total_topic_count":0,"_bbp_total_reply_count":0,"_bbp_voice_count":0,"_bbp_anonymous_reply_count":0,"_bbp_topic_count_hidden":0,"_bbp_reply_count_hidden":0,"_bbp_forum_subforum_count":0},"product_brand":[],"product_cat":[33],"product_tag":[],"class_list":{"0":"post-5424","1":"product","2":"type-product","3":"status-publish","4":"has-post-thumbnail","6":"product_cat-all-products","8":"first","9":"outofstock","10":"shipping-taxable","11":"purchasable","12":"product-type-simple"},"bundled_by":[],"bundle_stock_status":"outofstock","bundle_stock_quantity":0,"bundle_virtual":false,"bundle_layout":"","bundle_add_to_cart_form_location":"","bundle_editable_in_cart":false,"bundle_sold_individually_context":"","bundle_item_grouping":"","bundle_min_size":"","bundle_max_size":"","bundled_items":[],"bundle_sell_ids":[],"_links":{"self":[{"href":"https:\/\/www.naturesgiftforlife.com\/fr\/wp-json\/wp\/v2\/product\/5424","targetHints":{"allow":["GET"]}}],"collection":[{"href":"https:\/\/www.naturesgiftforlife.com\/fr\/wp-json\/wp\/v2\/product"}],"about":[{"href":"https:\/\/www.naturesgiftforlife.com\/fr\/wp-json\/wp\/v2\/types\/product"}],"replies":[{"embeddable":true,"href":"https:\/\/www.naturesgiftforlife.com\/fr\/wp-json\/wp\/v2\/comments?post=5424"}],"version-history":[{"count":0,"href":"https:\/\/www.naturesgiftforlife.com\/fr\/wp-json\/wp\/v2\/product\/5424\/revisions"}],"wp:featuredmedia":[{"embeddable":true,"href":"https:\/\/www.naturesgiftforlife.com\/fr\/wp-json\/wp\/v2\/media\/2824"}],"wp:attachment":[{"href":"https:\/\/www.naturesgiftforlife.com\/fr\/wp-json\/wp\/v2\/media?parent=5424"}],"wp:term":[{"taxonomy":"product_brand","embeddable":true,"href":"https:\/\/www.naturesgiftforlife.com\/fr\/wp-json\/wp\/v2\/product_brand?post=5424"},{"taxonomy":"product_cat","embeddable":true,"href":"https:\/\/www.naturesgiftforlife.com\/fr\/wp-json\/wp\/v2\/product_cat?post=5424"},{"taxonomy":"product_tag","embeddable":true,"href":"https:\/\/www.naturesgiftforlife.com\/fr\/wp-json\/wp\/v2\/product_tag?post=5424"}],"curies":[{"name":"wp","href":"https:\/\/api.w.org\/{rel}","templated":true}]}}