{"id":5404,"date":"2020-12-15T13:43:58","date_gmt":"2020-12-15T13:43:58","guid":{"rendered":"http:\/\/www.livehealthylivehappy.com\/new\/?post_type=product&#038;p=5404"},"modified":"2023-10-03T20:26:57","modified_gmt":"2023-10-03T20:26:57","slug":"milk-thistle","status":"publish","type":"product","link":"https:\/\/www.naturesgiftforlife.com\/fr\/shop\/milk-thistle\/","title":{"rendered":"Milk Thistle Silymarin"},"content":{"rendered":"<div data-elementor-type=\"wp-post\" data-elementor-id=\"5404\" class=\"elementor elementor-5404\">\n\t\t\t\t\t\t<section class=\"elementor-section elementor-top-section elementor-element elementor-element-356ce98 elementor-section-boxed elementor-section-height-default elementor-section-height-default\" data-id=\"356ce98\" data-element_type=\"section\" data-e-type=\"section\">\n\t\t\t\t\t\t<div class=\"elementor-container elementor-column-gap-default\">\n\t\t\t\t\t<div class=\"elementor-column elementor-col-100 elementor-top-column elementor-element elementor-element-aa3fa7a\" data-id=\"aa3fa7a\" data-element_type=\"column\" data-e-type=\"column\">\n\t\t\t<div class=\"elementor-widget-wrap elementor-element-populated\">\n\t\t\t\t\t\t<div class=\"elementor-element elementor-element-3164e44 elementor-widget elementor-widget-html\" data-id=\"3164e44\" data-element_type=\"widget\" data-e-type=\"widget\" data-widget_type=\"html.default\">\n\t\t\t\t<div class=\"elementor-widget-container\">\n\t\t\t\t\t<a name=\"more\"><\/a>\t\t\t\t<\/div>\n\t\t\t\t<\/div>\n\t\t\t\t<div class=\"elementor-element elementor-element-58f9ba7 elementor-invisible elementor-widget elementor-widget-toggle\" data-id=\"58f9ba7\" data-element_type=\"widget\" data-e-type=\"widget\" data-settings=\"{&quot;_animation&quot;:&quot;flash&quot;}\" data-widget_type=\"toggle.default\">\n\t\t\t\t<div class=\"elementor-widget-container\">\n\t\t\t\t\t\t\t<div class=\"elementor-toggle\">\n\t\t\t\t\t\t\t<div class=\"elementor-toggle-item\">\n\t\t\t\t\t<div id=\"elementor-tab-title-9321\" class=\"elementor-tab-title\" data-tab=\"1\" role=\"button\" aria-controls=\"elementor-tab-content-9321\" aria-expanded=\"false\">\n\t\t\t\t\t\t\t\t\t\t\t\t<span class=\"elementor-toggle-icon elementor-toggle-icon-left\" aria-hidden=\"true\">\n\t\t\t\t\t\t\t\t\t\t\t\t\t\t\t<span class=\"elementor-toggle-icon-closed\"><i class=\"far fa-caret-square-right\"><\/i><\/span>\n\t\t\t\t\t\t\t\t<span class=\"elementor-toggle-icon-opened\"><i class=\"elementor-toggle-icon-opened fas fa-caret-square-up\"><\/i><\/span>\n\t\t\t\t\t\t\t\t\t\t\t\t\t<\/span>\n\t\t\t\t\t\t\t\t\t\t\t\t<a class=\"elementor-toggle-title\" tabindex=\"0\">Description d\u00e9taill\u00e9e du produit \/ faits sur les suppl\u00e9ments<\/a>\n\t\t\t\t\t<\/div>\n\n\t\t\t\t\t<div id=\"elementor-tab-content-9321\" class=\"elementor-tab-content elementor-clearfix\" data-tab=\"1\" role=\"region\" aria-labelledby=\"elementor-tab-title-9321\"><p><span style=\"color: #000000;\"><strong>Avantages du chardon-Marie\u00a0:<\/strong><\/span><\/p><ul><li><span style=\"color: #000000;\">Prot\u00e8ge naturellement les cellules du foie<\/span>s contre les toxines endog\u00e8nes (alcool, polluants, m\u00e9dicaments, toxines dans les aliments et toutes autres formes de toxines) et cela permet d&#039;am\u00e9liorer le processus de transformation et d&#039;\u00e9limination des d\u00e9chets d\u00e9j\u00e0 form\u00e9s dans le syst\u00e8me ;<\/li><li><span style=\"color: #000000;\">S<\/span>renforce le foie et optimise son fonctionnement ;<\/li><li><span style=\"color: #000000;\">S<\/span>souvent, apaise et humidifie. Il est efficace pour l&#039;irritation et l&#039;inflammation des muqueuses de la peau, des reins et de la vessie.<\/li><li><span style=\"color: #000000;\">H<\/span>elps traite les maladies du foie li\u00e9es \u00e0 l&#039;alcool telles que l&#039;h\u00e9patite m\u00e9tabolique et la cirrhose du foie ;<\/li><li><span style=\"color: #000000;\">H<\/span>comme la capacit\u00e9 de bloquer la fibrose ;<\/li><li><span style=\"color: #000000;\">S<\/span>lubrifie l\u00e9g\u00e8rement les intestins et am\u00e9liore ainsi la digestion;<\/li><li><span style=\"color: #000000;\">S<\/span>stimule la circulation de la bile et aide \u00e0 traiter les troubles biliaires et la dyspepsie ;<\/li><li><span style=\"color: #000000;\">H<\/span>aide le foie et les reins \u00e0 se remettre des dommages caus\u00e9s par l&#039;alcool et d&#039;autres substances toxiques;<\/li><li><span style=\"color: #000000;\">R<\/span>r\u00e9duit l&#039;accumulation de graisse dans les cellules du foie;<\/li><li><a href=\"https:\/\/livehealthylivehappy.com\/category\/infertility\/\" target=\"_blank\" rel=\"noopener\"><span style=\"color: #000000;\">Chardon-Marie <\/span><\/a>combat les radicaux libres et donc le stress oxydatif ;<\/li><li><span style=\"color: #000000;\">je<\/span>augmente la r\u00e9g\u00e9n\u00e9ration des cellules h\u00e9patiques ;<\/li><li><span style=\"color: #000000;\">P<\/span>romote les fonctions m\u00e9taboliques et de stockage du foie;<\/li><li><span style=\"color: #000000;\">R<\/span>\u00e9duque et emp\u00eache la croissance de <a href=\"https:\/\/www.naturesgiftforlife.com\/fr\/shop\/flaxseed-oilallergies\/\">cancer<\/a> cellules du sein, des poumons, du c\u00f4lon, de la prostate, du col de l&#039;ut\u00e9rus et des reins;<\/li><\/ul><p style=\"text-align: center;\"><a class=\"buy\" href=\"#buy\"><strong>ALLER ACHETER MAINTENANT<\/strong><\/a><\/p><p><span style=\"color: #000000;\">C&#039;est une plante herbac\u00e9e comestible originaire des r\u00e9gions chaudes et s\u00e8ches du sud de l&#039;Europe, de l&#039;Afrique du Nord et des pays du pourtour m\u00e9diterran\u00e9en. Le chardon-Marie est utilis\u00e9 pour traiter les probl\u00e8mes de foie depuis plus de 2 000 ans et est devenu tr\u00e8s populaire sur le march\u00e9 des nutraceutiques en tant que tonique pour le foie et le corps.<strong><em>\u00a0<\/em><\/strong><\/span><\/p><p><span style=\"color: #000000;\"><strong>Antioxydant<\/strong><\/span><\/p><p><span style=\"color: #000000;\">Le chardon-Marie est un puissant antioxydant et est plusieurs fois plus puissant que les vitamines E et C. Les antioxydants comme le chardon-Marie aident \u00e0 \u00e9liminer les radicaux libres dans tout le corps, ce sont des mol\u00e9cules tr\u00e8s r\u00e9actives qui attaquent et peuvent endommager l&#039;ADN des cellules saines. Il a \u00e9t\u00e9 d\u00e9montr\u00e9 que ce type de dommages provoque un vieillissement pr\u00e9matur\u00e9 et des maladies.<\/span><\/p><p><span style=\"color: #000000;\"><strong><em>\u00a0<\/em><\/strong><strong>Maladie h\u00e9patique aigu\u00eb et chronique<\/strong><\/span><\/p><p><span style=\"color: #000000;\">Milk Thistle is really known as a \u2018specific\u2019 for the liver and has been shown to enhance its function. The liver is the body\u2019s second largest organ, which is responsible for detoxifying pollutants and processing nutrients and fats. One of the most beneficial actions of milk thistle is that it prevents the depletion of glutathione, which is a substance that is crucial for the liver\u2019s role in detoxification; it also helps promote the regeneration of new liver cells. The research that proves milk thistle&#8217;s efficacy is extensive; it is among the world\u2019s most thoroughly studied and scientifically researched herbs. It is important to understand that today more than ever; it is necessary to protect your liver from all the toxins it is exposed to. We need to comprehend the importance of the liver, how it works and what it does to help us stay healthy.<\/span><\/p><p style=\"text-align: center;\"><a class=\"buy\" href=\"#buy\"><strong>ALLER ACHETER MAINTENANT<\/strong><\/a><\/p><p><span style=\"color: #000000;\">Toxins of every category constantly bombard the liver; so it detoxifies the blood and performs thousands of other vital functions. Milk Thistle (AKA Silymarin) contains active phytochemicals called (silybinin, isosilybinin, silychristin, and silydianin, etc) that are derived mainly from the seeds. The silymarin\u2019s found in Milk Thistle is known to protect the liver by strengthening the outer membranes of liver cells, which prevents toxins from entering them. Milk Thistle also stimulates protein synthesis in liver cells, which helps to regenerate and repair the liver. Milk Thistle can also help to reduce damage to the liver cells caused by repeated use of some prescription drugs. It can alleviate a host of ailments associated with the liver, such as hepatitis and cirrhosis.<\/span><\/p><p><span style=\"color: #000000;\">Dans le plus grand essai \u00e0 ce jour \u00e9tudiant sp\u00e9cifiquement l&#039;utilisation du chardon-Marie pour les maladies chroniques du foie, plus de 2 500 personnes souffrant de cette maladie ont montr\u00e9 une am\u00e9lioration de leurs tests de fonction h\u00e9patique lors de la prise de l&#039;extrait. Beaucoup ont \u00e9galement d\u00e9clar\u00e9 qu&#039;ils se sentaient mieux. Les personnes atteintes d&#039;une forme aigu\u00eb de maladie du foie (h\u00e9patite virale aigu\u00eb) devraient \u00e9galement b\u00e9n\u00e9ficier du chardon-Marie. Dans une \u00e9tude en double aveugle publi\u00e9e en 1998, l&#039;extrait a am\u00e9lior\u00e9 les r\u00e9sultats des tests de la fonction h\u00e9patique, acc\u00e9l\u00e9r\u00e9 la r\u00e9cup\u00e9ration et r\u00e9duit la dur\u00e9e des s\u00e9jours \u00e0 l&#039;h\u00f4pital par rapport \u00e0 un placebo.<\/span><\/p><p><span style=\"color: #000000;\">Plus r\u00e9cemment, des \u00e9tudes utilisant le chardon-Marie ont montr\u00e9 qu&#039;il peut \u00e9galement \u00eatre b\u00e9n\u00e9fique pour r\u00e9duire le risque de d\u00e9velopper certains types de cancer. Il est tr\u00e8s s\u00fbr \u00e0 prendre \u00e0 long terme, avec presque aucun effet secondaire connu ! D&#039;autres \u00e9tudes ont montr\u00e9 que le chardon-Marie peut \u00eatre utilis\u00e9 pour traiter l&#039;h\u00e9patite virale chronique B ou C.<\/span><\/p><p style=\"text-align: center;\"><a class=\"buy\" href=\"#buy\"><strong>ALLER ACHETER MAINTENANT<\/strong><\/a><\/p><p><span style=\"color: #000000;\"><strong>Probl\u00e8mes de foie associ\u00e9s \u00e0 la consommation d&#039;alcool et de drogues. <\/strong><\/span><\/p><p><span style=\"color: #000000;\">Les drogues et l&#039;alcool causent des dommages au foie, une baisse des taux d&#039;enzymes h\u00e9patiques et une inflammation associ\u00e9e \u00e0 l&#039;h\u00e9patite virale. L&#039;extrait de chardon-Marie est utilis\u00e9 pour maintenir la sant\u00e9 du foie et le prot\u00e9ger contre les effets des toxines telles que l&#039;alcool, les drogues et les polluants environnementaux associ\u00e9s \u00e0 une gamme vari\u00e9e de probl\u00e8mes de foie. Cette plante agit pour am\u00e9liorer la fonction h\u00e9patique et r\u00e9g\u00e9n\u00e9rer de nouvelles cellules h\u00e9patiques dans la cirrhose pour aider \u00e0 la d\u00e9toxification du cancer du foie et pour aider \u00e0 traiter les dysfonctionnements de la v\u00e9sicule biliaire. Par contre, c&#039;est une plante merveilleuse contre la gueule de bois. Ing\u00e9r\u00e9 avant et apr\u00e8s la consommation d&#039;alcool, il aide \u00e0 soulager les sympt\u00f4mes de la gueule de bois et \u00e0 d\u00e9toxifier le foie. Il aide \u00e9galement \u00e0 prot\u00e9ger le foie chez les personnes prenant des m\u00e9dicaments soumis \u00e0 prescription et connus pour \u00e9lever les enzymes h\u00e9patiques.<\/span><\/p><p><span style=\"color: #000000;\"><strong>Psoriasis, ecz\u00e9ma et autres affections cutan\u00e9es. <\/strong><\/span><\/p><p><span style=\"color: #000000;\">Comme d\u00e9j\u00e0 mentionn\u00e9, l&#039;une des fonctions du foie r\u00e9side dans la purification du sang. Toute d\u00e9ficience observ\u00e9e dans le fonctionnement du foie, qu&#039;elle soit physiologique, pathologique ou m\u00e9tabolique, emp\u00eache le foie d&#039;assumer efficacement cette fonction pourtant cruciale. On peut alors observer dans ce contexte une tox\u00e9mie dont les principales manifestations sont cutan\u00e9es ; ils peuvent aller de l&#039;acn\u00e9 au psoriasis, \u00e0 l&#039;ecz\u00e9ma et m\u00eame \u00e0 la dermatite. Des \u00e9tudes tendent \u00e0 \u00e9tablir un lien \u00e9troit entre les d\u00e9mangeaisons cutan\u00e9es, le psoriasis et le dysfonctionnement h\u00e9patique. Nous avons \u00e9galement not\u00e9 que les personnes souffrant d&#039;insuffisance h\u00e9patique sont les plus sujettes aux troubles cutan\u00e9s. Le Chardon Marie est particuli\u00e8rement efficace lorsqu&#039;il s&#039;agit de soutenir le foie dans sa fonction purifiante du sang. De plus, il r\u00e9duit l&#039;inflammation en cas de dermatite et am\u00e9liore significativement la fonction h\u00e9patique, souvent alt\u00e9r\u00e9e chez les personnes atteintes de psoriasis. Il s&#039;av\u00e8re donc particuli\u00e8rement efficace pour les affections cutan\u00e9es pr\u00e9cit\u00e9es.<\/span><\/p><p style=\"text-align: center;\"><a class=\"buy\" href=\"#buy\"><strong>ALLER ACHETER MAINTENANT<\/strong><\/a><\/p><p><span style=\"color: #000000;\"><strong>Nettoyant pour le sang<\/strong><\/span><\/p><p><span style=\"color: #000000;\">Many health-conscious individuals find that Milk Thistle improves their health by removing the harmful toxic substances. With the state of today&#8217;s environment, almost everyone is exposed to pollutants on a daily basis. Milk Thistle functions to protect the liver from harm by detoxifying the body and keeping it safe. Cycling supplements in an on-again-off-again manner, while using Milk Thistle in between, will ensure liver health and successful systemic performance. More recently, studies using Milk Thistle have shown that it may also be beneficial for reducing the chance of developing certain types of degenerative pathologies. Other studies have shown that milk thistle can be used to treat the worst type\u2019s chronic viral hepatitis. Many of the healing properties that milk thistle offers coincide with its ability to help the liver function at a higher level. It is very safe to take long term, with almost no known side effects! And since the liver metabolizes hormones, foods and other nutrients it would make sense that if the organ were working correctly, the above medical problems may not occur! There isn\u2019t any doubt that literally everyone can benefit from supplementing with milk thistle!<\/span><\/p><p style=\"text-align: center;\"><a class=\"buy\" href=\"#buy\"><strong>ALLER ACHETER MAINTENANT<\/strong><\/a><\/p><p><span style=\"color: #000000;\"><strong>Autres indications<\/strong>:<\/span><\/p><p><span style=\"color: #000000;\">De nombreux professionnels de la sant\u00e9 dans le monde prescrivent le chardon-Marie pour traiter : une mauvaise digestion, des probl\u00e8mes hormonaux f\u00e9minins, la constipation, les troubles de l&#039;humeur, les h\u00e9morro\u00efdes, les varices, l&#039;ath\u00e9roscl\u00e9rose (durcissement et r\u00e9tr\u00e9cissement des art\u00e8res) et l&#039;acn\u00e9, les troubles surr\u00e9nales, une faible immunit\u00e9, la prostate et cancer du sein.<\/span><\/p><p><span style=\"color: #000000;\">Les autres populations qui pourraient b\u00e9n\u00e9ficier le plus de la suppl\u00e9mentation en chardon-Marie sont les athl\u00e8tes qui cherchent \u00e0 am\u00e9liorer les performances sportives et la capacit\u00e9 d&#039;augmenter la production de synth\u00e8se prot\u00e9ique r\u00e9cup\u00e9ratrice.<\/span><\/p><table width=\"539\"><tbody><tr><td width=\"274\"><p><span style=\"color: #000000;\"><a style=\"color: #000000;\" href=\"http:\/\/www.wholehealthmd.com\/hc\/resourceareas_view\/1,1438,539,00.html\" target=\"_blank\" rel=\"noopener\">Psoriasis<\/a><\/span><\/p><\/td><td width=\"265\"><p><span style=\"color: #000000;\">1 g\u00e9lule 3 fois par jour<\/span><\/p><\/td><\/tr><tr><td width=\"274\"><p><span style=\"color: #000000;\"><a style=\"color: #000000;\" href=\"http:\/\/www.wholehealthmd.com\/hc\/resourceareas_view\/1,1438,537,00.html\" target=\"_blank\" rel=\"noopener\">H\u00e9patite<\/a><\/span><\/p><\/td><td width=\"265\"><p><span style=\"color: #000000;\">1 g\u00e9lule 3 fois par jour<\/span><\/p><\/td><\/tr><tr><td width=\"274\"><p><span style=\"color: #000000;\"><a style=\"color: #000000;\" href=\"http:\/\/www.wholehealthmd.com\/hc\/resourceareas_view\/1,1438,467,00.html\" target=\"_blank\" rel=\"noopener\">Calculs biliaires<\/a><\/span><\/p><\/td><td width=\"265\"><p><span style=\"color: #000000;\">1 capsule 2 fois par jour<\/span><\/p><\/td><\/tr><tr><td width=\"274\"><p><span style=\"color: #000000;\"><a style=\"color: #000000;\" href=\"http:\/\/www.wholehealthmd.com\/hc\/resourceareas_view\/1,1438,560,00.html\" target=\"_blank\" rel=\"noopener\">Syndrome de prolif\u00e9ration de Candida<\/a><\/span><\/p><\/td><td width=\"265\"><p><span style=\"color: #000000;\">1 capsule 2 fois par jour<\/span><\/p><\/td><\/tr><tr><td width=\"274\"><p><span style=\"color: #000000;\"><a style=\"color: #000000;\" href=\"http:\/\/www.wholehealthmd.com\/hc\/resourceareas_view\/1,1438,546,00.html\" target=\"_blank\" rel=\"noopener\">Alcoolisme<\/a><\/span><\/p><\/td><td width=\"265\"><p><span style=\"color: #000000;\">1 capsule par jour<\/span><\/p><\/td><\/tr><\/tbody><\/table><p><strong>\u00a0<\/strong><\/p><table><tbody><tr><td colspan=\"3\" width=\"638\"><p><span style=\"color: #000000;\"><strong>FAITS SUPPL\u00c9MENTAIRES<\/strong><\/span><\/p><\/td><\/tr><tr><td colspan=\"3\" width=\"638\"><p><span style=\"color: #000000;\"><strong>Portion : une (1) capsule<\/strong><\/span><\/p><\/td><\/tr><tr><td width=\"213\"><p><span style=\"color: #000000;\"><strong>\u00a0<\/strong><\/span><\/p><\/td><td width=\"213\"><p><span style=\"color: #000000;\"><strong>Quantit\u00e9 par portion <\/strong><\/span><\/p><\/td><td width=\"213\"><p><span style=\"color: #000000;\"><strong>%Daily Value<\/strong><\/span><\/p><\/td><\/tr><tr><td width=\"213\"><p><span style=\"color: #000000;\"><strong>Poudre de chardon-Marie (Silybnum marianum)<\/strong><\/span><\/p><\/td><td width=\"213\"><p><span style=\"color: #000000;\"><strong>500 mg<\/strong><\/span><\/p><\/td><td width=\"213\"><p><span style=\"color: #000000;\"><strong>*<\/strong><\/span><\/p><\/td><\/tr><tr><td colspan=\"3\" width=\"638\"><p><span style=\"color: #000000;\"><strong>*Valeur quotidienne non \u00e9tablie<\/strong><\/span><\/p><\/td><\/tr><tr><td colspan=\"3\" width=\"638\"><p><span style=\"color: #000000;\"><strong>Autres ingr\u00e9dients : G\u00e9latine, Dioxyde de silicium<\/strong><\/span><\/p><\/td><\/tr><\/tbody><\/table><p><span style=\"color: #000000;\"><strong>\u00a0<\/strong><strong>Les directions:<\/strong> Adults take one or more capsules daily preferably 30 minutes before meals for optimal effectiveness. Keep in mind that it will take at least a week or two before you notice milk thistle&#8217;s beneficial effects. For chronic conditions, you will need to take the herb for quite some time with or after a meal, as a dietary supplement<\/span><\/p><p><span style=\"color: #000000;\"><strong>avertissement<\/strong><\/span><\/p><p><span style=\"color: #000000;\">Les patients diab\u00e9tiques prenant de la silymarine doivent surveiller attentivement leur glyc\u00e9mie pour \u00e9viter l&#039;hypoglyc\u00e9mie. Si vous \u00eates enceinte, allaitez ou prenez un m\u00e9dicament sur ordonnance, consultez votre m\u00e9decin avant l&#039;utilisation.<\/span><\/p><\/div>\n\t\t\t\t<\/div>\n\t\t\t\t\t\t\t<div class=\"elementor-toggle-item\">\n\t\t\t\t\t<div id=\"elementor-tab-title-9322\" class=\"elementor-tab-title\" data-tab=\"2\" role=\"button\" aria-controls=\"elementor-tab-content-9322\" aria-expanded=\"false\">\n\t\t\t\t\t\t\t\t\t\t\t\t<span class=\"elementor-toggle-icon elementor-toggle-icon-left\" aria-hidden=\"true\">\n\t\t\t\t\t\t\t\t\t\t\t\t\t\t\t<span class=\"elementor-toggle-icon-closed\"><i class=\"far fa-caret-square-right\"><\/i><\/span>\n\t\t\t\t\t\t\t\t<span class=\"elementor-toggle-icon-opened\"><i class=\"elementor-toggle-icon-opened fas fa-caret-square-up\"><\/i><\/span>\n\t\t\t\t\t\t\t\t\t\t\t\t\t<\/span>\n\t\t\t\t\t\t\t\t\t\t\t\t<a class=\"elementor-toggle-title\" tabindex=\"0\">..<\/a>\n\t\t\t\t\t<\/div>\n\n\t\t\t\t\t<div id=\"elementor-tab-content-9322\" class=\"elementor-tab-content elementor-clearfix\" data-tab=\"2\" role=\"region\" aria-labelledby=\"elementor-tab-title-9322\"><\/div>\n\t\t\t\t<\/div>\n\t\t\t\t\t\t\t\t<\/div>\n\t\t\t\t\t\t<\/div>\n\t\t\t\t<\/div>\n\t\t\t\t\t<\/div>\n\t\t<\/div>\n\t\t\t\t\t<\/div>\n\t\t<\/section>\n\t\t\t\t<\/div>","protected":false},"excerpt":{"rendered":"<p><a name=\"buy\"><\/a><\/p>\n<ul>\n<li><strong><span style=\"font-family: go;\">Aide \u00e0 traiter les maladies du foie li\u00e9es \u00e0 l&#039;alcool.<\/span><\/strong><\/li>\n<li><strong><span style=\"font-family: go;\">Aide \u00e0 traiter l&#039;h\u00e9patite.<\/span><\/strong><\/li>\n<li><strong><span style=\"font-family: go;\">Le chardon-Marie a la capacit\u00e9 de bloquer la fibrose et de traiter la cirrhose du foie.<\/span><\/strong><\/li>\n<li><strong><span style=\"font-family: go;\">Le chardon-Marie aide \u00e0 traiter les calculs biliaires.<\/span><\/strong><\/li>\n<\/ul>\n<p><strong>\u00a0\u00a0\u00a0\u00a0\u00a0 &gt;&gt;&gt;<span style=\"font-family: go; font-size: 14pt;\"><a href=\"#more\"><span style=\"color: #0000ff;\">Lire la suite<\/span><\/a><\/span><\/strong><\/p>","protected":false},"featured_media":11037,"comment_status":"open","ping_status":"closed","template":"","meta":{"nf_dc_page":"","_bbp_topic_count":0,"_bbp_reply_count":0,"_bbp_total_topic_count":0,"_bbp_total_reply_count":0,"_bbp_voice_count":0,"_bbp_anonymous_reply_count":0,"_bbp_topic_count_hidden":0,"_bbp_reply_count_hidden":0,"_bbp_forum_subforum_count":0},"product_brand":[],"product_cat":[33],"product_tag":[],"class_list":{"0":"post-5404","1":"product","2":"type-product","3":"status-publish","4":"has-post-thumbnail","6":"product_cat-all-products","8":"first","9":"instock","10":"shipping-taxable","11":"purchasable","12":"product-type-simple"},"bundled_by":["3175"],"bundle_stock_status":"instock","bundle_stock_quantity":null,"bundle_virtual":false,"bundle_layout":"","bundle_add_to_cart_form_location":"","bundle_editable_in_cart":false,"bundle_sold_individually_context":"","bundle_item_grouping":"","bundle_min_size":"","bundle_max_size":"","bundled_items":[],"bundle_sell_ids":[],"_links":{"self":[{"href":"https:\/\/www.naturesgiftforlife.com\/fr\/wp-json\/wp\/v2\/product\/5404","targetHints":{"allow":["GET"]}}],"collection":[{"href":"https:\/\/www.naturesgiftforlife.com\/fr\/wp-json\/wp\/v2\/product"}],"about":[{"href":"https:\/\/www.naturesgiftforlife.com\/fr\/wp-json\/wp\/v2\/types\/product"}],"replies":[{"embeddable":true,"href":"https:\/\/www.naturesgiftforlife.com\/fr\/wp-json\/wp\/v2\/comments?post=5404"}],"version-history":[{"count":0,"href":"https:\/\/www.naturesgiftforlife.com\/fr\/wp-json\/wp\/v2\/product\/5404\/revisions"}],"wp:featuredmedia":[{"embeddable":true,"href":"https:\/\/www.naturesgiftforlife.com\/fr\/wp-json\/wp\/v2\/media\/11037"}],"wp:attachment":[{"href":"https:\/\/www.naturesgiftforlife.com\/fr\/wp-json\/wp\/v2\/media?parent=5404"}],"wp:term":[{"taxonomy":"product_brand","embeddable":true,"href":"https:\/\/www.naturesgiftforlife.com\/fr\/wp-json\/wp\/v2\/product_brand?post=5404"},{"taxonomy":"product_cat","embeddable":true,"href":"https:\/\/www.naturesgiftforlife.com\/fr\/wp-json\/wp\/v2\/product_cat?post=5404"},{"taxonomy":"product_tag","embeddable":true,"href":"https:\/\/www.naturesgiftforlife.com\/fr\/wp-json\/wp\/v2\/product_tag?post=5404"}],"curies":[{"name":"wp","href":"https:\/\/api.w.org\/{rel}","templated":true}]}}