{"id":539,"date":"2020-08-17T18:41:14","date_gmt":"2020-08-17T18:41:14","guid":{"rendered":"https:\/\/test.projectilecm.com\/?post_type=product&#038;p=539"},"modified":"2026-01-16T09:00:13","modified_gmt":"2026-01-16T09:00:13","slug":"lecithin","status":"publish","type":"product","link":"https:\/\/www.naturesgiftforlife.com\/fr\/shop\/lecithin\/","title":{"rendered":"Lecithin 1200mg"},"content":{"rendered":"<div data-elementor-type=\"wp-post\" data-elementor-id=\"539\" class=\"elementor elementor-539\">\n\t\t\t\t\t\t<section class=\"elementor-section elementor-top-section elementor-element elementor-element-45b54d4 elementor-section-boxed elementor-section-height-default elementor-section-height-default\" data-id=\"45b54d4\" data-element_type=\"section\" data-e-type=\"section\">\n\t\t\t\t\t\t<div class=\"elementor-container elementor-column-gap-default\">\n\t\t\t\t\t<div class=\"elementor-column elementor-col-100 elementor-top-column elementor-element elementor-element-92c06c3\" data-id=\"92c06c3\" data-element_type=\"column\" data-e-type=\"column\">\n\t\t\t<div class=\"elementor-widget-wrap elementor-element-populated\">\n\t\t\t\t\t\t<div class=\"elementor-element elementor-element-a9ab7d2 elementor-widget elementor-widget-html\" data-id=\"a9ab7d2\" data-element_type=\"widget\" data-e-type=\"widget\" data-widget_type=\"html.default\">\n\t\t\t\t<div class=\"elementor-widget-container\">\n\t\t\t\t\t<a name=\"more\"><\/a>\t\t\t\t<\/div>\n\t\t\t\t<\/div>\n\t\t\t\t<div class=\"elementor-element elementor-element-31f9e7c elementor-invisible elementor-widget elementor-widget-toggle\" data-id=\"31f9e7c\" data-element_type=\"widget\" data-e-type=\"widget\" data-settings=\"{&quot;_animation&quot;:&quot;flash&quot;}\" data-widget_type=\"toggle.default\">\n\t\t\t\t<div class=\"elementor-widget-container\">\n\t\t\t\t\t\t\t<div class=\"elementor-toggle\">\n\t\t\t\t\t\t\t<div class=\"elementor-toggle-item\">\n\t\t\t\t\t<div id=\"elementor-tab-title-5241\" class=\"elementor-tab-title\" data-tab=\"1\" role=\"button\" aria-controls=\"elementor-tab-content-5241\" aria-expanded=\"false\">\n\t\t\t\t\t\t\t\t\t\t\t\t<span class=\"elementor-toggle-icon elementor-toggle-icon-left\" aria-hidden=\"true\">\n\t\t\t\t\t\t\t\t\t\t\t\t\t\t\t<span class=\"elementor-toggle-icon-closed\"><i class=\"far fa-caret-square-right\"><\/i><\/span>\n\t\t\t\t\t\t\t\t<span class=\"elementor-toggle-icon-opened\"><i class=\"elementor-toggle-icon-opened fas fa-caret-square-up\"><\/i><\/span>\n\t\t\t\t\t\t\t\t\t\t\t\t\t<\/span>\n\t\t\t\t\t\t\t\t\t\t\t\t<a class=\"elementor-toggle-title\" tabindex=\"0\">Description d\u00e9taill\u00e9e du produit \/ faits sur les suppl\u00e9ments<\/a>\n\t\t\t\t\t<\/div>\n\n\t\t\t\t\t<div id=\"elementor-tab-content-5241\" class=\"elementor-tab-content elementor-clearfix\" data-tab=\"1\" role=\"region\" aria-labelledby=\"elementor-tab-title-5241\"><p><span style=\"color: #000000;\"><strong>\u00a0Avantages: <\/strong><\/span><br \/><span style=\"color: #000000;\">&#8211;\u00a0 Reduces cholesterol levels.<\/span><br \/><span style=\"color: #000000;\">&#8211; helps to prevent gallstones. <\/span><br \/><span style=\"color: #000000;\">&#8211; Helps to prevent senile dementia.<\/span><br \/><span style=\"color: #000000;\">&#8211; Helps to reduce the symptoms of multiple sclerosis.<\/span><br \/><span style=\"color: #000000;\">&#8211; Lecithin breaks up fats and cholesterol, is excellent for a healthy heart.<\/span><br \/><span style=\"color: #000000;\">&#8211; Increases Phosphatide concentration in the blood.<\/span><br \/><span style=\"color: #000000;\">&#8211; Lecithin is a rich source of GLA (Gamma Linoleic Acid). <\/span><br \/><span style=\"color: #000000;\">&#8211; Helps the body utilize Vitamins A, D, E and K. <\/span><br \/><span style=\"color: #000000;\">&#8211; Excellent for memory, concentration and recall and contributes to better brain function. <\/span><br \/><span style=\"color: #000000;\">&#8211; Cleanses liver and kidneys. Maintains a healthy liver<\/span><br \/><span style=\"color: #000000;\">&#8211; Helps the body absorb nutrients (increases bioavailability).<\/span><br \/><span style=\"color: #000000;\">&#8211; Maintains nervous system.<\/span><br \/><span style=\"color: #000000;\">&#8211; Prevents arteriosclerosis thus maintaining a healthy heart and circulatory system.<\/span><br \/><span style=\"color: #000000;\">&#8211; Expedites removal of fat from the body.<\/span><\/p><p style=\"text-align: center;\"><a class=\"buy\" href=\"#buy\"><strong>ALLER ACHETER MAINTENANT<\/strong><\/a><\/p><p><span style=\"color: #000000;\"><strong>Pr\u00e9sentation du produit<\/strong><\/span><\/p><p><span style=\"color: #000000;\">Some people may ask, \u201cWhat is <a href=\"https:\/\/livehealthylivehappy.com\/category\/diabetes\/\" target=\"_blank\" rel=\"noopener\">l\u00e9cithine<\/a>?\u201d Well, it is what is known as a phospholipid, and one of its primary active components is choline a B-Vitamin. <a href=\"https:\/\/www.naturesgiftforlife.com\/fr\/consultation\/\">Choline<\/a> est ce qu&#039;on appelle un lipotrope, et les nutriments qui entrent dans cette cat\u00e9gorie sont essentiels au bon fonctionnement du foie et \u00e0 l&#039;utilisation des graisses. Bref, une carence en choline va favoriser l&#039;accumulation de graisse dans le foie. Les carences en choline chez l&#039;homme peuvent produire des anomalies h\u00e9patiques en quelques semaines seulement, et une carence prolong\u00e9e en choline peut entra\u00eener de graves dommages au foie. La l\u00e9cithine elle-m\u00eame est \u00e9galement un composant tr\u00e8s important des VLDL (lipoprot\u00e9ines de tr\u00e8s basse densit\u00e9) qui aide \u00e0 transporter les graisses dans le corps depuis le foie. On le trouve indig\u00e8ne dans un certain nombre d&#039;aliments diff\u00e9rents tels que les \u0153ufs, les produits laitiers et les viandes, mais la principale source utilis\u00e9e aujourd&#039;hui provient du soja.<\/span><\/p><p><span style=\"color: #000000;\">Il existe litt\u00e9ralement des centaines d&#039;\u00e9tudes qui valident l&#039;utilisation de ce produit. La recherche montre que la l\u00e9cithine a des avantages pour la sant\u00e9, notamment le maintien d&#039;un foie, d&#039;un syst\u00e8me nerveux, d&#039;un c\u0153ur et d&#039;une sant\u00e9 circulatoire sains. Il augmente les performances physiques et est utile pendant la grossesse et le d\u00e9veloppement de l&#039;enfant. Et m\u00eame si elle serait class\u00e9e comme mati\u00e8re grasse, la l\u00e9cithine elle-m\u00eame ne contient pas de cholest\u00e9rol !<\/span><\/p><p style=\"text-align: center;\"><a class=\"buy\" href=\"#buy\"><strong>ALLER ACHETER MAINTENANT<\/strong><\/a><\/p><p><span style=\"color: #000000;\">Lecithin can be found and taken in several forms, it can be offered as a liquid that is often encapsulated and in granules, which can be mixed with foods and eaten. It really has virtually no taste. Taking lecithin supplements and or choline products over the long term has been shown to be very beneficial in helping to maintain long-term memory and overall health. We have to be conscious of what ours \u2018lives\u2019 have in store for us down the road, isn\u2019t it best to prepare now for tomorrow! Take your lecithin every day!<\/span><\/p><p><span style=\"color: #000000;\">Known Functions: Lecithin is an essential fatty substance that also protects cell membranes from hardening. High concentrations of lecithin are found in the brain and prostate gland. Lecithin is largely composed of choline, plus linoleic acid and inositol. It acts as an emulsifying agent, enabling fats and other lipids to be dispersed in water. Phosphatidyl choline (a different kind of lecithin) is a powerful fat-emulsifying compound present in all cells. It solubilizes fats and cholesterol in the bloodstream; it solubilizes dietary fats in the intestinal mucosa, and maintains the structural integrity of cell membranes. Phospholipids are essential components of lipoproteins and membranes. Lecithin is also a source of choline, a B vitamin with powerful lipotropic activity. Choline is utilized by virtually every cell for synthesis of various phospholipids, proteins, and the neurotransmitter, acetylcholine. Research has shown that administration of choline or lecithin can raise plasma and brain choline and acetylcholine levels. There is evidence that oral choline and lecithin can help alleviate neurological motor disturbances, and restore cognition and memory. Symptoms of tardive dyskinesia and Alzheimer\u2019s disease have been ameliorated in some patients by administration of choline, lecithin or phosphatidylcholine.<\/span><\/p><p style=\"text-align: center;\"><a class=\"buy\" href=\"#buy\"><strong>ALLER ACHETER MAINTENANT<\/strong><\/a><\/p><table><tbody><tr><td colspan=\"3\" width=\"638\"><span style=\"color: #000000;\"><strong>Faits sur les suppl\u00e9ments <\/strong><\/span><\/td><\/tr><tr><td colspan=\"3\" width=\"638\"><span style=\"color: #000000;\">Portion : Un (1) gel mou<\/span><\/td><\/tr><tr><td width=\"319\"><span style=\"color: #000000;\"><strong>\u00a0<\/strong><\/span><\/td><td width=\"189\"><p><span style=\"color: #000000;\">Montant<\/span><\/p><p><span style=\"color: #000000;\">Par portion<\/span><\/p><\/td><td width=\"130\"><p><span style=\"color: #000000;\">% Daili<\/span><\/p><p><span style=\"color: #000000;\">Valeur<\/span><\/p><\/td><\/tr><tr><td width=\"319\"><span style=\"color: #000000;\"><strong>L\u00e9cithine (de soja)<\/strong><\/span><\/td><td width=\"189\"><span style=\"color: #000000;\"><strong>1200mg<\/strong><\/span><\/td><td width=\"130\"><span style=\"color: #000000;\"><strong>*<\/strong><\/span><\/td><\/tr><tr><td colspan=\"3\" width=\"638\"><span style=\"color: #000000;\"><strong>*Valeur quotidienne non \u00e9tablie <\/strong><\/span><\/td><\/tr><tr><td colspan=\"3\" width=\"638\"><span style=\"color: #000000;\"><strong>Autres ingr\u00e9dients : G\u00e9latine, eau purifi\u00e9e<\/strong><\/span><\/td><\/tr><\/tbody><\/table><p><span style=\"color: #000000;\"><strong>Applications<\/strong><\/span><\/p><p><span style=\"color: #000000;\">SIDA, herp\u00e8s, fatigue chronique, scl\u00e9rose en plaques, cholest\u00e9rol \u00e9lev\u00e9, maladies cardiaques, hypertension art\u00e9rielle, maladies d&#039;Alzheimer et perte de m\u00e9moire, stress, troubles neurologiques, st\u00e9atose h\u00e9patique et ob\u00e9sit\u00e9.<\/span><\/p><p><span style=\"color: #000000;\"><strong>\u00a0<\/strong><\/span><\/p><p><span style=\"color: #000000;\"><strong>instructions<\/strong>: Les adultes prennent une g\u00e9lule \u00e0 chaque repas, comme compl\u00e9ment alimentaire<\/span><\/p><p><span style=\"color: #000000;\">Avertissement : N&#039;utilisez pas ce produit si vous \u00eates sensible aux produits \u00e0 base de soja. V\u00e9rifiez \u00e9galement aupr\u00e8s de votre m\u00e9decin avant utilisation, si vous souffrez d&#039;un trouble h\u00e9patique cholestatique.<\/span><\/p><\/div>\n\t\t\t\t<\/div>\n\t\t\t\t\t\t\t<div class=\"elementor-toggle-item\">\n\t\t\t\t\t<div id=\"elementor-tab-title-5242\" class=\"elementor-tab-title\" data-tab=\"2\" role=\"button\" aria-controls=\"elementor-tab-content-5242\" aria-expanded=\"false\">\n\t\t\t\t\t\t\t\t\t\t\t\t<span class=\"elementor-toggle-icon elementor-toggle-icon-left\" aria-hidden=\"true\">\n\t\t\t\t\t\t\t\t\t\t\t\t\t\t\t<span class=\"elementor-toggle-icon-closed\"><i class=\"far fa-caret-square-right\"><\/i><\/span>\n\t\t\t\t\t\t\t\t<span class=\"elementor-toggle-icon-opened\"><i class=\"elementor-toggle-icon-opened fas fa-caret-square-up\"><\/i><\/span>\n\t\t\t\t\t\t\t\t\t\t\t\t\t<\/span>\n\t\t\t\t\t\t\t\t\t\t\t\t<a class=\"elementor-toggle-title\" tabindex=\"0\">..<\/a>\n\t\t\t\t\t<\/div>\n\n\t\t\t\t\t<div id=\"elementor-tab-content-5242\" class=\"elementor-tab-content elementor-clearfix\" data-tab=\"2\" role=\"region\" aria-labelledby=\"elementor-tab-title-5242\"><\/div>\n\t\t\t\t<\/div>\n\t\t\t\t\t\t\t\t<\/div>\n\t\t\t\t\t\t<\/div>\n\t\t\t\t<\/div>\n\t\t\t\t\t<\/div>\n\t\t<\/div>\n\t\t\t\t\t<\/div>\n\t\t<\/section>\n\t\t\t\t<\/div>","protected":false},"excerpt":{"rendered":"<p><a name=\"buy\"><\/a><\/p>\n<ul>\n<li><strong><span style=\"font-family: go;\">R\u00e9duit le taux de cholest\u00e9rol.<\/span><\/strong><\/li>\n<li><strong><span style=\"font-family: go;\">Aide \u00e0 pr\u00e9venir les calculs biliaires<\/span><\/strong><\/li>\n<li><strong><span style=\"font-family: go;\">Aide \u00e0 pr\u00e9venir la d\u00e9mence s\u00e9nile<\/span><\/strong><\/li>\n<li><strong><span style=\"font-family: go;\">Acc\u00e9l\u00e8re l&#039;\u00e9limination des graisses du corps<\/span><\/strong><\/li>\n<li><strong><span style=\"font-family: go;\">D\u00e9truit les graisses et le cholest\u00e9rol, est excellent pour un c\u0153ur sain<\/span><\/strong><\/li>\n<\/ul>\n<p><strong>\u00a0\u00a0\u00a0\u00a0\u00a0 &gt;&gt;&gt;<span style=\"font-family: go; font-size: 14pt;\"><a href=\"#more\"><span style=\"color: #0000ff;\">Lire la suite<\/span><\/a><\/span><\/strong><\/p>","protected":false},"featured_media":1212,"comment_status":"open","ping_status":"closed","template":"redux-templates_contained","meta":{"nf_dc_page":"","_bbp_topic_count":0,"_bbp_reply_count":0,"_bbp_total_topic_count":0,"_bbp_total_reply_count":0,"_bbp_voice_count":0,"_bbp_anonymous_reply_count":0,"_bbp_topic_count_hidden":0,"_bbp_reply_count_hidden":0,"_bbp_forum_subforum_count":0},"product_brand":[],"product_cat":[33,23],"product_tag":[],"class_list":{"0":"post-539","1":"product","2":"type-product","3":"status-publish","4":"has-post-thumbnail","6":"product_cat-all-products","7":"product_cat-diet","9":"first","10":"instock","11":"shipping-taxable","12":"purchasable","13":"product-type-simple"},"bundled_by":[],"bundle_stock_status":"instock","bundle_stock_quantity":17,"bundle_virtual":false,"bundle_layout":"","bundle_add_to_cart_form_location":"","bundle_editable_in_cart":false,"bundle_sold_individually_context":"","bundle_item_grouping":"","bundle_min_size":"","bundle_max_size":"","bundled_items":[],"bundle_sell_ids":[],"_links":{"self":[{"href":"https:\/\/www.naturesgiftforlife.com\/fr\/wp-json\/wp\/v2\/product\/539","targetHints":{"allow":["GET"]}}],"collection":[{"href":"https:\/\/www.naturesgiftforlife.com\/fr\/wp-json\/wp\/v2\/product"}],"about":[{"href":"https:\/\/www.naturesgiftforlife.com\/fr\/wp-json\/wp\/v2\/types\/product"}],"replies":[{"embeddable":true,"href":"https:\/\/www.naturesgiftforlife.com\/fr\/wp-json\/wp\/v2\/comments?post=539"}],"version-history":[{"count":0,"href":"https:\/\/www.naturesgiftforlife.com\/fr\/wp-json\/wp\/v2\/product\/539\/revisions"}],"wp:featuredmedia":[{"embeddable":true,"href":"https:\/\/www.naturesgiftforlife.com\/fr\/wp-json\/wp\/v2\/media\/1212"}],"wp:attachment":[{"href":"https:\/\/www.naturesgiftforlife.com\/fr\/wp-json\/wp\/v2\/media?parent=539"}],"wp:term":[{"taxonomy":"product_brand","embeddable":true,"href":"https:\/\/www.naturesgiftforlife.com\/fr\/wp-json\/wp\/v2\/product_brand?post=539"},{"taxonomy":"product_cat","embeddable":true,"href":"https:\/\/www.naturesgiftforlife.com\/fr\/wp-json\/wp\/v2\/product_cat?post=539"},{"taxonomy":"product_tag","embeddable":true,"href":"https:\/\/www.naturesgiftforlife.com\/fr\/wp-json\/wp\/v2\/product_tag?post=539"}],"curies":[{"name":"wp","href":"https:\/\/api.w.org\/{rel}","templated":true}]}}