{"id":5384,"date":"2020-12-15T12:20:45","date_gmt":"2020-12-15T12:20:45","guid":{"rendered":"http:\/\/www.livehealthylivehappy.com\/new\/?post_type=product&#038;p=5384"},"modified":"2024-11-19T23:52:05","modified_gmt":"2024-11-19T23:52:05","slug":"slim-beauty","status":"publish","type":"product","link":"https:\/\/www.naturesgiftforlife.com\/fr\/shop\/slim-beauty\/","title":{"rendered":"Mince et beau"},"content":{"rendered":"<div data-elementor-type=\"wp-post\" data-elementor-id=\"5384\" class=\"elementor elementor-5384\">\n\t\t\t\t\t\t<section class=\"elementor-section elementor-top-section elementor-element elementor-element-91e0b3a elementor-section-boxed elementor-section-height-default elementor-section-height-default\" data-id=\"91e0b3a\" data-element_type=\"section\" data-e-type=\"section\">\n\t\t\t\t\t\t<div class=\"elementor-container elementor-column-gap-default\">\n\t\t\t\t\t<div class=\"elementor-column elementor-col-100 elementor-top-column elementor-element elementor-element-b29e45a\" data-id=\"b29e45a\" data-element_type=\"column\" data-e-type=\"column\">\n\t\t\t<div class=\"elementor-widget-wrap elementor-element-populated\">\n\t\t\t\t\t\t<div class=\"elementor-element elementor-element-8796d74 elementor-widget elementor-widget-html\" data-id=\"8796d74\" data-element_type=\"widget\" data-e-type=\"widget\" data-widget_type=\"html.default\">\n\t\t\t\t<div class=\"elementor-widget-container\">\n\t\t\t\t\t<a name=\"more\"><\/a>\t\t\t\t<\/div>\n\t\t\t\t<\/div>\n\t\t\t\t<div class=\"elementor-element elementor-element-58f69ed elementor-invisible elementor-widget elementor-widget-toggle\" data-id=\"58f69ed\" data-element_type=\"widget\" data-e-type=\"widget\" data-settings=\"{&quot;_animation&quot;:&quot;flash&quot;}\" data-widget_type=\"toggle.default\">\n\t\t\t\t<div class=\"elementor-widget-container\">\n\t\t\t\t\t\t\t<div class=\"elementor-toggle\">\n\t\t\t\t\t\t\t<div class=\"elementor-toggle-item\">\n\t\t\t\t\t<div id=\"elementor-tab-title-9321\" class=\"elementor-tab-title\" data-tab=\"1\" role=\"button\" aria-controls=\"elementor-tab-content-9321\" aria-expanded=\"false\">\n\t\t\t\t\t\t\t\t\t\t\t\t<span class=\"elementor-toggle-icon elementor-toggle-icon-left\" aria-hidden=\"true\">\n\t\t\t\t\t\t\t\t\t\t\t\t\t\t\t<span class=\"elementor-toggle-icon-closed\"><i class=\"far fa-caret-square-right\"><\/i><\/span>\n\t\t\t\t\t\t\t\t<span class=\"elementor-toggle-icon-opened\"><i class=\"elementor-toggle-icon-opened fas fa-caret-square-up\"><\/i><\/span>\n\t\t\t\t\t\t\t\t\t\t\t\t\t<\/span>\n\t\t\t\t\t\t\t\t\t\t\t\t<a class=\"elementor-toggle-title\" tabindex=\"0\">Description d\u00e9taill\u00e9e du produit \/ faits sur les suppl\u00e9ments<\/a>\n\t\t\t\t\t<\/div>\n\n\t\t\t\t\t<div id=\"elementor-tab-content-9321\" class=\"elementor-tab-content elementor-clearfix\" data-tab=\"1\" role=\"region\" aria-labelledby=\"elementor-tab-title-9321\"><h2><span style=\"color: #000000; font-size: 12pt;\"><strong>Maigrir <a href=\"https:\/\/www.rmbibow.com\/makeup\/eyes\/\" target=\"_blank\" rel=\"noopener\">Beaut\u00e9<\/a> Avantages:<\/strong><\/span><\/h2><ul><li><span style=\"color: #000000;\">Perte de poids en toute s\u00e9curit\u00e9 jusqu&#039;\u00e0 3-5 kg par mois;<\/span><\/li><li><span style=\"color: #000000;\">Un vous encore plus mince tombant \u00e0 quelques centim\u00e8tres de la taille;<\/span><\/li><li><span style=\"color: #000000;\">Decreases cravings for unhealthy \u201cjunk food \u201c;<\/span><\/li><li><span style=\"color: #000000;\">D\u00e9tox et nettoyage naturels : des vacances pour votre corps ;<\/span><\/li><li><span style=\"color: #000000;\">Un regain d&#039;\u00e9nergie naturelle;<\/span><\/li><li><span style=\"color: #000000;\">Br\u00fble les graisses et maintient les muscles; Efficace pour la constipation;<\/span><\/li><li><span style=\"color: #000000;\">Abaisse<a href=\"https:\/\/livehealthylivehappy.com\/category\/asthma\/\" target=\"_blank\" rel=\"noopener\"> cholest\u00e9rol<\/a>;<\/span><\/li><li><span style=\"color: #000000;\">A des effets positifs sur les maladies cardiovasculaires;<\/span><\/li><li><span style=\"color: #000000;\">\u00c9limine la cellulite;<\/span><\/li><li><span style=\"color: #000000;\">Raffermit le corps avec la perte de poids. Pas de mollesse !<\/span><\/li><li><span style=\"color: #000000;\"><a href=\"http:\/\/www.naturesgiftforlife.com\/fr\/weigh-management\/\">Contr\u00f4le l&#039;app\u00e9tit<\/a>;<\/span><\/li><li><span style=\"color: #000000;\">Il maintient un <a href=\"https:\/\/www.rmbibow.com\/book-makeup-session\/\" target=\"_blank\" rel=\"noopener\">en bonne sant\u00e9<\/a>, constitution mince<\/span><\/li><li><span style=\"color: #000000;\">Il abaisse la tension art\u00e9rielle et la glyc\u00e9mie.<\/span><\/li><li><span style=\"color: #000000;\">Emp\u00eache la st\u00e9atose h\u00e9patique et n&#039;a pas d&#039;effets secondaires comme la diarrh\u00e9e, l&#039;anorexie, l&#039;hypodynamie ou le rebond comme on le voit dans d&#039;autres produits.<\/span><\/li><li><span style=\"color: #000000;\">Emp\u00eache l&#039;accumulation de graisse, favorise la d\u00e9composition des graisses,<\/span><\/li><\/ul><p style=\"text-align: center;\"><a class=\"buy\" href=\"#buy\"><strong>ALLER ACHETER MAINTENANT<\/strong><\/a><\/p><p><span style=\"color: #000000;\"><strong><em>Composants actifs\u00a0: <\/em><\/strong>Ganoderma lucidum, Ginseng, graine de cassia, Wu Chia Pee, eucommia, feuille de m\u00fbrier, graine de plantain, feuille de lotus, graine d&#039;herbe de vache, etc.<\/span><\/p><p><span style=\"color: #000000;\"><strong><em>Graine de psyllium :<\/em><\/strong> Le psyllium, \u00e9galement connu sous le nom de fleawort et fleaseed, parce que les graines ressemblent \u00e0 des puces, est d\u00e9riv\u00e9 des t\u00e9guments ou des enveloppes de diverses plantes de plantain, en particulier celles originaires du sous-continent indien, du Moyen-Orient et de l&#039;Afrique du Nord. Les feuilles d&#039;esp\u00e8ces de plantain nord-am\u00e9ricaines apparent\u00e9es (Plantago major, P. lanceolata) sont d&#039;importantes herbes de premiers soins. Le psyllium est le principal ingr\u00e9dient de nombreux laxatifs non irritants produisant en vrac, qui sont des traitements plus doux et beaucoup plus s\u00fbrs pour la constipation que les herbes laxatives stimulantes telles que le s\u00e9n\u00e9 et la cascara sagrada.<\/span><\/p><p><span style=\"color: #000000;\"><em>Dans<\/em> en plus de son utilisation traditionnelle et actuelle pour <a href=\"https:\/\/www.naturesgiftforlife.com\/fr\/shop\/anti-constipation-tea\/\">constipation<\/a>, le psyllium a \u00e9galement \u00e9t\u00e9 utilis\u00e9 localement pour traiter la peau <a href=\"https:\/\/www.rmbibow.com\/makeup\/accessories\/\" target=\"_blank\" rel=\"noopener\">irritations<\/a>, y compris les r\u00e9actions au sumac v\u00e9n\u00e9neux et les piq\u00fbres et piq\u00fbres d&#039;insectes. Il a \u00e9galement \u00e9t\u00e9 utilis\u00e9 dans les syst\u00e8mes traditionnels \u00e0 base de plantes de Chine et d&#039;Inde pour traiter la diarrh\u00e9e, les h\u00e9morro\u00efdes, les probl\u00e8mes de vessie et l&#039;hypertension art\u00e9rielle. Le psyllium est un laxatif gonflant et est riche en fibres et en mucilage. Les graines de psyllium contiennent du mucilage 10-30%. Les propri\u00e9t\u00e9s laxatives du psyllium sont dues au gonflement de l&#039;enveloppe lorsqu&#039;elle entre en contact avec l&#039;eau. Cela forme une masse g\u00e9latineuse et maintient les selles hydrat\u00e9es et douces.<\/span><\/p><p style=\"text-align: center;\"><a class=\"buy\" href=\"#buy\"><strong>ALLER ACHETER MAINTENANT<\/strong><\/a><\/p><p><span style=\"color: #000000;\">\u00a0The resulting bulk stimulates a reflex contraction of the walls of the bowel, followed by emptying. In recent years Psyllium has become one of the world&#8217;s most-used herbs. It is almost universally recognized as a premier source of dietary fiber, a useful substance to regulate the bowels, and a safe and effective constipation and diarrhea remedy. It aid in the treatment of obesity and overeating by instilling a sense of fullness. Studies suggest that psyllium may lower blood cholesterol levels and blood pressure, thus helping to prevent heart disease. It may suppress blood sugar fluctuation and play a role in the treatment of hypoglycemia and diabetes. Psyllium may also be useful in preventing or treating: Irritable bowel syndrome, diverticular disease and hemorrhoids.<\/span><\/p><p><span style=\"color: #000000;\">Psyllium is a source of both soluble and insoluble dietary fiber, though it is mostly soluble. The seed husks are rich in the gelatinous, water-absorbing substance mucilage. Enzymes in the digestive tract do not break down mucilage, nor is it absorbed. Rather, in contact with water it swells and forms a gel. In cases of diarrhea, mucilage absorbs excess water and slows bowel transit time. In cases of constipation, mucilage adds bulk to stools, stimulates the walls of the bowels to contract, and thus speeds bowel transit time. Psyllium\u2019s regulation of blood cholesterol and blood sugar levels may be due to effects on cholesterol-containing bile and the digestion of carbohydrates.<\/span><\/p><p style=\"text-align: center;\"><span style=\"color: #000000;\"><strong><em><a class=\"buy\" href=\"#buy\">ALLER ACHETER MAINTENANT<\/a>\u00a0<\/em><\/strong><\/span><\/p><p><span style=\"color: #000000;\"><strong><em>Feuille de m\u00fbrier :<\/em><\/strong> The mulberry plant is primarily used for raising silkworms, which utilizes the leaves as their main food source. But what we don\u2018t know is that these leaves are high in nutrition and its fruits boast of high medicinal value. The mulberry leaf is rich in amino acids, vitamin C and antioxidants. Research in China has shown that the leaf can be effective in regulating fat and boosting metabolism. The protein-rich fruit contains maleic and citric acid. It has been used as a medicinal agent to nourish the skin and blood, it benefit the kidneys, and treats fatigue and anemia, in countries like China and Japan.<\/span><\/p><p><span style=\"color: #000000;\">La feuille de m\u00fbrier est utilis\u00e9e pour traiter les poumons, la fonction h\u00e9patique et la vue. Les derni\u00e8res recherches chinoises ont montr\u00e9 que la feuille de m\u00fbrier est efficace pour r\u00e9guler les graisses dans le sang, \u00e9quilibrer la pression art\u00e9rielle, r\u00e9duire la glyc\u00e9mie et stimuler le m\u00e9tabolisme. La feuille de m\u00fbrier est \u00e9galement consid\u00e9r\u00e9e comme une plante merveilleuse pour les effets anti-inflammatoires, anti-vieillissement et de maintien de la sant\u00e9. Il aide \u00e9galement \u00e0 arr\u00eater la toux et \u00e0 am\u00e9liorer l&#039;acuit\u00e9 de la vision, \u00e0 soulager la s\u00e9cheresse du nez et de la gorge, \u00e0 la congestion conjonctivale avec s\u00e9cheresse, douleur et d\u00e9chirure. Le m\u00fbrier soulage \u00e9galement l&#039;asthme et stimule l&#039;\u00e9nergie.<\/span><\/p><p><span style=\"color: #000000;\"><strong><em>graine de lotus<\/em><\/strong> Les graines de lotus sont class\u00e9es comme astringentes, \u00e9tant douces et neutres, et b\u00e9n\u00e9fiques pour la rate, les reins et le c\u0153ur. Le go\u00fbt sucr\u00e9 et les qualit\u00e9s nourrissantes de la graine sont responsables du bienfait pour la rate ; cela aide \u00e0 arr\u00eater la diarrh\u00e9e associ\u00e9e \u00e0 une carence en qi. La qualit\u00e9 astringente aide \u00e0 pr\u00e9venir la perte d&#039;essence r\u00e9nale, de sorte que les graines sont utilis\u00e9es pour traiter la fonction sexuelle faible chez les hommes et la leucorrh\u00e9e chez les femmes. La graine a \u00e9galement des propri\u00e9t\u00e9s calmantes qui soulagent l&#039;agitation, les palpitations et l&#039;insomnie (d&#039;autant plus dans la graine enti\u00e8re avec l&#039;embryon). Le dosage m\u00e9dicinal est de 6 \u00e0 15 grammes lorsqu&#039;il est combin\u00e9 avec d&#039;autres herbes qui ont des applications similaires et le double lorsqu&#039;il est utilis\u00e9 comme ingr\u00e9dient principal (la quantit\u00e9 dans la soupe aux haricots et au lotus est d&#039;environ 7 grammes par portion et dans la soupe \u00e0 la cr\u00e8me de lotus et d\u00e9sert de lotus sucr\u00e9 environ 37-40 grammes par portion).<\/span><\/p><p style=\"text-align: center;\"><a class=\"buy\" href=\"#buy\"><strong>ALLER ACHETER MAINTENANT<\/strong><\/a><\/p><p><span style=\"color: #000000;\"><strong><em>feuilles d&#039;eucommia<\/em><\/strong> favoriser la miction, r\u00e9duire la pression art\u00e9rielle et aider les probl\u00e8mes ut\u00e9rins.<\/span><\/p><p><span style=\"color: #000000;\"><strong><em>Ganoderma lucidum (Reishi<\/em><\/strong><em>) <strong>et ginseng<\/strong><\/em> augmente l&#039;\u00e9nergie vitale, renforce le corps et aide \u00e0 la d\u00e9sintoxication et aux soins de la peau. La peau se contracte apr\u00e8s une perte de poids sans rides ni flaccidit\u00e9. Ces composants hydratent \u00e9galement la peau.<\/span><\/p><p><span style=\"color: #000000;\"><strong><em>Graine de casse<\/em><\/strong> et d&#039;autres herbes lib\u00e8rent les intestins pour soulager la constipation, renforcent le syst\u00e8me digestif et aident les probl\u00e8mes ut\u00e9rins et le b\u00e9rib\u00e9ri.<\/span><\/p><p><span style=\"color: #000000;\"><strong><em>Chrome<\/em><\/strong> joue un r\u00f4le majeur dans la r\u00e9duction des envies de sucre, l&#039;abaissement de la tension art\u00e9rielle et la r\u00e9gulation de l&#039;app\u00e9tit. Il a \u00e9t\u00e9 d\u00e9montr\u00e9 qu&#039;il permet de d\u00e9velopper les muscles et de r\u00e9duire la graisse simultan\u00e9ment. M\u00eame sans r\u00e9gime, le chrome peut augmenter votre masse corporelle maigre totale, ce qui \u00e0 son tour acc\u00e9l\u00e8re votre m\u00e9tabolisme et br\u00fble des graisses suppl\u00e9mentaires. Le chrome aide \u00e0 pr\u00e9venir la perte de tissu musculaire maigre si vous r\u00e9duisez intentionnellement les calories. Le chrome abaisse \u00e9galement le cholest\u00e9rol. Il aide \u00e0 augmenter la perte de poids.<\/span><\/p><p><span style=\"color: #000000;\"><strong><em>Acide tartronique<\/em><\/strong> un acide gras insatur\u00e9, qui r\u00e9duit efficacement l&#039;activit\u00e9 de synth\u00e8se des graisses, retient la combinaison des graisses et la traduction en graisses r\u00e9duisant ainsi l&#039;accumulation de graisses.<\/span><\/p><p><span style=\"color: #000000;\">Il contient \u00e9galement des herbes chinoises naturelles, qui favorisent efficacement la d\u00e9composition des graisses et l&#039;absorption du sucre dans le sang pour am\u00e9liorer le catabolisme des aliments, r\u00e9duisant ainsi une trop grande consommation alimentaire.<\/span><\/p><p><span style=\"color: #000000;\"><strong>En un mot, Slim Beauty r\u00e9alise une r\u00e9duction de poids rapide en \u00e9liminant l&#039;humidit\u00e9 par diur\u00e8se, en r\u00e9duisant les mucosit\u00e9s, en reconstituant l&#039;air, en revigorant la circulation sanguine.<\/strong><\/span><\/p><p style=\"text-align: center;\"><a class=\"buy\" href=\"#buy\"><strong>ALLER ACHETER MAINTENANT<\/strong><\/a><\/p><p><span style=\"color: #000000;\"><strong>Application: <\/strong>Perte de poids et abaissement du taux de cholest\u00e9rol, st\u00e9atose h\u00e9patique.<\/span><\/p><p><span style=\"color: #000000;\"><strong>Direction: <\/strong>3 comprim\u00e9s 3 fois par jour avant ou apr\u00e8s les repas mais de pr\u00e9f\u00e9rence avant les repas. Il est conseill\u00e9 d&#039;\u00e9viter les repas riches en calories, en graisses et en glucides. Il est conseill\u00e9 de manger des repas riches en prot\u00e9ines ainsi que des l\u00e9gumes.<\/span><\/p><p><span style=\"color: #000000;\"><strong>\u00a0<\/strong><\/span><span style=\"color: #000000;\"><strong>Contre-indication :<\/strong><\/span><span style=\"color: #000000;\">Ne convient pas aux femmes enceintes ou allaitantes.<\/span><\/p><table width=\"434\"><tbody><tr><td width=\"434\"><p><span style=\"color: #000000;\"><strong>PR\u00c9SENTATION:<\/strong> Boite de 60 G\u00e9lules<\/span><\/p><\/td><\/tr><tr><td width=\"434\"><p><span style=\"color: #000000;\">Principes actifs Quantit\u00e9 par dose % Dose journali\u00e8re<\/span><\/p><\/td><\/tr><tr><td width=\"434\"><p><span style=\"color: #000000;\">Exclusive Blend\u00a0\u00a0\u00a0\u00a0\u00a0\u00a0\u00a0\u00a0\u00a0\u00a0\u00a0 400 mg *<\/span><\/p><\/td><\/tr><tr><td width=\"434\"><p><span style=\"color: #000000;\">Ganoderma Lucidum, ginseng cor\u00e9en, graine de cassia, ginseng sib\u00e9rien, graine d&#039;eucommia, feuille de m\u00fbrier, graine de plantain, feuille de lotus, graine de Vaccaria<\/span><\/p><\/td><\/tr><tr><td width=\"434\"><p><span style=\"color: #000000;\">* Dose quotidienne % non \u00e9tablie<\/span><\/p><\/td><\/tr><\/tbody><\/table><\/div>\n\t\t\t\t<\/div>\n\t\t\t\t\t\t\t<div class=\"elementor-toggle-item\">\n\t\t\t\t\t<div id=\"elementor-tab-title-9322\" class=\"elementor-tab-title\" data-tab=\"2\" role=\"button\" aria-controls=\"elementor-tab-content-9322\" aria-expanded=\"false\">\n\t\t\t\t\t\t\t\t\t\t\t\t<span class=\"elementor-toggle-icon elementor-toggle-icon-left\" aria-hidden=\"true\">\n\t\t\t\t\t\t\t\t\t\t\t\t\t\t\t<span class=\"elementor-toggle-icon-closed\"><i class=\"far fa-caret-square-right\"><\/i><\/span>\n\t\t\t\t\t\t\t\t<span class=\"elementor-toggle-icon-opened\"><i class=\"elementor-toggle-icon-opened fas fa-caret-square-up\"><\/i><\/span>\n\t\t\t\t\t\t\t\t\t\t\t\t\t<\/span>\n\t\t\t\t\t\t\t\t\t\t\t\t<a class=\"elementor-toggle-title\" tabindex=\"0\">..<\/a>\n\t\t\t\t\t<\/div>\n\n\t\t\t\t\t<div id=\"elementor-tab-content-9322\" class=\"elementor-tab-content elementor-clearfix\" data-tab=\"2\" role=\"region\" aria-labelledby=\"elementor-tab-title-9322\"><\/div>\n\t\t\t\t<\/div>\n\t\t\t\t\t\t\t\t<\/div>\n\t\t\t\t\t\t<\/div>\n\t\t\t\t<\/div>\n\t\t\t\t\t<\/div>\n\t\t<\/div>\n\t\t\t\t\t<\/div>\n\t\t<\/section>\n\t\t\t\t<\/div>","protected":false},"excerpt":{"rendered":"<p><a name=\"buy\"><\/a><\/p>\n<ul>\n<li><strong><span style=\"font-family: go;\">Perte de poids en toute s\u00e9curit\u00e9 jusqu&#039;\u00e0 3 \u00e0 5 kg par mois<\/span><\/strong><\/li>\n<li><strong><span style=\"font-family: go;\">Encore plus mince, tu tombes \u00e0 quelques centim\u00e8tres de la taille<\/span><\/strong><\/li>\n<li><strong><span style=\"font-family: go;\">Diminue les envies de malbouffe malsaine<\/span><\/strong><\/li>\n<li><strong><span style=\"font-family: go;\">D\u00e9tox et nettoyage naturels: des vacances pour votre corps<\/span><\/strong><\/li>\n<\/ul>\n<p><strong>\u00a0\u00a0\u00a0\u00a0\u00a0\u00a0 &gt;&gt;&gt;<span style=\"font-family: go; font-size: 14pt;\"><a href=\"#more\"><span style=\"color: #0000ff;\">Lire la suite<\/span><\/a><\/span><\/strong><\/p>","protected":false},"featured_media":12465,"comment_status":"open","ping_status":"closed","template":"","meta":{"_bbp_topic_count":0,"_bbp_reply_count":0,"_bbp_total_topic_count":0,"_bbp_total_reply_count":0,"_bbp_voice_count":0,"_bbp_anonymous_reply_count":0,"_bbp_topic_count_hidden":0,"_bbp_reply_count_hidden":0,"_bbp_forum_subforum_count":0},"product_brand":[],"product_cat":[33,23],"product_tag":[],"class_list":{"0":"post-5384","1":"product","2":"type-product","3":"status-publish","4":"has-post-thumbnail","6":"product_cat-all-products","7":"product_cat-diet","9":"first","10":"instock","11":"shipping-taxable","12":"purchasable","13":"product-type-simple"},"bundled_by":["3317"],"bundle_stock_status":"instock","bundle_stock_quantity":1,"bundle_virtual":false,"bundle_layout":"","bundle_add_to_cart_form_location":"","bundle_editable_in_cart":false,"bundle_sold_individually_context":"","bundle_item_grouping":"","bundle_min_size":"","bundle_max_size":"","bundled_items":[],"bundle_sell_ids":[],"_links":{"self":[{"href":"https:\/\/www.naturesgiftforlife.com\/fr\/wp-json\/wp\/v2\/product\/5384","targetHints":{"allow":["GET"]}}],"collection":[{"href":"https:\/\/www.naturesgiftforlife.com\/fr\/wp-json\/wp\/v2\/product"}],"about":[{"href":"https:\/\/www.naturesgiftforlife.com\/fr\/wp-json\/wp\/v2\/types\/product"}],"replies":[{"embeddable":true,"href":"https:\/\/www.naturesgiftforlife.com\/fr\/wp-json\/wp\/v2\/comments?post=5384"}],"version-history":[{"count":0,"href":"https:\/\/www.naturesgiftforlife.com\/fr\/wp-json\/wp\/v2\/product\/5384\/revisions"}],"wp:featuredmedia":[{"embeddable":true,"href":"https:\/\/www.naturesgiftforlife.com\/fr\/wp-json\/wp\/v2\/media\/12465"}],"wp:attachment":[{"href":"https:\/\/www.naturesgiftforlife.com\/fr\/wp-json\/wp\/v2\/media?parent=5384"}],"wp:term":[{"taxonomy":"product_brand","embeddable":true,"href":"https:\/\/www.naturesgiftforlife.com\/fr\/wp-json\/wp\/v2\/product_brand?post=5384"},{"taxonomy":"product_cat","embeddable":true,"href":"https:\/\/www.naturesgiftforlife.com\/fr\/wp-json\/wp\/v2\/product_cat?post=5384"},{"taxonomy":"product_tag","embeddable":true,"href":"https:\/\/www.naturesgiftforlife.com\/fr\/wp-json\/wp\/v2\/product_tag?post=5384"}],"curies":[{"name":"wp","href":"https:\/\/api.w.org\/{rel}","templated":true}]}}