{"id":5352,"date":"2020-12-10T16:28:45","date_gmt":"2020-12-10T16:28:45","guid":{"rendered":"http:\/\/www.livehealthylivehappy.com\/new\/?post_type=product&#038;p=5352"},"modified":"2023-08-23T15:06:39","modified_gmt":"2023-08-23T15:06:39","slug":"ph-stripe-55-75","status":"publish","type":"product","link":"https:\/\/www.naturesgiftforlife.com\/fr\/shop\/ph-stripe-55-75\/","title":{"rendered":"PH RAYURE 5,5 -7,5"},"content":{"rendered":"<div data-elementor-type=\"wp-post\" data-elementor-id=\"5352\" class=\"elementor elementor-5352\">\n\t\t\t\t\t\t<section class=\"elementor-section elementor-top-section elementor-element elementor-element-df6bffa elementor-section-boxed elementor-section-height-default elementor-section-height-default\" data-id=\"df6bffa\" data-element_type=\"section\" data-e-type=\"section\">\n\t\t\t\t\t\t<div class=\"elementor-container elementor-column-gap-default\">\n\t\t\t\t\t<div class=\"elementor-column elementor-col-100 elementor-top-column elementor-element elementor-element-11e6289\" data-id=\"11e6289\" data-element_type=\"column\" data-e-type=\"column\">\n\t\t\t<div class=\"elementor-widget-wrap elementor-element-populated\">\n\t\t\t\t\t\t<div class=\"elementor-element elementor-element-2ce54a7 elementor-widget elementor-widget-html\" data-id=\"2ce54a7\" data-element_type=\"widget\" data-e-type=\"widget\" data-widget_type=\"html.default\">\n\t\t\t\t<div class=\"elementor-widget-container\">\n\t\t\t\t\t<a name=\"more\"><\/a>\t\t\t\t<\/div>\n\t\t\t\t<\/div>\n\t\t\t\t<div class=\"elementor-element elementor-element-52c6a5c elementor-invisible elementor-widget elementor-widget-toggle\" data-id=\"52c6a5c\" data-element_type=\"widget\" data-e-type=\"widget\" data-settings=\"{&quot;_animation&quot;:&quot;flash&quot;}\" data-widget_type=\"toggle.default\">\n\t\t\t\t<div class=\"elementor-widget-container\">\n\t\t\t\t\t\t\t<div class=\"elementor-toggle\">\n\t\t\t\t\t\t\t<div class=\"elementor-toggle-item\">\n\t\t\t\t\t<div id=\"elementor-tab-title-8671\" class=\"elementor-tab-title\" data-tab=\"1\" role=\"button\" aria-controls=\"elementor-tab-content-8671\" aria-expanded=\"false\">\n\t\t\t\t\t\t\t\t\t\t\t\t<span class=\"elementor-toggle-icon elementor-toggle-icon-left\" aria-hidden=\"true\">\n\t\t\t\t\t\t\t\t\t\t\t\t\t\t\t<span class=\"elementor-toggle-icon-closed\"><i class=\"far fa-caret-square-right\"><\/i><\/span>\n\t\t\t\t\t\t\t\t<span class=\"elementor-toggle-icon-opened\"><i class=\"elementor-toggle-icon-opened fas fa-caret-square-up\"><\/i><\/span>\n\t\t\t\t\t\t\t\t\t\t\t\t\t<\/span>\n\t\t\t\t\t\t\t\t\t\t\t\t<a class=\"elementor-toggle-title\" tabindex=\"0\">Description d\u00e9taill\u00e9e du produit \/ faits sur les suppl\u00e9ments<\/a>\n\t\t\t\t\t<\/div>\n\n\t\t\t\t\t<div id=\"elementor-tab-content-8671\" class=\"elementor-tab-content elementor-clearfix\" data-tab=\"1\" role=\"region\" aria-labelledby=\"elementor-tab-title-8671\"><p class=\"P2\" style=\"text-align: center;\"><strong><span style=\"color: #000000;\">L&#039;acidit\u00e9 de votre corps est dangereuse pour votre sant\u00e9<\/span><\/strong><\/p><p class=\"P4\"><strong><span style=\"color: #000000;\">Avantages de la bande PH\u00a0:<\/span><\/strong><\/p><ul class=\"LFO1\"><li><p class=\"P5\"><span style=\"color: #000000;\"><a href=\"https:\/\/www.jumia.cm\/\" target=\"_blank\" rel=\"noopener\">Bande PH<\/a> helps measure body acidity\u200b\u200b\u00a0<\/span><\/p><\/li><li><p class=\"P6\"><span style=\"color: #000000;\">NG4L PH Stripe can be used to assess the acidity level of various body\u200b\u200b and non-body fluids<\/span><\/p><\/li><\/ul><p class=\"P9\"><span style=\"color: #000000;\">Testez le degr\u00e9 d&#039;acidit\u00e9 de votre corps d&#039;un simple geste et \u00e9loignez de vous les maladies potentiellement dangereuses.<\/span><\/p><p class=\"P10\"><span style=\"color: #000000;\">Our organism is constantly balancing its PH level (hydrogen potential), i.e. its acidity\u200b\u200b\u00a0level. The<a href=\"https:\/\/www.naturesgiftforlife.com\/fr\/shop\/all-products\/hoodia-with-green-tea\/\"> PH<\/a> level of our blood is 7.4, i.e. very slightly basic. It is vital for our organism that this constant is maintained in balance and above all, that it does not drop below 7. In other words, it is vital that the PH of our body is not acidic, hence the need to know the body\u2019s acidity level in order to remedy it.<\/span><\/p><p class=\"P11\" style=\"text-align: center;\"><a class=\"buy\" href=\"#buy\"><strong>ALLER ACHETER MAINTENANT<\/strong><\/a><\/p><p class=\"P12\"><span style=\"color: #000000;\">It is easy to see that our current eating habits essentially include acid-generating foods. Fortunately, our body has the ability to use systems called buffers to neutralize acidity and\u200b\u200b\u00a0maintain the balance of its internal environment.<\/span><\/p><p class=\"P16\"><span style=\"color: #000000;\">Buffer systems involve both certain organs known as the emunctory organs such as liver, kidney, lungs, skin, which remove acidity, and certain minerals such as calcium and magnesium which neutralize acidity. In fact, calcium is taken from bones to buffer acidity and magnesium is taken from cells and the cardiovascular system (heart and blood vessels) for the same reason. Therefore, when there is too much acidity, the bones, the cardiovascular system and the\u200b\u200b\u00a0cells in general are in a real state of suffering, because our body will always try to neutralize the acidity; remember, this balance is vital for\u200b\u200b\u00a0all the phenomena that take place in our body, so whatever the price to pay, it will do it!<\/span><\/p><p class=\"P19\" style=\"text-align: center;\"><a class=\"buy\" href=\"#buy\"><strong>ALLER ACHETER MAINTENANT<\/strong><\/a><\/p><p class=\"P20\"><strong><span style=\"color: #000000;\">What acts on our body\u2019s acidity level?<\/span><\/strong><\/p><ul class=\"LFO2\"><li><p class=\"P21\"><span style=\"color: #000000;\">Les carences alimentaires, en particulier en min\u00e9raux essentiels tels que le calcium et le magn\u00e9sium, les vitamines, les oligo-\u00e9l\u00e9ments et les enzymes (qui am\u00e9liorent la digestion);<\/span><\/p><\/li><li><p class=\"P22\"><span style=\"color: #000000;\">Poor digestion (firstly because it can lead to\u200b\u200b\u00a0deficiencies, but also because the food we do not digest properly produces acidic waste);<\/span><\/p><\/li><li><p class=\"P23\"><span style=\"color: #000000;\">Une mauvaise alimentation en fruits et l\u00e9gumes et une mauvaise alimentation <a href=\"https:\/\/livehealthylivehappy.com\/\" target=\"_blank\" rel=\"noopener\">hydratation<\/a>.<\/span><\/p><\/li><li><p class=\"P24\"><span style=\"color: #000000;\">Stress quelle que soit sa source;<\/span><\/p><\/li><li><p class=\"P25\"><span style=\"color: #000000;\">Manque d&#039;oxyg\u00e8ne;<\/span><\/p><\/li><li><p class=\"P26\"><span style=\"color: #000000;\">Trop de sucre ;<\/span><\/p><\/li><li><p class=\"P27\"><span style=\"color: #000000;\">Trop de caf\u00e9, de boissons gazeuses et de boissons alcoolis\u00e9es;<\/span><\/p><\/li><li><p class=\"P28\"><span style=\"color: #000000;\">Aliments acides et acidifiants;<\/span><\/p><\/li><li><p class=\"P29\"><span style=\"color: #000000;\">Exc\u00e8s de graisses satur\u00e9es (conduit \u00e0 la production d&#039;acide c\u00e9tonique);<\/span><\/p><\/li><li><p class=\"P30\"><span style=\"color: #000000;\">Les radicaux libres provoqu\u00e9s par l&#039;oxydation produisent une substance plus acide ;<\/span><\/p><\/li><li><p class=\"P31\"><span style=\"color: #000000;\">\u00c9limination insuffisante par nos organes \u00e9moncteurs: respiration, transpiration, urine, selles.<\/span><\/p><\/li><\/ul><p class=\"P34\" style=\"text-align: center;\"><a class=\"buy\" href=\"#buy\"><strong>ALLER ACHETER MAINTENANT<\/strong><\/a><\/p><p class=\"P35\"><strong><span style=\"color: #000000;\">Quelles sont les cons\u00e9quences de l&#039;acidit\u00e9 dans le corps ?<\/span><\/strong><\/p><ul class=\"LFO3\"><li><p class=\"P36\"><span style=\"color: #000000;\">Vieillissement pr\u00e9matur\u00e9. Une acidit\u00e9 \u00e9lev\u00e9e alt\u00e8re la capacit\u00e9 de notre corps \u00e0 lutter contre les radicaux libres (substances qui provoquent le vieillissement de notre corps en endommageant nos cellules);<\/span><\/p><\/li><li><p class=\"P37\"><span style=\"color: #000000;\">Br\u00fblures d&#039;estomac et ulc\u00e8res digestifs dus \u00e0 une acidit\u00e9 \u00e9lev\u00e9e, etc.<\/span><\/p><\/li><li><p class=\"P38\"><span style=\"color: #000000;\">Ost\u00e9oporose qui est une d\u00e9calcification des os;<\/span><\/p><\/li><li><p class=\"P39\"><span style=\"color: #000000;\">Douleurs articulaires ou musculaires dues au d\u00e9p\u00f4t de d\u00e9chets toxiques dans les tissus<\/span><\/p><\/li><li><p class=\"P40\"><span style=\"color: #000000;\">\u00c9puisement du syst\u00e8me nerveux qui cr\u00e9e beaucoup de nervosit\u00e9 et de stress, conduisant \u00e0 un cercle vicieux;<\/span><\/p><\/li><li><p class=\"P41\"><span style=\"color: #000000;\">Infertilit\u00e9: Un environnement acide peut emp\u00eacher la f\u00e9condation chez les femmes ou la production de spermatozo\u00efdes chez les hommes.<\/span><\/p><\/li><li><p class=\"P42\"><span style=\"color: #000000;\">Risque accru de maladie canc\u00e9reuse. Il a \u00e9t\u00e9 scientifiquement \u00e9tabli que l&#039;acidit\u00e9 est une condition pr\u00e9canc\u00e9reuse;<\/span><\/p><\/li><li><p class=\"P43\"><span style=\"color: #000000;\">Caries dentaires. L&#039;acidit\u00e9 d\u00e9truit l&#039;\u00e9mail des dents.<\/span><\/p><\/li><li><p class=\"P44\"><span style=\"color: #000000;\">Probl\u00e8mes de peau tels que l&#039;ecz\u00e9ma, le psoriasis, l&#039;urticaire. L&#039;organisme qui tente \u00e0 tout prix d&#039;\u00e9liminer les toxines peut les \u00e9vacuer \u00e0 travers la peau, ce qui cr\u00e9e divers probl\u00e8mes;<\/span><\/p><\/li><li><p class=\"P45\"><span style=\"color: #000000;\">Destruction of saprophytic (friendly) bacteria in the\u200b\u200b\u00a0digestive tract, which disrupts digestion and increases the risk of digestive infection\u200b\u200b\u00a0<\/span><\/p><\/li><li><p class=\"P46\"><span style=\"color: #000000;\">La peau et les cheveux perdent leur aspect lustr\u00e9 et brillant en raison d&#039;un tissu conjonctif affaibli;<\/span><\/p><\/li><li><p class=\"P47\"><span style=\"color: #000000;\">Diminution de l&#039;\u00e9nergie et de la fatigue, car les cellules ne sont plus bien oxyg\u00e9n\u00e9es;<\/span><\/p><\/li><li><p class=\"P48\"><span style=\"color: #000000;\">Crampes musculaires et fatigue, car des d\u00e9chets acides tels que l&#039;acide lactique et l&#039;ammoniac sont produits et limitent les contractions musculaires<\/span><\/p><\/li><\/ul><p class=\"P51\" style=\"text-align: center;\"><a class=\"buy\" href=\"#buy\"><strong>ALLER ACHETER MAINTENANT<\/strong><\/a><\/p><p class=\"P52\"><strong><span style=\"color: #000000;\">HOW DO I KNOW IF MY PH IS OUT OF BALANCE?\u200b\u200b\u00a0<\/span><\/strong><\/p><p class=\"P53\"><strong><span style=\"color: #000000;\">Description Ng4l Ph Bandes<\/span><\/strong><\/p><p class=\"P54\"><span style=\"color: #000000;\">NG4L PH Stripes is a ribbon\u200b\u200b\u00a0test that allows you to easily assess your body\u2019s acidity level without the need for a constraining blood sample. This simple test requires only a small amount of your saliva. Simply place a piece of tape under your tongue for one minute. Under the effect\u200b\u200b\u00a0of your saliva, the ribbon changes color; all that remains is to compare the color of the ribbon with the PH scales on the back of the NG4L PH Stripes package. NG4L PH Stripes can be used to assess the acidity level of various body and non-body fluids.<\/span><\/p><p class=\"P56\"><strong><span style=\"color: #000000;\">NG4L products recommended for PH balance\u200b\u200b\u00a0<\/span><\/strong><\/p><p class=\"P57\"><span style=\"color: #000000;\">NG4L Ultra Coral Calcium Supreme\/NG4L Super Coral Calcium Plus. Compl\u00e9ment alimentaire \u00e0 haute capacit\u00e9 d&#039;absorption con\u00e7u \u00e0 partir de calcium de corail des fonds marins, qui contient en plus de fortes concentrations de calcium une gamme compl\u00e8te de 73 min\u00e9raux essentiels en parfait \u00e9quilibre, comme dans la nature. NG4L Coral Calcium Supreme contient en plus toutes les vitamines B, vitamines A, E, D et K. Coral Calcium est naturellement synergique avec le corps humain et maintient une alcalinit\u00e9 (un pH alcalin l\u00e9g\u00e8rement sup\u00e9rieur \u00e0 7 comme celui du sang) optimale pour sant\u00e9 optimale. Il contient une forte concentration de magn\u00e9sium et un rapport calcium\/magn\u00e9sium \u00e9gal \u00e0 2, ce qui correspond \u00e0 des conditions id\u00e9ales pour maximiser leur disponibilit\u00e9 dans l&#039;organisme.<\/span><\/p><p class=\"P60\" style=\"text-align: center;\"><a class=\"buy\" href=\"#buy\"><strong>ALLER ACHETER MAINTENANT<\/strong><\/a><\/p><p class=\"P61\"><span style=\"color: #000000;\"><strong>NG4L Acidophilus.<\/strong> Formule visant \u00e0 r\u00e9tablir l&#039;\u00e9quilibre de la flore saprophyte par un apport de pro-biotiques, et ainsi assurer et maintenir le bien-\u00eatre digestif.<\/span><\/p><p class=\"P63\"><span style=\"color: #000000;\"><strong>Citrate de magn\u00e9sium NG4L\u00a0:<\/strong> Le citrate de magn\u00e9sium NG4L est un suppl\u00e9ment qui contient 300 mg de citrate de magn\u00e9sium par capsule. Le magn\u00e9sium est un min\u00e9ral dont le r\u00f4le est crucial pour l&#039;\u00e9quilibre acido-basique, la production d&#039;\u00e9nergie, la contraction musculaire, la transmission de l&#039;influx nerveux et la min\u00e9ralisation osseuse.<\/span><\/p><p class=\"P65\"><span style=\"color: #000000;\"><strong>NG4L Ultra Homme\/Ultra Femme\u00a0:<\/strong> Specific\u200b\u200b\u00a0formulas for men and women, developed by nutritionists and experienced scientists to ensure a diet that takes into account their fragile health. Taking into account the optimal moment when the body needs the different vitamins and minerals, this formula represents a unique supplement for the supply of vitamins and minerals for the daily use of the man or woman.<\/span><\/p><p class=\"P68\" style=\"text-align: center;\"><strong><a class=\"buy\" href=\"#buy\">ALLER ACHETER MAINTENANT<\/a><\/strong><\/p><p class=\"P69\"><strong><span style=\"color: #000000;\">QUELQUES CONSEILS<\/span><\/strong><\/p><p class=\"P70\"><span style=\"color: #000000;\">Avoid the following foods as much as possible: Fruit \u2013 orange, grapefruit, pineapple, kiwi, rhubarb, and\u200b\u200b\u00a0pomegranate. Meat \u2013 especially pork. Beverages \u2013 carbonated water, coffee. Sweets \u2013 cream cookies, sweet pies, jams. Others \u2013 dried beans, nuts, peanuts, ketchup, vinegar, mustard, dressings.<\/span><\/p><p class=\"P72\"><span style=\"color: #000000;\"><span class=\"T73\"><strong>Augmenter la consommation des aliments suivants :<\/strong> Fruit \u2013 bananas, d<\/span><span class=\"T74\">ates, figs, dried fruit, apples, pears, sweet peaches, etc. Vegetables \u2013 cabbage, squash, avocados, beets, turnips, parsnips, artichokes, green peas, spinach, yellow beans, celery, baby carrots. Other \u2013 drink at least two liters of water every day, consume<\/span><span class=\"T75\">\u200b\u200b\u00a0whole meal flours, almonds, egg yolk.<\/span><\/span><\/p><\/div>\n\t\t\t\t<\/div>\n\t\t\t\t\t\t\t<div class=\"elementor-toggle-item\">\n\t\t\t\t\t<div id=\"elementor-tab-title-8672\" class=\"elementor-tab-title\" data-tab=\"2\" role=\"button\" aria-controls=\"elementor-tab-content-8672\" aria-expanded=\"false\">\n\t\t\t\t\t\t\t\t\t\t\t\t<span class=\"elementor-toggle-icon elementor-toggle-icon-left\" aria-hidden=\"true\">\n\t\t\t\t\t\t\t\t\t\t\t\t\t\t\t<span class=\"elementor-toggle-icon-closed\"><i class=\"far fa-caret-square-right\"><\/i><\/span>\n\t\t\t\t\t\t\t\t<span class=\"elementor-toggle-icon-opened\"><i class=\"elementor-toggle-icon-opened fas fa-caret-square-up\"><\/i><\/span>\n\t\t\t\t\t\t\t\t\t\t\t\t\t<\/span>\n\t\t\t\t\t\t\t\t\t\t\t\t<a class=\"elementor-toggle-title\" tabindex=\"0\">..<\/a>\n\t\t\t\t\t<\/div>\n\n\t\t\t\t\t<div id=\"elementor-tab-content-8672\" class=\"elementor-tab-content elementor-clearfix\" data-tab=\"2\" role=\"region\" aria-labelledby=\"elementor-tab-title-8672\"><\/div>\n\t\t\t\t<\/div>\n\t\t\t\t\t\t\t\t<\/div>\n\t\t\t\t\t\t<\/div>\n\t\t\t\t<\/div>\n\t\t\t\t\t<\/div>\n\t\t<\/div>\n\t\t\t\t\t<\/div>\n\t\t<\/section>\n\t\t\t\t<\/div>","protected":false},"excerpt":{"rendered":"<p><a name=\"buy\"><\/a><\/p>\n<ul>\n<li><strong><span style=\"font-family: go;\">Aide \u00e0 mesurer l&#039;acidit\u00e9 corporelle<\/span><\/strong><\/li>\n<li><strong><span style=\"font-family: go;\">Les bandes NG4L PH peuvent \u00eatre utilis\u00e9es pour \u00e9valuer le niveau d&#039;acidit\u00e9 de divers liquides corporels et non corporels<\/span><\/strong><\/li>\n<\/ul>\n<p><strong>\u00a0\u00a0\u00a0\u00a0\u00a0 &gt;&gt;&gt;<span style=\"font-family: go; font-size: 14pt;\"><a href=\"#more\"><span style=\"color: #0000ff;\">Lire la suite<\/span><\/a><\/span><\/strong><\/p>","protected":false},"featured_media":1409,"comment_status":"open","ping_status":"closed","template":"","meta":{"_bbp_topic_count":0,"_bbp_reply_count":0,"_bbp_total_topic_count":0,"_bbp_total_reply_count":0,"_bbp_voice_count":0,"_bbp_anonymous_reply_count":0,"_bbp_topic_count_hidden":0,"_bbp_reply_count_hidden":0,"_bbp_forum_subforum_count":0},"product_brand":[],"product_cat":[33,29],"product_tag":[],"class_list":{"0":"post-5352","1":"product","2":"type-product","3":"status-publish","4":"has-post-thumbnail","6":"product_cat-all-products","7":"product_cat-medical-electronics","9":"first","10":"instock","11":"shipping-taxable","12":"purchasable","13":"product-type-simple"},"bundled_by":[],"bundle_stock_status":"instock","bundle_stock_quantity":2,"bundle_virtual":false,"bundle_layout":"","bundle_add_to_cart_form_location":"","bundle_editable_in_cart":false,"bundle_sold_individually_context":"","bundle_item_grouping":"","bundle_min_size":"","bundle_max_size":"","bundled_items":[],"bundle_sell_ids":[],"_links":{"self":[{"href":"https:\/\/www.naturesgiftforlife.com\/fr\/wp-json\/wp\/v2\/product\/5352","targetHints":{"allow":["GET"]}}],"collection":[{"href":"https:\/\/www.naturesgiftforlife.com\/fr\/wp-json\/wp\/v2\/product"}],"about":[{"href":"https:\/\/www.naturesgiftforlife.com\/fr\/wp-json\/wp\/v2\/types\/product"}],"replies":[{"embeddable":true,"href":"https:\/\/www.naturesgiftforlife.com\/fr\/wp-json\/wp\/v2\/comments?post=5352"}],"version-history":[{"count":0,"href":"https:\/\/www.naturesgiftforlife.com\/fr\/wp-json\/wp\/v2\/product\/5352\/revisions"}],"wp:featuredmedia":[{"embeddable":true,"href":"https:\/\/www.naturesgiftforlife.com\/fr\/wp-json\/wp\/v2\/media\/1409"}],"wp:attachment":[{"href":"https:\/\/www.naturesgiftforlife.com\/fr\/wp-json\/wp\/v2\/media?parent=5352"}],"wp:term":[{"taxonomy":"product_brand","embeddable":true,"href":"https:\/\/www.naturesgiftforlife.com\/fr\/wp-json\/wp\/v2\/product_brand?post=5352"},{"taxonomy":"product_cat","embeddable":true,"href":"https:\/\/www.naturesgiftforlife.com\/fr\/wp-json\/wp\/v2\/product_cat?post=5352"},{"taxonomy":"product_tag","embeddable":true,"href":"https:\/\/www.naturesgiftforlife.com\/fr\/wp-json\/wp\/v2\/product_tag?post=5352"}],"curies":[{"name":"wp","href":"https:\/\/api.w.org\/{rel}","templated":true}]}}