{"id":5341,"date":"2020-12-10T14:08:02","date_gmt":"2020-12-10T14:08:02","guid":{"rendered":"http:\/\/www.livehealthylivehappy.com\/new\/?post_type=product&#038;p=5341"},"modified":"2023-08-23T15:09:17","modified_gmt":"2023-08-23T15:09:17","slug":"women-secret","status":"publish","type":"product","link":"https:\/\/www.naturesgiftforlife.com\/fr\/shop\/women-secret\/","title":{"rendered":"Femmes Secret V"},"content":{"rendered":"<div data-elementor-type=\"wp-post\" data-elementor-id=\"5341\" class=\"elementor elementor-5341\">\n\t\t\t\t\t\t<section class=\"elementor-section elementor-top-section elementor-element elementor-element-bd9f9ba elementor-section-boxed elementor-section-height-default elementor-section-height-default\" data-id=\"bd9f9ba\" data-element_type=\"section\" data-e-type=\"section\">\n\t\t\t\t\t\t<div class=\"elementor-container elementor-column-gap-default\">\n\t\t\t\t\t<div class=\"elementor-column elementor-col-100 elementor-top-column elementor-element elementor-element-9620670\" data-id=\"9620670\" data-element_type=\"column\" data-e-type=\"column\">\n\t\t\t<div class=\"elementor-widget-wrap elementor-element-populated\">\n\t\t\t\t\t\t<div class=\"elementor-element elementor-element-b41c362 elementor-widget elementor-widget-html\" data-id=\"b41c362\" data-element_type=\"widget\" data-e-type=\"widget\" data-widget_type=\"html.default\">\n\t\t\t\t<div class=\"elementor-widget-container\">\n\t\t\t\t\t<a name=\"more\"><\/a>\t\t\t\t<\/div>\n\t\t\t\t<\/div>\n\t\t\t\t<div class=\"elementor-element elementor-element-f1f1cf0 elementor-invisible elementor-widget elementor-widget-toggle\" data-id=\"f1f1cf0\" data-element_type=\"widget\" data-e-type=\"widget\" data-settings=\"{&quot;_animation&quot;:&quot;flash&quot;}\" data-widget_type=\"toggle.default\">\n\t\t\t\t<div class=\"elementor-widget-container\">\n\t\t\t\t\t\t\t<div class=\"elementor-toggle\">\n\t\t\t\t\t\t\t<div class=\"elementor-toggle-item\">\n\t\t\t\t\t<h2 id=\"elementor-tab-title-2531\" class=\"elementor-tab-title\" data-tab=\"1\" role=\"button\" aria-controls=\"elementor-tab-content-2531\" aria-expanded=\"false\">\n\t\t\t\t\t\t\t\t\t\t\t\t<span class=\"elementor-toggle-icon elementor-toggle-icon-left\" aria-hidden=\"true\">\n\t\t\t\t\t\t\t\t\t\t\t\t\t\t\t<span class=\"elementor-toggle-icon-closed\"><i class=\"far fa-caret-square-right\"><\/i><\/span>\n\t\t\t\t\t\t\t\t<span class=\"elementor-toggle-icon-opened\"><i class=\"elementor-toggle-icon-opened fas fa-caret-square-up\"><\/i><\/span>\n\t\t\t\t\t\t\t\t\t\t\t\t\t<\/span>\n\t\t\t\t\t\t\t\t\t\t\t\t<a class=\"elementor-toggle-title\" tabindex=\"0\">Description d\u00e9taill\u00e9e du produit \/ faits sur les suppl\u00e9ments<\/a>\n\t\t\t\t\t<\/h2>\n\n\t\t\t\t\t<div id=\"elementor-tab-content-2531\" class=\"elementor-tab-content elementor-clearfix\" data-tab=\"1\" role=\"region\" aria-labelledby=\"elementor-tab-title-2531\"><p style=\"text-align: center;\"><span style=\"color: #000000; font-size: 12pt;\"><strong>LES FEMMES SECR\u00c8TES<\/strong><\/span><\/p><p style=\"text-align: center;\"><span style=\"color: #000000; font-size: 12pt;\"><strong>Enhances the woman\u2019s sexual desire<\/strong><\/span><\/p><p><span style=\"color: #000000; font-size: 12pt;\"><strong>Benefits Of\u00a0 Women Secret:<\/strong><\/span><\/p><p><span style=\"color: #000000; font-size: 12pt;\">&#8211; <a href=\"https:\/\/edition.cnn.com\/\" target=\"_blank\" rel=\"noopener\">Femmes<\/a> secret stimule le d\u00e9sir sexuel chez les hommes et les femmes;<\/span><\/p><p><span style=\"color: #000000; font-size: 12pt;\">&#8211; Increases the nervous response to <a href=\"https:\/\/www.naturesgiftforlife.com\/fr\/shop\/roots\/\">excitation sexuelle<\/a>;<\/span><\/p><p><span style=\"color: #000000; font-size: 12pt;\">&#8211; Women secret improves sperm quality in men;<\/span><\/p><p><span style=\"color: #000000; font-size: 12pt;\">&#8211; Women secret protects <a href=\"https:\/\/livehealthylivehappy.com\/\" target=\"_blank\" rel=\"noopener\">spermatozo\u00efdes<\/a> du stress oxydatif;<\/span><\/p><p><span style=\"color: #000000; font-size: 12pt;\">&#8211; Women secret stimulates blood flow, oxygenation and thus energy production<\/span><\/p><p><span style=\"color: #000000; font-size: 12pt;\">-Le secret des femmes am\u00e9liore les performances sexuelles;<\/span><\/p><p><span style=\"color: #000000; font-size: 12pt;\">&#8211; Women secret prevents sexual disorders and bone density loss due to menopause<\/span><\/p><p><span style=\"color: #000000; font-size: 12pt;\"><a href=\"https:\/\/www.naturesgiftforlife.com\/fr\/menopause\/\">m\u00e9nopause<\/a>;<\/span><\/p><p><span style=\"color: #000000; font-size: 12pt;\">&#8211; Women secret stimulates and supports erection in men;<\/span><\/p><p><span style=\"color: #000000; font-size: 12pt;\">&#8211; Women secret increases circulation and <a href=\"http:\/\/www.dankvapeshop.net\" target=\"_blank\" rel=\"noopener\">nerf<\/a> sensibilit\u00e9 \u00e0 la fois dans le p\u00e9nis et le clitoris<\/span><\/p><p><span style=\"color: #000000; font-size: 12pt;\">et le clitoris ;<\/span><\/p><p><span style=\"color: #000000; font-size: 12pt;\">&#8211; Women secret improves vaginal tone and elasticity.<\/span><\/p><p style=\"text-align: center;\"><span style=\"font-size: 12pt;\"><a class=\"buy\" href=\"#buy\"><strong>ALLER ACHETER MAINTENANT<\/strong><\/a><\/span><\/p><p><strong><span style=\"color: #000000; font-size: 12pt;\">LES FEMMES SECR\u00c8TES<\/span><\/strong><\/p><p><span style=\"color: #000000; font-size: 12pt;\">We are all searching for the ultimate feeling in sexual satisfaction, you know, the one that makes you feel the desire that was a part of our youth! We all want to recapture or enhance the experience because it is the one thing that we have in life that makes us feel ALIVE! But as time goes on, the flame fades, the desires disappear and life begins to lose its meaning. It doesn\u2019t have to be that way! <strong>NG4L\u2019s WOMEN\u2019S SECRET V<\/strong> peut aider \u00e0 remettre l&#039;\u00e9tincelle dans votre vie et le lien dans votre marche.<\/span><\/p><p><span style=\"color: #000000; font-size: 12pt;\">WOMEN\u2019S SECRET V contains many of the ingredients that are popular in the area of increasing sexual pleasure. Ingredients like <strong>Epimedium Sagittatum<\/strong> <strong>or as it is more commonly known as \u2018Horny Goat weed\u2019<\/strong> is used in this product as a standardized extract, which provides more of what you are praying for. Many products use a low-grade powdered herb, but NG4L has gone to great lengths to provide you with the best quality herb available. WOMEN\u2019S SECRET V also contains a standardized herb from India called <strong>Mucuna Pruriens<\/strong>, qui a une teneur inhabituellement \u00e9lev\u00e9e en L-Dopa d&#039;origine naturelle.<\/span><\/p><p style=\"text-align: center;\"><span style=\"color: #000000; font-size: 12pt;\"><a class=\"buy\" href=\"#buy\"><strong>ALLER ACHETER MAINTENANT<\/strong><\/a><\/span><\/p><p><span style=\"color: #000000; font-size: 12pt;\">The L-Dopa in your body is truly remarkable. L-Dopa is one of the world&#8217;s most extensively researched amino acids. And the natural L-Dopa in Macuna has been shown to convert into Dopamine in the brain without the problems prevalent in other mainstream products. Dopamine is a very powerful neurotransmitter that stimulates the hypothalamus and pituitary to releases growth hormones. Dopamine also regulates motor control, sex drive, immune function, fat gain and loss, lean muscle gain, bone density, energy levels, and the ability to sleep soundly. Clinical studies in India have validated that the plant does indeed have aphrodisiac activity. L-Dopa and Dopamine are also effective inhibitors of prolactin. Prolactin is a hormone released by the pituitary gland; increased levels are considered responsible for 70\u201380% of erection failure in males.<\/span><\/p><p><span style=\"color: #000000; font-size: 12pt;\">le <strong><u>Yohimbe<\/u><\/strong> in WOMEN\u2019S SECRET V acts on peripheral blood vessels (especially in the genital region) to prevent any hindrance to blood flow. It makes the user feel energetic and it increases the likelihood of being able to fully enjoy the sex act because there is better blood flow to the genitals. For men research has shown that Yohimbe in more than 60% of men who experienced partial erections and had failed at normal intercourse at least half of the time reported full, more lasting erections, and improved sexual function! It has also been shown to be useful when used by women who want to fully enjoy their intimate moments. Yohimbe used with the Damiana Leaf in WOMEN\u2019S SECRET V is a very powerful combination. <strong><u>Damiane<\/u><\/strong> La feuille aide \u00e0 augmenter et \u00e0 \u00e9quilibrer les niveaux hormonaux et \u00e0 transporter l&#039;oxyg\u00e8ne vers la r\u00e9gion g\u00e9nitale, ce qui est l&#039;une des raisons pour lesquelles elle est connue comme tonique de la sexualit\u00e9 pour les hommes et les femmes. Il a \u00e9galement \u00e9t\u00e9 connu pour induire des r\u00eaves \u00e9rotiques lorsqu&#039;il est pris au coucher; il est utilis\u00e9 comme tonique \u00e9nerg\u00e9tique et aphrodisiaque, et comme rem\u00e8de contre les probl\u00e8mes sexuels.<\/span><\/p><p style=\"text-align: center;\"><span style=\"font-size: 12pt;\"><a class=\"buy\" href=\"#buy\"><strong>ALLER ACHETER MAINTENANT<\/strong><\/a><\/span><\/p><p><span style=\"color: #000000; font-size: 12pt;\">NG4L vous fournit cette puissante combinaison d&#039;ingr\u00e9dients qui couvrent toutes les bases lorsqu&#039;il s&#039;agit d&#039;am\u00e9liorer votre plaisir sexuel, et M\u00e8re Nature s&#039;occupe du reste !<\/span><\/p><p><span style=\"color: #000000; font-size: 12pt;\">\u00a0<\/span><\/p><table width=\"501\"><tbody><tr><td colspan=\"3\" width=\"501\"><p><span style=\"color: #000000; font-size: 12pt;\"><strong>Faits sur les suppl\u00e9ments<\/strong><\/span><\/p><\/td><\/tr><tr><td colspan=\"3\" width=\"501\"><p><span style=\"color: #000000; font-size: 12pt;\">Portion\u00a0: Deux (2) capsules<\/span><\/p><\/td><\/tr><tr><td width=\"303\">\u00a0<\/td><td width=\"104\"><p><span style=\"color: #000000; font-size: 12pt;\">Quantit\u00e9 par portion<\/span><\/p><\/td><td width=\"94\"><p><span style=\"color: #000000; font-size: 12pt;\">% Valeur journali\u00e8re<\/span><\/p><\/td><\/tr><tr><td width=\"303\"><p><span style=\"color: #000000; font-size: 12pt;\">L-Arginine HCL<\/span><\/p><\/td><td width=\"104\"><p><span style=\"color: #000000; font-size: 12pt;\">200 mg<\/span><\/p><\/td><td width=\"94\"><p><span style=\"color: #000000; font-size: 12pt;\">*<\/span><\/p><\/td><\/tr><tr><td width=\"303\"><p><span style=\"color: #000000; font-size: 12pt;\">Epimedium sagittatum<\/span><\/p><\/td><td width=\"104\"><p><span style=\"color: #000000; font-size: 12pt;\">200 mg<\/span><\/p><\/td><td width=\"94\"><p><span style=\"color: #000000; font-size: 12pt;\">*<\/span><\/p><\/td><\/tr><tr><td width=\"303\"><p><span style=\"color: #000000; font-size: 12pt;\">extrait 5:1<\/span><\/p><\/td><td width=\"104\">\u00a0<\/td><td width=\"94\"><p><span style=\"color: #000000; font-size: 12pt;\">*<\/span><\/p><\/td><\/tr><tr><td width=\"303\"><p><span style=\"color: #000000; font-size: 12pt;\">Vaches (Mucuna pruriens)<\/span><\/p><\/td><td width=\"104\"><p><span style=\"color: #000000; font-size: 12pt;\">50 mg<\/span><\/p><\/td><td width=\"94\"><p><span style=\"color: #000000; font-size: 12pt;\">*<\/span><\/p><\/td><\/tr><tr><td width=\"303\"><p><span style=\"color: #000000; font-size: 12pt;\">(15% | -dopa)<\/span><\/p><\/td><td width=\"104\">\u00a0<\/td><td width=\"94\"><p><span style=\"color: #000000; font-size: 12pt;\">*<\/span><\/p><\/td><\/tr><tr><td width=\"303\"><p><span style=\"color: #000000; font-size: 12pt;\">Extrait de Yohimbine 8%<\/span><\/p><\/td><td width=\"104\"><p><span style=\"color: #000000; font-size: 12pt;\">50 mg<\/span><\/p><\/td><td width=\"94\"><p><span style=\"color: #000000; font-size: 12pt;\">*<\/span><\/p><\/td><\/tr><tr><td width=\"303\"><p><span style=\"color: #000000; font-size: 12pt;\">Feuille de Damiana<\/span><\/p><\/td><td width=\"104\"><p><span style=\"color: #000000; font-size: 12pt;\">200 mg<\/span><\/p><\/td><td width=\"94\"><p><span style=\"color: #000000; font-size: 12pt;\">*<\/span><\/p><\/td><\/tr><tr><td colspan=\"3\" width=\"501\"><p><span style=\"color: #000000; font-size: 12pt;\">*Valeur quotidienne non \u00e9tablie<\/span><\/p><\/td><\/tr><tr><td colspan=\"3\" width=\"501\"><p><span style=\"color: #000000; font-size: 12pt;\">Autres ingr\u00e9dients : Farine de riz, dioxyde de silicium, st\u00e9arate de magn\u00e9sium<\/span><\/p><\/td><\/tr><\/tbody><\/table><p><span style=\"color: #000000; font-size: 12pt;\"><strong>DIRECTIONS<\/strong><em>: <\/em>Prendre 2 g\u00e9lules par jour<\/span><\/p><\/div>\n\t\t\t\t<\/div>\n\t\t\t\t\t\t\t<div class=\"elementor-toggle-item\">\n\t\t\t\t\t<h2 id=\"elementor-tab-title-2532\" class=\"elementor-tab-title\" data-tab=\"2\" role=\"button\" aria-controls=\"elementor-tab-content-2532\" aria-expanded=\"false\">\n\t\t\t\t\t\t\t\t\t\t\t\t<span class=\"elementor-toggle-icon elementor-toggle-icon-left\" aria-hidden=\"true\">\n\t\t\t\t\t\t\t\t\t\t\t\t\t\t\t<span class=\"elementor-toggle-icon-closed\"><i class=\"far fa-caret-square-right\"><\/i><\/span>\n\t\t\t\t\t\t\t\t<span class=\"elementor-toggle-icon-opened\"><i class=\"elementor-toggle-icon-opened fas fa-caret-square-up\"><\/i><\/span>\n\t\t\t\t\t\t\t\t\t\t\t\t\t<\/span>\n\t\t\t\t\t\t\t\t\t\t\t\t<a class=\"elementor-toggle-title\" tabindex=\"0\">..<\/a>\n\t\t\t\t\t<\/h2>\n\n\t\t\t\t\t<div id=\"elementor-tab-content-2532\" class=\"elementor-tab-content elementor-clearfix\" data-tab=\"2\" role=\"region\" aria-labelledby=\"elementor-tab-title-2532\"><\/div>\n\t\t\t\t<\/div>\n\t\t\t\t\t\t\t\t<\/div>\n\t\t\t\t\t\t<\/div>\n\t\t\t\t<\/div>\n\t\t\t\t\t<\/div>\n\t\t<\/div>\n\t\t\t\t\t<\/div>\n\t\t<\/section>\n\t\t\t\t<\/div>","protected":false},"excerpt":{"rendered":"<p><a name=\"buy\"><\/a><\/p>\n<ul>\n<li><strong><span style=\"font-family: go;\">Stimule le d\u00e9sir sexuel chez les hommes et les femmes<\/span><\/strong><\/li>\n<li><strong><span style=\"font-family: go;\">Augmente la r\u00e9ponse nerveuse \u00e0 l&#039;excitation sexuelle<\/span><\/strong><\/li>\n<li><strong><span style=\"font-family: go;\">Am\u00e9liore la qualit\u00e9 du sperme chez les hommes<\/span><\/strong><\/li>\n<li><strong><span style=\"font-family: go;\">Am\u00e9liore le tonus vaginal et l&#039;\u00e9lasticit\u00e9.<\/span><\/strong><\/li>\n<li><strong><span style=\"font-family: go;\">Pr\u00e9vient les troubles sexuels et la perte de densit\u00e9 osseuse dus \u00e0 la m\u00e9nopause<\/span><\/strong><\/li>\n<\/ul>\n<p><strong>\u00a0\u00a0\u00a0\u00a0\u00a0\u00a0 &gt;&gt;&gt;<span style=\"font-family: go; font-size: 14pt;\"><a href=\"#more\"><span style=\"color: #0000ff;\">Lire la suite<\/span><\/a><\/span><\/strong><\/p>","protected":false},"featured_media":1342,"comment_status":"open","ping_status":"closed","template":"","meta":{"nf_dc_page":"","_bbp_topic_count":0,"_bbp_reply_count":0,"_bbp_total_topic_count":0,"_bbp_total_reply_count":0,"_bbp_voice_count":0,"_bbp_anonymous_reply_count":0,"_bbp_topic_count_hidden":0,"_bbp_reply_count_hidden":0,"_bbp_forum_subforum_count":0},"product_brand":[],"product_cat":[33,32],"product_tag":[],"class_list":{"0":"post-5341","1":"product","2":"type-product","3":"status-publish","4":"has-post-thumbnail","6":"product_cat-all-products","7":"product_cat-special-products","9":"first","10":"instock","11":"shipping-taxable","12":"purchasable","13":"product-type-simple"},"bundled_by":[],"bundle_stock_status":"instock","bundle_stock_quantity":1,"bundle_virtual":false,"bundle_layout":"","bundle_add_to_cart_form_location":"","bundle_editable_in_cart":false,"bundle_sold_individually_context":"","bundle_item_grouping":"","bundle_min_size":"","bundle_max_size":"","bundled_items":[],"bundle_sell_ids":[],"_links":{"self":[{"href":"https:\/\/www.naturesgiftforlife.com\/fr\/wp-json\/wp\/v2\/product\/5341","targetHints":{"allow":["GET"]}}],"collection":[{"href":"https:\/\/www.naturesgiftforlife.com\/fr\/wp-json\/wp\/v2\/product"}],"about":[{"href":"https:\/\/www.naturesgiftforlife.com\/fr\/wp-json\/wp\/v2\/types\/product"}],"replies":[{"embeddable":true,"href":"https:\/\/www.naturesgiftforlife.com\/fr\/wp-json\/wp\/v2\/comments?post=5341"}],"version-history":[{"count":0,"href":"https:\/\/www.naturesgiftforlife.com\/fr\/wp-json\/wp\/v2\/product\/5341\/revisions"}],"wp:featuredmedia":[{"embeddable":true,"href":"https:\/\/www.naturesgiftforlife.com\/fr\/wp-json\/wp\/v2\/media\/1342"}],"wp:attachment":[{"href":"https:\/\/www.naturesgiftforlife.com\/fr\/wp-json\/wp\/v2\/media?parent=5341"}],"wp:term":[{"taxonomy":"product_brand","embeddable":true,"href":"https:\/\/www.naturesgiftforlife.com\/fr\/wp-json\/wp\/v2\/product_brand?post=5341"},{"taxonomy":"product_cat","embeddable":true,"href":"https:\/\/www.naturesgiftforlife.com\/fr\/wp-json\/wp\/v2\/product_cat?post=5341"},{"taxonomy":"product_tag","embeddable":true,"href":"https:\/\/www.naturesgiftforlife.com\/fr\/wp-json\/wp\/v2\/product_tag?post=5341"}],"curies":[{"name":"wp","href":"https:\/\/api.w.org\/{rel}","templated":true}]}}