{"id":534,"date":"2020-08-19T15:12:44","date_gmt":"2020-08-19T15:12:44","guid":{"rendered":"https:\/\/test.projectilecm.com\/?post_type=product&#038;p=534"},"modified":"2024-12-15T19:58:09","modified_gmt":"2024-12-15T19:58:09","slug":"bee-propolis","status":"publish","type":"product","link":"https:\/\/www.naturesgiftforlife.com\/fr\/shop\/bee-propolis\/","title":{"rendered":"Propolis d&#039;abeille"},"content":{"rendered":"<div data-elementor-type=\"wp-post\" data-elementor-id=\"534\" class=\"elementor elementor-534\">\n\t\t\t\t\t\t<section class=\"elementor-section elementor-top-section elementor-element elementor-element-60efab4 elementor-section-boxed elementor-section-height-default elementor-section-height-default\" data-id=\"60efab4\" data-element_type=\"section\" data-e-type=\"section\">\n\t\t\t\t\t\t<div class=\"elementor-container elementor-column-gap-default\">\n\t\t\t\t\t<div class=\"elementor-column elementor-col-100 elementor-top-column elementor-element elementor-element-8ca5c01\" data-id=\"8ca5c01\" data-element_type=\"column\" data-e-type=\"column\">\n\t\t\t<div class=\"elementor-widget-wrap elementor-element-populated\">\n\t\t\t\t\t\t<div class=\"elementor-element elementor-element-3a1b25a elementor-widget elementor-widget-html\" data-id=\"3a1b25a\" data-element_type=\"widget\" data-e-type=\"widget\" data-widget_type=\"html.default\">\n\t\t\t\t<div class=\"elementor-widget-container\">\n\t\t\t\t\t<a name=\"more\"><\/a>\t\t\t\t<\/div>\n\t\t\t\t<\/div>\n\t\t\t\t<div class=\"elementor-element elementor-element-c29ff6e elementor-invisible elementor-widget elementor-widget-toggle\" data-id=\"c29ff6e\" data-element_type=\"widget\" data-e-type=\"widget\" data-settings=\"{&quot;_animation&quot;:&quot;flash&quot;}\" data-widget_type=\"toggle.default\">\n\t\t\t\t<div class=\"elementor-widget-container\">\n\t\t\t\t\t\t\t<div class=\"elementor-toggle\">\n\t\t\t\t\t\t\t<div class=\"elementor-toggle-item\">\n\t\t\t\t\t<div id=\"elementor-tab-title-2041\" class=\"elementor-tab-title\" data-tab=\"1\" role=\"button\" aria-controls=\"elementor-tab-content-2041\" aria-expanded=\"false\">\n\t\t\t\t\t\t\t\t\t\t\t\t<span class=\"elementor-toggle-icon elementor-toggle-icon-left\" aria-hidden=\"true\">\n\t\t\t\t\t\t\t\t\t\t\t\t\t\t\t<span class=\"elementor-toggle-icon-closed\"><i class=\"far fa-caret-square-right\"><\/i><\/span>\n\t\t\t\t\t\t\t\t<span class=\"elementor-toggle-icon-opened\"><i class=\"elementor-toggle-icon-opened fas fa-caret-square-up\"><\/i><\/span>\n\t\t\t\t\t\t\t\t\t\t\t\t\t<\/span>\n\t\t\t\t\t\t\t\t\t\t\t\t<a class=\"elementor-toggle-title\" tabindex=\"0\">Description d\u00e9taill\u00e9e du produit \/ faits sur les suppl\u00e9ments<\/a>\n\t\t\t\t\t<\/div>\n\n\t\t\t\t\t<div id=\"elementor-tab-content-2041\" class=\"elementor-tab-content elementor-clearfix\" data-tab=\"1\" role=\"region\" aria-labelledby=\"elementor-tab-title-2041\"><h4 style=\"text-align: center;\"><span style=\"color: #000000;\"><strong>PROPOLES D&#039;ABEILLES<\/strong><\/span><\/h4><h4 style=\"text-align: center;\"><span style=\"color: #000000;\"><strong>&#8220;Russian Penicillin&#8221;<\/strong><\/span><\/h4><p><span style=\"color: #000000;\"><strong>Avantages:<\/strong><\/span><\/p><ul><li><span style=\"color: #000000;\">La propolis d&#039;abeille combat de nombreuses maladies <\/span><\/li><li><span style=\"color: #000000;\">La propolis d&#039;abeille r\u00e9duit la douleur, l&#039;inflammation et la fi\u00e8vre<\/span><\/li><li><span style=\"color: #000000;\">La propolis d&#039;abeille aide \u00e0 lutter contre les otites<\/span><\/li><li><span style=\"color: #000000;\">La propolis d&#039;abeille acc\u00e9l\u00e8re la croissance cellulaire <br \/><\/span><\/li><li><span style=\"color: #000000;\">La propolis d&#039;abeille contr\u00f4le les radicaux libres <br \/><\/span><\/li><li><span style=\"color: #000000;\">Irritations cutan\u00e9es \u00e0 la propolis d&#039;abeille <br \/><\/span><\/li><li><span style=\"color: #000000;\">La propolis d&#039;abeille r\u00e9duit l&#039;hypertension art\u00e9rielle<\/span><\/li><li><span style=\"color: #000000;\">La propolis d&#039;abeille favorise la gu\u00e9rison <\/span><\/li><li><span style=\"color: #000000;\">La propolis d&#039;abeille soulage les maux de gorge <\/span><\/li><li><span style=\"color: #000000;\">La propolis d&#039;abeille gu\u00e9rit les dommages caus\u00e9s par les radiations<\/span><\/li><li><span style=\"color: #000000;\">La propolis d&#039;abeille renforce le syst\u00e8me immunitaire<\/span><\/li><li><span style=\"color: #000000;\">La propolis d&#039;abeille agit comme un antibiotique sans accompagnement <br \/><\/span><\/li><li><span style=\"color: #000000;\"><a href=\"https:\/\/livehealthylivehappy.com\/\" target=\"_blank\" rel=\"noopener\">Propolis d&#039;abeille<\/a> aide \u00e0 garder les articulations lubrifi\u00e9es effets r\u00e9gulant les cellules sanguines<\/span><\/li><\/ul><p style=\"text-align: center;\"><a class=\"buy\" href=\"#buy\"><strong>ALLER ACHETER MAINTENANT<\/strong><\/a><\/p><p><span style=\"color: #000000;\"><strong><em>Qu&#039;est-ce que la propolis<\/em><\/strong>?<\/span><\/p><p><span style=\"color: #000000;\">Propolis is another one of the great products the bees produce that science cannot. It is a resinous substance that the bees gather from tree leaves and bark, and combine it with nectar, wax, pollen, and bee bread to make a natural &#8220;glue&#8221; type substance. This glue is used to seal hive cracks and holes. It is also placed at the entrance to the beehive, where incoming workers have to brush up against it as they enter the hive. This <a href=\"https:\/\/www.naturesgiftforlife.com\/fr\/shop\/ng4l-roots\/\">st\u00e9rilise<\/a> les abeilles contre l&#039;infection et peuvent \u00e9galement les d\u00e9sinfecter \u00e0 l&#039;entr\u00e9e. Les ruches sont plus st\u00e9riles que les plus modernes <a href=\"https:\/\/www.rmbibow.com\/makeup\/accessories\/bag\/\" target=\"_blank\" rel=\"noopener\">h\u00f4pitaux<\/a>. La propolis est \u00e9galement utilis\u00e9e pour tapisser la chambre d&#039;accouchement o\u00f9 la reine pond ses \u0153ufs, offrant ainsi un environnement propre et st\u00e9rile pour les \u0153ufs en d\u00e9veloppement.<\/span><\/p><p><span style=\"color: #000000;\"><strong><em>\u00a0<\/em><\/strong><\/span><span style=\"color: #000000;\"><strong><em>Teneur:<\/em><\/strong><\/span><\/p><p><span style=\"color: #000000;\">La propolis contient toutes les vitamines connues \u00e0 l&#039;exception de la vitamine K. Parmi les quatorze min\u00e9raux dont le corps humain a besoin pour fonctionner normalement, la propolis en contient tous sauf un (soufre). Il contient un certain nombre de compos\u00e9s non identifiables qui cr\u00e9ent une substance alimentaire parfaitement \u00e9quilibr\u00e9e. Il contient \u00e9galement 16 acides amin\u00e9s qui ont \u00e9t\u00e9 identifi\u00e9s et plus de bioflavano\u00efdes (n\u00e9cessaires \u00e0 l&#039;action anti-inflammatoire dans le corps humain) que ceux trouv\u00e9s dans les oranges.<\/span><\/p><p><span style=\"color: #000000;\">La propolis contient environ 55% r\u00e9sines et baumes, de la cire 30%, des huiles \u00e9th\u00e9riques 10% et du pollen 5%. Riche en acides amin\u00e9s et oligo-\u00e9l\u00e9ments, il poss\u00e8de \u00e9galement une forte teneur en vitamines, dont les pr\u00e9cieux bioflavano\u00efdes, la vitamine K. Ce sont ces ingr\u00e9dients de base qui conf\u00e8rent \u00e0 la propolis son pouvoir dynamique de destruction des bact\u00e9ries.<\/span><\/p><p style=\"text-align: center;\"><span style=\"color: #000000;\"><strong> <a class=\"buy\" href=\"#buy\">ALLER ACHETER MAINTENANT<\/a><\/strong><\/span><\/p><p><span style=\"color: #000000;\"><strong><em>Propri\u00e9t\u00e9s th\u00e9rapeutiques<\/em><\/strong><\/span><\/p><p><span style=\"color: #000000;\"><strong><em>Les avantages de l&#039;extrait de propolis comprennent<\/em><\/strong><em> <strong>propri\u00e9t\u00e9s antibact\u00e9riennes, antifongiques, antivirales, antioxydantes, antiprotozoaires, anticanc\u00e9rig\u00e8nes, antithrombotiques et renforcement immunitaire<\/strong>.<\/em><\/span><\/p><ol><li><span style=\"color: #000000;\"><strong><em> Natural Antibiotic \u2013 antibacterial, antifungal, antiprotozoan<\/em><\/strong><\/span><\/li><\/ol><p><span style=\"color: #000000;\">Cette substance a \u00e9t\u00e9 utilis\u00e9e pendant de nombreux si\u00e8cles pour ses capacit\u00e9s antibiotiques naturelles. La propolis le fait gr\u00e2ce \u00e0 l&#039;acide sinapique, l&#039;acide isof\u00e9rulique, la galangine et l&#039;acide caf\u00e9ique. La propolis est toujours capable de lutter efficacement contre les souches bact\u00e9riennes, devenues r\u00e9sistantes aux antibiotiques synth\u00e9tiques modernes. La propolis agit contre les bact\u00e9ries de plusieurs mani\u00e8res. Une \u00e9tude a rapport\u00e9 qu&#039;il emp\u00eachait la division cellulaire bact\u00e9rienne et d\u00e9truisait \u00e9galement les parois bact\u00e9riennes et le cytoplasme, ce qui explique le fonctionnement de certains antibiotiques sur ordonnance.<\/span><\/p><p><span style=\"color: #000000;\">It is believed that Hippocrates, the father of medicine, prescribed the use of propolis to help heal sores and ulcers, internally and externally. Unlike penicillin or other drugs, propolis is always effective, because bacteria and viruses cannot build tolerances against it. This has been clinically verified after its use in more than 16,000 situations. Danish scientist, Dr. K. Lund Aagaard, considered an expert on propolis states, &#8220;The whole research program had a single purpose, namely, to obtain a substance with the greatest efficiency against the greatest number of diseases. The numerous healings are relevant by themselves and the number of people who use propolis is ever increasing.<\/span><\/p><p style=\"text-align: center;\"><a class=\"buy\" href=\"#buy\"><strong>ALLER ACHETER MAINTENANT<\/strong><\/a><\/p><p><span style=\"color: #000000;\">L&#039;abeille est le seul insecte \u00e0 avoir jamais \u00e9t\u00e9 trouv\u00e9 exempt de bact\u00e9ries, en raison de l&#039;action de la propolis. La propolis n&#039;a aucun effet secondaire connu. Il renforce le syst\u00e8me immunitaire tout en combattant les envahisseurs, ce que les antibiotiques sur ordonnance ne peuvent pas faire. Il a \u00e9galement d\u00e9montr\u00e9 une capacit\u00e9 remarquable \u00e0 d\u00e9sactiver les virus. Lorsque des antibiotiques sur ordonnance doivent \u00eatre utilis\u00e9s, la propolis a prouv\u00e9 qu&#039;elle augmentait l&#039;efficacit\u00e9 de la prescription, tout en renfor\u00e7ant le corps et en r\u00e9duisant consid\u00e9rablement les temps de r\u00e9cup\u00e9ration. La propolis est administr\u00e9e aux patients en Russie avant et apr\u00e8s la chirurgie pour aider \u00e0 gu\u00e9rir et pr\u00e9venir les infections, et pour augmenter les niveaux d&#039;\u00e9nergie pendant le processus de r\u00e9cup\u00e9ration. Il est souvent m\u00e9lang\u00e9 avec de l&#039;ail pour faire un puissant combattant des infections, tuant les virus et les envahisseurs bact\u00e9riens sans nuire aux bact\u00e9ries b\u00e9n\u00e9fiques dont le corps a besoin pour fonctionner correctement. Aristote a utilis\u00e9 la Propolis comme rem\u00e8de pour de nombreuses maladies diff\u00e9rentes et Pline l&#039;a utilis\u00e9 pour les plaies cutan\u00e9es.<\/span><\/p><p><span style=\"color: #000000;\">\u00a0C&#039;est tr\u00e8s <strong>actif contre Staphylococcus (ou infections \u00e0 staphylocoques, 20 souches), Streptococcus, (ou infections streptococciques, 10 souches), E. Coli (10 souches) et Candida Albicans<\/strong> (am\u00e9liore la capacit\u00e9 des m\u00e9dicaments pharmaceutiques antifongiques \u00e0 d\u00e9truire cette levure parasite comme le champignon qui habite les intestins, les voies g\u00e9nitales, la bouche, l&#039;\u0153sophage et la gorge<strong>), Salmonella, Proteus vulgaris, E. coli, bacille de Koch, Trichophyton Rubrum (fr\u00e9quent dans la plupart des maladies de la peau<\/strong>),<strong> la giardiase et <\/strong><strong>Trichomonas vaginalis. <\/strong><\/span><\/p><p><span style=\"color: #000000;\">Un groupe de chercheurs a compar\u00e9 un extrait de propolis au tinidazole, un m\u00e9dicament antiprotozoaire standard, chez 138 personnes infect\u00e9es par le parasite giardiase. L&#039;extrait semblait fonctionner ainsi que le traitement m\u00e9dicamenteux tinidazol. Il stimule le processus de <strong>phagocytose<\/strong><\/span><\/p><p style=\"text-align: center;\"><a class=\"buy\" href=\"#buy\"><strong>ALLER ACHETER MAINTENANT<\/strong><\/a><\/p><p><span style=\"color: #000000;\"><strong><em>Antiviral<\/em><\/strong><\/span><\/p><p><span style=\"color: #000000;\">Ce qui est peut-\u00eatre plus remarquable, c&#039;est que la Propolis agit contre les virus, contrairement aux antibiotiques. Il le fait gr\u00e2ce \u00e0 sa teneur en acide cinnamique et ses d\u00e9riv\u00e9s. Un certain nombre de rapports de revues m\u00e9dicales ont discut\u00e9 du r\u00f4le de la propolis dans la lutte contre les infections des voies respiratoires sup\u00e9rieures, telles que celles caus\u00e9es par les virus du rhume et de la grippe (Focht J, Arzneimittel-Forschung, ao\u00fbt 1993; 43:921-3). D&#039;autres chercheurs ont signal\u00e9 que les extraits d&#039;acide cinnamique de la propolis emp\u00eachent les virus de se reproduire, mais ils fonctionnent mieux lorsqu&#039;ils sont utilis\u00e9s pendant toute l&#039;infection (Serkedjieva J, Journal of Natural Products, mars 1992; 55:294-302).<\/span><\/p><p><span style=\"color: #000000;\">La propolis (teinture appliqu\u00e9e localement) inhibe et traite les <strong>Zona<\/strong> et <strong>L&#039;herp\u00e8s simplex<\/strong> Virus (dus aux flavonols et \u00e0 la lut\u00e9oline). La propolis peut pr\u00e9venir la r\u00e9currence des l\u00e9sions d&#039;herp\u00e8s simplex de type 2 pendant 6 mois ou plus ; \u00e9limine la douleur associ\u00e9e au virus de l&#039;herp\u00e8s dans 100% des cas\u00a0; et \u00e9limine les d\u00e9mangeaisons associ\u00e9es aux virus de l&#039;herp\u00e8s dans 85% des cas. La propolis pr\u00e9vient la r\u00e9cidive des l\u00e9sions herp\u00e9tiques dans 90% des cas ; gu\u00e9rit les l\u00e9sions herp\u00e9tiques existantes dans 90% des cas et a un effet direct sur les fibres nerveuses enflamm\u00e9es qui sont attaqu\u00e9es par le virus de l&#039;herp\u00e8s].<\/span><\/p><ol start=\"2\"><li><span style=\"color: #000000;\"><strong><em> Booster immunitaire<\/em><\/strong><\/span><\/li><\/ol><p><span style=\"color: #000000;\">Il stimule le syst\u00e8me immunitaire et aide \u00e0 la formation d&#039;anticorps comme les phagocytes. Il supprime \/ tue divers types de bact\u00e9ries nuisibles<\/span><\/p><p style=\"text-align: center;\"><span style=\"color: #000000;\"><strong> <a class=\"buy\" href=\"#buy\">ALLER ACHETER MAINTENANT<\/a><\/strong><\/span><\/p><ol start=\"3\"><li><span style=\"color: #000000;\"><strong><em> Anti-inflammatoire<\/em><\/strong><\/span><\/li><\/ol><p><span style=\"color: #000000;\">Les bioflavono\u00efdes contenus dans la propolis en font un superbe anti-inflammatoire. Cela lui permet \u00e9galement d&#039;\u00eatre si efficace pour stimuler le corps. Appliqu\u00e9 localement sur les ecchymoses et les br\u00fblures, acc\u00e9l\u00e8re la gu\u00e9rison et pr\u00e9vient l&#039;infection<\/span><\/p><p><span style=\"color: #000000;\"><strong><em>\u00a0<\/em><\/strong><\/span><\/p><ol start=\"4\"><li><span style=\"color: #000000;\"><strong><em> Antioxydant<\/em><\/strong><\/span><\/li><\/ol><p><span style=\"color: #000000;\"><strong>Propolis<\/strong> est riche en flavono\u00efdes (les flavono\u00efdes sont une super classe d&#039;antioxydants), qui \u00e0 eux seuls peuvent expliquer de nombreux avantages de la propolis. Il contient 21 flavono\u00efdes et antioxydants diff\u00e9rents pour aider \u00e0 contr\u00f4ler les radicaux libres. Les autres antioxydants pr\u00e9sents dans la propolis sont les terp\u00e8nes et les bioflavono\u00efdes, ainsi que les acides cinnamique, ph\u00e9nolique et caf\u00e9ique.<\/span><\/p><p><span style=\"color: #000000;\">Les radicaux libres sont caus\u00e9s par les d\u00e9chets de nos cellules corporelles qui augmentent avec le stress et les infections ainsi que par les contaminants environnementaux et les toxines. Ils causent des dommages cellulaires ou la mort cellulaire s&#039;ils ne sont pas neutralis\u00e9s. Les antioxydants pr\u00e9sents dans <strong>Propolis <\/strong>aider \u00e0 neutraliser les radicaux libres et pr\u00e9venir les dommages cellulaires. On pense que la propolis d&#039;abeille stimule la phagocytose, le moyen par lequel les globules blancs d\u00e9truisent les bact\u00e9ries.<\/span><\/p><p><span style=\"color: #000000;\">Propolis is a safe diet supplement, producing no negative side effects, and taken regularly can actually create a positive reaction to almost any disease. In today&#8217;s world where antibiotics are routinely over-prescribed, this bee product can be your very best first line of defense against illness and chronic disease<\/span><\/p><p><span style=\"color: #000000;\">Il prot\u00e8ge l&#039;organisme contre les effets toxiques des rayons gamma gr\u00e2ce aux propri\u00e9t\u00e9s antioxydantes des bioflavono\u00efdes.<\/span><\/p><p style=\"text-align: center;\"><a class=\"buy\" href=\"#buy\"><strong>ALLER ACHETER MAINTENANT<\/strong><\/a><\/p><ol start=\"5\"><li><span style=\"color: #000000;\"><strong><em> Anticanc\u00e9rig\u00e8ne<\/em><\/strong><\/span><\/li><\/ol><p><span style=\"color: #000000;\">L&#039;acide caf\u00e9ique contenu dans la propolis peut aider \u00e0 pr\u00e9venir le cancer du c\u00f4lon, selon un article publi\u00e9 dans le num\u00e9ro de septembre 1993 de Cancer Research, qui rapporte que les rats de laboratoire qui ont re\u00e7u de l&#039;acide caf\u00e9ique n&#039;ont pas d\u00e9velopp\u00e9 de tissu pr\u00e9canc\u00e9reux, m\u00eame apr\u00e8s avoir \u00e9t\u00e9 expos\u00e9s au cancer. provoquant des produits chimiques.<\/span><\/p><p><span style=\"color: #000000;\">Lorsqu&#039;il est consomm\u00e9 en interne, il a un taux de gu\u00e9rison de 65% pour les cancers cutan\u00e9s b\u00e9nins. [<\/span><\/p><p><span style=\"color: #000000;\"><strong><em>\u00a0<\/em><\/strong><\/span><\/p><ol start=\"6\"><li><span style=\"color: #000000;\"><strong><em> Endom\u00e9triose et infertilit\u00e9<\/em><\/strong><\/span><\/li><\/ol><p><span style=\"color: #000000;\">Une \u00e9tude isol\u00e9e, publi\u00e9e uniquement sous forme de r\u00e9sum\u00e9, a test\u00e9 la propolis d&#039;abeille chez des femmes atteintes d&#039;endom\u00e9triose l\u00e9g\u00e8re et d&#039;infertilit\u00e9. Des chercheurs auraient d\u00e9couvert que l&#039;utilisation de propolis d&#039;abeille \u00e0 une dose de 500 mg deux fois par jour entra\u00eenait un taux de grossesse de 60%, par rapport \u00e0 20% dans le groupe placebo, une diff\u00e9rence statistiquement significative. On ne sait pas pourquoi la propolis devrait avoir cet effet.<\/span><\/p><p><span style=\"color: #000000;\"><strong>\u00a0<\/strong><\/span><\/p><ol start=\"7\"><li><span style=\"color: #000000;\"><strong> Anti-inflammatoire<\/strong><\/span><\/li><\/ol><p><span style=\"color: #000000;\">Aide \u00e0 supprimer <strong>Inflammation<\/strong>. Donne de bons r\u00e9sultats contre l&#039;inflammation des muqueuses de la bouche et de la gorge, la toux s\u00e8che, l&#039;halitose, l&#039;amygdalite, les ulc\u00e8res et l&#039;acn\u00e9. R\u00e9duit l&#039;inflammation chronique associ\u00e9e \u00e0 l&#039;hypertrophie de la prostate.<\/span><\/p><p><span style=\"color: #000000;\"><strong>\u00a0<\/strong><\/span><\/p><ol start=\"8\"><li><span style=\"color: #000000;\"><strong> Nourriture parfaite<\/strong><\/span><\/li><\/ol><p><span style=\"color: #000000;\">La propolis contient les 22 nutriments n\u00e9cessaires \u00e0 l&#039;organisme pour une sant\u00e9 compl\u00e8te et parfaite. Il contient plus de 16 vitamines diff\u00e9rentes, ainsi que des min\u00e9raux, des enzymes, des co-enzymes, des glucides, des hormones, des prot\u00e9ines et des acides amin\u00e9s (les \u00e9l\u00e9ments constitutifs de la vie elle-m\u00eame).<\/span><\/p><p><span style=\"color: #000000;\">All in complete and natural balance. Propolis is a safe diet supplement, producing no negative side effects, and taken regularly can actually create a positive reaction to almost any disease. In today&#8217;s world where antibiotics are routinely over-prescribed, this bee product can be your very best first line of defense against illness and chronic disease.<\/span><\/p><p><span style=\"color: #000000;\">Les scientifiques, les chercheurs et les praticiens de la sant\u00e9 et de la nutrition du monde entier ont salu\u00e9 la valeur de la propolis en tant qu&#039;aliment parfait ainsi que ses propri\u00e9t\u00e9s m\u00e9dicinales et r\u00e9paratrices.<\/span><\/p><p style=\"text-align: center;\"><span style=\"color: #000000;\"><strong><a class=\"buy\" href=\"#buy\">ALLER ACHETER MAINTENANT<\/a>\u00a0<\/strong><\/span><\/p><p><span style=\"color: #000000;\"><strong>Applications<\/strong><\/span><\/p><p><span style=\"color: #000000;\">Anorexia nervosa, Arteriosclerosis and atherosclerosis, respiratory infections and diseases, polyps, insomnia, depression, nervousness, diverticulitis, varicose veins, diarrhea, gastritis, earache, sinusitis, tonsillitis, pharyngitis, tuberculosis, duodenal and gastric ulcers, colitis, periodontal disease, skin problems immune system support and improvement, allergies, skin ailments (for tissue regeneration, ulcers, bruises, eczema, wound healing &#8211; particularly burn wounds, mycosis, mucous membrane infections and lesions), cancer, infections of all sorts, colds, flu, bronchitis, ear problems, gum disease, headaches, acne, sunburn, fatigue, sore throats, herpes simplex and zoster, cancer, endometriosis, electromagnetic radiation, bruises and burns, leokoplakie, halitosis, candidiasis, giardiasis, Trichomonas vaginalis, liver protection and support, anemia, hypertension, circulatory problems, irregular menses, broken bones, prostate disease, arthritis, elevated blood fat and even Parkinson&#8217;s disease, according to extensive European studies.<\/span><\/p><p><span style=\"color: #000000;\"><strong>Les directions:<\/strong> 1 comprim\u00e9 une \u00e0 deux fois par jour<\/span><\/p><table width=\"478\"><tbody><tr><td colspan=\"3\" width=\"478\"><p><span style=\"color: #000000;\"><strong>Faits sur les suppl\u00e9ments<\/strong><\/span><\/p><\/td><\/tr><tr><td colspan=\"3\" width=\"478\"><p><span style=\"color: #000000;\">Portion: une (1) capsule<\/span><\/p><p><span style=\"color: #000000;\">Portion par contenant: 60<\/span><\/p><\/td><\/tr><tr><td width=\"253\">\u00a0<\/td><td width=\"114\"><p><span style=\"color: #000000;\"><strong>Montant par capsule<\/strong><\/span><\/p><\/td><td width=\"111\"><p><span style=\"color: #000000;\"><strong>%Daily Value<\/strong><\/span><\/p><\/td><\/tr><tr><td width=\"253\"><p><span style=\"color: #000000;\">Extrait de propolis d&#039;abeille 5: 1<\/span><\/p><\/td><td width=\"114\"><p><span style=\"color: #000000;\">50 mg<\/span><\/p><\/td><td width=\"111\"><p><span style=\"color: #000000;\">*<\/span><\/p><\/td><\/tr><tr><td colspan=\"3\" width=\"478\"><p><span style=\"color: #000000;\">*Valeur quotidienne non \u00e9tablie<\/span><\/p><\/td><\/tr><tr><td colspan=\"3\" width=\"478\"><p><span style=\"color: #000000;\"><strong>Autres ingr\u00e9dients: <\/strong>G\u00e9latine, cellulose microcristalline, silicate de calcium et st\u00e9arate de magn\u00e9sium v\u00e9g\u00e9tal<\/span><\/p><\/td><\/tr><\/tbody><\/table><\/div>\n\t\t\t\t<\/div>\n\t\t\t\t\t\t\t<div class=\"elementor-toggle-item\">\n\t\t\t\t\t<div id=\"elementor-tab-title-2042\" class=\"elementor-tab-title\" data-tab=\"2\" role=\"button\" aria-controls=\"elementor-tab-content-2042\" aria-expanded=\"false\">\n\t\t\t\t\t\t\t\t\t\t\t\t<span class=\"elementor-toggle-icon elementor-toggle-icon-left\" aria-hidden=\"true\">\n\t\t\t\t\t\t\t\t\t\t\t\t\t\t\t<span class=\"elementor-toggle-icon-closed\"><i class=\"far fa-caret-square-right\"><\/i><\/span>\n\t\t\t\t\t\t\t\t<span class=\"elementor-toggle-icon-opened\"><i class=\"elementor-toggle-icon-opened fas fa-caret-square-up\"><\/i><\/span>\n\t\t\t\t\t\t\t\t\t\t\t\t\t<\/span>\n\t\t\t\t\t\t\t\t\t\t\t\t<a class=\"elementor-toggle-title\" tabindex=\"0\">..<\/a>\n\t\t\t\t\t<\/div>\n\n\t\t\t\t\t<div id=\"elementor-tab-content-2042\" class=\"elementor-tab-content elementor-clearfix\" data-tab=\"2\" role=\"region\" aria-labelledby=\"elementor-tab-title-2042\"><\/div>\n\t\t\t\t<\/div>\n\t\t\t\t\t\t\t\t<\/div>\n\t\t\t\t\t\t<\/div>\n\t\t\t\t<\/div>\n\t\t\t\t\t<\/div>\n\t\t<\/div>\n\t\t\t\t\t<\/div>\n\t\t<\/section>\n\t\t\t\t<\/div>","protected":false},"excerpt":{"rendered":"<p><span style=\"font-family: go;\"><a name=\"buy\"><\/a><\/span><\/p>\n<ul>\n<li><strong><span style=\"font-family: go;\">Combattre de nombreuses maladies<\/span><\/strong><\/li>\n<li><strong><span style=\"font-family: go;\">R\u00e9duit la douleur, l&#039;inflammation et la fi\u00e8vre<\/span><\/strong><\/li>\n<li><strong><span style=\"font-family: go;\">Aide les infections de l&#039;oreille<\/span><\/strong><\/li>\n<\/ul>\n<p><strong>\u00a0\u00a0\u00a0\u00a0\u00a0 &gt;&gt;&gt;<span style=\"font-family: go; font-size: 14pt;\"><a href=\"#more\"><span style=\"color: #0000ff;\">Lire la suite<\/span><\/a><\/span><\/strong><\/p>","protected":false},"featured_media":759,"comment_status":"open","ping_status":"closed","template":"","meta":{"nf_dc_page":"","_bbp_topic_count":0,"_bbp_reply_count":0,"_bbp_total_topic_count":0,"_bbp_total_reply_count":0,"_bbp_voice_count":0,"_bbp_anonymous_reply_count":0,"_bbp_topic_count_hidden":0,"_bbp_reply_count_hidden":0,"_bbp_forum_subforum_count":0},"product_brand":[],"product_cat":[33,24],"product_tag":[],"class_list":{"0":"post-534","1":"product","2":"type-product","3":"status-publish","4":"has-post-thumbnail","6":"product_cat-all-products","7":"product_cat-natural-supplements","9":"first","10":"instock","11":"shipping-taxable","12":"purchasable","13":"product-type-simple"},"bundled_by":[],"bundle_stock_status":"instock","bundle_stock_quantity":1,"bundle_virtual":false,"bundle_layout":"","bundle_add_to_cart_form_location":"","bundle_editable_in_cart":false,"bundle_sold_individually_context":"","bundle_item_grouping":"","bundle_min_size":"","bundle_max_size":"","bundled_items":[],"bundle_sell_ids":[],"_links":{"self":[{"href":"https:\/\/www.naturesgiftforlife.com\/fr\/wp-json\/wp\/v2\/product\/534","targetHints":{"allow":["GET"]}}],"collection":[{"href":"https:\/\/www.naturesgiftforlife.com\/fr\/wp-json\/wp\/v2\/product"}],"about":[{"href":"https:\/\/www.naturesgiftforlife.com\/fr\/wp-json\/wp\/v2\/types\/product"}],"replies":[{"embeddable":true,"href":"https:\/\/www.naturesgiftforlife.com\/fr\/wp-json\/wp\/v2\/comments?post=534"}],"version-history":[{"count":0,"href":"https:\/\/www.naturesgiftforlife.com\/fr\/wp-json\/wp\/v2\/product\/534\/revisions"}],"wp:featuredmedia":[{"embeddable":true,"href":"https:\/\/www.naturesgiftforlife.com\/fr\/wp-json\/wp\/v2\/media\/759"}],"wp:attachment":[{"href":"https:\/\/www.naturesgiftforlife.com\/fr\/wp-json\/wp\/v2\/media?parent=534"}],"wp:term":[{"taxonomy":"product_brand","embeddable":true,"href":"https:\/\/www.naturesgiftforlife.com\/fr\/wp-json\/wp\/v2\/product_brand?post=534"},{"taxonomy":"product_cat","embeddable":true,"href":"https:\/\/www.naturesgiftforlife.com\/fr\/wp-json\/wp\/v2\/product_cat?post=534"},{"taxonomy":"product_tag","embeddable":true,"href":"https:\/\/www.naturesgiftforlife.com\/fr\/wp-json\/wp\/v2\/product_tag?post=534"}],"curies":[{"name":"wp","href":"https:\/\/api.w.org\/{rel}","templated":true}]}}