{"id":5337,"date":"2020-12-10T13:54:40","date_gmt":"2020-12-10T13:54:40","guid":{"rendered":"http:\/\/www.livehealthylivehappy.com\/new\/?post_type=product&#038;p=5337"},"modified":"2023-08-23T15:10:09","modified_gmt":"2023-08-23T15:10:09","slug":"maitake","status":"publish","type":"product","link":"https:\/\/www.naturesgiftforlife.com\/fr\/shop\/maitake\/","title":{"rendered":"Maitake"},"content":{"rendered":"<div data-elementor-type=\"wp-post\" data-elementor-id=\"5337\" class=\"elementor elementor-5337\">\n\t\t\t\t\t\t<section class=\"elementor-section elementor-top-section elementor-element elementor-element-e035e2c elementor-section-boxed elementor-section-height-default elementor-section-height-default\" data-id=\"e035e2c\" data-element_type=\"section\" data-e-type=\"section\">\n\t\t\t\t\t\t<div class=\"elementor-container elementor-column-gap-default\">\n\t\t\t\t\t<div class=\"elementor-column elementor-col-100 elementor-top-column elementor-element elementor-element-406308e\" data-id=\"406308e\" data-element_type=\"column\" data-e-type=\"column\">\n\t\t\t<div class=\"elementor-widget-wrap elementor-element-populated\">\n\t\t\t\t\t\t<div class=\"elementor-element elementor-element-77f943c elementor-widget elementor-widget-html\" data-id=\"77f943c\" data-element_type=\"widget\" data-e-type=\"widget\" data-widget_type=\"html.default\">\n\t\t\t\t<div class=\"elementor-widget-container\">\n\t\t\t\t\t<a name=\"more\"><\/a>\t\t\t\t<\/div>\n\t\t\t\t<\/div>\n\t\t\t\t<div class=\"elementor-element elementor-element-d43a4e6 elementor-invisible elementor-widget elementor-widget-toggle\" data-id=\"d43a4e6\" data-element_type=\"widget\" data-e-type=\"widget\" data-settings=\"{&quot;_animation&quot;:&quot;flash&quot;}\" data-widget_type=\"toggle.default\">\n\t\t\t\t<div class=\"elementor-widget-container\">\n\t\t\t\t\t\t\t<div class=\"elementor-toggle\">\n\t\t\t\t\t\t\t<div class=\"elementor-toggle-item\">\n\t\t\t\t\t<div id=\"elementor-tab-title-2221\" class=\"elementor-tab-title\" data-tab=\"1\" role=\"button\" aria-controls=\"elementor-tab-content-2221\" aria-expanded=\"false\">\n\t\t\t\t\t\t\t\t\t\t\t\t<span class=\"elementor-toggle-icon elementor-toggle-icon-left\" aria-hidden=\"true\">\n\t\t\t\t\t\t\t\t\t\t\t\t\t\t\t<span class=\"elementor-toggle-icon-closed\"><i class=\"far fa-caret-square-right\"><\/i><\/span>\n\t\t\t\t\t\t\t\t<span class=\"elementor-toggle-icon-opened\"><i class=\"elementor-toggle-icon-opened fas fa-caret-square-up\"><\/i><\/span>\n\t\t\t\t\t\t\t\t\t\t\t\t\t<\/span>\n\t\t\t\t\t\t\t\t\t\t\t\t<a class=\"elementor-toggle-title\" tabindex=\"0\">Description d\u00e9taill\u00e9e du produit \/ faits sur les suppl\u00e9ments<\/a>\n\t\t\t\t\t<\/div>\n\n\t\t\t\t\t<div id=\"elementor-tab-content-2221\" class=\"elementor-tab-content elementor-clearfix\" data-tab=\"1\" role=\"region\" aria-labelledby=\"elementor-tab-title-2221\"><p style=\"text-align: center;\"><span style=\"color: #000000;\"><strong>Herbe \u2013 Champignon<\/strong><\/span><\/p><p><span style=\"color: #000000;\"><strong>Avantages:<\/strong><\/span><\/p><ul><li><span style=\"color: #000000;\">Stimule le syst\u00e8me immunitaire.\u00a0<\/span><\/li><li><span style=\"color: #000000;\">R\u00e9gule le syst\u00e8me digestif.<\/span><\/li><li><span style=\"color: #000000;\">Mod\u00e8re le taux de sucre dans le sang.<\/span><\/li><li><span style=\"color: #000000;\">Contains anti-oxidant properties &#8211; stimulates overall vitality.<\/span><\/li><li><span style=\"color: #000000;\">Am\u00e9liore la sant\u00e9 de la peau.<\/span><\/li><li><span style=\"color: #000000;\">Aide au contr\u00f4le du poids en am\u00e9liorant le m\u00e9tabolisme.<\/span><\/li><\/ul><ul><li><span style=\"color: #000000;\">Immune system booster &#8211; stimulates the building of a strong\u00a0immune system to ensure the body endurance against the infections and viral diseases;<\/span><\/li><li><span style=\"color: #000000;\">Cardio-vascular tonic &#8211; supports the function of cardiovascular\u00a0system, lowers high blood pressure and regulates the cholesterol level;<\/span><\/li><li><span style=\"color: #000000;\">Tonique du syst\u00e8me nerveux - procure un effet calmant et renforce le syst\u00e8me nerveux;<\/span><\/li><\/ul><p style=\"text-align: center;\"><strong><a class=\"buy\" href=\"#buy\">ALLER ACHETER MAINTENANT<\/a><\/strong><\/p><p><span style=\"color: #000000;\"><strong>Aper\u00e7u\u00a0<\/strong><\/span><\/p><p><span style=\"color: #000000;\">Maitake mushroom is a highly regarded Japanese mushroom in both the culinary and medicinal world. It is a very large mushroom, which grows deep in the mountains of northeastern Japan, as well as in North America and Europe. For centuries it was a rare and difficult mushroom to get. In fact, in the feudal era of Japan this mushroom used to be exchanged with the same weight of silver by local lords who in turn offered it to their superiors, the Shoguns that were of succession of Japanese hereditary Commanders-in-Chief and virtual rulers before 1868. The name &#8220;Maitake&#8221; literally means &#8220;dancing mushroom&#8221; so-called because people knowing well of its delicious taste and of the health benefits when they managed to find the mushroom in the deep mountains they began dancing with happiness and delight. Another interpretation for the name is that its beautifully shaped wavy petals remind one of a butterfly flapping its wings. The common English name is &#8220;Hen of the Woods&#8221; because Maitake resembles a hen\u2019s tail.<\/span><\/p><p><span style=\"color: #000000;\">The scientific name &#8220;Grifola frondosa&#8221; comes from the common name\u00a0of Maitake found in Italy and myths refer to this mushroom as a half-lion\u00a0and half-eagle beast. In remote areas Maitake can grow to enormous sizes weighing over\u00a050 pounds (22 Kg). This is why this giant mushroom is called the\u00a0&#8220;King of Mushrooms&#8221;.<\/span><\/p><p><span style=\"color: #000000;\"><strong><em>\u00a0<\/em><\/strong><\/span><\/p><p><span style=\"color: #000000;\">Actions et propri\u00e9t\u00e9s <\/span><br \/><span style=\"color: #000000;\">Adaptogen, Tonic, Immune booster, anti-cancer, infection-fighter, cholesterol lowering, reduces tryglyceride levels, lowers arterial blood pressure, immunomodulator, anti \u2013 HIV, anti-hypertension, anti-obesity, liver regenerator and protector.<\/span><\/p><p style=\"text-align: center;\"><a class=\"buy\" href=\"#buy\"><strong>ALLER ACHETER MAINTENANT<\/strong><\/a><\/p><p><span style=\"color: #000000;\"><strong><em>Champignon anti-cancer<\/em><\/strong><\/span><\/p><p><span style=\"color: #000000;\">La fructification et le myc\u00e9lium de Maitake sont utilis\u00e9s en m\u00e9decine. Le champignon Maitake (Grifola frondosa) est peut-\u00eatre mieux connu pour ses propri\u00e9t\u00e9s anticanc\u00e9reuses. Il contient du grifolan, un important polysaccharide b\u00eata-glucane (mol\u00e9cule compos\u00e9e de nombreuses mol\u00e9cules de sucre li\u00e9es entre elles). Il a \u00e9t\u00e9 d\u00e9montr\u00e9 que le Grifolan active <strong>macrophages<\/strong>, a type of cell consider the \u00abheavy artillery&#8221;: of the immune system, explains Larry A. Walker, Ph.D., R.D., author of &#8220;Natural products update,&#8221; published in Drug Topics, June 1997. D-fraction, one of the polysaccharides in Maitake mushroom also activates <strong>cellules T m\u00e9moire<\/strong>, <strong>cellules tueuses naturelles et cytokines<\/strong>.<\/span><\/p><p><span style=\"color: #000000;\">Macrophages are any of various phagocytic cells in connective tissue, lymphatic tissue, and bone marrow. Phagocytic cells are those that ingest and destroy harmful cells and other foreign matter in the blood and tissues. Memory T cells are important because they stimulate antibody production by \u201cremembering\u201d and recognizing foreign antibodies. In this manner, it is effective in preventing the spread of the cancer by aiding the immune system in locating (by remembering) destructive cells before they can give way to tumor growth in other areas of the body. Natural killer cells destroy virus-inflicted cells. Cytokines are proteins produced by white blood cells that attach themselves to T cell lymphocytes, thereby creating an army of tumor-fighting cells.<\/span><\/p><p><span style=\"color: #000000;\">The evidence confirming Maitake&#8217;s therapeutic value &#8211; both in and out of the laboratory &#8211; is impressive. Laboratory studies have shown that Maitake extract can block the growth of cancer tumors and boost the immune function of mice with cancer of the breast, lung, liver, and prostate. Reduction in cancer growth was reported to be as much as seventy-five percent in some cases. Growth in stomach cancer, bone cancer, and leukemia were inhibited to a lesser degree.<\/span><\/p><p style=\"text-align: center;\"><a class=\"buy\" href=\"#buy\"><strong>ALLER ACHETER MAINTENANT<\/strong><\/a><\/p><p><span style=\"color: #000000;\">Haroaki Nanba reported the findings of the following study in &#8220;Maitake D-fraction: healing and preventing potentials for cancer,&#8221; published in the Townsend Letter for Doctors and Patients, Feb\/Mar 1996; In a non-randomized clinical study, 165 individuals with advanced cancer used Maitake D-fraction. Patients received either Maitake D-fraction alone or with chemotherapy. Maitake mushroom was found effective against leukemia and stomach and bone cancers. Responses were further improved when Maitake D-fraction and chemotherapy were used together. Individuals receiving <a href=\"https:\/\/livehealthylivehappy.com\/category\/infertility\/\" target=\"_blank\" rel=\"noopener\">Maitake<\/a> La fraction D a \u00e9galement \u00e9t\u00e9 soulag\u00e9e des effets secondaires de la chimioth\u00e9rapie, tels que la perte d&#039;app\u00e9tit, les vomissements, les naus\u00e9es, la perte de cheveux et la carence en globules blancs.<\/span><\/p><p><span style=\"color: #000000;\">La nourriture am\u00e9ricaine et <a href=\"https:\/\/www.naturesgiftforlife.com\/fr\/shop\/anti-stress-zincallergies\/\">M\u00e9dicament<\/a> Administration (FDA) a r\u00e9cemment approuv\u00e9 des \u00e9tudes cliniques d&#039;un de ses extraits sur des participants atteints d&#039;un <a href=\"https:\/\/livehealthylivehappy.com\/category\/cancer\/\" target=\"_blank\" rel=\"noopener\"><strong>cancer du sein et de la prostate<\/strong><\/a>. La FDA a en fait ignor\u00e9 l&#039;\u00e9tude de toxicit\u00e9 habituelle de premi\u00e8re phase, passant directement \u00e0 une \u00e9tude de phase deux sur l&#039;homme, ce qui indique fortement qu&#039;elle est tr\u00e8s prometteuse.<\/span><\/p><p style=\"text-align: center;\"><a class=\"buy\" href=\"#buy\"><strong>ALLER ACHETER MAINTENANT<\/strong><\/a><\/p><p><span style=\"color: #000000;\"><strong><em>Diab\u00e8te <\/em><\/strong><\/span><\/p><p><span style=\"color: #000000;\">People with Type 2 Diabetes may also benefit from Maitake mushroom, according to researchers Hiroaki Nanba and Keiko Kubo, authors of &#8220;Mushroom biology and mushroom products&#8221;. Researchers investigated a specific, high-molecular polysaccharide in Maitake called the X-fraction. They found that mice given Maitake had an increased ability to recognize glucose, and the control group had higher blood glucose levels. The researchers suggested that Maitake mushroom can reduce insulin resistance, thereby increasing insulin sensitivity. The X-fraction appears to be the active compound with anti-diabetic properties.<\/span><\/p><p><span style=\"color: #000000;\"><strong><em>Booster immunitaire<\/em><\/strong><\/span><\/p><p><span style=\"color: #000000;\">Un d\u00e9nominateur commun entre certains champignons m\u00e9dicinaux et certaines herbes comme le Cordyceps est la pr\u00e9sence de polysaccharides complexes dans leur structure (polysaccharides b\u00eata-glucanes). Ces composants actifs aident \u00e0 soutenir le syst\u00e8me immunitaire et sont parfois appel\u00e9s immunomodulateurs. Les polysaccharides qu&#039;il contient ont une structure unique et sont parmi les plus puissants \u00e9tudi\u00e9s en \u00e9prouvette \u00e0 ce jour. Le polysaccharide primaire, le b\u00eata-D-glucane, est bien absorb\u00e9 lorsqu&#039;il est pris par voie orale et est \u00e0 l&#039;\u00e9tude comme outil potentiel de pr\u00e9vention et de traitement du cancer et comme traitement d&#039;appoint de l&#039;infection par le VIH.<\/span><\/p><p><span style=\"color: #000000;\">Maitake contient 1, 3 et 1, 6 b\u00eata-glucanes et a d\u00e9montr\u00e9 son efficacit\u00e9 clinique dans l&#039;am\u00e9lioration de la fonction du syst\u00e8me immunitaire, en particulier chez les patients atteints de diverses formes de cancer, du VIH\/SIDA et du syndrome de fatigue chronique.<\/span><\/p><p><strong>\u00a0<\/strong><\/p><p><span style=\"color: #000000;\"><strong><em>Soulage le syndrome de fatigue chronique<\/em><\/strong><\/span><\/p><p><span style=\"color: #000000;\">Maitake stimulates immune function and fights infection. It also provides nutritional support by enhancing the body\u2019s absorption of micronutrients, including zinc, which is often not readily available to the bodies of people with CFS.<\/span><\/p><p style=\"text-align: center;\"><a class=\"buy\" href=\"#buy\"><strong>ALLER ACHETER MAINTENANT<\/strong><\/a><\/p><p><span style=\"color: #000000;\"><strong><em>Stress et infection : <\/em><\/strong>Vous aide \u00e0 vous adapter au stress et \u00e0 r\u00e9sister aux infections. Comme les autres champignons m\u00e9dicinaux <em>Reishi<\/em> et <em>Shiitak\u00e9<\/em>, il a longtemps \u00e9t\u00e9 utilis\u00e9 comme tonique et adaptog\u00e8ne, favorisant le bien-\u00eatre et la vitalit\u00e9.<\/span><\/p><p><span style=\"color: #000000;\"><strong><em>Autres utilisations<\/em><\/strong><\/span><\/p><p><span style=\"color: #000000;\">En outre, de nombreux m\u00e9decins au Japon utilisent le champignon Maitake pour abaisser la tension art\u00e9rielle et les lipides sanguins, deux facteurs de risque cl\u00e9s des maladies cardiovasculaires.<\/span><\/p><p><span style=\"color: #000000;\">Beinfield also recommends Maitake mushroom for stomach ailments. &#8220;It aids digestion by regulating the stomach and intestines, and helps eliminate food stagnation,&#8221; she explains.<\/span><\/p><p><span style=\"color: #000000;\"><em>Avertissements \/ S\u00e9curit\u00e9<\/em>: \u00c9tant donn\u00e9 que Maitake affecte la tension art\u00e9rielle chez les animaux, les personnes utilisant des m\u00e9dicaments pour le diab\u00e8te et la tension art\u00e9rielle devraient d&#039;abord consulter leur m\u00e9decin.<\/span><\/p><p><span style=\"color: #000000;\"><strong>Les directions:<\/strong><\/span><\/p><p><span style=\"color: #000000;\">Comme adaptag\u00e8ne : 1 \u00e0 3 g\u00e9lules par jour<\/span><\/p><p><span style=\"color: #000000;\">Pour les affections graves, Maitake peut \u00eatre utilis\u00e9 \u00e0 raison de 3 \u00e0 7 grammes par jour. Cette plante devrait \u00eatre utilis\u00e9e comme th\u00e9rapie compl\u00e9mentaire pour les maladies chroniques telles que le cancer. Il ne doit pas \u00eatre consid\u00e9r\u00e9 comme un substitut aux traitements standards.<\/span><\/p><p style=\"text-align: center;\"><a class=\"buy\" href=\"#buy\"><strong>ALLER ACHETER MAINTENANT<\/strong><\/a><\/p><table width=\"500\"><tbody><tr><td width=\"500\"><p><span style=\"color: #000000;\"><strong>Faits sur les suppl\u00e9ments<\/strong><\/span><\/p><p><span style=\"color: #000000;\">Portion: une (1) capsule<\/span><\/p><\/td><\/tr><tr><td width=\"500\"><p><span style=\"color: #000000;\">Amount Per Serving\u00a0\u00a0\u00a0\u00a0\u00a0\u00a0\u00a0\u00a0\u00a0\u00a0\u00a0\u00a0\u00a0\u00a0\u00a0\u00a0\u00a0\u00a0\u00a0\u00a0\u00a0\u00a0\u00a0\u00a0\u00a0\u00a0\u00a0\u00a0\u00a0\u00a0\u00a0\u00a0\u00a0\u00a0\u00a0\u00a0\u00a0\u00a0\u00a0\u00a0\u00a0 %Daily Value<\/span><\/p><\/td><\/tr><tr><td width=\"500\"><p><span style=\"color: #000000;\">Maitake Mushroom Powder\u00a0\u00a0\u00a0\u00a0\u00a0\u00a0\u00a0\u00a0\u00a0\u00a0\u00a0\u00a0\u00a0\u00a0\u00a0\u00a0\u00a0\u00a0\u00a0\u00a0\u00a0\u00a0\u00a0\u00a0\u00a0\u00a0\u00a0\u00a0\u00a0\u00a0\u00a0\u00a0\u00a0\u00a0\u00a0\u00a0\u00a0 500mg *<\/span><\/p><\/td><\/tr><tr><td width=\"500\"><p><span style=\"color: #000000;\">* Valeur quotidienne non \u00e9tablie<\/span><\/p><p><span style=\"color: #000000;\">Autres ingr\u00e9dients : G\u00e9latine. St\u00e9arate de magn\u00e9sium<\/span><\/p><\/td><\/tr><\/tbody><\/table><\/div>\n\t\t\t\t<\/div>\n\t\t\t\t\t\t\t<div class=\"elementor-toggle-item\">\n\t\t\t\t\t<div id=\"elementor-tab-title-2222\" class=\"elementor-tab-title\" data-tab=\"2\" role=\"button\" aria-controls=\"elementor-tab-content-2222\" aria-expanded=\"false\">\n\t\t\t\t\t\t\t\t\t\t\t\t<span class=\"elementor-toggle-icon elementor-toggle-icon-left\" aria-hidden=\"true\">\n\t\t\t\t\t\t\t\t\t\t\t\t\t\t\t<span class=\"elementor-toggle-icon-closed\"><i class=\"far fa-caret-square-right\"><\/i><\/span>\n\t\t\t\t\t\t\t\t<span class=\"elementor-toggle-icon-opened\"><i class=\"elementor-toggle-icon-opened fas fa-caret-square-up\"><\/i><\/span>\n\t\t\t\t\t\t\t\t\t\t\t\t\t<\/span>\n\t\t\t\t\t\t\t\t\t\t\t\t<a class=\"elementor-toggle-title\" tabindex=\"0\">..<\/a>\n\t\t\t\t\t<\/div>\n\n\t\t\t\t\t<div id=\"elementor-tab-content-2222\" class=\"elementor-tab-content elementor-clearfix\" data-tab=\"2\" role=\"region\" aria-labelledby=\"elementor-tab-title-2222\"><\/div>\n\t\t\t\t<\/div>\n\t\t\t\t\t\t\t\t<\/div>\n\t\t\t\t\t\t<\/div>\n\t\t\t\t<\/div>\n\t\t\t\t\t<\/div>\n\t\t<\/div>\n\t\t\t\t\t<\/div>\n\t\t<\/section>\n\t\t\t\t<\/div>","protected":false},"excerpt":{"rendered":"<p><a name=\"buy\"><\/a><\/p>\n<ul>\n<li><strong><span style=\"font-family: go;\">Stimule le syst\u00e8me immunitaire.\u00a0<\/span><\/strong><\/li>\n<li><strong><span style=\"font-family: go;\">R\u00e9gule le syst\u00e8me digestif.<\/span><\/strong><\/li>\n<li><strong><span style=\"font-family: go;\">Mod\u00e8re le taux de sucre dans le sang.<\/span><\/strong><\/li>\n<\/ul>\n<p><strong>\u00a0\u00a0\u00a0\u00a0\u00a0\u00a0 &gt;&gt;&gt;<span style=\"font-family: go; font-size: 14pt;\"><a href=\"#more\"><span style=\"color: #0000ff;\">Lire la suite<\/span><\/a><\/span><\/strong><\/p>","protected":false},"featured_media":1355,"comment_status":"open","ping_status":"closed","template":"","meta":{"nf_dc_page":"","_bbp_topic_count":0,"_bbp_reply_count":0,"_bbp_total_topic_count":0,"_bbp_total_reply_count":0,"_bbp_voice_count":0,"_bbp_anonymous_reply_count":0,"_bbp_topic_count_hidden":0,"_bbp_reply_count_hidden":0,"_bbp_forum_subforum_count":0},"product_brand":[],"product_cat":[33],"product_tag":[],"class_list":{"0":"post-5337","1":"product","2":"type-product","3":"status-publish","4":"has-post-thumbnail","6":"product_cat-all-products","8":"first","9":"instock","10":"shipping-taxable","11":"purchasable","12":"product-type-simple"},"bundled_by":[],"bundle_stock_status":"instock","bundle_stock_quantity":2,"bundle_virtual":false,"bundle_layout":"","bundle_add_to_cart_form_location":"","bundle_editable_in_cart":false,"bundle_sold_individually_context":"","bundle_item_grouping":"","bundle_min_size":"","bundle_max_size":"","bundled_items":[],"bundle_sell_ids":[],"_links":{"self":[{"href":"https:\/\/www.naturesgiftforlife.com\/fr\/wp-json\/wp\/v2\/product\/5337","targetHints":{"allow":["GET"]}}],"collection":[{"href":"https:\/\/www.naturesgiftforlife.com\/fr\/wp-json\/wp\/v2\/product"}],"about":[{"href":"https:\/\/www.naturesgiftforlife.com\/fr\/wp-json\/wp\/v2\/types\/product"}],"replies":[{"embeddable":true,"href":"https:\/\/www.naturesgiftforlife.com\/fr\/wp-json\/wp\/v2\/comments?post=5337"}],"version-history":[{"count":0,"href":"https:\/\/www.naturesgiftforlife.com\/fr\/wp-json\/wp\/v2\/product\/5337\/revisions"}],"wp:featuredmedia":[{"embeddable":true,"href":"https:\/\/www.naturesgiftforlife.com\/fr\/wp-json\/wp\/v2\/media\/1355"}],"wp:attachment":[{"href":"https:\/\/www.naturesgiftforlife.com\/fr\/wp-json\/wp\/v2\/media?parent=5337"}],"wp:term":[{"taxonomy":"product_brand","embeddable":true,"href":"https:\/\/www.naturesgiftforlife.com\/fr\/wp-json\/wp\/v2\/product_brand?post=5337"},{"taxonomy":"product_cat","embeddable":true,"href":"https:\/\/www.naturesgiftforlife.com\/fr\/wp-json\/wp\/v2\/product_cat?post=5337"},{"taxonomy":"product_tag","embeddable":true,"href":"https:\/\/www.naturesgiftforlife.com\/fr\/wp-json\/wp\/v2\/product_tag?post=5337"}],"curies":[{"name":"wp","href":"https:\/\/api.w.org\/{rel}","templated":true}]}}