{"id":5317,"date":"2020-12-09T14:58:41","date_gmt":"2020-12-09T14:58:41","guid":{"rendered":"http:\/\/www.livehealthylivehappy.com\/new\/?post_type=product&#038;p=5317"},"modified":"2023-08-23T15:14:48","modified_gmt":"2023-08-23T15:14:48","slug":"healthy-kidney-formula","status":"publish","type":"product","link":"https:\/\/www.naturesgiftforlife.com\/fr\/shop\/healthy-kidney-formula\/","title":{"rendered":"Formule r\u00e9nale saine"},"content":{"rendered":"<div data-elementor-type=\"wp-post\" data-elementor-id=\"5317\" class=\"elementor elementor-5317\">\n\t\t\t\t\t\t<section class=\"elementor-section elementor-top-section elementor-element elementor-element-4454d95 elementor-section-boxed elementor-section-height-default elementor-section-height-default\" data-id=\"4454d95\" data-element_type=\"section\" data-e-type=\"section\">\n\t\t\t\t\t\t<div class=\"elementor-container elementor-column-gap-default\">\n\t\t\t\t\t<div class=\"elementor-column elementor-col-100 elementor-top-column elementor-element elementor-element-011ee1b\" data-id=\"011ee1b\" data-element_type=\"column\" data-e-type=\"column\">\n\t\t\t<div class=\"elementor-widget-wrap elementor-element-populated\">\n\t\t\t\t\t\t<div class=\"elementor-element elementor-element-0fe1ca0 elementor-widget elementor-widget-html\" data-id=\"0fe1ca0\" data-element_type=\"widget\" data-e-type=\"widget\" data-widget_type=\"html.default\">\n\t\t\t\t<div class=\"elementor-widget-container\">\n\t\t\t\t\t<a name=\"more\"><\/a>\t\t\t\t<\/div>\n\t\t\t\t<\/div>\n\t\t\t\t<div class=\"elementor-element elementor-element-323963d elementor-invisible elementor-widget elementor-widget-toggle\" data-id=\"323963d\" data-element_type=\"widget\" data-e-type=\"widget\" data-settings=\"{&quot;_animation&quot;:&quot;flash&quot;}\" data-widget_type=\"toggle.default\">\n\t\t\t\t<div class=\"elementor-widget-container\">\n\t\t\t\t\t\t\t<div class=\"elementor-toggle\">\n\t\t\t\t\t\t\t<div class=\"elementor-toggle-item\">\n\t\t\t\t\t<div id=\"elementor-tab-title-5261\" class=\"elementor-tab-title\" data-tab=\"1\" role=\"button\" aria-controls=\"elementor-tab-content-5261\" aria-expanded=\"false\">\n\t\t\t\t\t\t\t\t\t\t\t\t<span class=\"elementor-toggle-icon elementor-toggle-icon-left\" aria-hidden=\"true\">\n\t\t\t\t\t\t\t\t\t\t\t\t\t\t\t<span class=\"elementor-toggle-icon-closed\"><i class=\"far fa-caret-square-right\"><\/i><\/span>\n\t\t\t\t\t\t\t\t<span class=\"elementor-toggle-icon-opened\"><i class=\"elementor-toggle-icon-opened fas fa-caret-square-up\"><\/i><\/span>\n\t\t\t\t\t\t\t\t\t\t\t\t\t<\/span>\n\t\t\t\t\t\t\t\t\t\t\t\t<a class=\"elementor-toggle-title\" tabindex=\"0\">Description d\u00e9taill\u00e9e du produit \/ Faits suppl\u00e9mentaires<\/a>\n\t\t\t\t\t<\/div>\n\n\t\t\t\t\t<div id=\"elementor-tab-content-5261\" class=\"elementor-tab-content elementor-clearfix\" data-tab=\"1\" role=\"region\" aria-labelledby=\"elementor-tab-title-5261\"><p><span style=\"color: #000000;\"><strong>Avantages: <\/strong><\/span><\/p><ul><li><span style=\"color: #000000;\">Maintient un rein sain<\/span><\/li><li><span style=\"color: #000000;\">Veiller \u00e0 ce que la bonne quantit\u00e9 de nutriments solubles dans l&#039;eau soit r\u00e9guli\u00e8rement mise \u00e0 la disposition du corps, pour aider au processus de gu\u00e9rison<\/span><\/li><\/ul><p style=\"text-align: center;\"><a class=\"buy\" href=\"#buy\"><strong>ALLER ACHETER MAINTENANT<\/strong><\/a><\/p><p><span style=\"color: #000000;\"><strong>Pr\u00e9sentation du produit<\/strong> &#8211; Most people don\u2019t realize how important kidney function is in maintaining your health. They are vital organs that perform many functions; the most important being to help keep your blood clean, chemically balanced and properly hydrated. The kidneys are bean-shaped organs, each about the size of your fist. They are located near the middle of your back, just below the rib cage. About every 30 minutes or so your kidneys filter the total volume of blood in your body, removing about 2 quarts of waste products and excess water each day. So, the last thing you need is to develop a kidney disease or other kidney related pathologies that will tax the ability of the kidneys to do their job to the maximum. <\/span><br \/><br \/><\/p><p><span style=\"color: #000000;\">Si vous d\u00e9veloppez un probl\u00e8me r\u00e9nal, une bonne nutrition est extr\u00eamement importante pendant cette p\u00e9riode de stress, et les nutriments favorisant le stress tels que ceux trouv\u00e9s dans HEALTHY KIDNEY FORMULA sont de la plus haute importance en ce moment. Soutenir le corps en prenant les nutriments appropri\u00e9s est essentiel pour que la gu\u00e9rison se produise. Cependant, vous devez faire attention \u00e0 ne pas surcharger le syst\u00e8me avec trop de base de nutriments \u00e0 la fois, car le corps produit d\u00e9j\u00e0 ses propres sous-produits m\u00e9taboliques. Les d\u00e9chets et l&#039;exc\u00e8s d&#039;eau produits par les reins deviennent de l&#039;urine, qui s&#039;\u00e9coule dans votre vessie pour \u00eatre stock\u00e9e en vue d&#039;une \u00e9limination ult\u00e9rieure. Les d\u00e9chets dans votre sang sont le r\u00e9sultat final de la d\u00e9gradation normale de la digestion des aliments et d&#039;autres sous-produits m\u00e9taboliques syst\u00e9miques que votre corps fabrique. Dans un rein qui ne fonctionne pas correctement, les nutriments ne sont pas r\u00e9absorb\u00e9s comme ils devraient l&#039;\u00eatre. Typiquement, dans un rein sain, certaines des vitamines essentielles, des acides amin\u00e9s, du glucose, des hormones et d&#039;autres substances vitales sont renvoy\u00e9s dans la circulation sanguine, tout exc\u00e8s \u00e9tant rejet\u00e9 dans l&#039;urine. Mais dans un rein malsain, cela ne se produit pas comme il se doit, donc ces nutriments doivent \u00eatre remplac\u00e9s.<\/span><\/p><p style=\"text-align: center;\"><a class=\"buy\" href=\"#buy\"><strong>ALLER ACHETER MAINTENANT<\/strong><\/a><\/p><p><span style=\"color: #000000;\">Les reins s&#039;efforcent de maintenir un \u00e9quilibre sain des bonnes quantit\u00e9s de nutriments dans le sang tels que le sodium; le phosphore, le potassium et les vitamines retournent dans la circulation sanguine tout ce dont il a besoin. Comprendre le fonctionnement de vos reins peut vous aider \u00e0 les garder en bonne sant\u00e9 et ainsi prendre soin d&#039;eux !<\/span><\/p><p><span style=\"color: #000000;\"><strong>Avantage NG4L: <\/strong>NG4L a d\u00e9velopp\u00e9 une formule pour les reins sains pour garantir que la bonne quantit\u00e9 de nutriments solubles dans l&#039;eau est mise \u00e0 la disposition du corps de mani\u00e8re r\u00e9guli\u00e8re, pour aider au processus de gu\u00e9rison. Une fois dans le corps, ces nutriments agissent comme des cofacteurs dans l&#039;utilisation des nutriments synergiques dont le corps a besoin pour fonctionner de mani\u00e8re optimale, et en quantit\u00e9s qui ne surchargeront pas les reins d\u00e9j\u00e0 surcharg\u00e9s. La formule pour les reins sains n&#039;est qu&#039;une fa\u00e7on de plus de compter sur NG4L pour prendre soin de vous et assurer votre long\u00e9vit\u00e9 m\u00eame lorsque vous \u00eates d\u00e9prim\u00e9. NG4L vous assure un produit de haute qualit\u00e9 directement du fabricant.<\/span><\/p><table><tbody><tr><td width=\"430\"><p><span style=\"color: #000000;\">Portion : 2 Dose par bo\u00eete : 30<\/span><\/p><\/td><td colspan=\"2\" width=\"213\"><p>\u00a0<\/p><\/td><\/tr><tr><td width=\"299\"><p><span style=\"color: #000000;\">Ingr\u00e9dients<\/span><\/p><\/td><td width=\"101\"><p><span style=\"color: #000000;\">Dosage<\/span><\/p><\/td><td width=\"154\"><p><span style=\"color: #000000;\">Valeur quotidienne %<\/span><\/p><\/td><\/tr><tr><td width=\"299\"><p><span style=\"color: #000000;\">Vitamine C (acide ascorbique)<\/span><\/p><\/td><td width=\"101\"><p><span style=\"color: #000000;\">100 mg<\/span><\/p><\/td><td width=\"154\"><p><span style=\"color: #000000;\">1 67%<\/span><\/p><\/td><\/tr><tr><td width=\"299\"><p><span style=\"color: #000000;\">Mononitrate de thiamine (vitamine B1)<\/span><\/p><\/td><td width=\"101\"><p><span style=\"color: #000000;\">1,5 mg<\/span><\/p><\/td><td width=\"154\"><p><span style=\"color: #000000;\">1 00%<\/span><\/p><\/td><\/tr><tr><td width=\"299\"><p><span style=\"color: #000000;\">Riboflavine (vitamine B2)<\/span><\/p><\/td><td width=\"101\"><p><span style=\"color: #000000;\">1,7 mg<\/span><\/p><\/td><td width=\"154\"><p><span style=\"color: #000000;\">1 00%<\/span><\/p><\/td><\/tr><tr><td width=\"299\"><p><span style=\"color: #000000;\">Niacine (niacinamine)<\/span><\/p><\/td><td width=\"101\"><p><span style=\"color: #000000;\">20 mg<\/span><\/p><\/td><td width=\"154\"><p><span style=\"color: #000000;\">1 00%<\/span><\/p><\/td><\/tr><tr><td width=\"299\"><p><span style=\"color: #000000;\">Chlorhydrate de pyridoxine (vitamine B6)<\/span><\/p><\/td><td width=\"101\"><p><span style=\"color: #000000;\">1 0 mg<\/span><\/p><\/td><td width=\"154\"><p><span style=\"color: #000000;\">500%<\/span><\/p><\/td><\/tr><tr><td width=\"299\"><p><span style=\"color: #000000;\">Folate (acide folique)<\/span><\/p><\/td><td width=\"101\"><p><span style=\"color: #000000;\">1 000 mcg<\/span><\/p><\/td><td width=\"154\"><p><span style=\"color: #000000;\">250%<\/span><\/p><\/td><\/tr><tr><td width=\"299\"><p><span style=\"color: #000000;\">Cyanocobalamine (vitamine B1 2)<\/span><\/p><\/td><td width=\"101\"><p><span style=\"color: #000000;\">6 mcg<\/span><\/p><\/td><td width=\"154\"><p><span style=\"color: #000000;\">1 00%<\/span><\/p><\/td><\/tr><tr><td width=\"299\"><p><span style=\"color: #000000;\">Biotine (vitamine B8)<\/span><\/p><\/td><td width=\"101\"><p><span style=\"color: #000000;\">1 50 mcg<\/span><\/p><\/td><td width=\"154\"><p><span style=\"color: #000000;\">50%<\/span><\/p><\/td><\/tr><tr><td width=\"299\"><p><span style=\"color: #000000;\">Acide pantoth\u00e9nique (d-pantoth\u00e9nate de calcium)<\/span><\/p><\/td><td width=\"101\"><p><span style=\"color: #000000;\">5 mg<\/span><\/p><\/td><td width=\"154\"><p><span style=\"color: #000000;\">50%<\/span><\/p><\/td><\/tr><tr><td colspan=\"3\" width=\"643\"><p><span style=\"color: #000000;\">Autres ingr\u00e9dients : farine de riz, st\u00e9arate de magn\u00e9sium, dioxyde de silicone, FD &amp; C jaune<\/span><br \/><span style=\"color: #000000;\">Lac #6 (additif colorant utilis\u00e9 pour les formes posologiques de m\u00e9dicaments tels que comprim\u00e9s et g\u00e9lules), dioxyde de titane.<\/span><\/p><\/td><\/tr><\/tbody><\/table><p><span style=\"color: #000000;\"><strong>Les directions: <\/strong>Adultes, prendre une (1) capsule par jour. Deux (2) peuvent \u00eatre pris si prescrit par un m\u00e9decin.<\/span><\/p><p><span style=\"color: #000000;\"><strong>Attention:<\/strong> Si vous avez des probl\u00e8mes r\u00e9naux ou si vous \u00eates enceinte ou allaitez, consultez un m\u00e9decin avant d&#039;utiliser ce produit ou tout autre produit nutritionnel.<\/span><\/p><p>\u00a0<\/p><p><span style=\"color: #000000;\"><sup>\u00a0<\/sup><\/span><\/p><p><br \/><br \/><\/p><\/div>\n\t\t\t\t<\/div>\n\t\t\t\t\t\t\t<div class=\"elementor-toggle-item\">\n\t\t\t\t\t<div id=\"elementor-tab-title-5262\" class=\"elementor-tab-title\" data-tab=\"2\" role=\"button\" aria-controls=\"elementor-tab-content-5262\" aria-expanded=\"false\">\n\t\t\t\t\t\t\t\t\t\t\t\t<span class=\"elementor-toggle-icon elementor-toggle-icon-left\" aria-hidden=\"true\">\n\t\t\t\t\t\t\t\t\t\t\t\t\t\t\t<span class=\"elementor-toggle-icon-closed\"><i class=\"far fa-caret-square-right\"><\/i><\/span>\n\t\t\t\t\t\t\t\t<span class=\"elementor-toggle-icon-opened\"><i class=\"elementor-toggle-icon-opened fas fa-caret-square-up\"><\/i><\/span>\n\t\t\t\t\t\t\t\t\t\t\t\t\t<\/span>\n\t\t\t\t\t\t\t\t\t\t\t\t<a class=\"elementor-toggle-title\" tabindex=\"0\">..<\/a>\n\t\t\t\t\t<\/div>\n\n\t\t\t\t\t<div id=\"elementor-tab-content-5262\" class=\"elementor-tab-content elementor-clearfix\" data-tab=\"2\" role=\"region\" aria-labelledby=\"elementor-tab-title-5262\"><\/div>\n\t\t\t\t<\/div>\n\t\t\t\t\t\t\t\t<\/div>\n\t\t\t\t\t\t<\/div>\n\t\t\t\t<\/div>\n\t\t\t\t\t<\/div>\n\t\t<\/div>\n\t\t\t\t\t<\/div>\n\t\t<\/section>\n\t\t\t\t<\/div>","protected":false},"excerpt":{"rendered":"<p><a name=\"buy\"><\/a><\/p>\n<ul>\n<li><strong><span style=\"font-family: go;\">Maintient un rein sain<\/span><\/strong><\/li>\n<li><strong><span style=\"font-family: go;\">S&#039;assurer que la bonne quantit\u00e9 de nutriments solubles dans l&#039;eau est r\u00e9guli\u00e8rement mise \u00e0 la disposition du corps, pour aider au processus de gu\u00e9rison<\/span><\/strong><\/li>\n<\/ul>\n<p><strong>\u00a0\u00a0\u00a0\u00a0\u00a0\u00a0 &gt;&gt;&gt;<span style=\"font-family: go; font-size: 14pt;\"><a href=\"#more\"><span style=\"color: #0000ff;\">Lire la suite<\/span><\/a><\/span><\/strong><\/p>","protected":false},"featured_media":12151,"comment_status":"open","ping_status":"closed","template":"","meta":{"nf_dc_page":"","_bbp_topic_count":0,"_bbp_reply_count":0,"_bbp_total_topic_count":0,"_bbp_total_reply_count":0,"_bbp_voice_count":0,"_bbp_anonymous_reply_count":0,"_bbp_topic_count_hidden":0,"_bbp_reply_count_hidden":0,"_bbp_forum_subforum_count":0},"product_brand":[],"product_cat":[33,32],"product_tag":[],"class_list":{"0":"post-5317","1":"product","2":"type-product","3":"status-publish","4":"has-post-thumbnail","6":"product_cat-all-products","7":"product_cat-special-products","9":"first","10":"instock","11":"shipping-taxable","12":"purchasable","13":"product-type-simple"},"bundled_by":[],"bundle_stock_status":"instock","bundle_stock_quantity":2,"bundle_virtual":false,"bundle_layout":"","bundle_add_to_cart_form_location":"","bundle_editable_in_cart":false,"bundle_sold_individually_context":"","bundle_item_grouping":"","bundle_min_size":"","bundle_max_size":"","bundled_items":[],"bundle_sell_ids":[],"_links":{"self":[{"href":"https:\/\/www.naturesgiftforlife.com\/fr\/wp-json\/wp\/v2\/product\/5317","targetHints":{"allow":["GET"]}}],"collection":[{"href":"https:\/\/www.naturesgiftforlife.com\/fr\/wp-json\/wp\/v2\/product"}],"about":[{"href":"https:\/\/www.naturesgiftforlife.com\/fr\/wp-json\/wp\/v2\/types\/product"}],"replies":[{"embeddable":true,"href":"https:\/\/www.naturesgiftforlife.com\/fr\/wp-json\/wp\/v2\/comments?post=5317"}],"version-history":[{"count":0,"href":"https:\/\/www.naturesgiftforlife.com\/fr\/wp-json\/wp\/v2\/product\/5317\/revisions"}],"wp:featuredmedia":[{"embeddable":true,"href":"https:\/\/www.naturesgiftforlife.com\/fr\/wp-json\/wp\/v2\/media\/12151"}],"wp:attachment":[{"href":"https:\/\/www.naturesgiftforlife.com\/fr\/wp-json\/wp\/v2\/media?parent=5317"}],"wp:term":[{"taxonomy":"product_brand","embeddable":true,"href":"https:\/\/www.naturesgiftforlife.com\/fr\/wp-json\/wp\/v2\/product_brand?post=5317"},{"taxonomy":"product_cat","embeddable":true,"href":"https:\/\/www.naturesgiftforlife.com\/fr\/wp-json\/wp\/v2\/product_cat?post=5317"},{"taxonomy":"product_tag","embeddable":true,"href":"https:\/\/www.naturesgiftforlife.com\/fr\/wp-json\/wp\/v2\/product_tag?post=5317"}],"curies":[{"name":"wp","href":"https:\/\/api.w.org\/{rel}","templated":true}]}}