{"id":531,"date":"2020-08-17T18:35:03","date_gmt":"2020-08-17T18:35:03","guid":{"rendered":"https:\/\/test.projectilecm.com\/?post_type=product&#038;p=531"},"modified":"2024-08-05T06:42:12","modified_gmt":"2024-08-05T06:42:12","slug":"coenzyme-q10","status":"publish","type":"product","link":"https:\/\/www.naturesgiftforlife.com\/fr\/shop\/coenzyme-q10\/","title":{"rendered":"Coenzyme Q10"},"content":{"rendered":"<div data-elementor-type=\"wp-post\" data-elementor-id=\"531\" class=\"elementor elementor-531\">\n\t\t\t\t\t\t<section class=\"elementor-section elementor-top-section elementor-element elementor-element-9ef5d97 elementor-section-boxed elementor-section-height-default elementor-section-height-default\" data-id=\"9ef5d97\" data-element_type=\"section\" data-e-type=\"section\">\n\t\t\t\t\t\t<div class=\"elementor-container elementor-column-gap-default\">\n\t\t\t\t\t<div class=\"elementor-column elementor-col-100 elementor-top-column elementor-element elementor-element-3d69a46\" data-id=\"3d69a46\" data-element_type=\"column\" data-e-type=\"column\">\n\t\t\t<div class=\"elementor-widget-wrap elementor-element-populated\">\n\t\t\t\t\t\t<div class=\"elementor-element elementor-element-6590d55 elementor-widget elementor-widget-html\" data-id=\"6590d55\" data-element_type=\"widget\" data-e-type=\"widget\" data-widget_type=\"html.default\">\n\t\t\t\t<div class=\"elementor-widget-container\">\n\t\t\t\t\t<a name=\"more\"><\/a>\t\t\t\t<\/div>\n\t\t\t\t<\/div>\n\t\t\t\t<div class=\"elementor-element elementor-element-17989ad elementor-invisible elementor-widget elementor-widget-toggle\" data-id=\"17989ad\" data-element_type=\"widget\" data-e-type=\"widget\" data-settings=\"{&quot;_animation&quot;:&quot;flash&quot;}\" data-widget_type=\"toggle.default\">\n\t\t\t\t<div class=\"elementor-widget-container\">\n\t\t\t\t\t\t\t<div class=\"elementor-toggle\">\n\t\t\t\t\t\t\t<div class=\"elementor-toggle-item\">\n\t\t\t\t\t<div id=\"elementor-tab-title-2471\" class=\"elementor-tab-title\" data-tab=\"1\" role=\"button\" aria-controls=\"elementor-tab-content-2471\" aria-expanded=\"false\">\n\t\t\t\t\t\t\t\t\t\t\t\t<span class=\"elementor-toggle-icon elementor-toggle-icon-left\" aria-hidden=\"true\">\n\t\t\t\t\t\t\t\t\t\t\t\t\t\t\t<span class=\"elementor-toggle-icon-closed\"><i class=\"far fa-caret-square-right\"><\/i><\/span>\n\t\t\t\t\t\t\t\t<span class=\"elementor-toggle-icon-opened\"><i class=\"elementor-toggle-icon-opened fas fa-caret-square-up\"><\/i><\/span>\n\t\t\t\t\t\t\t\t\t\t\t\t\t<\/span>\n\t\t\t\t\t\t\t\t\t\t\t\t<a class=\"elementor-toggle-title\" tabindex=\"0\">Description d\u00e9taill\u00e9e du produit \/ faits sur les suppl\u00e9ments<\/a>\n\t\t\t\t\t<\/div>\n\n\t\t\t\t\t<div id=\"elementor-tab-content-2471\" class=\"elementor-tab-content elementor-clearfix\" data-tab=\"1\" role=\"region\" aria-labelledby=\"elementor-tab-title-2471\"><p><span style=\"color: #000000;\"><strong>Avantages:<\/strong><\/span><\/p><table width=\"616\"><tbody><tr><td width=\"305\"><p><span style=\"color: #000000;\">&#8211; Aging &amp; Parkinson\u2019s Disease &amp; Breast Cancer.<\/span><br \/><span style=\"color: #000000;\">&#8211; Cardiovascular Diseases<\/span><br \/><span style=\"color: #000000;\">&#8211; Congestive Heart Failure.<\/span><br \/><span style=\"color: #000000;\">&#8211; Fatigue &amp; Periodontal Disease.<\/span><br \/><span style=\"color: #000000;\">&#8211; Parkinson\u2019s Disease.<\/span><br \/><span style=\"color: #000000;\">&#8211; Hypertension &amp; Hyperthyroidism.<\/span><\/p><p><span style=\"color: #000000;\">&#8211; Lower Cholesterol<\/span><\/p><p><span style=\"color: #000000;\">&#8211; Powerful Antioxidant &#8211; Free Radical Scavenger<\/span><\/p><p><span style=\"color: #000000;\">&#8211; Increases Energy<\/span><\/p><p><span style=\"color: #000000;\">&#8211; Chronic Fatigue\u00b7<\/span><\/p><p><span style=\"color: #000000;\">&#8211; Aging\u00a0\u00a0\u00a0\u00a0\u00a0\u00a0\u00a0<\/span><\/p><p><span style=\"color: #000000;\">&#8211; Mental Clarity<\/span><\/p><p><span style=\"color: #000000;\">&#8211; Inhibit Blood Clots\u00a0\u00a0\u00a0\u00a0\u00a0\u00a0\u00a0\u00a0<\/span><\/p><p><span style=\"color: #000000;\">&#8211; Muscular Dystrophy<\/span><\/p><p><span style=\"color: #000000;\">&#8211; Kidney failure<\/span><\/p><\/td><td width=\"311\"><p><span style=\"color: #000000;\">&#8211; Mood Elevation<\/span><\/p><p><span style=\"color: #000000;\">&#8211; Periodontal Disease<\/span><\/p><p><span style=\"color: #000000;\">&#8211; Limit Post-Surgery Pain<\/span><\/p><p><span style=\"color: #000000;\">&#8211; Reduce Chemo effects<\/span><\/p><p><span style=\"color: #000000;\">&#8211; Breast Cancer<\/span><\/p><p><span style=\"color: #000000;\">&#8211; Congestive Heart Failure<\/span><\/p><p><span style=\"color: #000000;\">&#8211; Cardiomyopathy<\/span><\/p><p><span style=\"color: #000000;\">&#8211; Angina<\/span><\/p><p><span style=\"color: #000000;\">&#8211; Arrhythmias<\/span><\/p><p><span style=\"color: #000000;\">&#8211; Counter Alzheimer\u2019s<\/span><\/p><p><span style=\"color: #000000;\">&#8211; Fibromyalgia<\/span><\/p><p><span style=\"color: #000000;\">&#8211; Awaiting Heart Transplant\u00b7\u00a0\u00a0\u00a0\u00a0\u00a0<\/span><\/p><p><span style=\"color: #000000;\">&#8211; AIDS &#8211; Increase T4 Lymphocytes\u00b7<\/span><\/p><p><span style=\"color: #000000;\">&#8211; Reduce Cancer Pain\u00b7<\/span><\/p><p><span style=\"color: #000000;\">&#8211; Ischemic heart Disease<\/span><\/p><\/td><\/tr><\/tbody><\/table><p><strong>\u00a0<\/strong><\/p><p style=\"text-align: center;\"><a class=\"buy\" href=\"#buy\"><strong>ALLER ACHETER MAINTENANT<\/strong><\/a><\/p><p><strong>\u00a0<\/strong><span style=\"color: #000000;\"><strong>Coenzyme Q10<\/strong> <strong>se produit naturellement dans les cellules<\/strong> of all plants and animals, but dietary sources do not provide adequate therapeutic levels of this nutrient. Co-Q10 is an important fat-soluble antioxidant, which is uniquely able to protect the cells&#8217; energy producing machinery called the \u2018mitochondria` from free radical damage. Co-Q10 is an important, vitamin-like compound that is present throughout the body, and is necessary for the production of energy in all its cells. There are several other Co-Q10 compounds present in nature, but Co-Q10 is the only one present in humans. <\/span><br \/><span style=\"color: #000000;\"><strong><a href=\"https:\/\/www.naturesgiftforlife.com\/fr\/shop\/cataract-clear-eye-heath\/\">Coenzyme<\/a> Q10 et le c\u0153ur.<\/strong><\/span><br \/><span style=\"color: #000000;\">L&#039;application la plus importante de Co-Q10 est dans le traitement et la pr\u00e9vention de <a href=\"https:\/\/www.naturesgiftforlife.com\/fr\/Eye%20Health\/\">cardiovasculaire<\/a> la maladie et les troubles connexes qui impliquent le c\u0153ur. Des \u00e9tudes r\u00e9centes ont sugg\u00e9r\u00e9 que la Co-Q10 peut r\u00e9duire la fr\u00e9quence des \u00e9pisodes d&#039;angine de poitrine tout en renfor\u00e7ant le muscle cardiaque ; il peut \u00e9galement augmenter la qualit\u00e9 de vie et la capacit\u00e9 de survie des personnes souffrant d&#039;insuffisance cardiaque congestive.<\/span><\/p><p><span style=\"color: #000000;\">La CoQ10 a \u00e9t\u00e9 d\u00e9couverte en 1957-relativement tard comme <a href=\"https:\/\/www.rmbibow.com\/professional-makeup\/\" target=\"_blank\" rel=\"noopener\">vitamines<\/a> d\u00e9couvertes par Frederick Crane, Ph.D., maintenant \u00e0 l&#039;Universit\u00e9 Purdue dans l&#039;Indiana. Quatre ans plus tard, Peter D. Mitchell, Ph.D., de l&#039;Universit\u00e9 d&#039;\u00c9dimbourg, a compris comment la CoQ10 produit de l&#039;\u00e9nergie au niveau cellulaire et, en 1978, a remport\u00e9 le prix Nobel de chimie pour cette d\u00e9couverte.<\/span><\/p><p><span style=\"color: #000000;\">By the mid-1960s, Japanese researchers recognized that CoQ10 concentrated in the myocardium or heart muscle. Its role in the heart makes sense: the heart, one of the body&#8217;s most energetic organs, beats approximately 100,000 times a day and 36 million times a year, and depends on CoQ10 for &#8220;bioenergetics.&#8221; In the early 1980s, Folkers, director of the Institute for Biochemical Research at<\/span><\/p><p><span style=\"color: #000000;\">The University of Texas, and the late Per H. Langsjoen, M.D. (Peter&#8217;s father), conducted the first study of CoQ10 in the treatment of cardiomyopathy, a form of progressive heart failure.<\/span><\/p><p style=\"text-align: center;\"><a class=\"buy\" href=\"#buy\"><strong>ALLER ACHETER MAINTENANT<\/strong><\/a><\/p><p><span style=\"color: #000000;\">The findings were astounding. In a well-controlled study, 19 patients who were expected to die from heart failure rebounded with an &#8220;extraordinary clinical improvement,&#8221; according to Folkers and Langsjoen&#8217;s report in the <em>Actes de l&#039;Acad\u00e9mie nationale des sciences des \u00c9tats-Unis<\/em> (Juin 1985; 82:4240-4).<\/span><\/p><p><span style=\"color: #000000;\">Des \u00e9tudes de cas d\u00e9montrent l&#039;effet dramatique de la CoQ10. Dans <em>Communications de recherche biochimique et biophysique<\/em> (Jan 15, 1993; 182:247-53), Folkers described a 43-year-old man suffering from cardiomyopathy. After being given CoQ10, his enlarged heart became smaller (indicating it was working more efficiently), and he was able to resume an &#8220;extremely active athletic lifestyle.&#8221; The heart function of another patient, a 50-year-old man with very severe cardiomyopathy, returned after he took CoQ10, and he has since had &#8220;no limitations of activity.<\/span><\/p><p><span style=\"color: #000000;\">De nombreuses autres \u00e9tudes ont confirm\u00e9 le r\u00f4le de la CoQ10 dans le traitement de l&#039;insuffisance cardiaque, qui est autrement trait\u00e9e avec des m\u00e9dicaments (tels que les b\u00eata-bloquants et les inhibiteurs de l&#039;ECA) ou avec une transplantation cardiaque. Un \u00e9chantillon:<\/span><\/p><p><span style=\"color: #000000;\">Sixty-five cardiologists treating 806 patients for heart failure or ischemic heart disease indicated &#8220;significant&#8221; benefits from CoQ10. (Langsjoen, PH, <em>Klinische Wochenschrift<\/em>, 1988; 66:583-90.)<\/span><\/p><p><span style=\"color: #000000;\">Vingt-cinq cents patients insuffisants cardiaques dans 173 centres m\u00e9dicaux italiens ont re\u00e7u de 50 \u00e0 150 mg de CoQ10 par jour pendant trois mois. Quatre-vingt pour cent des patients ont eu un certain type d&#039;am\u00e9lioration. (<em>Chercheur clinique<\/em>, Ao\u00fbt 1993; 71S: 145-9)<\/span><\/p><p style=\"text-align: center;\"><a class=\"buy\" href=\"#buy\"><strong>ALLER ACHETER MAINTENANT<\/strong><\/a><\/p><p><span style=\"color: #000000;\">Une \u00e9tude en double aveugle de 12 mois a compar\u00e9 319 patients sous CoQ10 \u00e0 322 sous placebo. La CoQ10 a r\u00e9duit les complications de l&#039;insuffisance cardiaque ainsi que le besoin d&#039;hospitalisation. (<em>Chercheur clinique<\/em>, Ao\u00fbt 1993; 71S: 134-6).<\/span><\/p><p><span style=\"color: #000000;\"><strong>CoQ10 et cancer\u00a0: <\/strong>Bien que la CoQ10 soit mieux document\u00e9e dans le traitement de l&#039;insuffisance cardiaque ; deux articles r\u00e9cents de revues m\u00e9dicales sugg\u00e8rent d&#039;\u00e9normes promesses dans le traitement du cancer. Dans <em>Communications de recherche biochimique et biophysique<\/em> (15 avril 1993; 192:241-5), Folkers a d\u00e9crit 10 patients canc\u00e9reux ayant re\u00e7u de la CoQ10 pour une insuffisance cardiaque. L&#039;un des patients, un homme de 48 ans diagnostiqu\u00e9 en 1977 avec un cancer du poumon inop\u00e9rable, n&#039;a pr\u00e9sent\u00e9 aucun signe de cancer ni d&#039;insuffisance cardiaque pendant qu&#039;il prenait de la CoQ10 depuis 17 ans\u00a0! Un autre patient, un homme de 82 ans, avait \u00e9t\u00e9 trait\u00e9 pour un cancer du c\u00f4lon.<\/span><\/p><p><span style=\"color: #000000;\">Knud Lockwood, M.D., a cancer specialist in Copenhagen, Denmark, recently described his treatment of 32 &#8220;high-risk&#8221; breast cancer patients with antioxidant vitamins, essential fatty acids, and CoQ10. &#8220;No patient died and all expressed a feeling of well-being,&#8221; he wrote in <em>Communications de recherche biochimique et biophysique<\/em> (March 30, 1994; 199:1504-8). &#8220;These clinical results are remarkable since about 4 deaths would have been expected. Now, after 24 months, all still survive; about 6 deaths would have been expected.&#8221;<\/span><\/p><p style=\"text-align: center;\"><a class=\"buy\" href=\"#buy\"><strong>ALLER ACHETER MAINTENANT<\/strong><\/a><\/p><p><span style=\"color: #000000;\">Six of the 32 patients showed partial tumor remission, and two benefited from very high doses of CoQ10. One, a 59-year-old woman with a family history of breast cancer, had a tumor removed from her left breast. The cancer returned, but &#8220;stabilized&#8221; at about 1.5-2 centimeters (about 1\/2 to 3\/4-inch) in diameter when the patient took 90 mg. of CoQ10 daily. One month after increasing the CoQ10 intake to 390 mg. daily, the tumor disappeared. Mammography confirmed its absence.<\/span><\/p><p><span style=\"color: #000000;\">Une autre patiente, \u00e2g\u00e9e de 74 ans, a eu une petite tumeur retir\u00e9e de son sein droit. Elle a refus\u00e9 une deuxi\u00e8me op\u00e9ration pour \u00e9liminer les excroissances suppl\u00e9mentaires et a commenc\u00e9 \u00e0 prendre 300 mg de CoQ10 par jour. Trois mois plus tard, un examen et une mammographie n&#039;ont r\u00e9v\u00e9l\u00e9 aucun signe de tumeur ou de m\u00e9tastases.<\/span><\/p><p><span style=\"color: #000000;\">Lockwood, who has treated some 7,000 cases of breast cancer over 35 years, wrote that until using CoQ10, he had &#8220;never seen a spontaneous complete regression of a 1.5-2.0 centimeter breast tumor, and has never seen a comparable regression on any conventional anti-tumor therapy.&#8221;<\/span><\/p><p><span style=\"color: #000000;\"><strong>\u00a0<\/strong><\/span><\/p><p><span style=\"color: #000000;\"><strong>CoQ10 et SIDA : <\/strong>One of the most remarkable findings was that CoQ10 supplementation could extend the lifespan of patients with acquired immune deficiency syndrome (AIDS). In 1986, Folkers and Per Langsjoen began treating seven patients with HIV or AIDS. Not all of the patients consistently took CoQ10, but &#8220;the treatment was very encouraging and at times even striking,&#8221; Folkers, wrote in <em>Communications de recherche biochimique et biophysique<\/em> (June 16, 1988; 153:888-96). &#8220;All 7 patients (3 AIDS, 4 ARC) felt better soon after starting on CoQ10,&#8221; wrote Folkers.<\/span><\/p><p><span style=\"color: #000000;\">It&#8217;s with the treatment of AIDS that the medical story of CoQ10 turns into one of economic intrigue. The University of Texas, where the AIDS\/CoQ10 research was conducted, applied for a &#8220;use-patent&#8221; for the treatment of AIDS. The patent (#1,011,858), one of several for CoQ10 and immune function, was granted on April 30, 1991. The use-patent gives the owner full patent rights to the nutrient when it&#8217;s prescribed for the treatment of AIDS.<\/span><\/p><p style=\"text-align: center;\"><a class=\"buy\" href=\"#buy\"><strong>ALLER ACHETER MAINTENANT<\/strong><\/a><\/p><p><span style=\"color: #000000;\">In 1993, the university sold the use-patient to James Ryan, an investment banker and one of the patients in Folkers&#8217; original cardiomyopathy study. Ryan, head of Ryan Pharmaceuticals, paid several hundred thousand dollars for the use patent, then sold it for an estimated $2 million to Receptagen, a U.S.\/Canadian biotechnology firm. The company plans to market prescription versions of CoQ10 for the treatment of AIDS sometime in the next two years.<\/span><\/p><p><span style=\"color: #000000;\"><strong><em>\u00a0<\/em><\/strong><strong><em>Insuffisance r\u00e9nale\u00a0: <\/em><\/strong>La suppl\u00e9mentation en CoQ10 a entra\u00een\u00e9 une am\u00e9lioration de diverses mesures de la fonction r\u00e9nale, y compris la cr\u00e9atinine s\u00e9rique (am\u00e9lioration de 29%) et l&#039;azote ur\u00e9ique du sang (am\u00e9lioration de 9%). Cela r\u00e9duit la fr\u00e9quence des dialyses.<\/span><\/p><p><span style=\"color: #000000;\"><strong><em>Infertilit\u00e9 masculine: <\/em><\/strong>La coenzyme Q10 aide le mouvement des spermatozo\u00efdes.<\/span><\/p><p><span style=\"color: #000000;\">Une nouvelle \u00e9tude montre qu&#039;une suppl\u00e9mentation quotidienne en coenzyme Q10 peut aider \u00e0 am\u00e9liorer le mouvement des spermatozo\u00efdes chez les hommes infertiles. La diminution de la motilit\u00e9 des spermatozo\u00efdes, le pourcentage de spermatozo\u00efdes qui avancent normalement, est une cause fr\u00e9quente d&#039;infertilit\u00e9 masculine. La coenzyme Q10 am\u00e9liore la sant\u00e9 du sperme Les chercheurs affirment que la coenzyme Q10 est connue pour \u00eatre active dans les testicules et est un antioxydant qui joue un r\u00f4le important dans la formation des membranes et d&#039;autres structures au sein des cellules en luttant contre les effets du stress oxydatif.<\/span><\/p><p style=\"text-align: center;\"><a class=\"buy\" href=\"#buy\"><strong>ALLER ACHETER MAINTENANT<\/strong><\/a><\/p><p><span style=\"color: #000000;\">Dans l&#039;\u00e9tude, publi\u00e9e dans le num\u00e9ro de janvier de Fertility &amp; Sterility, les chercheurs ont examin\u00e9 les effets d&#039;une suppl\u00e9mentation orale quotidienne avec 200 mg de coenzyme Q10 chez 22 hommes infertiles avec une faible motilit\u00e9 des spermatozo\u00efdes.<\/span><br \/><span style=\"color: #000000;\">Au d\u00e9but de l&#039;\u00e9tude, les chercheurs ont d\u00e9couvert que les hommes avaient des niveaux inf\u00e9rieurs \u00e0 la normale de coenzyme Q10 dans leur liquide s\u00e9minal. Apr\u00e8s six mois de suppl\u00e9mentation en antioxydant, les hommes ont connu une augmentation significative de ces niveaux. En outre, les chercheurs ont \u00e9galement constat\u00e9 une augmentation significative de la motilit\u00e9 des spermatozo\u00efdes, et cette augmentation \u00e9tait li\u00e9e \u00e0 l&#039;augmentation des niveaux de coenzyme Q10.<\/span><br \/><span style=\"color: #000000;\">Les chercheurs disent que si d&#039;autres \u00e9tudes confirment ces r\u00e9sultats, une suppl\u00e9mentation en coenzyme Q10 peut aider dans le traitement de l&#039;infertilit\u00e9 masculine caus\u00e9e par des probl\u00e8mes de motilit\u00e9 des spermatozo\u00efdes.<\/span><\/p><p style=\"text-align: center;\"><a class=\"buy\" href=\"#buy\"><strong>ALLER ACHETER MAINTENANT<\/strong><\/a><\/p><p><strong><em>\u00a0<\/em><\/strong><\/p><p><span style=\"color: #000000;\"><strong><em>Autres utilisations<\/em><\/strong><\/span><\/p><p><span style=\"color: #000000;\">Les praticiens utilisent maintenant Co-Q10 pour traiter de nombreux types de pathologies allant de <strong>le sida<\/strong> \u00e0 <strong>la maladie de Parkinson<\/strong>. Co-Q10 est m\u00eame utilis\u00e9 pour traiter <strong>cancer du sein<\/strong> et soutenir la sant\u00e9 de ceux qui re\u00e7oivent une chimioth\u00e9rapie. Il a \u00e9galement \u00e9t\u00e9 d\u00e9montr\u00e9 que le Co-Q10 pr\u00e9sente un avantage potentiel pour <strong>diab\u00e9tiques <\/strong>en raison de sa capacit\u00e9 \u00e0 augmenter la production d&#039;insuline. <\/span><\/p><p><span style=\"color: #000000;\">Co-Q10 a \u00e9galement \u00e9t\u00e9 utilis\u00e9 avec des r\u00e9sultats favorables pour traiter les sympt\u00f4mes de <strong>dystrophie musculaire<\/strong> et ceux atteints de maladie des gencives, tous deux li\u00e9s \u00e0 une carence en Co-Q10. Et bien que le surpoids puisse \u00eatre attribu\u00e9 \u00e0 plusieurs dysfonctionnements syst\u00e9miques, l&#039;ob\u00e9sit\u00e9 peut \u00e9galement \u00eatre li\u00e9e \u00e0 une carence en Co-Q10. Des \u00e9tudes ont sugg\u00e9r\u00e9 que la suppl\u00e9mentation peut am\u00e9liorer la perte de poids, si elle est utilis\u00e9e conjointement avec plusieurs autres ingr\u00e9dients am\u00e9liorant le m\u00e9tabolisme. En plus des acides amin\u00e9s soufr\u00e9s qui sont maintenant disponibles et utilis\u00e9s \u00e0 des fins th\u00e9rapeutiques, il est important de noter que <strong>Le Co-Q10 peut \u00e9galement prot\u00e9ger contre les effets secondaires des b\u00eata-bloquants et des antipsychotiques tels que les biguanides, la clonidine, le gemfibrozil, la m\u00e9thyldopa et l&#039;halop\u00e9ridol et les antid\u00e9presseurs t\u00e9tracycliques<\/strong>.<\/span><\/p><table><tbody><tr><td colspan=\"3\" width=\"638\"><p><span style=\"color: #000000;\"><strong>Supplement\u00a0 Facts<\/strong><\/span><\/p><\/td><\/tr><tr><td colspan=\"3\" width=\"638\"><p><span style=\"color: #000000;\">Portion: une (1) capsule<\/span><\/p><\/td><\/tr><tr><td width=\"310\">\u00a0<\/td><td width=\"180\"><p><strong><span style=\"color: #000000;\">Quantit\u00e9 par portion<\/span> <\/strong><\/p><\/td><td width=\"149\"><p><span style=\"color: #000000;\"><strong>Valeur quotidienne %<\/strong><\/span><\/p><\/td><\/tr><tr><td width=\"310\"><p><span style=\"color: #000000;\">Coenzyme Q10<\/span><\/p><\/td><td width=\"180\"><p><span style=\"color: #000000;\">20 mg<\/span><\/p><\/td><td width=\"149\"><p>*<\/p><\/td><\/tr><tr><td colspan=\"3\" width=\"638\"><p><span style=\"color: #000000;\">Valeur quotidienne non \u00e9tablie<\/span><\/p><\/td><\/tr><tr><td colspan=\"3\" width=\"638\"><p><span style=\"color: #000000;\">Autres ingr\u00e9dients : G\u00e9latine, maltodextrine, dioxyde de silicium, st\u00e9arate de magn\u00e9sium<\/span><\/p><\/td><\/tr><\/tbody><\/table><p><span style=\"color: #000000;\"><strong>instructions<\/strong>: 1 capsule par jour en compl\u00e9ment quotidien. Mais peut \u00e9galement \u00eatre pris 2 \u00e0 3 fois par jour en cas de probl\u00e8mes cardiovasculaires. Mais il est conseill\u00e9 de contacter le personnel m\u00e9dical ou le prescripteur pour un meilleur dosage.<\/span><\/p><\/div>\n\t\t\t\t<\/div>\n\t\t\t\t\t\t\t<div class=\"elementor-toggle-item\">\n\t\t\t\t\t<div id=\"elementor-tab-title-2472\" class=\"elementor-tab-title\" data-tab=\"2\" role=\"button\" aria-controls=\"elementor-tab-content-2472\" aria-expanded=\"false\">\n\t\t\t\t\t\t\t\t\t\t\t\t<span class=\"elementor-toggle-icon elementor-toggle-icon-left\" aria-hidden=\"true\">\n\t\t\t\t\t\t\t\t\t\t\t\t\t\t\t<span class=\"elementor-toggle-icon-closed\"><i class=\"far fa-caret-square-right\"><\/i><\/span>\n\t\t\t\t\t\t\t\t<span class=\"elementor-toggle-icon-opened\"><i class=\"elementor-toggle-icon-opened fas fa-caret-square-up\"><\/i><\/span>\n\t\t\t\t\t\t\t\t\t\t\t\t\t<\/span>\n\t\t\t\t\t\t\t\t\t\t\t\t<a class=\"elementor-toggle-title\" tabindex=\"0\">..<\/a>\n\t\t\t\t\t<\/div>\n\n\t\t\t\t\t<div id=\"elementor-tab-content-2472\" class=\"elementor-tab-content elementor-clearfix\" data-tab=\"2\" role=\"region\" aria-labelledby=\"elementor-tab-title-2472\"><\/div>\n\t\t\t\t<\/div>\n\t\t\t\t\t\t\t\t<\/div>\n\t\t\t\t\t\t<\/div>\n\t\t\t\t<\/div>\n\t\t\t\t\t<\/div>\n\t\t<\/div>\n\t\t\t\t\t<\/div>\n\t\t<\/section>\n\t\t\t\t<\/div>","protected":false},"excerpt":{"rendered":"<p><a name=\"buy\"><\/a><\/p>\n<ul>\n<li><strong><span style=\"font-family: go;\">Vieillissement, maladie de Parkinson et cancer du sein<\/span><\/strong><\/li>\n<li><strong><span style=\"font-family: go;\">Maladies cardiovasculaires<\/span><\/strong><\/li>\n<li><strong><span style=\"font-family: go;\">Insuffisance cardiaque congestive<\/span><\/strong><\/li>\n<\/ul>\n<p><strong>\u00a0\u00a0\u00a0\u00a0\u00a0 &gt;&gt;&gt;<span style=\"font-family: go; font-size: 14pt;\"><a href=\"#more\"><span style=\"color: #0000ff;\">Lire la suite<\/span><\/a><\/span><\/strong><\/p>","protected":false},"featured_media":5929,"comment_status":"open","ping_status":"closed","template":"","meta":{"nf_dc_page":"","_bbp_topic_count":0,"_bbp_reply_count":0,"_bbp_total_topic_count":0,"_bbp_total_reply_count":0,"_bbp_voice_count":0,"_bbp_anonymous_reply_count":0,"_bbp_topic_count_hidden":0,"_bbp_reply_count_hidden":0,"_bbp_forum_subforum_count":0},"product_brand":[],"product_cat":[33,22],"product_tag":[],"class_list":{"0":"post-531","1":"product","2":"type-product","3":"status-publish","4":"has-post-thumbnail","6":"product_cat-all-products","7":"product_cat-anti-oxidants","9":"first","10":"outofstock","11":"shipping-taxable","12":"purchasable","13":"product-type-simple"},"bundled_by":["3219"],"bundle_stock_status":"outofstock","bundle_stock_quantity":0,"bundle_virtual":false,"bundle_layout":"","bundle_add_to_cart_form_location":"","bundle_editable_in_cart":false,"bundle_sold_individually_context":"","bundle_item_grouping":"","bundle_min_size":"","bundle_max_size":"","bundled_items":[],"bundle_sell_ids":[],"_links":{"self":[{"href":"https:\/\/www.naturesgiftforlife.com\/fr\/wp-json\/wp\/v2\/product\/531","targetHints":{"allow":["GET"]}}],"collection":[{"href":"https:\/\/www.naturesgiftforlife.com\/fr\/wp-json\/wp\/v2\/product"}],"about":[{"href":"https:\/\/www.naturesgiftforlife.com\/fr\/wp-json\/wp\/v2\/types\/product"}],"replies":[{"embeddable":true,"href":"https:\/\/www.naturesgiftforlife.com\/fr\/wp-json\/wp\/v2\/comments?post=531"}],"version-history":[{"count":0,"href":"https:\/\/www.naturesgiftforlife.com\/fr\/wp-json\/wp\/v2\/product\/531\/revisions"}],"wp:featuredmedia":[{"embeddable":true,"href":"https:\/\/www.naturesgiftforlife.com\/fr\/wp-json\/wp\/v2\/media\/5929"}],"wp:attachment":[{"href":"https:\/\/www.naturesgiftforlife.com\/fr\/wp-json\/wp\/v2\/media?parent=531"}],"wp:term":[{"taxonomy":"product_brand","embeddable":true,"href":"https:\/\/www.naturesgiftforlife.com\/fr\/wp-json\/wp\/v2\/product_brand?post=531"},{"taxonomy":"product_cat","embeddable":true,"href":"https:\/\/www.naturesgiftforlife.com\/fr\/wp-json\/wp\/v2\/product_cat?post=531"},{"taxonomy":"product_tag","embeddable":true,"href":"https:\/\/www.naturesgiftforlife.com\/fr\/wp-json\/wp\/v2\/product_tag?post=531"}],"curies":[{"name":"wp","href":"https:\/\/api.w.org\/{rel}","templated":true}]}}