{"id":469,"date":"2020-08-17T15:11:30","date_gmt":"2020-08-17T15:11:30","guid":{"rendered":"https:\/\/test.projectilecm.com\/?post_type=product&#038;p=469"},"modified":"2023-08-14T20:41:45","modified_gmt":"2023-08-14T20:41:45","slug":"steaz-berry-energy-drink","status":"publish","type":"product","link":"https:\/\/www.naturesgiftforlife.com\/fr\/shop\/steaz-berry-energy-drink\/","title":{"rendered":"Steaz Yerba Mate &#8211; Berry"},"content":{"rendered":"<div data-elementor-type=\"wp-post\" data-elementor-id=\"469\" class=\"elementor elementor-469\">\n\t\t\t\t\t\t<section class=\"elementor-section elementor-top-section elementor-element elementor-element-feaee78 elementor-section-boxed elementor-section-height-default elementor-section-height-default\" data-id=\"feaee78\" data-element_type=\"section\" data-e-type=\"section\">\n\t\t\t\t\t\t<div class=\"elementor-container elementor-column-gap-default\">\n\t\t\t\t\t<div class=\"elementor-column elementor-col-100 elementor-top-column elementor-element elementor-element-39dd0de\" data-id=\"39dd0de\" data-element_type=\"column\" data-e-type=\"column\">\n\t\t\t<div class=\"elementor-widget-wrap elementor-element-populated\">\n\t\t\t\t\t\t<div class=\"elementor-element elementor-element-fa33342 elementor-widget elementor-widget-html\" data-id=\"fa33342\" data-element_type=\"widget\" data-e-type=\"widget\" data-widget_type=\"html.default\">\n\t\t\t\t<div class=\"elementor-widget-container\">\n\t\t\t\t\t<a name=\"more\"><\/a>\t\t\t\t<\/div>\n\t\t\t\t<\/div>\n\t\t\t\t<div class=\"elementor-element elementor-element-cbe18fe elementor-invisible elementor-widget elementor-widget-toggle\" data-id=\"cbe18fe\" data-element_type=\"widget\" data-e-type=\"widget\" data-settings=\"{&quot;_animation&quot;:&quot;flash&quot;}\" data-widget_type=\"toggle.default\">\n\t\t\t\t<div class=\"elementor-widget-container\">\n\t\t\t\t\t\t\t<div class=\"elementor-toggle\">\n\t\t\t\t\t\t\t<div class=\"elementor-toggle-item\">\n\t\t\t\t\t<div id=\"elementor-tab-title-2131\" class=\"elementor-tab-title\" data-tab=\"1\" role=\"button\" aria-controls=\"elementor-tab-content-2131\" aria-expanded=\"false\">\n\t\t\t\t\t\t\t\t\t\t\t\t<span class=\"elementor-toggle-icon elementor-toggle-icon-left\" aria-hidden=\"true\">\n\t\t\t\t\t\t\t\t\t\t\t\t\t\t\t<span class=\"elementor-toggle-icon-closed\"><i class=\"far fa-caret-square-right\"><\/i><\/span>\n\t\t\t\t\t\t\t\t<span class=\"elementor-toggle-icon-opened\"><i class=\"elementor-toggle-icon-opened fas fa-caret-square-up\"><\/i><\/span>\n\t\t\t\t\t\t\t\t\t\t\t\t\t<\/span>\n\t\t\t\t\t\t\t\t\t\t\t\t<a class=\"elementor-toggle-title\" tabindex=\"0\">Description d\u00e9taill\u00e9e du produit \/ faits sur les suppl\u00e9ments<\/a>\n\t\t\t\t\t<\/div>\n\n\t\t\t\t\t<div id=\"elementor-tab-content-2131\" class=\"elementor-tab-content elementor-clearfix\" data-tab=\"1\" role=\"region\" aria-labelledby=\"elementor-tab-title-2131\"><p style=\"text-align: center;\"><span style=\"color: #000000; font-size: 10pt;\"><strong>STEAZ <a href=\"https:\/\/www.rmbibow.com\/Skincare\/body\" target=\"_blank\" rel=\"noopener\">BAIE<\/a> BOISSON \u00c9NERGISANTE<\/strong><\/span><\/p><p style=\"text-align: center;\"><span style=\"color: #000000; font-size: 10pt;\"><strong>BOISSON \u00c9NERG\u00c9TIQUE BIO POUR L&#039;ESPRIT, LE CORPS ET L&#039;\u00c2ME<\/strong><\/span><\/p><p style=\"text-align: center;\"><span style=\"color: #000000; font-size: 10pt;\"><strong># 1 BOISSON \u00c9NERG\u00c9TIQUE DANS SON <a href=\"http:\/\/ww.naturesgiftforlife.com\/shop\/ultra-man\/\">CAT\u00c9GORIE<\/a><\/strong><\/span><\/p><p style=\"text-align: center;\"><span style=\"color: #000000; font-size: 10pt;\"><strong>BOISSON \u00c9NERG\u00c9TIQUE BevNET \u00abMEILLEURE DE L&#039;ANN\u00c9E 2007\u00bb<\/strong><\/span><\/p><p><span style=\"color: #000000;\"><strong>\u00a0<\/strong><\/span><span style=\"color: #000000;\"><strong>Avantages: <\/strong><\/span><\/p><ul><li><span style=\"color: #000000;\">All natural \u2013 Nothing <a href=\"https:\/\/livehealthylivehappy.com\/category\/infertility\/\" target=\"_blank\" rel=\"noopener\">artificiel<\/a> - Aucun agent de conservation!<\/span><\/li><li><span style=\"color: #000000;\">\u00c9l\u00e8ve votre \u00e9nergie et votre conscience<\/span><\/li><li><span style=\"color: #000000;\">\u00c9limine la fatigue physique et psychologique et les douleurs musculaires<\/span><\/li><li><span style=\"color: #000000;\">Aide \u00e0 perdre du poids en augmentant la combustion des graisses<\/span><\/li><li><span style=\"color: #000000;\">D\u00e9toxifie le corps et facilite la digestion<\/span><\/li><li><span style=\"color: #000000;\">Antioxydant puissant<\/span><\/li><li><span style=\"color: #000000;\">Renforce le c\u0153ur et le syst\u00e8me cardiovasculaire<\/span><\/li><li><span style=\"color: #000000;\">Stimule la fonction sexuelle et le syst\u00e8me immunitaire<\/span><\/li><\/ul><p><span style=\"color: #000000;\"><strong>\u00c9levez votre \u00e9nergie et votre conscience avec la boisson \u00e9nergisante steaz\u00a0!<\/strong><\/span><\/p><p><span style=\"color: #000000;\">Steaz est un th\u00e9 vert p\u00e9tillant r\u00e9volutionnaire, \u00ab\u00e9touff\u00e9\u00bb plein de saveur et de nutrition, fabriqu\u00e9 \u00e0 partir des meilleurs ingr\u00e9dients naturels au monde. Alors ouvrez-en un et profitez de la meilleure alternative de soda!<\/span><\/p><p><span style=\"color: #000000;\"><strong>Les ingr\u00e9dients utilis\u00e9s pour brasser le steaz comprennent :<\/strong><\/span><\/p><ul><li><span style=\"color: #000000;\">Le meilleur th\u00e9 vert de Ceylan bio (riche en antioxydants - caf\u00e9ine naturelle)<\/span><\/li><li><span style=\"color: #000000;\">Sucr\u00e9 au jus de canne bio<\/span><\/li><li><span style=\"color: #000000;\">Guayaki Yerba mate (le stimulant le plus \u00e9quilibr\u00e9 de la nature)<\/span><\/li><li><span style=\"color: #000000;\">Sambazon Acai (Super fruit riche en antioxydants et vitamines)<\/span><\/li><li><span style=\"color: #000000;\">Guarana (riche en caf\u00e9ine naturelle)<\/span><\/li><li><span style=\"color: #000000;\">80 mg de caf\u00e9ine d&#039;origine naturelle<\/span><\/li><\/ul><p><span style=\"color: #000000;\">Tout ce qui pr\u00e9c\u00e8de est R\u00c9EL, PAS DE TAUREAU<\/span><\/p><p><span style=\"color: #000000;\"><strong><em>3 saveurs naturelles: <\/em><\/strong><\/span><\/p><p><span style=\"color: #000000;\"><strong><em>BAIE DE STEAZ<\/em><\/strong><\/span><\/p><p><span style=\"color: #000000;\"><strong><em>STEAZ LIME, <\/em><\/strong><\/span><\/p><p><span style=\"color: #000000;\"><strong><em>BAIE DE STEAZ <\/em><\/strong><\/span><\/p><p><span style=\"color: #000000;\"><strong><em>R\u00c9GIME STEAZ (<\/em><\/strong><em>POUR LES MONTRES DE POIDS ET LES DIAB\u00c9TIQUES<strong>)<\/strong><\/em><\/span><\/p><\/div>\n\t\t\t\t<\/div>\n\t\t\t\t\t\t\t<div class=\"elementor-toggle-item\">\n\t\t\t\t\t<div id=\"elementor-tab-title-2132\" class=\"elementor-tab-title\" data-tab=\"2\" role=\"button\" aria-controls=\"elementor-tab-content-2132\" aria-expanded=\"false\">\n\t\t\t\t\t\t\t\t\t\t\t\t<span class=\"elementor-toggle-icon elementor-toggle-icon-left\" aria-hidden=\"true\">\n\t\t\t\t\t\t\t\t\t\t\t\t\t\t\t<span class=\"elementor-toggle-icon-closed\"><i class=\"far fa-caret-square-right\"><\/i><\/span>\n\t\t\t\t\t\t\t\t<span class=\"elementor-toggle-icon-opened\"><i class=\"elementor-toggle-icon-opened fas fa-caret-square-up\"><\/i><\/span>\n\t\t\t\t\t\t\t\t\t\t\t\t\t<\/span>\n\t\t\t\t\t\t\t\t\t\t\t\t<a class=\"elementor-toggle-title\" tabindex=\"0\">..<\/a>\n\t\t\t\t\t<\/div>\n\n\t\t\t\t\t<div id=\"elementor-tab-content-2132\" class=\"elementor-tab-content elementor-clearfix\" data-tab=\"2\" role=\"region\" aria-labelledby=\"elementor-tab-title-2132\"><\/div>\n\t\t\t\t<\/div>\n\t\t\t\t\t\t\t\t<\/div>\n\t\t\t\t\t\t<\/div>\n\t\t\t\t<\/div>\n\t\t\t\t\t<\/div>\n\t\t<\/div>\n\t\t\t\t\t<\/div>\n\t\t<\/section>\n\t\t\t\t<\/div>","protected":false},"excerpt":{"rendered":"<p><a name=\"buy\"><\/a><\/p>\n<ul>\n<li><span style=\"font-family: go;\"><strong>\u00c9l\u00e8ve votre \u00e9nergie et votre conscience<\/strong><\/span><\/li>\n<li><span style=\"font-family: go;\"><strong>\u00c9limine la fatigue physique et psychologique et les douleurs musculaires<\/strong><\/span><\/li>\n<li><span style=\"font-family: go;\"><strong>Renforce le c\u0153ur et le syst\u00e8me cardiovasculaire<\/strong><\/span><\/li>\n<li><span style=\"font-family: go;\"><strong>Tout naturel \u2013 Rien d&#039;artificiel\u200b\u200b \u2013 Sans conservateurs !<\/strong><\/span><\/li>\n<\/ul>\n<p><strong>\u00a0\u00a0\u00a0\u00a0\u00a0 &gt;&gt;&gt;<span style=\"font-family: go; font-size: 14pt;\"><a href=\"#more\"><span style=\"color: #0000ff;\">Lire la suite<\/span><\/a><\/span><\/strong><\/p>","protected":false},"featured_media":13258,"comment_status":"open","ping_status":"closed","template":"","meta":{"nf_dc_page":"","_bbp_topic_count":0,"_bbp_reply_count":0,"_bbp_total_topic_count":0,"_bbp_total_reply_count":0,"_bbp_voice_count":0,"_bbp_anonymous_reply_count":0,"_bbp_topic_count_hidden":0,"_bbp_reply_count_hidden":0,"_bbp_forum_subforum_count":0},"product_brand":[],"product_cat":[33,31],"product_tag":[],"class_list":{"0":"post-469","1":"product","2":"type-product","3":"status-publish","4":"has-post-thumbnail","6":"product_cat-all-products","7":"product_cat-steaz-energy-drinks","9":"first","10":"instock","11":"featured","12":"shipping-taxable","13":"purchasable","14":"product-type-simple"},"bundled_by":["2849"],"bundle_stock_status":"instock","bundle_stock_quantity":22,"bundle_virtual":false,"bundle_layout":"","bundle_add_to_cart_form_location":"","bundle_editable_in_cart":false,"bundle_sold_individually_context":"","bundle_item_grouping":"","bundle_min_size":"","bundle_max_size":"","bundled_items":[],"bundle_sell_ids":[],"_links":{"self":[{"href":"https:\/\/www.naturesgiftforlife.com\/fr\/wp-json\/wp\/v2\/product\/469","targetHints":{"allow":["GET"]}}],"collection":[{"href":"https:\/\/www.naturesgiftforlife.com\/fr\/wp-json\/wp\/v2\/product"}],"about":[{"href":"https:\/\/www.naturesgiftforlife.com\/fr\/wp-json\/wp\/v2\/types\/product"}],"replies":[{"embeddable":true,"href":"https:\/\/www.naturesgiftforlife.com\/fr\/wp-json\/wp\/v2\/comments?post=469"}],"version-history":[{"count":0,"href":"https:\/\/www.naturesgiftforlife.com\/fr\/wp-json\/wp\/v2\/product\/469\/revisions"}],"wp:featuredmedia":[{"embeddable":true,"href":"https:\/\/www.naturesgiftforlife.com\/fr\/wp-json\/wp\/v2\/media\/13258"}],"wp:attachment":[{"href":"https:\/\/www.naturesgiftforlife.com\/fr\/wp-json\/wp\/v2\/media?parent=469"}],"wp:term":[{"taxonomy":"product_brand","embeddable":true,"href":"https:\/\/www.naturesgiftforlife.com\/fr\/wp-json\/wp\/v2\/product_brand?post=469"},{"taxonomy":"product_cat","embeddable":true,"href":"https:\/\/www.naturesgiftforlife.com\/fr\/wp-json\/wp\/v2\/product_cat?post=469"},{"taxonomy":"product_tag","embeddable":true,"href":"https:\/\/www.naturesgiftforlife.com\/fr\/wp-json\/wp\/v2\/product_tag?post=469"}],"curies":[{"name":"wp","href":"https:\/\/api.w.org\/{rel}","templated":true}]}}