{"id":455,"date":"2020-08-17T14:04:33","date_gmt":"2020-08-17T14:04:33","guid":{"rendered":"https:\/\/test.projectilecm.com\/product\/selenium-100mg"},"modified":"2026-04-27T06:18:28","modified_gmt":"2026-04-27T06:18:28","slug":"selenium-100mg","status":"publish","type":"product","link":"https:\/\/www.naturesgiftforlife.com\/fr\/shop\/selenium-100mg\/","title":{"rendered":"Selenium 100mcg"},"content":{"rendered":"<div data-elementor-type=\"wp-post\" data-elementor-id=\"455\" class=\"elementor elementor-455\">\n\t\t\t\t\t\t<section class=\"elementor-section elementor-top-section elementor-element elementor-element-f3ba777 elementor-section-boxed elementor-section-height-default elementor-section-height-default\" data-id=\"f3ba777\" data-element_type=\"section\" data-e-type=\"section\">\n\t\t\t\t\t\t<div class=\"elementor-container elementor-column-gap-default\">\n\t\t\t\t\t<div class=\"elementor-column elementor-col-100 elementor-top-column elementor-element elementor-element-5aae9de\" data-id=\"5aae9de\" data-element_type=\"column\" data-e-type=\"column\">\n\t\t\t<div class=\"elementor-widget-wrap elementor-element-populated\">\n\t\t\t\t\t\t<div class=\"elementor-element elementor-element-3a19c99 elementor-invisible elementor-widget elementor-widget-toggle\" data-id=\"3a19c99\" data-element_type=\"widget\" data-e-type=\"widget\" data-settings=\"{&quot;_animation&quot;:&quot;flash&quot;}\" data-widget_type=\"toggle.default\">\n\t\t\t\t<div class=\"elementor-widget-container\">\n\t\t\t\t\t\t\t<div class=\"elementor-toggle\">\n\t\t\t\t\t\t\t<div class=\"elementor-toggle-item\">\n\t\t\t\t\t<div id=\"elementor-tab-title-6091\" class=\"elementor-tab-title\" data-tab=\"1\" role=\"button\" aria-controls=\"elementor-tab-content-6091\" aria-expanded=\"false\">\n\t\t\t\t\t\t\t\t\t\t\t\t<span class=\"elementor-toggle-icon elementor-toggle-icon-left\" aria-hidden=\"true\">\n\t\t\t\t\t\t\t\t\t\t\t\t\t\t\t<span class=\"elementor-toggle-icon-closed\"><i class=\"far fa-caret-square-right\"><\/i><\/span>\n\t\t\t\t\t\t\t\t<span class=\"elementor-toggle-icon-opened\"><i class=\"elementor-toggle-icon-opened fas fa-caret-square-up\"><\/i><\/span>\n\t\t\t\t\t\t\t\t\t\t\t\t\t<\/span>\n\t\t\t\t\t\t\t\t\t\t\t\t<a class=\"elementor-toggle-title\" tabindex=\"0\">Description d\u00e9taill\u00e9e du produit \/ faits sur les suppl\u00e9ments<\/a>\n\t\t\t\t\t<\/div>\n\n\t\t\t\t\t<div id=\"elementor-tab-content-6091\" class=\"elementor-tab-content elementor-clearfix\" data-tab=\"1\" role=\"region\" aria-labelledby=\"elementor-tab-title-6091\"><p><span style=\"color: #000000;\"><strong>Avantages du s\u00e9l\u00e9nium\u00a0:<\/strong><\/span><\/p><ul><li><span style=\"color: #000000;\">Il \u00e9limine l&#039;agonie de l&#039;arthrite en r\u00e9duisant la douleur et la raideur.<\/span><\/li><li><span style=\"color: #000000;\">Le s\u00e9l\u00e9nium as l&#039;asthme.<\/span><\/li><li><span style=\"color: #000000;\">Il inhibe les dommages chromosomiques, les mutations et le cancer et r\u00e9duit le risque de d\u00e9velopper des cancers de la vessie, du sein, du c\u00f4lon, des poumons, des ovaires, du pancr\u00e9as, du rectum, de la peau et<\/span><\/li><li><span style=\"color: #000000;\">Se pr\u00e9occupe de la sant\u00e9 mentale des personnes \u00e2g\u00e9es en augmentant la vigilance, ce qui diminue l&#039;anxi\u00e9t\u00e9 et l&#039;hostilit\u00e9.<\/span><\/li><li><span style=\"color: #000000;\">Pr\u00e9vient la cataracte en abaissant les radicaux libres<\/span><\/li><li><span style=\"color: #000000;\">Maintient le c\u0153ur et le syst\u00e8me cardiovasculaire en bonne sant\u00e9 en r\u00e9duisant les radicaux libres.<\/span><\/li><li><span style=\"color: #000000;\">Revigore votre syst\u00e8me immunitaire et soutient votre vie sexuelle<\/span><\/li><li><span style=\"color: #000000;\">Il peut avoir un effet positif dans la pr\u00e9vention de la d\u00e9formation cellulaire.<\/span><\/li><li><span style=\"color: #000000;\"><a href=\"http:\/\/www.rmbibow.com\/gallery\/\" target=\"_blank\" rel=\"noopener\">S\u00e9l\u00e9nium<\/a> peut avoir un effet positif sur les troubles gastro-intestinaux.<\/span><\/li><li><span style=\"color: #000000;\">C&#039;est un antioxydant qui pr\u00e9vient le rancissement (peroxydation lipidique) des cellules et les dommages cellulaires et qui retarde le processus de vieillissement pathologique. Il pr\u00e9vient le vieillissement pr\u00e9matur\u00e9.<\/span><\/li><li><span style=\"color: #000000;\">Il emp\u00eache les caillots sanguins en inhibant l&#039;agr\u00e9gation plaquettaire.<\/span><\/li><li><span style=\"color: #000000;\">Efficace pour la maladie de Keshan et <a href=\"https:\/\/www.rmbibow.com\/products\/\" target=\"_blank\" rel=\"noopener\">arythmies<\/a>.<\/span><\/li><li><span style=\"color: #000000;\">Le s\u00e9l\u00e9nium a des effets antifongiques et antipelliculaires.<\/span><\/li><li><span style=\"color: #000000;\">Il augmente l&#039;efficacit\u00e9 du syst\u00e8me immunitaire et renforce la r\u00e9sistance aux infections virales et bact\u00e9riennes.<\/span><\/li><\/ul><ul><li><span style=\"color: #000000;\">Il neutralise les effets n\u00e9fastes des m\u00e9taux lourds et d&#039;autres substances toxiques dans le corps.<\/span><\/li><li><span style=\"color: #000000;\">Il a des effets positifs significatifs sur l&#039;humeur, la m\u00e9moire, l&#039;anxi\u00e9t\u00e9 et la d\u00e9pression.<\/span><\/li><li><span style=\"color: #000000;\">Le s\u00e9l\u00e9nium augmente le nombre et la qualit\u00e9 des spermatozo\u00efdes.<\/span><\/li><li><span style=\"color: #000000;\">Le s\u00e9l\u00e9nium est b\u00e9n\u00e9fique pour l&#039;atrophie musculaire ou les myopathies.<\/span><\/li><li><span style=\"color: #000000;\">Il est important pour le fonctionnement normal de la glande thyro\u00efde.<\/span><\/li><li><span style=\"color: #000000;\"><a href=\"https:\/\/www.naturesgiftforlife.com\/fr\/shop\/cordyceps\/\">VIH\/SIDA<\/a> la malabsorption associ\u00e9e peut \u00e9puiser les niveaux de nombreux nutriments. La carence en s\u00e9l\u00e9nium est couramment associ\u00e9e au VIH\/SIDA et a \u00e9t\u00e9 associ\u00e9e \u00e0 un risque \u00e9lev\u00e9 de d\u00e9c\u00e8s d\u00fb \u00e0 cette maladie. En 1998, le National Cancer Institute a d\u00e9montr\u00e9 que 200 mcg r\u00e9duisaient le risque de d\u00e9velopper un cancer de la prostate de 50%<\/span><\/li><\/ul><p style=\"text-align: center;\"><span style=\"color: #000000;\"><strong> <a class=\"buy\" href=\"#buy\">ALLER ACHETER MAINTENANT<\/a><\/strong><\/span><\/p><p><span style=\"color: #000000;\"><strong>Le s\u00e9l\u00e9nium est un micronutriment \/ min\u00e9ral,<\/strong> or what is more commonly referred to as a trace mineral. It is typically found in the soil, and is theoretically absorbed into a plant as it grows, which eventually benefits us as we eat these plants. It\u2019s found in higher amounts in certain areas around the globe than others, but if the soils that vegatables are grown in are depleted, the plant will be depleted. So that means that the amount found in foods can vary greatly. It is for the most part classified as an antioxidant and is equated in its action to vitamin E. Selenium is incorporated into proteins to make what are known as selenoproteins, which are part of antioxidant enzymes. This antioxidant property helps to prevent cellular damage caused by free radicals. Free radicals are natural by-products of oxygen\/food metabolism that can contribute heavily to the development of chronic diseases such as cancer and heart disease. <\/span><br \/><span style=\"color: #000000;\">Full blown deficiencies of selenium are fairly rare in the United States, but they are seen in other third world countries like China, where the soil concentration of selenium is notably low. What is prevalent and more typically found in our \u2018modern society\u2019 is what are known as \u2018subclinical\u2019 deficiencies. These are diseases where symptoms can be caused by low levels in the blood e.g. digestive disorders, but to date have not been directly linked to the deficit. There is also evidence that selenium deficiency does not usually cause illness by itself. Rather, it can make the body more susceptible to illnesses caused by other nutritional stresses. <\/span><br \/><span style=\"color: #000000;\">Voici quelques-unes des maladies les plus graves associ\u00e9es \u00e0 une carence en s\u00e9l\u00e9nium\u00a0:<\/span><\/p><p style=\"text-align: center;\"><a class=\"buy\" href=\"#buy\"><strong>ALLER ACHETER MAINTENANT<\/strong><\/a><\/p><ol><li><span style=\"color: #000000;\">La maladie de Keshan, qui entra\u00eene une hypertrophie du c\u0153ur et une mauvaise fonction cardiaque, survient chez les enfants carenc\u00e9s en s\u00e9l\u00e9nium. <\/span><\/li><li><span style=\"color: #000000;\">Cr\u00e9tinisme end\u00e9mique myx\u0153d\u00e9mateux, qui entra\u00eene un retard mental.<\/span><\/li><li><span style=\"color: #000000;\">La maladie de Kashin-Beck, qui entra\u00eene des troubles osseux.<\/span><p><span style=\"color: #000000;\">As stated, selenium depletion or deficiency can lead to, and be associated with severe gastrointestinal problems such as Crohn&#8217;s disease and other gastrointestinal disorders. What happens is that it ends up being a chicken and egg situation, first there may be a deficit that causes the problem. And then it becomes worse because the body begins to loose the ability to absorb nutrients because of the damage the deficit causes. Those with acute severe illnesses who develop inflammation and widespread infection often have decreased levels of selenium in their blood. Unfortunately not many doctors have made the connection between the deficiency and the pathologies that manifest because of the lack of this nutrient. <\/span><br \/><span style=\"color: #000000;\">Un autre avantage d&#039;avoir suffisamment de s\u00e9l\u00e9nium dans le syst\u00e8me est qu&#039;il peut \u00e9galement aider \u00e0 r\u00e9g\u00e9n\u00e9rer le foie apr\u00e8s qu&#039;il a \u00e9t\u00e9 endommag\u00e9. Il peut aider dans la pr\u00e9vention et le traitement des pellicules ! Et il est connu pour neutraliser certains agents canc\u00e9rig\u00e8nes et peut fournir une protection contre certains types de pathologies qui sont affect\u00e9es par ces conditions pr\u00e9canc\u00e9reuses. <\/span><br \/><span style=\"color: #000000;\"><strong>Apports journaliers recommand\u00e9s pour le s\u00e9l\u00e9nium:<\/strong><\/span><br \/><span style=\"color: #000000;\">Men &#8211; 70 mcg<\/span><br \/><span style=\"color: #000000;\">Women &#8211; 55 mcg<\/span><br \/><span style=\"color: #000000;\">Children &#8211; 20 &#8211; 30 mcg<\/span><\/p><\/li><\/ol><p style=\"text-align: center;\"><a class=\"buy\" href=\"#buy\"><strong>ALLER ACHETER MAINTENANT<\/strong><\/a><\/p><p><span style=\"color: #000000;\">Le s\u00e9l\u00e9nium est class\u00e9 comme un oligo-\u00e9l\u00e9ment essentiel dans le corps humain. Ce nutriment a acquis une \u00e9norme reconnaissance au cours des dix derni\u00e8res ann\u00e9es, avec de nombreuses \u00e9tudes en cours qui montrent son efficacit\u00e9. Le s\u00e9l\u00e9nium est \u00e9galement essentiel au fonctionnement normal de la glande thyro\u00efde, qui a des ramifications importantes pour ceux qui essaient de perdre du poids. Ils sont pris dans le cycle visqueux de la malbouffe qui est totalement d\u00e9pourvue de tout contenu nutritionnel r\u00e9el, qui habille encore plus leur corps de nutriments comme le s\u00e9l\u00e9nium qui aident \u00e0 maintenir leur sant\u00e9 et leur bien-\u00eatre. <\/span><br \/><span style=\"color: #000000;\">Presque toutes les interventions m\u00e9dicales principales concernent le traitement des sympt\u00f4mes et non la cause d&#039;une maladie. Plusieurs fois dans le domaine de la m\u00e9decine, la r\u00e9ponse est juste devant nous, mais nous ne pouvons pas la voir, prendre du s\u00e9l\u00e9nium pour compl\u00e9ter votre alimentation peut parer \u00e0 tout manque \u00e9ventuel de ce nutriment qui pourrait survenir et vous faire ressentir moins que \u00e0 votre apog\u00e9e<\/span><\/p><p><span style=\"color: #000000;\">Applications\u00a0:\u00a0cancer et pr\u00e9vention du cancer, maladies cardiaques, dysfonctionnement immunitaire, angine de poitrine, vieillissement pr\u00e9matur\u00e9, cataractes, perte de cheveux, infections chroniques, infections virales, lupus, VIH, dysfonctionnement sexuel, m\u00e9nopause et affections cutan\u00e9es.<\/span><\/p><table style=\"height: 12px;\" width=\"5\"><tbody><tr><td width=\"675\">\u00a0<\/td><\/tr><\/tbody><\/table><p><span style=\"color: #000000;\"><strong>Les directions:<\/strong> Les adultes prennent un (1) comprim\u00e9 deux fois par jour, de pr\u00e9f\u00e9rence avec un repas, comme compl\u00e9ment alimentaire<\/span><\/p><table><tbody><tr><td colspan=\"3\" width=\"635\"><p><span style=\"color: #000000;\"><strong>SUPPLEMENTS \u00a0FACTS<\/strong><\/span><\/p><\/td><\/tr><tr><td colspan=\"3\" width=\"635\"><p><span style=\"color: #000000;\">Portion: une (1)<\/span><\/p><\/td><\/tr><tr><td width=\"212\">\u00a0<\/td><td width=\"211\"><p><span style=\"color: #000000;\">Quantit\u00e9 par portion<\/span><\/p><\/td><td width=\"211\"><p><span style=\"color: #000000;\">Valeur quotidienne %<\/span><\/p><\/td><\/tr><tr><td width=\"212\"><p><span style=\"color: #000000;\">S\u00e9l\u00e9nium (sous forme de ch\u00e9late d&#039;acide amin\u00e9 de s\u00e9l\u00e9nium)<\/span><\/p><\/td><td width=\"211\"><p><span style=\"color: #000000;\">100mcg<\/span><\/p><\/td><td width=\"211\"><p><span style=\"color: #000000;\">143%<\/span><\/p><\/td><\/tr><tr><td colspan=\"3\" width=\"635\"><p><span style=\"color: #000000;\">Autres ingr\u00e9dients : phosphate dicalcique, cellulose microcristalline, croscarmellose sodique, st\u00e9arate de magn\u00e9sium, acide st\u00e9arique.<\/span><\/p><\/td><\/tr><\/tbody><\/table><\/div>\n\t\t\t\t<\/div>\n\t\t\t\t\t\t\t<div class=\"elementor-toggle-item\">\n\t\t\t\t\t<div id=\"elementor-tab-title-6092\" class=\"elementor-tab-title\" data-tab=\"2\" role=\"button\" aria-controls=\"elementor-tab-content-6092\" aria-expanded=\"false\">\n\t\t\t\t\t\t\t\t\t\t\t\t<span class=\"elementor-toggle-icon elementor-toggle-icon-left\" aria-hidden=\"true\">\n\t\t\t\t\t\t\t\t\t\t\t\t\t\t\t<span class=\"elementor-toggle-icon-closed\"><i class=\"far fa-caret-square-right\"><\/i><\/span>\n\t\t\t\t\t\t\t\t<span class=\"elementor-toggle-icon-opened\"><i class=\"elementor-toggle-icon-opened fas fa-caret-square-up\"><\/i><\/span>\n\t\t\t\t\t\t\t\t\t\t\t\t\t<\/span>\n\t\t\t\t\t\t\t\t\t\t\t\t<a class=\"elementor-toggle-title\" tabindex=\"0\">..<\/a>\n\t\t\t\t\t<\/div>\n\n\t\t\t\t\t<div id=\"elementor-tab-content-6092\" class=\"elementor-tab-content elementor-clearfix\" data-tab=\"2\" role=\"region\" aria-labelledby=\"elementor-tab-title-6092\"><\/div>\n\t\t\t\t<\/div>\n\t\t\t\t\t\t\t\t<\/div>\n\t\t\t\t\t\t<\/div>\n\t\t\t\t<\/div>\n\t\t\t\t\t<\/div>\n\t\t<\/div>\n\t\t\t\t\t<\/div>\n\t\t<\/section>\n\t\t\t\t<\/div>","protected":false},"excerpt":{"rendered":"<p><a name=\"buy\"><\/a><\/p>\n<ul>\n<li><strong><span style=\"font-family: go;\">Antioxydant puissant<\/span><\/strong><\/li>\n<li><strong><span style=\"font-family: go;\">Indispensable au bon fonctionnement du syst\u00e8me immunitaire<\/span><\/strong><\/li>\n<li><strong><span style=\"font-family: go;\">Il neutralise les effets n\u00e9fastes des m\u00e9taux lourds et d&#039;autres substances toxiques dans le corps.<\/span><\/strong><\/li>\n<li><strong><span style=\"font-family: go;\">Le s\u00e9l\u00e9nium a des effets positifs significatifs sur l&#039;humeur, la m\u00e9moire, l&#039;anxi\u00e9t\u00e9 et la d\u00e9pression.\u200b\u200b<\/span><\/strong><\/li>\n<\/ul>\n<p><strong>\u00a0\u00a0\u00a0\u00a0\u00a0 &gt;&gt;&gt;<span style=\"font-family: go; font-size: 14pt;\"><a href=\"#more\"><span style=\"color: #0000ff;\">Lire la suite<\/span><\/a><\/span><\/strong><\/p>","protected":false},"featured_media":12154,"comment_status":"open","ping_status":"closed","template":"","meta":{"nf_dc_page":"","_bbp_topic_count":0,"_bbp_reply_count":0,"_bbp_total_topic_count":0,"_bbp_total_reply_count":0,"_bbp_voice_count":0,"_bbp_anonymous_reply_count":0,"_bbp_topic_count_hidden":0,"_bbp_reply_count_hidden":0,"_bbp_forum_subforum_count":0},"product_brand":[],"product_cat":[33,19],"product_tag":[],"class_list":{"0":"post-455","1":"product","2":"type-product","3":"status-publish","4":"has-post-thumbnail","6":"product_cat-all-products","7":"product_cat-mineral-supplements","9":"first","10":"instock","11":"featured","12":"shipping-taxable","13":"purchasable","14":"product-type-simple"},"bundled_by":["3068"],"bundle_stock_status":"instock","bundle_stock_quantity":null,"bundle_virtual":false,"bundle_layout":"","bundle_add_to_cart_form_location":"","bundle_editable_in_cart":false,"bundle_sold_individually_context":"","bundle_item_grouping":"","bundle_min_size":"","bundle_max_size":"","bundled_items":[],"bundle_sell_ids":[],"_links":{"self":[{"href":"https:\/\/www.naturesgiftforlife.com\/fr\/wp-json\/wp\/v2\/product\/455","targetHints":{"allow":["GET"]}}],"collection":[{"href":"https:\/\/www.naturesgiftforlife.com\/fr\/wp-json\/wp\/v2\/product"}],"about":[{"href":"https:\/\/www.naturesgiftforlife.com\/fr\/wp-json\/wp\/v2\/types\/product"}],"replies":[{"embeddable":true,"href":"https:\/\/www.naturesgiftforlife.com\/fr\/wp-json\/wp\/v2\/comments?post=455"}],"version-history":[{"count":0,"href":"https:\/\/www.naturesgiftforlife.com\/fr\/wp-json\/wp\/v2\/product\/455\/revisions"}],"wp:featuredmedia":[{"embeddable":true,"href":"https:\/\/www.naturesgiftforlife.com\/fr\/wp-json\/wp\/v2\/media\/12154"}],"wp:attachment":[{"href":"https:\/\/www.naturesgiftforlife.com\/fr\/wp-json\/wp\/v2\/media?parent=455"}],"wp:term":[{"taxonomy":"product_brand","embeddable":true,"href":"https:\/\/www.naturesgiftforlife.com\/fr\/wp-json\/wp\/v2\/product_brand?post=455"},{"taxonomy":"product_cat","embeddable":true,"href":"https:\/\/www.naturesgiftforlife.com\/fr\/wp-json\/wp\/v2\/product_cat?post=455"},{"taxonomy":"product_tag","embeddable":true,"href":"https:\/\/www.naturesgiftforlife.com\/fr\/wp-json\/wp\/v2\/product_tag?post=455"}],"curies":[{"name":"wp","href":"https:\/\/api.w.org\/{rel}","templated":true}]}}