{"id":446,"date":"2020-08-17T14:04:27","date_gmt":"2020-08-17T14:04:27","guid":{"rendered":"https:\/\/test.projectilecm.com\/product\/omega-3-epa"},"modified":"2026-02-09T16:29:40","modified_gmt":"2026-02-09T16:29:40","slug":"omega-3-epa","status":"publish","type":"product","link":"https:\/\/www.naturesgiftforlife.com\/fr\/shop\/omega-3-epa\/","title":{"rendered":"Om\u00e9ga-3 EPA"},"content":{"rendered":"<div data-elementor-type=\"wp-post\" data-elementor-id=\"446\" class=\"elementor elementor-446\">\n\t\t\t\t\t\t<section class=\"elementor-section elementor-top-section elementor-element elementor-element-6fa696d elementor-section-boxed elementor-section-height-default elementor-section-height-default\" data-id=\"6fa696d\" data-element_type=\"section\" data-e-type=\"section\">\n\t\t\t\t\t\t<div class=\"elementor-container elementor-column-gap-default\">\n\t\t\t\t\t<div class=\"elementor-column elementor-col-100 elementor-top-column elementor-element elementor-element-7a3523d\" data-id=\"7a3523d\" data-element_type=\"column\" data-e-type=\"column\">\n\t\t\t<div class=\"elementor-widget-wrap elementor-element-populated\">\n\t\t\t\t\t\t<div class=\"elementor-element elementor-element-7ee9691 elementor-widget elementor-widget-html\" data-id=\"7ee9691\" data-element_type=\"widget\" data-e-type=\"widget\" data-widget_type=\"html.default\">\n\t\t\t\t<div class=\"elementor-widget-container\">\n\t\t\t\t\t<a name=\"more\"><\/a>\t\t\t\t<\/div>\n\t\t\t\t<\/div>\n\t\t\t\t<div class=\"elementor-element elementor-element-f20606d elementor-invisible elementor-widget elementor-widget-toggle\" data-id=\"f20606d\" data-element_type=\"widget\" data-e-type=\"widget\" data-settings=\"{&quot;_animation&quot;:&quot;flash&quot;}\" data-widget_type=\"toggle.default\">\n\t\t\t\t<div class=\"elementor-widget-container\">\n\t\t\t\t\t\t\t<div class=\"elementor-toggle\">\n\t\t\t\t\t\t\t<div class=\"elementor-toggle-item\">\n\t\t\t\t\t<h2 id=\"elementor-tab-title-2531\" class=\"elementor-tab-title\" data-tab=\"1\" role=\"button\" aria-controls=\"elementor-tab-content-2531\" aria-expanded=\"false\">\n\t\t\t\t\t\t\t\t\t\t\t\t<span class=\"elementor-toggle-icon elementor-toggle-icon-left\" aria-hidden=\"true\">\n\t\t\t\t\t\t\t\t\t\t\t\t\t\t\t<span class=\"elementor-toggle-icon-closed\"><i class=\"far fa-caret-square-right\"><\/i><\/span>\n\t\t\t\t\t\t\t\t<span class=\"elementor-toggle-icon-opened\"><i class=\"elementor-toggle-icon-opened fas fa-caret-square-up\"><\/i><\/span>\n\t\t\t\t\t\t\t\t\t\t\t\t\t<\/span>\n\t\t\t\t\t\t\t\t\t\t\t\t<a class=\"elementor-toggle-title\" tabindex=\"0\">Description d\u00e9taill\u00e9e du produit \/ Faits suppl\u00e9mentaires<\/a>\n\t\t\t\t\t<\/h2>\n\n\t\t\t\t\t<div id=\"elementor-tab-content-2531\" class=\"elementor-tab-content elementor-clearfix\" data-tab=\"1\" role=\"region\" aria-labelledby=\"elementor-tab-title-2531\"><p><span style=\"color: #000000;\"><strong>Bienfaits des Om\u00e9ga 3<\/strong><\/span><\/p><ul><li><span style=\"color: #000000;\">Les om\u00e9ga 3 diminuent le risque d&#039;arythmie, ce qui peut entra\u00eener une mort subite d&#039;origine cardiaque<\/span><\/li><li><span style=\"color: #000000;\">Les om\u00e9ga 3 diminuent les taux de triglyc\u00e9rides et de mauvais cholest\u00e9rol<\/span><\/li><li><span style=\"color: #000000;\">Les om\u00e9ga 3 diminuent le taux de croissance de la plaque ath\u00e9roscl\u00e9reuse<\/span><\/li><li><span style=\"color: #000000;\">Les om\u00e9ga 3 peuvent l\u00e9g\u00e8rement abaisser la tension art\u00e9rielle<\/span><\/li><li><span style=\"color: #000000;\">Om\u00e9ga 3 aide \u00e0 prot\u00e9ger contre les maladies cardiaques<\/span><\/li><li><span style=\"color: #000000;\">Les om\u00e9ga 3 aident \u00e0 am\u00e9liorer la fonction endocrinienne<\/span><\/li><li><span style=\"color: #000000;\">Les om\u00e9ga 3 am\u00e9liorent la sant\u00e9 globale en aidant \u00e0 soutenir nutritionnellement le contr\u00f4le naturel des lipides sanguins, tels que le cholest\u00e9rol.<\/span><\/li><li><span style=\"color: #000000;\">Omega 3 helps prevent heart disease, cancer, depression and Alzheimer&#8217;s.<\/span><\/li><li><span style=\"color: #000000;\">Om\u00e9ga 3 aide dans le traitement des rhumato\u00efdes <a href=\"https:\/\/www.rmbibow.com\/skincare\/\" target=\"_blank\" rel=\"noopener\">arthrite<\/a>, <a href=\"https:\/\/www.rmbibow.com\/makeup\/\" target=\"_blank\" rel=\"noopener\">Diab\u00e8te<\/a>, ulcerative colitis, Raynaud&#8217;s disease and a host of other diseases.<\/span><\/li><\/ul><p style=\"text-align: center;\"><a class=\"buy\" href=\"#buy\"><strong>ALLER ACHETER MAINTENANT<\/strong><\/a><\/p><p><span style=\"color: #000000;\"><strong><u>Aper\u00e7u des Om\u00e9ga 3<\/u><\/strong><\/span><\/p><p><span style=\"color: #000000;\">Les aliments que vous achetez sur le march\u00e9 aujourd&#039;hui sont presque garantis de ne contenir aucun (ou tr\u00e8s peu) des acides gras essentiels (AGE) que l&#039;on trouve g\u00e9n\u00e9ralement dans les graisses et les huiles. Les deux plus grandes cat\u00e9gories d&#039;acides gras sont mieux reconnues comme les groupes om\u00e9ga 3 et om\u00e9ga 6. Ces deux groupes d&#039;acides gras essentiels sont vitaux pour une bonne sant\u00e9. Ils remplissent tous les deux des fonctions l\u00e9g\u00e8rement diff\u00e9rentes dans le corps, dont la plupart sont essentielles pour une sant\u00e9 optimale! Les acides gras essentiels comme l&#039;EPA et le DHA sont d\u00e9riv\u00e9s de diff\u00e9rentes sources et font partie de plusieurs cha\u00eenes d&#039;\u00e9v\u00e9nements m\u00e9taboliques dans le corps qui pr\u00e9viennent les maladies, aident au transport et \u00e0 l&#039;absorption d&#039;oxyg\u00e8ne, maintiennent la fonction c\u00e9r\u00e9brale, maintiennent le syst\u00e8me immunitaire, la sant\u00e9 cardiovasculaire et maintenez les niveaux d&#039;hormones l\u00e0 o\u00f9 ils devraient \u00eatre \u00e0 mesure que nous vieillissons.<\/span><\/p><p><span style=\"color: #000000;\">Les carences en AGE dans la soci\u00e9t\u00e9 actuelle sont directement associ\u00e9es aux maladies cardiovasculaires, au cancer, au diab\u00e8te, \u00e0 la scl\u00e9rose en plaques et \u00e0 d&#039;autres conditions d\u00e9g\u00e9n\u00e9ratives.<\/span><br \/><span style=\"color: #000000;\">The proportion of these EFA\u2019s in the diet has become very unbalanced toward the Omega 6 side of the scale. This has led to a host of sub-clinical disease states that range from hormonal disruptions to immune <a href=\"https:\/\/www.naturesgiftforlife.com\/fr\/shop\/anti-diabetes-tea\/\">dysfonctionnement<\/a>. The proper balance\/ratio of these nutrients is imperative for optimal health. Omega 6 and Omega 3 essential fatty acids are best consumed in a ratio of about 3:1 \u2013 that is: three Omega 6 to one Omega 3.<\/span><\/p><p><span style=\"color: #000000;\"><strong>Acides gras om\u00e9ga 6<\/strong> (e.g. linoleic acid) These EFA\u2019s are in polyunsaturated fats and are found in unrefined safflower, corn, soy, canola, meat, and sesame and sunflower oils. These oils are overabundant in the typical diet, which explains our excess omega-6 levels. Avoid or limit these oils.<\/span><br \/><span style=\"color: #000000;\"><strong>Les acides gras omega-3<\/strong> (par exemple, l&#039;acide alpha-linol\u00e9nique) pr\u00e9sent dans les poissons gras, l&#039;huile de lin ou de lin, l&#039;huile de chanvre, l&#039;huile de soja, les graines de citrouille, les noix, les l\u00e9gumes vert fonc\u00e9 et le gibier.<\/span><\/p><p style=\"text-align: center;\"><a class=\"buy\" href=\"#buy\"><strong>ALLER ACHETER MAINTENANT<\/strong><\/a><\/p><p><span style=\"color: #000000;\">The diet in the west ranges from between 10 &#8211; 20 to 1 in favor of omega 6, which is not good for health. We are eating too much omega 6 fat and not enough omega 3 fats. This increase and excessive intake of omega 6 can cause increased water retention, raised blood pressure, an increase in allergic responses and increased blood clotting. Studies have shown that taking EPA+DHA everyday significantly reduces deaths from heart disease. <\/span><br \/><span style=\"color: #000000;\">NG4L\u2019s natural marine lipid concentrate provides a dietary source of the valuable Omega-3 fatty acids, Eicosapentaenoic Acid (EPA) and Docosahexaenoic Acid (DHA). The most recent research has revealed important new evidence that a balanced combination of these marine lipids in the diet improved overall health by helping to nutritionally support the natural control of blood lipids, such as cholesterol. This helps to protect against heart disease, improves endocrine function and at the same time supports many <a href=\"https:\/\/www.naturesgiftforlife.com\/fr\/shop\/hypertension-tea\/\">enzyme<\/a> fonctions dans le corps, qui jouent \u00e9galement un r\u00f4le cl\u00e9 dans les fonctions neurologiques.<\/span><\/p><p><span style=\"color: #000000;\">Une \u00e9tude de l&#039;Universit\u00e9 Purdue a montr\u00e9 que les enfants pauvres en acides gras essentiels om\u00e9ga-3 sont beaucoup plus susceptibles d&#039;\u00eatre hyperactifs, d&#039;avoir des troubles d&#039;apprentissage et d&#039;afficher des probl\u00e8mes de comportement. Les carences en om\u00e9ga-3 sont \u00e9galement li\u00e9es \u00e0 de nombreuses affections, notamment les suivantes\u00a0: <strong>dyslexie violence d\u00e9pression probl\u00e8mes de m\u00e9moire, prise de poids, cancer, maladies cardiaques, ecz\u00e9ma, allergies, maladies inflammatoires, arthrite et diab\u00e8te. <\/strong><\/span><\/p><p><span style=\"color: #000000;\"><strong>Le cerveau humain contient plus de 60% de graisse structurelle<\/strong>, just as your muscles are made of protein and your bones are made of calcium. But it&#8217;s not just any fat that our brains are made of. It has to be certain types of fats, and we no longer eat these types of fats like we used to.<\/span><\/p><p style=\"text-align: center;\"><a class=\"buy\" href=\"#buy\"><strong>ALLER ACHETER MAINTENANT<\/strong><\/a><\/p><p><span style=\"color: #000000;\">Worse, we eat man-made trans-fats and excessive amounts of saturated fats and vegetable oils high in Omega-6 fatty acids, all of which interfere which our body&#8217;s attempt to utilize the tiny amount of Omega-3 fats that it gets.<\/span><\/p><p><span style=\"color: #000000;\"><strong>D&#039;autres parties de notre corps ont \u00e9galement besoin d&#039;acides gras om\u00e9ga-3.<\/strong> Les sympt\u00f4mes d&#039;une carence en acides gras comprennent une vari\u00e9t\u00e9 de probl\u00e8mes de peau tels que <strong>eczema, dry skin, alligator skin\u00a0 &#8220;Chicken skin&#8221; on back of arms, thick patches of skin, and cracked heels and fingertips. Other symptoms are dandruff, lowered immunity, dry eyes, frequent urination, fatigue, poor wound healing, irritability, dry unmanageable hair, frequent infections, attention deficit, hyperactivity, learning problems, soft nails, brittle and easily frayed nails, patches of pale skin on cheeks, allergies and excessive thirst.<\/strong><\/span><\/p><p><span style=\"color: #000000;\">Imagine your brain conducting some routine maintenance on your dopamine and serotonin receptors (implicated in both ADD and mood disorders). These receptors are composed of an Omega-3 fatty acid called DHA. If you don&#8217;t have much DHA in your blood, man-made trans-fat molecules may be used as a construction material instead. But trans-fats (hydrogenated oils) are shaped differently than DHA: they are straight while DHA is curved.<\/span><\/p><p style=\"text-align: center;\"><a class=\"buy\" href=\"#buy\"><strong>ALLER ACHETER MAINTENANT<\/strong><\/a><\/p><p><span style=\"color: #000000;\">The dopamine receptor becomes deformed and doesn&#8217;t work very well. Repeat this scenario day after day, year after year, and you could wind up with problems like depression and problems concentrating. This problem is most severe for a child whose brain is still developing.<\/span><\/p><p><span style=\"color: #000000;\">Un manque de graisses hautement insatur\u00e9es est particuli\u00e8rement perceptible en relation avec le fonctionnement du cerveau et des nerfs.<\/span><\/p><p><span style=\"color: #000000;\">Imaginez maintenant un enfant \u00e0 l&#039;\u00e9cole qui apprend les math\u00e9matiques. L&#039;acte d&#039;apprendre n\u00e9cessite que le cerveau forme de nouvelles voies neuronales. Le DHA est n\u00e9cessaire, en particulier pour les d\u00e9licates synapses neurales, qui sont enti\u00e8rement compos\u00e9es de DHA. Cet enfant, comme la grande majorit\u00e9 des enfants, ne mange presque pas d&#039;acides gras om\u00e9ga-3. Que fait le cerveau?<\/span><\/p><p><span style=\"color: #000000;\">Encore une fois, il se d\u00e9bat et utilise finalement d&#039;autres types de graisses, qui ne sont pas de bonne forme. Le r\u00e9seau neuronal se d\u00e9veloppe lentement et est d\u00e9fectueux. L&#039;enfant a des probl\u00e8mes d&#039;apprentissage et de m\u00e9moire ainsi que des probl\u00e8mes de comportement.<\/span><\/p><p><span style=\"color: #000000;\">Dans une \u00e9tude sur la capacit\u00e9 d&#039;apprentissage, les rats ont \u00e9t\u00e9 \u00e9lev\u00e9s soit avec un r\u00e9gime alimentaire pauvre en acides gras om\u00e9ga-3, soit avec un r\u00e9gime nutritionnel complet. Au d\u00e9part, les deux groupes de rats avaient des nombres similaires de v\u00e9sicules synaptiques.<\/span><\/p><p style=\"text-align: center;\"><a class=\"buy\" href=\"#buy\"><strong>ALLER ACHETER MAINTENANT<\/strong><\/a><\/p><p><span style=\"color: #000000;\">Apr\u00e8s un programme d&#039;apprentissage d&#039;un mois, cependant, les rats enrichis en om\u00e9ga-3 avaient consid\u00e9rablement plus de v\u00e9sicules dans leurs terminaisons nerveuses et ont \u00e9galement obtenu de meilleurs r\u00e9sultats aux tests. Cette \u00e9tude sugg\u00e8re qu&#039;il pourrait y avoir un lien direct entre la quantit\u00e9 d&#039;acides gras om\u00e9ga-3 dans votre alimentation, le nombre de v\u00e9sicules synaptiques dans vos neurones et votre capacit\u00e9 \u00e0 apprendre.<\/span><\/p><p><span style=\"color: #000000;\">Au cours des 5 ou 10 prochaines ann\u00e9es, la population en g\u00e9n\u00e9ral se familiarisera avec le probl\u00e8me de la carence en acides gras et les dommages caus\u00e9s par les gras trans, et il y aura des changements importants dans la fa\u00e7on dont les aliments sont formul\u00e9s et commercialis\u00e9s.<\/span><\/p><p><span style=\"color: #000000;\">In response to growing public pressure and the rising number of studies implicating transfats, the FDA has announced a new rule that will require the transfat content of foods, but it won&#8217;t become effective for a few years<strong>.<\/strong> Les entreprises commencent \u00e0 commercialiser des aliments om\u00e9ga-3, comme le thon et les \u0153ufs de poulets nourris avec des aliments riches en om\u00e9ga-3. Les entreprises d&#039;aliments pour b\u00e9b\u00e9s comme Gerber envisagent d&#039;ajouter du DHA aux aliments (en attendant, le m\u00eame aliment contient toujours des gras trans). Au Japon, les parents donnent \u00e0 leurs enfants des suppl\u00e9ments de DHA depuis des ann\u00e9es pour am\u00e9liorer leurs notes.<\/span><\/p><p style=\"text-align: center;\"><a class=\"buy\" href=\"#buy\"><strong>ALLER ACHETER MAINTENANT<\/strong><\/a><\/p><p><span style=\"color: #000000;\">Research has shown that the diets of hunter\/gatherers were rich in Omega-3&#8217;s. They ate a mix of meat, fruits and vegetables, with little or no grains. It turns out that cows, chickens and other animals have much higher levels of Omega-3s when they are fed by &#8220;free-range&#8221; methods because they eat lots of green leafy vegetables. On the other hand, if they are fed grain, their Omega-3 levels crash. Wild game is much healthier to eat and it is much leaner than farm-raised animals.<\/span><\/p><p><span style=\"color: #000000;\">Taking NG4L\u2019s Omega 3 EPA may be the answer in helping the bring balance back into your diet and your overall health! That&#8217;s because the NG4L omega-3 is high in two fatty acids crucial to human health, DHA and EPA. These two fatty acids are pivotal in preventing heart disease, cancer, and many other diseases. The human brain is also highly dependent on DHA &#8211; low DHA levels have been linked to depression, schizophrenia, memory loss, and a higher risk of developing Alzheimer&#8217;s. Researchers are now also linking inadequate intake of these omega-3 fats in pregnant women to premature birth and low birth weight, and to hyperactivity in children.<\/span><\/p><p><span style=\"color: #000000;\">Prenez l&#039;Om\u00e9ga 3 EPA de NG4L tous les jours pour rester en bonne sant\u00e9!<\/span><\/p><p><span style=\"color: #000000;\"><strong>instructions<\/strong><\/span><\/p><p><span style=\"color: #000000;\">Les adultes prennent une g\u00e9lule trois fois par jour, de pr\u00e9f\u00e9rence avec un repas.<\/span><\/p><p><span style=\"color: #000000;\"><strong>avertissement<\/strong><\/span><\/p><p><span style=\"color: #000000;\">Les femmes enceintes, les m\u00e8res allaitantes et les enfants doivent \u00e9viter l&#039;utilisation d&#039;Omega EPA \u00e0 moins qu&#039;un m\u00e9decin ne le recommande. En raison de l&#039;activit\u00e9 antithrombotique possible, les personnes atteintes d&#039;h\u00e9mophilie et celles prenant de la warfarine (Coumadin) doivent consulter leur m\u00e9decin avant utilisation.<\/span><\/p><\/div>\n\t\t\t\t<\/div>\n\t\t\t\t\t\t\t<div class=\"elementor-toggle-item\">\n\t\t\t\t\t<h2 id=\"elementor-tab-title-2532\" class=\"elementor-tab-title\" data-tab=\"2\" role=\"button\" aria-controls=\"elementor-tab-content-2532\" aria-expanded=\"false\">\n\t\t\t\t\t\t\t\t\t\t\t\t<span class=\"elementor-toggle-icon elementor-toggle-icon-left\" aria-hidden=\"true\">\n\t\t\t\t\t\t\t\t\t\t\t\t\t\t\t<span class=\"elementor-toggle-icon-closed\"><i class=\"far fa-caret-square-right\"><\/i><\/span>\n\t\t\t\t\t\t\t\t<span class=\"elementor-toggle-icon-opened\"><i class=\"elementor-toggle-icon-opened fas fa-caret-square-up\"><\/i><\/span>\n\t\t\t\t\t\t\t\t\t\t\t\t\t<\/span>\n\t\t\t\t\t\t\t\t\t\t\t\t<a class=\"elementor-toggle-title\" tabindex=\"0\">..<\/a>\n\t\t\t\t\t<\/h2>\n\n\t\t\t\t\t<div id=\"elementor-tab-content-2532\" class=\"elementor-tab-content elementor-clearfix\" data-tab=\"2\" role=\"region\" aria-labelledby=\"elementor-tab-title-2532\"><\/div>\n\t\t\t\t<\/div>\n\t\t\t\t\t\t\t\t<\/div>\n\t\t\t\t\t\t<\/div>\n\t\t\t\t<\/div>\n\t\t\t\t\t<\/div>\n\t\t<\/div>\n\t\t\t\t\t<\/div>\n\t\t<\/section>\n\t\t\t\t<\/div>","protected":false},"excerpt":{"rendered":"<p><a name=\"buy\"><\/a><\/p>\n<ul>\n<li><strong><span lang=\"EN-US\" style=\"font-family: go;\">Diminue le risque d&#039;arythmies, qui peuvent entra\u00eener une mort cardiaque subite<\/span><\/strong><\/li>\n<li><strong><span lang=\"EN-US\" style=\"font-family: go;\">Diminue les taux de triglyc\u00e9rides et de mauvais cholest\u00e9rol<\/span><\/strong><\/li>\n<li><strong><span lang=\"EN-US\" style=\"font-family: go;\">Diminue le taux de croissance de la plaque ath\u00e9roscl\u00e9reuse<\/span><\/strong><\/li>\n<li><strong><span style=\"font-family: go;\">Peut abaisser l\u00e9g\u00e8rement la tension art\u00e9rielle<\/span><\/strong><\/li>\n<li><strong><span style=\"font-family: go;\">Aide \u00e0 prot\u00e9ger contre les maladies cardiaques<\/span><\/strong><\/li>\n<li><strong><span style=\"font-family: go;\">Aide \u00e0 am\u00e9liorer la fonction endocrinienne<\/span><\/strong><\/li>\n<\/ul>\n<p><strong>\u00a0\u00a0\u00a0\u00a0\u00a0 &gt;&gt;&gt;<span style=\"font-family: go; font-size: 14pt;\"><a href=\"#more\"><span style=\"color: #0000ff;\">Lire la suite<\/span><\/a><\/span><\/strong><\/p>","protected":false},"featured_media":351,"comment_status":"open","ping_status":"closed","template":"","meta":{"nf_dc_page":"","_bbp_topic_count":0,"_bbp_reply_count":0,"_bbp_total_topic_count":0,"_bbp_total_reply_count":0,"_bbp_voice_count":0,"_bbp_anonymous_reply_count":0,"_bbp_topic_count_hidden":0,"_bbp_reply_count_hidden":0,"_bbp_forum_subforum_count":0},"product_brand":[],"product_cat":[33,24],"product_tag":[],"class_list":{"0":"post-446","1":"product","2":"type-product","3":"status-publish","4":"has-post-thumbnail","6":"product_cat-all-products","7":"product_cat-natural-supplements","9":"first","10":"outofstock","11":"shipping-taxable","12":"purchasable","13":"product-type-simple"},"bundled_by":["2554"],"bundle_stock_status":"outofstock","bundle_stock_quantity":0,"bundle_virtual":false,"bundle_layout":"","bundle_add_to_cart_form_location":"","bundle_editable_in_cart":false,"bundle_sold_individually_context":"","bundle_item_grouping":"","bundle_min_size":"","bundle_max_size":"","bundled_items":[],"bundle_sell_ids":[],"_links":{"self":[{"href":"https:\/\/www.naturesgiftforlife.com\/fr\/wp-json\/wp\/v2\/product\/446","targetHints":{"allow":["GET"]}}],"collection":[{"href":"https:\/\/www.naturesgiftforlife.com\/fr\/wp-json\/wp\/v2\/product"}],"about":[{"href":"https:\/\/www.naturesgiftforlife.com\/fr\/wp-json\/wp\/v2\/types\/product"}],"replies":[{"embeddable":true,"href":"https:\/\/www.naturesgiftforlife.com\/fr\/wp-json\/wp\/v2\/comments?post=446"}],"version-history":[{"count":0,"href":"https:\/\/www.naturesgiftforlife.com\/fr\/wp-json\/wp\/v2\/product\/446\/revisions"}],"wp:featuredmedia":[{"embeddable":true,"href":"https:\/\/www.naturesgiftforlife.com\/fr\/wp-json\/wp\/v2\/media\/351"}],"wp:attachment":[{"href":"https:\/\/www.naturesgiftforlife.com\/fr\/wp-json\/wp\/v2\/media?parent=446"}],"wp:term":[{"taxonomy":"product_brand","embeddable":true,"href":"https:\/\/www.naturesgiftforlife.com\/fr\/wp-json\/wp\/v2\/product_brand?post=446"},{"taxonomy":"product_cat","embeddable":true,"href":"https:\/\/www.naturesgiftforlife.com\/fr\/wp-json\/wp\/v2\/product_cat?post=446"},{"taxonomy":"product_tag","embeddable":true,"href":"https:\/\/www.naturesgiftforlife.com\/fr\/wp-json\/wp\/v2\/product_tag?post=446"}],"curies":[{"name":"wp","href":"https:\/\/api.w.org\/{rel}","templated":true}]}}