{"id":4369,"date":"2020-11-19T12:25:05","date_gmt":"2020-11-19T12:25:05","guid":{"rendered":"http:\/\/www.livehealthylivehappy.com\/new\/?post_type=product&#038;p=4369"},"modified":"2025-04-02T14:36:48","modified_gmt":"2025-04-02T14:36:48","slug":"melatonin","status":"publish","type":"product","link":"https:\/\/www.naturesgiftforlife.com\/fr\/shop\/melatonin\/","title":{"rendered":"M\u00e9latonine 3mg"},"content":{"rendered":"<div data-elementor-type=\"wp-post\" data-elementor-id=\"4369\" class=\"elementor elementor-4369\">\n\t\t\t\t\t\t<section class=\"elementor-section elementor-top-section elementor-element elementor-element-3e503d0 elementor-section-boxed elementor-section-height-default elementor-section-height-default\" data-id=\"3e503d0\" data-element_type=\"section\" data-e-type=\"section\">\n\t\t\t\t\t\t<div class=\"elementor-container elementor-column-gap-default\">\n\t\t\t\t\t<div class=\"elementor-column elementor-col-100 elementor-top-column elementor-element elementor-element-b60f5f1\" data-id=\"b60f5f1\" data-element_type=\"column\" data-e-type=\"column\">\n\t\t\t<div class=\"elementor-widget-wrap elementor-element-populated\">\n\t\t\t\t\t\t<div class=\"elementor-element elementor-element-5ca99ba elementor-widget elementor-widget-html\" data-id=\"5ca99ba\" data-element_type=\"widget\" data-e-type=\"widget\" data-widget_type=\"html.default\">\n\t\t\t\t<div class=\"elementor-widget-container\">\n\t\t\t\t\t<a name=\"more\"><\/a>\t\t\t\t<\/div>\n\t\t\t\t<\/div>\n\t\t\t\t<div class=\"elementor-element elementor-element-dfc94e6 elementor-invisible elementor-widget elementor-widget-toggle\" data-id=\"dfc94e6\" data-element_type=\"widget\" data-e-type=\"widget\" data-settings=\"{&quot;_animation&quot;:&quot;flash&quot;}\" data-widget_type=\"toggle.default\">\n\t\t\t\t<div class=\"elementor-widget-container\">\n\t\t\t\t\t\t\t<div class=\"elementor-toggle\">\n\t\t\t\t\t\t\t<div class=\"elementor-toggle-item\">\n\t\t\t\t\t<div id=\"elementor-tab-title-2341\" class=\"elementor-tab-title\" data-tab=\"1\" role=\"button\" aria-controls=\"elementor-tab-content-2341\" aria-expanded=\"false\">\n\t\t\t\t\t\t\t\t\t\t\t\t<span class=\"elementor-toggle-icon elementor-toggle-icon-left\" aria-hidden=\"true\">\n\t\t\t\t\t\t\t\t\t\t\t\t\t\t\t<span class=\"elementor-toggle-icon-closed\"><i class=\"far fa-caret-square-right\"><\/i><\/span>\n\t\t\t\t\t\t\t\t<span class=\"elementor-toggle-icon-opened\"><i class=\"elementor-toggle-icon-opened fas fa-caret-square-up\"><\/i><\/span>\n\t\t\t\t\t\t\t\t\t\t\t\t\t<\/span>\n\t\t\t\t\t\t\t\t\t\t\t\t<a class=\"elementor-toggle-title\" tabindex=\"0\">Description d\u00e9taill\u00e9e du produit \/ Faits suppl\u00e9mentaires<\/a>\n\t\t\t\t\t<\/div>\n\n\t\t\t\t\t<div id=\"elementor-tab-content-2341\" class=\"elementor-tab-content elementor-clearfix\" data-tab=\"1\" role=\"region\" aria-labelledby=\"elementor-tab-title-2341\"><p><span style=\"color: #000000;\"><strong>Avantages:<\/strong><\/span><\/p><ul><li><span style=\"color: #000000;\">La m\u00e9latonine est particuli\u00e8rement efficace pour se d\u00e9barrasser du Jet Lag (shift time), et des troubles du rythme circadien, qui r\u00e9sultent du travail de nuit. Il peut \u00eatre utilis\u00e9 pour le trouble affectif saisonnier (TAS).<\/span><\/li><li><span style=\"color: #000000;\">Contre l&#039;insomnie : C&#039;est le meilleur et le plus s\u00fbr des inducteurs de sommeil disponibles. Il est efficace en une heure pour 90% des sujets. Le sommeil facilit\u00e9 par la M\u00e9latonine est naturel, r\u00e9parateur et de meilleure qualit\u00e9 que le sommeil induit par les somnif\u00e8res courants. Les utilisateurs de M\u00e9latonine se r\u00e9veillent toujours frais et bien repos\u00e9s.<\/span><\/li><li><span style=\"color: #000000;\">Il en va de m\u00eame pour les troubles \u00e9motionnels saisonniers, qui affectent les personnes dont les biorythmes ne peuvent s&#039;adapter aux changements de saisons.<\/span><\/li><li><span style=\"color: #000000;\">Il neutralise les effets du stress, et r\u00e9duit le d\u00e9clin progressif du syst\u00e8me immunitaire qui l&#039;accompagne.<\/span><\/li><li><span style=\"color: #000000;\">De nombreuses \u00e9tudes montrent que la m\u00e9latonine prot\u00e8ge du cancer et des effets toxiques de la chimioth\u00e9rapie. Il restaure la fonctionnalit\u00e9 du thymus et augmente la population de lymphocytes T. La recherche montre \u00e9galement que sa suppl\u00e9mentation permet de r\u00e9duire l&#039;hypertension, de mieux r\u00e9sister aux rhumes, et plus g\u00e9n\u00e9ralement, de pr\u00e9venir ou de mieux r\u00e9sister \u00e0 un grand nombre de maladies li\u00e9es au vieillissement.<\/span><\/li><\/ul><p style=\"text-align: center;\"><a class=\"buy\" href=\"#buy\"><strong>ALLER ACHETER MAINTENANT<\/strong><\/a><\/p><p><span style=\"color: #000000;\"><strong>Cet article est destin\u00e9 \u00e0 vous mettre<\/strong> pour dormir, du moins si vous prenez le produit ! Beaucoup de choses ont \u00e9t\u00e9 \u00e9crites et dites sur ce qu&#039;il a \u00e9t\u00e9 d\u00e9montr\u00e9 et ce qu&#039;il peut r\u00e9ellement faire. Les <a href=\"https:\/\/livehealthylivehappy.com\/category\/hiv-aids\/\" target=\"_blank\" rel=\"noopener\">M\u00e9latonine<\/a> blitz of the 90\u2019s came and went for a number of reasons, some of the market slowdown was due to the poor quality of what was being sold at the time. Now the market is starting to come full circle, the quality of products being sold is far superior to what had been offered in the past. And the research on it\u2019s capabilities has been substantiated with respect to its ability to assist persons with insomnia to fall asleep and to assist those with jet lag to recover at a faster pace.<\/span><\/p><p><span style=\"color: #000000;\">La m\u00e9latonine est un produit naturel <a href=\"https:\/\/www.rmbibow.com\/skincare\/body\/body-splash\/\" target=\"_blank\" rel=\"noopener\">hormone<\/a> that your body produces in the pineal gland located in the brain. Through sight, and the amount of light we are exposed to (light \u2013 dark cycle), the pineal gland responds by starting to produce melatonin as it gets dark to allow you to begin to slow down, this makes the sleep state more inviting. As the production rate beings to increase your body temperature drops and sleep onset begins. As daybreak begins, and it becomes brighter outside you begin to wake and the <a href=\"https:\/\/www.naturesgiftforlife.com\/fr\/shop\/blackstrap-molasses\/\">production<\/a> de m\u00e9latonine diminue \u00e0 un point o\u00f9 elle est moins d\u00e9tectable pendant l&#039;\u00e9tat de veille.<\/span><\/p><p style=\"text-align: center;\"><a class=\"buy\" href=\"#buy\"><strong>ALLER ACHETER MAINTENANT<\/strong><\/a><\/p><p><span style=\"color: #000000;\">Melatonin levels are at their highest levels during puberty and begin to decline after that, it is not clear if this is age related or a factor of lifestyle. The elderly in general produce the least amount of it, and usually respond well to Melatonin intervention if needed. It has been stated that Melatonin is as safe as water. But unfortunately there has been a lot of unsubstantiated information written about melatonin with regards to being an anti-aging product, curing Aids and cancer. The most exciting legitimate research to date has been is its use as a sleep aid. It has been shown that it helps to bring the bodies Circadian rhythms back into alignment. The body\u2019s Circadian rhythm is a pattern that is different for everyone, but is cyclical in everyone. The timing may be different from one person to the next but it all is rhythmic, the bodies system run in different pattern depending on that person\u2019s life circumstances. It helps to regulate these patterns, by keeping the internal clock running efficiently. There are a number of reasons the bodies clock can be thrown out of phase; some of them are stress, improper lifestyle, depression and substance abuse just to name a few.<\/span><\/p><p style=\"text-align: center;\"><span style=\"color: #000000;\"><strong><em> <a class=\"buy\" href=\"#buy\">ALLER ACHETER MAINTENANT<\/a><\/em><\/strong><\/span><\/p><p><span style=\"color: #000000;\"><strong><em>M\u00e9latonine et troubles du sommeil : <br \/><\/em><\/strong>La m\u00e9latonine sous la forme actuellement mise \u00e0 la disposition du public peut \u00eatre utilis\u00e9e \u00e0 titre pr\u00e9ventif ou comme traitement du d\u00e9calage horaire, des troubles affectifs saisonniers (SAD) et de certains types de d\u00e9pression. Il est g\u00e9n\u00e9ralement pris par les personnes souffrant de troubles du sommeil environ une demi-heure avant d&#039;aller au lit. Les personnes souffrant d&#039;insomnie peuvent souhaiter prendre de la m\u00e9latonine 2 \u00e0 3 heures avant l&#039;heure \u00e0 laquelle elles souhaitent s&#039;endormir. Pour les personnes souhaitant s&#039;endormir plus t\u00f4t qu&#039;elles ne le font actuellement (y compris les personnes essayant d&#039;\u00e9viter le d\u00e9calage horaire), un suppl\u00e9ment de m\u00e9latonine doit \u00eatre pris 2 \u00e0 3 heures avant la nouvelle heure souhait\u00e9e. Le dosage appropri\u00e9 peut varier consid\u00e9rablement d&#039;une personne \u00e0 l&#039;autre. Pour les personnes de moins de 40 ans sans troubles du sommeil et pour celles qui ne souhaitent pas modifier leur rythme circadien, il est prudent de commencer par une petite dose. Les personnes de plus de 40 ans qui souhaitent modifier leur rythme circadien peuvent vouloir commencer par une dose l\u00e9g\u00e8rement plus \u00e9lev\u00e9e. Si la personne trouve qu&#039;elle a bien dormi mais qu&#039;elle est somnolente le matin, r\u00e9duisez la dose de moiti\u00e9. Si la dose a eu peu ou pas d&#039;effet d&#039;induction du sommeil, alors l&#039;utilisateur peut vouloir augmenter la dose jusqu&#039;\u00e0 ce que l&#039;effet souhait\u00e9 soit atteint.<\/span><\/p><p><span style=\"color: #000000;\"><strong><em>\u00a0<\/em><\/strong><\/span><span style=\"color: #000000;\"><strong><em>Autres b\u00e9n\u00e9fices<\/em><\/strong>:<\/span><\/p><p><span style=\"color: #000000;\">La m\u00e9latonine r\u00e9gule et contr\u00f4le notre horloge biologique : elle am\u00e9liore le sommeil, stimule le syst\u00e8me immunitaire et prot\u00e8ge le syst\u00e8me nerveux central. Dans des \u00e9tudes in vitro, la m\u00e9latonine a montr\u00e9 une activit\u00e9 antimutag\u00e8ne sur sept types diff\u00e9rents de cellules canc\u00e9reuses humaines, y compris celles du cancer du sein et de la prostate. La m\u00e9latonine influence \u00e9galement positivement les syst\u00e8mes reproducteur, cardiovasculaire et neurologique. La m\u00e9latonine est un antioxydant extr\u00eamement puissant, qui prot\u00e8ge chaque partie de la cellule et chaque cellule de l&#039;organisme, y compris les neurones.<\/span><\/p><p style=\"text-align: center;\"><a class=\"buy\" href=\"#buy\"><strong>ALLER ACHETER MAINTENANT<\/strong><\/a><\/p><p><span style=\"color: #000000;\">More than 100 degenerative diseases (including cataracts, the macular degeneration of the retina, Alzheimer\u2019s disease, Parkinson&#8217;s disease, osteoarthritis, etc&#8230;) are associated with the reduction of the antioxidant defenses of the organism. Oxidation is also one of the principal factors of the process of aging itself. In fact, Melatonin can be, with DHEA, the most effective product for health prevention, and the least expensive that exists!<\/span><\/p><p><span style=\"color: #000000;\"><strong><em>\u00a0<\/em><\/strong><\/span><\/p><p><span style=\"color: #000000;\"><strong><em>Quelle est la diff\u00e9rence entre la m\u00e9latonine et les somnif\u00e8res ?<\/em><\/strong><\/span><\/p><p><span style=\"color: #000000;\">Contrairement aux somnif\u00e8res, la M\u00e9latonine, en doses recommand\u00e9es, induit un sommeil naturel, qui resynchronise le rythme circadien. Il am\u00e9liore la vitesse \u00e0 laquelle on s&#039;endort, ainsi que la dur\u00e9e et la qualit\u00e9 du sommeil. La m\u00e9latonine ne cr\u00e9e ni habitude ni d\u00e9pendance. En revanche, les somnif\u00e8res suppriment la phase essentielle du sommeil consacr\u00e9e au r\u00eave, n\u00e9cessitent un apport de plus en plus \u00e9lev\u00e9, cr\u00e9ent une terrible d\u00e9pendance, et peuvent m\u00eame provoquer un r\u00e9veil avec la gueule de bois, voire la mort, si vous en abusez.<\/span><\/p><p style=\"text-align: center;\"><a class=\"buy\" href=\"#buy\"><strong>ALLER ACHETER MAINTENANT<\/strong><\/a><\/p><p><span style=\"color: #000000;\"><strong><em>Toxicit\u00e9, pr\u00e9cautions et contre-indications\u00a0:<\/em><\/strong> <\/span><br \/><span style=\"color: #000000;\">The following should not take Melatonin: Women who are pregnant or nursing (since no one knows how excessive exposure to the hormone might affect a fetus or infant); people taking cortisone, or people with kidney disease, people with severe allergies or autoimmune diseases (melatonin could exacerbate such conditions by stimulating the immune system); people with immune-system cancers such as lymphoma or leukemia (for the same reason), and healthy children (who already produce it in abundance). Women trying to conceive should also think twice about taking the hormone, since high doses can act as a contraceptive.&#8221; As with any substance introduced into your body, if you have a medical condition you should always consult your physician first before taking melatonin.<\/span><\/p><p><span style=\"color: #000000;\">PRESENTATION : boite de 60 g\u00e9lules.<\/span><\/p><table style=\"height: 285px;\" width=\"454\"><tbody><tr><td width=\"422\"><p><span style=\"color: #000000;\">Taille de la portion : 1 portion par paquet : 60<\/span><\/p><\/td><td colspan=\"2\" width=\"318\">\u00a0<\/td><\/tr><tr><td width=\"103\"><p><span style=\"color: #000000;\">Ingr\u00e9dients<\/span><\/p><\/td><td width=\"74\"><p><span style=\"color: #000000;\">Les dosages<\/span><\/p><\/td><td width=\"244\"><p><span style=\"color: #000000;\">Valeurs quotidiennes en pourcentage<\/span><\/p><\/td><\/tr><tr><td width=\"103\"><p><span style=\"color: #000000;\">M\u00e9latonine<\/span><\/p><\/td><td width=\"74\"><p><span style=\"color: #000000;\">3 mg<\/span><\/p><\/td><td width=\"244\"><p><span style=\"color: #000000;\">*<\/span><\/p><\/td><\/tr><tr><td width=\"422\"><p><span style=\"color: #000000;\">Autres ingr\u00e9dients:<\/span><br \/><span style=\"color: #000000;\">* valeurs journali\u00e8res non \u00e9tablies<\/span><\/p><\/td><td>\u00a0<\/td><td>\u00a0<\/td><\/tr><\/tbody><\/table><p><span style=\"color: #000000;\"><strong>\u00a0<\/strong><\/span><\/p><p><span style=\"color: #000000;\"><strong>Les directions:<\/strong> Prendre un (1) au coucher pour am\u00e9liorer le sommeil.<\/span><\/p><p><span style=\"color: #000000;\"><strong>\u00a0<\/strong><\/span><\/p><p><span style=\"color: #000000;\"><strong><em>\u00a0<\/em><\/strong><\/span><\/p><\/div>\n\t\t\t\t<\/div>\n\t\t\t\t\t\t\t<div class=\"elementor-toggle-item\">\n\t\t\t\t\t<div id=\"elementor-tab-title-2342\" class=\"elementor-tab-title\" data-tab=\"2\" role=\"button\" aria-controls=\"elementor-tab-content-2342\" aria-expanded=\"false\">\n\t\t\t\t\t\t\t\t\t\t\t\t<span class=\"elementor-toggle-icon elementor-toggle-icon-left\" aria-hidden=\"true\">\n\t\t\t\t\t\t\t\t\t\t\t\t\t\t\t<span class=\"elementor-toggle-icon-closed\"><i class=\"far fa-caret-square-right\"><\/i><\/span>\n\t\t\t\t\t\t\t\t<span class=\"elementor-toggle-icon-opened\"><i class=\"elementor-toggle-icon-opened fas fa-caret-square-up\"><\/i><\/span>\n\t\t\t\t\t\t\t\t\t\t\t\t\t<\/span>\n\t\t\t\t\t\t\t\t\t\t\t\t<a class=\"elementor-toggle-title\" tabindex=\"0\">..<\/a>\n\t\t\t\t\t<\/div>\n\n\t\t\t\t\t<div id=\"elementor-tab-content-2342\" class=\"elementor-tab-content elementor-clearfix\" data-tab=\"2\" role=\"region\" aria-labelledby=\"elementor-tab-title-2342\"><\/div>\n\t\t\t\t<\/div>\n\t\t\t\t\t\t\t\t<\/div>\n\t\t\t\t\t\t<\/div>\n\t\t\t\t<\/div>\n\t\t\t\t\t<\/div>\n\t\t<\/div>\n\t\t\t\t\t<\/div>\n\t\t<\/section>\n\t\t\t\t<\/div>","protected":false},"excerpt":{"rendered":"<p><a name=\"buy\"><\/a><\/p>\n<ul>\n<li><strong><span style=\"font-family: go;\">Efficace pour se d\u00e9barrasser du Jet Lag<\/span><\/strong><\/li>\n<li><strong><span style=\"font-family: go;\">Combat l&#039;insomnie. La m\u00e9latonine est la meilleure et la plus s\u00fbre des inducteurs de sommeil disponibles<\/span><\/strong><\/li>\n<li><strong><span style=\"font-family: go;\">La m\u00e9latonine neutralise les effets du stress<\/span><\/strong><\/li>\n<li><strong><span style=\"font-family: go;\">De nombreuses \u00e9tudes montrent que la m\u00e9latonine prot\u00e8ge du cancer et des effets toxiques de la chimioth\u00e9rapie.<\/span><\/strong><\/li>\n<\/ul>\n<p><strong>\u00a0\u00a0\u00a0\u00a0\u00a0 &gt;&gt;&gt;<span style=\"font-family: go; font-size: 14pt;\"><a href=\"#more\"><span style=\"color: #0000ff;\">Lire la suite<\/span><\/a><\/span><\/strong><\/p>","protected":false},"featured_media":4373,"comment_status":"open","ping_status":"closed","template":"","meta":{"nf_dc_page":"","_bbp_topic_count":0,"_bbp_reply_count":0,"_bbp_total_topic_count":0,"_bbp_total_reply_count":0,"_bbp_voice_count":0,"_bbp_anonymous_reply_count":0,"_bbp_topic_count_hidden":0,"_bbp_reply_count_hidden":0,"_bbp_forum_subforum_count":0},"product_brand":[],"product_cat":[33,32],"product_tag":[],"class_list":{"0":"post-4369","1":"product","2":"type-product","3":"status-publish","4":"has-post-thumbnail","6":"product_cat-all-products","7":"product_cat-special-products","9":"first","10":"outofstock","11":"shipping-taxable","12":"purchasable","13":"product-type-simple"},"bundled_by":[],"bundle_stock_status":"outofstock","bundle_stock_quantity":0,"bundle_virtual":false,"bundle_layout":"","bundle_add_to_cart_form_location":"","bundle_editable_in_cart":false,"bundle_sold_individually_context":"","bundle_item_grouping":"","bundle_min_size":"","bundle_max_size":"","bundled_items":[],"bundle_sell_ids":[],"_links":{"self":[{"href":"https:\/\/www.naturesgiftforlife.com\/fr\/wp-json\/wp\/v2\/product\/4369","targetHints":{"allow":["GET"]}}],"collection":[{"href":"https:\/\/www.naturesgiftforlife.com\/fr\/wp-json\/wp\/v2\/product"}],"about":[{"href":"https:\/\/www.naturesgiftforlife.com\/fr\/wp-json\/wp\/v2\/types\/product"}],"replies":[{"embeddable":true,"href":"https:\/\/www.naturesgiftforlife.com\/fr\/wp-json\/wp\/v2\/comments?post=4369"}],"version-history":[{"count":0,"href":"https:\/\/www.naturesgiftforlife.com\/fr\/wp-json\/wp\/v2\/product\/4369\/revisions"}],"wp:featuredmedia":[{"embeddable":true,"href":"https:\/\/www.naturesgiftforlife.com\/fr\/wp-json\/wp\/v2\/media\/4373"}],"wp:attachment":[{"href":"https:\/\/www.naturesgiftforlife.com\/fr\/wp-json\/wp\/v2\/media?parent=4369"}],"wp:term":[{"taxonomy":"product_brand","embeddable":true,"href":"https:\/\/www.naturesgiftforlife.com\/fr\/wp-json\/wp\/v2\/product_brand?post=4369"},{"taxonomy":"product_cat","embeddable":true,"href":"https:\/\/www.naturesgiftforlife.com\/fr\/wp-json\/wp\/v2\/product_cat?post=4369"},{"taxonomy":"product_tag","embeddable":true,"href":"https:\/\/www.naturesgiftforlife.com\/fr\/wp-json\/wp\/v2\/product_tag?post=4369"}],"curies":[{"name":"wp","href":"https:\/\/api.w.org\/{rel}","templated":true}]}}