{"id":4233,"date":"2020-11-13T10:26:26","date_gmt":"2020-11-13T10:26:26","guid":{"rendered":"http:\/\/www.livehealthylivehappy.com\/new\/?post_type=product&#038;p=4233"},"modified":"2024-02-26T16:18:45","modified_gmt":"2024-02-26T16:18:45","slug":"african-bush-mango-juice","status":"publish","type":"product","link":"https:\/\/www.naturesgiftforlife.com\/fr\/shop\/african-bush-mango-juice\/","title":{"rendered":"Jus de mangue de brousse africaine"},"content":{"rendered":"<div data-elementor-type=\"wp-post\" data-elementor-id=\"4233\" class=\"elementor elementor-4233\">\n\t\t\t\t\t\t<section class=\"elementor-section elementor-top-section elementor-element elementor-element-657c53e4 elementor-section-boxed elementor-section-height-default elementor-section-height-default\" data-id=\"657c53e4\" data-element_type=\"section\" data-e-type=\"section\">\n\t\t\t\t\t\t<div class=\"elementor-container elementor-column-gap-default\">\n\t\t\t\t\t<div class=\"elementor-column elementor-col-100 elementor-top-column elementor-element elementor-element-33ef19cc\" data-id=\"33ef19cc\" data-element_type=\"column\" data-e-type=\"column\">\n\t\t\t<div class=\"elementor-widget-wrap\">\n\t\t\t\t\t\t\t<\/div>\n\t\t<\/div>\n\t\t\t\t\t<\/div>\n\t\t<\/section>\n\t\t\t\t<section class=\"elementor-section elementor-top-section elementor-element elementor-element-d731d9a elementor-section-boxed elementor-section-height-default elementor-section-height-default\" data-id=\"d731d9a\" data-element_type=\"section\" data-e-type=\"section\">\n\t\t\t\t\t\t<div class=\"elementor-container elementor-column-gap-default\">\n\t\t\t\t\t<div class=\"elementor-column elementor-col-100 elementor-top-column elementor-element elementor-element-cb346f7\" data-id=\"cb346f7\" data-element_type=\"column\" data-e-type=\"column\">\n\t\t\t<div class=\"elementor-widget-wrap elementor-element-populated\">\n\t\t\t\t\t\t<div class=\"elementor-element elementor-element-c7272a1 elementor-widget elementor-widget-html\" data-id=\"c7272a1\" data-element_type=\"widget\" data-e-type=\"widget\" data-widget_type=\"html.default\">\n\t\t\t\t<div class=\"elementor-widget-container\">\n\t\t\t\t\t<a name=\"more\"><\/a>\t\t\t\t<\/div>\n\t\t\t\t<\/div>\n\t\t\t\t<div class=\"elementor-element elementor-element-eeef373 elementor-invisible elementor-widget elementor-widget-toggle\" data-id=\"eeef373\" data-element_type=\"widget\" data-e-type=\"widget\" data-settings=\"{&quot;_animation&quot;:&quot;flash&quot;}\" data-widget_type=\"toggle.default\">\n\t\t\t\t<div class=\"elementor-widget-container\">\n\t\t\t\t\t\t\t<div class=\"elementor-toggle\">\n\t\t\t\t\t\t\t<div class=\"elementor-toggle-item\">\n\t\t\t\t\t<div id=\"elementor-tab-title-2501\" class=\"elementor-tab-title\" data-tab=\"1\" role=\"button\" aria-controls=\"elementor-tab-content-2501\" aria-expanded=\"false\">\n\t\t\t\t\t\t\t\t\t\t\t\t<span class=\"elementor-toggle-icon elementor-toggle-icon-left\" aria-hidden=\"true\">\n\t\t\t\t\t\t\t\t\t\t\t\t\t\t\t<span class=\"elementor-toggle-icon-closed\"><i class=\"far fa-caret-square-right\"><\/i><\/span>\n\t\t\t\t\t\t\t\t<span class=\"elementor-toggle-icon-opened\"><i class=\"elementor-toggle-icon-opened fas fa-caret-square-up\"><\/i><\/span>\n\t\t\t\t\t\t\t\t\t\t\t\t\t<\/span>\n\t\t\t\t\t\t\t\t\t\t\t\t<a class=\"elementor-toggle-title\" tabindex=\"0\">Description d\u00e9taill\u00e9e du produit \/ faits sur les suppl\u00e9ments<\/a>\n\t\t\t\t\t<\/div>\n\n\t\t\t\t\t<div id=\"elementor-tab-content-2501\" class=\"elementor-tab-content elementor-clearfix\" data-tab=\"1\" role=\"region\" aria-labelledby=\"elementor-tab-title-2501\"><p><span style=\"color: #000000; font-family: Arial, Helvetica, sans-serif;\"><strong>africain<a href=\"https:\/\/www.naturesgiftforlife.com\/fr\/shop\/ng4l-roots\/\"> Mangue de brousse<\/a> Avantages du jus <\/strong><\/span><\/p><ul><li><span style=\"color: #000000; font-family: Arial, Helvetica, sans-serif;\">Le jus de mangue africaine am\u00e9liore tellement le processus de combustion des graisses qu&#039;il aide les gens \u00e0 perdre du poids rapidement.<\/span><\/li><li><span style=\"color: #000000; font-family: Arial, Helvetica, sans-serif;\">Le jus de mangue de brousse africaine r\u00e9duit les graisses corporelles<\/span><\/li><li><span style=\"color: #000000; font-family: Arial, Helvetica, sans-serif;\">Jus de mangue de brousse africaine utile pour supprimer l&#039;app\u00e9tit<\/span><\/li><li><span style=\"color: #000000; font-family: Arial, Helvetica, sans-serif;\">Le jus de mangue de brousse africaine r\u00e9duit le niveau de cholest\u00e9rol dans le corps.<\/span><\/li><li><span style=\"color: #000000; font-family: Arial, Helvetica, sans-serif;\">Le jus de mangue de brousse africaine supprime l&#039;absorption des graisses et <a href=\"https:\/\/www.naturesgiftforlife.com\/fr\/shop\/steaz-super-fruit-drink\/\">les glucides<\/a> dans le corps.<\/span><\/li><\/ul><p style=\"text-align: center;\"><a class=\"buy\" href=\"#buy\"><strong>ALLER ACHETER MAINTENANT<\/strong><\/a><\/p><p><span style=\"color: #000000; font-family: Arial, Helvetica, sans-serif;\">L&#039;extrait de mangue africaine est un ingr\u00e9dient enti\u00e8rement naturel qui promet d&#039;aider ceux qui s&#039;efforcent de perdre du poids \u00e0 atteindre leurs objectifs. Il est devenu tr\u00e8s populaire aupr\u00e8s des m\u00e9decins et des superstars c\u00e9l\u00e8bres et a fait l&#039;objet de publicit\u00e9s dans certaines des \u00e9missions de t\u00e9l\u00e9vision les plus populaires.<\/span><\/p><p><span style=\"color: #000000; font-family: Arial, Helvetica, sans-serif;\">Cette aide au r\u00e9gime est assez nouvelle bien que les r\u00e9sultats soient tout simplement \u00e9tonnants.<\/span><\/p><p><span style=\"color: #000000; font-family: Arial, Helvetica, sans-serif;\">L&#039;enthousiasme que les gens ressentent \u00e0 propos de ce produit est encourageant pour ceux qui cherchent \u00e0 se d\u00e9barrasser des kilos en trop. Les gens attendent avec impatience l&#039;efficacit\u00e9 tant attendue de l&#039;extrait en tant que moyen relativement nouveau de perdre les kilos en trop.<\/span><\/p><p><span style=\"color: #000000; font-family: Arial, Helvetica, sans-serif;\"><strong>Qu&#039;est-ce que l&#039;extrait de mangue africaine?<\/strong><\/span><\/p><p><span style=\"color: #000000; font-family: Arial, Helvetica, sans-serif;\">African Mango Extract\u2019s main ingredient is produced by the mango fruit tree found in most tropical countries. The mangos have seeds and nuts from which the main ingredient is extracted. The mango trees are mostly found in the rain forests of <a href=\"https:\/\/www.rmbibow.com\/\" target=\"_blank\" rel=\"noopener\">Cameroun<\/a>, situ\u00e9 en Afrique de l&#039;Ouest. Il y a des \u00e9l\u00e9ments particuliers dans les noix qui sont particuli\u00e8rement importants car ils sont \u00e9galement tr\u00e8s bons pour votre sant\u00e9 g\u00e9n\u00e9rale. Les noix contiennent des graisses saines, beaucoup de fibres et une forte dose de prot\u00e9ines.<\/span><\/p><p style=\"text-align: center;\"><a class=\"buy\" href=\"#buy\"><strong>ALLER ACHETER MAINTENANT<\/strong><\/a><\/p><p><span style=\"color: #000000; font-family: Arial, Helvetica, sans-serif;\"><strong>Comment l&#039;extrait de mangue africaine aide-t-il \u00e0 perdre du poids?<\/strong><\/span><\/p><p><span style=\"color: #000000; font-family: Arial, Helvetica, sans-serif;\">Most weight loss supplements that help in suppressing one\u2019s appetite can cause nausea and light-headedness. The African Mango extract not only helps to suppress the <a href=\"https:\/\/livehealthylivehappy.com\/#\" target=\"_blank\" rel=\"noopener\">app\u00e9tit<\/a> it is believed to cleanse the system by enhancing the metabolism as a result of a higher energy level. This increases the bodies\u2019 ability in the fat fighting process. While the extract minimizes fat production in our bodies it also removes waste particles that help to block the movement of fats in its liquid form throughout our bodies.<\/span><\/p><p><span style=\"color: #000000; font-family: Arial, Helvetica, sans-serif;\">Il y a eu des \u00e9tudes qui montrent que cet extrait de mangue d&#039;Afrique de l&#039;Ouest a la capacit\u00e9 de r\u00e9guler la leptine, qui est une hormone naturellement produite dans le corps qui aide \u00e0 contr\u00f4ler nos app\u00e9tits. Il supprime l&#039;app\u00e9tit et br\u00fble les graisses pour aider \u00e0 atteindre nos objectifs de perte de poids. Certaines personnes sont r\u00e9sistantes \u00e0 cette hormone et on pense qu&#039;elle est caus\u00e9e par des niveaux \u00e9lev\u00e9s de prot\u00e9ine C-r\u00e9active. Si la leptine se combine avec la prot\u00e9ine C-r\u00e9active, elle peut en fait augmenter l&#039;app\u00e9tit et faire grossir. Les prot\u00e9ines C-r\u00e9actives sont contr\u00f4l\u00e9es avec l&#039;extrait de mangue africaine permettant \u00e0 la leptine de faire son travail de mani\u00e8re ad\u00e9quate.<\/span><\/p><p style=\"text-align: center;\"><a class=\"buy\" href=\"#buy\"><strong>ALLER ACHETER MAINTENANT<\/strong><\/a><\/p><p><span style=\"color: #000000; font-family: Arial, Helvetica, sans-serif;\">L&#039;adiponectine est augment\u00e9e par l&#039;extrait de mangue africaine. C&#039;est une hormone qui provoque une sensibilit\u00e9 accrue des cellules \u00e0 l&#039;insuline. L&#039;adiponectine est augment\u00e9e avec ce suppl\u00e9ment, ce qui permet au corps d&#039;avoir un m\u00e9tabolisme accru des graisses et du glucose, ce qui entra\u00eene une perte de poids plus rapide et plus efficace.<\/span><\/p><p><span style=\"color: #000000; font-family: Arial, Helvetica, sans-serif;\"><strong>L&#039;extrait de mangue africaine offre une solution naturelle<\/strong><\/span><\/p><p><span style=\"color: #000000; font-family: Arial, Helvetica, sans-serif;\">La pilule amaigrissante African Mango Extract offre une solution totalement naturelle pour atteindre les objectifs alimentaires des gens. Ces pilules sont soutenues par une \u00e9tude clinique publi\u00e9e dans Lipids Health &amp; Disease. Il pr\u00e9tend qu&#039;apr\u00e8s avoir pris l&#039;extrait pendant 28 jours, la plupart des gens ont perdu en moyenne 12,3 livres de poids. Il est administr\u00e9 \u00e0 150 mg deux fois par jour avant les repas tous les 28 jours.<\/span><\/p><p><span style=\"color: #000000; font-family: Arial, Helvetica, sans-serif;\">Il y a eu une perte de graisse corporelle de 6,3% chez les personnes test\u00e9es, ce qui est le r\u00e9sultat direct des changements hormonaux responsables de la r\u00e9duction et de la stimulation de la graisse. La pilule African Mango contient des fibres solubles qui provoquent les m\u00eames r\u00e9sultats que les laxatifs. Il y a une r\u00e9duction de la vidange de l&#039;estomac qui aide le corps \u00e0 absorber plus de sucres alimentaires qui contribueront \u00e0 maintenir la glyc\u00e9mie dans le corps r\u00e9duite apr\u00e8s avoir mang\u00e9.<\/span><\/p><p style=\"text-align: center;\"><a class=\"buy\" href=\"#buy\"><strong>ALLER ACHETER MAINTENANT<\/strong><\/a><\/p><p><span style=\"color: #000000; font-family: Arial, Helvetica, sans-serif;\">En plus de son pouvoir de r\u00e9guler la glyc\u00e9mie, l&#039;extrait de mangue africaine a des r\u00e9sultats plus positifs \u00e0 offrir aux personnes \u00e0 la di\u00e8te. Il a la capacit\u00e9 de r\u00e9duire le mauvais cholest\u00e9rol ou LDL et d&#039;augmenter le bon cholest\u00e9rol ou HDL.<\/span><\/p><p><span style=\"color: #000000; font-family: Arial, Helvetica, sans-serif;\"><strong>Quelle est l&#039;efficacit\u00e9 de l&#039;extrait de mangue africaine?<\/strong><\/span><\/p><p><span style=\"color: #000000; font-family: Arial, Helvetica, sans-serif;\">Beaucoup de gens sont encourag\u00e9s par les r\u00e9sultats finaux et ont des corps plus fins et plus en forme. Ainsi qu&#039;avec tous les autres suppl\u00e9ments \u00e0 base de plantes ou m\u00e9dicaments, il y a des critiques n\u00e9gatives. Les gens s&#039;attendent parfois \u00e0 ce que les suppl\u00e9ments fassent miraculeusement dispara\u00eetre la graisse sans modifier leur alimentation ou ajouter un entra\u00eenement di\u00e9t\u00e9tique pour aider au processus de perte de poids et avoir des r\u00e9sultats insatisfaisants \u00e0 la fin. Il faut du temps pour atteindre les r\u00e9sultats vis\u00e9s et cela ne se fait pas du jour au lendemain.<\/span><\/p><p><span style=\"color: #000000; font-family: Arial, Helvetica, sans-serif;\">D&#039;apr\u00e8s les \u00e9tudes r\u00e9alis\u00e9es et les donn\u00e9es collect\u00e9es, il appara\u00eet que l&#039;extrait de mangue offre une solution tr\u00e8s prometteuse pour aider au processus de perte de poids tout en offrant des avantages importants pour la sant\u00e9. Ceux-ci sont accomplis par la r\u00e9gulation des hormones et le contr\u00f4le du cholest\u00e9rol. Cela pourrait \u00eatre la r\u00e9ponse \u00e0 vos plans pour atteindre votre objectif de poids cible. Il est juste tr\u00e8s important de se rappeler que vous devez mettre en \u0153uvre d&#039;autres changements, tels qu&#039;une alimentation saine et un programme d&#039;entra\u00eenement.<\/span><\/p><p style=\"text-align: center;\"><a class=\"buy\" href=\"#buy\"><strong>ALLER ACHETER MAINTENANT<\/strong><\/a><\/p><p><span style=\"color: #000000; font-family: Arial, Helvetica, sans-serif;\"><strong>Avantages pour la sant\u00e9 de l&#039;extrait de mangue africaine<\/strong><\/span><\/p><p><span style=\"color: #000000; font-family: Arial, Helvetica, sans-serif;\">Il y a plusieurs raisons \u00e0 l&#039;augmentation constante de la demande de suppl\u00e9ments \u00e0 base d&#039;extrait de mangue africaine. Ce d\u00e9licieux fruit succulent regorge d&#039;\u00e9l\u00e9ments nutritifs, qui sont utiles \u00e0 ceux qui souhaitent r\u00e9duire leur poids.<\/span><\/p><p><span style=\"color: #000000; font-family: Arial, Helvetica, sans-serif;\">Des \u00e9tudes cliniques ont montr\u00e9 que la mangue africaine aide \u00e0 am\u00e9liorer le cholest\u00e9rol, le cholest\u00e9rol LDL, la glyc\u00e9mie et, plus important encore, \u00e0 perdre du poids.<\/span><\/p><p><span style=\"color: #000000; font-family: Arial, Helvetica, sans-serif;\"><strong>Voyons en d\u00e9tail les principaux bienfaits pour la sant\u00e9 :<\/strong><\/span><\/p><p><span style=\"color: #000000; font-family: Arial, Helvetica, sans-serif;\"><strong>Thermogen\u00e8se<\/strong>: L&#039;extrait de mangue africaine am\u00e9liore tellement le processus de combustion des graisses qu&#039;il aide les gens \u00e0 perdre du poids rapidement.<\/span><\/p><p><span style=\"color: #000000; font-family: Arial, Helvetica, sans-serif;\">Les r\u00e9sultats scientifiques montrent un <strong>28.1 <\/strong>livres de perte de poids (par rapport aux 1,5 livres perdues dans le groupe placebo). En outre, les utilisateurs africains de mangue ont montr\u00e9 une diminution de la graisse corporelle de <strong>6.3%<\/strong>.<\/span><br \/><span style=\"color: #000000; font-family: Arial, Helvetica, sans-serif;\"><strong>Sans stimulant<\/strong>: Les meilleurs suppl\u00e9ments d&#039;extrait de mangue africaine ne contiennent que de la mangue africaine pure 100%, enti\u00e8rement exempte de st\u00e9ro\u00efdes et de stimulants. Il ne produit aucun impact n\u00e9gatif par rapport aux produits de perte de poids \u00e0 base de m\u00e9dicaments.<\/span><\/p><p style=\"text-align: center;\"><a class=\"buy\" href=\"#buy\"><strong>ALLER ACHETER MAINTENANT<\/strong><\/a><\/p><p><span style=\"color: #000000; font-family: Arial, Helvetica, sans-serif;\"><strong>Suppression de l&#039;app\u00e9tit<\/strong>: La mangue africaine est un type de coupe-faim, ce qui signifie qu&#039;elle vous fait vous sentir rassasi\u00e9 et, par cons\u00e9quent, qu&#039;elle r\u00e9duit la quantit\u00e9 que vous voulez manger.\u00a0<strong><br \/><\/strong><\/span><br \/><span style=\"color: #000000; font-family: Arial, Helvetica, sans-serif;\"><strong>Cholest\u00e9rol<\/strong>: Apr\u00e8s avoir fait des recherches approfondies, les experts ont conclu que la mangue r\u00e9duit \u00e9galement le taux de cholest\u00e9rol dans le corps.<\/span><\/p><p><span style=\"color: #000000; font-family: Arial, Helvetica, sans-serif;\">Il contient \u00e9galement du glucomannane, car il est largement connu pour supprimer l&#039;absorption des graisses et des glucides dans le corps. Emp\u00eacher le corps d&#039;absorber les graisses et les glucides est la cl\u00e9 pour perdre de la graisse, car cela permettra au corps de br\u00fbler les graisses et les glucides stock\u00e9s, qui sont la principale cause de l&#039;ob\u00e9sit\u00e9.<\/span><\/p><p><span style=\"color: #000000; font-family: Arial, Helvetica, sans-serif;\">Prendre une (1) capsule deux fois par jour avant les repas ou selon les directives d&#039;un professionnel de la sant\u00e9.<\/span><\/p><p style=\"text-align: center;\"><a class=\"buy\" href=\"#buy\"><strong>ALLER ACHETER MAINTENANT<\/strong><\/a><\/p><p><span style=\"color: #000000; font-family: Arial, Helvetica, sans-serif;\">Recent scientific research suggests that the patented African Bush Mango\u00ad (Irvinia gabonesis) IGOB131 may induce fat loss by targeting central abdominal (belly) fat. The synergetic blend of Dynamic Health&#8217;s clinically tested African Bush Mango, White Kidney Bean Extract, Konjac Root Fiber (Glucomannan), Green Tea Extract and Baobab Extract may assist with weight management through increased metabolism and decreased appetite.<\/span><\/p><p><span style=\"color: #000000; font-family: Arial, Helvetica, sans-serif;\">Sans ingr\u00e9dients artificiels, levure, bl\u00e9, soja, sucre, sel, gluten, produits laitiers et conservateurs.<\/span><\/p><p><span style=\"color: #000000; font-family: Arial, Helvetica, sans-serif;\"><strong>Directions de Dynamic Health African Bush Mango \u2122<\/strong><\/span><\/p><p><span style=\"color: #000000; font-family: Arial, Helvetica, sans-serif;\">Prendre une (1) capsule deux fois par jour avant les repas ou selon les directives d&#039;un professionnel de la sant\u00e9.<\/span><\/p><table width=\"623\"><tbody><tr><td width=\"413\"><p><span style=\"color: #000000; font-family: Arial, Helvetica, sans-serif;\"><strong>Faits sur les suppl\u00e9ments<\/strong><\/span><\/p><p><span style=\"color: #000000; font-family: Arial, Helvetica, sans-serif;\">Portion: 1 capsule v\u00e9g\u00e9tarienne<\/span><\/p><p><span style=\"color: #000000; font-family: Arial, Helvetica, sans-serif;\">Portions par contenant: 60<\/span><\/p><\/td><td width=\"123\"><p><span style=\"color: #000000; font-family: Arial, Helvetica, sans-serif;\"><strong>Quantit\u00e9 par portion<\/strong><\/span><\/p><\/td><td width=\"87\"><p><span style=\"color: #000000; font-family: Arial, Helvetica, sans-serif;\"><strong>Valeur quotidienne %<\/strong><\/span><\/p><\/td><\/tr><tr><td colspan=\"3\" width=\"623\">\u00a0<\/td><\/tr><tr><td width=\"413\"><p><span style=\"color: #000000; font-family: Arial, Helvetica, sans-serif;\">M\u00e9lange exclusif de: <\/span><br \/><span style=\"color: #000000; font-family: Arial, Helvetica, sans-serif;\">Extrait 4:1 African Bush Mango (Irvingia gabonensis) avec Irvingea IGOB131<\/span><\/p><\/td><td width=\"123\"><p><span style=\"color: #000000; font-family: Arial, Helvetica, sans-serif;\">300 mg<\/span><\/p><\/td><td width=\"87\"><p><span style=\"color: #000000; font-family: Arial, Helvetica, sans-serif;\">*<\/span><\/p><\/td><\/tr><tr><td width=\"413\"><p><span style=\"color: #000000; font-family: Arial, Helvetica, sans-serif;\">Fibre de racine de konjac (glucomannane)<\/span><\/p><\/td><td width=\"123\"><p><span style=\"color: #000000; font-family: Arial, Helvetica, sans-serif;\">200 mg<\/span><\/p><\/td><td width=\"87\"><p><span style=\"color: #000000; font-family: Arial, Helvetica, sans-serif;\">*<\/span><\/p><\/td><\/tr><tr><td width=\"413\"><p><span style=\"color: #000000; font-family: Arial, Helvetica, sans-serif;\">Extrait de haricot blanc 4: 1<\/span><\/p><\/td><td width=\"123\"><p><span style=\"color: #000000; font-family: Arial, Helvetica, sans-serif;\">100 mg<\/span><\/p><\/td><td width=\"87\"><p><span style=\"color: #000000; font-family: Arial, Helvetica, sans-serif;\">*<\/span><\/p><\/td><\/tr><tr><td width=\"413\"><p><span style=\"color: #000000; font-family: Arial, Helvetica, sans-serif;\">Extrait de th\u00e9 vert (EGCG 18%)<\/span><\/p><\/td><td width=\"123\"><p><span style=\"color: #000000; font-family: Arial, Helvetica, sans-serif;\">50 mg<\/span><\/p><\/td><td width=\"87\"><p><span style=\"color: #000000; font-family: Arial, Helvetica, sans-serif;\">*<\/span><\/p><\/td><\/tr><tr><td width=\"413\"><p><span style=\"color: #000000; font-family: Arial, Helvetica, sans-serif;\">Extrait de Baobab 4: 1<\/span><\/p><\/td><td width=\"123\"><p><span style=\"color: #000000; font-family: Arial, Helvetica, sans-serif;\">50 mg<\/span><\/p><\/td><td width=\"87\"><p><span style=\"color: #000000; font-family: Arial, Helvetica, sans-serif;\">*<\/span><\/p><\/td><\/tr><\/tbody><\/table><p><span style=\"color: #000000; font-family: Arial, Helvetica, sans-serif;\">*Valeur quotidienne non \u00e9tablie.<\/span><\/p><p><span style=\"color: #000000; font-family: Arial, Helvetica, sans-serif;\">Autres ingr\u00e9dients: st\u00e9arate v\u00e9g\u00e9tal, cellulose v\u00e9g\u00e9tale (capsule) et silice<\/span><\/p><p><span style=\"color: #000000; font-family: Arial, Helvetica, sans-serif;\"><strong>Mises en garde<\/strong><\/span><\/p><p><span style=\"color: #000000; font-family: Arial, Helvetica, sans-serif;\">Avant de prendre un compl\u00e9ment alimentaire, consultez un m\u00e9decin ou un autre professionnel de la sant\u00e9, en particulier si vous souffrez d&#039;une maladie ou d&#039;un probl\u00e8me de sant\u00e9, si vous prenez des m\u00e9dicaments, si vous \u00eates enceinte ou allaitez, ou si vous pr\u00e9voyez de subir une op\u00e9ration.<\/span><\/p><p><span style=\"color: #000000; font-family: Arial, Helvetica, sans-serif;\"><strong>La description<\/strong> <\/span><br \/><span style=\"color: #000000; font-family: Arial, Helvetica, sans-serif;\">\u2022 Konjac Root Fiber \u2022 Glucomannan <\/span><br \/><span style=\"color: #000000; font-family: Arial, Helvetica, sans-serif;\">\u2022 Green Tea Extract \u2022 Baobab Extract <\/span><br \/><span style=\"color: #000000; font-family: Arial, Helvetica, sans-serif;\">\u2022 Weight Management Formula <\/span><br \/><span style=\"color: #000000; font-family: Arial, Helvetica, sans-serif;\">Recent scientific research suggests that the patented African Bush Mango\u00ad\u2122 (Irvinia gabonesis) IGOB131 may induce fat loss by targeting central abdominal (belly) fat. The synergetic blend of Dynamic Health&#8217;s clinically tested African Bush Mango, White Kidney<\/span><\/p><p><span style=\"color: #000000; font-family: Arial, Helvetica, sans-serif;\"><strong>\u00a0<\/strong><\/span><\/p><\/div>\n\t\t\t\t<\/div>\n\t\t\t\t\t\t\t<div class=\"elementor-toggle-item\">\n\t\t\t\t\t<div id=\"elementor-tab-title-2502\" class=\"elementor-tab-title\" data-tab=\"2\" role=\"button\" aria-controls=\"elementor-tab-content-2502\" aria-expanded=\"false\">\n\t\t\t\t\t\t\t\t\t\t\t\t<span class=\"elementor-toggle-icon elementor-toggle-icon-left\" aria-hidden=\"true\">\n\t\t\t\t\t\t\t\t\t\t\t\t\t\t\t<span class=\"elementor-toggle-icon-closed\"><i class=\"far fa-caret-square-right\"><\/i><\/span>\n\t\t\t\t\t\t\t\t<span class=\"elementor-toggle-icon-opened\"><i class=\"elementor-toggle-icon-opened fas fa-caret-square-up\"><\/i><\/span>\n\t\t\t\t\t\t\t\t\t\t\t\t\t<\/span>\n\t\t\t\t\t\t\t\t\t\t\t\t<a class=\"elementor-toggle-title\" tabindex=\"0\">..<\/a>\n\t\t\t\t\t<\/div>\n\n\t\t\t\t\t<div id=\"elementor-tab-content-2502\" class=\"elementor-tab-content elementor-clearfix\" data-tab=\"2\" role=\"region\" aria-labelledby=\"elementor-tab-title-2502\"><\/div>\n\t\t\t\t<\/div>\n\t\t\t\t\t\t\t\t<\/div>\n\t\t\t\t\t\t<\/div>\n\t\t\t\t<\/div>\n\t\t\t\t\t<\/div>\n\t\t<\/div>\n\t\t\t\t\t<\/div>\n\t\t<\/section>\n\t\t\t\t<\/div>","protected":false},"excerpt":{"rendered":"<p><a name=\"buy\"><\/a><\/p>\n<ul>\n<li><strong><span style=\"font-family: go;\">Am\u00e9liore tellement le processus de combustion des graisses qu&#039;il aide les gens \u00e0 perdre du poids rapidement.<\/span><\/strong><\/li>\n<li><strong><span style=\"font-family: go;\">R\u00e9duit les graisses corporelles<\/span><\/strong><\/li>\n<li><strong><span style=\"font-family: go;\">Utile pour supprimer l&#039;app\u00e9tit<\/span><\/strong><\/li>\n<\/ul>\n<p><strong>\u00a0\u00a0\u00a0\u00a0\u00a0 &gt;&gt;&gt;<span style=\"font-family: go; font-size: 14pt;\"><a href=\"#more\"><span style=\"color: #0000ff;\">Lire la suite<\/span><\/a><\/span><\/strong><\/p>","protected":false},"featured_media":1348,"comment_status":"open","ping_status":"closed","template":"","meta":{"nf_dc_page":"","_bbp_topic_count":0,"_bbp_reply_count":0,"_bbp_total_topic_count":0,"_bbp_total_reply_count":0,"_bbp_voice_count":0,"_bbp_anonymous_reply_count":0,"_bbp_topic_count_hidden":0,"_bbp_reply_count_hidden":0,"_bbp_forum_subforum_count":0},"product_brand":[],"product_cat":[33,23],"product_tag":[],"class_list":{"0":"post-4233","1":"product","2":"type-product","3":"status-publish","4":"has-post-thumbnail","6":"product_cat-all-products","7":"product_cat-diet","9":"first","10":"outofstock","11":"shipping-taxable","12":"purchasable","13":"product-type-simple"},"bundled_by":[],"bundle_stock_status":"outofstock","bundle_stock_quantity":0,"bundle_virtual":false,"bundle_layout":"","bundle_add_to_cart_form_location":"","bundle_editable_in_cart":false,"bundle_sold_individually_context":"","bundle_item_grouping":"","bundle_min_size":"","bundle_max_size":"","bundled_items":[],"bundle_sell_ids":[],"_links":{"self":[{"href":"https:\/\/www.naturesgiftforlife.com\/fr\/wp-json\/wp\/v2\/product\/4233","targetHints":{"allow":["GET"]}}],"collection":[{"href":"https:\/\/www.naturesgiftforlife.com\/fr\/wp-json\/wp\/v2\/product"}],"about":[{"href":"https:\/\/www.naturesgiftforlife.com\/fr\/wp-json\/wp\/v2\/types\/product"}],"replies":[{"embeddable":true,"href":"https:\/\/www.naturesgiftforlife.com\/fr\/wp-json\/wp\/v2\/comments?post=4233"}],"version-history":[{"count":0,"href":"https:\/\/www.naturesgiftforlife.com\/fr\/wp-json\/wp\/v2\/product\/4233\/revisions"}],"wp:featuredmedia":[{"embeddable":true,"href":"https:\/\/www.naturesgiftforlife.com\/fr\/wp-json\/wp\/v2\/media\/1348"}],"wp:attachment":[{"href":"https:\/\/www.naturesgiftforlife.com\/fr\/wp-json\/wp\/v2\/media?parent=4233"}],"wp:term":[{"taxonomy":"product_brand","embeddable":true,"href":"https:\/\/www.naturesgiftforlife.com\/fr\/wp-json\/wp\/v2\/product_brand?post=4233"},{"taxonomy":"product_cat","embeddable":true,"href":"https:\/\/www.naturesgiftforlife.com\/fr\/wp-json\/wp\/v2\/product_cat?post=4233"},{"taxonomy":"product_tag","embeddable":true,"href":"https:\/\/www.naturesgiftforlife.com\/fr\/wp-json\/wp\/v2\/product_tag?post=4233"}],"curies":[{"name":"wp","href":"https:\/\/api.w.org\/{rel}","templated":true}]}}