{"id":4169,"date":"2020-11-12T11:43:44","date_gmt":"2020-11-12T11:43:44","guid":{"rendered":"http:\/\/www.livehealthylivehappy.com\/new\/?post_type=product&#038;p=4169"},"modified":"2023-08-23T14:33:10","modified_gmt":"2023-08-23T14:33:10","slug":"legs-veins-hemorhoids","status":"publish","type":"product","link":"https:\/\/www.naturesgiftforlife.com\/fr\/shop\/legs-veins-hemorhoids\/","title":{"rendered":"Jambes Veines H\u00e9morho\u00efdes"},"content":{"rendered":"<div data-elementor-type=\"wp-post\" data-elementor-id=\"4169\" class=\"elementor elementor-4169\">\n\t\t\t\t\t\t<section class=\"elementor-section elementor-top-section elementor-element elementor-element-870395f elementor-section-boxed elementor-section-height-default elementor-section-height-default\" data-id=\"870395f\" data-element_type=\"section\" data-e-type=\"section\">\n\t\t\t\t\t\t<div class=\"elementor-container elementor-column-gap-default\">\n\t\t\t\t\t<div class=\"elementor-column elementor-col-100 elementor-top-column elementor-element elementor-element-a9eb463\" data-id=\"a9eb463\" data-element_type=\"column\" data-e-type=\"column\">\n\t\t\t<div class=\"elementor-widget-wrap elementor-element-populated\">\n\t\t\t\t\t\t<div class=\"elementor-element elementor-element-22b89ac elementor-widget elementor-widget-html\" data-id=\"22b89ac\" data-element_type=\"widget\" data-e-type=\"widget\" data-widget_type=\"html.default\">\n\t\t\t\t<div class=\"elementor-widget-container\">\n\t\t\t\t\t<a name=\"more\"><\/a>\t\t\t\t<\/div>\n\t\t\t\t<\/div>\n\t\t\t\t<div class=\"elementor-element elementor-element-a07a37e elementor-invisible elementor-widget elementor-widget-toggle\" data-id=\"a07a37e\" data-element_type=\"widget\" data-e-type=\"widget\" data-settings=\"{&quot;_animation&quot;:&quot;flash&quot;}\" data-widget_type=\"toggle.default\">\n\t\t\t\t<div class=\"elementor-widget-container\">\n\t\t\t\t\t\t\t<div class=\"elementor-toggle\">\n\t\t\t\t\t\t\t<div class=\"elementor-toggle-item\">\n\t\t\t\t\t<div id=\"elementor-tab-title-1681\" class=\"elementor-tab-title\" data-tab=\"1\" role=\"button\" aria-controls=\"elementor-tab-content-1681\" aria-expanded=\"false\">\n\t\t\t\t\t\t\t\t\t\t\t\t<span class=\"elementor-toggle-icon elementor-toggle-icon-left\" aria-hidden=\"true\">\n\t\t\t\t\t\t\t\t\t\t\t\t\t\t\t<span class=\"elementor-toggle-icon-closed\"><i class=\"far fa-caret-square-right\"><\/i><\/span>\n\t\t\t\t\t\t\t\t<span class=\"elementor-toggle-icon-opened\"><i class=\"elementor-toggle-icon-opened fas fa-caret-square-up\"><\/i><\/span>\n\t\t\t\t\t\t\t\t\t\t\t\t\t<\/span>\n\t\t\t\t\t\t\t\t\t\t\t\t<a class=\"elementor-toggle-title\" tabindex=\"0\">Description d\u00e9taill\u00e9e du produit \/ faits sur les suppl\u00e9ments<\/a>\n\t\t\t\t\t<\/div>\n\n\t\t\t\t\t<div id=\"elementor-tab-content-1681\" class=\"elementor-tab-content elementor-clearfix\" data-tab=\"1\" role=\"region\" aria-labelledby=\"elementor-tab-title-1681\"><p class=\"P3\"><span style=\"font-family: Arial, Helvetica, sans-serif; color: #000000;\">Avantages<\/span><\/p><ul class=\"LFO1\"><li><p class=\"P4\"><span style=\"font-family: Arial, Helvetica, sans-serif; color: #000000;\">Aide \u00e0 r\u00e9duire les sensations de jambes lourdes et les sensations douloureuses;<\/span><\/p><\/li><li><p class=\"P5\"><span style=\"font-family: Arial, Helvetica, sans-serif; color: #000000;\">Am\u00e9liore naturellement la circulation sanguine;<\/span><\/p><\/li><li><p class=\"P6\"><span style=\"font-family: Arial, Helvetica, sans-serif; color: #000000;\">Promotes the reduction of venous\u200b\u200b\u00a0circulation disorders;<\/span><\/p><\/li><li><p class=\"P7\"><span style=\"font-family: Arial, Helvetica, sans-serif; color: #000000;\">Pr\u00e9vient les inflammations veineuses;<\/span><\/p><\/li><li><p class=\"P8\"><span style=\"font-family: Arial, Helvetica, sans-serif; color: #000000;\">Reduces symptoms of Raynaud\u2019s disease and intermittent claudication;<\/span><\/p><\/li><li><p class=\"P9\"><span style=\"font-family: Arial, Helvetica, sans-serif; color: #000000;\">Aide \u00e0 r\u00e9duire les attaques h\u00e9morro\u00efdaires;<\/span><\/p><\/li><li><p class=\"P10\"><span style=\"font-family: Arial, Helvetica, sans-serif; color: #000000;\">Aide \u00e0 retrouver une bonne tonicit\u00e9 veineuse et \u00e0 r\u00e9duire le gonflement des jambes.<\/span><\/p><\/li><li><p class=\"P11\"><span style=\"font-family: Arial, Helvetica, sans-serif; color: #000000;\">Contribue \u00e0 r\u00e9duire l&#039;enflure ou l&#039;enflure associ\u00e9e aux troubles de l&#039;insuffisance veineuse.<\/span><\/p><\/li><\/ul><p class=\"P12\" style=\"text-align: center;\"><span style=\"font-family: Arial, Helvetica, sans-serif; color: #000000;\"><a class=\"buy\" href=\"#buy\"><strong>ALLER ACHETER MAINTENANT<\/strong><\/a><\/span><\/p><p class=\"P14\"><span style=\"font-family: Arial, Helvetica, sans-serif; color: #000000;\">Traitement naturel de r\u00e9f\u00e9rence des maladies veineuses et des maladies h\u00e9morro\u00efdaires<\/span><\/p><p class=\"P15\"><span style=\"font-family: Arial, Helvetica, sans-serif; color: #000000;\">Venous diseases are a group of numerous manifestations that affect\u200b\u200b\u00a0practically all industrialized countries: heavy legs, swollen ankles, swollen ankles, hemorrhoids, varicose veins, thrombophlebitis, hemorrhoids, etc.). Between the feet and the heart, the average distance in adults is one and a half meters. The veins must\u200b\u200b\u00a0therefore permanently fight against gravity. This particular function is ensured by an equally particular mechanism that includes: The short saphenous vein or \u201csmall saphenous vein\u201d, the long saphenous vein or \u201cgreat saphenous vein\u201d, the \u201csecond heart\u201d (in fact, when we walk, the vessels under the foot are compressed and propel the blood upwards. This phenomenon called plantar chase is then relayed by the calves which, by contracting, allow the blood to continue its ascent. This primordial role is such that we sometimes speak of a second heart), the valves are the most important part of the foot (without which all these efforts would be useless, since the blood would inexorably fall back under the force of gravity. To prevent this, the veins are equipped with non-return valves called valves). These valves, which are placed every two to five centimeters, can nevertheless fail, and are referred to as venous insufficiency. Sometimes the valves deteriorate and no longer close when blood flows through them. The blood then flows slowly and stagnates, which is called venous stasis. The symptoms of venous insufficiency then become clearer:\u200b\u200b\u00a0heavy legs, pain, itching, cramps, swollen legs, etc. The blood can also deform the veins to the point where they protrude from the surface of the skin, these are varicose veins (chronic venous insufficiency of the lower limbs, predefined by the WHO as tortuous, dilated superficial veins and seat of a blood reflux).\u200b\u200b\u00a0<\/span><\/p><p class=\"P17\" style=\"text-align: center;\"><a class=\"buy\" href=\"#buy\"><strong>ALLER ACHETER MAINTENANT<\/strong><\/a><\/p><p class=\"P19\"><span style=\"font-family: Arial, Helvetica, sans-serif; color: #000000;\"><span class=\"T20\">They can also cause leg ulcers and\u200b\u200b\u00a0<\/span><span class=\"T21\">lead to the formation of clots, causing phlebitis. In some cases, they may involve the veins of the anus known as hemorrhoids (visible external hemorrhoids and arteriovenous plexus \u2013 non-visible internal hemorrhoids, vessels in the wall of the rectum with\u200b\u200b\u00a0<\/span><span class=\"T22\">qu&#039;ils communiquent). La maladie h\u00e9morro\u00efdaire est une pathologie bien distincte des varices.vaisseaux, mais la surpression qui conduit \u00e0 la dilatation est parfois due \u00e0 la constipation ou \u00e0 la grossesse, et parfois \u00e0 une augmentation brutale du d\u00e9bit sanguin. Le ve<\/span><span class=\"T23\">Les insulaires de l&#039;anus sont en effet directement reli\u00e9s aux vaisseaux du tube digestif, dont le d\u00e9bit augmente brutalement apr\u00e8s un repas copieux, un abus d&#039;\u00e9pices, ou une pause alcoolis\u00e9e.<\/span><\/span><\/p><p class=\"P24\"><span style=\"font-family: Arial, Helvetica, sans-serif; color: #000000;\">From all of the above, it is interesting to note that venous insufficiency\u200b\u200b\u00a0represents the starting point of venous and hemorrhoidal diseases. In other words, in order to eliminate venous and hemorrhoidal diseases, venous insufficiency must first be corrected. Of course, hygieno-dietary measures must be applied in order to ensure\u200b\u200b\u00a0the best result. However, it is a life-saving measure to have a treatment that can eliminate all disorders related to venous insufficiency, including hemorrhoids. NG4L Legs Veins\/Hemorrhoids is a natural therapeutic complex formulated to address both venous insufficiency of the lower limbs and hemorrhoidal disease.<\/span><\/p><p class=\"P26\" style=\"text-align: center;\"><a class=\"buy\" href=\"#buy\"><strong>ALLER ACHETER MAINTENANT<\/strong><\/a><\/p><p class=\"P29\"><span style=\"font-family: Arial, Helvetica, sans-serif; color: #000000;\"><span class=\"T30\">LA DESCRIPTION:<\/span><span class=\"T31\">\u200b\u200b\u00a0NG4L Legs Veins Hemorrhoids combines principles with venotonic, vasoprotective and antioxidant properties. Principles that stimulate blood circulation<\/span><span class=\"T32\">\u200b\u200b\u00a0in the veins and fight against the alteration of capillary vessels by decreasing their permeability and increasing their resistance. It provides an effective response to all the symptoms of venous and hemorrhoidal diseases, through the synergy of compound<\/span><span class=\"T33\">s dont l&#039;action a \u00e9t\u00e9 scientifiquement et cliniquement prouv\u00e9e.<\/span><\/span><\/p><p><span style=\"color: #000000; font-family: Arial, Helvetica, sans-serif;\"><strong>PR\u00c9SENTATION:<\/strong> boite de 30 comprim\u00e9s<\/span><\/p><table width=\"411\"><tbody><tr><td width=\"423\"><p><span style=\"color: #000000; font-family: Arial, Helvetica, sans-serif;\">Portion\u00a0: 1 dose par bo\u00eete\u00a0: 30<\/span><\/p><\/td><td colspan=\"2\" width=\"238\">\u00a0<\/td><\/tr><tr><td width=\"423\"><p><span style=\"color: #000000; font-family: Arial, Helvetica, sans-serif;\">Ingr\u00e9dients<\/span><\/p><\/td><td width=\"91\"><p><span style=\"color: #000000; font-family: Arial, Helvetica, sans-serif;\">Dose par portion<\/span><\/p><\/td><td width=\"147\"><p><span style=\"color: #000000; font-family: Arial, Helvetica, sans-serif;\">% valeurs quotidiennes<\/span><\/p><\/td><\/tr><tr><td width=\"423\"><p><span style=\"color: #000000; font-family: Arial, Helvetica, sans-serif;\">Vitamine C<\/span><\/p><\/td><td width=\"91\"><p><span style=\"color: #000000; font-family: Arial, Helvetica, sans-serif;\">1 50 mg<\/span><\/p><\/td><td width=\"147\"><p><span style=\"color: #000000; font-family: Arial, Helvetica, sans-serif;\">200%<\/span><\/p><\/td><\/tr><tr><td width=\"423\"><p><span style=\"color: #000000; font-family: Arial, Helvetica, sans-serif;\">Diosmine<\/span><\/p><\/td><td width=\"91\"><p><span style=\"color: #000000; font-family: Arial, Helvetica, sans-serif;\">500 mg<\/span><\/p><\/td><td width=\"147\"><p><span style=\"color: #000000; font-family: Arial, Helvetica, sans-serif;\">*<\/span><\/p><\/td><\/tr><tr><td width=\"423\"><p><span style=\"color: #000000; font-family: Arial, Helvetica, sans-serif;\">Fragon en poudre<\/span><\/p><\/td><td width=\"91\"><p><span style=\"color: #000000; font-family: Arial, Helvetica, sans-serif;\">1 50 mg<\/span><\/p><\/td><td width=\"147\"><p><span style=\"color: #000000; font-family: Arial, Helvetica, sans-serif;\">*<\/span><\/p><\/td><\/tr><tr><td width=\"423\"><p><span style=\"color: #000000; font-family: Arial, Helvetica, sans-serif;\">complexe d&#039;hesp\u00e9ridine<\/span><\/p><\/td><td width=\"91\"><p><span style=\"color: #000000; font-family: Arial, Helvetica, sans-serif;\">1 50 mg<\/span><\/p><\/td><td width=\"147\"><p><span style=\"color: #000000; font-family: Arial, Helvetica, sans-serif;\">*<\/span><\/p><\/td><\/tr><tr><td colspan=\"3\" width=\"661\"><p><span style=\"color: #000000; font-family: Arial, Helvetica, sans-serif;\">* valeurs journali\u00e8res non \u00e9tablies<\/span><br \/><span style=\"color: #000000; font-family: Arial, Helvetica, sans-serif;\">Autres ingr\u00e9dients : phosphate dicalcique, cellulose microcristalline, acide st\u00e9arique, silicate de calcium, croscarmellose sodique, st\u00e9arate de magn\u00e9sium.<\/span><\/p><\/td><\/tr><\/tbody><\/table><p class=\"P40\" style=\"text-align: center;\"><span style=\"color: #000000; font-family: Arial, Helvetica, sans-serif;\"><strong><a class=\"buy\" href=\"#buy\">ALLER ACHETER MAINTENANT<\/a><\/strong><\/span><\/p><p class=\"P43\"><span style=\"color: #000000; font-family: Arial, Helvetica, sans-serif;\"><strong>M\u00c9CANISME D&#039;ACTION<\/strong><\/span><\/p><p class=\"P44\"><span style=\"font-family: Arial, Helvetica, sans-serif; color: #000000;\">NG4L Legs Veins Hemorrhoids is a venotonic and vasoprotective complex. It is a true medicine of the vein. It\u200b\u200b\u00a0is indicated when the legs are heavy and painful. It acts directly on the vein by decreasing dilation and inflammation, thus helping to reduce pain and swelling. Constituted of principles resulting from plants, it contains certain active fractions in particular the flavono\u00efdes resulting from the fragon. NG4L Legs Veins Hemorrhoids, like all veinotonic, has a complex mode of action. We know today that it acts locally, by exerting an anti-inflammatory action, by stimulating venous tone and by protecting the\u200b\u200b\u00a0endothelium, the layer of cells lining the veins. By reducing inflammation, it improves the symptoms and condition of the veins. Recent studies show that by protecting the vein wall, it may delay the alteration of the venous valves that help bring blood back to the heart, thus delaying the onset of venous reflux and the progression to varicose veins and ulcers.<\/span><\/p><p class=\"P46\"><span style=\"font-family: Arial, Helvetica, sans-serif; color: #000000;\">Vitamin C. Veins are not simple pipes for transporting blood,\u201d Dr. Blanchemaison stresses, \u201cthey are real organs. \u201cTheir walls are lined with endothelial cells that play a major role in venous tone: they are the ones that give the order to the muscle cells of the veins to contract. And like many cells in our body, endothelial cells have enemies: the famous free radicals. But there is an effective weapon against these molecules: antioxidants.<\/span><\/p><p class=\"P47\" style=\"text-align: center;\"><a class=\"buy\" href=\"#buy\"><strong>ALLER ACHETER MAINTENANT<\/strong><\/a><\/p><p class=\"P50\"><span style=\"font-family: Arial, Helvetica, sans-serif; color: #000000;\">Des \u00e9tudes prouvent que des antioxydants tels que la vitamine C, la vitamine E, le s\u00e9l\u00e9nium, le zinc, etc. peuvent prot\u00e9ger les parois de nos veines de l&#039;attaque des radicaux libres. Ils aident ainsi \u00e0 maintenir les veines en bon \u00e9tat.<\/span><\/p><p class=\"P51\"><span style=\"font-family: Arial, Helvetica, sans-serif; color: #000000;\">Fragon. It is an evergreen shrub, native to the scrub of the Mediterranean basin. It is part of the protected species in the wild. It is a plant scientifically known to treat venous insufficiency and hemorrhoids (treatment adjuvant) and traditionally used to treat dementia. Widely used in antiquity as a diuretic, to relieve painful menstruation and decongest swelling of venous origin, fragon was also long used in Europe for the treatment of constipation, urinary disorders and abdominal pain. Its English name (butcher\u2019s broom) comes from the fact that European butchers used its stems to sweep the meat-cutting work surface, not only because of their rigidity and solidity, but also because it was believed that the essential oil contained in the spiny fragon inhibited bacterial proliferation and helped to keep vermin and mice away.\u200b\u200b\u00a0<\/span><\/p><p class=\"P52\" style=\"text-align: center;\"><span style=\"font-family: Arial, Helvetica, sans-serif; color: #000000;\"><a class=\"buy\" style=\"color: #000000;\" href=\"#buy\"><strong><a class=\"buy\" href=\"#buy\">ALLER ACHETER MAINTENANT<\/a><\/strong><\/a><\/span><\/p><p class=\"P55\"><span style=\"font-family: Arial, Helvetica, sans-serif; color: #000000;\">The plant practically fell into oblivion at the beginning of the 20th century. However, in the 1950s, two French scientists (Lapin and\u200b\u200b\u00a0Sanni\u00e9) isolated two steroidal saponosides, ruscogenin and neoruscogenin, from its rhizomes. The highly vasoconstrictive properties of these compounds justified the use of the plant in the treatment of various venous disorders, including venous insufficiency of the lower limbs (heavy and swollen legs, varicose veins, etc.) and hemorrhoids. Nowadays, its use is highly recommended and the German Commission E in particular, recognizes the effectiveness of the rhizome of brittle thorny brittle as a supportive\u200b\u200b\u00a0treatment to relieve venous insufficiency and associated symptoms of hemorrhoids. On the other hand, preliminary test results seem to confirm its traditional use in the treatment of hemorrhoids. Indeed, fragon has been shown to be effective in speeding up\u200b\u200b\u00a0the healing of various types of dementias and preliminary test results indicate that it may be useful in relieving the symptoms of premenstrual syndrome and in helping to treat diabetic retinopathy.<\/span><\/p><p class=\"P57\"><span style=\"font-family: Arial, Helvetica, sans-serif; color: #000000;\">Diosmin and hesperidin. These two molecules are veinotonic and vasculoprotective. They cause vasoconstriction, an increase in the resistance of the vessels and a decrease in their permeability. Various studies, both in animals and\u200b\u200b\u00a0humans, have been conducted to demonstrate these properties. In animals, we observe an increase in venous pressure, an action on capillary permeability, an anti-dematous and anti-inflammatory action. In particular, we observe an increase in capillary resistance in rats and guinea pigs deficient in vitamin P factor, a decrease in bleeding time, in the capillary permeability, induced by chloroform, by histamine or by hyaluronidase in guinea pigs deficient in vitamin P factor in humans, an increase in the vasoconstrictive action of adrenaline, noradrenaline and serotonin on the superficial\u200b\u200b\u00a0veins of the hand or on an isolated saphenous vein was noted; an increase in venous tone, demonstrated by measuring venous capacity using strain gauge plethysmography, a decrease in the volume of venous stasis and an increase in capillary resistance.<\/span><\/p><p class=\"P59\" style=\"text-align: center;\"><a class=\"buy\" href=\"#buy\"><strong>ALLER ACHETER MAINTENANT<\/strong><\/a><\/p><p class=\"P62\"><span style=\"font-family: Arial, Helvetica, sans-serif; color: #000000;\"><span class=\"T63\"><strong>LES INDICATIONS<\/strong>:<\/span><span class=\"T64\">\u200b\u200b\u00a0NG4L Legs Veins Hemorrhoids is indicated in all cases of venous and hemorrhoidal diseases: heavy legs, dementia, cramps, tingling, varicose veins, thrombophlebitis, venous pain, internal and external hemorrhoids, ad<\/span><span class=\"T65\">juvant treatment of intermittent claudication, Raynaud\u2019s disease and varicose ulcer.<\/span><\/span><\/p><p class=\"P67\"><span style=\"font-family: Arial, Helvetica, sans-serif; color: #000000;\"><strong><span class=\"T68\">DOSAGE:<\/span><\/strong><span class=\"T69\"><strong>\u200b\u200b\u00a0<\/strong>Adulte, prendre un (1) comprim\u00e9 deux (2) fois par jour de pr\u00e9f\u00e9rence apr\u00e8s les repas.<\/span><\/span><\/p><p class=\"P70\"><span style=\"font-family: Arial, Helvetica, sans-serif; color: #000000;\">Les personnes qui utilisent cet associ\u00e9 de produit:<\/span><\/p><\/div>\n\t\t\t\t<\/div>\n\t\t\t\t\t\t\t<div class=\"elementor-toggle-item\">\n\t\t\t\t\t<div id=\"elementor-tab-title-1682\" class=\"elementor-tab-title\" data-tab=\"2\" role=\"button\" aria-controls=\"elementor-tab-content-1682\" aria-expanded=\"false\">\n\t\t\t\t\t\t\t\t\t\t\t\t<span class=\"elementor-toggle-icon elementor-toggle-icon-left\" aria-hidden=\"true\">\n\t\t\t\t\t\t\t\t\t\t\t\t\t\t\t<span class=\"elementor-toggle-icon-closed\"><i class=\"far fa-caret-square-right\"><\/i><\/span>\n\t\t\t\t\t\t\t\t<span class=\"elementor-toggle-icon-opened\"><i class=\"elementor-toggle-icon-opened fas fa-caret-square-up\"><\/i><\/span>\n\t\t\t\t\t\t\t\t\t\t\t\t\t<\/span>\n\t\t\t\t\t\t\t\t\t\t\t\t<a class=\"elementor-toggle-title\" tabindex=\"0\">..<\/a>\n\t\t\t\t\t<\/div>\n\n\t\t\t\t\t<div id=\"elementor-tab-content-1682\" class=\"elementor-tab-content elementor-clearfix\" data-tab=\"2\" role=\"region\" aria-labelledby=\"elementor-tab-title-1682\"><\/div>\n\t\t\t\t<\/div>\n\t\t\t\t\t\t\t\t<\/div>\n\t\t\t\t\t\t<\/div>\n\t\t\t\t<\/div>\n\t\t\t\t\t<\/div>\n\t\t<\/div>\n\t\t\t\t\t<\/div>\n\t\t<\/section>\n\t\t\t\t<\/div>","protected":false},"excerpt":{"rendered":"<p><a name=\"buy\"><\/a><\/p>\n<ul>\n<li><strong><span style=\"font-family: go;\">Aide \u00e0 r\u00e9duire les sensations de jambes lourdes et les sensations douloureuses<\/span><\/strong><\/li>\n<li><strong><span style=\"font-family: go;\">Am\u00e9liore naturellement la circulation sanguine<\/span><\/strong><\/li>\n<li><strong><span style=\"font-family: go;\">Favorise la r\u00e9duction des troubles de la circulation veineuse<\/span><\/strong><\/li>\n<\/ul>\n<p><strong>\u00a0\u00a0\u00a0\u00a0\u00a0 &gt;&gt;&gt;<span style=\"font-family: go; font-size: 14pt;\"><a href=\"#more\"><span style=\"color: #0000ff;\">Lire la suite<\/span><\/a><\/span><\/strong><\/p>","protected":false},"featured_media":12161,"comment_status":"open","ping_status":"closed","template":"","meta":{"nf_dc_page":"","_bbp_topic_count":0,"_bbp_reply_count":0,"_bbp_total_topic_count":0,"_bbp_total_reply_count":0,"_bbp_voice_count":0,"_bbp_anonymous_reply_count":0,"_bbp_topic_count_hidden":0,"_bbp_reply_count_hidden":0,"_bbp_forum_subforum_count":0},"product_brand":[],"product_cat":[33,32],"product_tag":[],"class_list":{"0":"post-4169","1":"product","2":"type-product","3":"status-publish","4":"has-post-thumbnail","6":"product_cat-all-products","7":"product_cat-special-products","9":"first","10":"instock","11":"shipping-taxable","12":"purchasable","13":"product-type-simple"},"bundled_by":["3074"],"bundle_stock_status":"instock","bundle_stock_quantity":null,"bundle_virtual":false,"bundle_layout":"","bundle_add_to_cart_form_location":"","bundle_editable_in_cart":false,"bundle_sold_individually_context":"","bundle_item_grouping":"","bundle_min_size":"","bundle_max_size":"","bundled_items":[],"bundle_sell_ids":[],"_links":{"self":[{"href":"https:\/\/www.naturesgiftforlife.com\/fr\/wp-json\/wp\/v2\/product\/4169","targetHints":{"allow":["GET"]}}],"collection":[{"href":"https:\/\/www.naturesgiftforlife.com\/fr\/wp-json\/wp\/v2\/product"}],"about":[{"href":"https:\/\/www.naturesgiftforlife.com\/fr\/wp-json\/wp\/v2\/types\/product"}],"replies":[{"embeddable":true,"href":"https:\/\/www.naturesgiftforlife.com\/fr\/wp-json\/wp\/v2\/comments?post=4169"}],"version-history":[{"count":0,"href":"https:\/\/www.naturesgiftforlife.com\/fr\/wp-json\/wp\/v2\/product\/4169\/revisions"}],"wp:featuredmedia":[{"embeddable":true,"href":"https:\/\/www.naturesgiftforlife.com\/fr\/wp-json\/wp\/v2\/media\/12161"}],"wp:attachment":[{"href":"https:\/\/www.naturesgiftforlife.com\/fr\/wp-json\/wp\/v2\/media?parent=4169"}],"wp:term":[{"taxonomy":"product_brand","embeddable":true,"href":"https:\/\/www.naturesgiftforlife.com\/fr\/wp-json\/wp\/v2\/product_brand?post=4169"},{"taxonomy":"product_cat","embeddable":true,"href":"https:\/\/www.naturesgiftforlife.com\/fr\/wp-json\/wp\/v2\/product_cat?post=4169"},{"taxonomy":"product_tag","embeddable":true,"href":"https:\/\/www.naturesgiftforlife.com\/fr\/wp-json\/wp\/v2\/product_tag?post=4169"}],"curies":[{"name":"wp","href":"https:\/\/api.w.org\/{rel}","templated":true}]}}