{"id":4162,"date":"2020-11-12T10:36:07","date_gmt":"2020-11-12T10:36:07","guid":{"rendered":"http:\/\/www.livehealthylivehappy.com\/new\/?post_type=product&#038;p=4162"},"modified":"2023-08-23T14:34:48","modified_gmt":"2023-08-23T14:34:48","slug":"bromelain","status":"publish","type":"product","link":"https:\/\/www.naturesgiftforlife.com\/fr\/shop\/bromelain\/","title":{"rendered":"Bromelaine"},"content":{"rendered":"<div data-elementor-type=\"wp-post\" data-elementor-id=\"4162\" class=\"elementor elementor-4162\">\n\t\t\t\t\t\t<section class=\"elementor-section elementor-top-section elementor-element elementor-element-4ab5597 elementor-section-boxed elementor-section-height-default elementor-section-height-default\" data-id=\"4ab5597\" data-element_type=\"section\" data-e-type=\"section\">\n\t\t\t\t\t\t<div class=\"elementor-container elementor-column-gap-default\">\n\t\t\t\t\t<div class=\"elementor-column elementor-col-100 elementor-top-column elementor-element elementor-element-9b596c3\" data-id=\"9b596c3\" data-element_type=\"column\" data-e-type=\"column\">\n\t\t\t<div class=\"elementor-widget-wrap elementor-element-populated\">\n\t\t\t\t\t\t<div class=\"elementor-element elementor-element-d80b902 elementor-widget elementor-widget-html\" data-id=\"d80b902\" data-element_type=\"widget\" data-e-type=\"widget\" data-widget_type=\"html.default\">\n\t\t\t\t<div class=\"elementor-widget-container\">\n\t\t\t\t\t<a name=\"more\"><\/a>\t\t\t\t<\/div>\n\t\t\t\t<\/div>\n\t\t\t\t<div class=\"elementor-element elementor-element-318e6ee elementor-invisible elementor-widget elementor-widget-toggle\" data-id=\"318e6ee\" data-element_type=\"widget\" data-e-type=\"widget\" data-settings=\"{&quot;_animation&quot;:&quot;flash&quot;}\" data-widget_type=\"toggle.default\">\n\t\t\t\t<div class=\"elementor-widget-container\">\n\t\t\t\t\t\t\t<div class=\"elementor-toggle\">\n\t\t\t\t\t\t\t<div class=\"elementor-toggle-item\">\n\t\t\t\t\t<div id=\"elementor-tab-title-5191\" class=\"elementor-tab-title\" data-tab=\"1\" role=\"button\" aria-controls=\"elementor-tab-content-5191\" aria-expanded=\"false\">\n\t\t\t\t\t\t\t\t\t\t\t\t<span class=\"elementor-toggle-icon elementor-toggle-icon-left\" aria-hidden=\"true\">\n\t\t\t\t\t\t\t\t\t\t\t\t\t\t\t<span class=\"elementor-toggle-icon-closed\"><i class=\"far fa-caret-square-right\"><\/i><\/span>\n\t\t\t\t\t\t\t\t<span class=\"elementor-toggle-icon-opened\"><i class=\"elementor-toggle-icon-opened fas fa-caret-square-up\"><\/i><\/span>\n\t\t\t\t\t\t\t\t\t\t\t\t\t<\/span>\n\t\t\t\t\t\t\t\t\t\t\t\t<a class=\"elementor-toggle-title\" tabindex=\"0\">Description d\u00e9taill\u00e9e du produit \/ faits sur les suppl\u00e9ments<\/a>\n\t\t\t\t\t<\/div>\n\n\t\t\t\t\t<div id=\"elementor-tab-content-5191\" class=\"elementor-tab-content elementor-clearfix\" data-tab=\"1\" role=\"region\" aria-labelledby=\"elementor-tab-title-5191\"><p><span style=\"color: #000000; font-family: Arial, Helvetica, sans-serif;\"><strong>Avantages <\/strong><\/span><\/p><ul><li><span style=\"color: #000000; font-family: Arial, Helvetica, sans-serif;\">Il inhibe la production de prostaglandines responsables de l&#039;inflammation<\/span><\/li><li><span style=\"color: #000000; font-family: Arial, Helvetica, sans-serif;\">Rend le sang plus mince et a un effet b\u00e9n\u00e9fique sur la <a href=\"https:\/\/www.naturesgiftforlife.com\/fr\/top-seller\/\">syst\u00e8me immunitaire<\/a><\/span><\/li><li><span style=\"color: #000000; font-family: Arial, Helvetica, sans-serif;\">Il facilitera la digestion des aliments riches en prot\u00e9ines et \u00e9vitera ainsi les d\u00e9sagr\u00e9ments pouvant entra\u00eener une mauvaise digestion de ceux-ci.<\/span><\/li><\/ul><p style=\"text-align: center;\"><span style=\"font-family: Arial, Helvetica, sans-serif;\"><a class=\"buy\" href=\"#buy\"><strong>ALLER ACHETER MAINTENANT<\/strong><\/a><\/span><\/p><p><span style=\"color: #000000; font-family: Arial, Helvetica, sans-serif;\">Enzyme digestive, fibrinolytique, prot\u00e9olytique et anti-inflammatoire de l&#039;ananas La brom\u00e9la\u00efne fait partie d&#039;un groupe d&#039;enzymes pr\u00e9sentes dans l&#039;ananas. La brom\u00e9la\u00efne fait partie de la famille des enzymes prot\u00e9olytiques qui comprend la trypsine et la papa\u00efne. Ces enzymes ont la propri\u00e9t\u00e9 de cailler le lait et, lorsqu&#039;elles sont prises en m\u00eame temps qu&#039;un repas, de dig\u00e9rer les prot\u00e9ines. <a href=\"http:\/\/www.ng4lhealthsolutions.com\" target=\"_blank\" rel=\"noopener\">Brom\u00e9la\u00efne<\/a> derives its name from &#8220;bromeliads&#8221;, the botanical family to which the pineapple belongs. It can be extracted from the juice of fresh pineapple or, in the case of bromelain, as a supplement, from the stem of the plant. It is used as a food additive to tenderize meat or as a texture agent.<\/span><\/p><p><span style=\"color: #000000; font-family: Arial, Helvetica, sans-serif;\">En tant que compl\u00e9ment alimentaire, il est disponible soit seul, soit en association avec d&#039;autres additifs alimentaires, enzymes ou plantes digestives. Contrairement \u00e0 d&#039;autres enzymes qui sont d\u00e9compos\u00e9es dans le syst\u00e8me digestif, la brom\u00e9la\u00efne est partiellement absorb\u00e9e par l&#039;organisme et passe dans la circulation sanguine. Il exerce ainsi une activit\u00e9 syst\u00e9mique : il inhibe la production de prostaglandines qui provoquent <a href=\"http:\/\/www.ng4lhealthsolutions.com\" target=\"_blank\" rel=\"noopener\">inflammation<\/a>, fluidifie le sang et a un effet b\u00e9n\u00e9fique sur la <a href=\"https:\/\/www.naturesgiftforlife.com\/fr\/top-seller\/\">syst\u00e8me immunitaire<\/a>. Les m\u00e9canismes par lesquels il d\u00e9ploie son action th\u00e9rapeutique ne sont pas encore totalement \u00e9lucid\u00e9s.<\/span><\/p><p style=\"text-align: center;\"><a class=\"buy\" href=\"#buy\"><strong>ALLER ACHETER MAINTENANT<\/strong><\/a><\/p><p><span style=\"color: #000000; font-family: Arial, Helvetica, sans-serif;\">Originaire d&#039;Am\u00e9rique du Sud, l&#039;ananas \u00e9tait d\u00e9j\u00e0 utilis\u00e9 en externe par les indig\u00e8nes des Cara\u00efbes pour acc\u00e9l\u00e9rer la cicatrisation des plaies ; une propri\u00e9t\u00e9 qui a ensuite \u00e9t\u00e9 attribu\u00e9e \u00e0 l&#039;action du <a href=\"https:\/\/app.neilpatel.com\/\" target=\"_blank\" rel=\"noopener\">enzyme<\/a> de ce fruit. Les Mexicains utilisaient l&#039;ananas pour traiter la bronchite, les V\u00e9n\u00e9zu\u00e9liens pour soulager les irritations de la gorge. Dans certaines tribus br\u00e9siliennes, il \u00e9tait utilis\u00e9 comme d\u00e9congestionnant. Aujourd&#039;hui encore, en m\u00e9decine traditionnelle, \u00e0 Hawa\u00ef, au Japon et \u00e0 Ta\u00efwan, le latex (s\u00e8ve) des tiges d&#039;ananas est utilis\u00e9 pour nettoyer les plaies et les br\u00fblures et acc\u00e9l\u00e9rer leur cicatrisation, ainsi que pour faciliter la digestion et traiter certains cancers. Au 19\u00e8me si\u00e8cle, les Europ\u00e9ens ont \u00e9tendu la culture de l&#039;ananas \u00e0 travers les tropiques. \u00c0 cette \u00e9poque, le fruit est apparu \u00e0 Hawa\u00ef, o\u00f9 se trouve aujourd&#039;hui le Pineapple Research Institute.<\/span><\/p><p style=\"text-align: center;\"><a class=\"buy\" href=\"#buy\"><strong>ALLER ACHETER MAINTENANT<\/strong><\/a><\/p><p><span style=\"color: #000000; font-family: Arial, Helvetica, sans-serif;\">Bien que la composition chimique de la brom\u00e9la\u00efne soit connue depuis 1876, ses propri\u00e9t\u00e9s th\u00e9rapeutiques n&#039;ont suscit\u00e9 l&#039;int\u00e9r\u00eat des scientifiques qu&#039;en 1957. C&#039;est cette ann\u00e9e-l\u00e0 que Ralph Heinicke, alors employ\u00e9 par le Pineapple Research Institute, a d\u00e9couvert que les tiges des plants d&#039;ananas, jusque-l\u00e0 consid\u00e9r\u00e9s comme de simples r\u00e9sidus de production, \u00e9taient riches en cette enzyme. Les Europ\u00e9ens se sont int\u00e9ress\u00e9s \u00e0 la brom\u00e9la\u00efne d\u00e8s les ann\u00e9es 1960. Aujourd&#039;hui, il est utilis\u00e9 sur ce continent pour acc\u00e9l\u00e9rer la cicatrisation apr\u00e8s une intervention chirurgicale ou des blessures sportives, ainsi que pour traiter les phl\u00e9bites et les sinusites. Depuis plus de 30 ans, la brom\u00e9la\u00efne et d&#039;autres enzymes ayant les m\u00eames propri\u00e9t\u00e9s sont utilis\u00e9es par l&#039;industrie alimentaire pour attendrir la viande. L&#039;ananas frais est la principale source de brom\u00e9la\u00efne. L&#039;ananas en conserve ne contient pas de brom\u00e9la\u00efne car le processus de transformation utilis\u00e9 d\u00e9truit cette enzyme sensible \u00e0 la chaleur. Le jus d&#039;ananas disponible dans le commerce peut ne pas contenir de brom\u00e9la\u00efne car il est \u00e9galement chauff\u00e9 pour aider \u00e0 pr\u00e9server le jus. Il est alors n\u00e9cessaire de prendre des fruits ou des suppl\u00e9ments adapt\u00e9s afin de profiter pleinement des bienfaits de cette enzyme.<\/span><\/p><p style=\"text-align: center;\"><a class=\"buy\" href=\"#buy\"><strong>ALLER ACHETER MAINTENANT<\/strong><\/a><\/p><p><span style=\"color: #000000; font-family: Arial, Helvetica, sans-serif;\"><strong>LA DESCRIPTION:<\/strong> NG4L Bromelain est une formule contenant comme seul ingr\u00e9dient l&#039;enzyme prot\u00e9olytique extraite de la tige de l&#039;ananas. C&#039;est un produit d\u00e9riv\u00e9 de plantes de culture naturelle 100%, sans l&#039;utilisation d&#039;engrais chimiques et selon les m\u00e9thodes traditionnelles de conservation des sols. Les plants d&#039;ananas ont \u00e9t\u00e9 s\u00e9lectionn\u00e9s \u00e0 l&#039;\u00e9tat frais et l&#039;extraction r\u00e9alis\u00e9e dans les 24 heures \u00e0 l&#039;\u00e9cart de toute source de chaleur. Ainsi, le processus d&#039;\u00e9laboration stricte et biologique de notre produit NG4L Bromelaine garantit l&#039;apport complet de 500 mg de brom\u00e9la\u00efne d&#039;origine naturelle 100% pour chaque g\u00e9lule, et le b\u00e9n\u00e9fice r\u00e9el de tous les bienfaits th\u00e9rapeutiques reconnus de cette enzyme.<\/span><\/p><p><span style=\"color: #000000;\">PRESENTATION : bo\u00eete de 60 g\u00e9lules contenant chacune 500 mg de brom\u00e9la\u00efne.<\/span><\/p><table><tbody><tr><td width=\"403\"><p><span style=\"color: #000000;\">Taille de la portion : 1 portion par paquet : 60<\/span><\/p><\/td><td colspan=\"2\" width=\"300\"><p>\u00a0<\/p><\/td><\/tr><tr><td width=\"102\"><p><span style=\"color: #000000;\">Ingr\u00e9dients<\/span><\/p><\/td><td width=\"131\"><p><span style=\"color: #000000;\">Dose par portion<\/span><\/p><\/td><td width=\"169\"><p><span style=\"color: #000000;\">% valeurs quotidiennes<\/span><\/p><\/td><\/tr><tr><td width=\"102\"><p><span style=\"color: #000000;\">Brom\u00e9la\u00efne<\/span><\/p><\/td><td width=\"131\"><p><span style=\"color: #000000;\">500 mg<\/span><\/p><\/td><td width=\"169\"><p><span style=\"color: #000000;\">*<\/span><\/p><\/td><\/tr><tr><td width=\"403\"><p><span style=\"color: #000000;\">* valeurs journali\u00e8res non \u00e9tablies<\/span><br \/><span style=\"color: #000000;\">Autres ingr\u00e9dients : st\u00e9arate de magn\u00e9sium, farine.<\/span><\/p><\/td><td>\u00a0<\/td><td>\u00a0<\/td><\/tr><\/tbody><\/table><p>\u00a0<\/p><p>\u00a0<\/p><p><span style=\"color: #000000; font-family: Arial, Helvetica, sans-serif;\">Mode d&#039;action : La brom\u00e9la\u00efne a une action anti-d\u00e9mateuse et fibrinolytique en diminuant le taux sanguin de fibrinog\u00e8ne et de bradykinine, mais elle diminue \u00e9galement les taux de prostaglandines E2 et de thromboxane A2, ce qui lui conf\u00e8re son action analg\u00e9sique et anti-inflammatoire.<\/span><\/p><p><span style=\"color: #000000; font-family: Arial, Helvetica, sans-serif;\"><strong>Avantages de la brom\u00e9la\u00efne NG4L<\/strong><\/span><\/p><p><span style=\"color: #000000; font-family: Arial, Helvetica, sans-serif;\"><strong>D\u00e9sordres digestifs:<\/strong> Certains troubles digestifs, comme les ballonnements, les flatulences et les gaz peuvent \u00eatre dus \u00e0 une mauvaise digestion des prot\u00e9ines, souvent la cons\u00e9quence d&#039;une moindre s\u00e9cr\u00e9tion de pepsine ou de trypsine. La brom\u00e9la\u00efne a la particularit\u00e9 de scinder les prot\u00e9ines en mol\u00e9cules plus petites : les acides amin\u00e9s. Ainsi pris au cours du repas, il va aider \u00e0 la digestion des aliments riches en prot\u00e9ines et ainsi \u00e9viter les d\u00e9sagr\u00e9ments pouvant entra\u00eener une mauvaise digestion de ceux-ci. Dans ce cas pr\u00e9cis, il est conseill\u00e9 de prendre les comprim\u00e9s au cours des repas. Contrairement aux autres enzymes digestives, la brom\u00e9la\u00efne ne se cantonnera pas au syst\u00e8me digestif, elle passera dans la circulation g\u00e9n\u00e9rale et agira sur d&#039;autres cibles. De plus, pour toutes les autres indications, il est recommand\u00e9 de prendre des suppl\u00e9ments de brom\u00e9la\u00efne en dehors des repas pour une meilleure efficacit\u00e9.<\/span><\/p><p><span style=\"color: #000000; font-family: Arial, Helvetica, sans-serif;\"><strong>Congestion des voies respiratoires et sinusite :<\/strong> un essai, r\u00e9alis\u00e9 sur des sujets atteints de bronchite et de troubles pulmonaires divers, a montr\u00e9 que la prise de brom\u00e9la\u00efne permettait de r\u00e9duire la viscosit\u00e9 du mucus et ainsi faciliter son \u00e9limination. D\u00e8s l&#039;apparition des premiers signes de froid, prendre 1 \u00e0 2 comprim\u00e9s par jour en dehors des repas.<\/span><\/p><p><span style=\"color: #000000; font-family: Arial, Helvetica, sans-serif;\"><strong>Inflammation\u00a0:<\/strong> Prise \u00e0 titre pr\u00e9ventif, la brom\u00e9la\u00efne soulagera les cr\u00e8mes postop\u00e9ratoires, r\u00e9duisant l&#039;enflure, la douleur et la dur\u00e9e de l&#039;inflammation. En effet, cette substance inhiberait la production de prostaglandines, substances pro-inflammatoires, et diminuerait la bradykinine, une substance qui stimule la douleur. Dans les \u00e9tudes animales, la brom\u00e9la\u00efne \u00e9tait la plus puissante des neuf substances \u00e9tudi\u00e9es, \u00e0 \u00e9galit\u00e9 avec le m\u00e9dicament Prednisone.<\/span><\/p><p style=\"text-align: center;\"><a class=\"buy\" href=\"#buy\"><strong>ALLER ACHETER MAINTENANT<\/strong><\/a><\/p><p><span style=\"color: #000000; font-family: Arial, Helvetica, sans-serif;\"><strong>Maladies cardiovasculaires:<\/strong> La brom\u00e9la\u00efne a une activit\u00e9 antiplaquettaire et fibrinolytique directe sur les caillots sanguins. Cela aide \u00e0 am\u00e9liorer la viscosit\u00e9 du sang, \u00e0 r\u00e9duire les r\u00e9cidives d&#039;angine de poitrine, \u00e0 pr\u00e9venir la thrombose, \u00e0 aider \u00e0 r\u00e9duire la plaque d&#039;ath\u00e9rome et, en association avec le potassium et le magn\u00e9sium, \u00e0 r\u00e9duire l&#039;incidence des accidents cardiovasculaires (infarctus). Ainsi, la brom\u00e9la\u00efne pr\u00e9vient et minimise la gravit\u00e9 de l&#039;angine de poitrine et des attaques isch\u00e9miques.<\/span><\/p><p><span style=\"color: #000000; font-family: Arial, Helvetica, sans-serif;\">Propri\u00e9t\u00e9s vis-\u00e0-vis du syst\u00e8me immunitaire. La brom\u00e9la\u00efne agit sur le syst\u00e8me immunitaire et s&#039;av\u00e8re d&#039;une grande aide en cas de maladies auto-immunes et d&#039;infections virales. En effet, cette substance va agir directement sur la production de cytokines, \u00e9l\u00e9ment cl\u00e9 du syst\u00e8me immunitaire. De plus, il augmentera les effets de certains antibiotiques. Si vous prenez de la t\u00e9tracycline ou de l&#039;amoxicilline, n&#039;h\u00e9sitez pas \u00e0 prendre 2 ou 3 comprim\u00e9s par jour de brom\u00e9la\u00efne pour potentialiser ses effets.<\/span><\/p><p style=\"text-align: center;\"><a class=\"buy\" href=\"#buy\"><strong>ALLER ACHETER MAINTENANT<\/strong><\/a><\/p><p><span style=\"color: #000000; font-family: Arial, Helvetica, sans-serif;\"><strong>Cancer:<\/strong> La brom\u00e9la\u00efne a \u00e9t\u00e9 \u00e9tudi\u00e9e \u00e0 plusieurs reprises, dans diff\u00e9rents types de cancers, seule ou en association avec d&#039;autres m\u00e9dicaments comme traitement adjuvant, pour son activit\u00e9 anti-tumorale et anti-m\u00e9tastatique avec des r\u00e9sultats int\u00e9ressants qui m\u00e9ritent d&#039;\u00eatre approfondis.<\/span><\/p><p><span style=\"color: #000000; font-family: Arial, Helvetica, sans-serif;\">Aide \u00e0 la cicatrisation et \u00e0 la r\u00e9cup\u00e9ration : Dilu\u00e9 \u00e0 35% dans une base huileuse, comme l&#039;huile d&#039;amande douce par exemple, la Brom\u00e9line est efficace pour am\u00e9liorer la cicatrisation dans le traitement des br\u00fblures, gelures ou plaies cutan\u00e9es. Il est utilis\u00e9 autrefois par les Indiens lorsqu&#039;ils appliquaient des compresses de pulpe de tige d&#039;ananas sur leurs plaies. La brom\u00e9la\u00efne est couramment utilis\u00e9e par les sportifs, soit \u00e0 titre pr\u00e9ventif avant l&#039;entra\u00eenement ou la comp\u00e9tition, soit pour acc\u00e9l\u00e9rer la r\u00e9cup\u00e9ration et r\u00e9duire l&#039;intensit\u00e9 des traumatismes subis lors d&#039;une activit\u00e9 sportive.<\/span><\/p><p><span style=\"color: #000000; font-family: Arial, Helvetica, sans-serif;\"><strong>Interventions chirurgicales et traumatismes :<\/strong><\/span><\/p><p><span style=\"color: #000000; font-family: Arial, Helvetica, sans-serif;\">Plusieurs \u00e9tudes ont confirm\u00e9 que la brom\u00e9la\u00efne r\u00e9duit consid\u00e9rablement la dur\u00e9e de l&#039;inflammation, de la douleur et de l&#039;enflure post-chirurgicales (souvent des deux tiers). L&#039;utilisation pr\u00e9ventive, (avant l&#039;op\u00e9ration), est efficace et conseill\u00e9e, \u00e0 condition d&#039;\u00eatre arr\u00eat\u00e9e quelques semaines avant l&#039;op\u00e9ration en raison des effets anticoagulants. Comme d\u00e9j\u00e0 mentionn\u00e9, la brom\u00e9la\u00efne r\u00e9duit l&#039;intensit\u00e9 des traumatismes sportifs et acc\u00e9l\u00e8re la r\u00e9cup\u00e9ration (Masson et al, 1995). La premi\u00e8re \u00e9tude de ce type a \u00e9t\u00e9 men\u00e9e sur un groupe de 74 boxeurs qui souffraient d&#039;ecchymoses au visage et d&#039;h\u00e9matomes au niveau des orbites, des l\u00e8vres, de la poitrine et des bras. Apr\u00e8s 4 jours de prise de brom\u00e9la\u00efne, tous les bleus avaient disparu chez 58 boxeurs ! De nombreux athl\u00e8tes l&#039;utilisent \u00e0 titre pr\u00e9ventif avant l&#039;entra\u00eenement et la comp\u00e9tition.<\/span><\/p><p style=\"text-align: center;\"><a class=\"buy\" href=\"#buy\"><strong>ALLER ACHETER MAINTENANT<\/strong><\/a><\/p><p><span style=\"color: #000000; font-family: Arial, Helvetica, sans-serif;\"><strong>LES INDICATIONS:<\/strong> Canal interne. Pour r\u00e9duire l&#039;inflammation caus\u00e9e par une intervention chirurgicale ou un traumatisme, pour soulager l&#039;arthrose, pour traiter la rhino-sinusite, pour faciliter la digestion, pour traiter les gonflements post-op\u00e9ratoires et post-traumatiques, notamment au niveau des sinus.<\/span><\/p><p><span style=\"color: #000000; font-family: Arial, Helvetica, sans-serif;\">Canal externe. D\u00e9brider l&#039;escarre caus\u00e9e par une br\u00fblure, acc\u00e9l\u00e9rer la cicatrisation des plaies.<\/span><\/p><p><span style=\"color: #000000; font-family: Arial, Helvetica, sans-serif;\"><strong>DOSAGE:<\/strong> La dose habituelle recommand\u00e9e chez l&#039;adulte est de deux (2) \u00e0 quatre (4) capsules par jour, divis\u00e9es en deux (2) ou trois (3) prises, prises sans repas, sauf dans les cas o\u00f9 la brom\u00e9la\u00efne NG4L est prise pour am\u00e9liorer la digestion. Dans ce cas pr\u00e9cis, le produit doit \u00eatre pris au milieu du repas.<\/span><\/p><\/div>\n\t\t\t\t<\/div>\n\t\t\t\t\t\t\t<div class=\"elementor-toggle-item\">\n\t\t\t\t\t<div id=\"elementor-tab-title-5192\" class=\"elementor-tab-title\" data-tab=\"2\" role=\"button\" aria-controls=\"elementor-tab-content-5192\" aria-expanded=\"false\">\n\t\t\t\t\t\t\t\t\t\t\t\t<span class=\"elementor-toggle-icon elementor-toggle-icon-left\" aria-hidden=\"true\">\n\t\t\t\t\t\t\t\t\t\t\t\t\t\t\t<span class=\"elementor-toggle-icon-closed\"><i class=\"far fa-caret-square-right\"><\/i><\/span>\n\t\t\t\t\t\t\t\t<span class=\"elementor-toggle-icon-opened\"><i class=\"elementor-toggle-icon-opened fas fa-caret-square-up\"><\/i><\/span>\n\t\t\t\t\t\t\t\t\t\t\t\t\t<\/span>\n\t\t\t\t\t\t\t\t\t\t\t\t<a class=\"elementor-toggle-title\" tabindex=\"0\">..<\/a>\n\t\t\t\t\t<\/div>\n\n\t\t\t\t\t<div id=\"elementor-tab-content-5192\" class=\"elementor-tab-content elementor-clearfix\" data-tab=\"2\" role=\"region\" aria-labelledby=\"elementor-tab-title-5192\"><\/div>\n\t\t\t\t<\/div>\n\t\t\t\t\t\t\t\t<\/div>\n\t\t\t\t\t\t<\/div>\n\t\t\t\t<\/div>\n\t\t\t\t\t<\/div>\n\t\t<\/div>\n\t\t\t\t\t<\/div>\n\t\t<\/section>\n\t\t\t\t<\/div>","protected":false},"excerpt":{"rendered":"<p><a name=\"buy\"><\/a><\/p>\n<ul>\n<li><strong><span style=\"font-family: go;\">Il inhibe la production de prostaglandines responsables de l&#039;inflammation<\/span><\/strong><\/li>\n<li><strong><span style=\"font-family: go;\">Rend le sang plus mince et a un effet b\u00e9n\u00e9fique sur le syst\u00e8me immunitaire<\/span><\/strong><\/li>\n<\/ul>\n<p><strong>\u00a0\u00a0\u00a0\u00a0\u00a0 &gt;&gt;&gt;<span style=\"font-family: go; font-size: 14pt;\"><a href=\"#more\"><span style=\"color: #0000ff;\">Lire la suite<\/span><\/a><\/span><\/strong><\/p>","protected":false},"featured_media":2906,"comment_status":"open","ping_status":"closed","template":"","meta":{"nf_dc_page":"","_bbp_topic_count":0,"_bbp_reply_count":0,"_bbp_total_topic_count":0,"_bbp_total_reply_count":0,"_bbp_voice_count":0,"_bbp_anonymous_reply_count":0,"_bbp_topic_count_hidden":0,"_bbp_reply_count_hidden":0,"_bbp_forum_subforum_count":0},"product_brand":[],"product_cat":[33,32],"product_tag":[],"class_list":{"0":"post-4162","1":"product","2":"type-product","3":"status-publish","4":"has-post-thumbnail","6":"product_cat-all-products","7":"product_cat-special-products","9":"first","10":"instock","11":"shipping-taxable","12":"purchasable","13":"product-type-simple"},"bundled_by":["2902","3156"],"bundle_stock_status":"instock","bundle_stock_quantity":1,"bundle_virtual":false,"bundle_layout":"","bundle_add_to_cart_form_location":"","bundle_editable_in_cart":false,"bundle_sold_individually_context":"","bundle_item_grouping":"","bundle_min_size":"","bundle_max_size":"","bundled_items":[],"bundle_sell_ids":[],"_links":{"self":[{"href":"https:\/\/www.naturesgiftforlife.com\/fr\/wp-json\/wp\/v2\/product\/4162","targetHints":{"allow":["GET"]}}],"collection":[{"href":"https:\/\/www.naturesgiftforlife.com\/fr\/wp-json\/wp\/v2\/product"}],"about":[{"href":"https:\/\/www.naturesgiftforlife.com\/fr\/wp-json\/wp\/v2\/types\/product"}],"replies":[{"embeddable":true,"href":"https:\/\/www.naturesgiftforlife.com\/fr\/wp-json\/wp\/v2\/comments?post=4162"}],"version-history":[{"count":0,"href":"https:\/\/www.naturesgiftforlife.com\/fr\/wp-json\/wp\/v2\/product\/4162\/revisions"}],"wp:featuredmedia":[{"embeddable":true,"href":"https:\/\/www.naturesgiftforlife.com\/fr\/wp-json\/wp\/v2\/media\/2906"}],"wp:attachment":[{"href":"https:\/\/www.naturesgiftforlife.com\/fr\/wp-json\/wp\/v2\/media?parent=4162"}],"wp:term":[{"taxonomy":"product_brand","embeddable":true,"href":"https:\/\/www.naturesgiftforlife.com\/fr\/wp-json\/wp\/v2\/product_brand?post=4162"},{"taxonomy":"product_cat","embeddable":true,"href":"https:\/\/www.naturesgiftforlife.com\/fr\/wp-json\/wp\/v2\/product_cat?post=4162"},{"taxonomy":"product_tag","embeddable":true,"href":"https:\/\/www.naturesgiftforlife.com\/fr\/wp-json\/wp\/v2\/product_tag?post=4162"}],"curies":[{"name":"wp","href":"https:\/\/api.w.org\/{rel}","templated":true}]}}