{"id":4145,"date":"2020-11-12T09:22:27","date_gmt":"2020-11-12T09:22:27","guid":{"rendered":"http:\/\/www.livehealthylivehappy.com\/new\/?post_type=product&#038;p=4145"},"modified":"2023-08-23T14:37:10","modified_gmt":"2023-08-23T14:37:10","slug":"acai-capsule","status":"publish","type":"product","link":"https:\/\/www.naturesgiftforlife.com\/fr\/shop\/acai-capsule\/","title":{"rendered":"G\u00e9lule d&#039;a\u00e7a\u00ef"},"content":{"rendered":"<div data-elementor-type=\"wp-post\" data-elementor-id=\"4145\" class=\"elementor elementor-4145\">\n\t\t\t\t\t\t<section class=\"elementor-section elementor-top-section elementor-element elementor-element-2bff4ce elementor-section-boxed elementor-section-height-default elementor-section-height-default\" data-id=\"2bff4ce\" data-element_type=\"section\" data-e-type=\"section\">\n\t\t\t\t\t\t<div class=\"elementor-container elementor-column-gap-default\">\n\t\t\t\t\t<div class=\"elementor-column elementor-col-100 elementor-top-column elementor-element elementor-element-60ff1fc\" data-id=\"60ff1fc\" data-element_type=\"column\" data-e-type=\"column\">\n\t\t\t<div class=\"elementor-widget-wrap elementor-element-populated\">\n\t\t\t\t\t\t<div class=\"elementor-element elementor-element-c05134f elementor-widget elementor-widget-html\" data-id=\"c05134f\" data-element_type=\"widget\" data-e-type=\"widget\" data-widget_type=\"html.default\">\n\t\t\t\t<div class=\"elementor-widget-container\">\n\t\t\t\t\t<a name=\"more\"><\/a>\t\t\t\t<\/div>\n\t\t\t\t<\/div>\n\t\t\t\t<div class=\"elementor-element elementor-element-f8f63c0 elementor-invisible elementor-widget elementor-widget-toggle\" data-id=\"f8f63c0\" data-element_type=\"widget\" data-e-type=\"widget\" data-settings=\"{&quot;_animation&quot;:&quot;flash&quot;}\" data-widget_type=\"toggle.default\">\n\t\t\t\t<div class=\"elementor-widget-container\">\n\t\t\t\t\t\t\t<div class=\"elementor-toggle\">\n\t\t\t\t\t\t\t<div class=\"elementor-toggle-item\">\n\t\t\t\t\t<div id=\"elementor-tab-title-2611\" class=\"elementor-tab-title\" data-tab=\"1\" role=\"button\" aria-controls=\"elementor-tab-content-2611\" aria-expanded=\"false\">\n\t\t\t\t\t\t\t\t\t\t\t\t<span class=\"elementor-toggle-icon elementor-toggle-icon-left\" aria-hidden=\"true\">\n\t\t\t\t\t\t\t\t\t\t\t\t\t\t\t<span class=\"elementor-toggle-icon-closed\"><i class=\"far fa-caret-square-right\"><\/i><\/span>\n\t\t\t\t\t\t\t\t<span class=\"elementor-toggle-icon-opened\"><i class=\"elementor-toggle-icon-opened fas fa-caret-square-up\"><\/i><\/span>\n\t\t\t\t\t\t\t\t\t\t\t\t\t<\/span>\n\t\t\t\t\t\t\t\t\t\t\t\t<a class=\"elementor-toggle-title\" tabindex=\"0\">Description d\u00e9taill\u00e9e du produit \/ Faits suppl\u00e9mentaires<\/a>\n\t\t\t\t\t<\/div>\n\n\t\t\t\t\t<div id=\"elementor-tab-content-2611\" class=\"elementor-tab-content elementor-clearfix\" data-tab=\"1\" role=\"region\" aria-labelledby=\"elementor-tab-title-2611\"><p style=\"text-align: center;\"><span style=\"color: #000000;\"><strong>CAPSULE D&#039;ACAI\u00a0:<\/strong><strong><em>LA SUPER NOURRITURE<\/em><\/strong><\/span><\/p><p><span style=\"color: #000000;\"><strong><em>\u00a0<\/em><\/strong><strong>INGR\u00c9DIENTS:<\/strong> Jus d&#039;a\u00e7a\u00ef certifi\u00e9 biologique \u00e0 partir de baies enti\u00e8res d&#039;Euterpe Oleracea, y compris l&#039;\u00e9picarpe (peau externe), le m\u00e9socarpe (viande pulpeuse de baies) et l&#039;endocarpe (contient des graines de baies d&#039;a\u00e7ai).<\/span><\/p><p><span style=\"color: #000000;\"><strong>Avantages:<\/strong><\/span><\/p><ul><li><span style=\"color: #000000;\">Aide \u00e0 construire un corps fort en fournissant des prot\u00e9ines<\/span><\/li><li><span style=\"color: #000000;\">Renforce les os<\/span><\/li><li><span style=\"color: #000000;\">Contractions musculaires et r\u00e9g\u00e9n\u00e9ration<\/span><\/li><li><span style=\"color: #000000;\">Augmente l&#039;\u00e9nergie et l&#039;endurance<\/span><\/li><li><span style=\"color: #000000;\">Soulagement du stress<\/span><\/li><li><span style=\"color: #000000;\">Am\u00e9liore la sant\u00e9 sexuelle<\/span><\/li><li><span style=\"color: #000000;\">Aide \u00e0 la synergie corporelle<\/span><\/li><li><span style=\"color: #000000;\">Un puissant aliment anti-\u00e2ge<\/span><\/li><li><span style=\"color: #000000;\">Peut aider \u00e0 pr\u00e9venir l&#039;\u00e9largissement de la prostate<\/span><\/li><li><span style=\"color: #000000;\">Aide \u00e0 pr\u00e9venir l&#039;ost\u00e9oporose<\/span><\/li><li><span style=\"color: #000000;\">R\u00e9duit les douleurs menstruelles<\/span><\/li><li><span style=\"color: #000000;\">Peut aider \u00e0 pr\u00e9venir les causes des maladies cardiaques<\/span><\/li><li><span style=\"color: #000000;\">R\u00e9duit le mauvais cholest\u00e9rol<\/span><\/li><li><span style=\"color: #000000;\">Les st\u00e9rols peuvent abaisser la tension art\u00e9rielle (PA)<\/span><\/li><li><span style=\"color: #000000;\">Prot\u00e8ge les vaisseaux sanguins<\/span><\/li><li><span style=\"color: #000000;\">Dans le diab\u00e8te, il aide \u00e0 prot\u00e9ger les capillaires<\/span><\/li><li><span style=\"color: #000000;\">Soulagement du diab\u00e8te<\/span><\/li><li><span style=\"color: #000000;\">Aide \u00e0 contr\u00f4ler le poids <\/span><\/li><li><span style=\"color: #000000;\">Acai am\u00e9liore la r\u00e9sistance aux maladies<\/span><\/li><li><span style=\"color: #000000;\">Am\u00e9lioration de la fonction des cellules immunitaires<\/span><\/li><li><span style=\"color: #000000;\">Emp\u00eache les dommages caus\u00e9s par les radicaux libres au syst\u00e8me immunitaire<\/span><\/li><li><span style=\"color: #000000;\">Acai a: Propri\u00e9t\u00e9s antivirales, antibact\u00e9riennes et antifongiques<\/span><\/li><li><span style=\"color: #000000;\">Agit comme un antimutag\u00e8ne<\/span><\/li><\/ul><p style=\"text-align: center;\"><a class=\"buy\" href=\"#buy\"><strong>ALLER ACHETER MAINTENANT<\/strong><\/a><\/p><ul><li><span style=\"color: #000000;\">Am\u00e9liore la digestion<\/span><\/li><li><span style=\"color: #000000;\">Surmonte la maladie de reflux acide (RGO)<\/span><\/li><li><span style=\"color: #000000;\">Gu\u00e9rit les ulc\u00e8res<\/span><\/li><li><span style=\"color: #000000;\">Aide \u00e0 soulager les sympt\u00f4mes de la maladie de Crohn<\/span><\/li><li><span style=\"color: #000000;\">Am\u00e9liore le teint<\/span><\/li><li><span style=\"color: #000000;\">D\u00e9fend contre les rides pr\u00e9matur\u00e9es<\/span><\/li><li><span style=\"color: #000000;\">Agit comme un astringent<\/span><\/li><li><span style=\"color: #000000;\">Contre le cancer<\/span><\/li><li><span style=\"color: #000000;\">R\u00e9duit la douleur arthritique<\/span><\/li><li><span style=\"color: #000000;\">Soulage les sympt\u00f4mes de l&#039;asthme<\/span><\/li><li><span style=\"color: #000000;\">R\u00e9duit le risque de maladie d&#039;Alzheimer<\/span><\/li><li><span style=\"color: #000000;\">Vision du sida<\/span><\/li><li><span style=\"color: #000000;\">Aide \u00e0 maintenir des dents et des gencives saines<\/span><\/li><li><span style=\"color: #000000;\">Am\u00e9liore la clart\u00e9 mentale<\/span><\/li><li><span style=\"color: #000000;\">Meilleur sommeil<\/span><\/li><li><span style=\"color: #000000;\">Favorise le bien-\u00eatre g\u00e9n\u00e9ral<\/span><\/li><\/ul><p style=\"text-align: center;\"><a class=\"buy\" href=\"#buy\"><strong>ALLER ACHETER MAINTENANT<\/strong><\/a><\/p><p><span style=\"color: #000000;\"><strong>HISTOIRE \/ ORIGINE DE L&#039;ACAI<\/strong><\/span><\/p><p><span style=\"color: #000000;\">The Acai history is held with the people of the Amazon near the Para River. It is said that the rainforest holds &#8220;nature&#8217;s medicine chest,&#8221; in that the majority of today&#8217;s pharmaceuticals are derived from or contain active ingredients from plants and fruits that inhabit the region. The rainforest generates more than twenty percent of our oxygen and is a home for more than two third of plants and animals on the planet.<\/span><\/p><p><span style=\"color: #000000;\">First, a little bit about traditional Acai history. It is smaller than a grape and produces very little pulp because of its large seed in the middle. It is usually dark purple in color and is almost a black hole to light because of its dark pigments. The berry typically grows in branched panicles of 700-900 fruits. The Acai berry is one of Brazil&#8217;s most popular foods and is used in making a delicious snack called an Acai bowl. Brazilian Acai juice is also becoming super popular within the past few years and is making quite a splash in the western world.<\/span><\/p><p style=\"text-align: center;\"><a class=\"buy\" href=\"#buy\"><strong>ALLER ACHETER MAINTENANT<\/strong><\/a><\/p><p><span style=\"color: #000000;\">Parmi les peuples des for\u00eats amazoniennes, l&#039;Acai de la baie d&#039;Acai est envelopp\u00e9 de myst\u00e8re et de l\u00e9gende; l&#039;une de ses l\u00e9gendes stipule que:<\/span><\/p><p><span style=\"color: #000000;\">There was a village near the edges of the Para River that was rapidly increasing in population which led to food becoming scarce. The tribe leader, Itaki, declared that no woman may bear a child and if she did, the baby would be sacrificed. Itaki&#8217;s daughter, Iaca, was bearing a child at the time; her father was both excited and abhorred because he knew that this child would be treated the same as all others during this trying time.<\/span><\/p><p><span style=\"color: #000000;\">Tout au long de la grossesse, Ia\u00e7\u00e1 a pri\u00e9 Tup\u00e1 de montrer \u00e0 son p\u00e8re des aliments du Br\u00e9sil qui pourraient sauver la tribu de la famine. Malheureusement, rien ne s&#039;est pass\u00e9.<\/span><\/p><p><span style=\"color: #000000;\">The child was born and sacrificed; Iaca was devastated&#8211;she cried day and night and did not eat anything while enclosed in her hut for days. One of the nights in her hut, she heard her daughter&#8217;s cry from the forest. Iaca ran into the forest and found her daughter by the side of a slender palm tree. Attempting to embrace her child, the image disappeared and the tribe found Iaca dead with a smile on her face. Her eyes were still wide open looking up looking up at the bountiful dark purple fruits on top of the palm tree. History shows this was an Acai palm, which can be enjoyed by eating the hearts of palm or Acai berries.<\/span><\/p><p style=\"text-align: center;\"><a class=\"buy\" href=\"#buy\"><strong>ALLER ACHETER MAINTENANT<\/strong><\/a><\/p><p><span style=\"color: #000000;\">La tribu a ordonn\u00e9 de faire descendre les fruits d&#039;a\u00e7ai et d&#039;en retirer le jus. Avec cela, ils ont obtenu un vin rouge\u00e2tre qui est rapidement devenu le r\u00e9gime de la tribu. Aujourd&#039;hui, les aliments du Br\u00e9sil comprennent les smoothies au jus d&#039;a\u00e7ai et les bols d&#039;a\u00e7ai.<\/span><\/p><p><span style=\"color: #000000;\">Itaki a appel\u00e9 le fruit A\u00e7a\u00ed (Ia\u00e7\u00e1 invers\u00e9) en m\u00e9moire de sa fille et a permis \u00e0 nouveau la naissance d&#039;enfants. La tribu a prosp\u00e9r\u00e9 \u00e0 nouveau. Aujourd&#039;hui, cette population est connue sous le nom de Bel\u00e9m, dans l&#039;\u00e9tat du Par\u00e1, au Br\u00e9sil et l&#039;histoire d&#039;Acai reste enracin\u00e9e ici.<\/span><\/p><p>\u00a0<\/p><p>\u00a0<\/p><p><span style=\"color: #000000;\"><strong>PR\u00c9SENTATION:<\/strong> Boite de 60 g\u00e9lules <strong>: <\/strong><\/span><\/p><table><tbody><tr><td width=\"244\"><p><span style=\"color: #000000;\"><strong>Taille de la portion : 1 portion par paquet : 60<\/strong><\/span><\/p><\/td><td colspan=\"2\" width=\"254\"><p>\u00a0<\/p><\/td><\/tr><tr><td width=\"244\">\u00a0<\/td><td width=\"98\"><p><span style=\"color: #000000;\">Dose par portion<\/span><\/p><\/td><td width=\"156\"><p><span style=\"color: #000000;\">% valeurs quotidiennes<\/span><\/p><\/td><\/tr><tr><td width=\"244\"><p><span style=\"color: #000000;\">Extrait de fruit d&#039;a\u00e7a\u00ef (Euterpe olaracea)<\/span><\/p><\/td><td width=\"98\"><p><span style=\"color: #000000;\">500 mg<\/span><\/p><\/td><td width=\"156\"><p><span style=\"color: #000000;\">*<\/span><\/p><\/td><\/tr><tr><td colspan=\"3\" width=\"498\"><p><span style=\"color: #000000;\">Autres ingr\u00e9dients : G\u00e9latine, st\u00e9arate de magn\u00e9sium, dioxyde de silicium<\/span><\/p><p><span style=\"color: #000000;\">* Valeurs journali\u00e8res non \u00e9tablies<\/span><\/p><\/td><\/tr><\/tbody><\/table><\/div>\n\t\t\t\t<\/div>\n\t\t\t\t\t\t\t<div class=\"elementor-toggle-item\">\n\t\t\t\t\t<div id=\"elementor-tab-title-2612\" class=\"elementor-tab-title\" data-tab=\"2\" role=\"button\" aria-controls=\"elementor-tab-content-2612\" aria-expanded=\"false\">\n\t\t\t\t\t\t\t\t\t\t\t\t<span class=\"elementor-toggle-icon elementor-toggle-icon-left\" aria-hidden=\"true\">\n\t\t\t\t\t\t\t\t\t\t\t\t\t\t\t<span class=\"elementor-toggle-icon-closed\"><i class=\"far fa-caret-square-right\"><\/i><\/span>\n\t\t\t\t\t\t\t\t<span class=\"elementor-toggle-icon-opened\"><i class=\"elementor-toggle-icon-opened fas fa-caret-square-up\"><\/i><\/span>\n\t\t\t\t\t\t\t\t\t\t\t\t\t<\/span>\n\t\t\t\t\t\t\t\t\t\t\t\t<a class=\"elementor-toggle-title\" tabindex=\"0\">..<\/a>\n\t\t\t\t\t<\/div>\n\n\t\t\t\t\t<div id=\"elementor-tab-content-2612\" class=\"elementor-tab-content elementor-clearfix\" data-tab=\"2\" role=\"region\" aria-labelledby=\"elementor-tab-title-2612\"><\/div>\n\t\t\t\t<\/div>\n\t\t\t\t\t\t\t\t<\/div>\n\t\t\t\t\t\t<\/div>\n\t\t\t\t<\/div>\n\t\t\t\t\t<\/div>\n\t\t<\/div>\n\t\t\t\t\t<\/div>\n\t\t<\/section>\n\t\t\t\t<\/div>","protected":false},"excerpt":{"rendered":"<p><a name=\"buy\"><\/a><\/p>\n<ul>\n<li><span style=\"font-family: go;\"><strong>Aide \u00e0 construire un corps fort en fournissant des prot\u00e9ines<\/strong><\/span><\/li>\n<li><span style=\"font-family: go;\"><strong>Renforce les os<\/strong><\/span><\/li>\n<li><span style=\"font-family: go;\"><strong>Contractions musculaires et r\u00e9g\u00e9n\u00e9ration<\/strong><\/span><\/li>\n<li><span style=\"font-family: go;\"><strong>Augmente l&#039;\u00e9nergie et l&#039;endurance<\/strong><\/span><\/li>\n<\/ul>\n<p><strong>\u00a0\u00a0\u00a0\u00a0\u00a0 &gt;&gt;&gt;<span style=\"font-family: go; font-size: 14pt;\"><a href=\"#more\"><span style=\"color: #0000ff;\">Lire la suite<\/span><\/a><\/span><\/strong><\/p>","protected":false},"featured_media":4147,"comment_status":"open","ping_status":"closed","template":"","meta":{"nf_dc_page":"","_bbp_topic_count":0,"_bbp_reply_count":0,"_bbp_total_topic_count":0,"_bbp_total_reply_count":0,"_bbp_voice_count":0,"_bbp_anonymous_reply_count":0,"_bbp_topic_count_hidden":0,"_bbp_reply_count_hidden":0,"_bbp_forum_subforum_count":0},"product_brand":[],"product_cat":[33],"product_tag":[],"class_list":{"0":"post-4145","1":"product","2":"type-product","3":"status-publish","4":"has-post-thumbnail","6":"product_cat-all-products","8":"first","9":"instock","10":"shipping-taxable","11":"purchasable","12":"product-type-simple"},"bundled_by":[],"bundle_stock_status":"instock","bundle_stock_quantity":null,"bundle_virtual":false,"bundle_layout":"","bundle_add_to_cart_form_location":"","bundle_editable_in_cart":false,"bundle_sold_individually_context":"","bundle_item_grouping":"","bundle_min_size":"","bundle_max_size":"","bundled_items":[],"bundle_sell_ids":[],"_links":{"self":[{"href":"https:\/\/www.naturesgiftforlife.com\/fr\/wp-json\/wp\/v2\/product\/4145","targetHints":{"allow":["GET"]}}],"collection":[{"href":"https:\/\/www.naturesgiftforlife.com\/fr\/wp-json\/wp\/v2\/product"}],"about":[{"href":"https:\/\/www.naturesgiftforlife.com\/fr\/wp-json\/wp\/v2\/types\/product"}],"replies":[{"embeddable":true,"href":"https:\/\/www.naturesgiftforlife.com\/fr\/wp-json\/wp\/v2\/comments?post=4145"}],"version-history":[{"count":0,"href":"https:\/\/www.naturesgiftforlife.com\/fr\/wp-json\/wp\/v2\/product\/4145\/revisions"}],"wp:featuredmedia":[{"embeddable":true,"href":"https:\/\/www.naturesgiftforlife.com\/fr\/wp-json\/wp\/v2\/media\/4147"}],"wp:attachment":[{"href":"https:\/\/www.naturesgiftforlife.com\/fr\/wp-json\/wp\/v2\/media?parent=4145"}],"wp:term":[{"taxonomy":"product_brand","embeddable":true,"href":"https:\/\/www.naturesgiftforlife.com\/fr\/wp-json\/wp\/v2\/product_brand?post=4145"},{"taxonomy":"product_cat","embeddable":true,"href":"https:\/\/www.naturesgiftforlife.com\/fr\/wp-json\/wp\/v2\/product_cat?post=4145"},{"taxonomy":"product_tag","embeddable":true,"href":"https:\/\/www.naturesgiftforlife.com\/fr\/wp-json\/wp\/v2\/product_tag?post=4145"}],"curies":[{"name":"wp","href":"https:\/\/api.w.org\/{rel}","templated":true}]}}