{"id":4033,"date":"2020-11-10T16:31:19","date_gmt":"2020-11-10T16:31:19","guid":{"rendered":"http:\/\/www.livehealthylivehappy.com\/new\/?post_type=product&#038;p=4033"},"modified":"2023-08-23T14:41:46","modified_gmt":"2023-08-23T14:41:46","slug":"chromium-picolinate","status":"publish","type":"product","link":"https:\/\/www.naturesgiftforlife.com\/fr\/shop\/chromium-picolinate\/","title":{"rendered":"Picolinate de chrome"},"content":{"rendered":"<div data-elementor-type=\"wp-post\" data-elementor-id=\"4033\" class=\"elementor elementor-4033\">\n\t\t\t\t\t\t<section class=\"elementor-section elementor-top-section elementor-element elementor-element-7f487c3 elementor-section-boxed elementor-section-height-default elementor-section-height-default\" data-id=\"7f487c3\" data-element_type=\"section\" data-e-type=\"section\">\n\t\t\t\t\t\t<div class=\"elementor-container elementor-column-gap-default\">\n\t\t\t\t\t<div class=\"elementor-column elementor-col-100 elementor-top-column elementor-element elementor-element-117b4e0\" data-id=\"117b4e0\" data-element_type=\"column\" data-e-type=\"column\">\n\t\t\t<div class=\"elementor-widget-wrap elementor-element-populated\">\n\t\t\t\t\t\t<div class=\"elementor-element elementor-element-6daa785 elementor-widget elementor-widget-html\" data-id=\"6daa785\" data-element_type=\"widget\" data-e-type=\"widget\" data-widget_type=\"html.default\">\n\t\t\t\t<div class=\"elementor-widget-container\">\n\t\t\t\t\t<a name=\"more\"><\/a>\t\t\t\t<\/div>\n\t\t\t\t<\/div>\n\t\t\t\t<div class=\"elementor-element elementor-element-74684fb elementor-invisible elementor-widget elementor-widget-toggle\" data-id=\"74684fb\" data-element_type=\"widget\" data-e-type=\"widget\" data-settings=\"{&quot;_animation&quot;:&quot;flash&quot;}\" data-widget_type=\"toggle.default\">\n\t\t\t\t<div class=\"elementor-widget-container\">\n\t\t\t\t\t\t\t<div class=\"elementor-toggle\">\n\t\t\t\t\t\t\t<div class=\"elementor-toggle-item\">\n\t\t\t\t\t<div id=\"elementor-tab-title-1221\" class=\"elementor-tab-title\" data-tab=\"1\" role=\"button\" aria-controls=\"elementor-tab-content-1221\" aria-expanded=\"false\">\n\t\t\t\t\t\t\t\t\t\t\t\t<span class=\"elementor-toggle-icon elementor-toggle-icon-left\" aria-hidden=\"true\">\n\t\t\t\t\t\t\t\t\t\t\t\t\t\t\t<span class=\"elementor-toggle-icon-closed\"><i class=\"far fa-caret-square-right\"><\/i><\/span>\n\t\t\t\t\t\t\t\t<span class=\"elementor-toggle-icon-opened\"><i class=\"elementor-toggle-icon-opened fas fa-caret-square-up\"><\/i><\/span>\n\t\t\t\t\t\t\t\t\t\t\t\t\t<\/span>\n\t\t\t\t\t\t\t\t\t\t\t\t<a class=\"elementor-toggle-title\" tabindex=\"0\">Description d\u00e9taill\u00e9e du produit \/ faits sur les suppl\u00e9ments<\/a>\n\t\t\t\t\t<\/div>\n\n\t\t\t\t\t<div id=\"elementor-tab-content-1221\" class=\"elementor-tab-content elementor-clearfix\" data-tab=\"1\" role=\"region\" aria-labelledby=\"elementor-tab-title-1221\"><p style=\"text-align: center;\"><span style=\"color: #000000;\"><strong><em>Un cofacteur essentiel de l&#039;insuline<\/em><\/strong><\/span><\/p><p><span style=\"color: #000000;\"><strong>Avantages<\/strong><\/span><\/p><ul><li><span style=\"color: #000000;\">Chromium improves glucose tolerance in people with Turner&#8217;s syndrome,<\/span><\/li><li><span style=\"color: #000000;\">Pour abaisser la glyc\u00e9mie chez les personnes atteintes <a style=\"color: #000000;\" href=\"http:\/\/diabetes.emedtv.com\/type-2-diabetes\/type-2-diabetes.html\" target=\"_blank\" rel=\"noopener\">diab\u00e8te de type 2<\/a>. Il est important dans le m\u00e9tabolisme de l&#039;insuline. Ses avantages incluent le traitement du diab\u00e8te de type II, car une diminution des niveaux de chrome est une caract\u00e9ristique de la maladie.<\/span><\/li><li><span style=\"color: #000000;\">Le chrome aide \u00e0 augmenter le sucre chez les personnes souffrant d&#039;hypoglyc\u00e9mie<\/span><\/li><li><span style=\"color: #000000;\">Le chrome aide \u00e0 <a style=\"color: #000000;\" href=\"http:\/\/depression.emedtv.com\/depression\/depression.html\" target=\"_blank\" rel=\"noopener\">d\u00e9pression<\/a> ou d&#039;autres troubles de l&#039;humeur. Le chrome am\u00e9liore les sympt\u00f4mes de la d\u00e9pression chez les personnes atteintes de d\u00e9pression atypique comme les envies de sucre, la fatigue, la prise de poids et les sautes d&#039;humeur. Le picolinate de chrome a des effets antid\u00e9presseurs.<\/span><\/li><li><span style=\"color: #000000;\">Le chrome aide \u00e0 augmenter l&#039;\u00e9nergie<\/span><\/li><li><span style=\"color: #000000;\">Chromium aids in weight loss. It helps suppress appetite and food cravings, helping in weight loss. Chromium improves carbohydrate metabolism. Chromium works with insulin to transport glucose to the body&#8217;s cells to produce energy. As such it may improve glucose metabolism, which could help regulate weight. It also helps lose fat and gain lean muscle. Help in athletic training (such as for body and muscle building)<\/span><\/li><li><span style=\"color: #000000;\">Le chrome peut \u00eatre efficace pour le traitement du syndrome des ovaires polykystiques (SOPK) et du syndrome X<\/span><\/li><li><span style=\"color: #000000;\">Le chrome aide \u00e0 contr\u00f4ler l&#039;app\u00e9tit. Il r\u00e9duit les envies de sucre et d&#039;autres glucides.<\/span><\/li><li><span style=\"color: #000000;\">Le chrome abaisse le mauvais cholest\u00e9rol et les triglyc\u00e9rides et augmente le bon cholest\u00e9rol, tout en am\u00e9liorant la fonction endoth\u00e9liale limitant les complications macrovasculaires du pr\u00e9diab\u00e8te et pr\u00e9venant les maladies cardiaques.<\/span><\/li><\/ul><p style=\"text-align: center;\"><a class=\"buy\" href=\"#buy\"><strong>ALLER ACHETER MAINTENANT<\/strong><\/a><\/p><p style=\"text-align: left;\"><span style=\"color: #000000;\"><strong>Ingr\u00e9dients<\/strong>: NG4L CHROME contient : du chrome (sous forme de picolinate de chrome) 200mcg ; autres ingr\u00e9dients-phosphate dicalcique, acide st\u00e9arique, st\u00e9arate de magn\u00e9sium, cellulose microcristalline, croscarmellose dodium, gla\u00e7age pharmaceutique\u00a0;<\/span><\/p><p><span style=\"color: #000000;\">Le chrome est un oligo-\u00e9l\u00e9ment naturel dont on trouve des quantit\u00e9s dans les aliments de tous les jours comme la viande, la volaille, le poisson et les pains \u00e0 grains entiers. <a style=\"color: #000000;\" href=\"http:\/\/www.vitamins-supplements.org\/dietary-minerals\/chromium.php\" target=\"_blank\" rel=\"noopener\">Chrome<\/a> is a mineral required in small quantities by the body. Chromium is an essential part of the GTF (glucose tolerance factor) molecule. GTF is an important cofactor for insulin in the regulation of blood sugar which is necessary for proper metabolism. Chromium enables insulin to function normally and helps the body process (metabolize) carbohydrates and fats. This improves the ability of glucose-intolerant people to remove excess sugar from their blood after eating. The primary function of insulin is to transport glucose to the body\u2019s cells in order to provide energy that facilitates cell functioning. The principle energy sources for the body are glucose and <a style=\"color: #000000;\" href=\"http:\/\/www.vitamins-supplements.org\/essential-fatty-acids\/\" target=\"_blank\" rel=\"noopener\">Les acides gras<\/a>. Parce qu&#039;il semble modifier la d\u00e9gradation des graisses dans l&#039;alimentation, le chrome peut \u00e9galement \u00eatre b\u00e9n\u00e9fique pour les personnes souffrant de certains types de cholest\u00e9rol \u00e9lev\u00e9.<\/span><\/p><p style=\"text-align: center;\"><a class=\"buy\" href=\"#buy\"><strong>ALLER ACHETER MAINTENANT<\/strong><\/a><\/p><p><span style=\"color: #000000;\">La plupart des gens sont carenc\u00e9s en chrome en raison d&#039;une alimentation d\u00e9s\u00e9quilibr\u00e9e, d&#039;une malabsorption avec l&#039;\u00e2ge, du diab\u00e8te, des maladies cardiovasculaires, de la malnutrition, de la grossesse, de l&#039;exercice intense, du stress, des maladies infectieuses et de la prise de cortico\u00efdes. Les sympt\u00f4mes de carence sont la r\u00e9sistance \u00e0 l&#039;insuline, l&#039;hyperglyc\u00e9mie ou l&#039;hypoglyc\u00e9mie et les anomalies lipidiques, un taux de cholest\u00e9rol \u00e9lev\u00e9 et un risque accru de maladie cardiaque (maladie coronarienne), la fatigue, l&#039;anxi\u00e9t\u00e9, la perte de poids, une mauvaise coordination et une inflammation du cerveau.<\/span><\/p><p><span style=\"color: #000000;\">Il a \u00e9t\u00e9 rapport\u00e9 que la suppl\u00e9mentation alimentaire en chrome chez des individus normaux a conduit \u00e0 des am\u00e9liorations de la tol\u00e9rance au glucose, des concentrations de lipides s\u00e9riques, y compris du cholest\u00e9rol \u00e0 lipoprot\u00e9ines de haute densit\u00e9, de l&#039;insuline et de la liaison \u00e0 l&#039;insuline.<\/span><\/p><p style=\"text-align: center;\"><a class=\"buy\" href=\"#buy\"><strong>ALLER ACHETER MAINTENANT<\/strong><\/a><\/p><p><span style=\"color: #000000;\">Le picolinate de chrome est une combinaison d&#039;oligo-\u00e9l\u00e9ments de chrome et d&#039;acide picolinique. L&#039;acide picolinique est un m\u00e9tabolite naturel (un produit naturel du m\u00e9tabolisme) pr\u00e9sent dans le lait maternel. C&#039;est la forme de chrome la plus efficace. Le chrome fourni sous cette forme est plus facilement absorb\u00e9 et utilis\u00e9 par le corps.<\/span><\/p><table><tbody><tr><td colspan=\"3\" width=\"614\"><p><span style=\"color: #000000;\"><strong>Faits sur les suppl\u00e9ments <\/strong><\/span><\/p><\/td><\/tr><tr><td colspan=\"3\" width=\"614\"><p><span style=\"color: #000000;\">Portion\u00a0: (1) comprim\u00e9<\/span><\/p><\/td><\/tr><tr><td width=\"205\">\u00a0<\/td><td width=\"205\"><p><span style=\"color: #000000;\">Quantit\u00e9 par portion<\/span><\/p><\/td><td width=\"205\"><p><span style=\"color: #000000;\">Valeur quotidienne %<\/span><\/p><\/td><\/tr><tr><td width=\"205\"><p><span style=\"color: #000000;\">Chrome (sous forme de picolinate de chrome)<\/span><\/p><\/td><td width=\"205\"><p><span style=\"color: #000000;\">200mcg<\/span><\/p><\/td><td width=\"205\"><p><span style=\"color: #000000;\">167%<\/span><\/p><\/td><\/tr><tr><td colspan=\"3\" width=\"614\"><p><span style=\"color: #000000;\">Autres ingr\u00e9dients : phosphate dicalcique, acide st\u00e9arique, st\u00e9arate de magn\u00e9sium, cellulose microcristalline, croscarmellose sodique, gla\u00e7age pharmaceutique<\/span><\/p><\/td><\/tr><\/tbody><\/table><\/div>\n\t\t\t\t<\/div>\n\t\t\t\t\t\t\t<div class=\"elementor-toggle-item\">\n\t\t\t\t\t<div id=\"elementor-tab-title-1222\" class=\"elementor-tab-title\" data-tab=\"2\" role=\"button\" aria-controls=\"elementor-tab-content-1222\" aria-expanded=\"false\">\n\t\t\t\t\t\t\t\t\t\t\t\t<span class=\"elementor-toggle-icon elementor-toggle-icon-left\" aria-hidden=\"true\">\n\t\t\t\t\t\t\t\t\t\t\t\t\t\t\t<span class=\"elementor-toggle-icon-closed\"><i class=\"far fa-caret-square-right\"><\/i><\/span>\n\t\t\t\t\t\t\t\t<span class=\"elementor-toggle-icon-opened\"><i class=\"elementor-toggle-icon-opened fas fa-caret-square-up\"><\/i><\/span>\n\t\t\t\t\t\t\t\t\t\t\t\t\t<\/span>\n\t\t\t\t\t\t\t\t\t\t\t\t<a class=\"elementor-toggle-title\" tabindex=\"0\">..<\/a>\n\t\t\t\t\t<\/div>\n\n\t\t\t\t\t<div id=\"elementor-tab-content-1222\" class=\"elementor-tab-content elementor-clearfix\" data-tab=\"2\" role=\"region\" aria-labelledby=\"elementor-tab-title-1222\"><\/div>\n\t\t\t\t<\/div>\n\t\t\t\t\t\t\t\t<\/div>\n\t\t\t\t\t\t<\/div>\n\t\t\t\t<\/div>\n\t\t\t\t\t<\/div>\n\t\t<\/div>\n\t\t\t\t\t<\/div>\n\t\t<\/section>\n\t\t\t\t<\/div>","protected":false},"excerpt":{"rendered":"<p><a name=\"buy\"><\/a><\/p>\n<ul>\n<li>\n<h2 class=\"woocommerce-loop-product__title\" data-no-translation=\"\">Chromium Picolinate<\/h2>\n<\/li>\n<li><strong><span style=\"font-family: go;\">Am\u00e9liore la tol\u00e9rance au glucose chez les personnes atteintes du syndrome de Turner<\/span><\/strong><\/li>\n<li><strong><span style=\"font-family: go;\">Abaisse la glyc\u00e9mie chez les personnes <span style=\"color: #000000;\">diab\u00e8te de type 2<\/span><\/span><\/strong><\/li>\n<li><strong><span style=\"font-family: go;\">aide \u00e0 augmenter le sucre chez les personnes souffrant d&#039;hypoglyc\u00e9mie<\/span><\/strong><\/li>\n<\/ul>\n<p><strong>\u00a0\u00a0\u00a0\u00a0\u00a0 &gt;&gt;&gt;<span style=\"font-family: go; font-size: 14pt;\"><a href=\"#more\"><span style=\"color: #0000ff;\">Lire la suite<\/span><\/a><\/span><\/strong>&gt;<\/p>","protected":false},"featured_media":1223,"comment_status":"open","ping_status":"closed","template":"","meta":{"nf_dc_page":"","_bbp_topic_count":0,"_bbp_reply_count":0,"_bbp_total_topic_count":0,"_bbp_total_reply_count":0,"_bbp_voice_count":0,"_bbp_anonymous_reply_count":0,"_bbp_topic_count_hidden":0,"_bbp_reply_count_hidden":0,"_bbp_forum_subforum_count":0},"product_brand":[],"product_cat":[33,19],"product_tag":[],"class_list":{"0":"post-4033","1":"product","2":"type-product","3":"status-publish","4":"has-post-thumbnail","6":"product_cat-all-products","7":"product_cat-mineral-supplements","9":"first","10":"instock","11":"shipping-taxable","12":"purchasable","13":"product-type-simple"},"bundled_by":[],"bundle_stock_status":"instock","bundle_stock_quantity":2,"bundle_virtual":false,"bundle_layout":"","bundle_add_to_cart_form_location":"","bundle_editable_in_cart":false,"bundle_sold_individually_context":"","bundle_item_grouping":"","bundle_min_size":"","bundle_max_size":"","bundled_items":[],"bundle_sell_ids":[],"_links":{"self":[{"href":"https:\/\/www.naturesgiftforlife.com\/fr\/wp-json\/wp\/v2\/product\/4033","targetHints":{"allow":["GET"]}}],"collection":[{"href":"https:\/\/www.naturesgiftforlife.com\/fr\/wp-json\/wp\/v2\/product"}],"about":[{"href":"https:\/\/www.naturesgiftforlife.com\/fr\/wp-json\/wp\/v2\/types\/product"}],"replies":[{"embeddable":true,"href":"https:\/\/www.naturesgiftforlife.com\/fr\/wp-json\/wp\/v2\/comments?post=4033"}],"version-history":[{"count":0,"href":"https:\/\/www.naturesgiftforlife.com\/fr\/wp-json\/wp\/v2\/product\/4033\/revisions"}],"wp:featuredmedia":[{"embeddable":true,"href":"https:\/\/www.naturesgiftforlife.com\/fr\/wp-json\/wp\/v2\/media\/1223"}],"wp:attachment":[{"href":"https:\/\/www.naturesgiftforlife.com\/fr\/wp-json\/wp\/v2\/media?parent=4033"}],"wp:term":[{"taxonomy":"product_brand","embeddable":true,"href":"https:\/\/www.naturesgiftforlife.com\/fr\/wp-json\/wp\/v2\/product_brand?post=4033"},{"taxonomy":"product_cat","embeddable":true,"href":"https:\/\/www.naturesgiftforlife.com\/fr\/wp-json\/wp\/v2\/product_cat?post=4033"},{"taxonomy":"product_tag","embeddable":true,"href":"https:\/\/www.naturesgiftforlife.com\/fr\/wp-json\/wp\/v2\/product_tag?post=4033"}],"curies":[{"name":"wp","href":"https:\/\/api.w.org\/{rel}","templated":true}]}}