{"id":4025,"date":"2020-11-10T16:13:13","date_gmt":"2020-11-10T16:13:13","guid":{"rendered":"http:\/\/www.livehealthylivehappy.com\/new\/?post_type=product&#038;p=4025"},"modified":"2026-01-16T09:00:13","modified_gmt":"2026-01-16T09:00:13","slug":"super-royal-jelly","status":"publish","type":"product","link":"https:\/\/www.naturesgiftforlife.com\/fr\/shop\/super-royal-jelly\/","title":{"rendered":"Super Gel\u00e9e Royale"},"content":{"rendered":"<div data-elementor-type=\"wp-post\" data-elementor-id=\"4025\" class=\"elementor elementor-4025\">\n\t\t\t\t\t\t<section class=\"elementor-section elementor-top-section elementor-element elementor-element-7def00f elementor-section-boxed elementor-section-height-default elementor-section-height-default\" data-id=\"7def00f\" data-element_type=\"section\" data-e-type=\"section\">\n\t\t\t\t\t\t<div class=\"elementor-container elementor-column-gap-default\">\n\t\t\t\t\t<div class=\"elementor-column elementor-col-100 elementor-top-column elementor-element elementor-element-c14041d\" data-id=\"c14041d\" data-element_type=\"column\" data-e-type=\"column\">\n\t\t\t<div class=\"elementor-widget-wrap elementor-element-populated\">\n\t\t\t\t\t\t<div class=\"elementor-element elementor-element-c52caac elementor-widget elementor-widget-html\" data-id=\"c52caac\" data-element_type=\"widget\" data-e-type=\"widget\" data-widget_type=\"html.default\">\n\t\t\t\t<div class=\"elementor-widget-container\">\n\t\t\t\t\t<a name=\"more\"><\/a>\t\t\t\t<\/div>\n\t\t\t\t<\/div>\n\t\t\t\t<div class=\"elementor-element elementor-element-77461bf elementor-invisible elementor-widget elementor-widget-toggle\" data-id=\"77461bf\" data-element_type=\"widget\" data-e-type=\"widget\" data-settings=\"{&quot;_animation&quot;:&quot;flash&quot;}\" data-widget_type=\"toggle.default\">\n\t\t\t\t<div class=\"elementor-widget-container\">\n\t\t\t\t\t\t\t<div class=\"elementor-toggle\">\n\t\t\t\t\t\t\t<div class=\"elementor-toggle-item\">\n\t\t\t\t\t<div id=\"elementor-tab-title-1251\" class=\"elementor-tab-title\" data-tab=\"1\" role=\"button\" aria-controls=\"elementor-tab-content-1251\" aria-expanded=\"false\">\n\t\t\t\t\t\t\t\t\t\t\t\t<span class=\"elementor-toggle-icon elementor-toggle-icon-left\" aria-hidden=\"true\">\n\t\t\t\t\t\t\t\t\t\t\t\t\t\t\t<span class=\"elementor-toggle-icon-closed\"><i class=\"far fa-caret-square-right\"><\/i><\/span>\n\t\t\t\t\t\t\t\t<span class=\"elementor-toggle-icon-opened\"><i class=\"elementor-toggle-icon-opened fas fa-caret-square-up\"><\/i><\/span>\n\t\t\t\t\t\t\t\t\t\t\t\t\t<\/span>\n\t\t\t\t\t\t\t\t\t\t\t\t<a class=\"elementor-toggle-title\" tabindex=\"0\">Description d\u00e9taill\u00e9e du produit \/ faits sur les suppl\u00e9ments<\/a>\n\t\t\t\t\t<\/div>\n\n\t\t\t\t\t<div id=\"elementor-tab-content-1251\" class=\"elementor-tab-content elementor-clearfix\" data-tab=\"1\" role=\"region\" aria-labelledby=\"elementor-tab-title-1251\"><p><span style=\"color: #000000;\"><strong>Avantages:<\/strong><\/span><\/p><ul><li><span style=\"color: #000000;\">Favorise la croissance et le d\u00e9veloppement<\/span><\/li><li><span style=\"color: #000000;\">Super Gel\u00e9e Royale est utile dans le traitement des carences sanguines<\/span><\/li><li><span style=\"color: #000000;\">Poss\u00e8de des propri\u00e9t\u00e9s anti-tumorales<\/span><\/li><li><span style=\"color: #000000;\">Soutient la cicatrisation des plaies<\/span><\/li><li><span style=\"color: #000000;\">A un effet anti-d\u00e9pressif anti-anxi\u00e9t\u00e9<\/span><\/li><li><span style=\"color: #000000;\">Rajeunit les personnes \u00e2g\u00e9es, malades ou faibles<\/span><\/li><li><span style=\"color: #000000;\">Facilite la fertilit\u00e9 et peut inverser l&#039;impuissance<\/span><\/li><li><span style=\"color: #000000;\">Favorise la vitalit\u00e9 sexuelle et le rajeunissement<\/span><\/li><li><span style=\"color: #000000;\">R\u00e9gule et \u00e9quilibre les hormones<\/span><\/li><li><span style=\"color: #000000;\">Super Royal Jelly est utile dans le traitement de la malnutrition chez les enfants<\/span><\/li><li><span style=\"color: #000000;\">Super Royal Jelly est utile dans le traitement de l&#039;arthrite<\/span><\/li><li><span style=\"color: #000000;\">Utile dans le traitement des maladies d\u00e9bilitantes<\/span><\/li><li><span style=\"color: #000000;\">Utile dans le traitement des varices<\/span><\/li><li><span style=\"color: #000000;\">Super Royal Jelly est utile dans le traitement des art\u00e8res obstru\u00e9es<\/span><\/li><li><span style=\"color: #000000;\">Super Gel\u00e9e Royale am\u00e9liore les d\u00e9fenses naturelles<\/span><\/li><\/ul><p style=\"text-align: center;\"><span style=\"color: #000000;\"><strong> <a class=\"buy\" href=\"#buy\">ALLER ACHETER MAINTENANT<\/a><\/strong><\/span><\/p><p><span style=\"color: #000000;\"><strong>Pr\u00e9sentation du produit<\/strong><\/span><\/p><p><span style=\"color: #000000;\">La gel\u00e9e royale est utilis\u00e9e comme rem\u00e8de de sant\u00e9 depuis des centaines d&#039;ann\u00e9es dans de nombreux endroits du monde. Il est fabriqu\u00e9 par les nourrices qui d\u00e9composent le pollen et le m\u00e9langent avec les s\u00e9cr\u00e9tions de leur propre syst\u00e8me, puis le concentrent avant de le donner \u00e0 la reine des abeilles. La gel\u00e9e royale est extr\u00eamement dense en nutriments, et pour cette raison, c&#039;est la seule nourriture de la reine des abeilles. Cela lui permet de vivre pr\u00e8s de 50 fois plus longtemps que le reste des abeilles de la ruche. La reine des abeilles augmente jusqu&#039;\u00e0 2000 fois son poids d&#039;origine au cours de la premi\u00e8re semaine de vie, doublant sa longueur au cours de la m\u00eame p\u00e9riode et atteignant sa maturit\u00e9 en moins de temps que les faux-bourdons. La gel\u00e9e royale apporte vitalit\u00e9, long\u00e9vit\u00e9 et force.<\/span><\/p><p><span style=\"color: #000000;\">La gel\u00e9e royale est devenue tr\u00e8s populaire apr\u00e8s qu&#039;un article dans la presse a parl\u00e9 du r\u00e9tablissement du pape Pie Xii apr\u00e8s que le Dr Ricardo Galeazzi lui ait donn\u00e9 de la gel\u00e9e royale pour le renforcer et le revitaliser. Le manque de disponibilit\u00e9 de ce produit et son prix \u00e9lev\u00e9 n&#039;ont pas permis \u00e0 d&#039;autres d&#039;en b\u00e9n\u00e9ficier.<\/span><\/p><p><span style=\"color: #000000;\"><strong>COMPOSITION<\/strong>: Acide folique, Azote, Dextrose, Saccharides, prot\u00e9ines, magn\u00e9sium, calcium, chlorure, fer, mangan\u00e8se, sodium, potassium, chrome, soufre, phosphore, Vitamines A, C, D, E, B2, B6, B1, H, B5 , Niacine, Inositol, 8 acides amin\u00e9s essentiels, 10 acides amin\u00e9s secondaires, oligo-\u00e9l\u00e9ments, hormones naturelles, Ac\u00e9tylcholine, Acide \u00e9cano\u00efque (capacit\u00e9s antibiotiques) et Gamma globuline (combat les infections et stimule le syst\u00e8me immunitaire), acide \u00e9cano\u00efque (capacit\u00e9s antibiotiques), Gamma globuline (combat les infections et stimule le syst\u00e8me immunitaire).<\/span><\/p><p style=\"text-align: center;\"><a class=\"buy\" href=\"#buy\"><strong>ALLER ACHETER MAINTENANT<\/strong><\/a><\/p><p><span style=\"color: #000000;\"><strong><em>Tonique \u00e9nerg\u00e9tique et nutritif<\/em><\/strong><\/span><\/p><p><span style=\"color: #000000;\"><strong><em>\u00a0<\/em><\/strong>En tant que tonique \u00e9nerg\u00e9tique et nutritif chez l&#039;homme, il a un effet sur le corps tr\u00e8s similaire \u00e0 celui du pollen d&#039;abeille, mais a un effet plus fort sur les syst\u00e8mes glandulaires et les syst\u00e8mes reproducteurs chez les femmes et les hommes. Il am\u00e9liore l&#039;\u00e9tat g\u00e9n\u00e9ral du corps, augmente les capacit\u00e9s mentales et physiques, \u00e9clairant ainsi l&#039;\u00e9tat de l&#039;esprit.<\/span><\/p><p><span style=\"color: #000000;\"><strong><em>\u00a0<\/em><\/strong><\/span><\/p><p><span style=\"color: #000000;\"><strong><em>Effets antibact\u00e9riens et antiviraux<\/em><\/strong><\/span><\/p><p><span style=\"color: #000000;\">\u00a0Royal Jelly contains a powerful antibacterial protein and is primarily effective against &#8220;gram-positive&#8221; bacteria, which includes the Staph and Strep species. It is effective against Koch\u2019s bacillus, E. coli, Ebert\u2019s bacillus and many serious infections like tuberculosis and Anthrax.<\/span><\/p><p><span style=\"color: #000000;\"><strong><em>\u00a0<\/em><\/strong><\/span><span style=\"color: #000000;\"><strong><em>Effets anti-tumoraux<\/em><\/strong><\/span><\/p><p><span style=\"color: #000000;\">\u00a0Royal Jelly even appears to have anti-tumor properties. It contains at least 20 amino acids, 8 of which are essential and 5 unidentified related compounds. Royal jelly also contains the nucleic acids RNA and DNA. In studies using animals, the lifespan of those that were treated with Royal Jelly were extended by about one-fifth. And in animals that had tumors, the size of the tumors decreased in size by one-half, compared to animals that were left untreated. In another study at the University of Toronto where mice were pretreated with Royal Jelly, and then were injected with cancer cells, all the pretreated mice remained alive and healthy for the entire 12-month follow-up period. The mice left untreated, or who were treated upon diagnosis died within 12 days. So&#8230;the key to this products effectiveness is&#8230;PRETREATMENT! <\/span><\/p><p><span style=\"color: #000000;\">D\u00e9velopper l&#039;habitude d&#039;utiliser la gel\u00e9e royale quotidiennement comme th\u00e9rapie pr\u00e9ventive, au lieu d&#039;attendre que la maladie se d\u00e9veloppe, s&#039;est av\u00e9r\u00e9 \u00eatre un plan de traitement efficace pour un certain nombre de probl\u00e8mes de sant\u00e9. Il existe plusieurs all\u00e9gations de sant\u00e9 qui attestent des avantages de la prise de gel\u00e9e royale ; beaucoup sont soutenus par des quantit\u00e9s substantielles de recherche. La pr\u00e9sence de phosphoramino lipide, un acide gras insatur\u00e9, dans une proportion de 0.43% lui conf\u00e8re des propri\u00e9t\u00e9s anti-tumorales.<\/span><\/p><p style=\"text-align: center;\"><a class=\"buy\" href=\"#buy\"><strong>ALLER ACHETER MAINTENANT<\/strong><\/a><\/p><p><span style=\"color: #000000;\"><strong>\u00a0<\/strong><\/span><span style=\"color: #000000;\"><strong>Reconstitution cellulaire<\/strong><\/span><\/p><p><span style=\"color: #000000;\">La gel\u00e9e royale contient une quantit\u00e9 importante d&#039;ARN et d&#039;ADN, qui sont l&#039;essence des cellules.<\/span><\/p><p><span style=\"color: #000000;\"><strong><em>Syst\u00e8me nerveux<\/em><\/strong><\/span><\/p><p><span style=\"color: #000000;\">La gel\u00e9e royale am\u00e9liore le syst\u00e8me nerveux gr\u00e2ce \u00e0 ses propri\u00e9t\u00e9s chimiques. Il est excellent pour la nervosit\u00e9, le stress et la perte de m\u00e9moire.<\/span><\/p><p><span style=\"color: #000000;\"><strong><em>Infertilit\u00e9 et impuissance<\/em><\/strong><\/span><\/p><p><span style=\"color: #000000;\">Royal jelly increases fertility and decreases Impotency. It has an aphrodisiac effect due its hormone content\u00a0 which activates and improves sexual glands.<\/span><\/p><p><span style=\"color: #000000;\"><strong><em>\u00a0<\/em><\/strong><\/span><span style=\"color: #000000;\"><strong><em>Arthrite: <\/em><\/strong>Il aide \u00e0 soulager la plupart des sympt\u00f4mes de l&#039;arthrite<\/span><\/p><p><span style=\"color: #000000;\"><strong><em>\u00a0<\/em><\/strong><\/span><span style=\"color: #000000;\"><strong><em>Perte de cheveux: <\/em><\/strong>Contient beaucoup de vitamines B, en particulier l&#039;acide panthoth\u00e9nique, favorisant ainsi la croissance des cheveux<\/span><\/p><p><span style=\"color: #000000;\"><strong><em>\u00a0<\/em><\/strong><\/span><span style=\"color: #000000;\"><strong><em>Maladies de la peau<\/em><\/strong><\/span><\/p><p><span style=\"color: #000000;\">Il est utilis\u00e9 pour am\u00e9liorer l&#039;\u00e9tat de la peau s\u00e8che, de l&#039;acn\u00e9 et du psoriasis. Il \u00e9vite ou corrige la formation des rides et a un effet rajeunissant g\u00e9n\u00e9ral sur la peau. Il augmente la glande mammaire en cas de petit d\u00e9veloppement ou raffermit en cas d&#039;affaissement.<\/span><\/p><p style=\"text-align: center;\"><span style=\"color: #000000;\"><strong><em> <a class=\"buy\" href=\"#buy\">ALLER ACHETER MAINTENANT<\/a><\/em><\/strong><\/span><\/p><p><span style=\"color: #000000;\"><strong><em>\u00a0<\/em><\/strong><\/span><span style=\"color: #000000;\"><strong><em>Tonique anti-\u00e2ge<\/em><\/strong><\/span><\/p><p><span style=\"color: #000000;\">Il am\u00e9liore la vue chez les personnes \u00e2g\u00e9es et a une influence favorable sur l&#039;angine de poitrine, les ulc\u00e8res, l&#039;art\u00e9rioscl\u00e9rose, l&#039;an\u00e9mie, la d\u00e9pression et l&#039;asth\u00e9nie. C&#039;est un aphrodisiaque puissant et il r\u00e9duit le taux de cholest\u00e9rol dans le sang.<\/span><\/p><p><span style=\"color: #000000;\"><strong><em>Syst\u00e8me endocrinien<\/em><\/strong><\/span><\/p><p><span style=\"color: #000000;\">Il stimule la glande endocrine. Il est efficace dans le traitement de la migraine, des maux d&#039;estomac, des troubles nerveux, des maladies de la vessie et de l&#039;estomac ainsi que de la fatigue (caus\u00e9e par un dysfonctionnement de la glande endocrine).<\/span><\/p><p><span style=\"color: #000000;\"><strong><em>\u00a0<\/em><\/strong><strong><em>Maladies des voies respiratoires<\/em><\/strong><\/span><\/p><p><span style=\"color: #000000;\"><strong><em>\u00a0<\/em><\/strong><em>Gel\u00e9e royale <\/em>a r\u00e9ussi \u00e0 \u00e9radiquer la coqueluche et la tuberculose, en particulier chez les enfants. Il aide \u00e9galement la bronchite.<\/span><\/p><p><span style=\"color: #000000;\"><strong><em>\u00a0<\/em><\/strong><\/span><span style=\"color: #000000;\"><strong><em>Enfants<\/em><\/strong><\/span><\/p><p><span style=\"color: #000000;\"><strong>\u00a0<\/strong>Traite efficacement la malnutrition chez les enfants et favorise la croissance et le d\u00e9veloppement<u>ent<\/u> de ceux qui l&#039;utilisent r\u00e9guli\u00e8rement. Il est utile dans le traitement des carences sanguines ainsi que de nombreux autres \u00e9tats pathologiques corrects.<\/span><\/p><p><span style=\"color: #000000;\"><strong>\u00a0<\/strong><\/span><span style=\"color: #000000;\"><strong>Autres applications:<\/strong> Arthrite, maladies d\u00e9bilitantes, varices et obstruction des art\u00e8res<strong>.<\/strong><\/span><br \/><span style=\"color: #000000;\">\u00a0<\/span><\/p><p><span style=\"color: #000000;\"><strong>Ce s\u00e9rum miracle a de nombreux avantages pour la pr\u00e9vention des maladies qui aideront \u00e0 maintenir ou \u00e0 restaurer votre sant\u00e9.<\/strong><\/span><\/p><p><span style=\"color: #000000;\"><strong>PR\u00c9SENTATION: <\/strong>boite de 50 g\u00e9lules<\/span><\/p><table><tbody><tr><td width=\"379\"><p><span style=\"color: #000000;\"><strong>Taille de la portion : 1 portion par bo\u00eete : 50<\/strong><\/span><\/p><\/td><td colspan=\"2\" width=\"252\">\u00a0<\/td><\/tr><tr><td width=\"166\"><p><span style=\"color: #000000;\">Ingr\u00e9dients<\/span><\/p><\/td><td width=\"123\"><p><span style=\"color: #000000;\">Dose\/portion<\/span><\/p><\/td><td width=\"151\"><p><span style=\"color: #000000;\">Valeur quotidienne %<\/span><\/p><\/td><\/tr><tr><td width=\"166\"><p><span style=\"color: #000000;\">Gel\u00e9e royale en poudre<\/span><\/p><\/td><td width=\"123\"><p><span style=\"color: #000000;\">500 mg<\/span><\/p><\/td><td width=\"151\"><p><span style=\"color: #000000;\">*<\/span><\/p><\/td><\/tr><tr><td colspan=\"3\" width=\"631\"><p><span style=\"color: #000000;\"><strong>Autres ingr\u00e9dients: <\/strong>dioxyde de silicone, st\u00e9arate de magn\u00e9sium, phosphate dicalcique.<\/span><br \/><span style=\"color: #000000;\">* Valeurs journali\u00e8res non \u00e9tablies.<\/span><\/p><\/td><\/tr><\/tbody><\/table><p><span style=\"color: #000000;\"><strong>Les directions:<\/strong> Adults &#8211; take one (1) to three (3) capsules daily, as a dietary supplement<\/span><\/p><p><span style=\"color: #000000;\"><strong>Attention:<\/strong> Si vous \u00eates allergique aux produits de la ruche, n&#039;utilisez pas ce produit. Les enfants de moins d&#039;un an ne doivent pas utiliser ce produit.<\/span><\/p><\/div>\n\t\t\t\t<\/div>\n\t\t\t\t\t\t\t<div class=\"elementor-toggle-item\">\n\t\t\t\t\t<div id=\"elementor-tab-title-1252\" class=\"elementor-tab-title\" data-tab=\"2\" role=\"button\" aria-controls=\"elementor-tab-content-1252\" aria-expanded=\"false\">\n\t\t\t\t\t\t\t\t\t\t\t\t<span class=\"elementor-toggle-icon elementor-toggle-icon-left\" aria-hidden=\"true\">\n\t\t\t\t\t\t\t\t\t\t\t\t\t\t\t<span class=\"elementor-toggle-icon-closed\"><i class=\"far fa-caret-square-right\"><\/i><\/span>\n\t\t\t\t\t\t\t\t<span class=\"elementor-toggle-icon-opened\"><i class=\"elementor-toggle-icon-opened fas fa-caret-square-up\"><\/i><\/span>\n\t\t\t\t\t\t\t\t\t\t\t\t\t<\/span>\n\t\t\t\t\t\t\t\t\t\t\t\t<a class=\"elementor-toggle-title\" tabindex=\"0\">..<\/a>\n\t\t\t\t\t<\/div>\n\n\t\t\t\t\t<div id=\"elementor-tab-content-1252\" class=\"elementor-tab-content elementor-clearfix\" data-tab=\"2\" role=\"region\" aria-labelledby=\"elementor-tab-title-1252\"><\/div>\n\t\t\t\t<\/div>\n\t\t\t\t\t\t\t\t<\/div>\n\t\t\t\t\t\t<\/div>\n\t\t\t\t<\/div>\n\t\t\t\t\t<\/div>\n\t\t<\/div>\n\t\t\t\t\t<\/div>\n\t\t<\/section>\n\t\t\t\t<\/div>","protected":false},"excerpt":{"rendered":"<p><a name=\"buy\"><\/a><\/p>\n<ul>\n<li><strong><span style=\"font-family: go;\">Favorise la croissance et le d\u00e9veloppement<\/span><\/strong><\/li>\n<li><strong><span style=\"font-family: go;\">Est utile dans le traitement des carences sanguines<\/span><\/strong><\/li>\n<li><strong><span style=\"font-family: go;\">Poss\u00e8de des propri\u00e9t\u00e9s anti-tumorales<\/span><\/strong><\/li>\n<li><strong><span style=\"font-family: go;\">Soutient la cicatrisation des plaies<\/span><\/strong><\/li>\n<\/ul>\n<p><strong>\u00a0\u00a0\u00a0\u00a0\u00a0 &gt;&gt;&gt;<span style=\"font-family: go; font-size: 14pt;\"><a href=\"#more\"><span style=\"color: #0000ff;\">Lire la suite<\/span><\/a><\/span><\/strong><\/p>","protected":false},"featured_media":1236,"comment_status":"open","ping_status":"closed","template":"","meta":{"nf_dc_page":"","_bbp_topic_count":0,"_bbp_reply_count":0,"_bbp_total_topic_count":0,"_bbp_total_reply_count":0,"_bbp_voice_count":0,"_bbp_anonymous_reply_count":0,"_bbp_topic_count_hidden":0,"_bbp_reply_count_hidden":0,"_bbp_forum_subforum_count":0},"product_brand":[],"product_cat":[33,24],"product_tag":[],"class_list":{"0":"post-4025","1":"product","2":"type-product","3":"status-publish","4":"has-post-thumbnail","6":"product_cat-all-products","7":"product_cat-natural-supplements","9":"first","10":"outofstock","11":"shipping-taxable","12":"purchasable","13":"product-type-simple"},"bundled_by":[],"bundle_stock_status":"outofstock","bundle_stock_quantity":0,"bundle_virtual":false,"bundle_layout":"","bundle_add_to_cart_form_location":"","bundle_editable_in_cart":false,"bundle_sold_individually_context":"","bundle_item_grouping":"","bundle_min_size":"","bundle_max_size":"","bundled_items":[],"bundle_sell_ids":[],"_links":{"self":[{"href":"https:\/\/www.naturesgiftforlife.com\/fr\/wp-json\/wp\/v2\/product\/4025","targetHints":{"allow":["GET"]}}],"collection":[{"href":"https:\/\/www.naturesgiftforlife.com\/fr\/wp-json\/wp\/v2\/product"}],"about":[{"href":"https:\/\/www.naturesgiftforlife.com\/fr\/wp-json\/wp\/v2\/types\/product"}],"replies":[{"embeddable":true,"href":"https:\/\/www.naturesgiftforlife.com\/fr\/wp-json\/wp\/v2\/comments?post=4025"}],"version-history":[{"count":0,"href":"https:\/\/www.naturesgiftforlife.com\/fr\/wp-json\/wp\/v2\/product\/4025\/revisions"}],"wp:featuredmedia":[{"embeddable":true,"href":"https:\/\/www.naturesgiftforlife.com\/fr\/wp-json\/wp\/v2\/media\/1236"}],"wp:attachment":[{"href":"https:\/\/www.naturesgiftforlife.com\/fr\/wp-json\/wp\/v2\/media?parent=4025"}],"wp:term":[{"taxonomy":"product_brand","embeddable":true,"href":"https:\/\/www.naturesgiftforlife.com\/fr\/wp-json\/wp\/v2\/product_brand?post=4025"},{"taxonomy":"product_cat","embeddable":true,"href":"https:\/\/www.naturesgiftforlife.com\/fr\/wp-json\/wp\/v2\/product_cat?post=4025"},{"taxonomy":"product_tag","embeddable":true,"href":"https:\/\/www.naturesgiftforlife.com\/fr\/wp-json\/wp\/v2\/product_tag?post=4025"}],"curies":[{"name":"wp","href":"https:\/\/api.w.org\/{rel}","templated":true}]}}