{"id":341,"date":"2020-08-14T14:29:21","date_gmt":"2020-08-14T14:29:21","guid":{"rendered":"https:\/\/test.projectilecm.com\/?post_type=product&#038;p=341"},"modified":"2025-04-02T14:36:47","modified_gmt":"2025-04-02T14:36:47","slug":"cal-mag-zincd-90caps","status":"publish","type":"product","link":"https:\/\/www.naturesgiftforlife.com\/fr\/shop\/cal-mag-zincd-90caps\/","title":{"rendered":"Cal-Mag-Zinc+Vitamin D &#8211; 90caps"},"content":{"rendered":"<div data-elementor-type=\"wp-post\" data-elementor-id=\"341\" class=\"elementor elementor-341\">\n\t\t\t\t\t\t<section class=\"elementor-section elementor-top-section elementor-element elementor-element-97b9e0f elementor-section-boxed elementor-section-height-default elementor-section-height-default\" data-id=\"97b9e0f\" data-element_type=\"section\" data-e-type=\"section\">\n\t\t\t\t\t\t<div class=\"elementor-container elementor-column-gap-default\">\n\t\t\t\t\t<div class=\"elementor-column elementor-col-100 elementor-top-column elementor-element elementor-element-f48a16c\" data-id=\"f48a16c\" data-element_type=\"column\" data-e-type=\"column\">\n\t\t\t<div class=\"elementor-widget-wrap elementor-element-populated\">\n\t\t\t\t\t\t<div class=\"elementor-element elementor-element-dae6be1 elementor-widget elementor-widget-html\" data-id=\"dae6be1\" data-element_type=\"widget\" data-e-type=\"widget\" data-widget_type=\"html.default\">\n\t\t\t\t<div class=\"elementor-widget-container\">\n\t\t\t\t\t<a name=\"more\"><\/a>\t\t\t\t<\/div>\n\t\t\t\t<\/div>\n\t\t\t\t<div class=\"elementor-element elementor-element-c266d40 elementor-invisible elementor-widget elementor-widget-toggle\" data-id=\"c266d40\" data-element_type=\"widget\" data-e-type=\"widget\" data-settings=\"{&quot;_animation&quot;:&quot;flash&quot;}\" data-widget_type=\"toggle.default\">\n\t\t\t\t<div class=\"elementor-widget-container\">\n\t\t\t\t\t\t\t<div class=\"elementor-toggle\">\n\t\t\t\t\t\t\t<div class=\"elementor-toggle-item\">\n\t\t\t\t\t<div id=\"elementor-tab-title-2031\" class=\"elementor-tab-title\" data-tab=\"1\" role=\"button\" aria-controls=\"elementor-tab-content-2031\" aria-expanded=\"false\">\n\t\t\t\t\t\t\t\t\t\t\t\t<span class=\"elementor-toggle-icon elementor-toggle-icon-left\" aria-hidden=\"true\">\n\t\t\t\t\t\t\t\t\t\t\t\t\t\t\t<span class=\"elementor-toggle-icon-closed\"><i class=\"far fa-caret-square-right\"><\/i><\/span>\n\t\t\t\t\t\t\t\t<span class=\"elementor-toggle-icon-opened\"><i class=\"elementor-toggle-icon-opened fas fa-caret-square-up\"><\/i><\/span>\n\t\t\t\t\t\t\t\t\t\t\t\t\t<\/span>\n\t\t\t\t\t\t\t\t\t\t\t\t<a class=\"elementor-toggle-title\" tabindex=\"0\">Description d\u00e9taill\u00e9e du produit \/ faits sur les suppl\u00e9ments<\/a>\n\t\t\t\t\t<\/div>\n\n\t\t\t\t\t<div id=\"elementor-tab-content-2031\" class=\"elementor-tab-content elementor-clearfix\" data-tab=\"1\" role=\"region\" aria-labelledby=\"elementor-tab-title-2031\"><p><span style=\"color: #000000;\"><strong>Avantages de Cal Mag Zinc<\/strong><\/span><\/p><ul><li><span style=\"color: #000000;\">Vital pour la formation d&#039;os et de dents sains.<\/span><\/li><li><span style=\"color: #000000;\">Maintient un rythme cardiaque r\u00e9gulier.<\/span><\/li><li><span style=\"color: #000000;\">Stabilise le pH syst\u00e9mique.<\/span><\/li><li><span style=\"color: #000000;\">Bonne transmission de l&#039;influx nerveux Maintient la contraction musculaire et la relaxation.<\/span><\/li><li><span style=\"color: #000000;\">N\u00e9cessaire pour la synth\u00e8se des prot\u00e9ines et la formation de collag\u00e8ne.<\/span><\/li><li><span style=\"color: #000000;\">Aide \u00e0 maintenir la glyc\u00e9mie, \u00e0 dig\u00e9rer les aliments et \u00e0 r\u00e9sister aux infections virales.<\/span><\/li><li><span style=\"color: #000000;\">Aide les blessures \u00e0 gu\u00e9rir correctement<\/span><\/li><li><span style=\"color: #000000;\">Le calcium, le magn\u00e9sium et le zinc peuvent aider \u00e0 r\u00e9duire le risque de calculs r\u00e9naux.<\/span><\/li><\/ul><p style=\"text-align: center;\"><a class=\"buy\" href=\"#buy\"><strong>ALLER ACHETER MAINTENANT<\/strong><\/a><\/p><ul><li><span style=\"color: #000000;\">Le calcium, le magn\u00e9sium et le zinc peuvent r\u00e9duire l&#039;hypertension art\u00e9rielle et l&#039;apparition d&#039;un prolapsus de la valve mitrale.<\/span><\/li><li><span style=\"color: #000000;\">Calcium, magn\u00e9sium et <a href=\"https:\/\/www.naturesgiftforlife.com\/fr\/shop\/hair-skin-nail-formula\/\">Zinc<\/a> peut aider \u00e0 traiter l&#039;arythmie et la tachycardie.<\/span><\/li><li><span style=\"color: #000000;\">Le calcium, le magn\u00e9sium et le zinc peuvent aider \u00e0 traiter les spasmes des art\u00e8res coronaires et d&#039;autres types de probl\u00e8mes cardiaques.<\/span><\/li><li><span style=\"color: #000000;\">Le calcium, le magn\u00e9sium et le zinc peuvent r\u00e9duire le syndrome pr\u00e9menstruel (SPM) ou les crampes menstruelles.<\/span><\/li><li><span style=\"color: #000000;\">Le calcium, le magn\u00e9sium et le zinc peuvent r\u00e9duire la t\u00e9tanie (contractions musculaires s\u00e9v\u00e8res) et la (pr\u00e9)\u00e9clampsie.<\/span><\/li><li><span style=\"color: #000000;\">Le calcium, le magn\u00e9sium et le zinc peuvent r\u00e9duire les maladies oculaires li\u00e9es \u00e0 l&#039;\u00e2ge.<\/span><\/li><li><span style=\"color: #000000;\">Le calcium, le magn\u00e9sium et le zinc peuvent r\u00e9duire l&#039;insomnie.<\/span><\/li><li><span style=\"color: #000000;\">Le calcium, le magn\u00e9sium et le zinc peuvent r\u00e9duire les angoisses.<\/span><\/li><li><span style=\"color: #000000;\">Le calcium, le magn\u00e9sium et le zinc peuvent r\u00e9duire la constipation chronique, l&#039;hyperactivit\u00e9, diverses maladies osseuses et parodontales, les troubles du sommeil, la sant\u00e9 mentale \/ les troubles d\u00e9pressifs et certaines formes de <a href=\"https:\/\/www.naturesgiftforlife.com\/fr\/cancer\/\">cardiovasculaire<\/a> maladie.<\/span><\/li><\/ul><p style=\"text-align: center;\"><a class=\"buy\" href=\"#buy\"><strong>ALLER ACHETER MAINTENANT<\/strong><\/a><\/p><p><span style=\"color: #000000;\"><strong>Pr\u00e9sentation du produit <\/strong>CALCIUM, MAGNESIUM and ZINC with D Minerals are a highly sought after commodity these days. Practically every piece of research you read talks about how mineral depleted diets have been shown to have caused &#8216;this or that&#8217; pathology. Well&#8230;NG4L is now offering a stellar combination of minerals that offer many potential health benefits. Calcium, Magnesium and Zinc are considered to be the three musketeers of bone health! When you think of calcium you probably think of &#8216;bones&#8217;, well calcium is not just for the formation of healthy bones and teeth. It is also important in maintaining a regular heartbeat, muscular contraction, stabilizing systemic Ph, and is necessary for the proper transmission of nerve impulses. And since minerals are not found in nature, or the body as single standalone items it is imperative that they be taken with other synergistic minerals like magnesium and zinc to ensure their proper utilization internally. <\/span><\/p><p><span style=\"color: #000000;\">Keeping this in mind, calcium is the most abundant mineral in the human body, and is best taken with magnesium to aid in its absorption. Magnesium is an essential part of this trio in that it is the &#8216;yin&#8217; to calcium&#8217;s &#8216;yang&#8217;. Calcium is an important part of muscles being able to contract, but magnesium is the component that helps the muscle to then relax. So you see one needs the other! Magnesium also offers the added benefit of protecting against calcification of soft tissue, and protects the arterial linings thereby guarding against cardiovascular disease. It also acts as a natural antioxidant.<\/span><\/p><p style=\"text-align: center;\"><a class=\"buy\" href=\"#buy\"><strong>ALLER ACHETER MAINTENANT<\/strong><\/a><\/p><p><span style=\"color: #000000;\">When you add zinc to the equation, it is valuable because it is the sort of &#8216;glue&#8217; that holds the rest of the process together. It is required for protein synthesis and collagen formation, the infrastructure or base material that makes our bones and other connective tissues work as they do. Zinc also has an added beneficial effect on the immune system, it is added to many products as a primary ingredient in flu nutraceuticals, which help us fight off the winter chills. Zinc also aids in maintaining blood sugar levels, digesting food, resisting viral infections and also helps wounds to heal properly. Zinc pulls it all together by helping the body to prevent the loss of minerals from bones, which aids in the prevention of osteoporosis and other bone related disorders. So, with a proper diet and NG4L&#8217;s Calcium Magnesium and Zinc you have all the players that will help to keep you going strong for many years to come.<\/span><\/p><p><span style=\"color: #000000;\"><strong>instructions<\/strong><\/span><\/p><p><span style=\"color: #000000;\">Les adultes prennent trois comprim\u00e9s par jour, de pr\u00e9f\u00e9rence avec un repas.<\/span><\/p><p><span style=\"color: #000000;\"><strong>Applications: <\/strong>Pr\u00e9vention de l&#039;ost\u00e9oporose et anxi\u00e9t\u00e9, m\u00e9nopause, syndrome pr\u00e9menstruel, allaitement, troubles nerveux, hyperactivit\u00e9, crampes musculaires, insomnie, protection contre le cancer du c\u00f4lon, maladie parodontale, fractures, anxi\u00e9t\u00e9, <a href=\"https:\/\/www.naturesgiftforlife.com\/fr\/shop\/goji-juice-cancer\/\">asthme<\/a>, <a href=\"https:\/\/www.rmbibow.com\/\" target=\"_blank\" rel=\"noopener\">d\u00e9pression<\/a>, endometriosis, fibromyalgia, nervousness, muscle weakness, heart disease, dizziness, high blood pressure, PMS, heart arrhythmia, migraine headaches, angina, restless leg syndrome, Reynaud\u2019s disease, binge-eating disorder, osteoporosis, chronic fatigue syndrome, intermittent claudication, celiac disease, menstrual cramps, tinnitus, kidney stones, diabetes, insomnia, leg cramps, prostate disease, infections, sterility, diabetes, wound healing and ulcers, kidney disease, diarrhea, liver disease, macular degeneration, cataracts, male infertility, hair loss, wound healing, impotence, dermatitis, canker sores, bedsores, loss of appetite, low immunity, taste and smell problems, genital herpes, binge-eating disorder, osteoarthritis, HIV, lupus, rheumatoid arthritis.<\/span><\/p><p style=\"text-align: center;\"><a class=\"buy\" href=\"#buy\"><strong>ALLER ACHETER MAINTENANT<\/strong><\/a><\/p><table><tbody><tr><td colspan=\"3\" width=\"638\"><p><span style=\"color: #000000;\"><strong>Faits sur les suppl\u00e9ments<\/strong><\/span><\/p><\/td><\/tr><tr><td colspan=\"3\" width=\"638\"><p><span style=\"color: #000000;\">Portion : 3 comprim\u00e9s<\/span><\/p><\/td><\/tr><tr><td colspan=\"3\" width=\"638\"><p><span style=\"color: #000000;\">Portion par contenant : 30<\/span><\/p><\/td><\/tr><tr><td width=\"213\">\u00a0<\/td><td width=\"213\"><p><span style=\"color: #000000;\"><strong>Quantit\u00e9 par portion<\/strong><\/span><\/p><\/td><td width=\"213\"><p><span style=\"color: #000000;\"><strong>%Daily Value<\/strong><\/span><\/p><\/td><\/tr><tr><td width=\"213\"><p><span style=\"color: #000000;\">Vitamine D<\/span><\/p><\/td><td width=\"213\"><p><span style=\"color: #000000;\">375 UI<\/span><\/p><\/td><td width=\"213\"><p><span style=\"color: #000000;\">94%<\/span><\/p><\/td><\/tr><tr><td width=\"213\"><p><span style=\"color: #000000;\">Carbonate de calcium<\/span><\/p><\/td><td width=\"213\"><p><span style=\"color: #000000;\">2505 mg<\/span><\/p><\/td><td width=\"213\"><p><span style=\"color: #000000;\">251%<\/span><\/p><\/td><\/tr><tr><td width=\"213\"><p><span style=\"color: #000000;\">Oxyde de magn\u00e9sium<\/span><\/p><\/td><td width=\"213\"><p><span style=\"color: #000000;\">666 mg<\/span><\/p><\/td><td width=\"213\"><p><span style=\"color: #000000;\">167%<\/span><\/p><\/td><\/tr><tr><td width=\"213\"><p><span style=\"color: #000000;\">Sulfate de zinc<\/span><\/p><\/td><td width=\"213\"><p><span style=\"color: #000000;\">42 mg<\/span><\/p><\/td><td width=\"213\"><p><span style=\"color: #000000;\">280%<\/span><\/p><\/td><\/tr><tr><td colspan=\"3\" width=\"638\"><p><span style=\"color: #000000;\">Autres ingr\u00e9dients : St\u00e9arate de magn\u00e9sium, acide st\u00e9arique<\/span><\/p><\/td><\/tr><\/tbody><\/table><p><span style=\"color: #000000;\"><strong>\u00a0<\/strong><\/span><\/p><p><span style=\"color: #000000;\"><strong>\u00a0<\/strong><\/span><\/p><p><span style=\"color: #000000;\"><strong>\u00a0<\/strong><\/span><\/p><p><span style=\"color: #000000;\"><strong>\u00a0<\/strong><\/span><\/p><p><span style=\"color: #000000;\"><strong>\u00a0<\/strong><\/span><\/p><\/div>\n\t\t\t\t<\/div>\n\t\t\t\t\t\t\t<div class=\"elementor-toggle-item\">\n\t\t\t\t\t<div id=\"elementor-tab-title-2032\" class=\"elementor-tab-title\" data-tab=\"2\" role=\"button\" aria-controls=\"elementor-tab-content-2032\" aria-expanded=\"false\">\n\t\t\t\t\t\t\t\t\t\t\t\t<span class=\"elementor-toggle-icon elementor-toggle-icon-left\" aria-hidden=\"true\">\n\t\t\t\t\t\t\t\t\t\t\t\t\t\t\t<span class=\"elementor-toggle-icon-closed\"><i class=\"far fa-caret-square-right\"><\/i><\/span>\n\t\t\t\t\t\t\t\t<span class=\"elementor-toggle-icon-opened\"><i class=\"elementor-toggle-icon-opened fas fa-caret-square-up\"><\/i><\/span>\n\t\t\t\t\t\t\t\t\t\t\t\t\t<\/span>\n\t\t\t\t\t\t\t\t\t\t\t\t<a class=\"elementor-toggle-title\" tabindex=\"0\">..<\/a>\n\t\t\t\t\t<\/div>\n\n\t\t\t\t\t<div id=\"elementor-tab-content-2032\" class=\"elementor-tab-content elementor-clearfix\" data-tab=\"2\" role=\"region\" aria-labelledby=\"elementor-tab-title-2032\"><\/div>\n\t\t\t\t<\/div>\n\t\t\t\t\t\t\t\t<\/div>\n\t\t\t\t\t\t<\/div>\n\t\t\t\t<\/div>\n\t\t\t\t\t<\/div>\n\t\t<\/div>\n\t\t\t\t\t<\/div>\n\t\t<\/section>\n\t\t\t\t<\/div>","protected":false},"excerpt":{"rendered":"<p><strong><span style=\"font-family: go;\"><a name=\"buy\"><\/a><\/span><\/strong><\/p>\n<ul>\n<li><span style=\"font-family: go;\"><strong>Aide les syst\u00e8mes nerveux et cardiaque \u00e0 fonctionner correctement.<\/strong><\/span><\/li>\n<li><span style=\"font-family: go;\"><strong>Il aide \u00e0 r\u00e9duire l&#039;hypertension art\u00e9rielle.<\/strong><\/span><\/li>\n<li><span style=\"font-family: go;\"><strong>Il soulage les sympt\u00f4mes du syndrome pr\u00e9menstruel. <\/strong><\/span><\/li>\n<li><span style=\"font-family: go;\"><strong>Aide \u00e0 maintenir la glyc\u00e9mie, \u00e0 dig\u00e9rer les aliments et \u00e0 r\u00e9sister aux infections virales<\/strong><\/span><\/li>\n<li><span style=\"font-family: go;\"><strong>Aide les blessures \u00e0 gu\u00e9rir correctement<\/strong><\/span><\/li>\n<\/ul>\n<p><strong>\u00a0\u00a0\u00a0\u00a0\u00a0 &gt;&gt;&gt;<span style=\"font-family: go; font-size: 14pt;\"><a href=\"#more\"><span style=\"color: #0000ff;\">Lire la suite<\/span><\/a><\/span><\/strong><\/p>","protected":false},"featured_media":342,"comment_status":"open","ping_status":"closed","template":"","meta":{"nf_dc_page":"","_bbp_topic_count":0,"_bbp_reply_count":0,"_bbp_total_topic_count":0,"_bbp_total_reply_count":0,"_bbp_voice_count":0,"_bbp_anonymous_reply_count":0,"_bbp_topic_count_hidden":0,"_bbp_reply_count_hidden":0,"_bbp_forum_subforum_count":0},"product_brand":[],"product_cat":[33,19],"product_tag":[],"class_list":{"0":"post-341","1":"product","2":"type-product","3":"status-publish","4":"has-post-thumbnail","6":"product_cat-all-products","7":"product_cat-mineral-supplements","9":"first","10":"outofstock","11":"featured","12":"shipping-taxable","13":"purchasable","14":"product-type-simple"},"bundled_by":[],"bundle_stock_status":"outofstock","bundle_stock_quantity":0,"bundle_virtual":false,"bundle_layout":"","bundle_add_to_cart_form_location":"","bundle_editable_in_cart":false,"bundle_sold_individually_context":"","bundle_item_grouping":"","bundle_min_size":"","bundle_max_size":"","bundled_items":[],"bundle_sell_ids":[],"_links":{"self":[{"href":"https:\/\/www.naturesgiftforlife.com\/fr\/wp-json\/wp\/v2\/product\/341","targetHints":{"allow":["GET"]}}],"collection":[{"href":"https:\/\/www.naturesgiftforlife.com\/fr\/wp-json\/wp\/v2\/product"}],"about":[{"href":"https:\/\/www.naturesgiftforlife.com\/fr\/wp-json\/wp\/v2\/types\/product"}],"replies":[{"embeddable":true,"href":"https:\/\/www.naturesgiftforlife.com\/fr\/wp-json\/wp\/v2\/comments?post=341"}],"version-history":[{"count":0,"href":"https:\/\/www.naturesgiftforlife.com\/fr\/wp-json\/wp\/v2\/product\/341\/revisions"}],"wp:featuredmedia":[{"embeddable":true,"href":"https:\/\/www.naturesgiftforlife.com\/fr\/wp-json\/wp\/v2\/media\/342"}],"wp:attachment":[{"href":"https:\/\/www.naturesgiftforlife.com\/fr\/wp-json\/wp\/v2\/media?parent=341"}],"wp:term":[{"taxonomy":"product_brand","embeddable":true,"href":"https:\/\/www.naturesgiftforlife.com\/fr\/wp-json\/wp\/v2\/product_brand?post=341"},{"taxonomy":"product_cat","embeddable":true,"href":"https:\/\/www.naturesgiftforlife.com\/fr\/wp-json\/wp\/v2\/product_cat?post=341"},{"taxonomy":"product_tag","embeddable":true,"href":"https:\/\/www.naturesgiftforlife.com\/fr\/wp-json\/wp\/v2\/product_tag?post=341"}],"curies":[{"name":"wp","href":"https:\/\/api.w.org\/{rel}","templated":true}]}}