{"id":3282,"date":"2020-09-30T16:52:56","date_gmt":"2020-09-30T16:52:56","guid":{"rendered":"http:\/\/www.livehealthylivehappy.com\/new\/?post_type=product&#038;p=3282"},"modified":"2023-08-21T12:52:10","modified_gmt":"2023-08-21T12:52:10","slug":"female-infertility","status":"publish","type":"product","link":"https:\/\/www.naturesgiftforlife.com\/fr\/shop\/female-infertility\/","title":{"rendered":"Formule pr\u00e9 \/ post-natale (infertilit\u00e9 f\u00e9minine)"},"content":{"rendered":"<div data-elementor-type=\"wp-post\" data-elementor-id=\"3282\" class=\"elementor elementor-3282\">\n\t\t\t\t\t\t<section class=\"elementor-section elementor-top-section elementor-element elementor-element-7bba543 elementor-section-boxed elementor-section-height-default elementor-section-height-default\" data-id=\"7bba543\" data-element_type=\"section\" data-e-type=\"section\">\n\t\t\t\t\t\t<div class=\"elementor-container elementor-column-gap-default\">\n\t\t\t\t\t<div class=\"elementor-column elementor-col-100 elementor-top-column elementor-element elementor-element-5493c32\" data-id=\"5493c32\" data-element_type=\"column\" data-e-type=\"column\">\n\t\t\t<div class=\"elementor-widget-wrap elementor-element-populated\">\n\t\t\t\t\t\t<div class=\"elementor-element elementor-element-e5c2dff elementor-widget elementor-widget-html\" data-id=\"e5c2dff\" data-element_type=\"widget\" data-e-type=\"widget\" data-widget_type=\"html.default\">\n\t\t\t\t<div class=\"elementor-widget-container\">\n\t\t\t\t\t<a name=\"more\"><\/a>\t\t\t\t<\/div>\n\t\t\t\t<\/div>\n\t\t\t\t<div class=\"elementor-element elementor-element-034e416 elementor-invisible elementor-widget elementor-widget-toggle\" data-id=\"034e416\" data-element_type=\"widget\" data-e-type=\"widget\" data-settings=\"{&quot;_animation&quot;:&quot;flash&quot;}\" data-widget_type=\"toggle.default\">\n\t\t\t\t<div class=\"elementor-widget-container\">\n\t\t\t\t\t\t\t<div class=\"elementor-toggle\">\n\t\t\t\t\t\t\t<div class=\"elementor-toggle-item\">\n\t\t\t\t\t<div id=\"elementor-tab-title-3461\" class=\"elementor-tab-title\" data-tab=\"1\" role=\"button\" aria-controls=\"elementor-tab-content-3461\" aria-expanded=\"false\">\n\t\t\t\t\t\t\t\t\t\t\t\t<span class=\"elementor-toggle-icon elementor-toggle-icon-left\" aria-hidden=\"true\">\n\t\t\t\t\t\t\t\t\t\t\t\t\t\t\t<span class=\"elementor-toggle-icon-closed\"><i class=\"far fa-caret-square-right\"><\/i><\/span>\n\t\t\t\t\t\t\t\t<span class=\"elementor-toggle-icon-opened\"><i class=\"elementor-toggle-icon-opened fas fa-caret-square-up\"><\/i><\/span>\n\t\t\t\t\t\t\t\t\t\t\t\t\t<\/span>\n\t\t\t\t\t\t\t\t\t\t\t\t<a class=\"elementor-toggle-title\" tabindex=\"0\">Description d\u00e9taill\u00e9e du produit \/ faits sur les suppl\u00e9ments<\/a>\n\t\t\t\t\t<\/div>\n\n\t\t\t\t\t<div id=\"elementor-tab-content-3461\" class=\"elementor-tab-content elementor-clearfix\" data-tab=\"1\" role=\"region\" aria-labelledby=\"elementor-tab-title-3461\"><p class=\"P1\"><span style=\"color: #000000; font-family: Arial, Helvetica, sans-serif;\">This complete, 100% pre-conception multi-vitamin support contains all of the vitamins and minerals necessary for boosting fertility, supporting healthy conception, and improving egg\u200b\u200b\u00a0quality. Vitamins C and E are important cleansing antioxidants that play a vital role in preventing cellular damage caused by oxidizing free radicals in the environment and due to the natural aging process. Vitamin C improves hormone levels and increases fertility in women with luteal phase defect and helps prevent miscarriages. Vitamin E is an important antioxidant central to overall reproductive health and wellness.<\/span><\/p><p class=\"P6\"><span style=\"color: #000000; font-family: Arial, Helvetica, sans-serif;\"><span class=\"T7\"><br \/><\/span><span class=\"T8\">Il aide \u00e0 l&#039;absorption d&#039;autres graisses essentielles qui sont des \u00e9l\u00e9ments constitutifs des hormones t<\/span><span class=\"T9\">soutenant ainsi la fertilit\u00e9. Contient \u00e9galement de l&#039;acide folique qui, pris avant la conception, peut pr\u00e9venir les malformations cong\u00e9nitales telles que le spina bifida et les anomalies du tube neural ainsi que d&#039;autres malformations f\u0153tales, y compris les anomalies cardiaques. Le fer, un nutriment pour la construction du sang, hel<\/span><span class=\"T10\">ps pour augmenter la fertilit\u00e9 en \u00e9quilibrant l&#039;ovulation. La vitamine A est essentielle pour l&#039;utilisation des prot\u00e9ines, des min\u00e9raux et d&#039;autres vitamines. Le calcium aide \u00e0 alcaliniser le corps, ce qui est b\u00e9n\u00e9fique pour le sperme et l&#039;ovule f\u00e9cond\u00e9. Vitamines B, zinc, s\u00e9l\u00e9nium et flic<\/span><span class=\"T11\">per sont \u00e9galement connus pour soutenir la fertilit\u00e9 et la sant\u00e9 g\u00e9n\u00e9sique g\u00e9n\u00e9rale.<\/span><\/span><\/p><p>\u00a0<\/p><table width=\"468\"><tbody><tr><td colspan=\"3\" width=\"468\"><p><span style=\"color: #000000; font-family: Arial, Helvetica, sans-serif;\"><strong>Faits sur les suppl\u00e9ments<\/strong><\/span><\/p><p><span style=\"color: #000000; font-family: Arial, Helvetica, sans-serif;\">Portion: un (1) comprim\u00e9<\/span><\/p><\/td><\/tr><tr><td width=\"298\">\u00a0<\/td><td width=\"87\"><p><span style=\"color: #000000; font-family: Arial, Helvetica, sans-serif;\"><strong>Quantit\u00e9 par portion<\/strong><\/span><\/p><\/td><td width=\"83\"><p><span style=\"color: #000000; font-family: Arial, Helvetica, sans-serif;\"><strong>%Daily Value<\/strong><\/span><\/p><\/td><\/tr><tr><td width=\"298\"><p><span style=\"color: #000000; font-family: Arial, Helvetica, sans-serif;\">Vitamine A (sous forme d&#039;ac\u00e9tate de vitamine)<\/span><\/p><\/td><td width=\"87\"><p><span style=\"color: #000000; font-family: Arial, Helvetica, sans-serif;\">3500<\/span><\/p><\/td><td width=\"83\"><p><span style=\"color: #000000; font-family: Arial, Helvetica, sans-serif;\">IU 70%<\/span><\/p><\/td><\/tr><tr><td width=\"298\"><p><span style=\"color: #000000; font-family: Arial, Helvetica, sans-serif;\">Vitamine A (sous forme de b\u00e9tacarot\u00e8ne)<\/span><\/p><\/td><td width=\"87\"><p><span style=\"color: #000000; font-family: Arial, Helvetica, sans-serif;\">500 IV<\/span><\/p><\/td><td width=\"83\"><p><span style=\"color: #000000; font-family: Arial, Helvetica, sans-serif;\">10%<\/span><\/p><\/td><\/tr><tr><td width=\"298\"><p><span style=\"color: #000000; font-family: Arial, Helvetica, sans-serif;\">Vitamine C (sous forme d&#039;acide ascorbique)<\/span><\/p><\/td><td width=\"87\"><p><span style=\"color: #000000; font-family: Arial, Helvetica, sans-serif;\">100 mg<\/span><\/p><\/td><td width=\"83\"><p><span style=\"color: #000000; font-family: Arial, Helvetica, sans-serif;\">167%<\/span><\/p><\/td><\/tr><tr><td width=\"298\"><p><span style=\"color: #000000; font-family: Arial, Helvetica, sans-serif;\">Vitamine D (sous forme de chol\u00e9calcif\u00e9rol)<\/span><\/p><\/td><td width=\"87\"><p><span style=\"color: #000000; font-family: Arial, Helvetica, sans-serif;\">400 UI<\/span><\/p><\/td><td width=\"83\"><p><span style=\"color: #000000; font-family: Arial, Helvetica, sans-serif;\">100%<\/span><\/p><\/td><\/tr><tr><td width=\"298\"><p><span style=\"color: #000000; font-family: Arial, Helvetica, sans-serif;\">Vitamine E (sous forme d&#039;ac\u00e9tate de dl-alphatocoph\u00e9ryle)<\/span><\/p><\/td><td width=\"87\"><p><span style=\"color: #000000; font-family: Arial, Helvetica, sans-serif;\">11 UI<\/span><\/p><\/td><td width=\"83\"><p><span style=\"color: #000000; font-family: Arial, Helvetica, sans-serif;\">37%<\/span><\/p><\/td><\/tr><tr><td width=\"298\"><p><span style=\"color: #000000; font-family: Arial, Helvetica, sans-serif;\">Vitamine B-1 (sous forme de mononitrate de thiamine)<\/span><\/p><\/td><td width=\"87\"><p><span style=\"color: #000000; font-family: Arial, Helvetica, sans-serif;\">1,5 mg<\/span><\/p><\/td><td width=\"83\"><p><span style=\"color: #000000; font-family: Arial, Helvetica, sans-serif;\">100%<\/span><\/p><\/td><\/tr><tr><td width=\"298\"><p><span style=\"color: #000000; font-family: Arial, Helvetica, sans-serif;\">Vitamine B-2 (sous forme de riboflavine)<\/span><\/p><\/td><td width=\"87\"><p><span style=\"color: #000000; font-family: Arial, Helvetica, sans-serif;\">1,7 mg<\/span><\/p><\/td><td width=\"83\"><p><span style=\"color: #000000; font-family: Arial, Helvetica, sans-serif;\">100%<\/span><\/p><\/td><\/tr><tr><td width=\"298\"><p><span style=\"color: #000000; font-family: Arial, Helvetica, sans-serif;\">Vitamine B-3 (sous forme de niacinamide)<\/span><\/p><\/td><td width=\"87\"><p><span style=\"color: #000000; font-family: Arial, Helvetica, sans-serif;\">18 mg<\/span><\/p><\/td><td width=\"83\"><p><span style=\"color: #000000; font-family: Arial, Helvetica, sans-serif;\">90%<\/span><\/p><\/td><\/tr><tr><td width=\"298\"><p><span style=\"color: #000000; font-family: Arial, Helvetica, sans-serif;\">Vitamine B-6 (sous forme de pyridoxine HCL)<\/span><\/p><\/td><td width=\"87\"><p><span style=\"color: #000000; font-family: Arial, Helvetica, sans-serif;\">2,6 mg<\/span><\/p><\/td><td width=\"83\"><p><span style=\"color: #000000; font-family: Arial, Helvetica, sans-serif;\">130%<\/span><\/p><\/td><\/tr><tr><td width=\"298\"><p><span style=\"color: #000000; font-family: Arial, Helvetica, sans-serif;\">Acide folique<\/span><\/p><\/td><td width=\"87\"><p><span style=\"color: #000000; font-family: Arial, Helvetica, sans-serif;\">800 mg<\/span><\/p><\/td><td width=\"83\"><p><span style=\"color: #000000; font-family: Arial, Helvetica, sans-serif;\">200%<\/span><\/p><\/td><\/tr><tr><td width=\"298\"><p><span style=\"color: #000000; font-family: Arial, Helvetica, sans-serif;\">Vitamine B-12 (sous forme de cyanocobalamine)<\/span><\/p><\/td><td width=\"87\"><p><span style=\"color: #000000; font-family: Arial, Helvetica, sans-serif;\">4 mg<\/span><\/p><\/td><td width=\"83\"><p><span style=\"color: #000000; font-family: Arial, Helvetica, sans-serif;\">67%<\/span><\/p><\/td><\/tr><tr><td width=\"298\"><p><span style=\"color: #000000; font-family: Arial, Helvetica, sans-serif;\">Vitamine B-5 (sous forme d&#039;acide pantoth\u00e9nique)<\/span><\/p><\/td><td width=\"87\"><p><span style=\"color: #000000; font-family: Arial, Helvetica, sans-serif;\">8,33 mg<\/span><\/p><\/td><td width=\"83\"><p><span style=\"color: #000000; font-family: Arial, Helvetica, sans-serif;\">83%<\/span><\/p><\/td><\/tr><tr><td width=\"298\"><p><span style=\"color: #000000; font-family: Arial, Helvetica, sans-serif;\">Calcium (sous forme de carbonate de calcium)<\/span><\/p><\/td><td width=\"87\"><p><span style=\"color: #000000; font-family: Arial, Helvetica, sans-serif;\">200 mg<\/span><\/p><\/td><td width=\"83\"><p><span style=\"color: #000000; font-family: Arial, Helvetica, sans-serif;\">20%<\/span><\/p><\/td><\/tr><tr><td width=\"298\"><p><span style=\"color: #000000; font-family: Arial, Helvetica, sans-serif;\">Fer (sous forme de gluconate ferreux)<\/span><\/p><\/td><td width=\"87\"><p><span style=\"color: #000000; font-family: Arial, Helvetica, sans-serif;\">27 mg<\/span><\/p><\/td><td width=\"83\"><p><span style=\"color: #000000; font-family: Arial, Helvetica, sans-serif;\">150%<\/span><\/p><\/td><\/tr><tr><td width=\"298\"><p><span style=\"color: #000000; font-family: Arial, Helvetica, sans-serif;\">Zinc (sous forme d&#039;oxyde de zinc)<\/span><\/p><\/td><td width=\"87\"><p><span style=\"color: #000000; font-family: Arial, Helvetica, sans-serif;\">25 mg<\/span><\/p><\/td><td width=\"83\"><p><span style=\"color: #000000; font-family: Arial, Helvetica, sans-serif;\">167%<\/span><\/p><\/td><\/tr><tr><td colspan=\"3\" width=\"468\"><p><span style=\"color: #000000; font-family: Arial, Helvetica, sans-serif;\">Autres ingr\u00e9dients : Acide st\u00e9arique, st\u00e9arate de magn\u00e9sium, roscarmellose sodique, cellulose microcristalline, phosphate dicalcique.<\/span><\/p><\/td><\/tr><\/tbody><\/table><p><span style=\"color: #000000; font-family: Arial, Helvetica, sans-serif;\"><strong>Les directions: <\/strong>Adultes, prendre un (1) comprim\u00e9 par jour, de pr\u00e9f\u00e9rence avec un repas. Vous pouvez continuer \u00e0 prendre vos suppl\u00e9ments pr\u00e9natals et suivre votre r\u00e9gime de grossesse pour une nutrition ad\u00e9quate pour vous et votre b\u00e9b\u00e9.<\/span><\/p><\/div>\n\t\t\t\t<\/div>\n\t\t\t\t\t\t\t<div class=\"elementor-toggle-item\">\n\t\t\t\t\t<div id=\"elementor-tab-title-3462\" class=\"elementor-tab-title\" data-tab=\"2\" role=\"button\" aria-controls=\"elementor-tab-content-3462\" aria-expanded=\"false\">\n\t\t\t\t\t\t\t\t\t\t\t\t<span class=\"elementor-toggle-icon elementor-toggle-icon-left\" aria-hidden=\"true\">\n\t\t\t\t\t\t\t\t\t\t\t\t\t\t\t<span class=\"elementor-toggle-icon-closed\"><i class=\"far fa-caret-square-right\"><\/i><\/span>\n\t\t\t\t\t\t\t\t<span class=\"elementor-toggle-icon-opened\"><i class=\"elementor-toggle-icon-opened fas fa-caret-square-up\"><\/i><\/span>\n\t\t\t\t\t\t\t\t\t\t\t\t\t<\/span>\n\t\t\t\t\t\t\t\t\t\t\t\t<a class=\"elementor-toggle-title\" tabindex=\"0\">..<\/a>\n\t\t\t\t\t<\/div>\n\n\t\t\t\t\t<div id=\"elementor-tab-content-3462\" class=\"elementor-tab-content elementor-clearfix\" data-tab=\"2\" role=\"region\" aria-labelledby=\"elementor-tab-title-3462\"><\/div>\n\t\t\t\t<\/div>\n\t\t\t\t\t\t\t\t<\/div>\n\t\t\t\t\t\t<\/div>\n\t\t\t\t<\/div>\n\t\t\t\t\t<\/div>\n\t\t<\/div>\n\t\t\t\t\t<\/div>\n\t\t<\/section>\n\t\t\t\t<\/div>","protected":false},"excerpt":{"rendered":"<p>&nbsp;<\/p>\n<p><span style=\"text-decoration: underline; color: #3366ff;\"><strong>Avantages de ce produit pour l&#039;infertilit\u00e9 f\u00e9minine<\/strong><\/span><\/p>\n<ul>\n<li><strong><strong><span style=\"font-family: go;\"><span class=\"fontstyle0\">Contient \u00e9galement de l&#039;acide folique qui, pris avant la conception, peut pr\u00e9venir les anomalies cong\u00e9nitales comme le spina bifida et les anomalies du tube neural<br \/>\n<\/span><\/span><\/strong><\/strong><\/li>\n<li><strong><strong><span style=\"font-family: go;\"><span class=\"fontstyle0\">Aide \u00e0 augmenter la fertilit\u00e9 en \u00e9quilibrant l&#039;ovulation.<br \/>\n<\/span><\/span><\/strong><\/strong><\/li>\n<\/ul>\n<p><strong>\u00a0\u00a0\u00a0\u00a0\u00a0 &gt;&gt;&gt;<span style=\"font-family: go; font-size: 14pt;\"><a href=\"#more\"><span style=\"color: #0000ff;\">Lire la suite<\/span><\/a><\/span><\/strong><\/p>","protected":false},"featured_media":11036,"comment_status":"open","ping_status":"closed","template":"","meta":{"nf_dc_page":"","_bbp_topic_count":0,"_bbp_reply_count":0,"_bbp_total_topic_count":0,"_bbp_total_reply_count":0,"_bbp_voice_count":0,"_bbp_anonymous_reply_count":0,"_bbp_topic_count_hidden":0,"_bbp_reply_count_hidden":0,"_bbp_forum_subforum_count":0},"product_brand":[],"product_cat":[121],"product_tag":[],"class_list":{"0":"post-3282","1":"product","2":"type-product","3":"status-publish","4":"has-post-thumbnail","6":"product_cat-female-infertility","8":"first","9":"instock","10":"shipping-taxable","11":"purchasable","12":"product-type-bundle"},"bundled_by":[],"bundle_stock_status":"insufficientstock","bundle_stock_quantity":0,"bundle_virtual":false,"bundle_layout":"default","bundle_add_to_cart_form_location":"default","bundle_editable_in_cart":false,"bundle_sold_individually_context":"product","bundle_item_grouping":"noindent","bundle_min_size":"","bundle_max_size":"","bundled_items":[{"bundled_item_id":72,"product_id":10637,"menu_order":0,"quantity_min":1,"quantity_max":"","quantity_default":1,"priced_individually":false,"shipped_individually":false,"override_title":false,"title":"","override_description":false,"description":"","optional":false,"hide_thumbnail":false,"discount":"","override_variations":false,"allowed_variations":[],"override_default_variation_attributes":false,"default_variation_attributes":[],"single_product_visibility":"hidden","cart_visibility":"hidden","order_visibility":"visible","single_product_price_visibility":"visible","cart_price_visibility":"visible","order_price_visibility":"visible","stock_status":"out_of_stock"}],"bundle_sell_ids":[],"_links":{"self":[{"href":"https:\/\/www.naturesgiftforlife.com\/fr\/wp-json\/wp\/v2\/product\/3282","targetHints":{"allow":["GET"]}}],"collection":[{"href":"https:\/\/www.naturesgiftforlife.com\/fr\/wp-json\/wp\/v2\/product"}],"about":[{"href":"https:\/\/www.naturesgiftforlife.com\/fr\/wp-json\/wp\/v2\/types\/product"}],"replies":[{"embeddable":true,"href":"https:\/\/www.naturesgiftforlife.com\/fr\/wp-json\/wp\/v2\/comments?post=3282"}],"version-history":[{"count":0,"href":"https:\/\/www.naturesgiftforlife.com\/fr\/wp-json\/wp\/v2\/product\/3282\/revisions"}],"wp:featuredmedia":[{"embeddable":true,"href":"https:\/\/www.naturesgiftforlife.com\/fr\/wp-json\/wp\/v2\/media\/11036"}],"wp:attachment":[{"href":"https:\/\/www.naturesgiftforlife.com\/fr\/wp-json\/wp\/v2\/media?parent=3282"}],"wp:term":[{"taxonomy":"product_brand","embeddable":true,"href":"https:\/\/www.naturesgiftforlife.com\/fr\/wp-json\/wp\/v2\/product_brand?post=3282"},{"taxonomy":"product_cat","embeddable":true,"href":"https:\/\/www.naturesgiftforlife.com\/fr\/wp-json\/wp\/v2\/product_cat?post=3282"},{"taxonomy":"product_tag","embeddable":true,"href":"https:\/\/www.naturesgiftforlife.com\/fr\/wp-json\/wp\/v2\/product_tag?post=3282"}],"curies":[{"name":"wp","href":"https:\/\/api.w.org\/{rel}","templated":true}]}}