{"id":3272,"date":"2020-09-30T15:38:36","date_gmt":"2020-09-30T15:38:36","guid":{"rendered":"http:\/\/www.livehealthylivehappy.com\/new\/?post_type=product&#038;p=3272"},"modified":"2023-08-21T12:56:54","modified_gmt":"2023-08-21T12:56:54","slug":"cataract-clear-eye-heath","status":"publish","type":"product","link":"https:\/\/www.naturesgiftforlife.com\/fr\/shop\/cataract-clear-eye-heath\/","title":{"rendered":"Cataracte Clair (yeux Heath)"},"content":{"rendered":"<div data-elementor-type=\"wp-post\" data-elementor-id=\"3272\" class=\"elementor elementor-3272\">\n\t\t\t\t\t\t<section class=\"elementor-section elementor-top-section elementor-element elementor-element-5695d18 elementor-section-boxed elementor-section-height-default elementor-section-height-default\" data-id=\"5695d18\" data-element_type=\"section\" data-e-type=\"section\">\n\t\t\t\t\t\t<div class=\"elementor-container elementor-column-gap-default\">\n\t\t\t\t\t<div class=\"elementor-column elementor-col-100 elementor-top-column elementor-element elementor-element-92c25cc\" data-id=\"92c25cc\" data-element_type=\"column\" data-e-type=\"column\">\n\t\t\t<div class=\"elementor-widget-wrap elementor-element-populated\">\n\t\t\t\t\t\t<div class=\"elementor-element elementor-element-f9129d7 elementor-widget elementor-widget-html\" data-id=\"f9129d7\" data-element_type=\"widget\" data-e-type=\"widget\" data-widget_type=\"html.default\">\n\t\t\t\t<div class=\"elementor-widget-container\">\n\t\t\t\t\t<a name=\"more\"><\/a>\t\t\t\t<\/div>\n\t\t\t\t<\/div>\n\t\t\t\t<div class=\"elementor-element elementor-element-ced8b4e elementor-invisible elementor-widget elementor-widget-toggle\" data-id=\"ced8b4e\" data-element_type=\"widget\" data-e-type=\"widget\" data-settings=\"{&quot;_animation&quot;:&quot;flash&quot;}\" data-widget_type=\"toggle.default\">\n\t\t\t\t<div class=\"elementor-widget-container\">\n\t\t\t\t\t\t\t<div class=\"elementor-toggle\">\n\t\t\t\t\t\t\t<div class=\"elementor-toggle-item\">\n\t\t\t\t\t<h2 id=\"elementor-tab-title-2161\" class=\"elementor-tab-title\" data-tab=\"1\" role=\"button\" aria-controls=\"elementor-tab-content-2161\" aria-expanded=\"false\">\n\t\t\t\t\t\t\t\t\t\t\t\t<span class=\"elementor-toggle-icon elementor-toggle-icon-left\" aria-hidden=\"true\">\n\t\t\t\t\t\t\t\t\t\t\t\t\t\t\t<span class=\"elementor-toggle-icon-closed\"><i class=\"far fa-caret-square-right\"><\/i><\/span>\n\t\t\t\t\t\t\t\t<span class=\"elementor-toggle-icon-opened\"><i class=\"elementor-toggle-icon-opened fas fa-caret-square-up\"><\/i><\/span>\n\t\t\t\t\t\t\t\t\t\t\t\t\t<\/span>\n\t\t\t\t\t\t\t\t\t\t\t\t<a class=\"elementor-toggle-title\" tabindex=\"0\">Description d\u00e9taill\u00e9e du produit \/ faits sur les suppl\u00e9ments<\/a>\n\t\t\t\t\t<\/h2>\n\n\t\t\t\t\t<div id=\"elementor-tab-content-2161\" class=\"elementor-tab-content elementor-clearfix\" data-tab=\"1\" role=\"region\" aria-labelledby=\"elementor-tab-title-2161\"><p class=\"P1\"><span style=\"font-family: Arial, Helvetica, sans-serif; color: #000000;\">A remarkable breakthrough, NG4L Cataract Clear (N-acetylcarnosine or NAC eye drops), is an eye drop that can prevent and reverse senile cataracts and help prevent other eye aging\u200b\u200b\u00a0disorders. Cataracts occur when elevating levels of oxidative stress due to oxygen free radicals in the eye, and the decline of antioxidant defenses with advancing age, result in the cross-linking of lens proteins (glycosylation). This eventually causes a\u200b\u200b\u00a0yellowing or browning pigmentation of the lens (lens opacification) limiting the amount of light that reaches the retina, resulting in decreasing vision.<\/span><\/p><p class=\"P6\"><span style=\"font-family: Arial, Helvetica, sans-serif; color: #000000;\">La NAC d\u00e9livre de la L-carnosine dans l&#039;humeur aqueuse de l&#039;\u0153il (la zone fluide entourant le cristallin) o\u00f9 elle agit comme un antioxydant naturel et complet, prot\u00e9geant le cristallin de l&#039;oxydation.<\/span><br \/><span style=\"font-family: Arial, Helvetica, sans-serif; color: #000000;\">La NAC agit comme un antiglycator, aidant \u00e0 cliver les liaisons form\u00e9es et \u00e0 pi\u00e9ger les radicaux tryptophane\/kynur\u00e9nine et ascorbate. La NAC pr\u00e9vient et inverse la r\u00e9ticulation des prot\u00e9ines du cristallin, emp\u00eachant et inversant ainsi l&#039;opacification du cristallin (c&#039;est-\u00e0-dire la cataracte). Le NAC am\u00e9liore la sensibilit\u00e9 \u00e0 l&#039;\u00e9blouissement, la transmissivit\u00e9 du verre et l&#039;acuit\u00e9 visuelle.<\/span><\/p><p class=\"P7\"><span style=\"font-family: Arial, Helvetica, sans-serif; color: #000000;\">Il est \u00e9galement efficace pour traiter une vari\u00e9t\u00e9 de conditions ophtalmiques, y compris les maladies de la corn\u00e9e, la presbytie, la vision floue, le syndrome de l&#039;\u0153il sec, les complications du diab\u00e8te sucr\u00e9 et d&#039;autres maladies syst\u00e9miques, les maladies de la r\u00e9tine, le glaucome primaire \u00e0 angle ouvert (en association avec des b\u00eata-bloquants) , syndrome de vision par ordinateur, fatigue oculaire, inflammation oculaire, opacit\u00e9s vitr\u00e9ennes et l\u00e9sions et difficult\u00e9s li\u00e9es aux lentilles corn\u00e9ennes, en particulier avec les lentilles corn\u00e9ennes souples. Non seulement les lubrifiants contenus dans les gouttes oculaires NAC contribuent \u00e0 rendre les lentilles de contact plus confortables, mais on pense \u00e9galement que NAC r\u00e9duit l&#039;accumulation d&#039;acide lactique dans l&#039;\u0153il, permettant ainsi de laisser la lentille en toute s\u00e9curit\u00e9 dans l&#039;\u0153il plus longtemps.<\/span><\/p><p class=\"P8\"><span style=\"font-family: Arial, Helvetica, sans-serif; color: #000000;\">Faits sur les suppl\u00e9ments<\/span><\/p><div class=\"dxoResponsiveTable\"><table class=\"Table9\"><colgroup> <col class=\"TableColumn10\" data-colwidth=\"4.127\" data-colwidthunits=\"in\" \/> <col class=\"TableColumn11\" data-colwidth=\"1.3381\" data-colwidthunits=\"in\" \/><\/colgroup><tbody><tr class=\"TableRow12\"><td class=\"TableCell13\"><p class=\"P14\"><span class=\"T15\" style=\"font-family: Arial, Helvetica, sans-serif; color: #000000;\">Ingr\u00e9dients actifs:<\/span><\/p><\/td><td class=\"TableCell16\"><p class=\"P17\">\u00a0<\/p><\/td><\/tr><tr class=\"TableRow18\"><td class=\"TableCell19\"><p class=\"P20\"><span class=\"T21\" style=\"font-family: Arial, Helvetica, sans-serif; color: #000000;\">N-acetyl- carnosine\u200b\u200b\u00a0<\/span><\/p><\/td><td class=\"TableCell22\"><p class=\"P23\"><span class=\"T24\" style=\"font-family: Arial, Helvetica, sans-serif; color: #000000;\">1 ,0%<\/span><\/p><\/td><\/tr><tr class=\"TableRow25\"><td class=\"TableCell26\"><p class=\"P27\"><span class=\"T28\" style=\"font-family: Arial, Helvetica, sans-serif; color: #000000;\">Glycerin (lubricant)\u200b\u200b\u00a0<\/span><\/p><\/td><td class=\"TableCell29\"><p class=\"P30\"><span class=\"T31\" style=\"font-family: Arial, Helvetica, sans-serif; color: #000000;\">1 ,0%<\/span><\/p><\/td><\/tr><tr class=\"TableRow32\"><td class=\"TableCell33\"><p class=\"P34\"><span style=\"font-family: Arial, Helvetica, sans-serif; color: #000000;\"><span class=\"T35\">Sodic Carboxymethylcellulose\u200b\u200b\u00a0<\/span><span class=\"T36\"><br \/><\/span><span class=\"T37\">(lubrifiant)<\/span><\/span><\/p><\/td><td class=\"TableCell38\"><p class=\"P39\"><span class=\"T40\" style=\"font-family: Arial, Helvetica, sans-serif; color: #000000;\">0,3%<\/span><\/p><\/td><\/tr><tr class=\"TableRow41\"><td class=\"TableCell42\"><p class=\"P43\"><span style=\"font-family: Arial, Helvetica, sans-serif; color: #000000;\"><span class=\"T44\">Excipients : eau st\u00e9rile (solution ophtalmique<\/span><span class=\"T45\"><br \/><\/span><span class=\"T46\">isotonique; tampons (bicarbonate de potassium<\/span><span class=\"T47\"><br \/><\/span><span class=\"T48\">acide borique); alcool benzylique purifi\u00e9<\/span><span class=\"T49\"><br \/><\/span><span class=\"T50\">(conservateur) \u00e0 0.3%<\/span><\/span><\/p><\/td><td class=\"TableCell51\">\u00a0<\/td><\/tr><\/tbody><\/table><\/div><p class=\"P53\"><span class=\"T54\" style=\"font-family: Arial, Helvetica, sans-serif; color: #000000;\">\u00a0<\/span><\/p><\/div>\n\t\t\t\t<\/div>\n\t\t\t\t\t\t\t<div class=\"elementor-toggle-item\">\n\t\t\t\t\t<h2 id=\"elementor-tab-title-2162\" class=\"elementor-tab-title\" data-tab=\"2\" role=\"button\" aria-controls=\"elementor-tab-content-2162\" aria-expanded=\"false\">\n\t\t\t\t\t\t\t\t\t\t\t\t<span class=\"elementor-toggle-icon elementor-toggle-icon-left\" aria-hidden=\"true\">\n\t\t\t\t\t\t\t\t\t\t\t\t\t\t\t<span class=\"elementor-toggle-icon-closed\"><i class=\"far fa-caret-square-right\"><\/i><\/span>\n\t\t\t\t\t\t\t\t<span class=\"elementor-toggle-icon-opened\"><i class=\"elementor-toggle-icon-opened fas fa-caret-square-up\"><\/i><\/span>\n\t\t\t\t\t\t\t\t\t\t\t\t\t<\/span>\n\t\t\t\t\t\t\t\t\t\t\t\t<a class=\"elementor-toggle-title\" tabindex=\"0\">..<\/a>\n\t\t\t\t\t<\/h2>\n\n\t\t\t\t\t<div id=\"elementor-tab-content-2162\" class=\"elementor-tab-content elementor-clearfix\" data-tab=\"2\" role=\"region\" aria-labelledby=\"elementor-tab-title-2162\"><\/div>\n\t\t\t\t<\/div>\n\t\t\t\t\t\t\t\t<\/div>\n\t\t\t\t\t\t<\/div>\n\t\t\t\t<\/div>\n\t\t\t\t\t<\/div>\n\t\t<\/div>\n\t\t\t\t\t<\/div>\n\t\t<\/section>\n\t\t\t\t<\/div>","protected":false},"excerpt":{"rendered":"<p><a name=\"buy\"><\/a><br \/>\n<span style=\"text-decoration: underline; color: #3366ff;\"><strong>Avantages de ce produit pour\u00a0<\/strong><\/span><span style=\"color: #3366ff;\"><b><u>Sant\u00e9 oculaire<\/u><\/b><\/span><\/p>\n<ul>\n<li><strong><strong><span style=\"font-family: go;\"><span class=\"fontstyle0\">Pr\u00e9venir et inverser les cataractes s\u00e9niles et aider \u00e0 pr\u00e9venir d&#039;autres troubles du vieillissement oculaire<\/span><\/span><\/strong><\/strong><\/li>\n<li><strong><strong><strong><strong><span style=\"font-family: go;\"><span class=\"fontstyle0\"><span class=\"fontstyle1\">Efficace pour traiter une vari\u00e9t\u00e9 d&#039;ophtalmologie<span class=\"fontstyle2\">conditions de mic, y compris les maladies de la corn\u00e9e, la presbytie, la vision trouble, le syndrome de l&#039;\u0153il sec, les complications<\/span>\u00a0<\/span><br \/>\n<\/span><\/span><\/strong><\/strong><\/strong><\/strong><\/li>\n<\/ul>\n<p><strong>\u00a0\u00a0\u00a0\u00a0\u00a0 &gt;&gt;&gt;<span style=\"font-family: go; font-size: 14pt;\"><a href=\"#more\"><span style=\"color: #0000ff;\">Lire la suite<\/span><\/a><\/span><\/strong><\/p>","protected":false},"featured_media":3277,"comment_status":"open","ping_status":"closed","template":"","meta":{"nf_dc_page":"","_bbp_topic_count":0,"_bbp_reply_count":0,"_bbp_total_topic_count":0,"_bbp_total_reply_count":0,"_bbp_voice_count":0,"_bbp_anonymous_reply_count":0,"_bbp_topic_count_hidden":0,"_bbp_reply_count_hidden":0,"_bbp_forum_subforum_count":0},"product_brand":[],"product_cat":[119],"product_tag":[],"class_list":{"0":"post-3272","1":"product","2":"type-product","3":"status-publish","4":"has-post-thumbnail","6":"product_cat-eye-health","8":"first","9":"instock","10":"shipping-taxable","11":"purchasable","12":"product-type-bundle"},"bundled_by":[],"bundle_stock_status":"instock","bundle_stock_quantity":"","bundle_virtual":false,"bundle_layout":"default","bundle_add_to_cart_form_location":"default","bundle_editable_in_cart":false,"bundle_sold_individually_context":"product","bundle_item_grouping":"noindent","bundle_min_size":"","bundle_max_size":"","bundled_items":[{"bundled_item_id":66,"product_id":10656,"menu_order":0,"quantity_min":1,"quantity_max":"","quantity_default":1,"priced_individually":false,"shipped_individually":false,"override_title":false,"title":"","override_description":false,"description":"","optional":true,"hide_thumbnail":false,"discount":"","override_variations":false,"allowed_variations":[],"override_default_variation_attributes":false,"default_variation_attributes":[],"single_product_visibility":"hidden","cart_visibility":"hidden","order_visibility":"visible","single_product_price_visibility":"visible","cart_price_visibility":"visible","order_price_visibility":"visible","stock_status":"in_stock"}],"bundle_sell_ids":[],"_links":{"self":[{"href":"https:\/\/www.naturesgiftforlife.com\/fr\/wp-json\/wp\/v2\/product\/3272","targetHints":{"allow":["GET"]}}],"collection":[{"href":"https:\/\/www.naturesgiftforlife.com\/fr\/wp-json\/wp\/v2\/product"}],"about":[{"href":"https:\/\/www.naturesgiftforlife.com\/fr\/wp-json\/wp\/v2\/types\/product"}],"replies":[{"embeddable":true,"href":"https:\/\/www.naturesgiftforlife.com\/fr\/wp-json\/wp\/v2\/comments?post=3272"}],"version-history":[{"count":0,"href":"https:\/\/www.naturesgiftforlife.com\/fr\/wp-json\/wp\/v2\/product\/3272\/revisions"}],"wp:featuredmedia":[{"embeddable":true,"href":"https:\/\/www.naturesgiftforlife.com\/fr\/wp-json\/wp\/v2\/media\/3277"}],"wp:attachment":[{"href":"https:\/\/www.naturesgiftforlife.com\/fr\/wp-json\/wp\/v2\/media?parent=3272"}],"wp:term":[{"taxonomy":"product_brand","embeddable":true,"href":"https:\/\/www.naturesgiftforlife.com\/fr\/wp-json\/wp\/v2\/product_brand?post=3272"},{"taxonomy":"product_cat","embeddable":true,"href":"https:\/\/www.naturesgiftforlife.com\/fr\/wp-json\/wp\/v2\/product_cat?post=3272"},{"taxonomy":"product_tag","embeddable":true,"href":"https:\/\/www.naturesgiftforlife.com\/fr\/wp-json\/wp\/v2\/product_tag?post=3272"}],"curies":[{"name":"wp","href":"https:\/\/api.w.org\/{rel}","templated":true}]}}