{"id":3266,"date":"2020-09-30T15:27:29","date_gmt":"2020-09-30T15:27:29","guid":{"rendered":"http:\/\/www.livehealthylivehappy.com\/new\/?post_type=product&#038;p=3266"},"modified":"2023-08-21T13:00:26","modified_gmt":"2023-08-21T13:00:26","slug":"bilberry-leaf-eye-heath","status":"publish","type":"product","link":"https:\/\/www.naturesgiftforlife.com\/fr\/shop\/bilberry-leaf-eye-heath\/","title":{"rendered":"Feuille de myrtille (sant\u00e9 des yeux)"},"content":{"rendered":"<div data-elementor-type=\"wp-post\" data-elementor-id=\"3266\" class=\"elementor elementor-3266\">\n\t\t\t\t\t\t<section class=\"elementor-section elementor-top-section elementor-element elementor-element-fded0d1 elementor-section-boxed elementor-section-height-default elementor-section-height-default\" data-id=\"fded0d1\" data-element_type=\"section\" data-e-type=\"section\">\n\t\t\t\t\t\t<div class=\"elementor-container elementor-column-gap-default\">\n\t\t\t\t\t<div class=\"elementor-column elementor-col-100 elementor-top-column elementor-element elementor-element-caf4faf\" data-id=\"caf4faf\" data-element_type=\"column\" data-e-type=\"column\">\n\t\t\t<div class=\"elementor-widget-wrap elementor-element-populated\">\n\t\t\t\t\t\t<div class=\"elementor-element elementor-element-4876684 elementor-widget elementor-widget-html\" data-id=\"4876684\" data-element_type=\"widget\" data-e-type=\"widget\" data-widget_type=\"html.default\">\n\t\t\t\t<div class=\"elementor-widget-container\">\n\t\t\t\t\t<a name=\"more\"><\/a>\t\t\t\t<\/div>\n\t\t\t\t<\/div>\n\t\t\t\t<div class=\"elementor-element elementor-element-f2f9db3 elementor-invisible elementor-widget elementor-widget-toggle\" data-id=\"f2f9db3\" data-element_type=\"widget\" data-e-type=\"widget\" data-settings=\"{&quot;_animation&quot;:&quot;flash&quot;}\" data-widget_type=\"toggle.default\">\n\t\t\t\t<div class=\"elementor-widget-container\">\n\t\t\t\t\t\t\t<div class=\"elementor-toggle\">\n\t\t\t\t\t\t\t<div class=\"elementor-toggle-item\">\n\t\t\t\t\t<div id=\"elementor-tab-title-2541\" class=\"elementor-tab-title\" data-tab=\"1\" role=\"button\" aria-controls=\"elementor-tab-content-2541\" aria-expanded=\"false\">\n\t\t\t\t\t\t\t\t\t\t\t\t<span class=\"elementor-toggle-icon elementor-toggle-icon-left\" aria-hidden=\"true\">\n\t\t\t\t\t\t\t\t\t\t\t\t\t\t\t<span class=\"elementor-toggle-icon-closed\"><i class=\"far fa-caret-square-right\"><\/i><\/span>\n\t\t\t\t\t\t\t\t<span class=\"elementor-toggle-icon-opened\"><i class=\"elementor-toggle-icon-opened fas fa-caret-square-up\"><\/i><\/span>\n\t\t\t\t\t\t\t\t\t\t\t\t\t<\/span>\n\t\t\t\t\t\t\t\t\t\t\t\t<a class=\"elementor-toggle-title\" tabindex=\"0\">Description d\u00e9taill\u00e9e du produit \/ faits sur les suppl\u00e9ments<\/a>\n\t\t\t\t\t<\/div>\n\n\t\t\t\t\t<div id=\"elementor-tab-content-2541\" class=\"elementor-tab-content elementor-clearfix\" data-tab=\"1\" role=\"region\" aria-labelledby=\"elementor-tab-title-2541\"><p class=\"P1\"><span style=\"font-family: Arial, Helvetica, sans-serif; color: #000000;\"><span class=\"T6\">Am\u00e9liore la vision nocturne et peut \u00e9galement ralentir la progression des probl\u00e8mes oculaires. Une source de lut\u00e9ine. Riches<\/span><span class=\"T7\">\u200b\u200b\u00a0<\/span><span class=\"T8\">dans un complexe bioflavono\u00efde connu sous le nom d&#039;anthocyanosides, qui acc\u00e9l\u00e8re la r\u00e9g\u00e9n\u00e9ration de la rhodopsine, le pigment violet utilis\u00e9 par les b\u00e2tonnets de la r\u00e9tine pour la vision nocturne. Cela fait de la myrtille une premi\u00e8re ligne possible de<\/span><span class=\"T9\">\u200b\u200b\u00a0<\/span><span class=\"T10\">d\u00e9fense pour ceux qui ont une mauvaise vision nocturne.<\/span><span class=\"T11\"><br \/>Efficace dans les troubles vasculaires. Contient des flavono\u00efdes et des antioxydants qui augmentent la microcirculation, prot\u00e8gent les vaisseaux sanguins et soutiennent la fonction r\u00e9tinienne. Ces nutriments peuvent particuli\u00e8rement profiter aux personnes atteintes de d\u00e9g\u00e9n\u00e9rescence maculaire, de cataractes, de r\u00e9tinopathie diab\u00e9tique,<\/span><span class=\"T12\">\u200b\u200b\u00a0<\/span><span class=\"T13\">et la c\u00e9cit\u00e9 nocturne.<\/span><span class=\"T14\">\u200b\u200b\u00a0<\/span><span class=\"T15\">Prot\u00e8ge le collag\u00e8ne de l&#039;\u0153il et peut aider \u00e0 pr\u00e9venir et \u00e0 traiter le glaucome.<\/span><\/span><\/p><p>\u00a0<\/p><table width=\"515\"><tbody><tr><td colspan=\"3\" width=\"515\"><p><span style=\"color: #000000;\"><strong>Faits sur les suppl\u00e9ments<\/strong><\/span><\/p><p><span style=\"color: #000000;\">Portion\u00a0: Une (1) capsule<\/span><\/p><\/td><\/tr><tr><td width=\"354\">\u00a0<\/td><td width=\"72\"><p><span style=\"color: #000000;\"><strong>Quantit\u00e9 par portion<\/strong><\/span><\/p><\/td><td width=\"90\"><p><span style=\"color: #000000;\"><strong>Valeur quotidienne %<\/strong><\/span><\/p><\/td><\/tr><tr><td width=\"354\"><p><span style=\"color: #000000;\">Myrtillier (Myrtilli vaccinium)<\/span><\/p><\/td><td width=\"72\"><p><span style=\"color: #000000;\">300mg<\/span><\/p><\/td><td width=\"90\"><p><span style=\"color: #000000;\"><strong>*<\/strong><\/span><\/p><\/td><\/tr><tr><td width=\"354\"><p><span style=\"color: #000000;\">*Valeur quotidienne non \u00e9tablie<\/span><\/p><\/td><td width=\"72\"><p><span style=\"color: #000000;\"><strong>\u00a0<\/strong><\/span><\/p><\/td><td width=\"90\"><p><span style=\"color: #000000;\"><strong>\u00a0<\/strong><\/span><\/p><\/td><\/tr><tr><td width=\"354\"><p><span style=\"color: #000000;\"><strong>Autres ingr\u00e9dients:<\/strong> Lactos\u00e9rum, g\u00e9latine, st\u00e9arate de magn\u00e9sium<\/span><\/p><\/td><td width=\"72\"><p><span style=\"color: #000000;\"><strong>\u00a0<\/strong><\/span><\/p><\/td><td width=\"90\"><p><span style=\"color: #000000;\"><strong>\u00a0<\/strong><\/span><\/p><\/td><\/tr><\/tbody><\/table><p><span style=\"color: #000000;\"><strong>instructions<\/strong><\/span><\/p><p><span style=\"color: #000000;\">Les adultes prennent une capsule par jour de pr\u00e9f\u00e9rence avec un repas.<\/span><\/p><p><span style=\"color: #000000;\"><strong>avertissement<\/strong><\/span><\/p><p><span style=\"color: #000000;\">La myrtille peut interf\u00e9rer avec l&#039;absorption du fer chez certaines personnes lorsqu&#039;elle est prise en interne. D\u00e9conseill\u00e9 aux femmes enceintes ou allaitantes. En cas de grossesse, d&#039;allaitement ou de prise d&#039;un m\u00e9dicament sur ordonnance, consulter un professionnel de la sant\u00e9 avant d&#039;en faire l&#039;usage. Il peut \u00e9galement y avoir une probabilit\u00e9 d&#039;interaction possible avec la warfarine et les m\u00e9dicaments antiplaquettaires \u00e0 des doses tr\u00e8s \u00e9lev\u00e9es<\/span><\/p><p><span style=\"color: #000000;\"><strong>\u00a0<\/strong><\/span><\/p><\/div>\n\t\t\t\t<\/div>\n\t\t\t\t\t\t\t<div class=\"elementor-toggle-item\">\n\t\t\t\t\t<div id=\"elementor-tab-title-2542\" class=\"elementor-tab-title\" data-tab=\"2\" role=\"button\" aria-controls=\"elementor-tab-content-2542\" aria-expanded=\"false\">\n\t\t\t\t\t\t\t\t\t\t\t\t<span class=\"elementor-toggle-icon elementor-toggle-icon-left\" aria-hidden=\"true\">\n\t\t\t\t\t\t\t\t\t\t\t\t\t\t\t<span class=\"elementor-toggle-icon-closed\"><i class=\"far fa-caret-square-right\"><\/i><\/span>\n\t\t\t\t\t\t\t\t<span class=\"elementor-toggle-icon-opened\"><i class=\"elementor-toggle-icon-opened fas fa-caret-square-up\"><\/i><\/span>\n\t\t\t\t\t\t\t\t\t\t\t\t\t<\/span>\n\t\t\t\t\t\t\t\t\t\t\t\t<a class=\"elementor-toggle-title\" tabindex=\"0\">..<\/a>\n\t\t\t\t\t<\/div>\n\n\t\t\t\t\t<div id=\"elementor-tab-content-2542\" class=\"elementor-tab-content elementor-clearfix\" data-tab=\"2\" role=\"region\" aria-labelledby=\"elementor-tab-title-2542\"><\/div>\n\t\t\t\t<\/div>\n\t\t\t\t\t\t\t\t<\/div>\n\t\t\t\t\t\t<\/div>\n\t\t\t\t<\/div>\n\t\t\t\t\t<\/div>\n\t\t<\/div>\n\t\t\t\t\t<\/div>\n\t\t<\/section>\n\t\t\t\t<\/div>","protected":false},"excerpt":{"rendered":"<p><a name=\"buy\"><\/a><br \/>\n<span style=\"text-decoration: underline; color: #3366ff;\"><strong>Avantages de ce produit pour\u00a0<\/strong><\/span><span style=\"color: #3366ff;\"><b><u>Sant\u00e9 oculaire<\/u><\/b><\/span><\/p>\n<ul>\n<li><strong><strong><span style=\"font-family: go;\"><span class=\"fontstyle0\">Am\u00e9liore la vision nocturne et peut \u00e9galement ralentir la progression de l&#039;\u0153il <span class=\"fontstyle2\">probl\u00e8mes<\/span> <\/span><\/span><\/strong><\/strong><\/li>\n<li><strong><strong><strong><strong><span style=\"font-family: go;\"><span class=\"fontstyle0\">Efficace dans les troubles vasculaires<\/span><\/span><\/strong><\/strong><\/strong><\/strong><\/li>\n<li><strong><strong><strong><strong><span style=\"font-family: go;\"><span class=\"fontstyle0\">Une premi\u00e8re ligne de d\u00e9fense possible pour ceux qui ont une mauvaise vision nocturne <\/span><\/span><\/strong><\/strong><\/strong><\/strong><\/li>\n<\/ul>\n<p><strong>\u00a0\u00a0\u00a0\u00a0\u00a0 &gt;&gt;&gt;<span style=\"font-family: go; font-size: 14pt;\"><a href=\"#more\"><span style=\"color: #0000ff;\">Lire la suite<\/span><\/a><\/span><\/strong><\/p>","protected":false},"featured_media":1246,"comment_status":"open","ping_status":"closed","template":"","meta":{"nf_dc_page":"","_bbp_topic_count":0,"_bbp_reply_count":0,"_bbp_total_topic_count":0,"_bbp_total_reply_count":0,"_bbp_voice_count":0,"_bbp_anonymous_reply_count":0,"_bbp_topic_count_hidden":0,"_bbp_reply_count_hidden":0,"_bbp_forum_subforum_count":0},"product_brand":[],"product_cat":[119],"product_tag":[],"class_list":{"0":"post-3266","1":"product","2":"type-product","3":"status-publish","4":"has-post-thumbnail","6":"product_cat-eye-health","8":"first","9":"instock","10":"shipping-taxable","11":"purchasable","12":"product-type-bundle"},"bundled_by":[],"bundle_stock_status":"instock","bundle_stock_quantity":"","bundle_virtual":false,"bundle_layout":"default","bundle_add_to_cart_form_location":"default","bundle_editable_in_cart":false,"bundle_sold_individually_context":"product","bundle_item_grouping":"noindent","bundle_min_size":"","bundle_max_size":"","bundled_items":[{"bundled_item_id":68,"product_id":10662,"menu_order":0,"quantity_min":1,"quantity_max":"","quantity_default":1,"priced_individually":false,"shipped_individually":false,"override_title":false,"title":"","override_description":false,"description":"","optional":true,"hide_thumbnail":false,"discount":"","override_variations":false,"allowed_variations":[],"override_default_variation_attributes":false,"default_variation_attributes":[],"single_product_visibility":"hidden","cart_visibility":"hidden","order_visibility":"visible","single_product_price_visibility":"visible","cart_price_visibility":"visible","order_price_visibility":"visible","stock_status":"in_stock"}],"bundle_sell_ids":[],"_links":{"self":[{"href":"https:\/\/www.naturesgiftforlife.com\/fr\/wp-json\/wp\/v2\/product\/3266","targetHints":{"allow":["GET"]}}],"collection":[{"href":"https:\/\/www.naturesgiftforlife.com\/fr\/wp-json\/wp\/v2\/product"}],"about":[{"href":"https:\/\/www.naturesgiftforlife.com\/fr\/wp-json\/wp\/v2\/types\/product"}],"replies":[{"embeddable":true,"href":"https:\/\/www.naturesgiftforlife.com\/fr\/wp-json\/wp\/v2\/comments?post=3266"}],"version-history":[{"count":0,"href":"https:\/\/www.naturesgiftforlife.com\/fr\/wp-json\/wp\/v2\/product\/3266\/revisions"}],"wp:featuredmedia":[{"embeddable":true,"href":"https:\/\/www.naturesgiftforlife.com\/fr\/wp-json\/wp\/v2\/media\/1246"}],"wp:attachment":[{"href":"https:\/\/www.naturesgiftforlife.com\/fr\/wp-json\/wp\/v2\/media?parent=3266"}],"wp:term":[{"taxonomy":"product_brand","embeddable":true,"href":"https:\/\/www.naturesgiftforlife.com\/fr\/wp-json\/wp\/v2\/product_brand?post=3266"},{"taxonomy":"product_cat","embeddable":true,"href":"https:\/\/www.naturesgiftforlife.com\/fr\/wp-json\/wp\/v2\/product_cat?post=3266"},{"taxonomy":"product_tag","embeddable":true,"href":"https:\/\/www.naturesgiftforlife.com\/fr\/wp-json\/wp\/v2\/product_tag?post=3266"}],"curies":[{"name":"wp","href":"https:\/\/api.w.org\/{rel}","templated":true}]}}