{"id":3253,"date":"2020-09-30T12:08:58","date_gmt":"2020-09-30T12:08:58","guid":{"rendered":"http:\/\/www.livehealthylivehappy.com\/new\/?post_type=product&#038;p=3253"},"modified":"2023-08-21T13:07:58","modified_gmt":"2023-08-21T13:07:58","slug":"diabetes-syndrome-x-formula-diabetes","status":"publish","type":"product","link":"https:\/\/www.naturesgiftforlife.com\/fr\/shop\/diabetes-syndrome-x-formula-diabetes\/","title":{"rendered":"\u00a0Formule Diab\u00e8te et Syndrome X (Diab\u00e8te)"},"content":{"rendered":"<div data-elementor-type=\"wp-post\" data-elementor-id=\"3253\" class=\"elementor elementor-3253\">\n\t\t\t\t\t\t<section class=\"elementor-section elementor-top-section elementor-element elementor-element-a4b624a elementor-section-boxed elementor-section-height-default elementor-section-height-default\" data-id=\"a4b624a\" data-element_type=\"section\" data-e-type=\"section\">\n\t\t\t\t\t\t<div class=\"elementor-container elementor-column-gap-default\">\n\t\t\t\t\t<div class=\"elementor-column elementor-col-100 elementor-top-column elementor-element elementor-element-43b7c1f\" data-id=\"43b7c1f\" data-element_type=\"column\" data-e-type=\"column\">\n\t\t\t<div class=\"elementor-widget-wrap elementor-element-populated\">\n\t\t\t\t\t\t<div class=\"elementor-element elementor-element-cf8a907 elementor-widget elementor-widget-html\" data-id=\"cf8a907\" data-element_type=\"widget\" data-e-type=\"widget\" data-widget_type=\"html.default\">\n\t\t\t\t<div class=\"elementor-widget-container\">\n\t\t\t\t\t<a name=\"more\"><\/a>\t\t\t\t<\/div>\n\t\t\t\t<\/div>\n\t\t\t\t<div class=\"elementor-element elementor-element-9177f1d elementor-invisible elementor-widget elementor-widget-toggle\" data-id=\"9177f1d\" data-element_type=\"widget\" data-e-type=\"widget\" data-settings=\"{&quot;_animation&quot;:&quot;flash&quot;}\" data-widget_type=\"toggle.default\">\n\t\t\t\t<div class=\"elementor-widget-container\">\n\t\t\t\t\t\t\t<div class=\"elementor-toggle\">\n\t\t\t\t\t\t\t<div class=\"elementor-toggle-item\">\n\t\t\t\t\t<div id=\"elementor-tab-title-1521\" class=\"elementor-tab-title\" data-tab=\"1\" role=\"button\" aria-controls=\"elementor-tab-content-1521\" aria-expanded=\"false\">\n\t\t\t\t\t\t\t\t\t\t\t\t<span class=\"elementor-toggle-icon elementor-toggle-icon-left\" aria-hidden=\"true\">\n\t\t\t\t\t\t\t\t\t\t\t\t\t\t\t<span class=\"elementor-toggle-icon-closed\"><i class=\"far fa-caret-square-right\"><\/i><\/span>\n\t\t\t\t\t\t\t\t<span class=\"elementor-toggle-icon-opened\"><i class=\"elementor-toggle-icon-opened fas fa-caret-square-up\"><\/i><\/span>\n\t\t\t\t\t\t\t\t\t\t\t\t\t<\/span>\n\t\t\t\t\t\t\t\t\t\t\t\t<a class=\"elementor-toggle-title\" tabindex=\"0\">Description d\u00e9taill\u00e9e du produit \/ faits sur les suppl\u00e9ments<\/a>\n\t\t\t\t\t<\/div>\n\n\t\t\t\t\t<div id=\"elementor-tab-content-1521\" class=\"elementor-tab-content elementor-clearfix\" data-tab=\"1\" role=\"region\" aria-labelledby=\"elementor-tab-title-1521\"><div class=\"wpsm_panel wpsm_panel-default\"><div id=\"ac_3250_collapse1\" class=\"wpsm_panel-collapse collapse in\" aria-expanded=\"true\"><div class=\"wpsm_panel-body\"><div id=\"h5p_61b9f30b14f46\"><section id=\"section_0\" class=\"h5p_layout h5p_page h5p_page_PL0\"><div class=\"PL0\"><p class=\"P1\"><span style=\"font-family: Arial, Helvetica, sans-serif; color: #000000;\"><span class=\"T6\">Contains an extract from the root bark of\u200b\u200b\u00a0<\/span><span class=\"T7\">Salacia oblonga<\/span><span class=\"T8\">, a rare tree from India and\u200b\u200b\u00a0<\/span><span class=\"T9\">Grifola frondosa\u200b\u200b\u00a0<\/span><span class=\"T10\">(Maitake), which contains natural alphaglucosidase-inhibitors that limit the\u200b\u200b\u00a0<\/span><span class=\"T11\">la digestion des amidons, ce qui entra\u00eene moins de sucres entrant dans la circulation sanguine. Contient \u00e9galement:<\/span><span class=\"T12\"><br \/><\/span><span class=\"T13\">\u2022\u200b\u200b\u00a0<\/span><span class=\"T14\">Cordyceps sinensis \u2013 provides compounds that support production of the enzyme hepatic glucokinase, which is involved in a secondary mechanism by which the body meta<\/span><span class=\"T15\">bolise la glyc\u00e9mie. Il favorise \u00e9galement une meilleure utilisation de toute insuline pr\u00e9sente.<\/span><span class=\"T16\"><br \/><\/span><span class=\"T17\">\u2022\u200b\u200b\u00a0<\/span><span class=\"T18\">Cinnamon Extract\u200b\u200b\u00a0<\/span><span class=\"T19\">(Cinnamomum zylanicum\u200b\u200b\u00a0<\/span><span class=\"T20\">and\u200b\u200b\u00a0<\/span><span class=\"T21\">Cinnamomum cassia<\/span><span class=\"T22\">) \u2013 a group of bioactive compounds called MHCP (MethylHydroxy-Chalcone-Polymer) limit the release of stored sugar from fa<\/span><span class=\"T23\">t. Inhibe les enzymes qui d\u00e9clenchent la lib\u00e9ration de glucose entre les repas et pendant le sommeil.<\/span><span class=\"T24\"><br \/><\/span><span class=\"T25\">\u2022\u200b\u200b\u00a0<\/span><span class=\"T26\">Coprinus Comatus \u2013 speeds the excretion of excess sugar not required for energy metabolism.<\/span><span class=\"T27\"><br \/><\/span><span class=\"T28\">\u2022\u200b\u200b\u00a0<\/span><span class=\"T29\">Chromium polynicotinate and Biotin \u2013 provide the catalytic action\u200b\u200b\u00a0<\/span><span class=\"T30\">n\u00e9cessaire au m\u00e9tabolisme normal de la glyc\u00e9mie, en particulier pour le diab\u00e8te de type II. La biotine est \u00e9galement impliqu\u00e9e dans la d\u00e9gradation de l&#039;exc\u00e8s de sucre dans le sang. Aide \u00e9galement \u00e0 r\u00e9duire le cholest\u00e9rol et la pression art\u00e9rielle<\/span><\/span><\/p><p class=\"P32\"><span style=\"font-family: Arial, Helvetica, sans-serif; color: #000000;\">SUPPLEMENT FACTS \u00a0\u200b\u200b\u00a0\u200b\u200b\u00a0\u200b\u200b\u00a0\u200b\u200b\u00a0\u200b\u200b\u00a0\u200b\u200b\u200b\u200b\u00a0<\/span><\/p><div class=\"dxoResponsiveTable\"><table class=\"Table33\"><colgroup> <col class=\"TableColumn34\" data-colwidth=\"5.4895\" data-colwidthunits=\"in\" \/><\/colgroup><tbody><tr class=\"TableRow35\"><td class=\"TableCell36\"><p class=\"P37\"><span style=\"font-family: Arial, Helvetica, sans-serif; color: #000000;\">Serving Size: 1 Tablet \u00a0\u200b\u200b\u00a0\u200b\u200b\u00a0\u200b\u200b\u00a0\u200b\u200b\u00a0\u200b\u200b\u00a0\u200b\u200b\u200b\u200b\u00a0\u00a0\u200b\u200b\u00a0\u200b\u200b\u00a0\u200b\u200b\u00a0\u200b\u200b\u00a0\u200b\u200b\u00a0\u200b\u200b\u00a0\u200b\u200b\u00a0\u200b\u200b\u00a0\u200b\u200b\u00a0\u200b\u200b\u00a0\u200b\u200b\u00a0\u200b\u200b\u00a0\u200b\u200b\u00a0\u200b\u200b\u00a0\u200b\u200b\u00a0\u200b\u200b\u00a0\u200b\u200b\u00a0\u200b\u200b\u00a0\u200b\u200b\u00a0\u200b\u200b\u200b\u200b\u00a0Servings per container: 120\u200b\u200b\u00a0<\/span><br \/><span style=\"font-family: Arial, Helvetica, sans-serif; color: #000000;\">Chaque comprim\u00e9 contient 750 mg d&#039;une formule exclusive compos\u00e9e des \u00e9l\u00e9ments suivants:<\/span><\/p><\/td><\/tr><tr class=\"TableRow38\"><td class=\"TableCell39\"><p class=\"NoSpacing1\"><span class=\"T40\" style=\"font-family: Arial, Helvetica, sans-serif; color: #000000;\">* Cordyceps sinensis spectre complet<\/span><\/p><p class=\"NoSpacing1\"><span class=\"T41\" style=\"font-family: Arial, Helvetica, sans-serif; color: #000000;\">*Grifola frondosa extract\u200b\u200b\u00a0<\/span><\/p><p class=\"NoSpacing1\"><span class=\"T42\" style=\"font-family: Arial, Helvetica, sans-serif; color: #000000;\">* Extrait de Coprinus comatus<\/span><\/p><p class=\"NoSpacing1\"><span style=\"font-family: Arial, Helvetica, sans-serif; color: #000000;\"><span class=\"T43\">\u200b\u200b\u00a0*<\/span><span class=\"T44\">Salacia oblonga extract\u200b\u200b\u00a0<\/span><\/span><\/p><p class=\"NoSpacing1\"><span style=\"font-family: Arial, Helvetica, sans-serif; color: #000000;\"><span class=\"T45\">\u200b\u200b\u00a0*<\/span><span class=\"T46\">Biotine<\/span><\/span><\/p><p class=\"NoSpacing1\"><span class=\"T47\" style=\"font-family: Arial, Helvetica, sans-serif; color: #000000;\">* Polynicotinate de chrome<\/span><\/p><p class=\"NoSpacing1\"><span style=\"font-family: Arial, Helvetica, sans-serif; color: #000000;\"><span class=\"T48\">\u200b\u200b\u00a0*<\/span><span class=\"T49\">Cinnamon extract\/ Full Spectrum\u200b\u200b\u00a0<\/span><\/span><\/p><\/td><\/tr><tr class=\"TableRow50\"><td class=\"TableCell51\"><p class=\"NoSpacing1\"><span class=\"T52\" style=\"font-family: Arial, Helvetica, sans-serif; color: #000000;\">* Valeur quotidienne non \u00e9tablie<\/span><\/p><\/td><\/tr><tr class=\"TableRow53\"><td class=\"TableCell54\"><p class=\"Normal\"><span class=\"T55\" style=\"font-family: Arial, Helvetica, sans-serif; color: #000000;\">Autres ingr\u00e9dients: cellulose microcryatalline, gomme v\u00e9g\u00e9tale, acide st\u00e9arique, st\u00e9arate de magn\u00e9sium, dioxyde de silicium, cellulose en poudre, st\u00e9arate de magn\u00e9sium<\/span><\/p><\/td><\/tr><\/tbody><\/table><\/div><p class=\"P57\"><span style=\"font-family: Arial, Helvetica, sans-serif; color: #000000;\"><span class=\"T58\">DOSE:<\/span><span class=\"T59\">\u200b\u200b 1 tablet 2x\/day.<\/span><\/span><\/p><\/div><\/section><\/div><\/div><\/div><\/div><\/div>\n\t\t\t\t<\/div>\n\t\t\t\t\t\t\t<div class=\"elementor-toggle-item\">\n\t\t\t\t\t<div id=\"elementor-tab-title-1522\" class=\"elementor-tab-title\" data-tab=\"2\" role=\"button\" aria-controls=\"elementor-tab-content-1522\" aria-expanded=\"false\">\n\t\t\t\t\t\t\t\t\t\t\t\t<span class=\"elementor-toggle-icon elementor-toggle-icon-left\" aria-hidden=\"true\">\n\t\t\t\t\t\t\t\t\t\t\t\t\t\t\t<span class=\"elementor-toggle-icon-closed\"><i class=\"far fa-caret-square-right\"><\/i><\/span>\n\t\t\t\t\t\t\t\t<span class=\"elementor-toggle-icon-opened\"><i class=\"elementor-toggle-icon-opened fas fa-caret-square-up\"><\/i><\/span>\n\t\t\t\t\t\t\t\t\t\t\t\t\t<\/span>\n\t\t\t\t\t\t\t\t\t\t\t\t<a class=\"elementor-toggle-title\" tabindex=\"0\">..<\/a>\n\t\t\t\t\t<\/div>\n\n\t\t\t\t\t<div id=\"elementor-tab-content-1522\" class=\"elementor-tab-content elementor-clearfix\" data-tab=\"2\" role=\"region\" aria-labelledby=\"elementor-tab-title-1522\"><\/div>\n\t\t\t\t<\/div>\n\t\t\t\t\t\t\t\t<\/div>\n\t\t\t\t\t\t<\/div>\n\t\t\t\t<\/div>\n\t\t\t\t\t<\/div>\n\t\t<\/div>\n\t\t\t\t\t<\/div>\n\t\t<\/section>\n\t\t\t\t<\/div>","protected":false},"excerpt":{"rendered":"<p><a name=\"buy\"><\/a><br \/>\n<span style=\"text-decoration: underline; color: #3366ff;\"><strong>Avantages de ce produit pour\u00a0<\/strong><\/span><span style=\"color: #3366ff;\"><b><u>Diab\u00e8te<\/u><\/b><\/span><\/p>\n<ul>\n<li><strong><strong><span style=\"font-family: go;\"><span class=\"fontstyle0\">Contient des inhibiteurs naturels d&#039;alpha-glucosidase qui limitent la digestion des amidons,<br \/>\nr\u00e9sultant en moins de sucres entrant dans la circulation sanguine<br \/>\n<\/span><\/span><\/strong><\/strong><\/li>\n<li><strong><strong><strong><strong><span style=\"font-family: go;\"><span class=\"fontstyle0\">Inhibe le <span class=\"fontstyle2\">enzymes qui d\u00e9clenchent la lib\u00e9ration de glucose <\/span>entre les repas et pendant le sommeil<br \/>\n<\/span><\/span><\/strong><\/strong><\/strong><\/strong><\/li>\n<\/ul>\n<p><strong>\u00a0\u00a0\u00a0\u00a0\u00a0 &gt;&gt;&gt;<span style=\"font-family: go; font-size: 14pt;\"><a href=\"#more\"><span style=\"color: #0000ff;\">Lire la suite<\/span><\/a><\/span><\/strong><\/p>","protected":false},"featured_media":3256,"comment_status":"open","ping_status":"closed","template":"","meta":{"nf_dc_page":"","_bbp_topic_count":0,"_bbp_reply_count":0,"_bbp_total_topic_count":0,"_bbp_total_reply_count":0,"_bbp_voice_count":0,"_bbp_anonymous_reply_count":0,"_bbp_topic_count_hidden":0,"_bbp_reply_count_hidden":0,"_bbp_forum_subforum_count":0},"product_brand":[],"product_cat":[118],"product_tag":[],"class_list":{"0":"post-3253","1":"product","2":"type-product","3":"status-publish","4":"has-post-thumbnail","6":"product_cat-diabetes","8":"first","9":"instock","10":"shipping-taxable","11":"purchasable","12":"product-type-bundle"},"bundled_by":[],"bundle_stock_status":"instock","bundle_stock_quantity":"","bundle_virtual":false,"bundle_layout":"default","bundle_add_to_cart_form_location":"default","bundle_editable_in_cart":false,"bundle_sold_individually_context":"product","bundle_item_grouping":"noindent","bundle_min_size":"","bundle_max_size":"","bundled_items":[{"bundled_item_id":42,"product_id":8120,"menu_order":0,"quantity_min":1,"quantity_max":"","quantity_default":1,"priced_individually":false,"shipped_individually":false,"override_title":false,"title":"","override_description":false,"description":"","optional":true,"hide_thumbnail":false,"discount":"","override_variations":false,"allowed_variations":[],"override_default_variation_attributes":false,"default_variation_attributes":[],"single_product_visibility":"hidden","cart_visibility":"hidden","order_visibility":"visible","single_product_price_visibility":"visible","cart_price_visibility":"visible","order_price_visibility":"visible","stock_status":"in_stock"}],"bundle_sell_ids":[],"_links":{"self":[{"href":"https:\/\/www.naturesgiftforlife.com\/fr\/wp-json\/wp\/v2\/product\/3253","targetHints":{"allow":["GET"]}}],"collection":[{"href":"https:\/\/www.naturesgiftforlife.com\/fr\/wp-json\/wp\/v2\/product"}],"about":[{"href":"https:\/\/www.naturesgiftforlife.com\/fr\/wp-json\/wp\/v2\/types\/product"}],"replies":[{"embeddable":true,"href":"https:\/\/www.naturesgiftforlife.com\/fr\/wp-json\/wp\/v2\/comments?post=3253"}],"version-history":[{"count":0,"href":"https:\/\/www.naturesgiftforlife.com\/fr\/wp-json\/wp\/v2\/product\/3253\/revisions"}],"wp:featuredmedia":[{"embeddable":true,"href":"https:\/\/www.naturesgiftforlife.com\/fr\/wp-json\/wp\/v2\/media\/3256"}],"wp:attachment":[{"href":"https:\/\/www.naturesgiftforlife.com\/fr\/wp-json\/wp\/v2\/media?parent=3253"}],"wp:term":[{"taxonomy":"product_brand","embeddable":true,"href":"https:\/\/www.naturesgiftforlife.com\/fr\/wp-json\/wp\/v2\/product_brand?post=3253"},{"taxonomy":"product_cat","embeddable":true,"href":"https:\/\/www.naturesgiftforlife.com\/fr\/wp-json\/wp\/v2\/product_cat?post=3253"},{"taxonomy":"product_tag","embeddable":true,"href":"https:\/\/www.naturesgiftforlife.com\/fr\/wp-json\/wp\/v2\/product_tag?post=3253"}],"curies":[{"name":"wp","href":"https:\/\/api.w.org\/{rel}","templated":true}]}}