{"id":3224,"date":"2020-09-30T10:59:08","date_gmt":"2020-09-30T10:59:08","guid":{"rendered":"http:\/\/www.livehealthylivehappy.com\/new\/?post_type=product&#038;p=3224"},"modified":"2023-08-23T14:03:14","modified_gmt":"2023-08-23T14:03:14","slug":"odorless-garlic-hypertension","status":"publish","type":"product","link":"https:\/\/www.naturesgiftforlife.com\/fr\/shop\/odorless-garlic-hypertension\/","title":{"rendered":"Ail inodore (hypertension)"},"content":{"rendered":"<div data-elementor-type=\"wp-post\" data-elementor-id=\"3224\" class=\"elementor elementor-3224\">\n\t\t\t\t\t\t<section class=\"elementor-section elementor-top-section elementor-element elementor-element-03b0d65 elementor-section-boxed elementor-section-height-default elementor-section-height-default\" data-id=\"03b0d65\" data-element_type=\"section\" data-e-type=\"section\">\n\t\t\t\t\t\t<div class=\"elementor-container elementor-column-gap-default\">\n\t\t\t\t\t<div class=\"elementor-column elementor-col-100 elementor-top-column elementor-element elementor-element-2a9318d\" data-id=\"2a9318d\" data-element_type=\"column\" data-e-type=\"column\">\n\t\t\t<div class=\"elementor-widget-wrap elementor-element-populated\">\n\t\t\t\t\t\t<div class=\"elementor-element elementor-element-4ec45f3 elementor-widget elementor-widget-html\" data-id=\"4ec45f3\" data-element_type=\"widget\" data-e-type=\"widget\" data-widget_type=\"html.default\">\n\t\t\t\t<div class=\"elementor-widget-container\">\n\t\t\t\t\t<a name=\"more\"><\/a>\t\t\t\t<\/div>\n\t\t\t\t<\/div>\n\t\t\t\t<div class=\"elementor-element elementor-element-92e786a elementor-invisible elementor-widget elementor-widget-toggle\" data-id=\"92e786a\" data-element_type=\"widget\" data-e-type=\"widget\" data-settings=\"{&quot;_animation&quot;:&quot;flash&quot;}\" data-widget_type=\"toggle.default\">\n\t\t\t\t<div class=\"elementor-widget-container\">\n\t\t\t\t\t\t\t<div class=\"elementor-toggle\">\n\t\t\t\t\t\t\t<div class=\"elementor-toggle-item\">\n\t\t\t\t\t<div id=\"elementor-tab-title-1541\" class=\"elementor-tab-title\" data-tab=\"1\" role=\"button\" aria-controls=\"elementor-tab-content-1541\" aria-expanded=\"false\">\n\t\t\t\t\t\t\t\t\t\t\t\t<span class=\"elementor-toggle-icon elementor-toggle-icon-left\" aria-hidden=\"true\">\n\t\t\t\t\t\t\t\t\t\t\t\t\t\t\t<span class=\"elementor-toggle-icon-closed\"><i class=\"far fa-caret-square-right\"><\/i><\/span>\n\t\t\t\t\t\t\t\t<span class=\"elementor-toggle-icon-opened\"><i class=\"elementor-toggle-icon-opened fas fa-caret-square-up\"><\/i><\/span>\n\t\t\t\t\t\t\t\t\t\t\t\t\t<\/span>\n\t\t\t\t\t\t\t\t\t\t\t\t<a class=\"elementor-toggle-title\" tabindex=\"0\">Description d\u00e9taill\u00e9e du produit \/ faits sur les suppl\u00e9ments<\/a>\n\t\t\t\t\t<\/div>\n\n\t\t\t\t\t<div id=\"elementor-tab-content-1541\" class=\"elementor-tab-content elementor-clearfix\" data-tab=\"1\" role=\"region\" aria-labelledby=\"elementor-tab-title-1541\"><p class=\"P1\"><span style=\"font-family: Arial, Helvetica, sans-serif; color: #000000;\">Garlic is a good natural food supplement with multiple benefits for the body, particularly for the cardiovascular system. It has been found to promote healthy triglyceride, LDL, and\u200b\u200b\u00a0total cholesterol levels. It helps protect blood cells and blood vessels from inflammatory and oxidative stress.\u200b\u200b\u00a0<\/span><\/p><p class=\"P2\"><span style=\"font-family: Arial, Helvetica, sans-serif; color: #000000;\">L&#039;endommagement de la paroi des vaisseaux sanguins par des mol\u00e9cules d&#039;oxyg\u00e8ne hautement r\u00e9actives est un facteur cl\u00e9 pour augmenter le risque de probl\u00e8mes cardiovasculaires, y compris les crises cardiaques et l&#039;ath\u00e9roscl\u00e9rose. Les dommages oxydatifs entra\u00eenent \u00e9galement une inflammation ind\u00e9sirable. La combinaison d&#039;une inflammation ind\u00e9sirable et d&#039;un stress oxydatif expose les vaisseaux sanguins \u00e0 un risque de formation de plaque et de colmatage.<\/span><\/p><p class=\"P4\"><span style=\"font-family: Arial, Helvetica, sans-serif; color: #000000;\">\u200b\u200b\u00a0Garlic contains a unique set of sulfur-containing compounds that help prevent oxidative stress. Garlic\u2019s 1, 2-vinyldithiin (1, 2-DT) and thiacremonone are the compounds that reduce inflammation by inhibiting the activity of inflammatory messenger molecules. In the case of thiacremonone, it inhibits\u200b\u200b\u00a0the inflammatory transcription factor called NFkappaB. In the case of 1,2-DT, the exact antiinflammatory mechanisms are not yet clear, even though the release of inflammatory messaging molecules like interleukin 6 (IL-6) and interleukin 8 (IL-8) by macrophage cells has been shown to be reduced in white adipose tissue by 1,2-DT.<\/span><\/p><p class=\"P5\"><span style=\"font-family: Arial, Helvetica, sans-serif; color: #000000;\"><span class=\"T6\">La combinaison de compos\u00e9s anti-inflammatoires et anti-oxydants du stress dans l&#039;ail en fait un aliment unique pour le soutien cardiovasculaire, en particulier en ce qui concerne les maladies d\u00e9g\u00e9n\u00e9ratives chroniques.<\/span><span class=\"T7\">maladies rdiovasculaires comme l&#039;ath\u00e9roscl\u00e9rose. Les effets antioxydants de l&#039;ail ne sont pas seulement dus \u00e0 ses compos\u00e9s soufr\u00e9s, mais aussi \u00e0 sa teneur en vitamine C, en s\u00e9l\u00e9nium et en mangan\u00e8se.<\/span><span class=\"T8\"><br \/><\/span><span class=\"T9\">Vitamine C<\/span><span class=\"T10\">\u200b\u200b\u00a0is the body\u2019s primary antioxidant defender in all aqueous (water-solu<\/span><span class=\"T11\">ble), comme la circulation sanguine, o\u00f9 il prot\u00e8ge le cholest\u00e9rol LDL de l&#039;oxydation. Comme c&#039;est la forme oxyd\u00e9e du cholest\u00e9rol LDL qui endommage les parois des vaisseaux sanguins, la r\u00e9duction des niveaux de radicaux libres oxydants dans le sang peut avoir un effet<\/span><span class=\"T12\">effet b\u00e9n\u00e9fique sur la pr\u00e9vention des maladies cardiovasculaires.<\/span><span class=\"T13\"><br \/><\/span><span class=\"T14\">Mangan\u00e8se<\/span><span class=\"T15\">\u200b\u200b\u00a0is a cofactor in a number of other important antioxidant defense enzymes, such as superoxide dismutase. HDL (good cholesterol) decreases in people with manganese deficiency.<\/span><span class=\"T16\">\u200b\u200b\u00a0<\/span><span class=\"T17\">Le s\u00e9l\u00e9nium est une impo<\/span><span class=\"T18\">rtant part of our body\u2019s\u200b\u200b\u00a0<\/span><span class=\"T19\">syst\u00e8me antioxydant et est un cofacteur de la glutathion peroxydase, l&#039;une des enzymes antioxydantes produites en interne les plus importantes du corps.<\/span><span class=\"T20\"><br \/><\/span><span class=\"T21\">S\u00e9l\u00e9nium<\/span><span class=\"T22\">\u200b\u200b\u00a0also works with vitamin E in a number of vital antioxidant systems. Natural anticoag<\/span><span class=\"T23\">ulant. En plus de la capacit\u00e9 de l&#039;ail \u00e0 emp\u00eacher l&#039;obstruction de nos vaisseaux sanguins, un disulfure de l&#039;ail appel\u00e9 ajo\u00e8ne aide \u00e0 emp\u00eacher la formation de caillots \u00e0 l&#039;int\u00e9rieur de nos vaisseaux sanguins. Ajoene peut aider \u00e0 pr\u00e9venir l&#039;agr\u00e9gation plaquettaire.<\/span><\/span><\/p><p class=\"P24\"><span style=\"font-family: Arial, Helvetica, sans-serif; color: #000000;\"><span class=\"T25\"><br \/><\/span><span class=\"T26\">Abaisse bl<\/span><span class=\"T27\">bonne pression.<\/span><span class=\"T28\">\u200b\u200b\u00a0Equally impressive is garlic\u2019s ability to lower blood pressure. Researchers have known for about 10 years that the allicin made from alliin in garlic blocks the activity of angiotensin II. A small piece of protein (peptide), angiotensin II, h<\/span><span class=\"T29\">elps nos vaisseaux sanguins se contractent. Lorsqu&#039;ils se contractent, notre sang est forc\u00e9 de traverser un espace plus petit et la pression est augment\u00e9e. En bloquant l&#039;activit\u00e9 de l&#039;angiotensine II, l&#039;allicine sous forme d&#039;ail est capable d&#039;aider \u00e0 pr\u00e9venir la contraction excessive de notre sang<\/span><span class=\"T30\">\u200b\u200b\u00a0vessels and unwanted increases in blood pressure. More recent research has identified additional sulfur-containing compounds that are responsible for lowering blood pressure in a totally different way. Garlic\u2019s polysulfides (in p<\/span><span class=\"T31\">\u200b\u200b\u00a0<\/span><span class=\"T32\">lar (1,2-vinyldithiine (1,<\/span><span class=\"T33\">2-DT), and thiacremonone) are converted by our red blood cells into hydrogen sulfide gas (H2S), which can help dilate blood vessels and help keep blood pressure under control\u200b\u200b\u00a0<\/span><\/span><\/p><p class=\"P35\"><span style=\"font-family: Arial, Helvetica, sans-serif; color: #000000;\"><span class=\"T36\">Abaisse l&#039;homocyst\u00e9ine<\/span><span class=\"T37\">\u200b\u200b\u00a0levels. Garlic contains vitamin B6 that helps prevent heart\u200b\u200b\u00a0<\/span><span class=\"T38\">maladie en abaissant les taux d&#039;homocyst\u00e9ine. L&#039;homocyst\u00e9ine est un produit interm\u00e9diaire d&#039;un important processus biochimique cellulaire appel\u00e9 cycle de m\u00e9thylation et peut endommager directement les vaisseaux sanguins.<\/span><\/span><\/p><table style=\"height: 475px;\" width=\"363\"><tbody><tr><td colspan=\"3\" width=\"514\"><p><span style=\"font-family: Arial, Helvetica, sans-serif; color: #000000;\"><strong>Faits sur les suppl\u00e9ments <\/strong><\/span><\/p><\/td><\/tr><tr><td colspan=\"3\" width=\"514\"><p><span style=\"font-family: Arial, Helvetica, sans-serif; color: #000000;\">Portion : Une (1) g\u00e9lule<\/span><\/p><\/td><\/tr><tr><td width=\"302\">\u00a0<\/td><td width=\"113\"><p><span style=\"font-family: Arial, Helvetica, sans-serif; color: #000000;\">Quantit\u00e9 par portion<\/span><\/p><\/td><td width=\"98\"><p><span style=\"font-family: Arial, Helvetica, sans-serif; color: #000000;\">Valeur quotidienne %<\/span><\/p><\/td><\/tr><tr><td width=\"302\"><p><span style=\"font-family: Arial, Helvetica, sans-serif; color: #000000;\">Huile d&#039;ail concentr\u00e9e inodore<\/span><\/p><\/td><td width=\"113\"><p><span style=\"font-family: Arial, Helvetica, sans-serif; color: #000000;\">5 mg<\/span><\/p><\/td><td width=\"98\"><p><span style=\"font-family: Arial, Helvetica, sans-serif; color: #000000;\">*<\/span><\/p><\/td><\/tr><tr><td width=\"302\"><p><span style=\"font-family: Arial, Helvetica, sans-serif; color: #000000;\">(\u00e9quivalent \u00e0 500 mg de gousse d&#039;ail frais)<\/span><\/p><\/td><td width=\"113\">\u00a0<\/td><td width=\"98\">\u00a0<\/td><\/tr><tr><td colspan=\"3\" width=\"514\"><p><span style=\"font-family: Arial, Helvetica, sans-serif; color: #000000;\">*Valeur quotidienne non \u00e9tablie<\/span><\/p><\/td><\/tr><tr><td colspan=\"3\" width=\"514\"><p><span style=\"font-family: Arial, Helvetica, sans-serif; color: #000000;\">Autres ingr\u00e9dients : huile de soja, g\u00e9latine, glyc\u00e9rine, silice<\/span><\/p><\/td><\/tr><\/tbody><\/table><p><span style=\"font-family: Arial, Helvetica, sans-serif; color: #000000;\"><strong>Pr\u00e9cautions<\/strong><\/span><\/p><p><span style=\"font-family: Arial, Helvetica, sans-serif; color: #000000;\">Avoid garlic supplements before surgery because the herb&#8217;s anti-clotting actions may prolong bleeding from a surgical wound.<\/span><\/p><\/div>\n\t\t\t\t<\/div>\n\t\t\t\t\t\t\t<div class=\"elementor-toggle-item\">\n\t\t\t\t\t<div id=\"elementor-tab-title-1542\" class=\"elementor-tab-title\" data-tab=\"2\" role=\"button\" aria-controls=\"elementor-tab-content-1542\" aria-expanded=\"false\">\n\t\t\t\t\t\t\t\t\t\t\t\t<span class=\"elementor-toggle-icon elementor-toggle-icon-left\" aria-hidden=\"true\">\n\t\t\t\t\t\t\t\t\t\t\t\t\t\t\t<span class=\"elementor-toggle-icon-closed\"><i class=\"far fa-caret-square-right\"><\/i><\/span>\n\t\t\t\t\t\t\t\t<span class=\"elementor-toggle-icon-opened\"><i class=\"elementor-toggle-icon-opened fas fa-caret-square-up\"><\/i><\/span>\n\t\t\t\t\t\t\t\t\t\t\t\t\t<\/span>\n\t\t\t\t\t\t\t\t\t\t\t\t<a class=\"elementor-toggle-title\" tabindex=\"0\">..<\/a>\n\t\t\t\t\t<\/div>\n\n\t\t\t\t\t<div id=\"elementor-tab-content-1542\" class=\"elementor-tab-content elementor-clearfix\" data-tab=\"2\" role=\"region\" aria-labelledby=\"elementor-tab-title-1542\"><\/div>\n\t\t\t\t<\/div>\n\t\t\t\t\t\t\t\t<\/div>\n\t\t\t\t\t\t<\/div>\n\t\t\t\t<\/div>\n\t\t\t\t\t<\/div>\n\t\t<\/div>\n\t\t\t\t\t<\/div>\n\t\t<\/section>\n\t\t\t\t<\/div>","protected":false},"excerpt":{"rendered":"<p><a name=\"buy\"><\/a><br \/>\n<span style=\"text-decoration: underline; color: #3366ff;\"><strong>Avantages de ce produit pour l&#039;hypertension<\/strong><\/span><\/p>\n<ul>\n<li><strong><strong><span style=\"font-family: go;\"><span class=\"fontstyle0\">A la capacit\u00e9 d&#039;abaisser la tension art\u00e9rielle<br \/>\n<\/span><\/span><\/strong><\/strong><\/li>\n<li><strong><strong><span style=\"font-family: go;\"><span class=\"fontstyle0\">Un aliment unique pour le soutien cardiovasculaire, en particulier en termes de maladies cardiovasculaires d\u00e9g\u00e9n\u00e9ratives chroniques<\/span><\/span><\/strong><\/strong><\/li>\n<li><strong><strong><span style=\"font-family: go;\"><span class=\"fontstyle0\"><span class=\"fontstyle1\">Aide \u00e0 pr\u00e9venir les maladies cardiaques en <\/span>abaisser les niveaux d&#039;homocyst\u00e9ine <\/span><\/span><\/strong><\/strong><strong><strong><span style=\"font-family: go;\"><span class=\"fontstyle0\"><br \/>\n<\/span><\/span><\/strong><\/strong><\/li>\n<\/ul>\n<p><strong>\u00a0\u00a0\u00a0\u00a0 &gt;&gt;&gt;<span style=\"font-family: go; font-size: 14pt;\"><a href=\"#more\"><span style=\"color: #0000ff;\">Lire la suite<\/span><\/a><\/span><\/strong><\/p>","protected":false},"featured_media":424,"comment_status":"open","ping_status":"closed","template":"","meta":{"nf_dc_page":"","_bbp_topic_count":0,"_bbp_reply_count":0,"_bbp_total_topic_count":0,"_bbp_total_reply_count":0,"_bbp_voice_count":0,"_bbp_anonymous_reply_count":0,"_bbp_topic_count_hidden":0,"_bbp_reply_count_hidden":0,"_bbp_forum_subforum_count":0},"product_brand":[],"product_cat":[126],"product_tag":[],"class_list":{"0":"post-3224","1":"product","2":"type-product","3":"status-publish","4":"has-post-thumbnail","6":"product_cat-hypertension","8":"first","9":"instock","10":"shipping-taxable","11":"purchasable","12":"product-type-bundle"},"bundled_by":[],"bundle_stock_status":"instock","bundle_stock_quantity":"","bundle_virtual":false,"bundle_layout":"default","bundle_add_to_cart_form_location":"default","bundle_editable_in_cart":false,"bundle_sold_individually_context":"product","bundle_item_grouping":"noindent","bundle_min_size":"","bundle_max_size":"","bundled_items":[{"bundled_item_id":60,"product_id":354,"menu_order":0,"quantity_min":1,"quantity_max":"","quantity_default":1,"priced_individually":false,"shipped_individually":false,"override_title":false,"title":"","override_description":false,"description":"","optional":true,"hide_thumbnail":false,"discount":"","override_variations":false,"allowed_variations":[],"override_default_variation_attributes":false,"default_variation_attributes":[],"single_product_visibility":"hidden","cart_visibility":"hidden","order_visibility":"visible","single_product_price_visibility":"visible","cart_price_visibility":"visible","order_price_visibility":"visible","stock_status":"in_stock"}],"bundle_sell_ids":[],"_links":{"self":[{"href":"https:\/\/www.naturesgiftforlife.com\/fr\/wp-json\/wp\/v2\/product\/3224","targetHints":{"allow":["GET"]}}],"collection":[{"href":"https:\/\/www.naturesgiftforlife.com\/fr\/wp-json\/wp\/v2\/product"}],"about":[{"href":"https:\/\/www.naturesgiftforlife.com\/fr\/wp-json\/wp\/v2\/types\/product"}],"replies":[{"embeddable":true,"href":"https:\/\/www.naturesgiftforlife.com\/fr\/wp-json\/wp\/v2\/comments?post=3224"}],"version-history":[{"count":0,"href":"https:\/\/www.naturesgiftforlife.com\/fr\/wp-json\/wp\/v2\/product\/3224\/revisions"}],"wp:featuredmedia":[{"embeddable":true,"href":"https:\/\/www.naturesgiftforlife.com\/fr\/wp-json\/wp\/v2\/media\/424"}],"wp:attachment":[{"href":"https:\/\/www.naturesgiftforlife.com\/fr\/wp-json\/wp\/v2\/media?parent=3224"}],"wp:term":[{"taxonomy":"product_brand","embeddable":true,"href":"https:\/\/www.naturesgiftforlife.com\/fr\/wp-json\/wp\/v2\/product_brand?post=3224"},{"taxonomy":"product_cat","embeddable":true,"href":"https:\/\/www.naturesgiftforlife.com\/fr\/wp-json\/wp\/v2\/product_cat?post=3224"},{"taxonomy":"product_tag","embeddable":true,"href":"https:\/\/www.naturesgiftforlife.com\/fr\/wp-json\/wp\/v2\/product_tag?post=3224"}],"curies":[{"name":"wp","href":"https:\/\/api.w.org\/{rel}","templated":true}]}}