{"id":3219,"date":"2020-09-30T10:32:01","date_gmt":"2020-09-30T10:32:01","guid":{"rendered":"http:\/\/www.livehealthylivehappy.com\/new\/?post_type=product&#038;p=3219"},"modified":"2023-08-23T14:05:57","modified_gmt":"2023-08-23T14:05:57","slug":"brocolli-extract-prostate-copy-2","status":"publish","type":"product","link":"https:\/\/www.naturesgiftforlife.com\/fr\/shop\/brocolli-extract-prostate-copy-2\/","title":{"rendered":"Co-enzyme Q10 (hypertension)"},"content":{"rendered":"\t\t<div data-elementor-type=\"wp-post\" data-elementor-id=\"3219\" class=\"elementor elementor-3219\">\n\t\t\t\t\t\t<section class=\"elementor-section elementor-top-section elementor-element elementor-element-4f30140a elementor-section-boxed elementor-section-height-default elementor-section-height-default\" data-id=\"4f30140a\" data-element_type=\"section\" data-e-type=\"section\">\n\t\t\t\t\t\t<div class=\"elementor-container elementor-column-gap-default\">\n\t\t\t\t\t<div class=\"elementor-column elementor-col-100 elementor-top-column elementor-element elementor-element-237cd217\" data-id=\"237cd217\" data-element_type=\"column\" data-e-type=\"column\">\n\t\t\t<div class=\"elementor-widget-wrap elementor-element-populated\">\n\t\t\t\t\t\t<div class=\"elementor-element elementor-element-5717b091 elementor-widget elementor-widget-text-editor\" data-id=\"5717b091\" data-element_type=\"widget\" data-e-type=\"widget\" data-widget_type=\"text-editor.default\">\n\t\t\t\t<div class=\"elementor-widget-container\">\n\t\t\t\t\t\t\t\t\t<a name=\"more\"><\/a>[WPSM_AC id=3212]\t\t\t\t\t\t\t\t<\/div>\n\t\t\t\t<\/div>\n\t\t\t\t\t<\/div>\n\t\t<\/div>\n\t\t\t\t\t<\/div>\n\t\t<\/section>\n\t\t\t\t<section class=\"elementor-section elementor-top-section elementor-element elementor-element-d9c6eb7 elementor-section-boxed elementor-section-height-default elementor-section-height-default\" data-id=\"d9c6eb7\" data-element_type=\"section\" data-e-type=\"section\">\n\t\t\t\t\t\t<div class=\"elementor-container elementor-column-gap-default\">\n\t\t\t\t\t<div class=\"elementor-column elementor-col-100 elementor-top-column elementor-element elementor-element-b992607\" data-id=\"b992607\" data-element_type=\"column\" data-e-type=\"column\">\n\t\t\t<div class=\"elementor-widget-wrap elementor-element-populated\">\n\t\t\t\t\t\t<div class=\"elementor-element elementor-element-9b1e8cf elementor-widget elementor-widget-html\" data-id=\"9b1e8cf\" data-element_type=\"widget\" data-e-type=\"widget\" data-widget_type=\"html.default\">\n\t\t\t\t<div class=\"elementor-widget-container\">\n\t\t\t\t\t<a name=\"more\"><\/a>\t\t\t\t<\/div>\n\t\t\t\t<\/div>\n\t\t\t\t<div class=\"elementor-element elementor-element-93ac86d elementor-invisible elementor-widget elementor-widget-toggle\" data-id=\"93ac86d\" data-element_type=\"widget\" data-e-type=\"widget\" data-settings=\"{&quot;_animation&quot;:&quot;flash&quot;}\" data-widget_type=\"toggle.default\">\n\t\t\t\t<div class=\"elementor-widget-container\">\n\t\t\t\t\t\t\t<div class=\"elementor-toggle\">\n\t\t\t\t\t\t\t<div class=\"elementor-toggle-item\">\n\t\t\t\t\t<div id=\"elementor-tab-title-1541\" class=\"elementor-tab-title\" data-tab=\"1\" role=\"button\" aria-controls=\"elementor-tab-content-1541\" aria-expanded=\"false\">\n\t\t\t\t\t\t\t\t\t\t\t\t<span class=\"elementor-toggle-icon elementor-toggle-icon-left\" aria-hidden=\"true\">\n\t\t\t\t\t\t\t\t\t\t\t\t\t\t\t<span class=\"elementor-toggle-icon-closed\"><i class=\"far fa-caret-square-right\"><\/i><\/span>\n\t\t\t\t\t\t\t\t<span class=\"elementor-toggle-icon-opened\"><i class=\"elementor-toggle-icon-opened fas fa-caret-square-up\"><\/i><\/span>\n\t\t\t\t\t\t\t\t\t\t\t\t\t<\/span>\n\t\t\t\t\t\t\t\t\t\t\t\t<a class=\"elementor-toggle-title\" tabindex=\"0\">Detailed Product Description \/ Supplement Facts<\/a>\n\t\t\t\t\t<\/div>\n\n\t\t\t\t\t<div id=\"elementor-tab-content-1541\" class=\"elementor-tab-content elementor-clearfix\" data-tab=\"1\" role=\"region\" aria-labelledby=\"elementor-tab-title-1541\"><p class=\"P1\"><span style=\"font-family: Arial, Helvetica, sans-serif; color: #000000;\"><span class=\"T6\">Extremely helpful for people with cardiovascular disease (including hypertension),<\/span><span class=\"T7\">\u200b\u200b\u00a0<\/span><span class=\"T8\">Co-Enzyme Q-10 is a vitamin-like\u200b\u200b\u00a0<\/span><span class=\"T9\">nutritional supplement that has shown promise<\/span><span class=\"T10\">\u200b\u200b\u00a0<\/span><span class=\"T11\">as a replacement for common blood pressure medications in about half the people who try it.<\/span><span class=\"T12\"><br \/><\/span><span class=\"T13\">CoQ-10 helps improve the function of blood<\/span><span class=\"T14\">vessel walls, thus contributing to the regulation<\/span><span class=\"T15\">\u200b\u200b\u00a0<\/span><span class=\"T16\">of blood pressure. CoQ-10 has also been found\u200b\u200b\u00a0<\/span><span class=\"T17\">to help reduce total\u200b\u200b\u00a0<\/span><span class=\"T18\">cholesterol, improve overallheart function, and promote overall detoxification.<\/span><span class=\"T19\"><br \/><\/span><span class=\"T20\">CoQ-10 has been credited with saving many<\/span><span class=\"T21\">\u200b\u200b\u00a0<\/span><span class=\"T22\">people from congestive heart failure when other<\/span><span class=\"T23\">\u200b\u200b\u00a0<\/span><span class=\"T24\">drugs have failed. Additionally, statin anti-cholesterol drugs cause depletion of CoQ-10 in the<\/span><span class=\"T25\">\u200b\u200b\u00a0<\/span><span class=\"T26\">body. So, supplementation is especially important for patients on such medications.<\/span><\/span><\/p><p>\u00a0<\/p><table style=\"height: 429px;\" width=\"288\"><tbody><tr><td colspan=\"3\" width=\"638\"><p><span style=\"color: #000000;\"><strong>Supplement\u00a0 Facts<\/strong><\/span><\/p><\/td><\/tr><tr><td colspan=\"3\" width=\"638\"><p><span style=\"color: #000000;\">Serving Size: One (1) capsule<\/span><\/p><\/td><\/tr><tr><td width=\"310\">\u00a0<\/td><td width=\"180\"><p><span style=\"color: #000000;\"><strong>Amount per serving <\/strong><\/span><\/p><\/td><td width=\"149\"><p><span style=\"color: #000000;\"><strong>% Daily Value<\/strong><\/span><\/p><\/td><\/tr><tr><td width=\"310\"><p><span style=\"color: #000000;\">Co-Enzyme Q10<\/span><\/p><\/td><td width=\"180\"><p><span style=\"color: #000000;\">20 mg<\/span><\/p><\/td><td width=\"149\"><p><span style=\"color: #000000;\">*<\/span><\/p><\/td><\/tr><tr><td colspan=\"3\" width=\"638\"><p><span style=\"color: #000000;\">Daily Value not established<\/span><\/p><\/td><\/tr><tr><td colspan=\"3\" width=\"638\"><p><span style=\"color: #000000;\">Other ingredients: Gelatin, maltodextrin, silicon dioxide, magnesium stearate<\/span><\/p><\/td><\/tr><\/tbody><\/table><p><span style=\"color: #000000;\"><strong>Directions<\/strong>: 1 capsule daily as a daily supplement. But can also be taken 2-3 times daily in cases of cardiovascular conditions. But it\u2019s advisable to contact medical personnel or prescriber for better dosing.<\/span><\/p><\/div>\n\t\t\t\t<\/div>\n\t\t\t\t\t\t\t<div class=\"elementor-toggle-item\">\n\t\t\t\t\t<div id=\"elementor-tab-title-1542\" class=\"elementor-tab-title\" data-tab=\"2\" role=\"button\" aria-controls=\"elementor-tab-content-1542\" aria-expanded=\"false\">\n\t\t\t\t\t\t\t\t\t\t\t\t<span class=\"elementor-toggle-icon elementor-toggle-icon-left\" aria-hidden=\"true\">\n\t\t\t\t\t\t\t\t\t\t\t\t\t\t\t<span class=\"elementor-toggle-icon-closed\"><i class=\"far fa-caret-square-right\"><\/i><\/span>\n\t\t\t\t\t\t\t\t<span class=\"elementor-toggle-icon-opened\"><i class=\"elementor-toggle-icon-opened fas fa-caret-square-up\"><\/i><\/span>\n\t\t\t\t\t\t\t\t\t\t\t\t\t<\/span>\n\t\t\t\t\t\t\t\t\t\t\t\t<a class=\"elementor-toggle-title\" tabindex=\"0\">..<\/a>\n\t\t\t\t\t<\/div>\n\n\t\t\t\t\t<div id=\"elementor-tab-content-1542\" class=\"elementor-tab-content elementor-clearfix\" data-tab=\"2\" role=\"region\" aria-labelledby=\"elementor-tab-title-1542\"><\/div>\n\t\t\t\t<\/div>\n\t\t\t\t\t\t\t\t<\/div>\n\t\t\t\t\t\t<\/div>\n\t\t\t\t<\/div>\n\t\t\t\t\t<\/div>\n\t\t<\/div>\n\t\t\t\t\t<\/div>\n\t\t<\/section>\n\t\t\t\t<\/div>\n\t\t","protected":false},"excerpt":{"rendered":"<p><a name=\"buy\"><\/a><\/p>\n<p><span style=\"text-decoration: underline; color: #3366ff;\"><strong>Avantages de ce produit pour l&#039;hypertension<\/strong><\/span><\/p>\n<ul>\n<li><strong><strong><span style=\"font-family: go;\"><span class=\"fontstyle0\">Aide \u00e0 am\u00e9liorer la fonction du sang <span class=\"fontstyle2\">parois du navire, contribuant ainsi \u00e0 la r\u00e9gulation <\/span>de la pression art\u00e9rielle<\/span><\/span><\/strong><\/strong><\/li>\n<li><strong><strong><span style=\"font-family: go;\"><span class=\"fontstyle0\">CoQ-10 a \u00e9t\u00e9 cr\u00e9dit\u00e9 d&#039;avoir sauv\u00e9 de nombreux <span class=\"fontstyle2\">les personnes souffrant d&#039;insuffisance cardiaque congestive lorsque d&#039;autres <\/span>les m\u00e9dicaments ont \u00e9chou\u00e9<\/span><\/span><\/strong><\/strong><strong><span style=\"font-family: go;\"><span class=\"fontstyle0\"><br \/>\n<\/span><\/span><\/strong><\/li>\n<\/ul>\n<p><strong>\u00a0\u00a0\u00a0\u00a0\u00a0 &gt;&gt;&gt;<span style=\"font-family: go; font-size: 14pt;\"><a href=\"#more\"><span style=\"color: #0000ff;\">Lire la suite<\/span><\/a><\/span><\/strong><\/p>","protected":false},"featured_media":5929,"comment_status":"open","ping_status":"closed","template":"","meta":{"_bbp_topic_count":0,"_bbp_reply_count":0,"_bbp_total_topic_count":0,"_bbp_total_reply_count":0,"_bbp_voice_count":0,"_bbp_anonymous_reply_count":0,"_bbp_topic_count_hidden":0,"_bbp_reply_count_hidden":0,"_bbp_forum_subforum_count":0},"product_brand":[],"product_cat":[126],"product_tag":[],"class_list":{"0":"post-3219","1":"product","2":"type-product","3":"status-publish","4":"has-post-thumbnail","6":"product_cat-hypertension","8":"first","9":"instock","10":"shipping-taxable","11":"purchasable","12":"product-type-bundle"},"bundled_by":[],"bundle_stock_status":"instock","bundle_stock_quantity":"","bundle_virtual":false,"bundle_layout":"default","bundle_add_to_cart_form_location":"default","bundle_editable_in_cart":false,"bundle_sold_individually_context":"product","bundle_item_grouping":"noindent","bundle_min_size":"","bundle_max_size":"","bundled_items":[{"bundled_item_id":61,"product_id":531,"menu_order":0,"quantity_min":1,"quantity_max":"","quantity_default":1,"priced_individually":false,"shipped_individually":false,"override_title":false,"title":"","override_description":false,"description":"","optional":true,"hide_thumbnail":false,"discount":"","override_variations":false,"allowed_variations":[],"override_default_variation_attributes":false,"default_variation_attributes":[],"single_product_visibility":"hidden","cart_visibility":"hidden","order_visibility":"visible","single_product_price_visibility":"visible","cart_price_visibility":"visible","order_price_visibility":"visible","stock_status":"out_of_stock"}],"bundle_sell_ids":[],"_links":{"self":[{"href":"https:\/\/www.naturesgiftforlife.com\/fr\/wp-json\/wp\/v2\/product\/3219","targetHints":{"allow":["GET"]}}],"collection":[{"href":"https:\/\/www.naturesgiftforlife.com\/fr\/wp-json\/wp\/v2\/product"}],"about":[{"href":"https:\/\/www.naturesgiftforlife.com\/fr\/wp-json\/wp\/v2\/types\/product"}],"replies":[{"embeddable":true,"href":"https:\/\/www.naturesgiftforlife.com\/fr\/wp-json\/wp\/v2\/comments?post=3219"}],"version-history":[{"count":0,"href":"https:\/\/www.naturesgiftforlife.com\/fr\/wp-json\/wp\/v2\/product\/3219\/revisions"}],"wp:featuredmedia":[{"embeddable":true,"href":"https:\/\/www.naturesgiftforlife.com\/fr\/wp-json\/wp\/v2\/media\/5929"}],"wp:attachment":[{"href":"https:\/\/www.naturesgiftforlife.com\/fr\/wp-json\/wp\/v2\/media?parent=3219"}],"wp:term":[{"taxonomy":"product_brand","embeddable":true,"href":"https:\/\/www.naturesgiftforlife.com\/fr\/wp-json\/wp\/v2\/product_brand?post=3219"},{"taxonomy":"product_cat","embeddable":true,"href":"https:\/\/www.naturesgiftforlife.com\/fr\/wp-json\/wp\/v2\/product_cat?post=3219"},{"taxonomy":"product_tag","embeddable":true,"href":"https:\/\/www.naturesgiftforlife.com\/fr\/wp-json\/wp\/v2\/product_tag?post=3219"}],"curies":[{"name":"wp","href":"https:\/\/api.w.org\/{rel}","templated":true}]}}