{"id":3188,"date":"2020-09-30T07:43:06","date_gmt":"2020-09-30T07:43:06","guid":{"rendered":"http:\/\/www.livehealthylivehappy.com\/new\/?post_type=product&#038;p=3188"},"modified":"2023-08-23T14:11:34","modified_gmt":"2023-08-23T14:11:34","slug":"acai-juice-prostate","status":"publish","type":"product","link":"https:\/\/www.naturesgiftforlife.com\/fr\/shop\/acai-juice-prostate\/","title":{"rendered":"Jus d&#039;A\u00e7a\u00ef (Prostate)"},"content":{"rendered":"<div data-elementor-type=\"wp-post\" data-elementor-id=\"3188\" class=\"elementor elementor-3188\">\n\t\t\t\t\t\t<section class=\"elementor-section elementor-top-section elementor-element elementor-element-9b219b5 elementor-section-boxed elementor-section-height-default elementor-section-height-default\" data-id=\"9b219b5\" data-element_type=\"section\" data-e-type=\"section\">\n\t\t\t\t\t\t<div class=\"elementor-container elementor-column-gap-default\">\n\t\t\t\t\t<div class=\"elementor-column elementor-col-100 elementor-top-column elementor-element elementor-element-e60f76c\" data-id=\"e60f76c\" data-element_type=\"column\" data-e-type=\"column\">\n\t\t\t<div class=\"elementor-widget-wrap elementor-element-populated\">\n\t\t\t\t\t\t<div class=\"elementor-element elementor-element-6405a66 elementor-widget elementor-widget-html\" data-id=\"6405a66\" data-element_type=\"widget\" data-e-type=\"widget\" data-widget_type=\"html.default\">\n\t\t\t\t<div class=\"elementor-widget-container\">\n\t\t\t\t\t<a name=\"more\"><\/a>\t\t\t\t<\/div>\n\t\t\t\t<\/div>\n\t\t\t\t<div class=\"elementor-element elementor-element-d8c12fa elementor-invisible elementor-widget elementor-widget-toggle\" data-id=\"d8c12fa\" data-element_type=\"widget\" data-e-type=\"widget\" data-settings=\"{&quot;_animation&quot;:&quot;flash&quot;}\" data-widget_type=\"toggle.default\">\n\t\t\t\t<div class=\"elementor-widget-container\">\n\t\t\t\t\t\t\t<div class=\"elementor-toggle\">\n\t\t\t\t\t\t\t<div class=\"elementor-toggle-item\">\n\t\t\t\t\t<div id=\"elementor-tab-title-2271\" class=\"elementor-tab-title\" data-tab=\"1\" role=\"button\" aria-controls=\"elementor-tab-content-2271\" aria-expanded=\"false\">\n\t\t\t\t\t\t\t\t\t\t\t\t<span class=\"elementor-toggle-icon elementor-toggle-icon-left\" aria-hidden=\"true\">\n\t\t\t\t\t\t\t\t\t\t\t\t\t\t\t<span class=\"elementor-toggle-icon-closed\"><i class=\"far fa-caret-square-right\"><\/i><\/span>\n\t\t\t\t\t\t\t\t<span class=\"elementor-toggle-icon-opened\"><i class=\"elementor-toggle-icon-opened fas fa-caret-square-up\"><\/i><\/span>\n\t\t\t\t\t\t\t\t\t\t\t\t\t<\/span>\n\t\t\t\t\t\t\t\t\t\t\t\t<a class=\"elementor-toggle-title\" tabindex=\"0\">Description d\u00e9taill\u00e9e du produit \/ faits sur les suppl\u00e9ments<\/a>\n\t\t\t\t\t<\/div>\n\n\t\t\t\t\t<div id=\"elementor-tab-content-2271\" class=\"elementor-tab-content elementor-clearfix\" data-tab=\"1\" role=\"region\" aria-labelledby=\"elementor-tab-title-2271\"><p><span style=\"font-family: Arial, Helvetica, sans-serif; color: #000000;\">The antioxidant punch of acai may be a powerful weapon in the fight against benign prostatic hyperplasia. Subsequent research has shown that in addition to the anthocyanins and\u200b\u200b essential fatty acids, acai also contains a healthy dose of plant sterols, another class of phytochemicals that have been shown to relieve prostate enlargement. Acai is in the same family as saw palmetto, a common herbal treatment for prostate enlargement.<\/span><\/p><p class=\"P111\"><span style=\"font-family: Arial, Helvetica, sans-serif; color: #000000;\"><span class=\"T112\">RESENTATION:\u200b\u200b\u00a0<\/span><span class=\"T113\">Bouteille de 32 onces ou 946 ml de pur jus d&#039;a\u00e7ai<\/span><\/span><\/p><div class=\"dxoResponsiveTable\"><table class=\"Table114\"><colgroup> <col class=\"TableColumn115\" data-colwidth=\"4.3645\" data-colwidthunits=\"in\" \/> <col class=\"TableColumn116\" data-colwidth=\"1.059\" data-colwidthunits=\"in\" \/> <col class=\"TableColumn117\" data-colwidth=\"1.0604\" data-colwidthunits=\"in\" \/><\/colgroup><tbody><tr class=\"TableRow118\"><td class=\"TableCell119\" colspan=\"3\"><p class=\"P120\"><span style=\"font-family: Arial, Helvetica, sans-serif; color: #000000;\"><span class=\"T121\">Faits sur les suppl\u00e9ments<\/span><span class=\"T122\"><br \/><\/span><span class=\"T123\">Size of a serving:\u200b\u200b\u00a0<\/span><span class=\"T124\">30 ml (2 cuill\u00e8res \u00e0 soupe) (1 bouchon de bouteille)<\/span><span class=\"T125\"><br \/><\/span><span class=\"T126\">Dose par bo\u00eete: 32<\/span><\/span><\/p><\/td><\/tr><tr class=\"TableRow127\"><td class=\"TableCell128\"><p class=\"P129\"><span class=\"T130\" style=\"font-family: Arial, Helvetica, sans-serif; color: #000000;\">Ingredients\u200b\u200b\u00a0<\/span><\/p><\/td><td class=\"TableCell131\"><p class=\"P132\"><span class=\"T133\" style=\"font-family: Arial, Helvetica, sans-serif; color: #000000;\">Dose per serving\u200b\u200b\u00a0<\/span><\/p><\/td><td class=\"TableCell134\"><p class=\"P135\"><span class=\"T136\" style=\"font-family: Arial, Helvetica, sans-serif; color: #000000;\">% valeurs quotidiennes<\/span><\/p><\/td><\/tr><tr class=\"TableRow137\"><td class=\"TableCell138\"><p class=\"P139\"><span class=\"T140\" style=\"font-family: Arial, Helvetica, sans-serif; color: #000000;\">Acai (fruit d&#039;Euterpe oleracea)<\/span><\/p><\/td><td class=\"TableCell141\"><p class=\"P142\"><span class=\"T143\" style=\"font-family: Arial, Helvetica, sans-serif; color: #000000;\">30,000 mg\u200b\u200b\u00a0<\/span><\/p><\/td><td class=\"TableCell144\"><p class=\"P145\"><span class=\"T146\" style=\"font-family: Arial, Helvetica, sans-serif; color: #000000;\">*<\/span><\/p><\/td><\/tr><tr class=\"TableRow147\"><td class=\"TableCell148\"><p class=\"P149\"><span class=\"T150\" style=\"font-family: Arial, Helvetica, sans-serif; color: #000000;\">Calories\u200b\u200b\u00a0<\/span><\/p><\/td><td class=\"TableCell151\"><p class=\"P152\"><span class=\"T153\" style=\"font-family: Arial, Helvetica, sans-serif; color: #000000;\">15\u200b\u200b\u00a0<\/span><\/p><\/td><td class=\"TableCell154\"><p class=\"P155\"><span class=\"T156\" style=\"font-family: Arial, Helvetica, sans-serif; color: #000000;\">*<\/span><\/p><\/td><\/tr><tr class=\"TableRow157\"><td class=\"TableCell158\"><p class=\"P159\"><span class=\"T160\" style=\"font-family: Arial, Helvetica, sans-serif; color: #000000;\">Calories of fat\u200b\u200b\u00a0<\/span><\/p><\/td><td class=\"TableCell161\"><p class=\"P162\"><span class=\"T163\" style=\"font-family: Arial, Helvetica, sans-serif; color: #000000;\">0\u200b\u200b\u00a0<\/span><\/p><\/td><td class=\"TableCell164\"><p class=\"P165\"><span class=\"T166\" style=\"font-family: Arial, Helvetica, sans-serif; color: #000000;\">0%<\/span><\/p><\/td><\/tr><tr class=\"TableRow167\"><td class=\"TableCell168\"><p class=\"P169\"><span class=\"T170\" style=\"font-family: Arial, Helvetica, sans-serif; color: #000000;\">Total fats\u200b\u200b\u00a0<\/span><\/p><\/td><td class=\"TableCell171\"><p class=\"P172\"><span class=\"T173\" style=\"font-family: Arial, Helvetica, sans-serif; color: #000000;\">0\u200b\u200b\u00a0<\/span><\/p><\/td><td class=\"TableCell174\"><p class=\"P175\"><span class=\"T176\" style=\"font-family: Arial, Helvetica, sans-serif; color: #000000;\">0%<\/span><\/p><\/td><\/tr><tr class=\"TableRow177\"><td class=\"TableCell178\"><p class=\"P179\"><span class=\"T180\" style=\"font-family: Arial, Helvetica, sans-serif; color: #000000;\">Saturated fats\u200b\u200b\u00a0<\/span><\/p><\/td><td class=\"TableCell181\"><p class=\"P182\"><span class=\"T183\" style=\"font-family: Arial, Helvetica, sans-serif; color: #000000;\">0\u200b\u200b\u00a0<\/span><\/p><\/td><td class=\"TableCell184\"><p class=\"P185\"><span class=\"T186\" style=\"font-family: Arial, Helvetica, sans-serif; color: #000000;\">0%<\/span><\/p><\/td><\/tr><tr class=\"TableRow187\"><td class=\"TableCell188\"><p class=\"P189\"><span class=\"T190\" style=\"font-family: Arial, Helvetica, sans-serif; color: #000000;\">Cholesterol\u200b\u200b\u00a0<\/span><\/p><\/td><td class=\"TableCell191\"><p class=\"P192\"><span class=\"T193\" style=\"font-family: Arial, Helvetica, sans-serif; color: #000000;\">0 mg\u200b\u200b\u00a0<\/span><\/p><\/td><td class=\"TableCell194\"><p class=\"P195\"><span class=\"T196\" style=\"font-family: Arial, Helvetica, sans-serif; color: #000000;\">0%<\/span><\/p><\/td><\/tr><tr class=\"TableRow197\"><td class=\"TableCell198\"><p class=\"P199\"><span class=\"T200\" style=\"font-family: Arial, Helvetica, sans-serif; color: #000000;\">Total carbohydrate\u200b\u200b\u00a0<\/span><\/p><\/td><td class=\"TableCell201\"><p class=\"P202\"><span class=\"T203\" style=\"font-family: Arial, Helvetica, sans-serif; color: #000000;\">4 mg\u200b\u200b\u00a0<\/span><\/p><\/td><td class=\"TableCell204\"><p class=\"P205\"><span class=\"T206\" style=\"font-family: Arial, Helvetica, sans-serif; color: #000000;\">1%<\/span><\/p><\/td><\/tr><tr class=\"TableRow207\"><td class=\"TableCell208\"><p class=\"P209\"><span class=\"T210\" style=\"font-family: Arial, Helvetica, sans-serif; color: #000000;\">Food fibers\u200b\u200b\u00a0<\/span><\/p><\/td><td class=\"TableCell211\"><p class=\"P212\"><span class=\"T213\" style=\"font-family: Arial, Helvetica, sans-serif; color: #000000;\">1g\u200b\u200b\u00a0<\/span><\/p><\/td><td class=\"TableCell214\"><p class=\"P215\"><span class=\"T216\" style=\"font-family: Arial, Helvetica, sans-serif; color: #000000;\">2%<\/span><\/p><\/td><\/tr><tr class=\"TableRow217\"><td class=\"TableCell218\"><p class=\"P219\"><span class=\"T220\" style=\"font-family: Arial, Helvetica, sans-serif; color: #000000;\">Sugars\u200b\u200b\u00a0<\/span><\/p><\/td><td class=\"TableCell221\"><p class=\"P222\"><span class=\"T223\" style=\"font-family: Arial, Helvetica, sans-serif; color: #000000;\">3g\u200b\u200b\u00a0<\/span><\/p><\/td><td class=\"TableCell224\"><p class=\"P225\"><span class=\"T226\" style=\"font-family: Arial, Helvetica, sans-serif; color: #000000;\">*<\/span><\/p><\/td><\/tr><tr class=\"TableRow227\"><td class=\"TableCell228\"><p class=\"P229\"><span class=\"T230\" style=\"font-family: Arial, Helvetica, sans-serif; color: #000000;\">Protein\u200b\u200b\u00a0<\/span><\/p><\/td><td class=\"TableCell231\"><p class=\"P232\"><span class=\"T233\" style=\"font-family: Arial, Helvetica, sans-serif; color: #000000;\">1.5g\u200b\u200b\u00a0<\/span><\/p><\/td><td class=\"TableCell234\"><p class=\"P235\"><span class=\"T236\" style=\"font-family: Arial, Helvetica, sans-serif; color: #000000;\">*<\/span><\/p><\/td><\/tr><tr class=\"TableRow237\"><td class=\"TableCell238\" colspan=\"3\"><p class=\"P239\"><span style=\"font-family: Arial, Helvetica, sans-serif; color: #000000;\"><span class=\"T240\">The daily value\u200b\u200b\u00a0<\/span><span class=\"T241\">les pourcentages sont bas\u00e9s sur un sch\u00e9ma de 2000 calories.<\/span><span class=\"T242\"><br \/><\/span><span class=\"T243\">Ingr\u00e9dients certifi\u00e9s 100% pur jus d&#039;a\u00e7a\u00ef fabriqu\u00e9 \u00e0 partir de fruits m\u00fbrs entiers s\u00e9lectionn\u00e9s<\/span><span class=\"T244\"><br \/><\/span><span class=\"T245\">Euterpe Oleracea, y compris l&#039;\u00e9piccarpe (sa peau), le m\u00e9socarpe (sa chair pulpeuse)<\/span><span class=\"T246\"><br \/><\/span><span class=\"T247\">et la fin de la carpe, qui contient la graine a\u00e7<\/span><\/span><\/p><\/td><\/tr><\/tbody><\/table><\/div><p class=\"P249\"><span style=\"font-family: Arial, Helvetica, sans-serif; color: #000000;\"><span class=\"T250\">POSOLOGIE:<\/span><span class=\"T251\">\u200b\u200b\u00a01tablespoon in the morning before meal. Or 1 tablet 2x a day.<\/span><\/span><\/p><p class=\"P252\"><span style=\"font-family: Arial, Helvetica, sans-serif; color: #000000;\"><span class=\"T253\">NB<\/span><span class=\"T254\">: Shake well before use and refrigerate after opening\u200b\u200b\u00a0<\/span><\/span><\/p><\/div>\n\t\t\t\t<\/div>\n\t\t\t\t\t\t\t<div class=\"elementor-toggle-item\">\n\t\t\t\t\t<div id=\"elementor-tab-title-2272\" class=\"elementor-tab-title\" data-tab=\"2\" role=\"button\" aria-controls=\"elementor-tab-content-2272\" aria-expanded=\"false\">\n\t\t\t\t\t\t\t\t\t\t\t\t<span class=\"elementor-toggle-icon elementor-toggle-icon-left\" aria-hidden=\"true\">\n\t\t\t\t\t\t\t\t\t\t\t\t\t\t\t<span class=\"elementor-toggle-icon-closed\"><i class=\"far fa-caret-square-right\"><\/i><\/span>\n\t\t\t\t\t\t\t\t<span class=\"elementor-toggle-icon-opened\"><i class=\"elementor-toggle-icon-opened fas fa-caret-square-up\"><\/i><\/span>\n\t\t\t\t\t\t\t\t\t\t\t\t\t<\/span>\n\t\t\t\t\t\t\t\t\t\t\t\t<a class=\"elementor-toggle-title\" tabindex=\"0\">..<\/a>\n\t\t\t\t\t<\/div>\n\n\t\t\t\t\t<div id=\"elementor-tab-content-2272\" class=\"elementor-tab-content elementor-clearfix\" data-tab=\"2\" role=\"region\" aria-labelledby=\"elementor-tab-title-2272\"><\/div>\n\t\t\t\t<\/div>\n\t\t\t\t\t\t\t\t<\/div>\n\t\t\t\t\t\t<\/div>\n\t\t\t\t<\/div>\n\t\t\t\t\t<\/div>\n\t\t<\/div>\n\t\t\t\t\t<\/div>\n\t\t<\/section>\n\t\t\t\t<\/div>","protected":false},"excerpt":{"rendered":"<p><a name=\"buy\"><\/a><\/p>\n<p><span style=\"text-decoration: underline; color: #3366ff;\"><strong>Avantages de ce produit pour la prostate<\/strong><\/span><\/p>\n<ul>\n<li><strong><strong><span style=\"font-family: go;\"><span class=\"fontstyle0\">Une arme puissante dans la lutte contre l&#039;hyperplasie b\u00e9nigne de la prostate<br \/>\n<\/span><\/span><\/strong><\/strong><\/li>\n<li><strong><strong><strong><strong><span style=\"font-family: go;\"><span class=\"fontstyle0\">Contient une bonne dose de st\u00e9rols v\u00e9g\u00e9taux, une autre classe de compos\u00e9s phytochimiques qui soulagent l&#039;\u00e9largissement de la prostate<br \/>\n<\/span><\/span><\/strong><\/strong><\/strong><\/strong><\/li>\n<\/ul>\n<p><strong>\u00a0\u00a0\u00a0\u00a0\u00a0 &gt;&gt;&gt;<span style=\"font-family: go; font-size: 14pt;\"><a href=\"#more\"><span style=\"color: #0000ff;\">Lire la suite<\/span><\/a><\/span><\/strong><\/p>","protected":false},"featured_media":3192,"comment_status":"open","ping_status":"closed","template":"","meta":{"nf_dc_page":"","_bbp_topic_count":0,"_bbp_reply_count":0,"_bbp_total_topic_count":0,"_bbp_total_reply_count":0,"_bbp_voice_count":0,"_bbp_anonymous_reply_count":0,"_bbp_topic_count_hidden":0,"_bbp_reply_count_hidden":0,"_bbp_forum_subforum_count":0},"product_brand":[],"product_cat":[130],"product_tag":[],"class_list":{"0":"post-3188","1":"product","2":"type-product","3":"status-publish","4":"has-post-thumbnail","6":"product_cat-prostate","8":"first","9":"instock","10":"shipping-taxable","11":"purchasable","12":"product-type-bundle"},"bundled_by":[],"bundle_stock_status":"instock","bundle_stock_quantity":"","bundle_virtual":false,"bundle_layout":"default","bundle_add_to_cart_form_location":"default","bundle_editable_in_cart":false,"bundle_sold_individually_context":"product","bundle_item_grouping":"noindent","bundle_min_size":"","bundle_max_size":"","bundled_items":[{"bundled_item_id":74,"product_id":5965,"menu_order":0,"quantity_min":1,"quantity_max":"","quantity_default":1,"priced_individually":false,"shipped_individually":false,"override_title":false,"title":"","override_description":false,"description":"","optional":true,"hide_thumbnail":false,"discount":"","override_variations":false,"allowed_variations":[],"override_default_variation_attributes":false,"default_variation_attributes":[],"single_product_visibility":"hidden","cart_visibility":"hidden","order_visibility":"visible","single_product_price_visibility":"visible","cart_price_visibility":"visible","order_price_visibility":"visible","stock_status":"in_stock"}],"bundle_sell_ids":[],"_links":{"self":[{"href":"https:\/\/www.naturesgiftforlife.com\/fr\/wp-json\/wp\/v2\/product\/3188","targetHints":{"allow":["GET"]}}],"collection":[{"href":"https:\/\/www.naturesgiftforlife.com\/fr\/wp-json\/wp\/v2\/product"}],"about":[{"href":"https:\/\/www.naturesgiftforlife.com\/fr\/wp-json\/wp\/v2\/types\/product"}],"replies":[{"embeddable":true,"href":"https:\/\/www.naturesgiftforlife.com\/fr\/wp-json\/wp\/v2\/comments?post=3188"}],"version-history":[{"count":0,"href":"https:\/\/www.naturesgiftforlife.com\/fr\/wp-json\/wp\/v2\/product\/3188\/revisions"}],"wp:featuredmedia":[{"embeddable":true,"href":"https:\/\/www.naturesgiftforlife.com\/fr\/wp-json\/wp\/v2\/media\/3192"}],"wp:attachment":[{"href":"https:\/\/www.naturesgiftforlife.com\/fr\/wp-json\/wp\/v2\/media?parent=3188"}],"wp:term":[{"taxonomy":"product_brand","embeddable":true,"href":"https:\/\/www.naturesgiftforlife.com\/fr\/wp-json\/wp\/v2\/product_brand?post=3188"},{"taxonomy":"product_cat","embeddable":true,"href":"https:\/\/www.naturesgiftforlife.com\/fr\/wp-json\/wp\/v2\/product_cat?post=3188"},{"taxonomy":"product_tag","embeddable":true,"href":"https:\/\/www.naturesgiftforlife.com\/fr\/wp-json\/wp\/v2\/product_tag?post=3188"}],"curies":[{"name":"wp","href":"https:\/\/api.w.org\/{rel}","templated":true}]}}