{"id":3136,"date":"2020-09-29T15:50:08","date_gmt":"2020-09-29T15:50:08","guid":{"rendered":"http:\/\/www.livehealthylivehappy.com\/new\/?post_type=product&#038;p=3136"},"modified":"2023-08-23T14:20:51","modified_gmt":"2023-08-23T14:20:51","slug":"herbal-male-fertility-2","status":"publish","type":"product","link":"https:\/\/www.naturesgiftforlife.com\/fr\/shop\/herbal-male-fertility-2\/","title":{"rendered":"Fertilit\u00e9 masculine \u00e0 base de plantes 60Cap (infertilit\u00e9 masculine)"},"content":{"rendered":"<div data-elementor-type=\"wp-post\" data-elementor-id=\"3136\" class=\"elementor elementor-3136\">\n\t\t\t\t\t\t<section class=\"elementor-section elementor-top-section elementor-element elementor-element-b9abf67 elementor-section-boxed elementor-section-height-default elementor-section-height-default\" data-id=\"b9abf67\" data-element_type=\"section\" data-e-type=\"section\">\n\t\t\t\t\t\t<div class=\"elementor-container elementor-column-gap-default\">\n\t\t\t\t\t<div class=\"elementor-column elementor-col-100 elementor-top-column elementor-element elementor-element-e208afe\" data-id=\"e208afe\" data-element_type=\"column\" data-e-type=\"column\">\n\t\t\t<div class=\"elementor-widget-wrap elementor-element-populated\">\n\t\t\t\t\t\t<div class=\"elementor-element elementor-element-6024921 elementor-widget elementor-widget-html\" data-id=\"6024921\" data-element_type=\"widget\" data-e-type=\"widget\" data-widget_type=\"html.default\">\n\t\t\t\t<div class=\"elementor-widget-container\">\n\t\t\t\t\t<a name=\"more\"><\/a>\t\t\t\t<\/div>\n\t\t\t\t<\/div>\n\t\t\t\t<div class=\"elementor-element elementor-element-864ef1c elementor-invisible elementor-widget elementor-widget-toggle\" data-id=\"864ef1c\" data-element_type=\"widget\" data-e-type=\"widget\" data-settings=\"{&quot;_animation&quot;:&quot;flash&quot;}\" data-widget_type=\"toggle.default\">\n\t\t\t\t<div class=\"elementor-widget-container\">\n\t\t\t\t\t\t\t<div class=\"elementor-toggle\">\n\t\t\t\t\t\t\t<div class=\"elementor-toggle-item\">\n\t\t\t\t\t<div id=\"elementor-tab-title-1401\" class=\"elementor-tab-title\" data-tab=\"1\" role=\"button\" aria-controls=\"elementor-tab-content-1401\" aria-expanded=\"false\">\n\t\t\t\t\t\t\t\t\t\t\t\t<span class=\"elementor-toggle-icon elementor-toggle-icon-left\" aria-hidden=\"true\">\n\t\t\t\t\t\t\t\t\t\t\t\t\t\t\t<span class=\"elementor-toggle-icon-closed\"><i class=\"far fa-caret-square-right\"><\/i><\/span>\n\t\t\t\t\t\t\t\t<span class=\"elementor-toggle-icon-opened\"><i class=\"elementor-toggle-icon-opened fas fa-caret-square-up\"><\/i><\/span>\n\t\t\t\t\t\t\t\t\t\t\t\t\t<\/span>\n\t\t\t\t\t\t\t\t\t\t\t\t<a class=\"elementor-toggle-title\" tabindex=\"0\">Description d\u00e9taill\u00e9e du produit \/ faits sur les suppl\u00e9ments<\/a>\n\t\t\t\t\t<\/div>\n\n\t\t\t\t\t<div id=\"elementor-tab-content-1401\" class=\"elementor-tab-content elementor-clearfix\" data-tab=\"1\" role=\"region\" aria-labelledby=\"elementor-tab-title-1401\"><p class=\"P1\"><span style=\"color: #000000;\"><span class=\"T6\">Soutient la fonction des organes sexuels masculins (prostate, v\u00e9sicules s\u00e9minales, testicules, p\u00e9nis). Aide \u00e0 maintenir une production de spermatozo\u00efdes, une motilit\u00e9 et une sant\u00e9 saines.<\/span><span class=\"T7\"><br \/><\/span><span class=\"T8\">Maintains healthy\u200b\u200b\u00a0<\/span><span class=\"T9\">testosterone levels and overall male systemic health along with healthy sex drive and strong, healthy erections. Contains Zinc, L-Arginine,\u200b\u200b\u00a0<\/span><span class=\"T10\">Epimedium sagittatum,\u200b\u200b\u00a0<\/span><span class=\"T11\">Maca Powder, Yohimbe Extract, Ginseng Powder, Catuaba,\u200b\u200b\u00a0<\/span><span class=\"T12\">Cnidium monnieri,\u200b\u200b\u00a0<\/span><span class=\"T13\">Gingko Biloba, Muira\u200b\u200b\u00a0<\/span><span class=\"T14\">Pauma, Oats Straw, and\u200b\u200b\u00a0<\/span><span class=\"T15\">Xanthoparmelia scabrosa<\/span><span class=\"T16\">.<\/span><\/span><\/p><p class=\"Normal\"><span style=\"color: #000000;\"><span class=\"T17\"><br \/><\/span><span class=\"T18\">Arginine<\/span><span class=\"T19\">\u2013Est un acide amin\u00e9 pr\u00e9sent dans de nombreux aliments, est n\u00e9cessaire \u00e0 la production de spermatozo\u00efdes. La production de cet acide amin\u00e9 non essentiel diminue avec l&#039;\u00e2ge. Des recherches pr\u00e9liminaires montrent que plusieurs mois de L-arginine supp<\/span><span class=\"T20\">La l\u00e9mentation augmente le volume de sperme, le nombre de spermatozo\u00efdes, la qualit\u00e9 et la fertilit\u00e9. L&#039;arginine est ajout\u00e9e \u00e0 de nombreux suppl\u00e9ments pour son incroyable capacit\u00e9 de r\u00e9tention d&#039;azote, car la production d&#039;oxyde d&#039;azote (NO) permet une \u00e9rection plus rigide.<\/span><span class=\"T21\"><br \/><\/span><span class=\"T22\">MACA<\/span><span class=\"T23\">\u2013Est un l\u00e9gendaire sud-am\u00e9ricain<\/span><span class=\"T24\">\u200b\u200b\u00a0botanical proven to promote libido, potency, energy, and stamina. Has been used for athletic performance, impotence and erectile dysfunction, fertility enhancement, aphrodisiac effects, male menopause, hormone balancing, and increasing testosterone levels<\/span><span class=\"T25\">. Les hommes qui utilisent la Maca ont \u00e9t\u00e9<\/span><span class=\"T26\"><br \/><\/span><span class=\"T27\">d\u00e9montr\u00e9 avoir une augmentation de la libido et des spermatozo\u00efdes en bonne sant\u00e9.<\/span><\/span><\/p><p class=\"Normal\"><span style=\"color: #000000;\"><span class=\"T28\"><br \/><\/span><span class=\"T29\">Epimedium sagittatum<\/span><span class=\"T30\">-<\/span><span class=\"T31\">est parfois appel\u00e9e \u00abherbe de ch\u00e8vre corn\u00e9e\u00bb. Cette botanique stimule la libido, traite l&#039;impuissance et soutient des niveaux de testost\u00e9rone sains pour une plus grande production de sperme<\/span><span class=\"T32\">uction. Il aide \u00e0 moduler les niveaux de cortisol (la principale hormone du stress), \u00e0 restaurer le m\u00e9tabolisme normal, les niveaux d&#039;\u00e9nergie et la libido. Aide \u00e9galement \u00e0 augmenter le volume de sperme, la production de sperme et la fertilit\u00e9.<\/span><span class=\"T33\"><br \/><\/span><span class=\"T34\">Cnidium monnier<\/span><span class=\"T35\">-<\/span><span class=\"T36\">est un puissant extrait de fruit naturel, foun<\/span><span class=\"T37\">d pour aider \u00e0 d\u00e9tendre la r\u00e9gion g\u00e9nitale, en particulier le corps caverneux du p\u00e9nis, ce qui pourrait potentiellement aider \u00e0 la circulation sanguine, aux \u00e9rections et \u00e0 l&#039;apport de nutriments essentiels. Il a \u00e9t\u00e9 utilis\u00e9 en Asie comme stimulant sexuel naturel pendant des si\u00e8cles.<\/span><span class=\"T38\"><br \/><\/span><span class=\"T39\">\u00c9corce de Catuaba<\/span><span class=\"T40\">-un B<\/span><span class=\"T41\">herbe razilienne qui renforce la libido et nourrit tout le syst\u00e8me reproducteur masculin.<\/span><span class=\"T42\"><br \/><\/span><span class=\"T43\">Yohimbe<\/span><span class=\"T44\">\u2013an African botanical with aphrodisiac qualities. It not only increases performance and heightens enjoyment, it also has been shown to help increase sexual\u200b\u200b\u00a0<\/span><span class=\"T45\">l&#039;excitation et le volume de sperme.<\/span><span class=\"T46\"><br \/><\/span><span class=\"T47\">This is extremely helpful for those suffering sexual side effects from psychological impotence or other physiological problems.\u200b\u200b\u00a0<\/span><\/span><\/p><p class=\"Normal\"><span style=\"color: #000000;\"><span class=\"T48\">Yohimbe has been shown to help improve overall mood, promote relaxation, and naturally help diminish\u200b\u200b\u00a0<\/span><span class=\"T49\">anxi\u00e9t\u00e9.<\/span><span class=\"T50\"><br \/><\/span><span class=\"T51\">Xanthoparmelia scabrosa<\/span><span class=\"T52\">-<\/span><span class=\"T53\">a Chinese herbal that has been used for over 1000 years as a sexual enhancer. The seeds of this plant are known to extend the duration of erections.\u200b\u200b\u00a0<\/span><span class=\"T54\">Xanthoparmelia scarbrosa\u200b\u200b\u00a0<\/span><span class=\"T55\">augmente le flux sanguin et la dilatation art\u00e9rielle<\/span><span class=\"T56\">\u200b\u200b\u00a0the genital region. This allows for easier semen production because of the added<\/span><span class=\"T57\"><br \/><\/span><span class=\"T58\">soutien nutritif. C&#039;est une source naturelle de pyrazalo pyrimidinone (un composant essentiel des principaux m\u00e9dicaments d&#039;ordonnance pour l&#039;impuissance).<\/span><span class=\"T59\"><br \/><\/span><span class=\"T60\">Ginseng asiatique (Panax Ginseng) -<\/span><span class=\"T61\">used in\u200b\u200b\u00a0<\/span><span class=\"T62\">La m\u00e9decine chinoise depuis des milliers d&#039;ann\u00e9es, et<\/span><span class=\"T63\"><br \/><\/span><span class=\"T64\">populaire dans le monde entier pour soutenir des niveaux de testost\u00e9rone sains et am\u00e9liorer le nombre, la qualit\u00e9 et la motilit\u00e9 des spermatozo\u00efdes. La recherche a montr\u00e9 que 4 grammes par jour pendant trois mois peuvent s&#039;av\u00e9rer utiles pour l&#039;infertilit\u00e9 masculine.<\/span><span class=\"T65\"><br \/><\/span><span class=\"T66\">Muira P<\/span><span class=\"T67\">uama<\/span><span class=\"T68\">\u2013Une plante br\u00e9silienne appr\u00e9ci\u00e9e pour son effet sur les probl\u00e8mes \u00e9rectiles. Il fournit \u00e9galement un \u00e9quilibre mental et augmente la libido. Cette plante est un apport naturel d&#039;\u00e9nergie et un stimulateur sexuel.<\/span><\/span><\/p><p class=\"P69\">\u00a0<\/p><p class=\"P70\"><span style=\"color: #000000;\"><span class=\"T71\">PRESENTATION:\u200b\u200b\u00a0<\/span><span class=\"T72\">bo\u00eete de 60 g\u00e9lules<\/span><\/span><\/p><div class=\"dxoResponsiveTable\"><table class=\"Table73\"><colgroup><col class=\"TableColumn74\" data-colwidth=\"4.0111\" data-colwidthunits=\"in\" \/><col class=\"TableColumn75\" data-colwidth=\"1.3041\" data-colwidthunits=\"in\" \/><col class=\"TableColumn76\" data-colwidth=\"1.4833\" data-colwidthunits=\"in\" \/><\/colgroup><tbody><tr class=\"TableRow77\"><td class=\"TableCell78\"><p class=\"P79\"><span class=\"T80\" style=\"color: #000000;\">Une portion: 6 Dose par bo\u00eete: 1 0<\/span><\/p><\/td><td class=\"TableCell81\" colspan=\"2\"><p class=\"P82\">\u00a0<\/p><\/td><\/tr><tr class=\"TableRow83\"><td class=\"TableCell84\"><p class=\"P85\"><span class=\"T86\" style=\"color: #000000;\">Ingredients\u200b\u200b\u00a0<\/span><\/p><\/td><td class=\"TableCell87\"><p class=\"P88\"><span class=\"T89\" style=\"color: #000000;\">Amount per dose\u200b\u200b\u00a0<\/span><\/p><\/td><td class=\"TableCell90\"><p class=\"P91\"><span class=\"T92\" style=\"color: #000000;\">% valeurs quotidiennes<\/span><\/p><\/td><\/tr><tr class=\"TableRow93\"><td class=\"TableCell94\"><p class=\"P95\"><span class=\"T96\" style=\"color: #000000;\">Vitamin C (ascorbic acid)\u200b\u200b\u00a0<\/span><\/p><\/td><td class=\"TableCell97\"><p class=\"P98\"><span class=\"T99\" style=\"color: #000000;\">300 mg\u200b\u200b\u00a0<\/span><\/p><\/td><td class=\"TableCell100\"><p class=\"P101\"><span class=\"T102\" style=\"color: #000000;\">500%<\/span><\/p><\/td><\/tr><tr class=\"TableRow103\"><td class=\"TableCell104\"><p class=\"P105\"><span class=\"T106\" style=\"color: #000000;\">Vitamin E (di-alpha tocopheryl-acetate)\u200b\u200b\u00a0<\/span><\/p><\/td><td class=\"TableCell107\"><p class=\"P108\"><span class=\"T109\" style=\"color: #000000;\">150 IU\u200b\u200b\u00a0<\/span><\/p><\/td><td class=\"TableCell110\"><p class=\"P111\"><span class=\"T112\" style=\"color: #000000;\">500%<\/span><\/p><\/td><\/tr><tr class=\"TableRow113\"><td class=\"TableCell114\"><p class=\"P115\"><span class=\"T116\" style=\"color: #000000;\">Vitamin B6 (pyridoxine hydrochloride)\u200b\u200b\u00a0<\/span><\/p><\/td><td class=\"TableCell117\"><p class=\"P118\"><span class=\"T119\" style=\"color: #000000;\">2 mg\u200b\u200b\u00a0<\/span><\/p><\/td><td class=\"TableCell120\"><p class=\"P121\"><span class=\"T122\" style=\"color: #000000;\">1 00%<\/span><\/p><\/td><\/tr><tr class=\"TableRow123\"><td class=\"TableCell124\"><p class=\"P125\"><span class=\"T126\" style=\"color: #000000;\">Folate (folic acid)\u200b\u200b\u00a0<\/span><\/p><\/td><td class=\"TableCell127\"><p class=\"P128\"><span class=\"T129\" style=\"color: #000000;\">400 mcg\u200b\u200b\u00a0<\/span><\/p><\/td><td class=\"TableCell130\"><p class=\"P131\"><span class=\"T132\" style=\"color: #000000;\">1 00%<\/span><\/p><\/td><\/tr><tr class=\"TableRow133\"><td class=\"TableCell134\"><p class=\"P135\"><span class=\"T136\" style=\"color: #000000;\">Calcium (di-calcium phosphate)\u200b\u200b\u00a0<\/span><\/p><\/td><td class=\"TableCell137\"><p class=\"P138\"><span class=\"T139\" style=\"color: #000000;\">46 mg\u200b\u200b\u00a0<\/span><\/p><\/td><td class=\"TableCell140\"><p class=\"P141\"><span class=\"T142\" style=\"color: #000000;\">5%<\/span><\/p><\/td><\/tr><tr class=\"TableRow143\"><td class=\"TableCell144\"><p class=\"P145\"><span class=\"T146\" style=\"color: #000000;\">Phosphorus (di-calcium phosphate)\u200b\u200b\u00a0<\/span><\/p><\/td><td class=\"TableCell147\"><p class=\"P148\"><span class=\"T149\" style=\"color: #000000;\">36 mg\u200b\u200b\u00a0<\/span><\/p><\/td><td class=\"TableCell150\"><p class=\"P151\"><span class=\"T152\" style=\"color: #000000;\">4%<\/span><\/p><\/td><\/tr><tr class=\"TableRow153\"><td class=\"TableCell154\"><p class=\"P155\"><span class=\"T156\" style=\"color: #000000;\">Zinc (zinc oxide)\u200b\u200b\u00a0<\/span><\/p><\/td><td class=\"TableCell157\"><p class=\"P158\"><span class=\"T159\" style=\"color: #000000;\">30 mg\u200b\u200b\u00a0<\/span><\/p><\/td><td class=\"TableCell160\"><p class=\"P161\"><span class=\"T162\" style=\"color: #000000;\">200%<\/span><\/p><\/td><\/tr><tr class=\"TableRow163\"><td class=\"TableCell164\"><p class=\"P165\"><span class=\"T166\" style=\"color: #000000;\">L-carnitine fumarate\u200b\u200b\u00a0<\/span><\/p><\/td><td class=\"TableCell167\"><p class=\"P168\"><span class=\"T169\" style=\"color: #000000;\">4000 mg\u200b\u200b\u00a0<\/span><\/p><\/td><td class=\"TableCell170\"><p class=\"P171\"><span class=\"T172\" style=\"color: #000000;\">*<\/span><\/p><\/td><\/tr><tr class=\"TableRow173\"><td class=\"TableCell174\"><p class=\"P175\"><span class=\"T176\" style=\"color: #000000;\">Arginine (hydrochloride of l-arginine)\u200b\u200b\u00a0<\/span><\/p><\/td><td class=\"TableCell177\"><p class=\"P178\"><span class=\"T179\" style=\"color: #000000;\">1,500 mg\u200b\u200b\u00a0<\/span><\/p><\/td><td class=\"TableCell180\"><p class=\"P181\"><span class=\"T182\" style=\"color: #000000;\">*<\/span><\/p><\/td><\/tr><tr class=\"TableRow183\"><td class=\"TableCell184\"><p class=\"P185\"><span class=\"T186\" style=\"color: #000000;\">L-taurine\u200b\u200b\u00a0<\/span><\/p><\/td><td class=\"TableCell187\"><p class=\"P188\"><span class=\"T189\" style=\"color: #000000;\">1,000 mg\u200b\u200b\u00a0<\/span><\/p><\/td><td class=\"TableCell190\"><p class=\"P191\"><span class=\"T192\" style=\"color: #000000;\">*<\/span><\/p><\/td><\/tr><tr class=\"TableRow193\"><td class=\"TableCell194\"><p class=\"P195\"><span class=\"T196\" style=\"color: #000000;\">Pine bark (pinus massoniana bark)\u200b\u200b\u00a0<\/span><\/p><\/td><td class=\"TableCell197\"><p class=\"P198\"><span class=\"T199\" style=\"color: #000000;\">50 mg\u200b\u200b\u00a0<\/span><\/p><\/td><td class=\"TableCell200\"><p class=\"P201\"><span class=\"T202\" style=\"color: #000000;\">*<\/span><\/p><\/td><\/tr><tr class=\"TableRow203\"><td class=\"TableCell204\"><p class=\"P205\"><span class=\"T206\" style=\"color: #000000;\">Lycobeads (5% lycopene)\u200b\u200b\u00a0<\/span><\/p><\/td><td class=\"TableCell207\"><p class=\"P208\"><span class=\"T209\" style=\"color: #000000;\">1 0 mg\u200b\u200b\u00a0<\/span><\/p><\/td><td class=\"TableCell210\"><p class=\"P211\"><span class=\"T212\" style=\"color: #000000;\">*<\/span><\/p><\/td><\/tr><tr class=\"TableRow213\"><td class=\"TableCell214\"><p class=\"P215\"><span style=\"color: #000000;\"><span class=\"T216\">Autres ingr\u00e9dients: cellulose microcristalline, croscarmellose sodique, acide st\u00e9arique v\u00e9g\u00e9tal,<\/span><span class=\"T217\"><br \/><\/span><span class=\"T218\">st\u00e9arate de magn\u00e9sium v\u00e9g\u00e9tal et vernis pharmaceutique.<\/span><span class=\"T219\"><br \/><\/span><span class=\"T220\">Valeurs quotidiennes non \u00e9tablies<\/span><\/span><\/p><\/td><td class=\"TableCell221\"><p class=\"P222\">\u00a0<\/p><\/td><td class=\"TableCell223\"><p class=\"P224\">\u00a0<\/p><\/td><\/tr><\/tbody><\/table><\/div><p class=\"P225\">\u00a0<\/p><\/div>\n\t\t\t\t<\/div>\n\t\t\t\t\t\t\t<div class=\"elementor-toggle-item\">\n\t\t\t\t\t<div id=\"elementor-tab-title-1402\" class=\"elementor-tab-title\" data-tab=\"2\" role=\"button\" aria-controls=\"elementor-tab-content-1402\" aria-expanded=\"false\">\n\t\t\t\t\t\t\t\t\t\t\t\t<span class=\"elementor-toggle-icon elementor-toggle-icon-left\" aria-hidden=\"true\">\n\t\t\t\t\t\t\t\t\t\t\t\t\t\t\t<span class=\"elementor-toggle-icon-closed\"><i class=\"far fa-caret-square-right\"><\/i><\/span>\n\t\t\t\t\t\t\t\t<span class=\"elementor-toggle-icon-opened\"><i class=\"elementor-toggle-icon-opened fas fa-caret-square-up\"><\/i><\/span>\n\t\t\t\t\t\t\t\t\t\t\t\t\t<\/span>\n\t\t\t\t\t\t\t\t\t\t\t\t<a class=\"elementor-toggle-title\" tabindex=\"0\">..<\/a>\n\t\t\t\t\t<\/div>\n\n\t\t\t\t\t<div id=\"elementor-tab-content-1402\" class=\"elementor-tab-content elementor-clearfix\" data-tab=\"2\" role=\"region\" aria-labelledby=\"elementor-tab-title-1402\"><\/div>\n\t\t\t\t<\/div>\n\t\t\t\t\t\t\t\t<\/div>\n\t\t\t\t\t\t<\/div>\n\t\t\t\t<\/div>\n\t\t\t\t\t<\/div>\n\t\t<\/div>\n\t\t\t\t\t<\/div>\n\t\t<\/section>\n\t\t\t\t<\/div>","protected":false},"excerpt":{"rendered":"<p><a name=\"buy\"><\/a><\/p>\n<p><span style=\"text-decoration: underline; color: #3366ff;\"><strong>Avantages de ce produit pour (Infertilit\u00e9 masculine)<\/strong><\/span><\/p>\n<ul>\n<li>Fertilit\u00e9 masculine \u00e0 base de plantes<\/li>\n<li><strong><span style=\"font-family: go;\"><span class=\"fontstyle0\">Soutient la fonction des organes sexuels masculins (prostate, v\u00e9sicules s\u00e9minales, testicules, p\u00e9nis)<br \/>\n<\/span><\/span><\/strong><\/li>\n<li><strong><span style=\"font-family: go;\"><span class=\"fontstyle0\">Aide \u00e0 maintenir une production, une motilit\u00e9 et une sant\u00e9 saines du sperme <\/span><\/span><\/strong><strong><strong><span style=\"font-family: go;\"><span class=\"fontstyle0\"><br \/>\n<\/span><\/span><\/strong><\/strong><\/li>\n<\/ul>\n<p><strong>\u00a0\u00a0\u00a0\u00a0\u00a0 &gt;&gt;&gt;<span style=\"font-family: go; font-size: 14pt;\"><a href=\"#more\"><span style=\"color: #0000ff;\">Lire la suite<\/span><\/a><\/span><\/strong><\/p>","protected":false},"featured_media":3140,"comment_status":"open","ping_status":"closed","template":"","meta":{"nf_dc_page":"","_bbp_topic_count":0,"_bbp_reply_count":0,"_bbp_total_topic_count":0,"_bbp_total_reply_count":0,"_bbp_voice_count":0,"_bbp_anonymous_reply_count":0,"_bbp_topic_count_hidden":0,"_bbp_reply_count_hidden":0,"_bbp_forum_subforum_count":0},"product_brand":[],"product_cat":[128],"product_tag":[],"class_list":{"0":"post-3136","1":"product","2":"type-product","3":"status-publish","4":"has-post-thumbnail","6":"product_cat-male-infertility","8":"first","9":"instock","10":"shipping-taxable","11":"purchasable","12":"product-type-bundle"},"bundled_by":[],"bundle_stock_status":"instock","bundle_stock_quantity":"","bundle_virtual":false,"bundle_layout":"default","bundle_add_to_cart_form_location":"default","bundle_editable_in_cart":false,"bundle_sold_individually_context":"product","bundle_item_grouping":"parent","bundle_min_size":"","bundle_max_size":"","bundled_items":[{"bundled_item_id":65,"product_id":8143,"menu_order":0,"quantity_min":1,"quantity_max":"","quantity_default":1,"priced_individually":false,"shipped_individually":false,"override_title":false,"title":"","override_description":false,"description":"","optional":true,"hide_thumbnail":false,"discount":"","override_variations":false,"allowed_variations":[],"override_default_variation_attributes":false,"default_variation_attributes":[],"single_product_visibility":"hidden","cart_visibility":"hidden","order_visibility":"visible","single_product_price_visibility":"visible","cart_price_visibility":"visible","order_price_visibility":"visible","stock_status":"out_of_stock"}],"bundle_sell_ids":[],"_links":{"self":[{"href":"https:\/\/www.naturesgiftforlife.com\/fr\/wp-json\/wp\/v2\/product\/3136","targetHints":{"allow":["GET"]}}],"collection":[{"href":"https:\/\/www.naturesgiftforlife.com\/fr\/wp-json\/wp\/v2\/product"}],"about":[{"href":"https:\/\/www.naturesgiftforlife.com\/fr\/wp-json\/wp\/v2\/types\/product"}],"replies":[{"embeddable":true,"href":"https:\/\/www.naturesgiftforlife.com\/fr\/wp-json\/wp\/v2\/comments?post=3136"}],"version-history":[{"count":0,"href":"https:\/\/www.naturesgiftforlife.com\/fr\/wp-json\/wp\/v2\/product\/3136\/revisions"}],"wp:featuredmedia":[{"embeddable":true,"href":"https:\/\/www.naturesgiftforlife.com\/fr\/wp-json\/wp\/v2\/media\/3140"}],"wp:attachment":[{"href":"https:\/\/www.naturesgiftforlife.com\/fr\/wp-json\/wp\/v2\/media?parent=3136"}],"wp:term":[{"taxonomy":"product_brand","embeddable":true,"href":"https:\/\/www.naturesgiftforlife.com\/fr\/wp-json\/wp\/v2\/product_brand?post=3136"},{"taxonomy":"product_cat","embeddable":true,"href":"https:\/\/www.naturesgiftforlife.com\/fr\/wp-json\/wp\/v2\/product_cat?post=3136"},{"taxonomy":"product_tag","embeddable":true,"href":"https:\/\/www.naturesgiftforlife.com\/fr\/wp-json\/wp\/v2\/product_tag?post=3136"}],"curies":[{"name":"wp","href":"https:\/\/api.w.org\/{rel}","templated":true}]}}