{"id":3091,"date":"2020-09-29T12:02:01","date_gmt":"2020-09-29T12:02:01","guid":{"rendered":"http:\/\/www.livehealthylivehappy.com\/new\/?post_type=product&#038;p=3091"},"modified":"2023-08-21T11:32:06","modified_gmt":"2023-08-21T11:32:06","slug":"colon-cleanser-hemorrhoids-copy","status":"publish","type":"product","link":"https:\/\/www.naturesgiftforlife.com\/fr\/shop\/colon-cleanser-hemorrhoids-copy\/","title":{"rendered":"Jus d&#039;Aloe Vera (h\u00e9morro\u00efdes)"},"content":{"rendered":"<div data-elementor-type=\"wp-post\" data-elementor-id=\"3091\" class=\"elementor elementor-3091\">\n\t\t\t\t\t\t<section class=\"elementor-section elementor-top-section elementor-element elementor-element-7f2e67f elementor-section-boxed elementor-section-height-default elementor-section-height-default\" data-id=\"7f2e67f\" data-element_type=\"section\" data-e-type=\"section\">\n\t\t\t\t\t\t<div class=\"elementor-container elementor-column-gap-default\">\n\t\t\t\t\t<div class=\"elementor-column elementor-col-100 elementor-top-column elementor-element elementor-element-93dcc0d\" data-id=\"93dcc0d\" data-element_type=\"column\" data-e-type=\"column\">\n\t\t\t<div class=\"elementor-widget-wrap elementor-element-populated\">\n\t\t\t\t\t\t<div class=\"elementor-element elementor-element-1132846 elementor-widget elementor-widget-html\" data-id=\"1132846\" data-element_type=\"widget\" data-e-type=\"widget\" data-widget_type=\"html.default\">\n\t\t\t\t<div class=\"elementor-widget-container\">\n\t\t\t\t\t<a name=\"more\"><\/a>\t\t\t\t<\/div>\n\t\t\t\t<\/div>\n\t\t\t\t<div class=\"elementor-element elementor-element-ee7a897 elementor-invisible elementor-widget elementor-widget-toggle\" data-id=\"ee7a897\" data-element_type=\"widget\" data-e-type=\"widget\" data-settings=\"{&quot;_animation&quot;:&quot;flash&quot;}\" data-widget_type=\"toggle.default\">\n\t\t\t\t<div class=\"elementor-widget-container\">\n\t\t\t\t\t\t\t<div class=\"elementor-toggle\">\n\t\t\t\t\t\t\t<div class=\"elementor-toggle-item\">\n\t\t\t\t\t<div id=\"elementor-tab-title-2501\" class=\"elementor-tab-title\" data-tab=\"1\" role=\"button\" aria-controls=\"elementor-tab-content-2501\" aria-expanded=\"false\">\n\t\t\t\t\t\t\t\t\t\t\t\t<span class=\"elementor-toggle-icon elementor-toggle-icon-left\" aria-hidden=\"true\">\n\t\t\t\t\t\t\t\t\t\t\t\t\t\t\t<span class=\"elementor-toggle-icon-closed\"><i class=\"far fa-caret-square-right\"><\/i><\/span>\n\t\t\t\t\t\t\t\t<span class=\"elementor-toggle-icon-opened\"><i class=\"elementor-toggle-icon-opened fas fa-caret-square-up\"><\/i><\/span>\n\t\t\t\t\t\t\t\t\t\t\t\t\t<\/span>\n\t\t\t\t\t\t\t\t\t\t\t\t<a class=\"elementor-toggle-title\" tabindex=\"0\">Description d\u00e9taill\u00e9e du produit \/ faits sur les suppl\u00e9ments<\/a>\n\t\t\t\t\t<\/div>\n\n\t\t\t\t\t<div id=\"elementor-tab-content-2501\" class=\"elementor-tab-content elementor-clearfix\" data-tab=\"1\" role=\"region\" aria-labelledby=\"elementor-tab-title-2501\"><p class=\"P1\"><span style=\"font-family: Arial, Helvetica, sans-serif; color: #000000;\">Aloe\u200b\u200b\u00a0Vera\u200b\u200b\u00a0possesses properties similar to aspirin when applied topically. An astringent that helps to heal open wounds, relieve pain, and soothe burning and itching, aloe also acts as a\u200b\u200b\u00a0natural anti-inflammatory. Reduces bleeding both topically and below the surface. Apply\u200b\u200b\u00a0soft gels\u200b\u200b\u00a0per anum. The juice also helps soften your stools and activates peristaltic action.<\/span><\/p><p><span style=\"font-family: Arial, Helvetica, sans-serif; color: #000000;\"><strong>PR\u00c9SENTATION:<\/strong> bouteille de 32 onces liquides, soit 946,4 ml.<\/span><\/p><table width=\"445\"><tbody><tr><td colspan=\"3\" width=\"445\"><p><span style=\"font-family: Arial, Helvetica, sans-serif; color: #000000;\"><strong>Taille d&#039;une portion : 4 onces (120 ml) Dose par bo\u00eete : environ 8<\/strong><\/span><\/p><\/td><\/tr><tr><td width=\"246\"><p><span style=\"font-family: Arial, Helvetica, sans-serif; color: #000000;\"><strong>Ingr\u00e9dients <\/strong><\/span><\/p><\/td><td width=\"92\"><p><span style=\"font-family: Arial, Helvetica, sans-serif; color: #000000;\"><strong>Les dosages <\/strong><\/span><\/p><\/td><td width=\"107\"><p><span style=\"font-family: Arial, Helvetica, sans-serif; color: #000000;\"><strong>Valeur quotidienne %<\/strong><\/span><\/p><\/td><\/tr><tr><td width=\"246\"><p><span style=\"font-family: Arial, Helvetica, sans-serif; color: #000000;\">Mati\u00e8res grasses totales<\/span><\/p><\/td><td width=\"92\"><p><span style=\"font-family: Arial, Helvetica, sans-serif; color: #000000;\">0g<\/span><\/p><\/td><td width=\"107\"><p><span style=\"font-family: Arial, Helvetica, sans-serif; color: #000000;\">0%<\/span><\/p><\/td><\/tr><tr><td width=\"246\"><p><span style=\"font-family: Arial, Helvetica, sans-serif; color: #000000;\">Graisses satur\u00e9es<\/span><\/p><\/td><td width=\"92\"><p><span style=\"font-family: Arial, Helvetica, sans-serif; color: #000000;\">0g<\/span><\/p><\/td><td width=\"107\"><p><span style=\"font-family: Arial, Helvetica, sans-serif; color: #000000;\">0%<\/span><\/p><\/td><\/tr><tr><td width=\"246\"><p><span style=\"font-family: Arial, Helvetica, sans-serif; color: #000000;\">Cholest\u00e9rol<\/span><\/p><\/td><td width=\"92\"><p><span style=\"font-family: Arial, Helvetica, sans-serif; color: #000000;\">0 mg<\/span><\/p><\/td><td width=\"107\"><p><span style=\"font-family: Arial, Helvetica, sans-serif; color: #000000;\">0%<\/span><\/p><\/td><\/tr><tr><td width=\"246\"><p><span style=\"font-family: Arial, Helvetica, sans-serif; color: #000000;\">Sodium<\/span><\/p><\/td><td width=\"92\"><p><span style=\"font-family: Arial, Helvetica, sans-serif; color: #000000;\">20 mg<\/span><\/p><\/td><td width=\"107\"><p><span style=\"font-family: Arial, Helvetica, sans-serif; color: #000000;\">1%<\/span><\/p><\/td><\/tr><tr><td width=\"246\"><p><span style=\"font-family: Arial, Helvetica, sans-serif; color: #000000;\">Glucides totaux<\/span><\/p><\/td><td width=\"92\"><p><span style=\"font-family: Arial, Helvetica, sans-serif; color: #000000;\">1g<\/span><\/p><\/td><td width=\"107\"><p><span style=\"font-family: Arial, Helvetica, sans-serif; color: #000000;\">1%<\/span><\/p><\/td><\/tr><tr><td width=\"246\"><p><span style=\"font-family: Arial, Helvetica, sans-serif; color: #000000;\">Fibres alimentaires<\/span><\/p><\/td><td width=\"92\"><p><span style=\"font-family: Arial, Helvetica, sans-serif; color: #000000;\">0g<\/span><\/p><\/td><td width=\"107\"><p><span style=\"font-family: Arial, Helvetica, sans-serif; color: #000000;\">0%<\/span><\/p><\/td><\/tr><tr><td width=\"246\"><p><span style=\"font-family: Arial, Helvetica, sans-serif; color: #000000;\">Sucres<\/span><\/p><\/td><td width=\"92\"><p><span style=\"font-family: Arial, Helvetica, sans-serif; color: #000000;\">0g<\/span><\/p><\/td><td width=\"107\"><p><span style=\"font-family: Arial, Helvetica, sans-serif; color: #000000;\">*<\/span><\/p><\/td><\/tr><tr><td width=\"246\"><p><span style=\"font-family: Arial, Helvetica, sans-serif; color: #000000;\">Prot\u00e9ine<\/span><\/p><\/td><td width=\"92\"><p><span style=\"font-family: Arial, Helvetica, sans-serif; color: #000000;\">1g<\/span><\/p><\/td><td width=\"107\">\u00a0<\/td><\/tr><tr><td colspan=\"3\" width=\"445\"><p><span style=\"font-family: Arial, Helvetica, sans-serif; color: #000000;\">* Valeurs journali\u00e8res non \u00e9tablies.<\/span><\/p><p><span style=\"font-family: Arial, Helvetica, sans-serif; color: #000000;\">Other ingredients: Certified organic aloe vera juice (99.7%) less than 1%\u2026<\/span><\/p><\/td><\/tr><\/tbody><\/table><p>\u00a0<\/p><\/div>\n\t\t\t\t<\/div>\n\t\t\t\t\t\t\t<div class=\"elementor-toggle-item\">\n\t\t\t\t\t<div id=\"elementor-tab-title-2502\" class=\"elementor-tab-title\" data-tab=\"2\" role=\"button\" aria-controls=\"elementor-tab-content-2502\" aria-expanded=\"false\">\n\t\t\t\t\t\t\t\t\t\t\t\t<span class=\"elementor-toggle-icon elementor-toggle-icon-left\" aria-hidden=\"true\">\n\t\t\t\t\t\t\t\t\t\t\t\t\t\t\t<span class=\"elementor-toggle-icon-closed\"><i class=\"far fa-caret-square-right\"><\/i><\/span>\n\t\t\t\t\t\t\t\t<span class=\"elementor-toggle-icon-opened\"><i class=\"elementor-toggle-icon-opened fas fa-caret-square-up\"><\/i><\/span>\n\t\t\t\t\t\t\t\t\t\t\t\t\t<\/span>\n\t\t\t\t\t\t\t\t\t\t\t\t<a class=\"elementor-toggle-title\" tabindex=\"0\">..<\/a>\n\t\t\t\t\t<\/div>\n\n\t\t\t\t\t<div id=\"elementor-tab-content-2502\" class=\"elementor-tab-content elementor-clearfix\" data-tab=\"2\" role=\"region\" aria-labelledby=\"elementor-tab-title-2502\"><\/div>\n\t\t\t\t<\/div>\n\t\t\t\t\t\t\t\t<\/div>\n\t\t\t\t\t\t<\/div>\n\t\t\t\t<\/div>\n\t\t\t\t\t<\/div>\n\t\t<\/div>\n\t\t\t\t\t<\/div>\n\t\t<\/section>\n\t\t\t\t<\/div>","protected":false},"excerpt":{"rendered":"<p><a name=\"buy\"><\/a><\/p>\n<p><span style=\"text-decoration: underline; color: #3366ff;\"><strong>Avantages de ce produit pour (h\u00e9morro\u00efdes)<\/strong><\/span><\/p>\n<ul>\n<li><strong><span style=\"font-family: go;\"><span class=\"fontstyle0\">Aide \u00e0 gu\u00e9rir les plaies ouvertes, \u00e0 soulager la douleur, \u00e0 apaiser les br\u00fblures et\u00a0<\/span><\/span><\/strong><span style=\"font-family: go;\"><b>d\u00e9mangeaison<\/b><\/span><\/li>\n<li><strong><span style=\"font-family: go;\"><span class=\"fontstyle0\">Agit \u00e9galement comme anti-inflammatoire naturel.<\/span><\/span><\/strong><\/li>\n<li><strong><span style=\"font-family: go;\"><span class=\"fontstyle0\"> R\u00e9duit les saignements \u00e0 la fois par voie topique et sous la surface<br \/>\n<\/span><\/span><\/strong><\/li>\n<\/ul>\n<p><strong>\u00a0\u00a0\u00a0\u00a0\u00a0 &gt;&gt;&gt;<span style=\"font-family: go; font-size: 14pt;\"><a href=\"#more\"><span style=\"color: #0000ff;\">Lire la suite<\/span><\/a><\/span><\/strong><\/p>","protected":false},"featured_media":1249,"comment_status":"open","ping_status":"closed","template":"","meta":{"nf_dc_page":"","_bbp_topic_count":0,"_bbp_reply_count":0,"_bbp_total_topic_count":0,"_bbp_total_reply_count":0,"_bbp_voice_count":0,"_bbp_anonymous_reply_count":0,"_bbp_topic_count_hidden":0,"_bbp_reply_count_hidden":0,"_bbp_forum_subforum_count":0},"product_brand":[],"product_cat":[124],"product_tag":[],"class_list":{"0":"post-3091","1":"product","2":"type-product","3":"status-publish","4":"has-post-thumbnail","6":"product_cat-hemorrhoids","8":"first","9":"instock","10":"shipping-taxable","11":"purchasable","12":"product-type-bundle"},"bundled_by":[],"bundle_stock_status":"instock","bundle_stock_quantity":"","bundle_virtual":false,"bundle_layout":"default","bundle_add_to_cart_form_location":"default","bundle_editable_in_cart":false,"bundle_sold_individually_context":"product","bundle_item_grouping":"noindent","bundle_min_size":"","bundle_max_size":"","bundled_items":[{"bundled_item_id":73,"product_id":10642,"menu_order":0,"quantity_min":1,"quantity_max":"","quantity_default":1,"priced_individually":false,"shipped_individually":false,"override_title":false,"title":"","override_description":false,"description":"","optional":true,"hide_thumbnail":false,"discount":"","override_variations":false,"allowed_variations":[],"override_default_variation_attributes":false,"default_variation_attributes":[],"single_product_visibility":"hidden","cart_visibility":"hidden","order_visibility":"visible","single_product_price_visibility":"visible","cart_price_visibility":"visible","order_price_visibility":"visible","stock_status":"out_of_stock"}],"bundle_sell_ids":[],"_links":{"self":[{"href":"https:\/\/www.naturesgiftforlife.com\/fr\/wp-json\/wp\/v2\/product\/3091","targetHints":{"allow":["GET"]}}],"collection":[{"href":"https:\/\/www.naturesgiftforlife.com\/fr\/wp-json\/wp\/v2\/product"}],"about":[{"href":"https:\/\/www.naturesgiftforlife.com\/fr\/wp-json\/wp\/v2\/types\/product"}],"replies":[{"embeddable":true,"href":"https:\/\/www.naturesgiftforlife.com\/fr\/wp-json\/wp\/v2\/comments?post=3091"}],"version-history":[{"count":0,"href":"https:\/\/www.naturesgiftforlife.com\/fr\/wp-json\/wp\/v2\/product\/3091\/revisions"}],"wp:featuredmedia":[{"embeddable":true,"href":"https:\/\/www.naturesgiftforlife.com\/fr\/wp-json\/wp\/v2\/media\/1249"}],"wp:attachment":[{"href":"https:\/\/www.naturesgiftforlife.com\/fr\/wp-json\/wp\/v2\/media?parent=3091"}],"wp:term":[{"taxonomy":"product_brand","embeddable":true,"href":"https:\/\/www.naturesgiftforlife.com\/fr\/wp-json\/wp\/v2\/product_brand?post=3091"},{"taxonomy":"product_cat","embeddable":true,"href":"https:\/\/www.naturesgiftforlife.com\/fr\/wp-json\/wp\/v2\/product_cat?post=3091"},{"taxonomy":"product_tag","embeddable":true,"href":"https:\/\/www.naturesgiftforlife.com\/fr\/wp-json\/wp\/v2\/product_tag?post=3091"}],"curies":[{"name":"wp","href":"https:\/\/api.w.org\/{rel}","templated":true}]}}