{"id":3084,"date":"2020-09-29T11:35:40","date_gmt":"2020-09-29T11:35:40","guid":{"rendered":"http:\/\/www.livehealthylivehappy.com\/new\/?post_type=product&#038;p=3084"},"modified":"2023-08-21T11:34:16","modified_gmt":"2023-08-21T11:34:16","slug":"leg-veins-hemorrhoids-hemorrhoids-copy","status":"publish","type":"product","link":"https:\/\/www.naturesgiftforlife.com\/fr\/shop\/leg-veins-hemorrhoids-hemorrhoids-copy\/","title":{"rendered":"Colon Cleanser 60 (cap) (h\u00e9morro\u00efdes)"},"content":{"rendered":"<div data-elementor-type=\"wp-post\" data-elementor-id=\"3084\" class=\"elementor elementor-3084\">\n\t\t\t\t\t\t<section class=\"elementor-section elementor-top-section elementor-element elementor-element-06687b8 elementor-section-boxed elementor-section-height-default elementor-section-height-default\" data-id=\"06687b8\" data-element_type=\"section\" data-e-type=\"section\">\n\t\t\t\t\t\t<div class=\"elementor-container elementor-column-gap-default\">\n\t\t\t\t\t<div class=\"elementor-column elementor-col-100 elementor-top-column elementor-element elementor-element-6fafe95\" data-id=\"6fafe95\" data-element_type=\"column\" data-e-type=\"column\">\n\t\t\t<div class=\"elementor-widget-wrap elementor-element-populated\">\n\t\t\t\t\t\t<div class=\"elementor-element elementor-element-a25cb06 elementor-widget elementor-widget-html\" data-id=\"a25cb06\" data-element_type=\"widget\" data-e-type=\"widget\" data-widget_type=\"html.default\">\n\t\t\t\t<div class=\"elementor-widget-container\">\n\t\t\t\t\t<a name=\"more\"><\/a>\t\t\t\t<\/div>\n\t\t\t\t<\/div>\n\t\t\t\t<div class=\"elementor-element elementor-element-1e738ec elementor-invisible elementor-widget elementor-widget-toggle\" data-id=\"1e738ec\" data-element_type=\"widget\" data-e-type=\"widget\" data-settings=\"{&quot;_animation&quot;:&quot;flash&quot;}\" data-widget_type=\"toggle.default\">\n\t\t\t\t<div class=\"elementor-widget-container\">\n\t\t\t\t\t\t\t<div class=\"elementor-toggle\">\n\t\t\t\t\t\t\t<div class=\"elementor-toggle-item\">\n\t\t\t\t\t<div id=\"elementor-tab-title-3191\" class=\"elementor-tab-title\" data-tab=\"1\" role=\"button\" aria-controls=\"elementor-tab-content-3191\" aria-expanded=\"false\">\n\t\t\t\t\t\t\t\t\t\t\t\t<span class=\"elementor-toggle-icon elementor-toggle-icon-left\" aria-hidden=\"true\">\n\t\t\t\t\t\t\t\t\t\t\t\t\t\t\t<span class=\"elementor-toggle-icon-closed\"><i class=\"far fa-caret-square-right\"><\/i><\/span>\n\t\t\t\t\t\t\t\t<span class=\"elementor-toggle-icon-opened\"><i class=\"elementor-toggle-icon-opened fas fa-caret-square-up\"><\/i><\/span>\n\t\t\t\t\t\t\t\t\t\t\t\t\t<\/span>\n\t\t\t\t\t\t\t\t\t\t\t\t<a class=\"elementor-toggle-title\" tabindex=\"0\">Description d\u00e9taill\u00e9e du produit \/ faits sur les suppl\u00e9ments<\/a>\n\t\t\t\t\t<\/div>\n\n\t\t\t\t\t<div id=\"elementor-tab-content-3191\" class=\"elementor-tab-content elementor-clearfix\" data-tab=\"1\" role=\"region\" aria-labelledby=\"elementor-tab-title-3191\"><p class=\"P1\"><span style=\"color: #000000; font-family: Arial, Helvetica, sans-serif;\">Fiber is nature\u2019s best and most\u200b\u200b effective laxative. These products\u200b\u200b reduce pain and bleeding and\u200b\u200b soften stool for hemorrhoid\u200b\u200b sufferers. Take after meals with\u200b\u200b large glass of water.<\/span><\/p><p><span style=\"font-family: Arial, Helvetica, sans-serif; color: #000000;\"><strong>PR\u00c9SENTATION:<\/strong><strong><br \/><\/strong>Bo\u00eete de 60 g\u00e9lules et bo\u00eete de 120 g\u00e9lules.<\/span><\/p><table><tbody><tr><td width=\"407\"><p><span style=\"font-family: Arial, Helvetica, sans-serif; color: #000000;\"><strong>Portion : 1 Dose par bo\u00eete : 60 <\/strong>et <strong>120<\/strong><\/span><\/p><\/td><td colspan=\"2\" width=\"224\"><p>\u00a0<\/p><\/td><\/tr><tr><td width=\"208\"><p><span style=\"font-family: Arial, Helvetica, sans-serif; color: #000000;\"><strong>Ingr\u00e9dients <\/strong><\/span><\/p><\/td><td width=\"118\"><p><span style=\"font-family: Arial, Helvetica, sans-serif; color: #000000;\"><strong>Quantit\u00e9 par dose <\/strong><\/span><\/p><\/td><td width=\"123\"><p><span style=\"font-family: Arial, Helvetica, sans-serif; color: #000000;\"><strong>Dose quotidienne %<\/strong><\/span><\/p><\/td><\/tr><tr><td width=\"208\"><p><span style=\"font-family: Arial, Helvetica, sans-serif; color: #000000;\">M\u00e9lange exclusif<\/span><\/p><\/td><td width=\"118\"><p><span style=\"font-family: Arial, Helvetica, sans-serif; color: #000000;\">725 mg<\/span><\/p><\/td><td width=\"123\"><p><span style=\"font-family: Arial, Helvetica, sans-serif; color: #000000;\">*<\/span><\/p><\/td><\/tr><tr><td width=\"451\"><p><span style=\"font-family: Arial, Helvetica, sans-serif; color: #000000;\">Racine de rhubarbe, \u00e9corce de bourdon, cosse de psyllium, racine de gingembre,<\/span><br \/><span style=\"font-family: Arial, Helvetica, sans-serif; color: #000000;\">r\u00e9glisse, graines de fenouil, \u00e9corce d&#039;hydraste et de cascara sagrada<\/span><\/p><\/td><td>\u00a0<\/td><td>\u00a0<\/td><\/tr><tr><td colspan=\"3\" width=\"631\"><p><span style=\"font-family: Arial, Helvetica, sans-serif; color: #000000;\">* Dose quotidienne % non \u00e9tablie<\/span><br \/><span style=\"font-family: Arial, Helvetica, sans-serif; color: #000000;\">Autres ingr\u00e9dients : g\u00e9latine, st\u00e9arate de magn\u00e9sium et dioxyde de silicium<\/span><\/p><\/td><\/tr><\/tbody><\/table><p>\u00a0<\/p><\/div>\n\t\t\t\t<\/div>\n\t\t\t\t\t\t\t<div class=\"elementor-toggle-item\">\n\t\t\t\t\t<div id=\"elementor-tab-title-3192\" class=\"elementor-tab-title\" data-tab=\"2\" role=\"button\" aria-controls=\"elementor-tab-content-3192\" aria-expanded=\"false\">\n\t\t\t\t\t\t\t\t\t\t\t\t<span class=\"elementor-toggle-icon elementor-toggle-icon-left\" aria-hidden=\"true\">\n\t\t\t\t\t\t\t\t\t\t\t\t\t\t\t<span class=\"elementor-toggle-icon-closed\"><i class=\"far fa-caret-square-right\"><\/i><\/span>\n\t\t\t\t\t\t\t\t<span class=\"elementor-toggle-icon-opened\"><i class=\"elementor-toggle-icon-opened fas fa-caret-square-up\"><\/i><\/span>\n\t\t\t\t\t\t\t\t\t\t\t\t\t<\/span>\n\t\t\t\t\t\t\t\t\t\t\t\t<a class=\"elementor-toggle-title\" tabindex=\"0\">..<\/a>\n\t\t\t\t\t<\/div>\n\n\t\t\t\t\t<div id=\"elementor-tab-content-3192\" class=\"elementor-tab-content elementor-clearfix\" data-tab=\"2\" role=\"region\" aria-labelledby=\"elementor-tab-title-3192\"><\/div>\n\t\t\t\t<\/div>\n\t\t\t\t\t\t\t\t<\/div>\n\t\t\t\t\t\t<\/div>\n\t\t\t\t<\/div>\n\t\t\t\t\t<\/div>\n\t\t<\/div>\n\t\t\t\t\t<\/div>\n\t\t<\/section>\n\t\t\t\t<\/div>","protected":false},"excerpt":{"rendered":"<p><a name=\"buy\"><\/a><\/p>\n<p><span style=\"text-decoration: underline; color: #3366ff;\"><strong>Avantages de ce produit pour (h\u00e9morro\u00efdes)<\/strong><\/span><\/p>\n<ul>\n<li><strong><span style=\"font-family: go;\"><span class=\"fontstyle0\">R\u00e9duit la douleur et les saignements et ramollit les selles des h\u00e9morro\u00efdes.<br \/>\n<\/span><\/span><\/strong><\/li>\n<li><strong><span style=\"font-family: go;\">Augmente le transit intestinal<\/span><\/strong><\/li>\n<\/ul>\n<p><strong>\u00a0\u00a0\u00a0\u00a0 &gt;&gt;&gt;<span style=\"font-family: go; font-size: 14pt;\"><a href=\"#more\"><span style=\"color: #0000ff;\">Lire la suite<\/span><\/a><\/span><\/strong><\/p>","protected":false},"featured_media":1309,"comment_status":"open","ping_status":"closed","template":"","meta":{"nf_dc_page":"","_bbp_topic_count":0,"_bbp_reply_count":0,"_bbp_total_topic_count":0,"_bbp_total_reply_count":0,"_bbp_voice_count":0,"_bbp_anonymous_reply_count":0,"_bbp_topic_count_hidden":0,"_bbp_reply_count_hidden":0,"_bbp_forum_subforum_count":0},"product_brand":[],"product_cat":[124],"product_tag":[],"class_list":{"0":"post-3084","1":"product","2":"type-product","3":"status-publish","4":"has-post-thumbnail","6":"product_cat-hemorrhoids","8":"first","9":"instock","10":"sold-individually","11":"shipping-taxable","12":"purchasable","13":"product-type-bundle"},"bundled_by":[],"bundle_stock_status":"instock","bundle_stock_quantity":"","bundle_virtual":false,"bundle_layout":"default","bundle_add_to_cart_form_location":"default","bundle_editable_in_cart":false,"bundle_sold_individually_context":"product","bundle_item_grouping":"noindent","bundle_min_size":"","bundle_max_size":"","bundled_items":[{"bundled_item_id":52,"product_id":1272,"menu_order":0,"quantity_min":1,"quantity_max":"","quantity_default":1,"priced_individually":false,"shipped_individually":false,"override_title":false,"title":"","override_description":false,"description":"","optional":true,"hide_thumbnail":false,"discount":"","override_variations":false,"allowed_variations":[],"override_default_variation_attributes":false,"default_variation_attributes":[],"single_product_visibility":"hidden","cart_visibility":"hidden","order_visibility":"visible","single_product_price_visibility":"visible","cart_price_visibility":"visible","order_price_visibility":"visible","stock_status":"out_of_stock"}],"bundle_sell_ids":[],"_links":{"self":[{"href":"https:\/\/www.naturesgiftforlife.com\/fr\/wp-json\/wp\/v2\/product\/3084","targetHints":{"allow":["GET"]}}],"collection":[{"href":"https:\/\/www.naturesgiftforlife.com\/fr\/wp-json\/wp\/v2\/product"}],"about":[{"href":"https:\/\/www.naturesgiftforlife.com\/fr\/wp-json\/wp\/v2\/types\/product"}],"replies":[{"embeddable":true,"href":"https:\/\/www.naturesgiftforlife.com\/fr\/wp-json\/wp\/v2\/comments?post=3084"}],"version-history":[{"count":0,"href":"https:\/\/www.naturesgiftforlife.com\/fr\/wp-json\/wp\/v2\/product\/3084\/revisions"}],"wp:featuredmedia":[{"embeddable":true,"href":"https:\/\/www.naturesgiftforlife.com\/fr\/wp-json\/wp\/v2\/media\/1309"}],"wp:attachment":[{"href":"https:\/\/www.naturesgiftforlife.com\/fr\/wp-json\/wp\/v2\/media?parent=3084"}],"wp:term":[{"taxonomy":"product_brand","embeddable":true,"href":"https:\/\/www.naturesgiftforlife.com\/fr\/wp-json\/wp\/v2\/product_brand?post=3084"},{"taxonomy":"product_cat","embeddable":true,"href":"https:\/\/www.naturesgiftforlife.com\/fr\/wp-json\/wp\/v2\/product_cat?post=3084"},{"taxonomy":"product_tag","embeddable":true,"href":"https:\/\/www.naturesgiftforlife.com\/fr\/wp-json\/wp\/v2\/product_tag?post=3084"}],"curies":[{"name":"wp","href":"https:\/\/api.w.org\/{rel}","templated":true}]}}