{"id":3074,"date":"2020-09-29T09:56:31","date_gmt":"2020-09-29T09:56:31","guid":{"rendered":"http:\/\/www.livehealthylivehappy.com\/new\/?post_type=product&#038;p=3074"},"modified":"2023-08-21T11:37:22","modified_gmt":"2023-08-21T11:37:22","slug":"selenium-hiv-aids-copy","status":"publish","type":"product","link":"https:\/\/www.naturesgiftforlife.com\/fr\/shop\/selenium-hiv-aids-copy\/","title":{"rendered":"Veines des jambes\/h\u00e9morro\u00efdes (h\u00e9morro\u00efdes)"},"content":{"rendered":"<div data-elementor-type=\"wp-post\" data-elementor-id=\"3074\" class=\"elementor elementor-3074\">\n\t\t\t\t\t\t<section class=\"elementor-section elementor-top-section elementor-element elementor-element-57336d4 elementor-section-boxed elementor-section-height-default elementor-section-height-default\" data-id=\"57336d4\" data-element_type=\"section\" data-e-type=\"section\">\n\t\t\t\t\t\t<div class=\"elementor-container elementor-column-gap-default\">\n\t\t\t\t\t<div class=\"elementor-column elementor-col-100 elementor-top-column elementor-element elementor-element-480e2f7\" data-id=\"480e2f7\" data-element_type=\"column\" data-e-type=\"column\">\n\t\t\t<div class=\"elementor-widget-wrap elementor-element-populated\">\n\t\t\t\t\t\t<div class=\"elementor-element elementor-element-9b20026 elementor-widget elementor-widget-html\" data-id=\"9b20026\" data-element_type=\"widget\" data-e-type=\"widget\" data-widget_type=\"html.default\">\n\t\t\t\t<div class=\"elementor-widget-container\">\n\t\t\t\t\t<a name=\"more\"><\/a>\t\t\t\t<\/div>\n\t\t\t\t<\/div>\n\t\t\t\t<div class=\"elementor-element elementor-element-e25b01a elementor-invisible elementor-widget elementor-widget-toggle\" data-id=\"e25b01a\" data-element_type=\"widget\" data-e-type=\"widget\" data-settings=\"{&quot;_animation&quot;:&quot;flash&quot;}\" data-widget_type=\"toggle.default\">\n\t\t\t\t<div class=\"elementor-widget-container\">\n\t\t\t\t\t\t\t<div class=\"elementor-toggle\">\n\t\t\t\t\t\t\t<div class=\"elementor-toggle-item\">\n\t\t\t\t\t<div id=\"elementor-tab-title-2371\" class=\"elementor-tab-title\" data-tab=\"1\" role=\"button\" aria-controls=\"elementor-tab-content-2371\" aria-expanded=\"false\">\n\t\t\t\t\t\t\t\t\t\t\t\t<span class=\"elementor-toggle-icon elementor-toggle-icon-left\" aria-hidden=\"true\">\n\t\t\t\t\t\t\t\t\t\t\t\t\t\t\t<span class=\"elementor-toggle-icon-closed\"><i class=\"far fa-caret-square-right\"><\/i><\/span>\n\t\t\t\t\t\t\t\t<span class=\"elementor-toggle-icon-opened\"><i class=\"elementor-toggle-icon-opened fas fa-caret-square-up\"><\/i><\/span>\n\t\t\t\t\t\t\t\t\t\t\t\t\t<\/span>\n\t\t\t\t\t\t\t\t\t\t\t\t<a class=\"elementor-toggle-title\" tabindex=\"0\">Description d\u00e9taill\u00e9e du produit \/ faits sur les suppl\u00e9ments<\/a>\n\t\t\t\t\t<\/div>\n\n\t\t\t\t\t<div id=\"elementor-tab-content-2371\" class=\"elementor-tab-content elementor-clearfix\" data-tab=\"1\" role=\"region\" aria-labelledby=\"elementor-tab-title-2371\"><p><span style=\"font-family: Arial, Helvetica, sans-serif; color: #000000;\">La combinaison botanique soutient et renforce l&#039;int\u00e9grit\u00e9 globale du syst\u00e8me veineux et des capillaires, favorisant l&#039;\u00e9quilibre hydrique, aidant la circulation sanguine et aidant les veines \u00e0 gu\u00e9rir. Contient de la diosmine (bioflavono\u00efde d&#039;agrumes), de la vitamine C et de l&#039;hesp\u00e9ridine qui favorise la force et l&#039;int\u00e9grit\u00e9 veineuse.<\/span><br \/><span style=\"font-family: Arial, Helvetica, sans-serif; color: #000000;\">Contains Butcher\u2019s broom, which contains the active compound ruscogen. It has a long history of traditional use for hemorrhoids and varicose veins when there is underlying poor circulation in the veins. It has anti-inflammatory and vein constricting properties that are believed to shrink swollen tissue and strengthen and tone veins and capillary walls.<\/span><\/p><p><span style=\"font-family: Arial, Helvetica, sans-serif; color: #000000;\">PRESENTATION : boite de 30 comprim\u00e9s<\/span><\/p><table style=\"height: 536px;\" width=\"411\"><tbody><tr><td width=\"423\"><p><span style=\"font-family: Arial, Helvetica, sans-serif; color: #000000;\">Portion\u00a0: 1 dose par bo\u00eete\u00a0: 30<\/span><\/p><\/td><td colspan=\"2\" width=\"238\"><p>\u00a0<\/p><\/td><\/tr><tr><td width=\"423\"><p><span style=\"font-family: Arial, Helvetica, sans-serif; color: #000000;\">Ingr\u00e9dients<\/span><\/p><\/td><td width=\"91\"><p><span style=\"font-family: Arial, Helvetica, sans-serif; color: #000000;\">Dose par portion<\/span><\/p><\/td><td width=\"147\"><p><span style=\"font-family: Arial, Helvetica, sans-serif; color: #000000;\">% valeurs quotidiennes<\/span><\/p><\/td><\/tr><tr><td width=\"423\"><p><span style=\"font-family: Arial, Helvetica, sans-serif; color: #000000;\">Vitamine C<\/span><\/p><\/td><td width=\"91\"><p><span style=\"font-family: Arial, Helvetica, sans-serif; color: #000000;\">1 50 mg<\/span><\/p><\/td><td width=\"147\"><p><span style=\"font-family: Arial, Helvetica, sans-serif; color: #000000;\">200%<\/span><\/p><\/td><\/tr><tr><td width=\"423\"><p><span style=\"font-family: Arial, Helvetica, sans-serif; color: #000000;\">Diosmine<\/span><\/p><\/td><td width=\"91\"><p><span style=\"font-family: Arial, Helvetica, sans-serif; color: #000000;\">500 mg<\/span><\/p><\/td><td width=\"147\"><p><span style=\"font-family: Arial, Helvetica, sans-serif; color: #000000;\">*<\/span><\/p><\/td><\/tr><tr><td width=\"423\"><p><span style=\"font-family: Arial, Helvetica, sans-serif; color: #000000;\">Fragon en poudre<\/span><\/p><\/td><td width=\"91\"><p><span style=\"font-family: Arial, Helvetica, sans-serif; color: #000000;\">1 50 mg<\/span><\/p><\/td><td width=\"147\"><p><span style=\"font-family: Arial, Helvetica, sans-serif; color: #000000;\">*<\/span><\/p><\/td><\/tr><tr><td width=\"423\"><p><span style=\"font-family: Arial, Helvetica, sans-serif; color: #000000;\">complexe d&#039;hesp\u00e9ridine<\/span><\/p><\/td><td width=\"91\"><p><span style=\"font-family: Arial, Helvetica, sans-serif; color: #000000;\">1 50 mg<\/span><\/p><\/td><td width=\"147\"><p><span style=\"font-family: Arial, Helvetica, sans-serif; color: #000000;\">*<\/span><\/p><\/td><\/tr><tr><td colspan=\"3\" width=\"661\"><p><span style=\"font-family: Arial, Helvetica, sans-serif; color: #000000;\">* valeurs journali\u00e8res non \u00e9tablies<\/span><br \/><span style=\"font-family: Arial, Helvetica, sans-serif; color: #000000;\">Autres ingr\u00e9dients : phosphate dicalcique, cellulose microcristalline, acide st\u00e9arique, silicate de calcium, croscarmellose sodique, st\u00e9arate de magn\u00e9sium.<\/span><\/p><\/td><\/tr><\/tbody><\/table><p>\u00a0<\/p><p><span style=\"font-family: Arial, Helvetica, sans-serif; color: #000000;\">\u00a0<\/span><\/p><\/div>\n\t\t\t\t<\/div>\n\t\t\t\t\t\t\t<div class=\"elementor-toggle-item\">\n\t\t\t\t\t<div id=\"elementor-tab-title-2372\" class=\"elementor-tab-title\" data-tab=\"2\" role=\"button\" aria-controls=\"elementor-tab-content-2372\" aria-expanded=\"false\">\n\t\t\t\t\t\t\t\t\t\t\t\t<span class=\"elementor-toggle-icon elementor-toggle-icon-left\" aria-hidden=\"true\">\n\t\t\t\t\t\t\t\t\t\t\t\t\t\t\t<span class=\"elementor-toggle-icon-closed\"><i class=\"far fa-caret-square-right\"><\/i><\/span>\n\t\t\t\t\t\t\t\t<span class=\"elementor-toggle-icon-opened\"><i class=\"elementor-toggle-icon-opened fas fa-caret-square-up\"><\/i><\/span>\n\t\t\t\t\t\t\t\t\t\t\t\t\t<\/span>\n\t\t\t\t\t\t\t\t\t\t\t\t<a class=\"elementor-toggle-title\" tabindex=\"0\">..<\/a>\n\t\t\t\t\t<\/div>\n\n\t\t\t\t\t<div id=\"elementor-tab-content-2372\" class=\"elementor-tab-content elementor-clearfix\" data-tab=\"2\" role=\"region\" aria-labelledby=\"elementor-tab-title-2372\"><\/div>\n\t\t\t\t<\/div>\n\t\t\t\t\t\t\t\t<\/div>\n\t\t\t\t\t\t<\/div>\n\t\t\t\t<\/div>\n\t\t\t\t\t<\/div>\n\t\t<\/div>\n\t\t\t\t\t<\/div>\n\t\t<\/section>\n\t\t\t\t<\/div>","protected":false},"excerpt":{"rendered":"<p><a name=\"buy\"><\/a><br \/>\n<span style=\"text-decoration: underline; color: #3366ff;\"><strong>Benefits of Leg Veins\/Hemorrhods product for (Hemorrhoids)<\/strong><\/span><\/p>\n<ul>\n<li>Veines des jambes\/h\u00e9morro\u00efdes (h\u00e9morro\u00efdes)<\/li>\n<li><strong><span style=\"font-family: go;\"><span class=\"fontstyle0\">has anti-inflammatory and vein constricting properties that are believed to shrink swollen tissue and strengthen and tone veins and capillary walls<br \/>\n<\/span><\/span><\/strong><\/li>\n<li><strong><span style=\"font-family: go;\"><span class=\"fontstyle0\">Soutient et renforce l&#039;int\u00e9grit\u00e9 globale du syst\u00e8me veineux<br \/>\n<\/span><\/span><\/strong><\/li>\n<\/ul>\n<p><strong>\u00a0\u00a0\u00a0\u00a0\u00a0 &gt;&gt;&gt;<span style=\"font-family: go; font-size: 14pt;\"><a href=\"#more\"><span style=\"color: #0000ff;\">Lire la suite<\/span><\/a><\/span><\/strong><\/p>","protected":false},"featured_media":12161,"comment_status":"open","ping_status":"closed","template":"","meta":{"nf_dc_page":"","_bbp_topic_count":0,"_bbp_reply_count":0,"_bbp_total_topic_count":0,"_bbp_total_reply_count":0,"_bbp_voice_count":0,"_bbp_anonymous_reply_count":0,"_bbp_topic_count_hidden":0,"_bbp_reply_count_hidden":0,"_bbp_forum_subforum_count":0},"product_brand":[],"product_cat":[124],"product_tag":[],"class_list":{"0":"post-3074","1":"product","2":"type-product","3":"status-publish","4":"has-post-thumbnail","6":"product_cat-hemorrhoids","8":"first","9":"instock","10":"sold-individually","11":"shipping-taxable","12":"purchasable","13":"product-type-bundle"},"bundled_by":[],"bundle_stock_status":"instock","bundle_stock_quantity":"","bundle_virtual":false,"bundle_layout":"default","bundle_add_to_cart_form_location":"default","bundle_editable_in_cart":false,"bundle_sold_individually_context":"product","bundle_item_grouping":"noindent","bundle_min_size":"","bundle_max_size":"","bundled_items":[{"bundled_item_id":53,"product_id":4169,"menu_order":0,"quantity_min":1,"quantity_max":"","quantity_default":1,"priced_individually":false,"shipped_individually":false,"override_title":false,"title":"","override_description":false,"description":"","optional":true,"hide_thumbnail":false,"discount":"","override_variations":false,"allowed_variations":[],"override_default_variation_attributes":false,"default_variation_attributes":[],"single_product_visibility":"hidden","cart_visibility":"hidden","order_visibility":"visible","single_product_price_visibility":"visible","cart_price_visibility":"visible","order_price_visibility":"visible","stock_status":"in_stock"}],"bundle_sell_ids":[],"_links":{"self":[{"href":"https:\/\/www.naturesgiftforlife.com\/fr\/wp-json\/wp\/v2\/product\/3074","targetHints":{"allow":["GET"]}}],"collection":[{"href":"https:\/\/www.naturesgiftforlife.com\/fr\/wp-json\/wp\/v2\/product"}],"about":[{"href":"https:\/\/www.naturesgiftforlife.com\/fr\/wp-json\/wp\/v2\/types\/product"}],"replies":[{"embeddable":true,"href":"https:\/\/www.naturesgiftforlife.com\/fr\/wp-json\/wp\/v2\/comments?post=3074"}],"version-history":[{"count":0,"href":"https:\/\/www.naturesgiftforlife.com\/fr\/wp-json\/wp\/v2\/product\/3074\/revisions"}],"wp:featuredmedia":[{"embeddable":true,"href":"https:\/\/www.naturesgiftforlife.com\/fr\/wp-json\/wp\/v2\/media\/12161"}],"wp:attachment":[{"href":"https:\/\/www.naturesgiftforlife.com\/fr\/wp-json\/wp\/v2\/media?parent=3074"}],"wp:term":[{"taxonomy":"product_brand","embeddable":true,"href":"https:\/\/www.naturesgiftforlife.com\/fr\/wp-json\/wp\/v2\/product_brand?post=3074"},{"taxonomy":"product_cat","embeddable":true,"href":"https:\/\/www.naturesgiftforlife.com\/fr\/wp-json\/wp\/v2\/product_cat?post=3074"},{"taxonomy":"product_tag","embeddable":true,"href":"https:\/\/www.naturesgiftforlife.com\/fr\/wp-json\/wp\/v2\/product_tag?post=3074"}],"curies":[{"name":"wp","href":"https:\/\/api.w.org\/{rel}","templated":true}]}}