{"id":3053,"date":"2020-09-29T09:15:52","date_gmt":"2020-09-29T09:15:52","guid":{"rendered":"http:\/\/www.livehealthylivehappy.com\/new\/?post_type=product&#038;p=3053"},"modified":"2023-10-03T19:45:16","modified_gmt":"2023-10-03T19:45:16","slug":"natural-immune-force-hiv-aids","status":"publish","type":"product","link":"https:\/\/www.naturesgiftforlife.com\/fr\/shop\/natural-immune-force-hiv-aids\/","title":{"rendered":"Force Immunitaire Naturelle (VIH \/ SIDA)"},"content":{"rendered":"<div data-elementor-type=\"wp-post\" data-elementor-id=\"3053\" class=\"elementor elementor-3053\">\n\t\t\t\t\t\t<section class=\"elementor-section elementor-top-section elementor-element elementor-element-8120a3b elementor-section-boxed elementor-section-height-default elementor-section-height-default\" data-id=\"8120a3b\" data-element_type=\"section\" data-e-type=\"section\">\n\t\t\t\t\t\t<div class=\"elementor-container elementor-column-gap-default\">\n\t\t\t\t\t<div class=\"elementor-column elementor-col-100 elementor-top-column elementor-element elementor-element-fdf1285\" data-id=\"fdf1285\" data-element_type=\"column\" data-e-type=\"column\">\n\t\t\t<div class=\"elementor-widget-wrap elementor-element-populated\">\n\t\t\t\t\t\t<div class=\"elementor-element elementor-element-a6751f0 elementor-widget elementor-widget-html\" data-id=\"a6751f0\" data-element_type=\"widget\" data-e-type=\"widget\" data-widget_type=\"html.default\">\n\t\t\t\t<div class=\"elementor-widget-container\">\n\t\t\t\t\t<a name=\"more\"><\/a>\t\t\t\t<\/div>\n\t\t\t\t<\/div>\n\t\t\t\t<div class=\"elementor-element elementor-element-1dfae2c elementor-invisible elementor-widget elementor-widget-toggle\" data-id=\"1dfae2c\" data-element_type=\"widget\" data-e-type=\"widget\" data-settings=\"{&quot;_animation&quot;:&quot;flash&quot;}\" data-widget_type=\"toggle.default\">\n\t\t\t\t<div class=\"elementor-widget-container\">\n\t\t\t\t\t\t\t<div class=\"elementor-toggle\">\n\t\t\t\t\t\t\t<div class=\"elementor-toggle-item\">\n\t\t\t\t\t<div id=\"elementor-tab-title-3141\" class=\"elementor-tab-title\" data-tab=\"1\" role=\"button\" aria-controls=\"elementor-tab-content-3141\" aria-expanded=\"false\">\n\t\t\t\t\t\t\t\t\t\t\t\t<span class=\"elementor-toggle-icon elementor-toggle-icon-left\" aria-hidden=\"true\">\n\t\t\t\t\t\t\t\t\t\t\t\t\t\t\t<span class=\"elementor-toggle-icon-closed\"><i class=\"far fa-caret-square-right\"><\/i><\/span>\n\t\t\t\t\t\t\t\t<span class=\"elementor-toggle-icon-opened\"><i class=\"elementor-toggle-icon-opened fas fa-caret-square-up\"><\/i><\/span>\n\t\t\t\t\t\t\t\t\t\t\t\t\t<\/span>\n\t\t\t\t\t\t\t\t\t\t\t\t<a class=\"elementor-toggle-title\" tabindex=\"0\">Description d\u00e9taill\u00e9e du produit \/ faits sur les suppl\u00e9ments<\/a>\n\t\t\t\t\t<\/div>\n\n\t\t\t\t\t<div id=\"elementor-tab-content-3141\" class=\"elementor-tab-content elementor-clearfix\" data-tab=\"1\" role=\"region\" aria-labelledby=\"elementor-tab-title-3141\"><p class=\"P1\"><span style=\"font-family: Arial, Helvetica, sans-serif; color: #000000;\">A powerful immune system enhancer, it also provides antiretroviral effects and viral fusion-inhibition. Contains Epigallocatechin-3-gallate (EGCG), one of the components of green tea\u200b\u200b\u00a0that appears to provide antiviral activity by strongly inhibiting the replication of the HIV virus. Also contains Cordyceps, Agaricus, Reishi, Maitake, Shiitake, and Hericium, which are powerful immune boosters that enhance the activity of T-helper cells.<\/span><\/p><p>\u00a0<\/p><table><tbody><tr><td width=\"411\"><p><span style=\"font-family: Arial, Helvetica, sans-serif; color: #000000;\"><strong>Portion : 3 Dose par bo\u00eete : 30<\/strong><\/span><\/p><\/td><td colspan=\"2\" width=\"220\">\u00a0<\/td><\/tr><tr><td width=\"450\"><p><span style=\"font-family: Arial, Helvetica, sans-serif; color: #000000;\">Chaque dose quotidienne de 3 g\u00e9lules contient une dose de 2400 mg du m\u00e9lange<\/span><br \/><span style=\"font-family: Arial, Helvetica, sans-serif; color: #000000;\">prochaine exclusivit\u00e9 :<\/span><\/p><\/td><td colspan=\"2\" width=\"230\">\u00a0<\/td><\/tr><tr><td width=\"219\"><p><span style=\"font-family: Arial, Helvetica, sans-serif; color: #000000;\">Ingr\u00e9dients<\/span><\/p><\/td><td width=\"67\"><p><span style=\"font-family: Arial, Helvetica, sans-serif; color: #000000;\">Dosage<\/span><\/p><\/td><td width=\"163\"><p><span style=\"font-family: Arial, Helvetica, sans-serif; color: #000000;\">% valeurs quotidiennes<\/span><\/p><\/td><\/tr><tr><td width=\"219\"><p><span style=\"font-family: Arial, Helvetica, sans-serif; color: #000000;\">Agaricus Blazei Murill<\/span><\/p><\/td><td width=\"67\"><p><span style=\"font-family: Arial, Helvetica, sans-serif; color: #000000;\">\/<\/span><\/p><\/td><td width=\"163\"><p><span style=\"font-family: Arial, Helvetica, sans-serif; color: #000000;\">*<\/span><\/p><\/td><\/tr><tr><td width=\"219\"><p><span style=\"font-family: Arial, Helvetica, sans-serif; color: #000000;\">Hybride Cordyceps Sinensis<\/span><\/p><\/td><td width=\"67\"><p><span style=\"font-family: Arial, Helvetica, sans-serif; color: #000000;\">\/<\/span><\/p><\/td><td width=\"163\"><p><span style=\"font-family: Arial, Helvetica, sans-serif; color: #000000;\">*<\/span><\/p><\/td><\/tr><tr><td width=\"219\"><p><span style=\"font-family: Arial, Helvetica, sans-serif; color: #000000;\">Grifola Frondosa<\/span><\/p><\/td><td width=\"67\"><p><span style=\"font-family: Arial, Helvetica, sans-serif; color: #000000;\">\/<\/span><\/p><\/td><td width=\"163\"><p><span style=\"font-family: Arial, Helvetica, sans-serif; color: #000000;\">*<\/span><\/p><\/td><\/tr><tr><td width=\"219\"><p><span style=\"font-family: Arial, Helvetica, sans-serif; color: #000000;\">Ganoderma lucidum<\/span><\/p><\/td><td width=\"67\"><p><span style=\"font-family: Arial, Helvetica, sans-serif; color: #000000;\">\/<\/span><\/p><\/td><td width=\"163\"><p><span style=\"font-family: Arial, Helvetica, sans-serif; color: #000000;\">*<\/span><\/p><\/td><\/tr><tr><td width=\"219\"><p><span style=\"font-family: Arial, Helvetica, sans-serif; color: #000000;\">Coriolus Versicolor<\/span><\/p><\/td><td width=\"67\"><p><span style=\"font-family: Arial, Helvetica, sans-serif; color: #000000;\">\/<\/span><\/p><\/td><td width=\"163\"><p><span style=\"font-family: Arial, Helvetica, sans-serif; color: #000000;\">*<\/span><\/p><\/td><\/tr><tr><td width=\"219\"><p><span style=\"font-family: Arial, Helvetica, sans-serif; color: #000000;\">Lentinule Edodes<\/span><\/p><\/td><td width=\"67\"><p><span style=\"font-family: Arial, Helvetica, sans-serif; color: #000000;\">\/<\/span><\/p><\/td><td width=\"163\"><p><span style=\"font-family: Arial, Helvetica, sans-serif; color: #000000;\">*<\/span><\/p><\/td><\/tr><tr><td width=\"219\"><p><span style=\"font-family: Arial, Helvetica, sans-serif; color: #000000;\">Hericium Erinaceus<\/span><\/p><\/td><td width=\"67\"><p><span style=\"font-family: Arial, Helvetica, sans-serif; color: #000000;\">\/<\/span><\/p><\/td><td width=\"163\"><p><span style=\"font-family: Arial, Helvetica, sans-serif; color: #000000;\">*<\/span><\/p><\/td><\/tr><tr><td width=\"219\"><p><span style=\"font-family: Arial, Helvetica, sans-serif; color: #000000;\">Cordyceps \u00e0 spectre complet HeAA<\/span><\/p><\/td><td width=\"67\"><p><span style=\"font-family: Arial, Helvetica, sans-serif; color: #000000;\">\/<\/span><\/p><\/td><td width=\"163\"><p><span style=\"font-family: Arial, Helvetica, sans-serif; color: #000000;\">*<\/span><\/p><\/td><\/tr><tr><td width=\"219\"><p><span style=\"font-family: Arial, Helvetica, sans-serif; color: #000000;\">Extrait de th\u00e9 vert EGCG<\/span><\/p><\/td><td width=\"67\"><p><span style=\"font-family: Arial, Helvetica, sans-serif; color: #000000;\">\/<\/span><\/p><\/td><td width=\"163\"><p><span style=\"font-family: Arial, Helvetica, sans-serif; color: #000000;\">*<\/span><\/p><\/td><\/tr><tr><td colspan=\"3\" width=\"632\"><p><span style=\"font-family: Arial, Helvetica, sans-serif; color: #000000;\">* Valeur quotidienne non \u00e9tablie<\/span><br \/><span style=\"font-family: Arial, Helvetica, sans-serif; color: #000000;\"><strong>Autres ingr\u00e9dients: <\/strong>cellulose microcristalline, gomme v\u00e9g\u00e9tale, dioxyde<\/span><br \/><span style=\"font-family: Arial, Helvetica, sans-serif; color: #000000;\">silicium, poudre de cellulose, acide st\u00e9arique, st\u00e9arate de magn\u00e9sium, gla\u00e7age pharmaceutique<\/span><\/p><\/td><\/tr><\/tbody><\/table><\/div>\n\t\t\t\t<\/div>\n\t\t\t\t\t\t\t<div class=\"elementor-toggle-item\">\n\t\t\t\t\t<div id=\"elementor-tab-title-3142\" class=\"elementor-tab-title\" data-tab=\"2\" role=\"button\" aria-controls=\"elementor-tab-content-3142\" aria-expanded=\"false\">\n\t\t\t\t\t\t\t\t\t\t\t\t<span class=\"elementor-toggle-icon elementor-toggle-icon-left\" aria-hidden=\"true\">\n\t\t\t\t\t\t\t\t\t\t\t\t\t\t\t<span class=\"elementor-toggle-icon-closed\"><i class=\"far fa-caret-square-right\"><\/i><\/span>\n\t\t\t\t\t\t\t\t<span class=\"elementor-toggle-icon-opened\"><i class=\"elementor-toggle-icon-opened fas fa-caret-square-up\"><\/i><\/span>\n\t\t\t\t\t\t\t\t\t\t\t\t\t<\/span>\n\t\t\t\t\t\t\t\t\t\t\t\t<a class=\"elementor-toggle-title\" tabindex=\"0\">..<\/a>\n\t\t\t\t\t<\/div>\n\n\t\t\t\t\t<div id=\"elementor-tab-content-3142\" class=\"elementor-tab-content elementor-clearfix\" data-tab=\"2\" role=\"region\" aria-labelledby=\"elementor-tab-title-3142\"><\/div>\n\t\t\t\t<\/div>\n\t\t\t\t\t\t\t\t<\/div>\n\t\t\t\t\t\t<\/div>\n\t\t\t\t<\/div>\n\t\t\t\t\t<\/div>\n\t\t<\/div>\n\t\t\t\t\t<\/div>\n\t\t<\/section>\n\t\t\t\t<\/div>","protected":false},"excerpt":{"rendered":"<p><a name=\"buy\"><\/a><br \/>\n<span style=\"text-decoration: underline; color: #3366ff;\"><strong>Avantages de ce produit pour (VIH \/ SIDA)<\/strong><\/span><\/p>\n<ul>\n<li><strong><span style=\"font-family: go;\"><span class=\"fontstyle0\">Un puissant activateur du syst\u00e8me immunitaire <\/span><\/span><\/strong><\/li>\n<li><strong><span style=\"font-family: go;\"><span class=\"fontstyle0\">Emp\u00eache l&#039;activit\u00e9 antivirale en inhibant fortement la r\u00e9plication du virus VIH. <\/span><\/span><\/strong><\/li>\n<\/ul>\n<p><strong>\u00a0\u00a0\u00a0\u00a0\u00a0 &gt;&gt;&gt;<span style=\"font-family: go; font-size: 14pt;\"><a href=\"#more\"><span style=\"color: #0000ff;\">Lire la suite<\/span><\/a><\/span><\/strong><\/p>","protected":false},"featured_media":12153,"comment_status":"open","ping_status":"closed","template":"","meta":{"nf_dc_page":"","_bbp_topic_count":0,"_bbp_reply_count":0,"_bbp_total_topic_count":0,"_bbp_total_reply_count":0,"_bbp_voice_count":0,"_bbp_anonymous_reply_count":0,"_bbp_topic_count_hidden":0,"_bbp_reply_count_hidden":0,"_bbp_forum_subforum_count":0},"product_brand":[],"product_cat":[125],"product_tag":[],"class_list":{"0":"post-3053","1":"product","2":"type-product","3":"status-publish","4":"has-post-thumbnail","6":"product_cat-hiv-aids","8":"first","9":"instock","10":"shipping-taxable","11":"purchasable","12":"product-type-bundle"},"bundled_by":[],"bundle_stock_status":"instock","bundle_stock_quantity":"","bundle_virtual":false,"bundle_layout":"default","bundle_add_to_cart_form_location":"default","bundle_editable_in_cart":false,"bundle_sold_individually_context":"product","bundle_item_grouping":"noindent","bundle_min_size":"","bundle_max_size":"","bundled_items":[{"bundled_item_id":57,"product_id":1354,"menu_order":0,"quantity_min":1,"quantity_max":"","quantity_default":1,"priced_individually":false,"shipped_individually":false,"override_title":false,"title":"","override_description":false,"description":"","optional":true,"hide_thumbnail":false,"discount":"","override_variations":false,"allowed_variations":[],"override_default_variation_attributes":false,"default_variation_attributes":[],"single_product_visibility":"hidden","cart_visibility":"hidden","order_visibility":"visible","single_product_price_visibility":"visible","cart_price_visibility":"visible","order_price_visibility":"visible","stock_status":"in_stock"}],"bundle_sell_ids":[],"_links":{"self":[{"href":"https:\/\/www.naturesgiftforlife.com\/fr\/wp-json\/wp\/v2\/product\/3053","targetHints":{"allow":["GET"]}}],"collection":[{"href":"https:\/\/www.naturesgiftforlife.com\/fr\/wp-json\/wp\/v2\/product"}],"about":[{"href":"https:\/\/www.naturesgiftforlife.com\/fr\/wp-json\/wp\/v2\/types\/product"}],"replies":[{"embeddable":true,"href":"https:\/\/www.naturesgiftforlife.com\/fr\/wp-json\/wp\/v2\/comments?post=3053"}],"version-history":[{"count":0,"href":"https:\/\/www.naturesgiftforlife.com\/fr\/wp-json\/wp\/v2\/product\/3053\/revisions"}],"wp:featuredmedia":[{"embeddable":true,"href":"https:\/\/www.naturesgiftforlife.com\/fr\/wp-json\/wp\/v2\/media\/12153"}],"wp:attachment":[{"href":"https:\/\/www.naturesgiftforlife.com\/fr\/wp-json\/wp\/v2\/media?parent=3053"}],"wp:term":[{"taxonomy":"product_brand","embeddable":true,"href":"https:\/\/www.naturesgiftforlife.com\/fr\/wp-json\/wp\/v2\/product_brand?post=3053"},{"taxonomy":"product_cat","embeddable":true,"href":"https:\/\/www.naturesgiftforlife.com\/fr\/wp-json\/wp\/v2\/product_cat?post=3053"},{"taxonomy":"product_tag","embeddable":true,"href":"https:\/\/www.naturesgiftforlife.com\/fr\/wp-json\/wp\/v2\/product_tag?post=3053"}],"curies":[{"name":"wp","href":"https:\/\/api.w.org\/{rel}","templated":true}]}}