{"id":3022,"date":"2020-09-25T14:00:52","date_gmt":"2020-09-25T14:00:52","guid":{"rendered":"http:\/\/www.livehealthylivehappy.com\/new\/?post_type=product&#038;p=3022"},"modified":"2023-08-21T11:52:32","modified_gmt":"2023-08-21T11:52:32","slug":"herbal-male-fertility-impotence","status":"publish","type":"product","link":"https:\/\/www.naturesgiftforlife.com\/fr\/shop\/herbal-male-fertility-impotence\/","title":{"rendered":"Fertilit\u00e9 masculine \u00e0 base de plantes 60Cap (impuissance)"},"content":{"rendered":"<div data-elementor-type=\"wp-post\" data-elementor-id=\"3022\" class=\"elementor elementor-3022\">\n\t\t\t\t\t\t<section class=\"elementor-section elementor-top-section elementor-element elementor-element-b089132 elementor-section-boxed elementor-section-height-default elementor-section-height-default\" data-id=\"b089132\" data-element_type=\"section\" data-e-type=\"section\">\n\t\t\t\t\t\t<div class=\"elementor-container elementor-column-gap-default\">\n\t\t\t\t\t<div class=\"elementor-column elementor-col-100 elementor-top-column elementor-element elementor-element-e2c1f27\" data-id=\"e2c1f27\" data-element_type=\"column\" data-e-type=\"column\">\n\t\t\t<div class=\"elementor-widget-wrap elementor-element-populated\">\n\t\t\t\t\t\t<div class=\"elementor-element elementor-element-9f2cdac elementor-widget elementor-widget-html\" data-id=\"9f2cdac\" data-element_type=\"widget\" data-e-type=\"widget\" data-widget_type=\"html.default\">\n\t\t\t\t<div class=\"elementor-widget-container\">\n\t\t\t\t\t<a name=\"more\"><\/a>\t\t\t\t<\/div>\n\t\t\t\t<\/div>\n\t\t\t\t<div class=\"elementor-element elementor-element-c927806 elementor-invisible elementor-widget elementor-widget-toggle\" data-id=\"c927806\" data-element_type=\"widget\" data-e-type=\"widget\" data-settings=\"{&quot;_animation&quot;:&quot;flash&quot;}\" data-widget_type=\"toggle.default\">\n\t\t\t\t<div class=\"elementor-widget-container\">\n\t\t\t\t\t\t\t<div class=\"elementor-toggle\">\n\t\t\t\t\t\t\t<div class=\"elementor-toggle-item\">\n\t\t\t\t\t<div id=\"elementor-tab-title-2101\" class=\"elementor-tab-title\" data-tab=\"1\" role=\"button\" aria-controls=\"elementor-tab-content-2101\" aria-expanded=\"false\">\n\t\t\t\t\t\t\t\t\t\t\t\t<span class=\"elementor-toggle-icon elementor-toggle-icon-left\" aria-hidden=\"true\">\n\t\t\t\t\t\t\t\t\t\t\t\t\t\t\t<span class=\"elementor-toggle-icon-closed\"><i class=\"far fa-caret-square-right\"><\/i><\/span>\n\t\t\t\t\t\t\t\t<span class=\"elementor-toggle-icon-opened\"><i class=\"elementor-toggle-icon-opened fas fa-caret-square-up\"><\/i><\/span>\n\t\t\t\t\t\t\t\t\t\t\t\t\t<\/span>\n\t\t\t\t\t\t\t\t\t\t\t\t<a class=\"elementor-toggle-title\" tabindex=\"0\">Description d\u00e9taill\u00e9e du produit \/ faits sur les suppl\u00e9ments<\/a>\n\t\t\t\t\t<\/div>\n\n\t\t\t\t\t<div id=\"elementor-tab-content-2101\" class=\"elementor-tab-content elementor-clearfix\" data-tab=\"1\" role=\"region\" aria-labelledby=\"elementor-tab-title-2101\"><p class=\"P1\"><span style=\"color: #000000;\"><span class=\"T6\">Increases blood flow to the erectile tissue of the penis, increases sexual arousal and produces a harder, firmer erection. Supports healthy function of male sexual organs (prostate,\u200b\u200b\u00a0<\/span><span class=\"T7\">v\u00e9sicules s\u00e9minales, testicules et p\u00e9nis) et production de spermatozo\u00efdes, motilit\u00e9 et sant\u00e9. Maintient \u00e9galement des niveaux de testost\u00e9rone sains pour soutenir une libido saine et des \u00e9rections fortes et saines. Le m\u00e9lange de fines herbes et nutritionnel soutient la sant\u00e9 syst\u00e9mique masculine globale. Co<\/span><span class=\"T8\">ntains zinc, L-Arginine,\u200b\u200b\u00a0<\/span><span class=\"T9\">Epimedium sagittatum\u200b\u200b\u00a0<\/span><span class=\"T10\">(horny goat weed), maca powder, yohimbe extract, ginseng powder, catuaba,\u200b\u200b\u00a0<\/span><span class=\"T11\">Cnidium monnieri<\/span><span class=\"T12\">, gingko biloba, muira pauma, oats straw and Chinese\u200b\u200b\u00a0<\/span><span class=\"T13\">Xanthoparmelia scabrosa.\u200b\u200b\u00a0<\/span><\/span><\/p><p class=\"P17\" style=\"text-align: center;\"><a class=\"buy\" href=\"#buy\"><strong>ALLER ACHETER MAINTENANT<\/strong><\/a><\/p><p class=\"P18\"><span class=\"T19\">L-Arginine<\/span><span class=\"T20\">e<\/span><span class=\"T21\">-<\/span><span class=\"T22\">Atteindre et maintenir une \u00e9rection d\u00e9pend du produit chimique<\/span><span class=\"T23\">\u200b\u200b\u00a0<\/span><span class=\"T24\">l&#039;oxyde nitrique. De nombreux hommes impuissants manquent dans leur production d&#039;oxyde nitrique. L&#039;acide amin\u00e9, l&#039;arginine, stimule la production d&#039;oxyde nitrique et facilite donc la sant\u00e9 avant<\/span><span class=\"T25\">ctions. Il s&#039;agit d&#039;un acide amin\u00e9 non essentiel et sa production naturelle diminue avec l&#039;\u00e2ge. L&#039;arginine est ajout\u00e9e \u00e0 de nombreux suppl\u00e9ments pour son incroyable capacit\u00e9 de r\u00e9tention d&#039;azote. La production d&#039;oxyde nitrique permet une \u00e9rection plus rigide.<\/span><span class=\"T26\"><br \/><\/span><span class=\"T27\">L-carnitine<\/span><span class=\"T28\">\u2013Am\u00e9liore le a<\/span><span class=\"T29\">bility to attain and sustain erections and is a useful therapy for older men with impotence.\u200b\u200b\u00a0<\/span><span class=\"T30\">Maca<\/span><span class=\"T31\">\u2013Une plante l\u00e9gendaire sud-am\u00e9ricaine qui a prouv\u00e9 qu&#039;elle favorise la libido, la puissance, l&#039;\u00e9nergie et l&#039;endurance. A \u00e9t\u00e9 utilis\u00e9 pour la performance sportive,<\/span><span class=\"T32\">\u200b\u200b\u00a0<\/span><span class=\"T33\">impuissance et dy \u00e9rectile<\/span><span class=\"T34\">sfonction, am\u00e9lioration de la fertilit\u00e9, am\u00e9lioration de la libido, homme<\/span><span class=\"T35\">\u200b\u200b\u00a0<\/span><span class=\"T36\">m\u00e9nopause, \u00e9quilibre hormonal, sant\u00e9 du sperme et taux de testost\u00e9rone.<\/span><span class=\"T37\"><br \/><\/span><span class=\"T38\">Epimedium sagittatum<\/span><span class=\"T39\">\u200b\u200b\u00a0<\/span><span class=\"T40\">(herbe de ch\u00e8vre corn\u00e9e) - Utilis\u00e9 pendant des si\u00e8cles non seulement pour stimuler la libido, mais aussi pour am\u00e9liorer l&#039;endurance, stimuler le test<\/span><span class=\"T41\">les niveaux d&#039;ost\u00e9rone et soutiennent le fonctionnement sain du p\u00e9nis.<\/span><\/p><p class=\"P42\" style=\"text-align: center;\"><a class=\"buy\" href=\"#buy\"><strong>ALLER ACHETER MAINTENANT<\/strong><\/a><\/p><p class=\"P44\">\u00a0<\/p><p class=\"P45\"><span class=\"T46\">Horny Goat Weed fonctionne presque de la m\u00eame mani\u00e8re que le \u00abm\u00e9dicament sexuel miracle\u00bb pharmaceutique, le viagra. Il contient un polyph\u00e9nol appel\u00e9 icariine qui inhibe une enzyme qui emp\u00eache<\/span><span class=\"T47\">s \u00e9rections. Il agit en r\u00e9tro-modulant les niveaux de cortisol (la principale hormone du stress), r\u00e9tablissant ainsi le m\u00e9tabolisme, les niveaux d&#039;\u00e9nergie et la libido normaux.<\/span><span class=\"T48\"><br \/><\/span><span class=\"T49\">Cnidium monnieri<\/span><span class=\"T50\">-<\/span><span class=\"T51\">\u200b\u200b\u00a0Powerful, natural, fruit extract helps relax the genital area, particularly the\u200b\u200b\u00a0<\/span><span class=\"T52\">corpus\u200b\u200b\u00a0<\/span><span class=\"T53\">cavernosa\u200b\u200b\u00a0<\/span><span class=\"T54\">du p\u00e9nis, ce qui favorise potentiellement la circulation sanguine, les \u00e9rections et l&#039;apport de nutriments essentiels. Il est utilis\u00e9 en Chine comme stimulant sexuel naturel depuis des si\u00e8cles.<\/span><span class=\"T55\"><br \/><\/span><span class=\"T56\">Il s&#039;agit d&#039;un exhausteur de sexe \u00e0 base de fruits hautement concentr\u00e9 qui aurait \u00e9galement<\/span><span class=\"T57\">\u200b\u200b\u00a0some<\/span><span class=\"T58\">\u200b\u200b\u00a0<\/span><span class=\"T59\">beneficial effects on semen taste.\u200b\u200b\u00a0<\/span><\/p><p class=\"P60\"><span class=\"T61\">\u00c9corce de Catuaba<\/span><span class=\"T62\">- Herbe br\u00e9silienne qui renforce la libido et nourrit tout le m\u00e2le<\/span><span class=\"T63\">\u200b\u200b\u00a0<\/span><span class=\"T64\">reproductive system.\u200b\u200b\u00a0<\/span><\/p><p class=\"P65\">\u00a0<\/p><p class=\"P66\" style=\"text-align: center;\"><a title=\"\" href=\"https:\/\/www.naturesgiftforlife.com\/fr\/shop\/herbal-male-fertility-impotence\/?preview_id=3022&amp;preview_nonce=38b8d77e3d&amp;preview=true#buy\" target=\"_top\"><span class=\"T67\"><a class=\"buy\" href=\"#buy\"><strong>ALLER ACHETER MAINTENANT<\/strong><\/a><\/span><\/a><\/p><p class=\"P68\">\u00a0<\/p><p class=\"P69\"><span style=\"color: #000000;\"><span class=\"T70\">Yohimbe<\/span><span class=\"T71\">-<\/span><span class=\"T72\">African botanical with aphrodisiac qualities. It not only\u200b\u200b\u00a0<\/span><span class=\"T73\">augmente le sexe<\/span><span class=\"T74\">\u200b\u200b\u00a0<\/span><span class=\"T75\">performance et augmente le plaisir, il a \u00e9galement \u00e9t\u00e9 d\u00e9montr\u00e9 qu&#039;il aide \u00e0 augmenter l&#039;excitation sexuelle et le volume de sperme. Ceci est extr\u00eamement utile pour ceux qui souffrent d&#039;effets secondaires sexuels dus \u00e0 l&#039;impuissance psychologique ou \u00e0 d&#039;autres<\/span><span class=\"T76\">\u200b\u200b\u00a0<\/span><span class=\"T77\">probl\u00e8mes physiologiques. Oui<\/span><span class=\"T78\">Il a \u00e9t\u00e9 d\u00e9montr\u00e9 que ohimbe aide \u00e0 am\u00e9liorer l&#039;humeur g\u00e9n\u00e9rale, favorise la relaxation et aide naturellement \u00e0 diminuer l&#039;anxi\u00e9t\u00e9. Ce sont des probl\u00e8mes qui, en eux-m\u00eames, sont souvent une cause<\/span><span class=\"T79\">\u200b\u200b\u00a0<\/span><span class=\"T80\">des probl\u00e8mes sexuels et de la frustration. Plusieurs \u00e9tudes ont montr\u00e9 que le principe actif<\/span><span class=\"T81\">\u200b\u200b\u00a0of yohimbe (yohimbine) helps impotent men attain and sustain erections.<\/span><span class=\"T82\"><br \/><\/span><span class=\"T83\">Xanthoparmelia scabrosa<\/span><span class=\"T84\">-<\/span><span class=\"T85\">Useful for extending the duration of an erection, the seeds of\u200b\u200b\u00a0<\/span><span class=\"T86\">Xanthoparmelia scabrosa\u200b\u200b\u00a0<\/span><span class=\"T87\">sont utilis\u00e9s en Chine depuis plus de 1000 ans. Augmente le flux sanguin un<\/span><span class=\"T88\">d dilatation art\u00e9rielle de la r\u00e9gion g\u00e9nitale.<\/span><\/span><\/p><p class=\"P90\" style=\"text-align: center;\"><a class=\"buy\" href=\"#buy\"><strong>ALLER ACHETER MAINTENANT<\/strong><\/a><\/p><p class=\"P92\"><span class=\"T93\"><br \/><\/span><span style=\"color: #000000;\"><span class=\"T94\">Cela permet une production de sperme plus saine en raison du soutien nutritionnel ajout\u00e9. C&#039;est une source naturelle de pyrazalo pyrimidinone (un composant essentiel de la principale prescription medicatio<\/span><span class=\"T95\">ns pour l&#039;impuissance). Id\u00e9al pour raccourcir le temps de r\u00e9cup\u00e9ration entre les rencontres sexuelles.<\/span><span class=\"T96\"><br \/><\/span><span class=\"T97\">Muira Puamak<\/span><span class=\"T98\">-<\/span><span class=\"T99\">Brazilian herbal supports sexual performance and promotes the ability to attain and sustain a healthy erection. It promotes mental focus and supports the libido.\u200b\u200b\u00a0<\/span><span class=\"T100\">Cette plante est un exhausteur d&#039;\u00e9nergie naturel et un stimulateur sexuel.<\/span><\/span><\/p><p class=\"P101\">\u00a0<\/p><p class=\"P102\"><span class=\"T103\">PR\u00c9SENTATION:<\/span><span class=\"T104\">\u200b\u200b\u00a0box of 60 capsules<\/span><\/p><div class=\"dxoResponsiveTable\"><table class=\"Table105\"><colgroup><col class=\"TableColumn106\" data-colwidth=\"4.0111\" data-colwidthunits=\"in\" \/><col class=\"TableColumn107\" data-colwidth=\"1.3041\" data-colwidthunits=\"in\" \/><col class=\"TableColumn108\" data-colwidth=\"1.4833\" data-colwidthunits=\"in\" \/><\/colgroup><tbody><tr class=\"TableRow109\"><td class=\"TableCell110\"><p class=\"P111\"><span class=\"T112\">Une portion: 6 Dose par bo\u00eete: 1 0<\/span><\/p><\/td><td class=\"TableCell113\" colspan=\"2\"><p class=\"P114\">\u00a0<\/p><\/td><\/tr><tr class=\"TableRow115\"><td class=\"TableCell116\"><p class=\"P117\"><span class=\"T118\">Ingredients\u200b\u200b\u00a0<\/span><\/p><\/td><td class=\"TableCell119\"><p class=\"P120\"><span class=\"T121\">Amount per dose\u200b\u200b\u00a0<\/span><\/p><\/td><td class=\"TableCell122\"><p class=\"P123\"><span class=\"T124\">% valeurs quotidiennes<\/span><\/p><\/td><\/tr><tr class=\"TableRow125\"><td class=\"TableCell126\"><p class=\"P127\"><span class=\"T128\">Vitamin C (ascorbic acid)\u200b\u200b\u00a0<\/span><\/p><\/td><td class=\"TableCell129\"><p class=\"P130\"><span class=\"T131\">300 mg\u200b\u200b\u00a0<\/span><\/p><\/td><td class=\"TableCell132\"><p class=\"P133\"><span class=\"T134\">500%<\/span><\/p><\/td><\/tr><tr class=\"TableRow135\"><td class=\"TableCell136\"><p class=\"P137\"><span class=\"T138\">Vitamin E (di-alpha tocopheryl-acetate)\u200b\u200b\u00a0<\/span><\/p><\/td><td class=\"TableCell139\"><p class=\"P140\"><span class=\"T141\">150 IU\u200b\u200b\u00a0<\/span><\/p><\/td><td class=\"TableCell142\"><p class=\"P143\"><span class=\"T144\">500%<\/span><\/p><\/td><\/tr><tr class=\"TableRow145\"><td class=\"TableCell146\"><p class=\"P147\"><span class=\"T148\">Vitamin B6 (pyridoxine hydrochloride)\u200b\u200b\u00a0<\/span><\/p><\/td><td class=\"TableCell149\"><p class=\"P150\"><span class=\"T151\">2 mg\u200b\u200b\u00a0<\/span><\/p><\/td><td class=\"TableCell152\"><p class=\"P153\"><span class=\"T154\">1 00%<\/span><\/p><\/td><\/tr><tr class=\"TableRow155\"><td class=\"TableCell156\"><p class=\"P157\"><span class=\"T158\">Folate (folic acid)\u200b\u200b\u00a0<\/span><\/p><\/td><td class=\"TableCell159\"><p class=\"P160\"><span class=\"T161\">400 mcg\u200b\u200b\u00a0<\/span><\/p><\/td><td class=\"TableCell162\"><p class=\"P163\"><span class=\"T164\">1 00%<\/span><\/p><\/td><\/tr><tr class=\"TableRow165\"><td class=\"TableCell166\"><p class=\"P167\"><span class=\"T168\">Calcium (di-calcium phosphate)\u200b\u200b\u00a0<\/span><\/p><\/td><td class=\"TableCell169\"><p class=\"P170\"><span class=\"T171\">46 mg\u200b\u200b\u00a0<\/span><\/p><\/td><td class=\"TableCell172\"><p class=\"P173\"><span class=\"T174\">5%<\/span><\/p><\/td><\/tr><tr class=\"TableRow175\"><td class=\"TableCell176\"><p class=\"P177\"><span class=\"T178\">Phosphorus (di-calcium phosphate)\u200b\u200b\u00a0<\/span><\/p><\/td><td class=\"TableCell179\"><p class=\"P180\"><span class=\"T181\">36 mg\u200b\u200b\u00a0<\/span><\/p><\/td><td class=\"TableCell182\"><p class=\"P183\"><span class=\"T184\">4%<\/span><\/p><\/td><\/tr><tr class=\"TableRow185\"><td class=\"TableCell186\"><p class=\"P187\"><span class=\"T188\">Zinc (zinc oxide)\u200b\u200b\u00a0<\/span><\/p><\/td><td class=\"TableCell189\"><p class=\"P190\"><span class=\"T191\">30 mg\u200b\u200b\u00a0<\/span><\/p><\/td><td class=\"TableCell192\"><p class=\"P193\"><span class=\"T194\">200%<\/span><\/p><\/td><\/tr><tr class=\"TableRow195\"><td class=\"TableCell196\"><p class=\"P197\"><span class=\"T198\">L-carnitine fumarate\u200b\u200b\u00a0<\/span><\/p><\/td><td class=\"TableCell199\"><p class=\"P200\"><span class=\"T201\">4000 mg\u200b\u200b\u00a0<\/span><\/p><\/td><td class=\"TableCell202\"><p class=\"P203\"><span class=\"T204\">*<\/span><\/p><\/td><\/tr><tr class=\"TableRow205\"><td class=\"TableCell206\"><p class=\"P207\"><span class=\"T208\">Arginine (hydrochloride of l-arginine)\u200b\u200b\u00a0<\/span><\/p><\/td><td class=\"TableCell209\"><p class=\"P210\"><span class=\"T211\">1,500 mg\u200b\u200b\u00a0<\/span><\/p><\/td><td class=\"TableCell212\"><p class=\"P213\"><span class=\"T214\">*<\/span><\/p><\/td><\/tr><tr class=\"TableRow215\"><td class=\"TableCell216\"><p class=\"P217\"><span class=\"T218\">L-taurine\u200b\u200b\u00a0<\/span><\/p><\/td><td class=\"TableCell219\"><p class=\"P220\"><span class=\"T221\">1,000 mg\u200b\u200b\u00a0<\/span><\/p><\/td><td class=\"TableCell222\"><p class=\"P223\"><span class=\"T224\">*<\/span><\/p><\/td><\/tr><tr class=\"TableRow225\"><td class=\"TableCell226\"><p class=\"P227\"><span class=\"T228\">Pine bark (pinus massoniana bark)\u200b\u200b\u00a0<\/span><\/p><\/td><td class=\"TableCell229\"><p class=\"P230\"><span class=\"T231\">50 mg\u200b\u200b\u00a0<\/span><\/p><\/td><td class=\"TableCell232\"><p class=\"P233\"><span class=\"T234\">*<\/span><\/p><\/td><\/tr><tr class=\"TableRow235\"><td class=\"TableCell236\"><p class=\"P237\"><span class=\"T238\">Lycobeads (5% lycopene)\u200b\u200b\u00a0<\/span><\/p><\/td><td class=\"TableCell239\"><p class=\"P240\"><span class=\"T241\">1 0 mg\u200b\u200b\u00a0<\/span><\/p><\/td><td class=\"TableCell242\"><p class=\"P243\"><span class=\"T244\">*<\/span><\/p><\/td><\/tr><tr class=\"TableRow245\"><td class=\"TableCell246\"><p class=\"P247\"><span class=\"T248\">Autres ingr\u00e9dients: cellulose microcristalline, croscarmellose sodique, acide st\u00e9arique v\u00e9g\u00e9tal,<\/span><span class=\"T249\"><br \/><\/span><span class=\"T250\">st\u00e9arate de magn\u00e9sium v\u00e9g\u00e9tal et vernis pharmaceutique.<\/span><span class=\"T251\"><br \/><\/span><span class=\"T252\">Valeurs quotidiennes non \u00e9tablies<\/span><\/p><\/td><td class=\"TableCell253\">\u00a0<\/td><td class=\"TableCell255\">\u00a0<\/td><\/tr><\/tbody><\/table><\/div><p class=\"P257\">\u00a0<\/p><p class=\"P258\"><span class=\"T259\">\u00a0<\/span><\/p><p class=\"P260\">\u00a0<\/p><p class=\"P261\">\u00a0<\/p><\/div>\n\t\t\t\t<\/div>\n\t\t\t\t\t\t\t<div class=\"elementor-toggle-item\">\n\t\t\t\t\t<div id=\"elementor-tab-title-2102\" class=\"elementor-tab-title\" data-tab=\"2\" role=\"button\" aria-controls=\"elementor-tab-content-2102\" aria-expanded=\"false\">\n\t\t\t\t\t\t\t\t\t\t\t\t<span class=\"elementor-toggle-icon elementor-toggle-icon-left\" aria-hidden=\"true\">\n\t\t\t\t\t\t\t\t\t\t\t\t\t\t\t<span class=\"elementor-toggle-icon-closed\"><i class=\"far fa-caret-square-right\"><\/i><\/span>\n\t\t\t\t\t\t\t\t<span class=\"elementor-toggle-icon-opened\"><i class=\"elementor-toggle-icon-opened fas fa-caret-square-up\"><\/i><\/span>\n\t\t\t\t\t\t\t\t\t\t\t\t\t<\/span>\n\t\t\t\t\t\t\t\t\t\t\t\t<a class=\"elementor-toggle-title\" tabindex=\"0\">..<\/a>\n\t\t\t\t\t<\/div>\n\n\t\t\t\t\t<div id=\"elementor-tab-content-2102\" class=\"elementor-tab-content elementor-clearfix\" data-tab=\"2\" role=\"region\" aria-labelledby=\"elementor-tab-title-2102\"><\/div>\n\t\t\t\t<\/div>\n\t\t\t\t\t\t\t\t<\/div>\n\t\t\t\t\t\t<\/div>\n\t\t\t\t<\/div>\n\t\t\t\t\t<\/div>\n\t\t<\/div>\n\t\t\t\t\t<\/div>\n\t\t<\/section>\n\t\t\t\t<\/div>","protected":false},"excerpt":{"rendered":"<p>&nbsp;<\/p>\n<p>&nbsp;<\/p>\n<p><span style=\"text-decoration: underline; color: #3366ff;\"><strong>Avantages de ce produit pour la gastrite<\/strong><\/span><\/p>\n<ul>\n<li>Fertilit\u00e9 masculine \u00e0 base de plantes<\/li>\n<li><strong><strong><span style=\"font-family: go;\"><span class=\"fontstyle0\">Soutient le bon fonctionnement des organes sexuels masculins (prostate, v\u00e9sicules s\u00e9minales,<br \/>\ntesticules, p\u00e9nis) et production de spermatozo\u00efdes, motilit\u00e9 et sant\u00e9.<br \/>\n<\/span><\/span><\/strong><\/strong><\/li>\n<\/ul>\n<p><strong>\u00a0\u00a0\u00a0\u00a0\u00a0 &gt;&gt;&gt;<span style=\"font-family: go; font-size: 14pt;\"><a href=\"#more\"><span style=\"color: #0000ff;\">Lire la suite<\/span><\/a><\/span><\/strong><\/p>","protected":false},"featured_media":3025,"comment_status":"open","ping_status":"closed","template":"","meta":{"_bbp_topic_count":0,"_bbp_reply_count":0,"_bbp_total_topic_count":0,"_bbp_total_reply_count":0,"_bbp_voice_count":0,"_bbp_anonymous_reply_count":0,"_bbp_topic_count_hidden":0,"_bbp_reply_count_hidden":0,"_bbp_forum_subforum_count":0},"product_brand":[],"product_cat":[127],"product_tag":[],"class_list":{"0":"post-3022","1":"product","2":"type-product","3":"status-publish","4":"has-post-thumbnail","6":"product_cat-impotence","8":"first","9":"instock","10":"shipping-taxable","11":"purchasable","12":"product-type-bundle"},"bundled_by":[],"bundle_stock_status":"instock","bundle_stock_quantity":"","bundle_virtual":false,"bundle_layout":"default","bundle_add_to_cart_form_location":"default","bundle_editable_in_cart":false,"bundle_sold_individually_context":"product","bundle_item_grouping":"parent","bundle_min_size":"","bundle_max_size":"","bundled_items":[{"bundled_item_id":64,"product_id":8143,"menu_order":0,"quantity_min":1,"quantity_max":"","quantity_default":1,"priced_individually":false,"shipped_individually":false,"override_title":false,"title":"","override_description":false,"description":"","optional":true,"hide_thumbnail":false,"discount":"","override_variations":false,"allowed_variations":[],"override_default_variation_attributes":false,"default_variation_attributes":[],"single_product_visibility":"hidden","cart_visibility":"hidden","order_visibility":"visible","single_product_price_visibility":"visible","cart_price_visibility":"visible","order_price_visibility":"visible","stock_status":"out_of_stock"}],"bundle_sell_ids":[],"_links":{"self":[{"href":"https:\/\/www.naturesgiftforlife.com\/fr\/wp-json\/wp\/v2\/product\/3022","targetHints":{"allow":["GET"]}}],"collection":[{"href":"https:\/\/www.naturesgiftforlife.com\/fr\/wp-json\/wp\/v2\/product"}],"about":[{"href":"https:\/\/www.naturesgiftforlife.com\/fr\/wp-json\/wp\/v2\/types\/product"}],"replies":[{"embeddable":true,"href":"https:\/\/www.naturesgiftforlife.com\/fr\/wp-json\/wp\/v2\/comments?post=3022"}],"version-history":[{"count":0,"href":"https:\/\/www.naturesgiftforlife.com\/fr\/wp-json\/wp\/v2\/product\/3022\/revisions"}],"wp:featuredmedia":[{"embeddable":true,"href":"https:\/\/www.naturesgiftforlife.com\/fr\/wp-json\/wp\/v2\/media\/3025"}],"wp:attachment":[{"href":"https:\/\/www.naturesgiftforlife.com\/fr\/wp-json\/wp\/v2\/media?parent=3022"}],"wp:term":[{"taxonomy":"product_brand","embeddable":true,"href":"https:\/\/www.naturesgiftforlife.com\/fr\/wp-json\/wp\/v2\/product_brand?post=3022"},{"taxonomy":"product_cat","embeddable":true,"href":"https:\/\/www.naturesgiftforlife.com\/fr\/wp-json\/wp\/v2\/product_cat?post=3022"},{"taxonomy":"product_tag","embeddable":true,"href":"https:\/\/www.naturesgiftforlife.com\/fr\/wp-json\/wp\/v2\/product_tag?post=3022"}],"curies":[{"name":"wp","href":"https:\/\/api.w.org\/{rel}","templated":true}]}}