{"id":3010,"date":"2020-09-25T13:46:31","date_gmt":"2020-09-25T13:46:31","guid":{"rendered":"http:\/\/www.livehealthylivehappy.com\/new\/?post_type=product&#038;p=3010"},"modified":"2026-01-22T15:07:11","modified_gmt":"2026-01-22T15:07:11","slug":"staminex-impotence","status":"publish","type":"product","link":"https:\/\/www.naturesgiftforlife.com\/fr\/shop\/staminex-impotence\/","title":{"rendered":"Staminex (impuissance)"},"content":{"rendered":"<div data-elementor-type=\"wp-post\" data-elementor-id=\"3010\" class=\"elementor elementor-3010\">\n\t\t\t\t\t\t<section class=\"elementor-section elementor-top-section elementor-element elementor-element-74aa513 elementor-section-boxed elementor-section-height-default elementor-section-height-default\" data-id=\"74aa513\" data-element_type=\"section\" data-e-type=\"section\">\n\t\t\t\t\t\t<div class=\"elementor-container elementor-column-gap-default\">\n\t\t\t\t\t<div class=\"elementor-column elementor-col-100 elementor-top-column elementor-element elementor-element-29b257e\" data-id=\"29b257e\" data-element_type=\"column\" data-e-type=\"column\">\n\t\t\t<div class=\"elementor-widget-wrap elementor-element-populated\">\n\t\t\t\t\t\t<div class=\"elementor-element elementor-element-5a06f05 elementor-widget elementor-widget-html\" data-id=\"5a06f05\" data-element_type=\"widget\" data-e-type=\"widget\" data-widget_type=\"html.default\">\n\t\t\t\t<div class=\"elementor-widget-container\">\n\t\t\t\t\t<a name=\"more\"><\/a>\t\t\t\t<\/div>\n\t\t\t\t<\/div>\n\t\t\t\t<div class=\"elementor-element elementor-element-2aa6520 elementor-invisible elementor-widget elementor-widget-toggle\" data-id=\"2aa6520\" data-element_type=\"widget\" data-e-type=\"widget\" data-settings=\"{&quot;_animation&quot;:&quot;flash&quot;}\" data-widget_type=\"toggle.default\">\n\t\t\t\t<div class=\"elementor-widget-container\">\n\t\t\t\t\t\t\t<div class=\"elementor-toggle\">\n\t\t\t\t\t\t\t<div class=\"elementor-toggle-item\">\n\t\t\t\t\t<div id=\"elementor-tab-title-4471\" class=\"elementor-tab-title\" data-tab=\"1\" role=\"button\" aria-controls=\"elementor-tab-content-4471\" aria-expanded=\"false\">\n\t\t\t\t\t\t\t\t\t\t\t\t<span class=\"elementor-toggle-icon elementor-toggle-icon-left\" aria-hidden=\"true\">\n\t\t\t\t\t\t\t\t\t\t\t\t\t\t\t<span class=\"elementor-toggle-icon-closed\"><i class=\"far fa-caret-square-right\"><\/i><\/span>\n\t\t\t\t\t\t\t\t<span class=\"elementor-toggle-icon-opened\"><i class=\"elementor-toggle-icon-opened fas fa-caret-square-up\"><\/i><\/span>\n\t\t\t\t\t\t\t\t\t\t\t\t\t<\/span>\n\t\t\t\t\t\t\t\t\t\t\t\t<a class=\"elementor-toggle-title\" tabindex=\"0\"> Avantages de ce produit pour l&#039;impuissance\/faits de suppl\u00e9ment<\/a>\n\t\t\t\t\t<\/div>\n\n\t\t\t\t\t<div id=\"elementor-tab-content-4471\" class=\"elementor-tab-content elementor-clearfix\" data-tab=\"1\" role=\"region\" aria-labelledby=\"elementor-tab-title-4471\"><p class=\"P1\"><span style=\"color: #000000;\"><a href=\"https:\/\/www.naturesgiftforlife.com\/fr\/categorie-produit\/multi-vitamins-2\/\">Staminex<\/a> is a 100% natural blend of herbs and other actives formulated to promote sexual stamina and performance. This all-natural stimulant includes powerful\u200b\u200b\u00a0nutraceuticals to promote\u200b\u200b\u00a0peak experiences and enhance sexual pleasure. Staminex is a liquid shot <a href=\"https:\/\/livehealthylivehappy.com\/category\/menshealth\/\" target=\"_blank\" rel=\"noopener\">performance<\/a> enhancer and is sugar-free, fat-free and has 0 carbohydrates.\u200b\u200b\u00a0<\/span><\/p><p class=\"P7\"><span style=\"color: #000000;\"><span class=\"T8\">Id\u00e9al pour <a href=\"https:\/\/www.naturesgiftforlife.com\/fr\/categorie-produit\/mineral-supplements\/\">diab\u00e9tiques<\/a>! Staminex augmente rapidement le d\u00e9sir sexuel et le plaisir (chez les hommes et les femmes), maintai<\/span><span class=\"T9\">ns \u00e9rection correcte et durable chez l&#039;homme, et augmente l&#039;\u00e9nergie et l&#039;endurance. Staminex contient de l&#039;herbe de ch\u00e8vre corn\u00e9e (<\/span><span class=\"T10\">Epimedium sagitatum<\/span><span class=\"T11\">, root),\u200b\u200b\u00a0<\/span><span class=\"T12\">Tribulus terrestris\u200b\u200b\u00a0<\/span><span class=\"T13\">(fruit), caf\u00e9ine, bitartrate de DMAE (dim\u00e9thylamino\u00e9thanol) (naturel<\/span><span class=\"T14\">\u200b\u200b\u00a0<\/span><span class=\"T15\">grade),\u200b\u200b\u00a0<\/span><span class=\"T16\">Erythroxylum catuaba\u200b\u200b\u00a0<\/span><span class=\"T17\">(\u00e9corce), extrait d&#039;\u00e9corce de yohimbe (alcalo\u00efdes de yohimbine 8%), GABA (acide gamma amino butyrique), L-arginine, L-tyrosine et L-taurine<\/span><\/span><\/p><p class=\"P18\"><span style=\"color: #000000;\"><span class=\"T19\">PR\u00c9SENTATION:<\/span><span class=\"T20\">\u200b\u200b\u00a0<\/span><span class=\"T21\">a bottle containing 2 ounces or 60 ml of liquid solution with a lemon\u200b\u200b\u00a0<\/span><span class=\"T22\">saveur<\/span><span class=\"T23\">.<\/span><\/span><\/p><div class=\"dxoResponsiveTable\"><table class=\"Table25\" style=\"height: 679px;\" width=\"560\"><colgroup> <col class=\"TableColumn26\" data-colwidth=\"2.8236\" data-colwidthunits=\"in\" \/> <col class=\"TableColumn27\" data-colwidth=\"1.0291\" data-colwidthunits=\"in\" \/> <col class=\"TableColumn28\" data-colwidth=\"1.0333\" data-colwidthunits=\"in\" \/><\/colgroup><tbody><tr class=\"TableRow29\"><td class=\"TableCell30\" colspan=\"3\"><p class=\"P31\"><span style=\"color: #000000;\"><span class=\"T32\">Taille d&#039;une portion: 2 onces (60 ml) Dose par bo\u00eete: 1<\/span><span class=\"T33\">\u00a0<\/span><\/span><\/p><\/td><\/tr><tr class=\"TableRow34\"><td class=\"TableCell35\"><p class=\"P36\"><span class=\"T37\" style=\"color: #000000;\">Ingredients\u200b\u200b\u00a0<\/span><\/p><\/td><td class=\"TableCell38\"><p class=\"P39\"><span class=\"T40\" style=\"color: #000000;\">Quantity per serving\u200b\u200b\u00a0<\/span><\/p><\/td><td class=\"TableCell41\"><p class=\"P42\"><span class=\"T43\" style=\"color: #000000;\">Valeur quotidienne %<\/span><\/p><\/td><\/tr><tr class=\"TableRow44\"><td class=\"TableCell45\"><p class=\"P46\"><span class=\"T47\" style=\"color: #000000;\">Calories\u200b\u200b\u00a0<\/span><\/p><\/td><td class=\"TableCell48\"><p class=\"P49\"><span class=\"T50\" style=\"color: #000000;\">5\u200b\u200b\u00a0<\/span><\/p><\/td><td class=\"TableCell51\"><p class=\"P52\"><span class=\"T53\" style=\"color: #000000;\">*<\/span><\/p><\/td><\/tr><tr class=\"TableRow54\"><td class=\"TableCell55\"><p class=\"P56\"><span class=\"T57\" style=\"color: #000000;\">Fat calories\u200b\u200b\u00a0<\/span><\/p><\/td><td class=\"TableCell58\"><p class=\"P59\"><span class=\"T60\" style=\"color: #000000;\">0\u200b\u200b\u00a0<\/span><\/p><\/td><td class=\"TableCell61\"><p class=\"P62\"><span class=\"T63\" style=\"color: #000000;\">0<\/span><\/p><\/td><\/tr><tr class=\"TableRow64\"><td class=\"TableCell65\"><p class=\"P66\"><span class=\"T67\" style=\"color: #000000;\">Niacin\u200b\u200b\u00a0<\/span><\/p><\/td><td class=\"TableCell68\"><p class=\"P69\"><span class=\"T70\" style=\"color: #000000;\">1 5 mg\u200b\u200b\u00a0<\/span><\/p><\/td><td class=\"TableCell71\"><p class=\"P72\"><span class=\"T73\" style=\"color: #000000;\">75%<\/span><\/p><\/td><\/tr><tr class=\"TableRow74\"><td class=\"TableCell75\"><p class=\"P76\"><span class=\"T77\" style=\"color: #000000;\">Sodium\u200b\u200b\u00a0<\/span><\/p><\/td><td class=\"TableCell78\"><p class=\"P79\"><span class=\"T80\" style=\"color: #000000;\">5 mg\u200b\u200b\u00a0<\/span><\/p><\/td><td class=\"TableCell81\"><p class=\"P82\"><span class=\"T83\" style=\"color: #000000;\">1%<\/span><\/p><\/td><\/tr><tr class=\"TableRow84\"><td class=\"TableCell85\" colspan=\"3\"><p class=\"P86\"><span class=\"T87\" style=\"color: #000000;\">Ownership of complex mixture &#8212;&#8212;&#8212;&#8212;&#8212;&#8212;&#8212;&#8212;&#8212;&#8212;- 71 5 mg<\/span><\/p><p class=\"P88\"><span style=\"color: #000000;\"><span class=\"T89\">Ch\u00e8vre<\/span><span class=\"T90\">\u200b\u200b\u00a0grass root (Epimedium sagittatum), cross-of-the-cross fruit Malta (Tribulus terrestris), caffeine, DMAE (dimethylaminoethanol), bitartrate (natural quality), erythroxylum catuaba bark, extract Yohimbe bark (8% yohimbine alkaloids), GABA (gamma acid<\/span><span class=\"T91\">\u200b\u200b\u00a0<\/span><span class=\"T92\">Amino Butyric), L-Arginine, L-Tyrosine, L-Taurine.<\/span><span class=\"T93\"><br \/><\/span><span class=\"T94\">Autres ingr\u00e9dients:<\/span><span class=\"T95\">\u200b\u200b\u00a0purified water, natural and artificial aromas, sorbate de<\/span><span class=\"T96\"><br \/><\/span><span class=\"T97\">potassium, sucrallose and sodium benzoate (to preserve\u200b\u200b\u00a0<\/span><span class=\"T98\">fra\u00eecheur)<\/span><span class=\"T99\"><br \/><\/span><span class=\"T100\">Valeurs quotidiennes \u00e9tablies non \u00e9tablies.<\/span><\/span><\/p><\/td><\/tr><\/tbody><\/table><\/div><p class=\"P101\">\u00a0<\/p><\/div>\n\t\t\t\t<\/div>\n\t\t\t\t\t\t\t<div class=\"elementor-toggle-item\">\n\t\t\t\t\t<div id=\"elementor-tab-title-4472\" class=\"elementor-tab-title\" data-tab=\"2\" role=\"button\" aria-controls=\"elementor-tab-content-4472\" aria-expanded=\"false\">\n\t\t\t\t\t\t\t\t\t\t\t\t<span class=\"elementor-toggle-icon elementor-toggle-icon-left\" aria-hidden=\"true\">\n\t\t\t\t\t\t\t\t\t\t\t\t\t\t\t<span class=\"elementor-toggle-icon-closed\"><i class=\"far fa-caret-square-right\"><\/i><\/span>\n\t\t\t\t\t\t\t\t<span class=\"elementor-toggle-icon-opened\"><i class=\"elementor-toggle-icon-opened fas fa-caret-square-up\"><\/i><\/span>\n\t\t\t\t\t\t\t\t\t\t\t\t\t<\/span>\n\t\t\t\t\t\t\t\t\t\t\t\t<a class=\"elementor-toggle-title\" tabindex=\"0\">..<\/a>\n\t\t\t\t\t<\/div>\n\n\t\t\t\t\t<div id=\"elementor-tab-content-4472\" class=\"elementor-tab-content elementor-clearfix\" data-tab=\"2\" role=\"region\" aria-labelledby=\"elementor-tab-title-4472\"><\/div>\n\t\t\t\t<\/div>\n\t\t\t\t\t\t\t\t<\/div>\n\t\t\t\t\t\t<\/div>\n\t\t\t\t<\/div>\n\t\t\t\t\t<\/div>\n\t\t<\/div>\n\t\t\t\t\t<\/div>\n\t\t<\/section>\n\t\t\t\t<\/div>","protected":false},"excerpt":{"rendered":"<p><a name=\"buy\"><\/a><\/p>\n<p><span style=\"text-decoration: underline; color: #3366ff;\"><strong>Avantages de ce produit pour la gastrite<\/strong><\/span><\/p>\n<ul>\n<li><strong><strong><span style=\"font-family: go;\"><span class=\"fontstyle0\">100% m\u00e9lange naturel d&#039;herbes et d&#039;autres actifs formul\u00e9 pour favoriser l&#039;endurance sexuelle\u00a0<\/span><\/span><\/strong><\/strong><\/li>\n<li><strong><strong><span style=\"font-family: go;\"><span class=\"fontstyle0\">Comprend de puissants nutraceutiques pour promouvoir les exp\u00e9riences de pointe et am\u00e9liorer les relations sexuelles<br \/>\nplaisir<\/span><\/span><\/strong><\/strong><strong><span style=\"font-family: go;\"><span class=\"fontstyle0\"><br \/>\n<\/span><\/span><\/strong><\/li>\n<\/ul>\n<p><strong>\u00a0\u00a0\u00a0\u00a0\u00a0 &gt;&gt;&gt;<span style=\"font-family: go; font-size: 14pt;\"><a href=\"#more\"><span style=\"color: #0000ff;\">Lire la suite<\/span><\/a><\/span><\/strong><\/p>","protected":false},"featured_media":1664,"comment_status":"open","ping_status":"closed","template":"","meta":{"nf_dc_page":"","_bbp_topic_count":0,"_bbp_reply_count":0,"_bbp_total_topic_count":0,"_bbp_total_reply_count":0,"_bbp_voice_count":0,"_bbp_anonymous_reply_count":0,"_bbp_topic_count_hidden":0,"_bbp_reply_count_hidden":0,"_bbp_forum_subforum_count":0},"product_brand":[],"product_cat":[127],"product_tag":[],"class_list":{"0":"post-3010","1":"product","2":"type-product","3":"status-publish","4":"has-post-thumbnail","6":"product_cat-impotence","8":"first","9":"instock","10":"shipping-taxable","11":"purchasable","12":"product-type-bundle"},"bundled_by":[],"bundle_stock_status":"instock","bundle_stock_quantity":"","bundle_virtual":false,"bundle_layout":"default","bundle_add_to_cart_form_location":"default","bundle_editable_in_cart":false,"bundle_sold_individually_context":"product","bundle_item_grouping":"parent","bundle_min_size":"","bundle_max_size":"","bundled_items":[{"bundled_item_id":63,"product_id":545,"menu_order":0,"quantity_min":1,"quantity_max":"","quantity_default":1,"priced_individually":false,"shipped_individually":false,"override_title":false,"title":"","override_description":false,"description":"","optional":true,"hide_thumbnail":false,"discount":"","override_variations":false,"allowed_variations":[],"override_default_variation_attributes":false,"default_variation_attributes":[],"single_product_visibility":"hidden","cart_visibility":"hidden","order_visibility":"visible","single_product_price_visibility":"visible","cart_price_visibility":"visible","order_price_visibility":"visible","stock_status":"out_of_stock"}],"bundle_sell_ids":[],"_links":{"self":[{"href":"https:\/\/www.naturesgiftforlife.com\/fr\/wp-json\/wp\/v2\/product\/3010","targetHints":{"allow":["GET"]}}],"collection":[{"href":"https:\/\/www.naturesgiftforlife.com\/fr\/wp-json\/wp\/v2\/product"}],"about":[{"href":"https:\/\/www.naturesgiftforlife.com\/fr\/wp-json\/wp\/v2\/types\/product"}],"replies":[{"embeddable":true,"href":"https:\/\/www.naturesgiftforlife.com\/fr\/wp-json\/wp\/v2\/comments?post=3010"}],"version-history":[{"count":0,"href":"https:\/\/www.naturesgiftforlife.com\/fr\/wp-json\/wp\/v2\/product\/3010\/revisions"}],"wp:featuredmedia":[{"embeddable":true,"href":"https:\/\/www.naturesgiftforlife.com\/fr\/wp-json\/wp\/v2\/media\/1664"}],"wp:attachment":[{"href":"https:\/\/www.naturesgiftforlife.com\/fr\/wp-json\/wp\/v2\/media?parent=3010"}],"wp:term":[{"taxonomy":"product_brand","embeddable":true,"href":"https:\/\/www.naturesgiftforlife.com\/fr\/wp-json\/wp\/v2\/product_brand?post=3010"},{"taxonomy":"product_cat","embeddable":true,"href":"https:\/\/www.naturesgiftforlife.com\/fr\/wp-json\/wp\/v2\/product_cat?post=3010"},{"taxonomy":"product_tag","embeddable":true,"href":"https:\/\/www.naturesgiftforlife.com\/fr\/wp-json\/wp\/v2\/product_tag?post=3010"}],"curies":[{"name":"wp","href":"https:\/\/api.w.org\/{rel}","templated":true}]}}